{"id":35997,"date":"2019-05-09T10:37:49","date_gmt":"2019-05-09T09:37:49","guid":{"rendered":"http:\/\/eg-reeds.com\/shop\/non%20class\u00e9\/anche-hautbois-mayer\/"},"modified":"2019-05-09T20:23:25","modified_gmt":"2019-05-09T18:23:25","slug":"anche-hautbois-mayer","status":"publish","type":"product","link":"https:\/\/eg-reeds.com\/fr\/shop\/anches-pro\/anches-hautbois\/anche-hautbois-mayer\/","title":{"rendered":"Anche hautbois Mayer"},"content":{"rendered":"<h4><strong>Anche hautbois Mayer.<\/strong><\/h4>\n<p>Anche hautbois Mayer\u00a0est un anche de hautbois professionnel issu de l\u2019exp\u00e9rience des professionnels d\u2019EG-REEDS. Le taille-anche est Albrecht Mayer et le tube peut \u00eatre Guercio Albrecht Mayer 47 ou 46.<\/p>\n<p>Il suffit de choisir votre tube (47 ou 46), la duret\u00e9 et si vous voulez du fil de laiton ou non. Vous obtiendrez des anches de haute qualit\u00e9, avec un son sombre, un accordage stable et une \u00e9mission facile. Vos anches arriveront chez vous, pr\u00eates \u00e0 donner votre touche personnelle et \u00e0 jouer.<\/p>\n<p>Anche hautbois Mayer. Autres sp\u00e9cifications: Longueur de l&rsquo;anche termin\u00e9e &#8211; en relation avec le tube*. L<span style=\"font-size: 14.4px;\">ongueur du grattage<\/span> &#8211; entre 10 et 11mm.<\/p>\n<p><span style=\"font-size: 14.4px;\">* Longueur <\/span><span style=\"font-size: 14.4px;\">tube<\/span><span style=\"font-size: 14.4px;\">\u00a0&#8211; 47mm &#8212; Longueur <\/span><span style=\"font-size: 14.4px;\">anche<\/span><span style=\"font-size: 14.4px;\">\u00a0&#8211; 72mm.<\/span><\/p>\n<p>Longueur tube\u00a0&#8211; 46mm &#8212; Longueur anche\u00a0&#8211; 71mm.<\/p>\n","protected":false},"excerpt":{"rendered":"<p>Anche hautbois Mayer. Anche hautbois Mayer\u00a0est un anche de hautbois professionnel issu de l\u2019exp\u00e9rience des professionnels d\u2019EG-REEDS. Le taille-anche est Albrecht Mayer et le tube peut \u00eatre Guercio Albrecht Mayer 47 ou 46. Il suffit de choisir votre tube (47 ou 46), la duret\u00e9 et si vous voulez du fil de laiton ou non. Vous [&#8230;]\n","protected":false},"featured_media":35702,"comment_status":"open","ping_status":"closed","template":"","meta":[],"product_brand":[],"product_cat":[417,410],"product_tag":[],"giftcard-category":[],"class_list":{"0":"post-35997","1":"product","2":"type-product","3":"status-publish","4":"has-post-thumbnail","6":"product_cat-anches-hautbois","7":"product_cat-anches-pro","8":"pa_brass-wire-non-fr","9":"pa_brass-wire-oui","10":"pa_staple-mayer-46-fr","11":"pa_staple-mayer-47-fr","13":"first","14":"instock","15":"featured","16":"taxable","17":"shipping-taxable","18":"purchasable","19":"product-type-variable","20":"has-default-attributes"},"yoast_head":"<!-- This site is optimized with the Yoast SEO Premium plugin v27.0 (Yoast SEO v27.4) - https:\/\/yoast.com\/product\/yoast-seo-premium-wordpress\/ -->\n<title>Anche hautbois Mayer - EG-REEDS<\/title>\n<meta name=\"description\" content=\"Anche hautbois Mayer\u00a0est un anche de hautbois professionnel issu de l\u2019exp\u00e9rience des professionnels d\u2019EG-REEDS. Taille-anche Albrecht Mayer et tube Mayer.\" \/>\n<meta name=\"robots\" content=\"index, follow, max-snippet:-1, max-image-preview:large, max-video-preview:-1\" \/>\n<link rel=\"canonical\" href=\"https:\/\/eg-reeds.com\/fr\/shop\/anches-pro\/anches-hautbois\/anche-hautbois-mayer\/\" \/>\n<meta property=\"og:locale\" content=\"fr_FR\" \/>\n<meta property=\"og:type\" content=\"article\" \/>\n<meta property=\"og:title\" content=\"Anche hautbois Mayer\" \/>\n<meta property=\"og:description\" content=\"Anche hautbois Mayer\u00a0est un anche de hautbois professionnel issu de l\u2019exp\u00e9rience des professionnels d\u2019EG-REEDS. Taille-anche Albrecht Mayer et tube Mayer.\" \/>\n<meta property=\"og:url\" content=\"https:\/\/eg-reeds.com\/fr\/shop\/anches-pro\/anches-hautbois\/anche-hautbois-mayer\/\" \/>\n<meta property=\"og:site_name\" content=\"EG-REEDS\" \/>\n<meta property=\"article:publisher\" content=\"https:\/\/www.facebook.com\/EGREEDS\" \/>\n<meta property=\"article:modified_time\" content=\"2019-05-09T18:23:25+00:00\" \/>\n<meta property=\"og:image\" content=\"https:\/\/eg-reeds.com\/wp-content\/uploads\/2019\/05\/Oboe-reed-mayer.jpg\" \/>\n\t<meta property=\"og:image:width\" content=\"1280\" \/>\n\t<meta property=\"og:image:height\" content=\"1088\" \/>\n\t<meta property=\"og:image:type\" content=\"image\/jpeg\" \/>\n<meta name=\"twitter:card\" content=\"summary_large_image\" \/>\n<meta name=\"twitter:site\" content=\"@egreeds\" \/>\n<meta name=\"twitter:label1\" content=\"Disponibilit\u00e9\" \/>\n\t<meta name=\"twitter:data1\" content=\"En stock\" \/>\n<script type=\"application\/ld+json\" class=\"yoast-schema-graph\">{\"@context\":\"https:\\\/\\\/schema.org\",\"@graph\":[{\"@type\":[\"WebPage\",\"ItemPage\"],\"@id\":\"https:\\\/\\\/eg-reeds.com\\\/fr\\\/shop\\\/anches-pro\\\/anches-hautbois\\\/anche-hautbois-mayer\\\/\",\"url\":\"https:\\\/\\\/eg-reeds.com\\\/fr\\\/shop\\\/anches-pro\\\/anches-hautbois\\\/anche-hautbois-mayer\\\/\",\"name\":\"Anche hautbois Mayer - EG-REEDS\",\"isPartOf\":{\"@id\":\"https:\\\/\\\/eg-reeds.com\\\/fr\\\/#website\"},\"primaryImageOfPage\":{\"@id\":\"https:\\\/\\\/eg-reeds.com\\\/fr\\\/shop\\\/anches-pro\\\/anches-hautbois\\\/anche-hautbois-mayer\\\/#primaryimage\"},\"image\":{\"@id\":\"https:\\\/\\\/eg-reeds.com\\\/fr\\\/shop\\\/anches-pro\\\/anches-hautbois\\\/anche-hautbois-mayer\\\/#primaryimage\"},\"thumbnailUrl\":\"https:\\\/\\\/eg-reeds.com\\\/wp-content\\\/uploads\\\/2019\\\/05\\\/Oboe-reed-mayer.jpg\",\"datePublished\":\"2019-05-09T09:37:49+00:00\",\"dateModified\":\"2019-05-09T18:23:25+00:00\",\"description\":\"Anche hautbois Mayer\u00a0est un anche de hautbois professionnel issu de l\u2019exp\u00e9rience des professionnels d\u2019EG-REEDS. Taille-anche Albrecht Mayer et tube Mayer.\",\"breadcrumb\":{\"@id\":\"https:\\\/\\\/eg-reeds.com\\\/fr\\\/shop\\\/anches-pro\\\/anches-hautbois\\\/anche-hautbois-mayer\\\/#breadcrumb\"},\"inLanguage\":\"fr-FR\",\"potentialAction\":[{\"@type\":\"ReadAction\",\"target\":[\"https:\\\/\\\/eg-reeds.com\\\/fr\\\/shop\\\/anches-pro\\\/anches-hautbois\\\/anche-hautbois-mayer\\\/\"]}]},{\"@type\":\"ImageObject\",\"inLanguage\":\"fr-FR\",\"@id\":\"https:\\\/\\\/eg-reeds.com\\\/fr\\\/shop\\\/anches-pro\\\/anches-hautbois\\\/anche-hautbois-mayer\\\/#primaryimage\",\"url\":\"https:\\\/\\\/eg-reeds.com\\\/wp-content\\\/uploads\\\/2019\\\/05\\\/Oboe-reed-mayer.jpg\",\"contentUrl\":\"https:\\\/\\\/eg-reeds.com\\\/wp-content\\\/uploads\\\/2019\\\/05\\\/Oboe-reed-mayer.jpg\",\"width\":1280,\"height\":1088,\"caption\":\"Anche hautbois Mayer professionnel\"},{\"@type\":\"BreadcrumbList\",\"@id\":\"https:\\\/\\\/eg-reeds.com\\\/fr\\\/shop\\\/anches-pro\\\/anches-hautbois\\\/anche-hautbois-mayer\\\/#breadcrumb\",\"itemListElement\":[{\"@type\":\"ListItem\",\"position\":1,\"name\":\"Accueil\",\"item\":\"https:\\\/\\\/eg-reeds.com\\\/fr\\\/\"},{\"@type\":\"ListItem\",\"position\":2,\"name\":\"Boutique\",\"item\":\"https:\\\/\\\/eg-reeds.com\\\/fr\\\/\"},{\"@type\":\"ListItem\",\"position\":3,\"name\":\"Anche hautbois Mayer\"}]},{\"@type\":\"WebSite\",\"@id\":\"https:\\\/\\\/eg-reeds.com\\\/fr\\\/#website\",\"url\":\"https:\\\/\\\/eg-reeds.com\\\/fr\\\/\",\"name\":\"www.eg-reeds.com\",\"description\":\"Anches hautbois\",\"publisher\":{\"@id\":\"https:\\\/\\\/eg-reeds.com\\\/fr\\\/#organization\"},\"alternateName\":\"eg-reeds.com\",\"potentialAction\":[{\"@type\":\"SearchAction\",\"target\":{\"@type\":\"EntryPoint\",\"urlTemplate\":\"https:\\\/\\\/eg-reeds.com\\\/fr\\\/?s={search_term_string}\"},\"query-input\":{\"@type\":\"PropertyValueSpecification\",\"valueRequired\":true,\"valueName\":\"search_term_string\"}}],\"inLanguage\":\"fr-FR\"},{\"@type\":\"Organization\",\"@id\":\"https:\\\/\\\/eg-reeds.com\\\/fr\\\/#organization\",\"name\":\"www.eg-reeds.com\",\"url\":\"https:\\\/\\\/eg-reeds.com\\\/fr\\\/\",\"logo\":{\"@type\":\"ImageObject\",\"inLanguage\":\"fr-FR\",\"@id\":\"https:\\\/\\\/eg-reeds.com\\\/fr\\\/#\\\/schema\\\/logo\\\/image\\\/\",\"url\":\"https:\\\/\\\/eg-reeds.com\\\/wp-content\\\/uploads\\\/2024\\\/06\\\/Logo-scaled-e1718793906611.jpg\",\"contentUrl\":\"https:\\\/\\\/eg-reeds.com\\\/wp-content\\\/uploads\\\/2024\\\/06\\\/Logo-scaled-e1718793906611.jpg\",\"width\":1200,\"height\":493,\"caption\":\"www.eg-reeds.com\"},\"image\":{\"@id\":\"https:\\\/\\\/eg-reeds.com\\\/fr\\\/#\\\/schema\\\/logo\\\/image\\\/\"},\"sameAs\":[\"https:\\\/\\\/www.facebook.com\\\/EGREEDS\",\"https:\\\/\\\/x.com\\\/egreeds\",\"https:\\\/\\\/www.instagram.com\\\/egreeds\\\/\",\"https:\\\/\\\/www.youtube.com\\\/c\\\/EGREEDS\",\"https:\\\/\\\/www.threads.net\\\/@egreeds\",\"https:\\\/\\\/www.tiktok.com\\\/@egreeds\"]}]}<\/script>\n<meta property=\"og:availability\" content=\"instock\" \/>\n<meta property=\"product:availability\" content=\"instock\" \/>\n<meta property=\"product:retailer_item_id\" content=\"CPOB-Mayer\" \/>\n<meta property=\"product:condition\" content=\"new\" \/>\n<!-- \/ Yoast SEO Premium plugin. -->","yoast_head_json":{"title":"Anche hautbois Mayer - EG-REEDS","description":"Anche hautbois Mayer\u00a0est un anche de hautbois professionnel issu de l\u2019exp\u00e9rience des professionnels d\u2019EG-REEDS. Taille-anche Albrecht Mayer et tube Mayer.","robots":{"index":"index","follow":"follow","max-snippet":"max-snippet:-1","max-image-preview":"max-image-preview:large","max-video-preview":"max-video-preview:-1"},"canonical":"https:\/\/eg-reeds.com\/fr\/shop\/anches-pro\/anches-hautbois\/anche-hautbois-mayer\/","og_locale":"fr_FR","og_type":"article","og_title":"Anche hautbois Mayer","og_description":"Anche hautbois Mayer\u00a0est un anche de hautbois professionnel issu de l\u2019exp\u00e9rience des professionnels d\u2019EG-REEDS. Taille-anche Albrecht Mayer et tube Mayer.","og_url":"https:\/\/eg-reeds.com\/fr\/shop\/anches-pro\/anches-hautbois\/anche-hautbois-mayer\/","og_site_name":"EG-REEDS","article_publisher":"https:\/\/www.facebook.com\/EGREEDS","article_modified_time":"2019-05-09T18:23:25+00:00","og_image":[{"width":1280,"height":1088,"url":"https:\/\/eg-reeds.com\/wp-content\/uploads\/2019\/05\/Oboe-reed-mayer.jpg","type":"image\/jpeg"}],"twitter_card":"summary_large_image","twitter_site":"@egreeds","twitter_misc":{"Disponibilit\u00e9":"En stock"},"schema":{"@context":"https:\/\/schema.org","@graph":[{"@type":["WebPage","ItemPage"],"@id":"https:\/\/eg-reeds.com\/fr\/shop\/anches-pro\/anches-hautbois\/anche-hautbois-mayer\/","url":"https:\/\/eg-reeds.com\/fr\/shop\/anches-pro\/anches-hautbois\/anche-hautbois-mayer\/","name":"Anche hautbois Mayer - EG-REEDS","isPartOf":{"@id":"https:\/\/eg-reeds.com\/fr\/#website"},"primaryImageOfPage":{"@id":"https:\/\/eg-reeds.com\/fr\/shop\/anches-pro\/anches-hautbois\/anche-hautbois-mayer\/#primaryimage"},"image":{"@id":"https:\/\/eg-reeds.com\/fr\/shop\/anches-pro\/anches-hautbois\/anche-hautbois-mayer\/#primaryimage"},"thumbnailUrl":"https:\/\/eg-reeds.com\/wp-content\/uploads\/2019\/05\/Oboe-reed-mayer.jpg","datePublished":"2019-05-09T09:37:49+00:00","dateModified":"2019-05-09T18:23:25+00:00","description":"Anche hautbois Mayer\u00a0est un anche de hautbois professionnel issu de l\u2019exp\u00e9rience des professionnels d\u2019EG-REEDS. Taille-anche Albrecht Mayer et tube Mayer.","breadcrumb":{"@id":"https:\/\/eg-reeds.com\/fr\/shop\/anches-pro\/anches-hautbois\/anche-hautbois-mayer\/#breadcrumb"},"inLanguage":"fr-FR","potentialAction":[{"@type":"ReadAction","target":["https:\/\/eg-reeds.com\/fr\/shop\/anches-pro\/anches-hautbois\/anche-hautbois-mayer\/"]}]},{"@type":"ImageObject","inLanguage":"fr-FR","@id":"https:\/\/eg-reeds.com\/fr\/shop\/anches-pro\/anches-hautbois\/anche-hautbois-mayer\/#primaryimage","url":"https:\/\/eg-reeds.com\/wp-content\/uploads\/2019\/05\/Oboe-reed-mayer.jpg","contentUrl":"https:\/\/eg-reeds.com\/wp-content\/uploads\/2019\/05\/Oboe-reed-mayer.jpg","width":1280,"height":1088,"caption":"Anche hautbois Mayer professionnel"},{"@type":"BreadcrumbList","@id":"https:\/\/eg-reeds.com\/fr\/shop\/anches-pro\/anches-hautbois\/anche-hautbois-mayer\/#breadcrumb","itemListElement":[{"@type":"ListItem","position":1,"name":"Accueil","item":"https:\/\/eg-reeds.com\/fr\/"},{"@type":"ListItem","position":2,"name":"Boutique","item":"https:\/\/eg-reeds.com\/fr\/"},{"@type":"ListItem","position":3,"name":"Anche hautbois Mayer"}]},{"@type":"WebSite","@id":"https:\/\/eg-reeds.com\/fr\/#website","url":"https:\/\/eg-reeds.com\/fr\/","name":"www.eg-reeds.com","description":"Anches hautbois","publisher":{"@id":"https:\/\/eg-reeds.com\/fr\/#organization"},"alternateName":"eg-reeds.com","potentialAction":[{"@type":"SearchAction","target":{"@type":"EntryPoint","urlTemplate":"https:\/\/eg-reeds.com\/fr\/?s={search_term_string}"},"query-input":{"@type":"PropertyValueSpecification","valueRequired":true,"valueName":"search_term_string"}}],"inLanguage":"fr-FR"},{"@type":"Organization","@id":"https:\/\/eg-reeds.com\/fr\/#organization","name":"www.eg-reeds.com","url":"https:\/\/eg-reeds.com\/fr\/","logo":{"@type":"ImageObject","inLanguage":"fr-FR","@id":"https:\/\/eg-reeds.com\/fr\/#\/schema\/logo\/image\/","url":"https:\/\/eg-reeds.com\/wp-content\/uploads\/2024\/06\/Logo-scaled-e1718793906611.jpg","contentUrl":"https:\/\/eg-reeds.com\/wp-content\/uploads\/2024\/06\/Logo-scaled-e1718793906611.jpg","width":1200,"height":493,"caption":"www.eg-reeds.com"},"image":{"@id":"https:\/\/eg-reeds.com\/fr\/#\/schema\/logo\/image\/"},"sameAs":["https:\/\/www.facebook.com\/EGREEDS","https:\/\/x.com\/egreeds","https:\/\/www.instagram.com\/egreeds\/","https:\/\/www.youtube.com\/c\/EGREEDS","https:\/\/www.threads.net\/@egreeds","https:\/\/www.tiktok.com\/@egreeds"]}]},"og_availability":"instock","product_availability":"instock","product_retailer_item_id":"CPOB-Mayer","product_condition":"new"},"_links":{"self":[{"href":"https:\/\/eg-reeds.com\/fr\/wp-json\/wp\/v2\/product\/35997","targetHints":{"allow":["GET"]}}],"collection":[{"href":"https:\/\/eg-reeds.com\/fr\/wp-json\/wp\/v2\/product"}],"about":[{"href":"https:\/\/eg-reeds.com\/fr\/wp-json\/wp\/v2\/types\/product"}],"replies":[{"embeddable":true,"href":"https:\/\/eg-reeds.com\/fr\/wp-json\/wp\/v2\/comments?post=35997"}],"wp:featuredmedia":[{"embeddable":true,"href":"https:\/\/eg-reeds.com\/fr\/wp-json\/wp\/v2\/media\/35702"}],"wp:attachment":[{"href":"https:\/\/eg-reeds.com\/fr\/wp-json\/wp\/v2\/media?parent=35997"}],"wp:term":[{"taxonomy":"product_brand","embeddable":true,"href":"https:\/\/eg-reeds.com\/fr\/wp-json\/wp\/v2\/product_brand?post=35997"},{"taxonomy":"product_cat","embeddable":true,"href":"https:\/\/eg-reeds.com\/fr\/wp-json\/wp\/v2\/product_cat?post=35997"},{"taxonomy":"product_tag","embeddable":true,"href":"https:\/\/eg-reeds.com\/fr\/wp-json\/wp\/v2\/product_tag?post=35997"},{"taxonomy":"giftcard-category","embeddable":true,"href":"https:\/\/eg-reeds.com\/fr\/wp-json\/wp\/v2\/giftcard-category?post=35997"}],"curies":[{"name":"wp","href":"https:\/\/api.w.org\/{rel}","templated":true}]}}