{"id":36026,"date":"2018-11-20T18:59:32","date_gmt":"2018-11-20T16:59:32","guid":{"rendered":"http:\/\/eg-reeds.com\/shop\/non class\u00e9\/quatuors-hautbois-cordes-isaac-albeniz\/"},"modified":"2020-02-05T18:42:25","modified_gmt":"2020-02-05T17:42:25","slug":"quatuors-hautbois-cordes-isaac-albeniz","status":"publish","type":"product","link":"https:\/\/eg-reeds.com\/fr\/shop\/partitions-de-musique\/quatuors-hautbois-cordes-isaac-albeniz\/","title":{"rendered":"Quatuors pour hautbois et cordes &#8211; Isaac Albeniz"},"content":{"rendered":"<h4><strong>Quatuors pour hautbois et cordes &#8211; Isaac Albeniz.\u00a0<\/strong><\/h4>\n<p>Quatuors pour hautbois et cordes &#8211; Isaac Albeniz.<\/p>\n<p><strong>Tango.\u00a0<\/strong><\/p>\n<p>Op. 165 n\u00ba 2 from the suite \u00ab\u00a0Espa\u00f1a\u00a0\u00bb.<\/p>\n<p><strong>C\u00f3rdoba.<\/strong><\/p>\n<p>Op. 232 n\u00ba 4 from \u00ab\u00a0Chants d&rsquo;Espagne\u00a0\u00bb.<\/p>\n<p>Arrang\u00e9 par Jos\u00e9 Colom\u00e9 pour hautbois, violon, alto et violoncelle.<\/p>\n<p>Editeur: Kadel Music.<\/p>\n<p>CD:<\/p>\n<div class=\"woocommerce \"><div class=\"products row row-small large-columns-3 medium-columns-2 small-columns-2 has-equal-box-heights\">\n<div class=\"product-small col has-hover product type-product post-33598 status-publish first instock product_cat-cd-disques has-post-thumbnail taxable shipping-taxable purchasable product-type-simple\">\n\t<div class=\"col-inner\">\n\t\n<div class=\"badge-container absolute left top z-1\">\n\n<\/div>\n\t<div class=\"product-small box \">\n\t\t<div class=\"box-image\">\n\t\t\t<div class=\"image-fade_in_back\">\n\t\t\t\t<a href=\"https:\/\/eg-reeds.com\/fr\/shop\/cd-disques\/quatuors-pour-hautbois-et-cordes-cuarteto-emispherio\/\">\n\t\t\t\t\t<img loading=\"lazy\" decoding=\"async\" width=\"800\" height=\"800\" src=\"https:\/\/eg-reeds.com\/wp-content\/uploads\/2018\/10\/Quartets-for-Oboe-and-Strings-by-Cuarteto-Emispherio-1024x1024.jpg\" class=\"attachment-woocommerce_thumbnail size-woocommerce_thumbnail\" alt=\"Quatuors pour hautbois et cordes - Cuarteto Emispherio\" srcset=\"https:\/\/eg-reeds.com\/wp-content\/uploads\/2018\/10\/Quartets-for-Oboe-and-Strings-by-Cuarteto-Emispherio-1024x1024.jpg 1024w, https:\/\/eg-reeds.com\/wp-content\/uploads\/2018\/10\/Quartets-for-Oboe-and-Strings-by-Cuarteto-Emispherio-600x600.jpg 600w, https:\/\/eg-reeds.com\/wp-content\/uploads\/2018\/10\/Quartets-for-Oboe-and-Strings-by-Cuarteto-Emispherio-100x100.jpg 100w, https:\/\/eg-reeds.com\/wp-content\/uploads\/2018\/10\/Quartets-for-Oboe-and-Strings-by-Cuarteto-Emispherio-300x300.jpg 300w, https:\/\/eg-reeds.com\/wp-content\/uploads\/2018\/10\/Quartets-for-Oboe-and-Strings-by-Cuarteto-Emispherio-768x768.jpg 768w, https:\/\/eg-reeds.com\/wp-content\/uploads\/2018\/10\/Quartets-for-Oboe-and-Strings-by-Cuarteto-Emispherio-337x337.jpg 337w, https:\/\/eg-reeds.com\/wp-content\/uploads\/2018\/10\/Quartets-for-Oboe-and-Strings-by-Cuarteto-Emispherio-510x510.jpg 510w, https:\/\/eg-reeds.com\/wp-content\/uploads\/2018\/10\/Quartets-for-Oboe-and-Strings-by-Cuarteto-Emispherio.jpg 1412w\" sizes=\"auto, (max-width: 800px) 100vw, 800px\" \/><img loading=\"lazy\" decoding=\"async\" width=\"800\" height=\"800\" src=\"https:\/\/eg-reeds.com\/wp-content\/uploads\/2018\/10\/Quartets-for-Oboe-and-Strings-by-Cuarteto-Emispherio-2-800x800.jpg\" class=\"show-on-hover absolute fill hide-for-small back-image\" alt=\"Quatuors pour hautbois et cordes Sarah Roper\" aria-hidden=\"true\" srcset=\"https:\/\/eg-reeds.com\/wp-content\/uploads\/2018\/10\/Quartets-for-Oboe-and-Strings-by-Cuarteto-Emispherio-2-800x800.jpg 800w, https:\/\/eg-reeds.com\/wp-content\/uploads\/2018\/10\/Quartets-for-Oboe-and-Strings-by-Cuarteto-Emispherio-2-100x100.jpg 100w, https:\/\/eg-reeds.com\/wp-content\/uploads\/2018\/10\/Quartets-for-Oboe-and-Strings-by-Cuarteto-Emispherio-2-300x300.jpg 300w, https:\/\/eg-reeds.com\/wp-content\/uploads\/2018\/10\/Quartets-for-Oboe-and-Strings-by-Cuarteto-Emispherio-2-337x337.jpg 337w\" sizes=\"auto, (max-width: 800px) 100vw, 800px\" \/>\t\t\t\t<\/a>\n\t\t\t<\/div>\n\t\t\t<div class=\"image-tools is-small top right show-on-hover\">\n\t\t\t\t\t\t\t<\/div>\n\t\t\t<div class=\"image-tools is-small hide-for-small bottom left show-on-hover\">\n\t\t\t\t\t\t\t<\/div>\n\t\t\t<div class=\"image-tools grid-tools text-center hide-for-small bottom hover-slide-in show-on-hover\">\n\t\t\t\t<a href=\"\/fr\/wp-json\/wp\/v2\/product\/36026?add-to-cart=33598\" aria-describedby=\"woocommerce_loop_add_to_cart_link_describedby_33598\" data-quantity=\"1\" class=\"add-to-cart-grid no-padding is-transparent product_type_simple add_to_cart_button ajax_add_to_cart\" data-product_id=\"33598\" data-product_sku=\"CDEmispherio\" aria-label=\"Ajouter au panier\u00a0: &ldquo;Quatuors pour hautbois et cordes - Cuarteto Emispherio&rdquo;\" rel=\"nofollow\" data-success_message=\"\u00ab\u00a0Quatuors pour hautbois et cordes - Cuarteto Emispherio\u00a0\u00bb a \u00e9t\u00e9 ajout\u00e9 \u00e0 votre panier\" role=\"button\"><div class=\"cart-icon tooltip is-small\" title=\"Ajouter au panier\"><strong>+<\/strong><\/div><\/a>\t<span id=\"woocommerce_loop_add_to_cart_link_describedby_33598\" class=\"screen-reader-text\">\n\t\t\t<\/span>\n\t\t\t<\/div>\n\t\t\t\t\t<\/div>\n\n\t\t<div class=\"box-text box-text-products text-center grid-style-2\">\n\t\t\t<div class=\"title-wrapper\"><p class=\"name product-title woocommerce-loop-product__title\"><a href=\"https:\/\/eg-reeds.com\/fr\/shop\/cd-disques\/quatuors-pour-hautbois-et-cordes-cuarteto-emispherio\/\" class=\"woocommerce-LoopProduct-link woocommerce-loop-product__link\">Quatuors pour hautbois et cordes &#8211; Cuarteto Emispherio<\/a><\/p><\/div><div class=\"price-wrapper\">\n\t<span class=\"price\"><span class='ywcrbp_regular_price'> <span class=\"woocommerce-Price-amount amount\"><bdi>14,95<span class=\"woocommerce-Price-currencySymbol\">&euro;<\/span><\/bdi><\/span><\/span> <\/span>\n<\/div>\t\t<\/div>\n\t<\/div>\n\t\t<\/div>\n<\/div><\/div><!-- row -->\n<\/div>\n","protected":false},"excerpt":{"rendered":"<p>Quatuors pour hautbois et cordes &#8211; Isaac Albeniz.\u00a0 Quatuors pour hautbois et cordes &#8211; Isaac Albeniz. Tango.\u00a0 Op. 165 n\u00ba 2 from the suite \u00ab\u00a0Espa\u00f1a\u00a0\u00bb. C\u00f3rdoba. Op. 232 n\u00ba 4 from \u00ab\u00a0Chants d&rsquo;Espagne\u00a0\u00bb. Arrang\u00e9 par Jos\u00e9 Colom\u00e9 pour hautbois, violon, alto et violoncelle. Editeur: Kadel Music. CD:<\/p>\n","protected":false},"featured_media":34118,"comment_status":"open","ping_status":"closed","template":"","meta":[],"product_brand":[],"product_cat":[3800],"product_tag":[],"giftcard-category":[],"class_list":{"0":"post-36026","1":"product","2":"type-product","3":"status-publish","4":"has-post-thumbnail","6":"product_cat-partitions-de-musique","8":"first","9":"outofstock","10":"taxable","11":"shipping-taxable","12":"purchasable","13":"product-type-simple"},"yoast_head":"<!-- This site is optimized with the Yoast SEO Premium plugin v27.0 (Yoast SEO v27.4) - https:\/\/yoast.com\/product\/yoast-seo-premium-wordpress\/ -->\n<title>Quatuors pour hautbois et cordes - Isaac Albeniz - EG-REEDS<\/title>\n<meta name=\"description\" content=\"Quatuors pour hautbois et cordes - Isaac Albeniz. Arrang\u00e9 par Jos\u00e9 Colom\u00e9 pour hautbois, violon, alto et violoncelle.\" \/>\n<meta name=\"robots\" content=\"index, follow, max-snippet:-1, max-image-preview:large, max-video-preview:-1\" \/>\n<link rel=\"canonical\" href=\"https:\/\/eg-reeds.com\/fr\/shop\/partitions-de-musique\/quatuors-hautbois-cordes-isaac-albeniz\/\" \/>\n<meta property=\"og:locale\" content=\"fr_FR\" \/>\n<meta property=\"og:type\" content=\"article\" \/>\n<meta property=\"og:title\" content=\"Quatuors pour hautbois et cordes - Isaac Albeniz\" \/>\n<meta property=\"og:description\" content=\"Quatuors pour hautbois et cordes - Isaac Albeniz. Arrang\u00e9 par Jos\u00e9 Colom\u00e9 pour hautbois, violon, alto et violoncelle.\" \/>\n<meta property=\"og:url\" content=\"https:\/\/eg-reeds.com\/fr\/shop\/partitions-de-musique\/quatuors-hautbois-cordes-isaac-albeniz\/\" \/>\n<meta property=\"og:site_name\" content=\"EG-REEDS\" \/>\n<meta property=\"article:publisher\" content=\"https:\/\/www.facebook.com\/EGREEDS\" \/>\n<meta property=\"article:modified_time\" content=\"2020-02-05T17:42:25+00:00\" \/>\n<meta property=\"og:image\" content=\"https:\/\/eg-reeds.com\/wp-content\/uploads\/2018\/11\/Isaac-albeniz-Quartets-for-oboe-and-strings.jpg\" \/>\n\t<meta property=\"og:image:width\" content=\"371\" \/>\n\t<meta property=\"og:image:height\" content=\"529\" \/>\n\t<meta property=\"og:image:type\" content=\"image\/jpeg\" \/>\n<meta name=\"twitter:card\" content=\"summary_large_image\" \/>\n<meta name=\"twitter:site\" content=\"@egreeds\" \/>\n<meta name=\"twitter:label1\" content=\"Prix\" \/>\n\t<meta name=\"twitter:data1\" content=\"14,95&euro;\" \/>\n\t<meta name=\"twitter:label2\" content=\"Disponibilit\u00e9\" \/>\n\t<meta name=\"twitter:data2\" content=\"Rupture de stock\" \/>\n<script type=\"application\/ld+json\" class=\"yoast-schema-graph\">{\"@context\":\"https:\\\/\\\/schema.org\",\"@graph\":[{\"@type\":[\"WebPage\",\"ItemPage\"],\"@id\":\"https:\\\/\\\/eg-reeds.com\\\/fr\\\/shop\\\/partitions-de-musique\\\/quatuors-hautbois-cordes-isaac-albeniz\\\/\",\"url\":\"https:\\\/\\\/eg-reeds.com\\\/fr\\\/shop\\\/partitions-de-musique\\\/quatuors-hautbois-cordes-isaac-albeniz\\\/\",\"name\":\"Quatuors pour hautbois et cordes - Isaac Albeniz - EG-REEDS\",\"isPartOf\":{\"@id\":\"https:\\\/\\\/eg-reeds.com\\\/fr\\\/#website\"},\"primaryImageOfPage\":{\"@id\":\"https:\\\/\\\/eg-reeds.com\\\/fr\\\/shop\\\/partitions-de-musique\\\/quatuors-hautbois-cordes-isaac-albeniz\\\/#primaryimage\"},\"image\":{\"@id\":\"https:\\\/\\\/eg-reeds.com\\\/fr\\\/shop\\\/partitions-de-musique\\\/quatuors-hautbois-cordes-isaac-albeniz\\\/#primaryimage\"},\"thumbnailUrl\":\"https:\\\/\\\/eg-reeds.com\\\/wp-content\\\/uploads\\\/2018\\\/11\\\/Isaac-albeniz-Quartets-for-oboe-and-strings.jpg\",\"datePublished\":\"2018-11-20T16:59:32+00:00\",\"dateModified\":\"2020-02-05T17:42:25+00:00\",\"description\":\"Quatuors pour hautbois et cordes - Isaac Albeniz. Arrang\u00e9 par Jos\u00e9 Colom\u00e9 pour hautbois, violon, alto et violoncelle.\",\"breadcrumb\":{\"@id\":\"https:\\\/\\\/eg-reeds.com\\\/fr\\\/shop\\\/partitions-de-musique\\\/quatuors-hautbois-cordes-isaac-albeniz\\\/#breadcrumb\"},\"inLanguage\":\"fr-FR\",\"potentialAction\":[{\"@type\":\"ReadAction\",\"target\":[\"https:\\\/\\\/eg-reeds.com\\\/fr\\\/shop\\\/partitions-de-musique\\\/quatuors-hautbois-cordes-isaac-albeniz\\\/\"]}]},{\"@type\":\"ImageObject\",\"inLanguage\":\"fr-FR\",\"@id\":\"https:\\\/\\\/eg-reeds.com\\\/fr\\\/shop\\\/partitions-de-musique\\\/quatuors-hautbois-cordes-isaac-albeniz\\\/#primaryimage\",\"url\":\"https:\\\/\\\/eg-reeds.com\\\/wp-content\\\/uploads\\\/2018\\\/11\\\/Isaac-albeniz-Quartets-for-oboe-and-strings.jpg\",\"contentUrl\":\"https:\\\/\\\/eg-reeds.com\\\/wp-content\\\/uploads\\\/2018\\\/11\\\/Isaac-albeniz-Quartets-for-oboe-and-strings.jpg\",\"width\":371,\"height\":529,\"caption\":\"Quatuors pour hautbois et cordes - Isaac Albeniz\"},{\"@type\":\"BreadcrumbList\",\"@id\":\"https:\\\/\\\/eg-reeds.com\\\/fr\\\/shop\\\/partitions-de-musique\\\/quatuors-hautbois-cordes-isaac-albeniz\\\/#breadcrumb\",\"itemListElement\":[{\"@type\":\"ListItem\",\"position\":1,\"name\":\"Accueil\",\"item\":\"https:\\\/\\\/eg-reeds.com\\\/fr\\\/\"},{\"@type\":\"ListItem\",\"position\":2,\"name\":\"Boutique\",\"item\":\"https:\\\/\\\/eg-reeds.com\\\/fr\\\/\"},{\"@type\":\"ListItem\",\"position\":3,\"name\":\"Quatuors pour hautbois et cordes &#8211; Isaac Albeniz\"}]},{\"@type\":\"WebSite\",\"@id\":\"https:\\\/\\\/eg-reeds.com\\\/fr\\\/#website\",\"url\":\"https:\\\/\\\/eg-reeds.com\\\/fr\\\/\",\"name\":\"www.eg-reeds.com\",\"description\":\"Anches hautbois\",\"publisher\":{\"@id\":\"https:\\\/\\\/eg-reeds.com\\\/fr\\\/#organization\"},\"alternateName\":\"eg-reeds.com\",\"potentialAction\":[{\"@type\":\"SearchAction\",\"target\":{\"@type\":\"EntryPoint\",\"urlTemplate\":\"https:\\\/\\\/eg-reeds.com\\\/fr\\\/?s={search_term_string}\"},\"query-input\":{\"@type\":\"PropertyValueSpecification\",\"valueRequired\":true,\"valueName\":\"search_term_string\"}}],\"inLanguage\":\"fr-FR\"},{\"@type\":\"Organization\",\"@id\":\"https:\\\/\\\/eg-reeds.com\\\/fr\\\/#organization\",\"name\":\"www.eg-reeds.com\",\"url\":\"https:\\\/\\\/eg-reeds.com\\\/fr\\\/\",\"logo\":{\"@type\":\"ImageObject\",\"inLanguage\":\"fr-FR\",\"@id\":\"https:\\\/\\\/eg-reeds.com\\\/fr\\\/#\\\/schema\\\/logo\\\/image\\\/\",\"url\":\"https:\\\/\\\/eg-reeds.com\\\/wp-content\\\/uploads\\\/2024\\\/06\\\/Logo-scaled-e1718793906611.jpg\",\"contentUrl\":\"https:\\\/\\\/eg-reeds.com\\\/wp-content\\\/uploads\\\/2024\\\/06\\\/Logo-scaled-e1718793906611.jpg\",\"width\":1200,\"height\":493,\"caption\":\"www.eg-reeds.com\"},\"image\":{\"@id\":\"https:\\\/\\\/eg-reeds.com\\\/fr\\\/#\\\/schema\\\/logo\\\/image\\\/\"},\"sameAs\":[\"https:\\\/\\\/www.facebook.com\\\/EGREEDS\",\"https:\\\/\\\/x.com\\\/egreeds\",\"https:\\\/\\\/www.instagram.com\\\/egreeds\\\/\",\"https:\\\/\\\/www.youtube.com\\\/c\\\/EGREEDS\",\"https:\\\/\\\/www.threads.net\\\/@egreeds\",\"https:\\\/\\\/www.tiktok.com\\\/@egreeds\"]}]}<\/script>\n<meta property=\"product:price:amount\" content=\"14.95\" \/>\n<meta property=\"product:price:currency\" content=\"EUR\" \/>\n<meta property=\"og:availability\" content=\"out of stock\" \/>\n<meta property=\"product:availability\" content=\"out of stock\" \/>\n<meta property=\"product:retailer_item_id\" content=\"SMAlbeniz\" \/>\n<meta property=\"product:condition\" content=\"new\" \/>\n<!-- \/ Yoast SEO Premium plugin. -->","yoast_head_json":{"title":"Quatuors pour hautbois et cordes - Isaac Albeniz - EG-REEDS","description":"Quatuors pour hautbois et cordes - Isaac Albeniz. Arrang\u00e9 par Jos\u00e9 Colom\u00e9 pour hautbois, violon, alto et violoncelle.","robots":{"index":"index","follow":"follow","max-snippet":"max-snippet:-1","max-image-preview":"max-image-preview:large","max-video-preview":"max-video-preview:-1"},"canonical":"https:\/\/eg-reeds.com\/fr\/shop\/partitions-de-musique\/quatuors-hautbois-cordes-isaac-albeniz\/","og_locale":"fr_FR","og_type":"article","og_title":"Quatuors pour hautbois et cordes - Isaac Albeniz","og_description":"Quatuors pour hautbois et cordes - Isaac Albeniz. Arrang\u00e9 par Jos\u00e9 Colom\u00e9 pour hautbois, violon, alto et violoncelle.","og_url":"https:\/\/eg-reeds.com\/fr\/shop\/partitions-de-musique\/quatuors-hautbois-cordes-isaac-albeniz\/","og_site_name":"EG-REEDS","article_publisher":"https:\/\/www.facebook.com\/EGREEDS","article_modified_time":"2020-02-05T17:42:25+00:00","og_image":[{"width":371,"height":529,"url":"https:\/\/eg-reeds.com\/wp-content\/uploads\/2018\/11\/Isaac-albeniz-Quartets-for-oboe-and-strings.jpg","type":"image\/jpeg"}],"twitter_card":"summary_large_image","twitter_site":"@egreeds","twitter_misc":{"Prix":"14,95&euro;","Disponibilit\u00e9":"Rupture de stock"},"schema":{"@context":"https:\/\/schema.org","@graph":[{"@type":["WebPage","ItemPage"],"@id":"https:\/\/eg-reeds.com\/fr\/shop\/partitions-de-musique\/quatuors-hautbois-cordes-isaac-albeniz\/","url":"https:\/\/eg-reeds.com\/fr\/shop\/partitions-de-musique\/quatuors-hautbois-cordes-isaac-albeniz\/","name":"Quatuors pour hautbois et cordes - Isaac Albeniz - EG-REEDS","isPartOf":{"@id":"https:\/\/eg-reeds.com\/fr\/#website"},"primaryImageOfPage":{"@id":"https:\/\/eg-reeds.com\/fr\/shop\/partitions-de-musique\/quatuors-hautbois-cordes-isaac-albeniz\/#primaryimage"},"image":{"@id":"https:\/\/eg-reeds.com\/fr\/shop\/partitions-de-musique\/quatuors-hautbois-cordes-isaac-albeniz\/#primaryimage"},"thumbnailUrl":"https:\/\/eg-reeds.com\/wp-content\/uploads\/2018\/11\/Isaac-albeniz-Quartets-for-oboe-and-strings.jpg","datePublished":"2018-11-20T16:59:32+00:00","dateModified":"2020-02-05T17:42:25+00:00","description":"Quatuors pour hautbois et cordes - Isaac Albeniz. Arrang\u00e9 par Jos\u00e9 Colom\u00e9 pour hautbois, violon, alto et violoncelle.","breadcrumb":{"@id":"https:\/\/eg-reeds.com\/fr\/shop\/partitions-de-musique\/quatuors-hautbois-cordes-isaac-albeniz\/#breadcrumb"},"inLanguage":"fr-FR","potentialAction":[{"@type":"ReadAction","target":["https:\/\/eg-reeds.com\/fr\/shop\/partitions-de-musique\/quatuors-hautbois-cordes-isaac-albeniz\/"]}]},{"@type":"ImageObject","inLanguage":"fr-FR","@id":"https:\/\/eg-reeds.com\/fr\/shop\/partitions-de-musique\/quatuors-hautbois-cordes-isaac-albeniz\/#primaryimage","url":"https:\/\/eg-reeds.com\/wp-content\/uploads\/2018\/11\/Isaac-albeniz-Quartets-for-oboe-and-strings.jpg","contentUrl":"https:\/\/eg-reeds.com\/wp-content\/uploads\/2018\/11\/Isaac-albeniz-Quartets-for-oboe-and-strings.jpg","width":371,"height":529,"caption":"Quatuors pour hautbois et cordes - Isaac Albeniz"},{"@type":"BreadcrumbList","@id":"https:\/\/eg-reeds.com\/fr\/shop\/partitions-de-musique\/quatuors-hautbois-cordes-isaac-albeniz\/#breadcrumb","itemListElement":[{"@type":"ListItem","position":1,"name":"Accueil","item":"https:\/\/eg-reeds.com\/fr\/"},{"@type":"ListItem","position":2,"name":"Boutique","item":"https:\/\/eg-reeds.com\/fr\/"},{"@type":"ListItem","position":3,"name":"Quatuors pour hautbois et cordes &#8211; Isaac Albeniz"}]},{"@type":"WebSite","@id":"https:\/\/eg-reeds.com\/fr\/#website","url":"https:\/\/eg-reeds.com\/fr\/","name":"www.eg-reeds.com","description":"Anches hautbois","publisher":{"@id":"https:\/\/eg-reeds.com\/fr\/#organization"},"alternateName":"eg-reeds.com","potentialAction":[{"@type":"SearchAction","target":{"@type":"EntryPoint","urlTemplate":"https:\/\/eg-reeds.com\/fr\/?s={search_term_string}"},"query-input":{"@type":"PropertyValueSpecification","valueRequired":true,"valueName":"search_term_string"}}],"inLanguage":"fr-FR"},{"@type":"Organization","@id":"https:\/\/eg-reeds.com\/fr\/#organization","name":"www.eg-reeds.com","url":"https:\/\/eg-reeds.com\/fr\/","logo":{"@type":"ImageObject","inLanguage":"fr-FR","@id":"https:\/\/eg-reeds.com\/fr\/#\/schema\/logo\/image\/","url":"https:\/\/eg-reeds.com\/wp-content\/uploads\/2024\/06\/Logo-scaled-e1718793906611.jpg","contentUrl":"https:\/\/eg-reeds.com\/wp-content\/uploads\/2024\/06\/Logo-scaled-e1718793906611.jpg","width":1200,"height":493,"caption":"www.eg-reeds.com"},"image":{"@id":"https:\/\/eg-reeds.com\/fr\/#\/schema\/logo\/image\/"},"sameAs":["https:\/\/www.facebook.com\/EGREEDS","https:\/\/x.com\/egreeds","https:\/\/www.instagram.com\/egreeds\/","https:\/\/www.youtube.com\/c\/EGREEDS","https:\/\/www.threads.net\/@egreeds","https:\/\/www.tiktok.com\/@egreeds"]}]},"product_price_amount":"14.95","product_price_currency":"EUR","og_availability":"out of stock","product_availability":"out of stock","product_retailer_item_id":"SMAlbeniz","product_condition":"new"},"_links":{"self":[{"href":"https:\/\/eg-reeds.com\/fr\/wp-json\/wp\/v2\/product\/36026","targetHints":{"allow":["GET"]}}],"collection":[{"href":"https:\/\/eg-reeds.com\/fr\/wp-json\/wp\/v2\/product"}],"about":[{"href":"https:\/\/eg-reeds.com\/fr\/wp-json\/wp\/v2\/types\/product"}],"replies":[{"embeddable":true,"href":"https:\/\/eg-reeds.com\/fr\/wp-json\/wp\/v2\/comments?post=36026"}],"wp:featuredmedia":[{"embeddable":true,"href":"https:\/\/eg-reeds.com\/fr\/wp-json\/wp\/v2\/media\/34118"}],"wp:attachment":[{"href":"https:\/\/eg-reeds.com\/fr\/wp-json\/wp\/v2\/media?parent=36026"}],"wp:term":[{"taxonomy":"product_brand","embeddable":true,"href":"https:\/\/eg-reeds.com\/fr\/wp-json\/wp\/v2\/product_brand?post=36026"},{"taxonomy":"product_cat","embeddable":true,"href":"https:\/\/eg-reeds.com\/fr\/wp-json\/wp\/v2\/product_cat?post=36026"},{"taxonomy":"product_tag","embeddable":true,"href":"https:\/\/eg-reeds.com\/fr\/wp-json\/wp\/v2\/product_tag?post=36026"},{"taxonomy":"giftcard-category","embeddable":true,"href":"https:\/\/eg-reeds.com\/fr\/wp-json\/wp\/v2\/giftcard-category?post=36026"}],"curies":[{"name":"wp","href":"https:\/\/api.w.org\/{rel}","templated":true}]}}