{"id":36349,"date":"2019-05-28T14:03:48","date_gmt":"2019-05-28T12:03:48","guid":{"rendered":"http:\/\/eg-reeds.com\/shop\/non%20class\u00e9\/testeur-durete-digital-reeds-n-stuff\/"},"modified":"2025-03-26T10:17:57","modified_gmt":"2025-03-26T09:17:57","slug":"testeur-durete-digital-reeds-n-stuff","status":"publish","type":"product","link":"https:\/\/eg-reeds.com\/fr\/shop\/accessoires\/mesure\/testeur-durete-digital-reeds-n-stuff\/","title":{"rendered":"Testeur duret\u00e9 digital Reeds &lsquo;n Stuff"},"content":{"rendered":"<h1 class=\"none-show-mobile\"><strong>Testeur duret\u00e9 digital Reeds &lsquo;n Stuff.<\/strong><\/h1>\n<p>Le testeur de duret\u00e9 digital de Reeds &lsquo;n Stuff est un outil essentiel pour les hautbo\u00efstes et les fabricants d\u2019anches en qu\u00eate de pr\u00e9cision dans leur travail. Cet appareil de pointe mesure avec exactitude la duret\u00e9 du roseau pour hautbois, vous permettant de s\u00e9lectionner le mat\u00e9riau id\u00e9al pour des performances optimales et personnalis\u00e9es.<\/p>\n<p>\u00c9quip\u00e9 d\u2019un \u00e9cran digital clair et facile \u00e0 lire, il fournit des r\u00e9sultats rapides et pr\u00e9cis. Son design ergonomique assure une utilisation confortable, tandis que sa structure robuste garantit une durabilit\u00e9 et une fiabilit\u00e9 \u00e0 long terme.<\/p>\n<p>Parfait pour les professionnels comme pour les \u00e9tudiants, cet instrument devient un alli\u00e9 indispensable pour affiner votre technique de fabrication d\u2019anches et obtenir une qualit\u00e9 sup\u00e9rieure.<\/p>\n<p>Vous souhaitez mesurer la duret\u00e9 de votre roseau de hautbois avec pr\u00e9cision ? \ud83d\udccf<\/p>\n<p>Il vous faut le <b>Testeur duret\u00e9 digital Reeds &lsquo;n Stuff<\/b> :<\/p>\n<p>\u2705 obtenez des mesures pr\u00e9cises instantan\u00e9ment<br \/>\n\u2705 choisissez le meilleur roseau goug\u00e9 pour cr\u00e9er vos anches parfaites<br \/>\n\u2705 facile \u00e0 utiliser<\/p>\n<p>Exp\u00e9dition sous environ 7 jours, selon la disponibilit\u00e9 en stock.<\/p>\n<p><iframe loading=\"lazy\" title=\"Medidor de dureza Reeds &#039;n Stuff \ud83d\udccfReeds &#039;n Stuff Hardness Tester\" width=\"1020\" height=\"574\" src=\"https:\/\/www.youtube.com\/embed\/uPha6dxrbPQ?feature=oembed\" frameborder=\"0\" allow=\"accelerometer; autoplay; clipboard-write; encrypted-media; gyroscope; picture-in-picture; web-share\" referrerpolicy=\"strict-origin-when-cross-origin\" allowfullscreen><\/iframe><\/p>\n","protected":false},"excerpt":{"rendered":"<p>Testeur duret\u00e9 digital Reeds &lsquo;n Stuff. Le testeur de duret\u00e9 digital de Reeds &lsquo;n Stuff est un outil essentiel pour les hautbo\u00efstes et les fabricants d\u2019anches en qu\u00eate de pr\u00e9cision dans leur travail. Cet appareil de pointe mesure avec exactitude la duret\u00e9 du roseau pour hautbois, vous permettant de s\u00e9lectionner le mat\u00e9riau id\u00e9al pour des [&#8230;]\n","protected":false},"featured_media":54994,"comment_status":"open","ping_status":"closed","template":"","meta":[],"product_brand":[],"product_cat":[1415,5171,2922],"product_tag":[],"giftcard-category":[],"class_list":{"0":"post-36349","1":"product","2":"type-product","3":"status-publish","4":"has-post-thumbnail","6":"product_cat-accessoires","7":"product_cat-mesure","8":"product_cat-machines-reeds-n-stuff","10":"first","11":"instock","12":"taxable","13":"shipping-taxable","14":"purchasable","15":"product-type-simple"},"yoast_head":"<!-- This site is optimized with the Yoast SEO Premium plugin v27.0 (Yoast SEO v27.3) - https:\/\/yoast.com\/product\/yoast-seo-premium-wordpress\/ -->\n<title>Testeur duret\u00e9 digital Reeds &#039;n Stuff - EG-REEDS<\/title>\n<meta name=\"description\" content=\"Le testeur de duret\u00e9 digital Reeds &#039;n Stuff mesure avec pr\u00e9cision la duret\u00e9 du roseau pour hautbois, vous permettant de s\u00e9lectionner le mat\u00e9riau id\u00e9al.\" \/>\n<meta name=\"robots\" content=\"index, follow, max-snippet:-1, max-image-preview:large, max-video-preview:-1\" \/>\n<link rel=\"canonical\" href=\"https:\/\/eg-reeds.com\/fr\/shop\/accessoires\/mesure\/testeur-durete-digital-reeds-n-stuff\/\" \/>\n<meta property=\"og:locale\" content=\"fr_FR\" \/>\n<meta property=\"og:type\" content=\"article\" \/>\n<meta property=\"og:title\" content=\"Testeur duret\u00e9 digital Reeds &#039;n Stuff\" \/>\n<meta property=\"og:description\" content=\"Le testeur de duret\u00e9 digital Reeds &#039;n Stuff mesure avec pr\u00e9cision la duret\u00e9 du roseau pour hautbois, vous permettant de s\u00e9lectionner le mat\u00e9riau id\u00e9al.\" \/>\n<meta property=\"og:url\" content=\"https:\/\/eg-reeds.com\/fr\/shop\/accessoires\/mesure\/testeur-durete-digital-reeds-n-stuff\/\" \/>\n<meta property=\"og:site_name\" content=\"EG-REEDS\" \/>\n<meta property=\"article:publisher\" content=\"https:\/\/www.facebook.com\/EGREEDS\" \/>\n<meta property=\"article:modified_time\" content=\"2025-03-26T09:17:57+00:00\" \/>\n<meta property=\"og:image\" content=\"https:\/\/eg-reeds.com\/wp-content\/uploads\/2019\/05\/Digital-Hardness-Tester-for-Oboe.jpg\" \/>\n\t<meta property=\"og:image:width\" content=\"1200\" \/>\n\t<meta property=\"og:image:height\" content=\"960\" \/>\n\t<meta property=\"og:image:type\" content=\"image\/jpeg\" \/>\n<meta name=\"twitter:card\" content=\"summary_large_image\" \/>\n<meta name=\"twitter:site\" content=\"@egreeds\" \/>\n<meta name=\"twitter:label1\" content=\"Prix\" \/>\n\t<meta name=\"twitter:data1\" content=\"602,90&euro;\" \/>\n\t<meta name=\"twitter:label2\" content=\"Disponibilit\u00e9\" \/>\n\t<meta name=\"twitter:data2\" content=\"En stock\" \/>\n<script type=\"application\/ld+json\" class=\"yoast-schema-graph\">{\"@context\":\"https:\\\/\\\/schema.org\",\"@graph\":[{\"@type\":[\"WebPage\",\"ItemPage\"],\"@id\":\"https:\\\/\\\/eg-reeds.com\\\/fr\\\/shop\\\/accessoires\\\/mesure\\\/testeur-durete-digital-reeds-n-stuff\\\/\",\"url\":\"https:\\\/\\\/eg-reeds.com\\\/fr\\\/shop\\\/accessoires\\\/mesure\\\/testeur-durete-digital-reeds-n-stuff\\\/\",\"name\":\"Testeur duret\u00e9 digital Reeds 'n Stuff - EG-REEDS\",\"isPartOf\":{\"@id\":\"https:\\\/\\\/eg-reeds.com\\\/fr\\\/#website\"},\"primaryImageOfPage\":{\"@id\":\"https:\\\/\\\/eg-reeds.com\\\/fr\\\/shop\\\/accessoires\\\/mesure\\\/testeur-durete-digital-reeds-n-stuff\\\/#primaryimage\"},\"image\":{\"@id\":\"https:\\\/\\\/eg-reeds.com\\\/fr\\\/shop\\\/accessoires\\\/mesure\\\/testeur-durete-digital-reeds-n-stuff\\\/#primaryimage\"},\"thumbnailUrl\":\"https:\\\/\\\/eg-reeds.com\\\/wp-content\\\/uploads\\\/2019\\\/05\\\/Digital-Hardness-Tester-for-Oboe.jpg\",\"datePublished\":\"2019-05-28T12:03:48+00:00\",\"dateModified\":\"2025-03-26T09:17:57+00:00\",\"description\":\"Le testeur de duret\u00e9 digital Reeds 'n Stuff mesure avec pr\u00e9cision la duret\u00e9 du roseau pour hautbois, vous permettant de s\u00e9lectionner le mat\u00e9riau id\u00e9al.\",\"breadcrumb\":{\"@id\":\"https:\\\/\\\/eg-reeds.com\\\/fr\\\/shop\\\/accessoires\\\/mesure\\\/testeur-durete-digital-reeds-n-stuff\\\/#breadcrumb\"},\"inLanguage\":\"fr-FR\",\"potentialAction\":[{\"@type\":\"ReadAction\",\"target\":[\"https:\\\/\\\/eg-reeds.com\\\/fr\\\/shop\\\/accessoires\\\/mesure\\\/testeur-durete-digital-reeds-n-stuff\\\/\"]}]},{\"@type\":\"ImageObject\",\"inLanguage\":\"fr-FR\",\"@id\":\"https:\\\/\\\/eg-reeds.com\\\/fr\\\/shop\\\/accessoires\\\/mesure\\\/testeur-durete-digital-reeds-n-stuff\\\/#primaryimage\",\"url\":\"https:\\\/\\\/eg-reeds.com\\\/wp-content\\\/uploads\\\/2019\\\/05\\\/Digital-Hardness-Tester-for-Oboe.jpg\",\"contentUrl\":\"https:\\\/\\\/eg-reeds.com\\\/wp-content\\\/uploads\\\/2019\\\/05\\\/Digital-Hardness-Tester-for-Oboe.jpg\",\"width\":1200,\"height\":960,\"caption\":\"Digital Hardness Tester Reeds 'n Stuff\"},{\"@type\":\"BreadcrumbList\",\"@id\":\"https:\\\/\\\/eg-reeds.com\\\/fr\\\/shop\\\/accessoires\\\/mesure\\\/testeur-durete-digital-reeds-n-stuff\\\/#breadcrumb\",\"itemListElement\":[{\"@type\":\"ListItem\",\"position\":1,\"name\":\"Accueil\",\"item\":\"https:\\\/\\\/eg-reeds.com\\\/fr\\\/\"},{\"@type\":\"ListItem\",\"position\":2,\"name\":\"Boutique\",\"item\":\"https:\\\/\\\/eg-reeds.com\\\/fr\\\/\"},{\"@type\":\"ListItem\",\"position\":3,\"name\":\"Testeur duret\u00e9 digital Reeds &#8217;n Stuff\"}]},{\"@type\":\"WebSite\",\"@id\":\"https:\\\/\\\/eg-reeds.com\\\/fr\\\/#website\",\"url\":\"https:\\\/\\\/eg-reeds.com\\\/fr\\\/\",\"name\":\"www.eg-reeds.com\",\"description\":\"Anches hautbois\",\"publisher\":{\"@id\":\"https:\\\/\\\/eg-reeds.com\\\/fr\\\/#organization\"},\"alternateName\":\"eg-reeds.com\",\"potentialAction\":[{\"@type\":\"SearchAction\",\"target\":{\"@type\":\"EntryPoint\",\"urlTemplate\":\"https:\\\/\\\/eg-reeds.com\\\/fr\\\/?s={search_term_string}\"},\"query-input\":{\"@type\":\"PropertyValueSpecification\",\"valueRequired\":true,\"valueName\":\"search_term_string\"}}],\"inLanguage\":\"fr-FR\"},{\"@type\":\"Organization\",\"@id\":\"https:\\\/\\\/eg-reeds.com\\\/fr\\\/#organization\",\"name\":\"www.eg-reeds.com\",\"url\":\"https:\\\/\\\/eg-reeds.com\\\/fr\\\/\",\"logo\":{\"@type\":\"ImageObject\",\"inLanguage\":\"fr-FR\",\"@id\":\"https:\\\/\\\/eg-reeds.com\\\/fr\\\/#\\\/schema\\\/logo\\\/image\\\/\",\"url\":\"https:\\\/\\\/eg-reeds.com\\\/wp-content\\\/uploads\\\/2024\\\/06\\\/Logo-scaled-e1718793906611.jpg\",\"contentUrl\":\"https:\\\/\\\/eg-reeds.com\\\/wp-content\\\/uploads\\\/2024\\\/06\\\/Logo-scaled-e1718793906611.jpg\",\"width\":1200,\"height\":493,\"caption\":\"www.eg-reeds.com\"},\"image\":{\"@id\":\"https:\\\/\\\/eg-reeds.com\\\/fr\\\/#\\\/schema\\\/logo\\\/image\\\/\"},\"sameAs\":[\"https:\\\/\\\/www.facebook.com\\\/EGREEDS\",\"https:\\\/\\\/x.com\\\/egreeds\",\"https:\\\/\\\/www.instagram.com\\\/egreeds\\\/\",\"https:\\\/\\\/www.youtube.com\\\/c\\\/EGREEDS\",\"https:\\\/\\\/www.threads.net\\\/@egreeds\",\"https:\\\/\\\/www.tiktok.com\\\/@egreeds\"]}]}<\/script>\n<meta property=\"product:price:amount\" content=\"602.90\" \/>\n<meta property=\"product:price:currency\" content=\"EUR\" \/>\n<meta property=\"og:availability\" content=\"instock\" \/>\n<meta property=\"product:availability\" content=\"instock\" \/>\n<meta property=\"product:retailer_item_id\" content=\"F11-14100\" \/>\n<meta property=\"product:condition\" content=\"new\" \/>\n<!-- \/ Yoast SEO Premium plugin. -->","yoast_head_json":{"title":"Testeur duret\u00e9 digital Reeds 'n Stuff - EG-REEDS","description":"Le testeur de duret\u00e9 digital Reeds 'n Stuff mesure avec pr\u00e9cision la duret\u00e9 du roseau pour hautbois, vous permettant de s\u00e9lectionner le mat\u00e9riau id\u00e9al.","robots":{"index":"index","follow":"follow","max-snippet":"max-snippet:-1","max-image-preview":"max-image-preview:large","max-video-preview":"max-video-preview:-1"},"canonical":"https:\/\/eg-reeds.com\/fr\/shop\/accessoires\/mesure\/testeur-durete-digital-reeds-n-stuff\/","og_locale":"fr_FR","og_type":"article","og_title":"Testeur duret\u00e9 digital Reeds 'n Stuff","og_description":"Le testeur de duret\u00e9 digital Reeds 'n Stuff mesure avec pr\u00e9cision la duret\u00e9 du roseau pour hautbois, vous permettant de s\u00e9lectionner le mat\u00e9riau id\u00e9al.","og_url":"https:\/\/eg-reeds.com\/fr\/shop\/accessoires\/mesure\/testeur-durete-digital-reeds-n-stuff\/","og_site_name":"EG-REEDS","article_publisher":"https:\/\/www.facebook.com\/EGREEDS","article_modified_time":"2025-03-26T09:17:57+00:00","og_image":[{"width":1200,"height":960,"url":"https:\/\/eg-reeds.com\/wp-content\/uploads\/2019\/05\/Digital-Hardness-Tester-for-Oboe.jpg","type":"image\/jpeg"}],"twitter_card":"summary_large_image","twitter_site":"@egreeds","twitter_misc":{"Prix":"602,90&euro;","Disponibilit\u00e9":"En stock"},"schema":{"@context":"https:\/\/schema.org","@graph":[{"@type":["WebPage","ItemPage"],"@id":"https:\/\/eg-reeds.com\/fr\/shop\/accessoires\/mesure\/testeur-durete-digital-reeds-n-stuff\/","url":"https:\/\/eg-reeds.com\/fr\/shop\/accessoires\/mesure\/testeur-durete-digital-reeds-n-stuff\/","name":"Testeur duret\u00e9 digital Reeds 'n Stuff - EG-REEDS","isPartOf":{"@id":"https:\/\/eg-reeds.com\/fr\/#website"},"primaryImageOfPage":{"@id":"https:\/\/eg-reeds.com\/fr\/shop\/accessoires\/mesure\/testeur-durete-digital-reeds-n-stuff\/#primaryimage"},"image":{"@id":"https:\/\/eg-reeds.com\/fr\/shop\/accessoires\/mesure\/testeur-durete-digital-reeds-n-stuff\/#primaryimage"},"thumbnailUrl":"https:\/\/eg-reeds.com\/wp-content\/uploads\/2019\/05\/Digital-Hardness-Tester-for-Oboe.jpg","datePublished":"2019-05-28T12:03:48+00:00","dateModified":"2025-03-26T09:17:57+00:00","description":"Le testeur de duret\u00e9 digital Reeds 'n Stuff mesure avec pr\u00e9cision la duret\u00e9 du roseau pour hautbois, vous permettant de s\u00e9lectionner le mat\u00e9riau id\u00e9al.","breadcrumb":{"@id":"https:\/\/eg-reeds.com\/fr\/shop\/accessoires\/mesure\/testeur-durete-digital-reeds-n-stuff\/#breadcrumb"},"inLanguage":"fr-FR","potentialAction":[{"@type":"ReadAction","target":["https:\/\/eg-reeds.com\/fr\/shop\/accessoires\/mesure\/testeur-durete-digital-reeds-n-stuff\/"]}]},{"@type":"ImageObject","inLanguage":"fr-FR","@id":"https:\/\/eg-reeds.com\/fr\/shop\/accessoires\/mesure\/testeur-durete-digital-reeds-n-stuff\/#primaryimage","url":"https:\/\/eg-reeds.com\/wp-content\/uploads\/2019\/05\/Digital-Hardness-Tester-for-Oboe.jpg","contentUrl":"https:\/\/eg-reeds.com\/wp-content\/uploads\/2019\/05\/Digital-Hardness-Tester-for-Oboe.jpg","width":1200,"height":960,"caption":"Digital Hardness Tester Reeds 'n Stuff"},{"@type":"BreadcrumbList","@id":"https:\/\/eg-reeds.com\/fr\/shop\/accessoires\/mesure\/testeur-durete-digital-reeds-n-stuff\/#breadcrumb","itemListElement":[{"@type":"ListItem","position":1,"name":"Accueil","item":"https:\/\/eg-reeds.com\/fr\/"},{"@type":"ListItem","position":2,"name":"Boutique","item":"https:\/\/eg-reeds.com\/fr\/"},{"@type":"ListItem","position":3,"name":"Testeur duret\u00e9 digital Reeds &#8217;n Stuff"}]},{"@type":"WebSite","@id":"https:\/\/eg-reeds.com\/fr\/#website","url":"https:\/\/eg-reeds.com\/fr\/","name":"www.eg-reeds.com","description":"Anches hautbois","publisher":{"@id":"https:\/\/eg-reeds.com\/fr\/#organization"},"alternateName":"eg-reeds.com","potentialAction":[{"@type":"SearchAction","target":{"@type":"EntryPoint","urlTemplate":"https:\/\/eg-reeds.com\/fr\/?s={search_term_string}"},"query-input":{"@type":"PropertyValueSpecification","valueRequired":true,"valueName":"search_term_string"}}],"inLanguage":"fr-FR"},{"@type":"Organization","@id":"https:\/\/eg-reeds.com\/fr\/#organization","name":"www.eg-reeds.com","url":"https:\/\/eg-reeds.com\/fr\/","logo":{"@type":"ImageObject","inLanguage":"fr-FR","@id":"https:\/\/eg-reeds.com\/fr\/#\/schema\/logo\/image\/","url":"https:\/\/eg-reeds.com\/wp-content\/uploads\/2024\/06\/Logo-scaled-e1718793906611.jpg","contentUrl":"https:\/\/eg-reeds.com\/wp-content\/uploads\/2024\/06\/Logo-scaled-e1718793906611.jpg","width":1200,"height":493,"caption":"www.eg-reeds.com"},"image":{"@id":"https:\/\/eg-reeds.com\/fr\/#\/schema\/logo\/image\/"},"sameAs":["https:\/\/www.facebook.com\/EGREEDS","https:\/\/x.com\/egreeds","https:\/\/www.instagram.com\/egreeds\/","https:\/\/www.youtube.com\/c\/EGREEDS","https:\/\/www.threads.net\/@egreeds","https:\/\/www.tiktok.com\/@egreeds"]}]},"product_price_amount":"602.90","product_price_currency":"EUR","og_availability":"instock","product_availability":"instock","product_retailer_item_id":"F11-14100","product_condition":"new"},"_links":{"self":[{"href":"https:\/\/eg-reeds.com\/fr\/wp-json\/wp\/v2\/product\/36349","targetHints":{"allow":["GET"]}}],"collection":[{"href":"https:\/\/eg-reeds.com\/fr\/wp-json\/wp\/v2\/product"}],"about":[{"href":"https:\/\/eg-reeds.com\/fr\/wp-json\/wp\/v2\/types\/product"}],"replies":[{"embeddable":true,"href":"https:\/\/eg-reeds.com\/fr\/wp-json\/wp\/v2\/comments?post=36349"}],"wp:featuredmedia":[{"embeddable":true,"href":"https:\/\/eg-reeds.com\/fr\/wp-json\/wp\/v2\/media\/54994"}],"wp:attachment":[{"href":"https:\/\/eg-reeds.com\/fr\/wp-json\/wp\/v2\/media?parent=36349"}],"wp:term":[{"taxonomy":"product_brand","embeddable":true,"href":"https:\/\/eg-reeds.com\/fr\/wp-json\/wp\/v2\/product_brand?post=36349"},{"taxonomy":"product_cat","embeddable":true,"href":"https:\/\/eg-reeds.com\/fr\/wp-json\/wp\/v2\/product_cat?post=36349"},{"taxonomy":"product_tag","embeddable":true,"href":"https:\/\/eg-reeds.com\/fr\/wp-json\/wp\/v2\/product_tag?post=36349"},{"taxonomy":"giftcard-category","embeddable":true,"href":"https:\/\/eg-reeds.com\/fr\/wp-json\/wp\/v2\/giftcard-category?post=36349"}],"curies":[{"name":"wp","href":"https:\/\/api.w.org\/{rel}","templated":true}]}}