{"id":37559,"date":"2019-09-27T10:17:44","date_gmt":"2019-09-27T08:17:44","guid":{"rendered":"http:\/\/eg-reeds.com\/shop\/non%20class\u00e9\/guillotine-coupe-anches-reeds-n-stuff\/"},"modified":"2025-02-13T12:45:07","modified_gmt":"2025-02-13T11:45:07","slug":"guillotine-coupe-anches-reeds-n-stuff","status":"publish","type":"product","link":"https:\/\/eg-reeds.com\/fr\/shop\/machines\/machines-reeds-n-stuff\/guillotine-coupe-anches-reeds-n-stuff\/","title":{"rendered":"Guillotine coupe anches Reeds &lsquo;n Stuff"},"content":{"rendered":"<h1 class=\"ellip\"><strong>Guillotine coupe anches Reeds &lsquo;n Stuff.<\/strong><\/h1>\n<div class=\"ellip\">Guillotine coupe anches Reeds &lsquo;n Stuff pour hautbois et cor anglais.<\/div>\n<p class=\"none-show-mobile\">Guillotine pour pointes d&rsquo;anches Reeds &lsquo;n Stuff pour hautbois et cor anglais. Cette guillotine semble \u00eatre un outil essentiel pour les joueurs de hautbois et de cor anglais. Sa capacit\u00e9 de coupe pr\u00e9cise et sa but\u00e9e de longueur r\u00e9glable sont des caract\u00e9ristiques pr\u00e9cieuses.<\/p>\n<p class=\"none-show-mobile\">Le fait qu&rsquo;elle puisse r\u00e9aliser des coupes tr\u00e8s fines et permette de voir le point de coupe sous diff\u00e9rents angles en accro\u00eet encore l&rsquo;utilit\u00e9. La possibilit\u00e9 de r\u00e9aff\u00fbter l&rsquo;unit\u00e9 de coupe en acier tremp\u00e9 est un avantage consid\u00e9rable pour une utilisation \u00e0 long terme.<\/p>\n<p class=\"none-show-mobile\">Cet outil semble parfaitement adapt\u00e9 pour garantir des coupes coh\u00e9rentes et pr\u00e9cises sur les anches, ce qui est essentiel pour la qualit\u00e9 du son produit par le hautbois et le cor anglais.<\/p>\n<ol>\n<li><strong>Principe de la guillotine<\/strong> : Assure des coupes parfaites pour les pointes d&rsquo;anches.<\/li>\n<li><strong>Compatibilit\u00e9<\/strong> : Adapt\u00e9e aux anches racl\u00e9es et non racl\u00e9es.<\/li>\n<li><strong>But\u00e9e de longueur r\u00e9glable<\/strong> : Peut \u00eatre pr\u00e9r\u00e9gl\u00e9e pour des coupes uniformes \u00e0 la longueur souhait\u00e9e.<\/li>\n<li><strong>Polyvalence<\/strong> : Id\u00e9ale pour les anches de hautbois et de cor anglais.<\/li>\n<li><strong>Unit\u00e9 de coupe r\u00e9aff\u00fbtable<\/strong> : L&rsquo;unit\u00e9 de coupe en acier tremp\u00e9 peut \u00eatre r\u00e9aff\u00fbt\u00e9e si n\u00e9cessaire.<\/li>\n<\/ol>\n<p>&nbsp;<\/p>\n<p>Exp\u00e9dition sous 7 \u00e0 10 jours selon les stocks disponibles.<\/p>\n","protected":false},"excerpt":{"rendered":"<p>Guillotine coupe anches Reeds &lsquo;n Stuff. Guillotine coupe anches Reeds &lsquo;n Stuff pour hautbois et cor anglais. Guillotine pour pointes d&rsquo;anches Reeds &lsquo;n Stuff pour hautbois et cor anglais. Cette guillotine semble \u00eatre un outil essentiel pour les joueurs de hautbois et de cor anglais. Sa capacit\u00e9 de coupe pr\u00e9cise et sa but\u00e9e de longueur [&#8230;]\n","protected":false},"featured_media":37548,"comment_status":"open","ping_status":"closed","template":"","meta":[],"product_brand":[],"product_cat":[2922],"product_tag":[],"giftcard-category":[],"class_list":{"0":"post-37559","1":"product","2":"type-product","3":"status-publish","4":"has-post-thumbnail","6":"product_cat-machines-reeds-n-stuff","7":"product_shipping_class-rmm-fr","9":"first","10":"instock","11":"taxable","12":"shipping-taxable","13":"purchasable","14":"product-type-simple"},"yoast_head":"<!-- This site is optimized with the Yoast SEO Premium plugin v27.0 (Yoast SEO v27.2) - https:\/\/yoast.com\/product\/yoast-seo-premium-wordpress\/ -->\n<title>Guillotine coupe anches Reeds &#039;n Stuff - EG-REEDS<\/title>\n<meta name=\"description\" content=\"Guillotine coupe anches Reeds &#039;n Stuff pour hautbois et cor anglais. Cette guillotine semble \u00eatre un outil essentiel pour anches.\" \/>\n<meta name=\"robots\" content=\"index, follow, max-snippet:-1, max-image-preview:large, max-video-preview:-1\" \/>\n<link rel=\"canonical\" href=\"https:\/\/eg-reeds.com\/fr\/shop\/machines\/machines-reeds-n-stuff\/guillotine-coupe-anches-reeds-n-stuff\/\" \/>\n<meta property=\"og:locale\" content=\"fr_FR\" \/>\n<meta property=\"og:type\" content=\"article\" \/>\n<meta property=\"og:title\" content=\"Guillotine coupe anches Reeds &#039;n Stuff\" \/>\n<meta property=\"og:description\" content=\"Guillotine coupe anches Reeds &#039;n Stuff pour hautbois et cor anglais. Cette guillotine semble \u00eatre un outil essentiel pour anches.\" \/>\n<meta property=\"og:url\" content=\"https:\/\/eg-reeds.com\/fr\/shop\/machines\/machines-reeds-n-stuff\/guillotine-coupe-anches-reeds-n-stuff\/\" \/>\n<meta property=\"og:site_name\" content=\"EG-REEDS\" \/>\n<meta property=\"article:publisher\" content=\"https:\/\/www.facebook.com\/EGREEDS\" \/>\n<meta property=\"article:modified_time\" content=\"2025-02-13T11:45:07+00:00\" \/>\n<meta property=\"og:image\" content=\"https:\/\/eg-reeds.com\/wp-content\/uploads\/2019\/09\/Reed-tip-guillotine-Reeds-n-Stuff.jpg\" \/>\n\t<meta property=\"og:image:width\" content=\"1500\" \/>\n\t<meta property=\"og:image:height\" content=\"1000\" \/>\n\t<meta property=\"og:image:type\" content=\"image\/jpeg\" \/>\n<meta name=\"twitter:card\" content=\"summary_large_image\" \/>\n<meta name=\"twitter:site\" content=\"@egreeds\" \/>\n<meta name=\"twitter:label1\" content=\"Prix\" \/>\n\t<meta name=\"twitter:data1\" content=\"219,63&euro;\" \/>\n\t<meta name=\"twitter:label2\" content=\"Disponibilit\u00e9\" \/>\n\t<meta name=\"twitter:data2\" content=\"En stock\" \/>\n<script type=\"application\/ld+json\" class=\"yoast-schema-graph\">{\"@context\":\"https:\/\/schema.org\",\"@graph\":[{\"@type\":[\"WebPage\",\"ItemPage\"],\"@id\":\"https:\/\/eg-reeds.com\/fr\/shop\/machines\/machines-reeds-n-stuff\/guillotine-coupe-anches-reeds-n-stuff\/\",\"url\":\"https:\/\/eg-reeds.com\/fr\/shop\/machines\/machines-reeds-n-stuff\/guillotine-coupe-anches-reeds-n-stuff\/\",\"name\":\"Guillotine coupe anches Reeds 'n Stuff - EG-REEDS\",\"isPartOf\":{\"@id\":\"https:\/\/eg-reeds.com\/fr\/#website\"},\"primaryImageOfPage\":{\"@id\":\"https:\/\/eg-reeds.com\/fr\/shop\/machines\/machines-reeds-n-stuff\/guillotine-coupe-anches-reeds-n-stuff\/#primaryimage\"},\"image\":{\"@id\":\"https:\/\/eg-reeds.com\/fr\/shop\/machines\/machines-reeds-n-stuff\/guillotine-coupe-anches-reeds-n-stuff\/#primaryimage\"},\"thumbnailUrl\":\"https:\/\/eg-reeds.com\/wp-content\/uploads\/2019\/09\/Reed-tip-guillotine-Reeds-n-Stuff.jpg\",\"datePublished\":\"2019-09-27T08:17:44+00:00\",\"dateModified\":\"2025-02-13T11:45:07+00:00\",\"description\":\"Guillotine coupe anches Reeds 'n Stuff pour hautbois et cor anglais. Cette guillotine semble \u00eatre un outil essentiel pour anches.\",\"breadcrumb\":{\"@id\":\"https:\/\/eg-reeds.com\/fr\/shop\/machines\/machines-reeds-n-stuff\/guillotine-coupe-anches-reeds-n-stuff\/#breadcrumb\"},\"inLanguage\":\"fr-FR\",\"potentialAction\":[{\"@type\":\"ReadAction\",\"target\":[\"https:\/\/eg-reeds.com\/fr\/shop\/machines\/machines-reeds-n-stuff\/guillotine-coupe-anches-reeds-n-stuff\/\"]}]},{\"@type\":\"ImageObject\",\"inLanguage\":\"fr-FR\",\"@id\":\"https:\/\/eg-reeds.com\/fr\/shop\/machines\/machines-reeds-n-stuff\/guillotine-coupe-anches-reeds-n-stuff\/#primaryimage\",\"url\":\"https:\/\/eg-reeds.com\/wp-content\/uploads\/2019\/09\/Reed-tip-guillotine-Reeds-n-Stuff.jpg\",\"contentUrl\":\"https:\/\/eg-reeds.com\/wp-content\/uploads\/2019\/09\/Reed-tip-guillotine-Reeds-n-Stuff.jpg\",\"width\":1500,\"height\":1000,\"caption\":\"Guillotine coupe anches\"},{\"@type\":\"BreadcrumbList\",\"@id\":\"https:\/\/eg-reeds.com\/fr\/shop\/machines\/machines-reeds-n-stuff\/guillotine-coupe-anches-reeds-n-stuff\/#breadcrumb\",\"itemListElement\":[{\"@type\":\"ListItem\",\"position\":1,\"name\":\"Accueil\",\"item\":\"https:\/\/eg-reeds.com\/fr\/\"},{\"@type\":\"ListItem\",\"position\":2,\"name\":\"Boutique\",\"item\":\"https:\/\/eg-reeds.com\/fr\/\"},{\"@type\":\"ListItem\",\"position\":3,\"name\":\"Guillotine coupe anches Reeds &#8216;n Stuff\"}]},{\"@type\":\"WebSite\",\"@id\":\"https:\/\/eg-reeds.com\/fr\/#website\",\"url\":\"https:\/\/eg-reeds.com\/fr\/\",\"name\":\"www.eg-reeds.com\",\"description\":\"Anches hautbois\",\"publisher\":{\"@id\":\"https:\/\/eg-reeds.com\/fr\/#organization\"},\"alternateName\":\"eg-reeds.com\",\"potentialAction\":[{\"@type\":\"SearchAction\",\"target\":{\"@type\":\"EntryPoint\",\"urlTemplate\":\"https:\/\/eg-reeds.com\/fr\/?s={search_term_string}\"},\"query-input\":{\"@type\":\"PropertyValueSpecification\",\"valueRequired\":true,\"valueName\":\"search_term_string\"}}],\"inLanguage\":\"fr-FR\"},{\"@type\":\"Organization\",\"@id\":\"https:\/\/eg-reeds.com\/fr\/#organization\",\"name\":\"www.eg-reeds.com\",\"url\":\"https:\/\/eg-reeds.com\/fr\/\",\"logo\":{\"@type\":\"ImageObject\",\"inLanguage\":\"fr-FR\",\"@id\":\"https:\/\/eg-reeds.com\/fr\/#\/schema\/logo\/image\/\",\"url\":\"https:\/\/eg-reeds.com\/wp-content\/uploads\/2024\/06\/Logo-scaled-e1718793906611.jpg\",\"contentUrl\":\"https:\/\/eg-reeds.com\/wp-content\/uploads\/2024\/06\/Logo-scaled-e1718793906611.jpg\",\"width\":1200,\"height\":493,\"caption\":\"www.eg-reeds.com\"},\"image\":{\"@id\":\"https:\/\/eg-reeds.com\/fr\/#\/schema\/logo\/image\/\"},\"sameAs\":[\"https:\/\/www.facebook.com\/EGREEDS\",\"https:\/\/x.com\/egreeds\",\"https:\/\/www.instagram.com\/egreeds\/\",\"https:\/\/www.youtube.com\/c\/EGREEDS\",\"https:\/\/www.threads.net\/@egreeds\",\"https:\/\/www.tiktok.com\/@egreeds\"]}]}<\/script>\n<meta property=\"product:price:amount\" content=\"219.63\" \/>\n<meta property=\"product:price:currency\" content=\"EUR\" \/>\n<meta property=\"og:availability\" content=\"instock\" \/>\n<meta property=\"product:availability\" content=\"instock\" \/>\n<meta property=\"product:retailer_item_id\" content=\"MRSGC - F10-15000-01\" \/>\n<meta property=\"product:condition\" content=\"new\" \/>\n<!-- \/ Yoast SEO Premium plugin. -->","yoast_head_json":{"title":"Guillotine coupe anches Reeds 'n Stuff - EG-REEDS","description":"Guillotine coupe anches Reeds 'n Stuff pour hautbois et cor anglais. Cette guillotine semble \u00eatre un outil essentiel pour anches.","robots":{"index":"index","follow":"follow","max-snippet":"max-snippet:-1","max-image-preview":"max-image-preview:large","max-video-preview":"max-video-preview:-1"},"canonical":"https:\/\/eg-reeds.com\/fr\/shop\/machines\/machines-reeds-n-stuff\/guillotine-coupe-anches-reeds-n-stuff\/","og_locale":"fr_FR","og_type":"article","og_title":"Guillotine coupe anches Reeds 'n Stuff","og_description":"Guillotine coupe anches Reeds 'n Stuff pour hautbois et cor anglais. Cette guillotine semble \u00eatre un outil essentiel pour anches.","og_url":"https:\/\/eg-reeds.com\/fr\/shop\/machines\/machines-reeds-n-stuff\/guillotine-coupe-anches-reeds-n-stuff\/","og_site_name":"EG-REEDS","article_publisher":"https:\/\/www.facebook.com\/EGREEDS","article_modified_time":"2025-02-13T11:45:07+00:00","og_image":[{"width":1500,"height":1000,"url":"https:\/\/eg-reeds.com\/wp-content\/uploads\/2019\/09\/Reed-tip-guillotine-Reeds-n-Stuff.jpg","type":"image\/jpeg"}],"twitter_card":"summary_large_image","twitter_site":"@egreeds","twitter_misc":{"Prix":"219,63&euro;","Disponibilit\u00e9":"En stock"},"schema":{"@context":"https:\/\/schema.org","@graph":[{"@type":["WebPage","ItemPage"],"@id":"https:\/\/eg-reeds.com\/fr\/shop\/machines\/machines-reeds-n-stuff\/guillotine-coupe-anches-reeds-n-stuff\/","url":"https:\/\/eg-reeds.com\/fr\/shop\/machines\/machines-reeds-n-stuff\/guillotine-coupe-anches-reeds-n-stuff\/","name":"Guillotine coupe anches Reeds 'n Stuff - EG-REEDS","isPartOf":{"@id":"https:\/\/eg-reeds.com\/fr\/#website"},"primaryImageOfPage":{"@id":"https:\/\/eg-reeds.com\/fr\/shop\/machines\/machines-reeds-n-stuff\/guillotine-coupe-anches-reeds-n-stuff\/#primaryimage"},"image":{"@id":"https:\/\/eg-reeds.com\/fr\/shop\/machines\/machines-reeds-n-stuff\/guillotine-coupe-anches-reeds-n-stuff\/#primaryimage"},"thumbnailUrl":"https:\/\/eg-reeds.com\/wp-content\/uploads\/2019\/09\/Reed-tip-guillotine-Reeds-n-Stuff.jpg","datePublished":"2019-09-27T08:17:44+00:00","dateModified":"2025-02-13T11:45:07+00:00","description":"Guillotine coupe anches Reeds 'n Stuff pour hautbois et cor anglais. Cette guillotine semble \u00eatre un outil essentiel pour anches.","breadcrumb":{"@id":"https:\/\/eg-reeds.com\/fr\/shop\/machines\/machines-reeds-n-stuff\/guillotine-coupe-anches-reeds-n-stuff\/#breadcrumb"},"inLanguage":"fr-FR","potentialAction":[{"@type":"ReadAction","target":["https:\/\/eg-reeds.com\/fr\/shop\/machines\/machines-reeds-n-stuff\/guillotine-coupe-anches-reeds-n-stuff\/"]}]},{"@type":"ImageObject","inLanguage":"fr-FR","@id":"https:\/\/eg-reeds.com\/fr\/shop\/machines\/machines-reeds-n-stuff\/guillotine-coupe-anches-reeds-n-stuff\/#primaryimage","url":"https:\/\/eg-reeds.com\/wp-content\/uploads\/2019\/09\/Reed-tip-guillotine-Reeds-n-Stuff.jpg","contentUrl":"https:\/\/eg-reeds.com\/wp-content\/uploads\/2019\/09\/Reed-tip-guillotine-Reeds-n-Stuff.jpg","width":1500,"height":1000,"caption":"Guillotine coupe anches"},{"@type":"BreadcrumbList","@id":"https:\/\/eg-reeds.com\/fr\/shop\/machines\/machines-reeds-n-stuff\/guillotine-coupe-anches-reeds-n-stuff\/#breadcrumb","itemListElement":[{"@type":"ListItem","position":1,"name":"Accueil","item":"https:\/\/eg-reeds.com\/fr\/"},{"@type":"ListItem","position":2,"name":"Boutique","item":"https:\/\/eg-reeds.com\/fr\/"},{"@type":"ListItem","position":3,"name":"Guillotine coupe anches Reeds &#8216;n Stuff"}]},{"@type":"WebSite","@id":"https:\/\/eg-reeds.com\/fr\/#website","url":"https:\/\/eg-reeds.com\/fr\/","name":"www.eg-reeds.com","description":"Anches hautbois","publisher":{"@id":"https:\/\/eg-reeds.com\/fr\/#organization"},"alternateName":"eg-reeds.com","potentialAction":[{"@type":"SearchAction","target":{"@type":"EntryPoint","urlTemplate":"https:\/\/eg-reeds.com\/fr\/?s={search_term_string}"},"query-input":{"@type":"PropertyValueSpecification","valueRequired":true,"valueName":"search_term_string"}}],"inLanguage":"fr-FR"},{"@type":"Organization","@id":"https:\/\/eg-reeds.com\/fr\/#organization","name":"www.eg-reeds.com","url":"https:\/\/eg-reeds.com\/fr\/","logo":{"@type":"ImageObject","inLanguage":"fr-FR","@id":"https:\/\/eg-reeds.com\/fr\/#\/schema\/logo\/image\/","url":"https:\/\/eg-reeds.com\/wp-content\/uploads\/2024\/06\/Logo-scaled-e1718793906611.jpg","contentUrl":"https:\/\/eg-reeds.com\/wp-content\/uploads\/2024\/06\/Logo-scaled-e1718793906611.jpg","width":1200,"height":493,"caption":"www.eg-reeds.com"},"image":{"@id":"https:\/\/eg-reeds.com\/fr\/#\/schema\/logo\/image\/"},"sameAs":["https:\/\/www.facebook.com\/EGREEDS","https:\/\/x.com\/egreeds","https:\/\/www.instagram.com\/egreeds\/","https:\/\/www.youtube.com\/c\/EGREEDS","https:\/\/www.threads.net\/@egreeds","https:\/\/www.tiktok.com\/@egreeds"]}]},"product_price_amount":"219.63","product_price_currency":"EUR","og_availability":"instock","product_availability":"instock","product_retailer_item_id":"MRSGC - F10-15000-01","product_condition":"new"},"_links":{"self":[{"href":"https:\/\/eg-reeds.com\/fr\/wp-json\/wp\/v2\/product\/37559","targetHints":{"allow":["GET"]}}],"collection":[{"href":"https:\/\/eg-reeds.com\/fr\/wp-json\/wp\/v2\/product"}],"about":[{"href":"https:\/\/eg-reeds.com\/fr\/wp-json\/wp\/v2\/types\/product"}],"replies":[{"embeddable":true,"href":"https:\/\/eg-reeds.com\/fr\/wp-json\/wp\/v2\/comments?post=37559"}],"wp:featuredmedia":[{"embeddable":true,"href":"https:\/\/eg-reeds.com\/fr\/wp-json\/wp\/v2\/media\/37548"}],"wp:attachment":[{"href":"https:\/\/eg-reeds.com\/fr\/wp-json\/wp\/v2\/media?parent=37559"}],"wp:term":[{"taxonomy":"product_brand","embeddable":true,"href":"https:\/\/eg-reeds.com\/fr\/wp-json\/wp\/v2\/product_brand?post=37559"},{"taxonomy":"product_cat","embeddable":true,"href":"https:\/\/eg-reeds.com\/fr\/wp-json\/wp\/v2\/product_cat?post=37559"},{"taxonomy":"product_tag","embeddable":true,"href":"https:\/\/eg-reeds.com\/fr\/wp-json\/wp\/v2\/product_tag?post=37559"},{"taxonomy":"giftcard-category","embeddable":true,"href":"https:\/\/eg-reeds.com\/fr\/wp-json\/wp\/v2\/giftcard-category?post=37559"}],"curies":[{"name":"wp","href":"https:\/\/api.w.org\/{rel}","templated":true}]}}