{"id":40281,"date":"2020-07-01T12:09:02","date_gmt":"2020-07-01T10:09:04","guid":{"rendered":"http:\/\/eg-reeds.com\/?post_type=product&#038;p=40281"},"modified":"2024-08-30T13:07:28","modified_gmt":"2024-08-30T11:07:28","slug":"machine-a-gratter-rieger","status":"publish","type":"product","link":"https:\/\/eg-reeds.com\/fr\/shop\/machines\/rieger-fr-2\/machine-a-gratter-rieger\/","title":{"rendered":"Machine \u00e0 gratter Rieger"},"content":{"rendered":"<h1><strong>Machine \u00e0 gratter Rieger.<\/strong><\/h1>\n<p>Machine \u00e0 gratter Rieger.<\/p>\n<p>D\u00e9lai de livraison Rieger: Environ 2 semaines.<\/p>\n<p>Mod\u00e8le standard, avec r\u00e9glage fin de l&rsquo;\u00e9paisseur. Avec moule changeable.<\/p>\n<p>&nbsp;<\/p>\n<p>&nbsp;<\/p>\n","protected":false},"excerpt":{"rendered":"<p>Machine \u00e0 gratter Rieger. Machine \u00e0 gratter Rieger. D\u00e9lai de livraison Rieger: Environ 2 semaines. Mod\u00e8le standard, avec r\u00e9glage fin de l&rsquo;\u00e9paisseur. Avec moule changeable. &nbsp; &nbsp;<\/p>\n","protected":false},"featured_media":40297,"comment_status":"open","ping_status":"closed","template":"","meta":[],"product_brand":[],"product_cat":[8015],"product_tag":[],"giftcard-category":[],"class_list":{"0":"post-40281","1":"product","2":"type-product","3":"status-publish","4":"has-post-thumbnail","6":"product_cat-rieger-fr-2","7":"product_shipping_class-rmm-fr","9":"first","10":"onbackorder","11":"sold-individually","12":"taxable","13":"shipping-taxable","14":"purchasable","15":"product-type-simple"},"yoast_head":"<!-- This site is optimized with the Yoast SEO Premium plugin v27.0 (Yoast SEO v27.4) - https:\/\/yoast.com\/product\/yoast-seo-premium-wordpress\/ -->\n<title>Machine \u00e0 gratter Rieger - EG-REEDS<\/title>\n<meta name=\"description\" content=\"Machine \u00e0 gratter Rieger. Mod\u00e8le standard, avec r\u00e9glage fin de l&#039;\u00e9paisseur. Avec moule changeable.\" \/>\n<meta name=\"robots\" content=\"index, follow, max-snippet:-1, max-image-preview:large, max-video-preview:-1\" \/>\n<link rel=\"canonical\" href=\"https:\/\/eg-reeds.com\/fr\/shop\/machines\/rieger-fr-2\/machine-a-gratter-rieger\/\" \/>\n<meta property=\"og:locale\" content=\"fr_FR\" \/>\n<meta property=\"og:type\" content=\"article\" \/>\n<meta property=\"og:title\" content=\"Machine \u00e0 gratter Rieger\" \/>\n<meta property=\"og:description\" content=\"Machine \u00e0 gratter Rieger. Mod\u00e8le standard, avec r\u00e9glage fin de l&#039;\u00e9paisseur. Avec moule changeable.\" \/>\n<meta property=\"og:url\" content=\"https:\/\/eg-reeds.com\/fr\/shop\/machines\/rieger-fr-2\/machine-a-gratter-rieger\/\" \/>\n<meta property=\"og:site_name\" content=\"EG-REEDS\" \/>\n<meta property=\"article:publisher\" content=\"https:\/\/www.facebook.com\/EGREEDS\" \/>\n<meta property=\"article:modified_time\" content=\"2024-08-30T11:07:28+00:00\" \/>\n<meta property=\"og:image\" content=\"https:\/\/eg-reeds.com\/wp-content\/uploads\/2020\/07\/Oboe-profiling-machine-Rieger.jpeg\" \/>\n\t<meta property=\"og:image:width\" content=\"1280\" \/>\n\t<meta property=\"og:image:height\" content=\"854\" \/>\n\t<meta property=\"og:image:type\" content=\"image\/jpeg\" \/>\n<meta name=\"twitter:card\" content=\"summary_large_image\" \/>\n<meta name=\"twitter:site\" content=\"@egreeds\" \/>\n<meta name=\"twitter:label1\" content=\"Prix\" \/>\n\t<meta name=\"twitter:data1\" content=\"1.915,00&euro;\" \/>\n\t<meta name=\"twitter:label2\" content=\"Disponibilit\u00e9\" \/>\n\t<meta name=\"twitter:data2\" content=\"En r\u00e9assort\" \/>\n<script type=\"application\/ld+json\" class=\"yoast-schema-graph\">{\"@context\":\"https:\\\/\\\/schema.org\",\"@graph\":[{\"@type\":[\"WebPage\",\"ItemPage\"],\"@id\":\"https:\\\/\\\/eg-reeds.com\\\/fr\\\/shop\\\/machines\\\/rieger-fr-2\\\/machine-a-gratter-rieger\\\/\",\"url\":\"https:\\\/\\\/eg-reeds.com\\\/fr\\\/shop\\\/machines\\\/rieger-fr-2\\\/machine-a-gratter-rieger\\\/\",\"name\":\"Machine \u00e0 gratter Rieger - EG-REEDS\",\"isPartOf\":{\"@id\":\"https:\\\/\\\/eg-reeds.com\\\/fr\\\/#website\"},\"primaryImageOfPage\":{\"@id\":\"https:\\\/\\\/eg-reeds.com\\\/fr\\\/shop\\\/machines\\\/rieger-fr-2\\\/machine-a-gratter-rieger\\\/#primaryimage\"},\"image\":{\"@id\":\"https:\\\/\\\/eg-reeds.com\\\/fr\\\/shop\\\/machines\\\/rieger-fr-2\\\/machine-a-gratter-rieger\\\/#primaryimage\"},\"thumbnailUrl\":\"https:\\\/\\\/eg-reeds.com\\\/wp-content\\\/uploads\\\/2020\\\/07\\\/Oboe-profiling-machine-Rieger.jpeg\",\"datePublished\":\"2020-07-01T10:09:04+00:00\",\"dateModified\":\"2024-08-30T11:07:28+00:00\",\"description\":\"Machine \u00e0 gratter Rieger. Mod\u00e8le standard, avec r\u00e9glage fin de l'\u00e9paisseur. Avec moule changeable.\",\"breadcrumb\":{\"@id\":\"https:\\\/\\\/eg-reeds.com\\\/fr\\\/shop\\\/machines\\\/rieger-fr-2\\\/machine-a-gratter-rieger\\\/#breadcrumb\"},\"inLanguage\":\"fr-FR\",\"potentialAction\":[{\"@type\":\"ReadAction\",\"target\":[\"https:\\\/\\\/eg-reeds.com\\\/fr\\\/shop\\\/machines\\\/rieger-fr-2\\\/machine-a-gratter-rieger\\\/\"]}]},{\"@type\":\"ImageObject\",\"inLanguage\":\"fr-FR\",\"@id\":\"https:\\\/\\\/eg-reeds.com\\\/fr\\\/shop\\\/machines\\\/rieger-fr-2\\\/machine-a-gratter-rieger\\\/#primaryimage\",\"url\":\"https:\\\/\\\/eg-reeds.com\\\/wp-content\\\/uploads\\\/2020\\\/07\\\/Oboe-profiling-machine-Rieger.jpeg\",\"contentUrl\":\"https:\\\/\\\/eg-reeds.com\\\/wp-content\\\/uploads\\\/2020\\\/07\\\/Oboe-profiling-machine-Rieger.jpeg\",\"width\":1280,\"height\":854,\"caption\":\"Machine \u00e0 gratter Rieger\"},{\"@type\":\"BreadcrumbList\",\"@id\":\"https:\\\/\\\/eg-reeds.com\\\/fr\\\/shop\\\/machines\\\/rieger-fr-2\\\/machine-a-gratter-rieger\\\/#breadcrumb\",\"itemListElement\":[{\"@type\":\"ListItem\",\"position\":1,\"name\":\"Accueil\",\"item\":\"https:\\\/\\\/eg-reeds.com\\\/fr\\\/\"},{\"@type\":\"ListItem\",\"position\":2,\"name\":\"Boutique\",\"item\":\"https:\\\/\\\/eg-reeds.com\\\/fr\\\/\"},{\"@type\":\"ListItem\",\"position\":3,\"name\":\"Machine \u00e0 gratter Rieger\"}]},{\"@type\":\"WebSite\",\"@id\":\"https:\\\/\\\/eg-reeds.com\\\/fr\\\/#website\",\"url\":\"https:\\\/\\\/eg-reeds.com\\\/fr\\\/\",\"name\":\"www.eg-reeds.com\",\"description\":\"Anches hautbois\",\"publisher\":{\"@id\":\"https:\\\/\\\/eg-reeds.com\\\/fr\\\/#organization\"},\"alternateName\":\"eg-reeds.com\",\"potentialAction\":[{\"@type\":\"SearchAction\",\"target\":{\"@type\":\"EntryPoint\",\"urlTemplate\":\"https:\\\/\\\/eg-reeds.com\\\/fr\\\/?s={search_term_string}\"},\"query-input\":{\"@type\":\"PropertyValueSpecification\",\"valueRequired\":true,\"valueName\":\"search_term_string\"}}],\"inLanguage\":\"fr-FR\"},{\"@type\":\"Organization\",\"@id\":\"https:\\\/\\\/eg-reeds.com\\\/fr\\\/#organization\",\"name\":\"www.eg-reeds.com\",\"url\":\"https:\\\/\\\/eg-reeds.com\\\/fr\\\/\",\"logo\":{\"@type\":\"ImageObject\",\"inLanguage\":\"fr-FR\",\"@id\":\"https:\\\/\\\/eg-reeds.com\\\/fr\\\/#\\\/schema\\\/logo\\\/image\\\/\",\"url\":\"https:\\\/\\\/eg-reeds.com\\\/wp-content\\\/uploads\\\/2024\\\/06\\\/Logo-scaled-e1718793906611.jpg\",\"contentUrl\":\"https:\\\/\\\/eg-reeds.com\\\/wp-content\\\/uploads\\\/2024\\\/06\\\/Logo-scaled-e1718793906611.jpg\",\"width\":1200,\"height\":493,\"caption\":\"www.eg-reeds.com\"},\"image\":{\"@id\":\"https:\\\/\\\/eg-reeds.com\\\/fr\\\/#\\\/schema\\\/logo\\\/image\\\/\"},\"sameAs\":[\"https:\\\/\\\/www.facebook.com\\\/EGREEDS\",\"https:\\\/\\\/x.com\\\/egreeds\",\"https:\\\/\\\/www.instagram.com\\\/egreeds\\\/\",\"https:\\\/\\\/www.youtube.com\\\/c\\\/EGREEDS\",\"https:\\\/\\\/www.threads.net\\\/@egreeds\",\"https:\\\/\\\/www.tiktok.com\\\/@egreeds\"]}]}<\/script>\n<meta property=\"product:price:amount\" content=\"1915.00\" \/>\n<meta property=\"product:price:currency\" content=\"EUR\" \/>\n<meta property=\"og:availability\" content=\"backorder\" \/>\n<meta property=\"product:availability\" content=\"available for order\" \/>\n<meta property=\"product:retailer_item_id\" content=\"MRR\" \/>\n<meta property=\"product:condition\" content=\"new\" \/>\n<!-- \/ Yoast SEO Premium plugin. -->","yoast_head_json":{"title":"Machine \u00e0 gratter Rieger - EG-REEDS","description":"Machine \u00e0 gratter Rieger. Mod\u00e8le standard, avec r\u00e9glage fin de l'\u00e9paisseur. Avec moule changeable.","robots":{"index":"index","follow":"follow","max-snippet":"max-snippet:-1","max-image-preview":"max-image-preview:large","max-video-preview":"max-video-preview:-1"},"canonical":"https:\/\/eg-reeds.com\/fr\/shop\/machines\/rieger-fr-2\/machine-a-gratter-rieger\/","og_locale":"fr_FR","og_type":"article","og_title":"Machine \u00e0 gratter Rieger","og_description":"Machine \u00e0 gratter Rieger. Mod\u00e8le standard, avec r\u00e9glage fin de l'\u00e9paisseur. Avec moule changeable.","og_url":"https:\/\/eg-reeds.com\/fr\/shop\/machines\/rieger-fr-2\/machine-a-gratter-rieger\/","og_site_name":"EG-REEDS","article_publisher":"https:\/\/www.facebook.com\/EGREEDS","article_modified_time":"2024-08-30T11:07:28+00:00","og_image":[{"width":1280,"height":854,"url":"https:\/\/eg-reeds.com\/wp-content\/uploads\/2020\/07\/Oboe-profiling-machine-Rieger.jpeg","type":"image\/jpeg"}],"twitter_card":"summary_large_image","twitter_site":"@egreeds","twitter_misc":{"Prix":"1.915,00&euro;","Disponibilit\u00e9":"En r\u00e9assort"},"schema":{"@context":"https:\/\/schema.org","@graph":[{"@type":["WebPage","ItemPage"],"@id":"https:\/\/eg-reeds.com\/fr\/shop\/machines\/rieger-fr-2\/machine-a-gratter-rieger\/","url":"https:\/\/eg-reeds.com\/fr\/shop\/machines\/rieger-fr-2\/machine-a-gratter-rieger\/","name":"Machine \u00e0 gratter Rieger - EG-REEDS","isPartOf":{"@id":"https:\/\/eg-reeds.com\/fr\/#website"},"primaryImageOfPage":{"@id":"https:\/\/eg-reeds.com\/fr\/shop\/machines\/rieger-fr-2\/machine-a-gratter-rieger\/#primaryimage"},"image":{"@id":"https:\/\/eg-reeds.com\/fr\/shop\/machines\/rieger-fr-2\/machine-a-gratter-rieger\/#primaryimage"},"thumbnailUrl":"https:\/\/eg-reeds.com\/wp-content\/uploads\/2020\/07\/Oboe-profiling-machine-Rieger.jpeg","datePublished":"2020-07-01T10:09:04+00:00","dateModified":"2024-08-30T11:07:28+00:00","description":"Machine \u00e0 gratter Rieger. Mod\u00e8le standard, avec r\u00e9glage fin de l'\u00e9paisseur. Avec moule changeable.","breadcrumb":{"@id":"https:\/\/eg-reeds.com\/fr\/shop\/machines\/rieger-fr-2\/machine-a-gratter-rieger\/#breadcrumb"},"inLanguage":"fr-FR","potentialAction":[{"@type":"ReadAction","target":["https:\/\/eg-reeds.com\/fr\/shop\/machines\/rieger-fr-2\/machine-a-gratter-rieger\/"]}]},{"@type":"ImageObject","inLanguage":"fr-FR","@id":"https:\/\/eg-reeds.com\/fr\/shop\/machines\/rieger-fr-2\/machine-a-gratter-rieger\/#primaryimage","url":"https:\/\/eg-reeds.com\/wp-content\/uploads\/2020\/07\/Oboe-profiling-machine-Rieger.jpeg","contentUrl":"https:\/\/eg-reeds.com\/wp-content\/uploads\/2020\/07\/Oboe-profiling-machine-Rieger.jpeg","width":1280,"height":854,"caption":"Machine \u00e0 gratter Rieger"},{"@type":"BreadcrumbList","@id":"https:\/\/eg-reeds.com\/fr\/shop\/machines\/rieger-fr-2\/machine-a-gratter-rieger\/#breadcrumb","itemListElement":[{"@type":"ListItem","position":1,"name":"Accueil","item":"https:\/\/eg-reeds.com\/fr\/"},{"@type":"ListItem","position":2,"name":"Boutique","item":"https:\/\/eg-reeds.com\/fr\/"},{"@type":"ListItem","position":3,"name":"Machine \u00e0 gratter Rieger"}]},{"@type":"WebSite","@id":"https:\/\/eg-reeds.com\/fr\/#website","url":"https:\/\/eg-reeds.com\/fr\/","name":"www.eg-reeds.com","description":"Anches hautbois","publisher":{"@id":"https:\/\/eg-reeds.com\/fr\/#organization"},"alternateName":"eg-reeds.com","potentialAction":[{"@type":"SearchAction","target":{"@type":"EntryPoint","urlTemplate":"https:\/\/eg-reeds.com\/fr\/?s={search_term_string}"},"query-input":{"@type":"PropertyValueSpecification","valueRequired":true,"valueName":"search_term_string"}}],"inLanguage":"fr-FR"},{"@type":"Organization","@id":"https:\/\/eg-reeds.com\/fr\/#organization","name":"www.eg-reeds.com","url":"https:\/\/eg-reeds.com\/fr\/","logo":{"@type":"ImageObject","inLanguage":"fr-FR","@id":"https:\/\/eg-reeds.com\/fr\/#\/schema\/logo\/image\/","url":"https:\/\/eg-reeds.com\/wp-content\/uploads\/2024\/06\/Logo-scaled-e1718793906611.jpg","contentUrl":"https:\/\/eg-reeds.com\/wp-content\/uploads\/2024\/06\/Logo-scaled-e1718793906611.jpg","width":1200,"height":493,"caption":"www.eg-reeds.com"},"image":{"@id":"https:\/\/eg-reeds.com\/fr\/#\/schema\/logo\/image\/"},"sameAs":["https:\/\/www.facebook.com\/EGREEDS","https:\/\/x.com\/egreeds","https:\/\/www.instagram.com\/egreeds\/","https:\/\/www.youtube.com\/c\/EGREEDS","https:\/\/www.threads.net\/@egreeds","https:\/\/www.tiktok.com\/@egreeds"]}]},"product_price_amount":"1915.00","product_price_currency":"EUR","og_availability":"backorder","product_availability":"available for order","product_retailer_item_id":"MRR","product_condition":"new"},"_links":{"self":[{"href":"https:\/\/eg-reeds.com\/fr\/wp-json\/wp\/v2\/product\/40281","targetHints":{"allow":["GET"]}}],"collection":[{"href":"https:\/\/eg-reeds.com\/fr\/wp-json\/wp\/v2\/product"}],"about":[{"href":"https:\/\/eg-reeds.com\/fr\/wp-json\/wp\/v2\/types\/product"}],"replies":[{"embeddable":true,"href":"https:\/\/eg-reeds.com\/fr\/wp-json\/wp\/v2\/comments?post=40281"}],"wp:featuredmedia":[{"embeddable":true,"href":"https:\/\/eg-reeds.com\/fr\/wp-json\/wp\/v2\/media\/40297"}],"wp:attachment":[{"href":"https:\/\/eg-reeds.com\/fr\/wp-json\/wp\/v2\/media?parent=40281"}],"wp:term":[{"taxonomy":"product_brand","embeddable":true,"href":"https:\/\/eg-reeds.com\/fr\/wp-json\/wp\/v2\/product_brand?post=40281"},{"taxonomy":"product_cat","embeddable":true,"href":"https:\/\/eg-reeds.com\/fr\/wp-json\/wp\/v2\/product_cat?post=40281"},{"taxonomy":"product_tag","embeddable":true,"href":"https:\/\/eg-reeds.com\/fr\/wp-json\/wp\/v2\/product_tag?post=40281"},{"taxonomy":"giftcard-category","embeddable":true,"href":"https:\/\/eg-reeds.com\/fr\/wp-json\/wp\/v2\/giftcard-category?post=40281"}],"curies":[{"name":"wp","href":"https:\/\/api.w.org\/{rel}","templated":true}]}}