{"id":43115,"date":"2020-12-09T20:25:34","date_gmt":"2020-12-09T18:25:34","guid":{"rendered":"http:\/\/eg-reeds.com\/shop\/non class\u00e9\/demonte-octave-reglable\/"},"modified":"2020-12-09T20:25:34","modified_gmt":"2020-12-09T19:25:34","slug":"demonte-octave-reglable","status":"publish","type":"product","link":"https:\/\/eg-reeds.com\/fr\/shop\/accessoires\/accessoires-pour-instruments\/demonte-octave-reglable\/","title":{"rendered":"D\u00e9monte octave r\u00e9glable"},"content":{"rendered":"<h1 class=\"p1\"><b>D\u00e9monte octave r\u00e9glable<\/b><\/h1>\n<p class=\"p1\">D\u00e9monte octave r\u00e9glable pour hautbois e cor anglais Chiarugi.<\/p>\n","protected":false},"excerpt":{"rendered":"<p class=\"p1\">D\u00e9monte octave r\u00e9glable<\/p>\n","protected":false},"featured_media":43096,"comment_status":"open","ping_status":"closed","template":"","meta":[],"product_brand":[],"product_cat":[3580,3811],"product_tag":[],"giftcard-category":[],"class_list":{"0":"post-43115","1":"product","2":"type-product","3":"status-publish","4":"has-post-thumbnail","6":"product_cat-accessoires-pour-instruments","7":"product_cat-hautbois","9":"first","10":"instock","11":"taxable","12":"shipping-taxable","13":"purchasable","14":"product-type-simple"},"yoast_head":"<!-- This site is optimized with the Yoast SEO Premium plugin v27.0 (Yoast SEO v27.2) - https:\/\/yoast.com\/product\/yoast-seo-premium-wordpress\/ -->\n<title>D\u00e9monte octave r\u00e9glable - EG-REEDS<\/title>\n<meta name=\"description\" content=\"D\u00e9monte octave r\u00e9glable pour hautbois e cor anglais\" \/>\n<meta name=\"robots\" content=\"index, follow, max-snippet:-1, max-image-preview:large, max-video-preview:-1\" \/>\n<link rel=\"canonical\" href=\"https:\/\/eg-reeds.com\/fr\/shop\/accessoires\/accessoires-pour-instruments\/demonte-octave-reglable\/\" \/>\n<meta property=\"og:locale\" content=\"fr_FR\" \/>\n<meta property=\"og:type\" content=\"article\" \/>\n<meta property=\"og:title\" content=\"D\u00e9monte octave r\u00e9glable\" \/>\n<meta property=\"og:description\" content=\"D\u00e9monte octave r\u00e9glable pour hautbois e cor anglais\" \/>\n<meta property=\"og:url\" content=\"https:\/\/eg-reeds.com\/fr\/shop\/accessoires\/accessoires-pour-instruments\/demonte-octave-reglable\/\" \/>\n<meta property=\"og:site_name\" content=\"EG-REEDS\" \/>\n<meta property=\"article:publisher\" content=\"https:\/\/www.facebook.com\/EGREEDS\" \/>\n<meta property=\"article:modified_time\" content=\"2020-12-09T19:25:34+00:00\" \/>\n<meta property=\"og:image\" content=\"https:\/\/eg-reeds.com\/wp-content\/uploads\/2020\/12\/Oboe-Octave-Insert-Remover.jpeg\" \/>\n\t<meta property=\"og:image:width\" content=\"1088\" \/>\n\t<meta property=\"og:image:height\" content=\"1280\" \/>\n\t<meta property=\"og:image:type\" content=\"image\/jpeg\" \/>\n<meta name=\"twitter:card\" content=\"summary_large_image\" \/>\n<meta name=\"twitter:site\" content=\"@egreeds\" \/>\n<meta name=\"twitter:label1\" content=\"Prix\" \/>\n\t<meta name=\"twitter:data1\" content=\"35,00&euro;\" \/>\n\t<meta name=\"twitter:label2\" content=\"Disponibilit\u00e9\" \/>\n\t<meta name=\"twitter:data2\" content=\"En stock\" \/>\n<script type=\"application\/ld+json\" class=\"yoast-schema-graph\">{\"@context\":\"https:\/\/schema.org\",\"@graph\":[{\"@type\":[\"WebPage\",\"ItemPage\"],\"@id\":\"https:\/\/eg-reeds.com\/fr\/shop\/accessoires\/accessoires-pour-instruments\/demonte-octave-reglable\/\",\"url\":\"https:\/\/eg-reeds.com\/fr\/shop\/accessoires\/accessoires-pour-instruments\/demonte-octave-reglable\/\",\"name\":\"D\u00e9monte octave r\u00e9glable - EG-REEDS\",\"isPartOf\":{\"@id\":\"https:\/\/eg-reeds.com\/fr\/#website\"},\"primaryImageOfPage\":{\"@id\":\"https:\/\/eg-reeds.com\/fr\/shop\/accessoires\/accessoires-pour-instruments\/demonte-octave-reglable\/#primaryimage\"},\"image\":{\"@id\":\"https:\/\/eg-reeds.com\/fr\/shop\/accessoires\/accessoires-pour-instruments\/demonte-octave-reglable\/#primaryimage\"},\"thumbnailUrl\":\"https:\/\/eg-reeds.com\/wp-content\/uploads\/2020\/12\/Oboe-Octave-Insert-Remover.jpeg\",\"datePublished\":\"2020-12-09T18:25:34+00:00\",\"dateModified\":\"2020-12-09T19:25:34+00:00\",\"description\":\"D\u00e9monte octave r\u00e9glable pour hautbois e cor anglais\",\"breadcrumb\":{\"@id\":\"https:\/\/eg-reeds.com\/fr\/shop\/accessoires\/accessoires-pour-instruments\/demonte-octave-reglable\/#breadcrumb\"},\"inLanguage\":\"fr-FR\",\"potentialAction\":[{\"@type\":\"ReadAction\",\"target\":[\"https:\/\/eg-reeds.com\/fr\/shop\/accessoires\/accessoires-pour-instruments\/demonte-octave-reglable\/\"]}]},{\"@type\":\"ImageObject\",\"inLanguage\":\"fr-FR\",\"@id\":\"https:\/\/eg-reeds.com\/fr\/shop\/accessoires\/accessoires-pour-instruments\/demonte-octave-reglable\/#primaryimage\",\"url\":\"https:\/\/eg-reeds.com\/wp-content\/uploads\/2020\/12\/Oboe-Octave-Insert-Remover.jpeg\",\"contentUrl\":\"https:\/\/eg-reeds.com\/wp-content\/uploads\/2020\/12\/Oboe-Octave-Insert-Remover.jpeg\",\"width\":1088,\"height\":1280,\"caption\":\"D\u00e9monte octave r\u00e9glable\"},{\"@type\":\"BreadcrumbList\",\"@id\":\"https:\/\/eg-reeds.com\/fr\/shop\/accessoires\/accessoires-pour-instruments\/demonte-octave-reglable\/#breadcrumb\",\"itemListElement\":[{\"@type\":\"ListItem\",\"position\":1,\"name\":\"Accueil\",\"item\":\"https:\/\/eg-reeds.com\/fr\/\"},{\"@type\":\"ListItem\",\"position\":2,\"name\":\"Boutique\",\"item\":\"https:\/\/eg-reeds.com\/fr\/\"},{\"@type\":\"ListItem\",\"position\":3,\"name\":\"D\u00e9monte octave r\u00e9glable\"}]},{\"@type\":\"WebSite\",\"@id\":\"https:\/\/eg-reeds.com\/fr\/#website\",\"url\":\"https:\/\/eg-reeds.com\/fr\/\",\"name\":\"www.eg-reeds.com\",\"description\":\"Anches hautbois\",\"publisher\":{\"@id\":\"https:\/\/eg-reeds.com\/fr\/#organization\"},\"alternateName\":\"eg-reeds.com\",\"potentialAction\":[{\"@type\":\"SearchAction\",\"target\":{\"@type\":\"EntryPoint\",\"urlTemplate\":\"https:\/\/eg-reeds.com\/fr\/?s={search_term_string}\"},\"query-input\":{\"@type\":\"PropertyValueSpecification\",\"valueRequired\":true,\"valueName\":\"search_term_string\"}}],\"inLanguage\":\"fr-FR\"},{\"@type\":\"Organization\",\"@id\":\"https:\/\/eg-reeds.com\/fr\/#organization\",\"name\":\"www.eg-reeds.com\",\"url\":\"https:\/\/eg-reeds.com\/fr\/\",\"logo\":{\"@type\":\"ImageObject\",\"inLanguage\":\"fr-FR\",\"@id\":\"https:\/\/eg-reeds.com\/fr\/#\/schema\/logo\/image\/\",\"url\":\"https:\/\/eg-reeds.com\/wp-content\/uploads\/2024\/06\/Logo-scaled-e1718793906611.jpg\",\"contentUrl\":\"https:\/\/eg-reeds.com\/wp-content\/uploads\/2024\/06\/Logo-scaled-e1718793906611.jpg\",\"width\":1200,\"height\":493,\"caption\":\"www.eg-reeds.com\"},\"image\":{\"@id\":\"https:\/\/eg-reeds.com\/fr\/#\/schema\/logo\/image\/\"},\"sameAs\":[\"https:\/\/www.facebook.com\/EGREEDS\",\"https:\/\/x.com\/egreeds\",\"https:\/\/www.instagram.com\/egreeds\/\",\"https:\/\/www.youtube.com\/c\/EGREEDS\",\"https:\/\/www.threads.net\/@egreeds\",\"https:\/\/www.tiktok.com\/@egreeds\"]}]}<\/script>\n<meta property=\"product:price:amount\" content=\"35.00\" \/>\n<meta property=\"product:price:currency\" content=\"EUR\" \/>\n<meta property=\"og:availability\" content=\"instock\" \/>\n<meta property=\"product:availability\" content=\"instock\" \/>\n<meta property=\"product:retailer_item_id\" content=\"ACAID\" \/>\n<meta property=\"product:condition\" content=\"new\" \/>\n<!-- \/ Yoast SEO Premium plugin. -->","yoast_head_json":{"title":"D\u00e9monte octave r\u00e9glable - EG-REEDS","description":"D\u00e9monte octave r\u00e9glable pour hautbois e cor anglais","robots":{"index":"index","follow":"follow","max-snippet":"max-snippet:-1","max-image-preview":"max-image-preview:large","max-video-preview":"max-video-preview:-1"},"canonical":"https:\/\/eg-reeds.com\/fr\/shop\/accessoires\/accessoires-pour-instruments\/demonte-octave-reglable\/","og_locale":"fr_FR","og_type":"article","og_title":"D\u00e9monte octave r\u00e9glable","og_description":"D\u00e9monte octave r\u00e9glable pour hautbois e cor anglais","og_url":"https:\/\/eg-reeds.com\/fr\/shop\/accessoires\/accessoires-pour-instruments\/demonte-octave-reglable\/","og_site_name":"EG-REEDS","article_publisher":"https:\/\/www.facebook.com\/EGREEDS","article_modified_time":"2020-12-09T19:25:34+00:00","og_image":[{"width":1088,"height":1280,"url":"https:\/\/eg-reeds.com\/wp-content\/uploads\/2020\/12\/Oboe-Octave-Insert-Remover.jpeg","type":"image\/jpeg"}],"twitter_card":"summary_large_image","twitter_site":"@egreeds","twitter_misc":{"Prix":"35,00&euro;","Disponibilit\u00e9":"En stock"},"schema":{"@context":"https:\/\/schema.org","@graph":[{"@type":["WebPage","ItemPage"],"@id":"https:\/\/eg-reeds.com\/fr\/shop\/accessoires\/accessoires-pour-instruments\/demonte-octave-reglable\/","url":"https:\/\/eg-reeds.com\/fr\/shop\/accessoires\/accessoires-pour-instruments\/demonte-octave-reglable\/","name":"D\u00e9monte octave r\u00e9glable - EG-REEDS","isPartOf":{"@id":"https:\/\/eg-reeds.com\/fr\/#website"},"primaryImageOfPage":{"@id":"https:\/\/eg-reeds.com\/fr\/shop\/accessoires\/accessoires-pour-instruments\/demonte-octave-reglable\/#primaryimage"},"image":{"@id":"https:\/\/eg-reeds.com\/fr\/shop\/accessoires\/accessoires-pour-instruments\/demonte-octave-reglable\/#primaryimage"},"thumbnailUrl":"https:\/\/eg-reeds.com\/wp-content\/uploads\/2020\/12\/Oboe-Octave-Insert-Remover.jpeg","datePublished":"2020-12-09T18:25:34+00:00","dateModified":"2020-12-09T19:25:34+00:00","description":"D\u00e9monte octave r\u00e9glable pour hautbois e cor anglais","breadcrumb":{"@id":"https:\/\/eg-reeds.com\/fr\/shop\/accessoires\/accessoires-pour-instruments\/demonte-octave-reglable\/#breadcrumb"},"inLanguage":"fr-FR","potentialAction":[{"@type":"ReadAction","target":["https:\/\/eg-reeds.com\/fr\/shop\/accessoires\/accessoires-pour-instruments\/demonte-octave-reglable\/"]}]},{"@type":"ImageObject","inLanguage":"fr-FR","@id":"https:\/\/eg-reeds.com\/fr\/shop\/accessoires\/accessoires-pour-instruments\/demonte-octave-reglable\/#primaryimage","url":"https:\/\/eg-reeds.com\/wp-content\/uploads\/2020\/12\/Oboe-Octave-Insert-Remover.jpeg","contentUrl":"https:\/\/eg-reeds.com\/wp-content\/uploads\/2020\/12\/Oboe-Octave-Insert-Remover.jpeg","width":1088,"height":1280,"caption":"D\u00e9monte octave r\u00e9glable"},{"@type":"BreadcrumbList","@id":"https:\/\/eg-reeds.com\/fr\/shop\/accessoires\/accessoires-pour-instruments\/demonte-octave-reglable\/#breadcrumb","itemListElement":[{"@type":"ListItem","position":1,"name":"Accueil","item":"https:\/\/eg-reeds.com\/fr\/"},{"@type":"ListItem","position":2,"name":"Boutique","item":"https:\/\/eg-reeds.com\/fr\/"},{"@type":"ListItem","position":3,"name":"D\u00e9monte octave r\u00e9glable"}]},{"@type":"WebSite","@id":"https:\/\/eg-reeds.com\/fr\/#website","url":"https:\/\/eg-reeds.com\/fr\/","name":"www.eg-reeds.com","description":"Anches hautbois","publisher":{"@id":"https:\/\/eg-reeds.com\/fr\/#organization"},"alternateName":"eg-reeds.com","potentialAction":[{"@type":"SearchAction","target":{"@type":"EntryPoint","urlTemplate":"https:\/\/eg-reeds.com\/fr\/?s={search_term_string}"},"query-input":{"@type":"PropertyValueSpecification","valueRequired":true,"valueName":"search_term_string"}}],"inLanguage":"fr-FR"},{"@type":"Organization","@id":"https:\/\/eg-reeds.com\/fr\/#organization","name":"www.eg-reeds.com","url":"https:\/\/eg-reeds.com\/fr\/","logo":{"@type":"ImageObject","inLanguage":"fr-FR","@id":"https:\/\/eg-reeds.com\/fr\/#\/schema\/logo\/image\/","url":"https:\/\/eg-reeds.com\/wp-content\/uploads\/2024\/06\/Logo-scaled-e1718793906611.jpg","contentUrl":"https:\/\/eg-reeds.com\/wp-content\/uploads\/2024\/06\/Logo-scaled-e1718793906611.jpg","width":1200,"height":493,"caption":"www.eg-reeds.com"},"image":{"@id":"https:\/\/eg-reeds.com\/fr\/#\/schema\/logo\/image\/"},"sameAs":["https:\/\/www.facebook.com\/EGREEDS","https:\/\/x.com\/egreeds","https:\/\/www.instagram.com\/egreeds\/","https:\/\/www.youtube.com\/c\/EGREEDS","https:\/\/www.threads.net\/@egreeds","https:\/\/www.tiktok.com\/@egreeds"]}]},"product_price_amount":"35.00","product_price_currency":"EUR","og_availability":"instock","product_availability":"instock","product_retailer_item_id":"ACAID","product_condition":"new"},"_links":{"self":[{"href":"https:\/\/eg-reeds.com\/fr\/wp-json\/wp\/v2\/product\/43115","targetHints":{"allow":["GET"]}}],"collection":[{"href":"https:\/\/eg-reeds.com\/fr\/wp-json\/wp\/v2\/product"}],"about":[{"href":"https:\/\/eg-reeds.com\/fr\/wp-json\/wp\/v2\/types\/product"}],"replies":[{"embeddable":true,"href":"https:\/\/eg-reeds.com\/fr\/wp-json\/wp\/v2\/comments?post=43115"}],"wp:featuredmedia":[{"embeddable":true,"href":"https:\/\/eg-reeds.com\/fr\/wp-json\/wp\/v2\/media\/43096"}],"wp:attachment":[{"href":"https:\/\/eg-reeds.com\/fr\/wp-json\/wp\/v2\/media?parent=43115"}],"wp:term":[{"taxonomy":"product_brand","embeddable":true,"href":"https:\/\/eg-reeds.com\/fr\/wp-json\/wp\/v2\/product_brand?post=43115"},{"taxonomy":"product_cat","embeddable":true,"href":"https:\/\/eg-reeds.com\/fr\/wp-json\/wp\/v2\/product_cat?post=43115"},{"taxonomy":"product_tag","embeddable":true,"href":"https:\/\/eg-reeds.com\/fr\/wp-json\/wp\/v2\/product_tag?post=43115"},{"taxonomy":"giftcard-category","embeddable":true,"href":"https:\/\/eg-reeds.com\/fr\/wp-json\/wp\/v2\/giftcard-category?post=43115"}],"curies":[{"name":"wp","href":"https:\/\/api.w.org\/{rel}","templated":true}]}}