{"id":43416,"date":"2020-12-01T20:26:08","date_gmt":"2020-12-01T19:26:08","guid":{"rendered":"http:\/\/eg-reeds.com\/shop\/non%20class\u00e9\/carte-cadeau\/"},"modified":"2021-11-24T18:01:35","modified_gmt":"2021-11-24T16:01:35","slug":"carte-cadeau","status":"publish","type":"product","link":"https:\/\/eg-reeds.com\/fr\/shop\/cadeaux\/carte-cadeau\/","title":{"rendered":"Carte cadeau"},"content":{"rendered":"<h1><strong>Carte cadeau.<\/strong><\/h1>\n<div>Carte-cadeau virtuelle EG-REEDS.<\/div>\n<div><\/div>\n<ul>\n<li>Le cadeau id\u00e9al pour tous pour No\u00ebl, anniversaire, Saint Valentin, mariage &#8230;<\/li>\n<li>Vous pouvez envoyer le montant que vous souhaitez.<\/li>\n<li>Le montant est alors disponible sous forme de bon d&rsquo;achat sur n&rsquo;importe quel produit sur <a href=\"http:\/\/eg-reeds.com\/fr\" target=\"_blank\" rel=\"noopener noreferrer\">www.eg-reeds.com<\/a><\/li>\n<li>Personnalisez-le avec votre message au destinataire.<\/li>\n<li>La date de livraison de l&rsquo;e-mail d\u00e9pend de vous.<\/li>\n<\/ul>\n<div>Pour plus d&rsquo;informations, veuillez nous contacter \u00e0 <a href=\"mailto:info@eg-reeds.com\" target=\"_blank\" rel=\"noopener noreferrer\">info@eg-reeds.com<\/a><\/div>\n<div><\/div>\n<h3>Conditions de la carte cadeau:<\/h3>\n<div>La carte cadeau sera envoy\u00e9e par email au destinataire d\u00e8s que votre paiement sera confirm\u00e9. Vous pouvez \u00e9galement choisir d&rsquo;envoyer \u00e0 une date ult\u00e9rieure. Vous recevrez un e-mail lorsqu&rsquo;il aura \u00e9t\u00e9 livr\u00e9 au destinataire.<\/div>\n<div><\/div>\n<div>Taxes incluses.<\/div>\n<div><\/div>\n<div><strong>Attention:<\/strong> valable uniquement pour le pays dans lequel vous l&rsquo;avez achet\u00e9. En cas d&rsquo;utilisation abusive, nous annulerons la commande.<\/div>\n<div><\/div>\n<div>C&rsquo;est un document au porteur. La carte ne sera pas remplac\u00e9e si elle est vol\u00e9e, perdue, \u00e9gar\u00e9e ou endommag\u00e9e.<\/div>\n","protected":false},"excerpt":{"rendered":"<p>S\u00e9lectionnez le montant, la date de livraison et couvrez les informations sur l&rsquo;exp\u00e9diteur et le destinataire et vous pouvez passer \u00e0 la caisse. Veuillez lire les conditions de la carte-cadeau ci-dessous.<\/p>\n","protected":false},"featured_media":42717,"comment_status":"open","ping_status":"closed","template":"","meta":[],"product_brand":[],"product_cat":[3776],"product_tag":[],"giftcard-category":[],"class_list":{"0":"post-43416","1":"product","2":"type-product","3":"status-publish","4":"has-post-thumbnail","6":"product_cat-cadeaux","8":"first","9":"instock","10":"virtual","11":"taxable","12":"purchasable","13":"product-type-gift-card"},"yoast_head":"<!-- This site is optimized with the Yoast SEO Premium plugin v27.0 (Yoast SEO v27.4) - https:\/\/yoast.com\/product\/yoast-seo-premium-wordpress\/ -->\n<title>Carte cadeau - EG-REEDS<\/title>\n<meta name=\"description\" content=\"Carte-cadeau virtuelle EG-REEDS. Le cadeau id\u00e9al pour tous pour No\u00ebl, anniversaire, Saint Valentin, mariage ...\" \/>\n<meta name=\"robots\" content=\"index, follow, max-snippet:-1, max-image-preview:large, max-video-preview:-1\" \/>\n<link rel=\"canonical\" href=\"https:\/\/eg-reeds.com\/fr\/shop\/cadeaux\/carte-cadeau\/\" \/>\n<meta property=\"og:locale\" content=\"fr_FR\" \/>\n<meta property=\"og:type\" content=\"article\" \/>\n<meta property=\"og:title\" content=\"Carte cadeau\" \/>\n<meta property=\"og:description\" content=\"Carte-cadeau virtuelle EG-REEDS. Le cadeau id\u00e9al pour tous pour No\u00ebl, anniversaire, Saint Valentin, mariage ...\" \/>\n<meta property=\"og:url\" content=\"https:\/\/eg-reeds.com\/fr\/shop\/cadeaux\/carte-cadeau\/\" \/>\n<meta property=\"og:site_name\" content=\"EG-REEDS\" \/>\n<meta property=\"article:publisher\" content=\"https:\/\/www.facebook.com\/EGREEDS\" \/>\n<meta property=\"article:modified_time\" content=\"2021-11-24T16:01:35+00:00\" \/>\n<meta property=\"og:image\" content=\"https:\/\/eg-reeds.com\/wp-content\/uploads\/2020\/12\/Gift-card-EG-REEDS.png\" \/>\n\t<meta property=\"og:image:width\" content=\"1747\" \/>\n\t<meta property=\"og:image:height\" content=\"1240\" \/>\n\t<meta property=\"og:image:type\" content=\"image\/png\" \/>\n<meta name=\"twitter:card\" content=\"summary_large_image\" \/>\n<meta name=\"twitter:site\" content=\"@egreeds\" \/>\n<meta name=\"twitter:label1\" content=\"Prix\" \/>\n\t<meta name=\"twitter:data1\" content=\"\" \/>\n\t<meta name=\"twitter:label2\" content=\"Disponibilit\u00e9\" \/>\n\t<meta name=\"twitter:data2\" content=\"En stock\" \/>\n<script type=\"application\/ld+json\" class=\"yoast-schema-graph\">{\"@context\":\"https:\\\/\\\/schema.org\",\"@graph\":[{\"@type\":[\"WebPage\",\"ItemPage\"],\"@id\":\"https:\\\/\\\/eg-reeds.com\\\/fr\\\/shop\\\/cadeaux\\\/carte-cadeau\\\/\",\"url\":\"https:\\\/\\\/eg-reeds.com\\\/fr\\\/shop\\\/cadeaux\\\/carte-cadeau\\\/\",\"name\":\"Carte cadeau - EG-REEDS\",\"isPartOf\":{\"@id\":\"https:\\\/\\\/eg-reeds.com\\\/fr\\\/#website\"},\"primaryImageOfPage\":{\"@id\":\"https:\\\/\\\/eg-reeds.com\\\/fr\\\/shop\\\/cadeaux\\\/carte-cadeau\\\/#primaryimage\"},\"image\":{\"@id\":\"https:\\\/\\\/eg-reeds.com\\\/fr\\\/shop\\\/cadeaux\\\/carte-cadeau\\\/#primaryimage\"},\"thumbnailUrl\":\"https:\\\/\\\/eg-reeds.com\\\/wp-content\\\/uploads\\\/2020\\\/12\\\/Gift-card-EG-REEDS.png\",\"datePublished\":\"2020-12-01T19:26:08+00:00\",\"dateModified\":\"2021-11-24T16:01:35+00:00\",\"description\":\"Carte-cadeau virtuelle EG-REEDS. Le cadeau id\u00e9al pour tous pour No\u00ebl, anniversaire, Saint Valentin, mariage ...\",\"breadcrumb\":{\"@id\":\"https:\\\/\\\/eg-reeds.com\\\/fr\\\/shop\\\/cadeaux\\\/carte-cadeau\\\/#breadcrumb\"},\"inLanguage\":\"fr-FR\",\"potentialAction\":[{\"@type\":\"ReadAction\",\"target\":[\"https:\\\/\\\/eg-reeds.com\\\/fr\\\/shop\\\/cadeaux\\\/carte-cadeau\\\/\"]}]},{\"@type\":\"ImageObject\",\"inLanguage\":\"fr-FR\",\"@id\":\"https:\\\/\\\/eg-reeds.com\\\/fr\\\/shop\\\/cadeaux\\\/carte-cadeau\\\/#primaryimage\",\"url\":\"https:\\\/\\\/eg-reeds.com\\\/wp-content\\\/uploads\\\/2020\\\/12\\\/Gift-card-EG-REEDS.png\",\"contentUrl\":\"https:\\\/\\\/eg-reeds.com\\\/wp-content\\\/uploads\\\/2020\\\/12\\\/Gift-card-EG-REEDS.png\",\"width\":1747,\"height\":1240,\"caption\":\"Carte cadeau\"},{\"@type\":\"BreadcrumbList\",\"@id\":\"https:\\\/\\\/eg-reeds.com\\\/fr\\\/shop\\\/cadeaux\\\/carte-cadeau\\\/#breadcrumb\",\"itemListElement\":[{\"@type\":\"ListItem\",\"position\":1,\"name\":\"Accueil\",\"item\":\"https:\\\/\\\/eg-reeds.com\\\/fr\\\/\"},{\"@type\":\"ListItem\",\"position\":2,\"name\":\"Boutique\",\"item\":\"https:\\\/\\\/eg-reeds.com\\\/fr\\\/\"},{\"@type\":\"ListItem\",\"position\":3,\"name\":\"Carte cadeau\"}]},{\"@type\":\"WebSite\",\"@id\":\"https:\\\/\\\/eg-reeds.com\\\/fr\\\/#website\",\"url\":\"https:\\\/\\\/eg-reeds.com\\\/fr\\\/\",\"name\":\"www.eg-reeds.com\",\"description\":\"Anches hautbois\",\"publisher\":{\"@id\":\"https:\\\/\\\/eg-reeds.com\\\/fr\\\/#organization\"},\"alternateName\":\"eg-reeds.com\",\"potentialAction\":[{\"@type\":\"SearchAction\",\"target\":{\"@type\":\"EntryPoint\",\"urlTemplate\":\"https:\\\/\\\/eg-reeds.com\\\/fr\\\/?s={search_term_string}\"},\"query-input\":{\"@type\":\"PropertyValueSpecification\",\"valueRequired\":true,\"valueName\":\"search_term_string\"}}],\"inLanguage\":\"fr-FR\"},{\"@type\":\"Organization\",\"@id\":\"https:\\\/\\\/eg-reeds.com\\\/fr\\\/#organization\",\"name\":\"www.eg-reeds.com\",\"url\":\"https:\\\/\\\/eg-reeds.com\\\/fr\\\/\",\"logo\":{\"@type\":\"ImageObject\",\"inLanguage\":\"fr-FR\",\"@id\":\"https:\\\/\\\/eg-reeds.com\\\/fr\\\/#\\\/schema\\\/logo\\\/image\\\/\",\"url\":\"https:\\\/\\\/eg-reeds.com\\\/wp-content\\\/uploads\\\/2024\\\/06\\\/Logo-scaled-e1718793906611.jpg\",\"contentUrl\":\"https:\\\/\\\/eg-reeds.com\\\/wp-content\\\/uploads\\\/2024\\\/06\\\/Logo-scaled-e1718793906611.jpg\",\"width\":1200,\"height\":493,\"caption\":\"www.eg-reeds.com\"},\"image\":{\"@id\":\"https:\\\/\\\/eg-reeds.com\\\/fr\\\/#\\\/schema\\\/logo\\\/image\\\/\"},\"sameAs\":[\"https:\\\/\\\/www.facebook.com\\\/EGREEDS\",\"https:\\\/\\\/x.com\\\/egreeds\",\"https:\\\/\\\/www.instagram.com\\\/egreeds\\\/\",\"https:\\\/\\\/www.youtube.com\\\/c\\\/EGREEDS\",\"https:\\\/\\\/www.threads.net\\\/@egreeds\",\"https:\\\/\\\/www.tiktok.com\\\/@egreeds\"]}]}<\/script>\n<meta property=\"product:price:currency\" content=\"EUR\" \/>\n<meta property=\"og:availability\" content=\"instock\" \/>\n<meta property=\"product:availability\" content=\"instock\" \/>\n<meta property=\"product:retailer_item_id\" content=\"RTR\" \/>\n<meta property=\"product:condition\" content=\"new\" \/>\n<!-- \/ Yoast SEO Premium plugin. -->","yoast_head_json":{"title":"Carte cadeau - EG-REEDS","description":"Carte-cadeau virtuelle EG-REEDS. Le cadeau id\u00e9al pour tous pour No\u00ebl, anniversaire, Saint Valentin, mariage ...","robots":{"index":"index","follow":"follow","max-snippet":"max-snippet:-1","max-image-preview":"max-image-preview:large","max-video-preview":"max-video-preview:-1"},"canonical":"https:\/\/eg-reeds.com\/fr\/shop\/cadeaux\/carte-cadeau\/","og_locale":"fr_FR","og_type":"article","og_title":"Carte cadeau","og_description":"Carte-cadeau virtuelle EG-REEDS. Le cadeau id\u00e9al pour tous pour No\u00ebl, anniversaire, Saint Valentin, mariage ...","og_url":"https:\/\/eg-reeds.com\/fr\/shop\/cadeaux\/carte-cadeau\/","og_site_name":"EG-REEDS","article_publisher":"https:\/\/www.facebook.com\/EGREEDS","article_modified_time":"2021-11-24T16:01:35+00:00","og_image":[{"width":1747,"height":1240,"url":"https:\/\/eg-reeds.com\/wp-content\/uploads\/2020\/12\/Gift-card-EG-REEDS.png","type":"image\/png"}],"twitter_card":"summary_large_image","twitter_site":"@egreeds","twitter_misc":{"Prix":"","Disponibilit\u00e9":"En stock"},"schema":{"@context":"https:\/\/schema.org","@graph":[{"@type":["WebPage","ItemPage"],"@id":"https:\/\/eg-reeds.com\/fr\/shop\/cadeaux\/carte-cadeau\/","url":"https:\/\/eg-reeds.com\/fr\/shop\/cadeaux\/carte-cadeau\/","name":"Carte cadeau - EG-REEDS","isPartOf":{"@id":"https:\/\/eg-reeds.com\/fr\/#website"},"primaryImageOfPage":{"@id":"https:\/\/eg-reeds.com\/fr\/shop\/cadeaux\/carte-cadeau\/#primaryimage"},"image":{"@id":"https:\/\/eg-reeds.com\/fr\/shop\/cadeaux\/carte-cadeau\/#primaryimage"},"thumbnailUrl":"https:\/\/eg-reeds.com\/wp-content\/uploads\/2020\/12\/Gift-card-EG-REEDS.png","datePublished":"2020-12-01T19:26:08+00:00","dateModified":"2021-11-24T16:01:35+00:00","description":"Carte-cadeau virtuelle EG-REEDS. Le cadeau id\u00e9al pour tous pour No\u00ebl, anniversaire, Saint Valentin, mariage ...","breadcrumb":{"@id":"https:\/\/eg-reeds.com\/fr\/shop\/cadeaux\/carte-cadeau\/#breadcrumb"},"inLanguage":"fr-FR","potentialAction":[{"@type":"ReadAction","target":["https:\/\/eg-reeds.com\/fr\/shop\/cadeaux\/carte-cadeau\/"]}]},{"@type":"ImageObject","inLanguage":"fr-FR","@id":"https:\/\/eg-reeds.com\/fr\/shop\/cadeaux\/carte-cadeau\/#primaryimage","url":"https:\/\/eg-reeds.com\/wp-content\/uploads\/2020\/12\/Gift-card-EG-REEDS.png","contentUrl":"https:\/\/eg-reeds.com\/wp-content\/uploads\/2020\/12\/Gift-card-EG-REEDS.png","width":1747,"height":1240,"caption":"Carte cadeau"},{"@type":"BreadcrumbList","@id":"https:\/\/eg-reeds.com\/fr\/shop\/cadeaux\/carte-cadeau\/#breadcrumb","itemListElement":[{"@type":"ListItem","position":1,"name":"Accueil","item":"https:\/\/eg-reeds.com\/fr\/"},{"@type":"ListItem","position":2,"name":"Boutique","item":"https:\/\/eg-reeds.com\/fr\/"},{"@type":"ListItem","position":3,"name":"Carte cadeau"}]},{"@type":"WebSite","@id":"https:\/\/eg-reeds.com\/fr\/#website","url":"https:\/\/eg-reeds.com\/fr\/","name":"www.eg-reeds.com","description":"Anches hautbois","publisher":{"@id":"https:\/\/eg-reeds.com\/fr\/#organization"},"alternateName":"eg-reeds.com","potentialAction":[{"@type":"SearchAction","target":{"@type":"EntryPoint","urlTemplate":"https:\/\/eg-reeds.com\/fr\/?s={search_term_string}"},"query-input":{"@type":"PropertyValueSpecification","valueRequired":true,"valueName":"search_term_string"}}],"inLanguage":"fr-FR"},{"@type":"Organization","@id":"https:\/\/eg-reeds.com\/fr\/#organization","name":"www.eg-reeds.com","url":"https:\/\/eg-reeds.com\/fr\/","logo":{"@type":"ImageObject","inLanguage":"fr-FR","@id":"https:\/\/eg-reeds.com\/fr\/#\/schema\/logo\/image\/","url":"https:\/\/eg-reeds.com\/wp-content\/uploads\/2024\/06\/Logo-scaled-e1718793906611.jpg","contentUrl":"https:\/\/eg-reeds.com\/wp-content\/uploads\/2024\/06\/Logo-scaled-e1718793906611.jpg","width":1200,"height":493,"caption":"www.eg-reeds.com"},"image":{"@id":"https:\/\/eg-reeds.com\/fr\/#\/schema\/logo\/image\/"},"sameAs":["https:\/\/www.facebook.com\/EGREEDS","https:\/\/x.com\/egreeds","https:\/\/www.instagram.com\/egreeds\/","https:\/\/www.youtube.com\/c\/EGREEDS","https:\/\/www.threads.net\/@egreeds","https:\/\/www.tiktok.com\/@egreeds"]}]},"product_price_currency":"EUR","og_availability":"instock","product_availability":"instock","product_retailer_item_id":"RTR","product_condition":"new"},"_links":{"self":[{"href":"https:\/\/eg-reeds.com\/fr\/wp-json\/wp\/v2\/product\/43416","targetHints":{"allow":["GET"]}}],"collection":[{"href":"https:\/\/eg-reeds.com\/fr\/wp-json\/wp\/v2\/product"}],"about":[{"href":"https:\/\/eg-reeds.com\/fr\/wp-json\/wp\/v2\/types\/product"}],"replies":[{"embeddable":true,"href":"https:\/\/eg-reeds.com\/fr\/wp-json\/wp\/v2\/comments?post=43416"}],"wp:featuredmedia":[{"embeddable":true,"href":"https:\/\/eg-reeds.com\/fr\/wp-json\/wp\/v2\/media\/42717"}],"wp:attachment":[{"href":"https:\/\/eg-reeds.com\/fr\/wp-json\/wp\/v2\/media?parent=43416"}],"wp:term":[{"taxonomy":"product_brand","embeddable":true,"href":"https:\/\/eg-reeds.com\/fr\/wp-json\/wp\/v2\/product_brand?post=43416"},{"taxonomy":"product_cat","embeddable":true,"href":"https:\/\/eg-reeds.com\/fr\/wp-json\/wp\/v2\/product_cat?post=43416"},{"taxonomy":"product_tag","embeddable":true,"href":"https:\/\/eg-reeds.com\/fr\/wp-json\/wp\/v2\/product_tag?post=43416"},{"taxonomy":"giftcard-category","embeddable":true,"href":"https:\/\/eg-reeds.com\/fr\/wp-json\/wp\/v2\/giftcard-category?post=43416"}],"curies":[{"name":"wp","href":"https:\/\/api.w.org\/{rel}","templated":true}]}}