{"id":46412,"date":"2022-06-23T17:51:53","date_gmt":"2022-06-23T15:51:53","guid":{"rendered":"http:\/\/eg-reeds.com\/?post_type=product&#038;p=46412"},"modified":"2025-02-24T11:14:36","modified_gmt":"2025-02-24T10:14:36","slug":"hautbois-intermediaire-eg-reeds","status":"publish","type":"product","link":"https:\/\/eg-reeds.com\/fr\/shop\/hautbois\/hautbois-intermediaire-eg-reeds\/","title":{"rendered":"Hautbois interm\u00e9diaire EG-REEDS"},"content":{"rendered":"<h1><strong>Hautbois interm\u00e9diaire EG-REEDS.<\/strong><\/h1>\n<p>Hautbois interm\u00e9diaire EG-REEDS. Notre hautbois pour les \u00e9tudiants de niveau interm\u00e9diaire EG-REEDS a un syst\u00e8me de conservatoire complet avec toutes les cl\u00e9s. Un instrument semi-professionnel. Semi-automatique. Avec cl\u00e9s en plaqu\u00e9 argent. Les hautbois interm\u00e9diaires sont fabriqu\u00e9s en composite (m\u00e9lange de bois et d&rsquo;ABS). Cela fait un hautbois l\u00e9ger mais en m\u00eame temps tr\u00e8s r\u00e9sistant. Si vous cherchez un hautbois \u00e9tudiant abordable offrant une bonne qualit\u00e9, celui-ci est fait pour vous.<\/p>\n<p>Hautbois semi-professionnel, complet, avec lequel l&rsquo;\u00e9tudiant peut jouer pendant de nombreuses ann\u00e9es. Con\u00e7u \u00e9galement pour les amateurs qui veulent profiter du hautbois avec un bon instrument \u00e0 un bon prix. Il produit un beau son avec une bonne intonation et une bonne r\u00e9ponse. Un hautbois de bonne qualit\u00e9 au meilleur prix.<\/p>\n<p>Le prix comprend l&rsquo;\u00e9tui de transport (sac \u00e0 dos), 1 anche EG-REEDS, un \u00e9couvillon pour hautbois et graisse pour li\u00e8ge.<\/p>\n<p>Pour toute information compl\u00e9mentaire, veuillez nous contacter par e-mail: <a href=\"mailto:info@eg-reeds.com\">info@eg-reeds.com<\/a><\/p>\n<div>\n<ul>\n<li class=\"bullet-checkmark\">Mod\u00e8le interm\u00e9diaire. Semi-professionnel.<\/li>\n<li class=\"bullet-checkmark\">Semi-automatique.<\/li>\n<li class=\"bullet-checkmark\">Corps composite (m\u00e9lange de bois et d&rsquo;ABS).<\/li>\n<li class=\"bullet-checkmark\">Cl\u00e9s en plaqu\u00e9 argent.<\/li>\n<li class=\"bullet-checkmark\">Le prix comprend: l&rsquo;\u00e9tui de transport, 1 <a href=\"https:\/\/eg-reeds.com\/fr\/shop\/anches-et-roseaux-pour-etudiants\/anche-hautbois-etudiant-intermediaire-eg-reeds\/\" target=\"_blank\" rel=\"noopener\">anche interm\u00e9diaire EG-REEDS<\/a>, un \u00e9couvillon et graisse pour li\u00e8ge.<\/li>\n<\/ul>\n<p><iframe loading=\"lazy\" title=\"Oboe estudiante intermedio EG-REEDS.\" width=\"1020\" height=\"574\" src=\"https:\/\/www.youtube.com\/embed\/dVxxXZ975dE?feature=oembed\" frameborder=\"0\" allow=\"accelerometer; autoplay; clipboard-write; encrypted-media; gyroscope; picture-in-picture; web-share\" referrerpolicy=\"strict-origin-when-cross-origin\" allowfullscreen><\/iframe><\/p>\n<\/div>\n<h2><strong>Pourquoi choisir le hautbois interm\u00e9diaire EG-REEDS ?<\/strong><\/h2>\n<p>Le choix id\u00e9al pour les \u00e9tudiants avanc\u00e9s et les amateurs qui souhaitent am\u00e9liorer leurs comp\u00e9tences musicales sans investir dans un instrument professionnel. Avec un design robuste, des mat\u00e9riaux de haute qualit\u00e9 et un prix comp\u00e9titif, le hautbois interm\u00e9diaire EG-REEDS offre un \u00e9quilibre parfait entre performance et co\u00fbt. D\u00e9couvrez pourquoi des musiciens du monde entier choisissent EG-REEDS pour leur parcours musical !<\/p>\n<p><strong>Commandez d\u00e8s maintenant votre hautbois interm\u00e9diaire et commencez \u00e0 jouer avec un instrument de qualit\u00e9.<\/strong><\/p>\n<p>Si vous avez besoin d&rsquo;un hautbois pour les \u00e9tudiants qui d\u00e9butent avec le hautbois, nous vous recommandons notre <a href=\"https:\/\/eg-reeds.com\/fr\/shop\/hautbois\/hautbois-etudiant-debutant-eg-reeds\/\" target=\"_blank\" rel=\"noopener\">hautbois d\u00e9butant<\/a>.<\/p>\n","protected":false},"excerpt":{"rendered":"<p>Hautbois semi-professionnel EG-REEDS.<\/p>\n","protected":false},"featured_media":46433,"comment_status":"open","ping_status":"closed","template":"","meta":[],"product_brand":[],"product_cat":[3811],"product_tag":[3500],"giftcard-category":[],"class_list":{"0":"post-46412","1":"product","2":"type-product","3":"status-publish","4":"has-post-thumbnail","6":"product_cat-hautbois","7":"product_tag-hautbois-fr","8":"product_shipping_class-rmm-fr","10":"first","11":"instock","12":"featured","13":"taxable","14":"shipping-taxable","15":"purchasable","16":"product-type-simple"},"yoast_head":"<!-- This site is optimized with the Yoast SEO Premium plugin v27.0 (Yoast SEO v27.4) - https:\/\/yoast.com\/product\/yoast-seo-premium-wordpress\/ -->\n<title>Hautbois interm\u00e9diaire EG-REEDS - EG-REEDS<\/title>\n<meta name=\"description\" content=\"Hautbois interm\u00e9diaire EG-REEDS avec syst\u00e8me conservatoire. Instrument semi-professionnel en composite. Un hautbois \u00e9tudiant de haute qualit\u00e9 et abordable.\" \/>\n<meta name=\"robots\" content=\"index, follow, max-snippet:-1, max-image-preview:large, max-video-preview:-1\" \/>\n<link rel=\"canonical\" href=\"https:\/\/eg-reeds.com\/fr\/shop\/hautbois\/hautbois-intermediaire-eg-reeds\/\" \/>\n<meta property=\"og:locale\" content=\"fr_FR\" \/>\n<meta property=\"og:type\" content=\"article\" \/>\n<meta property=\"og:title\" content=\"Hautbois interm\u00e9diaire EG-REEDS\" \/>\n<meta property=\"og:description\" content=\"Hautbois interm\u00e9diaire EG-REEDS avec syst\u00e8me conservatoire. Instrument semi-professionnel en composite. Un hautbois \u00e9tudiant de haute qualit\u00e9 et abordable.\" \/>\n<meta property=\"og:url\" content=\"https:\/\/eg-reeds.com\/fr\/shop\/hautbois\/hautbois-intermediaire-eg-reeds\/\" \/>\n<meta property=\"og:site_name\" content=\"EG-REEDS\" \/>\n<meta property=\"article:publisher\" content=\"https:\/\/www.facebook.com\/EGREEDS\" \/>\n<meta property=\"article:modified_time\" content=\"2025-02-24T10:14:36+00:00\" \/>\n<meta property=\"og:image\" content=\"https:\/\/eg-reeds.com\/wp-content\/uploads\/2022\/06\/Intermediate-oboe-EG-REEDS-e1708535406935.jpeg\" \/>\n\t<meta property=\"og:image:width\" content=\"400\" \/>\n\t<meta property=\"og:image:height\" content=\"340\" \/>\n\t<meta property=\"og:image:type\" content=\"image\/jpeg\" \/>\n<meta name=\"twitter:card\" content=\"summary_large_image\" \/>\n<meta name=\"twitter:site\" content=\"@egreeds\" \/>\n<meta name=\"twitter:label1\" content=\"Prix\" \/>\n\t<meta name=\"twitter:data1\" content=\"2.490,00&euro;\" \/>\n\t<meta name=\"twitter:label2\" content=\"Disponibilit\u00e9\" \/>\n\t<meta name=\"twitter:data2\" content=\"En stock\" \/>\n<script type=\"application\/ld+json\" class=\"yoast-schema-graph\">{\"@context\":\"https:\\\/\\\/schema.org\",\"@graph\":[{\"@type\":[\"WebPage\",\"ItemPage\"],\"@id\":\"https:\\\/\\\/eg-reeds.com\\\/fr\\\/shop\\\/hautbois\\\/hautbois-intermediaire-eg-reeds\\\/\",\"url\":\"https:\\\/\\\/eg-reeds.com\\\/fr\\\/shop\\\/hautbois\\\/hautbois-intermediaire-eg-reeds\\\/\",\"name\":\"Hautbois interm\u00e9diaire EG-REEDS - EG-REEDS\",\"isPartOf\":{\"@id\":\"https:\\\/\\\/eg-reeds.com\\\/fr\\\/#website\"},\"primaryImageOfPage\":{\"@id\":\"https:\\\/\\\/eg-reeds.com\\\/fr\\\/shop\\\/hautbois\\\/hautbois-intermediaire-eg-reeds\\\/#primaryimage\"},\"image\":{\"@id\":\"https:\\\/\\\/eg-reeds.com\\\/fr\\\/shop\\\/hautbois\\\/hautbois-intermediaire-eg-reeds\\\/#primaryimage\"},\"thumbnailUrl\":\"https:\\\/\\\/eg-reeds.com\\\/wp-content\\\/uploads\\\/2022\\\/06\\\/Intermediate-oboe-EG-REEDS-e1708535406935.jpeg\",\"datePublished\":\"2022-06-23T15:51:53+00:00\",\"dateModified\":\"2025-02-24T10:14:36+00:00\",\"description\":\"Hautbois interm\u00e9diaire EG-REEDS avec syst\u00e8me conservatoire. Instrument semi-professionnel en composite. Un hautbois \u00e9tudiant de haute qualit\u00e9 et abordable.\",\"breadcrumb\":{\"@id\":\"https:\\\/\\\/eg-reeds.com\\\/fr\\\/shop\\\/hautbois\\\/hautbois-intermediaire-eg-reeds\\\/#breadcrumb\"},\"inLanguage\":\"fr-FR\",\"potentialAction\":[{\"@type\":\"ReadAction\",\"target\":[\"https:\\\/\\\/eg-reeds.com\\\/fr\\\/shop\\\/hautbois\\\/hautbois-intermediaire-eg-reeds\\\/\"]}]},{\"@type\":\"ImageObject\",\"inLanguage\":\"fr-FR\",\"@id\":\"https:\\\/\\\/eg-reeds.com\\\/fr\\\/shop\\\/hautbois\\\/hautbois-intermediaire-eg-reeds\\\/#primaryimage\",\"url\":\"https:\\\/\\\/eg-reeds.com\\\/wp-content\\\/uploads\\\/2022\\\/06\\\/Intermediate-oboe-EG-REEDS-e1708535406935.jpeg\",\"contentUrl\":\"https:\\\/\\\/eg-reeds.com\\\/wp-content\\\/uploads\\\/2022\\\/06\\\/Intermediate-oboe-EG-REEDS-e1708535406935.jpeg\",\"width\":400,\"height\":340,\"caption\":\"Hautbois interm\u00e9diaire EG-REEDS\"},{\"@type\":\"BreadcrumbList\",\"@id\":\"https:\\\/\\\/eg-reeds.com\\\/fr\\\/shop\\\/hautbois\\\/hautbois-intermediaire-eg-reeds\\\/#breadcrumb\",\"itemListElement\":[{\"@type\":\"ListItem\",\"position\":1,\"name\":\"Accueil\",\"item\":\"https:\\\/\\\/eg-reeds.com\\\/fr\\\/\"},{\"@type\":\"ListItem\",\"position\":2,\"name\":\"Boutique\",\"item\":\"https:\\\/\\\/eg-reeds.com\\\/fr\\\/\"},{\"@type\":\"ListItem\",\"position\":3,\"name\":\"Hautbois interm\u00e9diaire EG-REEDS\"}]},{\"@type\":\"WebSite\",\"@id\":\"https:\\\/\\\/eg-reeds.com\\\/fr\\\/#website\",\"url\":\"https:\\\/\\\/eg-reeds.com\\\/fr\\\/\",\"name\":\"www.eg-reeds.com\",\"description\":\"Anches hautbois\",\"publisher\":{\"@id\":\"https:\\\/\\\/eg-reeds.com\\\/fr\\\/#organization\"},\"alternateName\":\"eg-reeds.com\",\"potentialAction\":[{\"@type\":\"SearchAction\",\"target\":{\"@type\":\"EntryPoint\",\"urlTemplate\":\"https:\\\/\\\/eg-reeds.com\\\/fr\\\/?s={search_term_string}\"},\"query-input\":{\"@type\":\"PropertyValueSpecification\",\"valueRequired\":true,\"valueName\":\"search_term_string\"}}],\"inLanguage\":\"fr-FR\"},{\"@type\":\"Organization\",\"@id\":\"https:\\\/\\\/eg-reeds.com\\\/fr\\\/#organization\",\"name\":\"www.eg-reeds.com\",\"url\":\"https:\\\/\\\/eg-reeds.com\\\/fr\\\/\",\"logo\":{\"@type\":\"ImageObject\",\"inLanguage\":\"fr-FR\",\"@id\":\"https:\\\/\\\/eg-reeds.com\\\/fr\\\/#\\\/schema\\\/logo\\\/image\\\/\",\"url\":\"https:\\\/\\\/eg-reeds.com\\\/wp-content\\\/uploads\\\/2024\\\/06\\\/Logo-scaled-e1718793906611.jpg\",\"contentUrl\":\"https:\\\/\\\/eg-reeds.com\\\/wp-content\\\/uploads\\\/2024\\\/06\\\/Logo-scaled-e1718793906611.jpg\",\"width\":1200,\"height\":493,\"caption\":\"www.eg-reeds.com\"},\"image\":{\"@id\":\"https:\\\/\\\/eg-reeds.com\\\/fr\\\/#\\\/schema\\\/logo\\\/image\\\/\"},\"sameAs\":[\"https:\\\/\\\/www.facebook.com\\\/EGREEDS\",\"https:\\\/\\\/x.com\\\/egreeds\",\"https:\\\/\\\/www.instagram.com\\\/egreeds\\\/\",\"https:\\\/\\\/www.youtube.com\\\/c\\\/EGREEDS\",\"https:\\\/\\\/www.threads.net\\\/@egreeds\",\"https:\\\/\\\/www.tiktok.com\\\/@egreeds\"]}]}<\/script>\n<meta property=\"product:price:amount\" content=\"2490.00\" \/>\n<meta property=\"product:price:currency\" content=\"EUR\" \/>\n<meta property=\"og:availability\" content=\"instock\" \/>\n<meta property=\"product:availability\" content=\"instock\" \/>\n<meta property=\"product:retailer_item_id\" content=\"OB-I\" \/>\n<meta property=\"product:condition\" content=\"new\" \/>\n<!-- \/ Yoast SEO Premium plugin. -->","yoast_head_json":{"title":"Hautbois interm\u00e9diaire EG-REEDS - EG-REEDS","description":"Hautbois interm\u00e9diaire EG-REEDS avec syst\u00e8me conservatoire. Instrument semi-professionnel en composite. Un hautbois \u00e9tudiant de haute qualit\u00e9 et abordable.","robots":{"index":"index","follow":"follow","max-snippet":"max-snippet:-1","max-image-preview":"max-image-preview:large","max-video-preview":"max-video-preview:-1"},"canonical":"https:\/\/eg-reeds.com\/fr\/shop\/hautbois\/hautbois-intermediaire-eg-reeds\/","og_locale":"fr_FR","og_type":"article","og_title":"Hautbois interm\u00e9diaire EG-REEDS","og_description":"Hautbois interm\u00e9diaire EG-REEDS avec syst\u00e8me conservatoire. Instrument semi-professionnel en composite. Un hautbois \u00e9tudiant de haute qualit\u00e9 et abordable.","og_url":"https:\/\/eg-reeds.com\/fr\/shop\/hautbois\/hautbois-intermediaire-eg-reeds\/","og_site_name":"EG-REEDS","article_publisher":"https:\/\/www.facebook.com\/EGREEDS","article_modified_time":"2025-02-24T10:14:36+00:00","og_image":[{"width":400,"height":340,"url":"https:\/\/eg-reeds.com\/wp-content\/uploads\/2022\/06\/Intermediate-oboe-EG-REEDS-e1708535406935.jpeg","type":"image\/jpeg"}],"twitter_card":"summary_large_image","twitter_site":"@egreeds","twitter_misc":{"Prix":"2.490,00&euro;","Disponibilit\u00e9":"En stock"},"schema":{"@context":"https:\/\/schema.org","@graph":[{"@type":["WebPage","ItemPage"],"@id":"https:\/\/eg-reeds.com\/fr\/shop\/hautbois\/hautbois-intermediaire-eg-reeds\/","url":"https:\/\/eg-reeds.com\/fr\/shop\/hautbois\/hautbois-intermediaire-eg-reeds\/","name":"Hautbois interm\u00e9diaire EG-REEDS - EG-REEDS","isPartOf":{"@id":"https:\/\/eg-reeds.com\/fr\/#website"},"primaryImageOfPage":{"@id":"https:\/\/eg-reeds.com\/fr\/shop\/hautbois\/hautbois-intermediaire-eg-reeds\/#primaryimage"},"image":{"@id":"https:\/\/eg-reeds.com\/fr\/shop\/hautbois\/hautbois-intermediaire-eg-reeds\/#primaryimage"},"thumbnailUrl":"https:\/\/eg-reeds.com\/wp-content\/uploads\/2022\/06\/Intermediate-oboe-EG-REEDS-e1708535406935.jpeg","datePublished":"2022-06-23T15:51:53+00:00","dateModified":"2025-02-24T10:14:36+00:00","description":"Hautbois interm\u00e9diaire EG-REEDS avec syst\u00e8me conservatoire. Instrument semi-professionnel en composite. Un hautbois \u00e9tudiant de haute qualit\u00e9 et abordable.","breadcrumb":{"@id":"https:\/\/eg-reeds.com\/fr\/shop\/hautbois\/hautbois-intermediaire-eg-reeds\/#breadcrumb"},"inLanguage":"fr-FR","potentialAction":[{"@type":"ReadAction","target":["https:\/\/eg-reeds.com\/fr\/shop\/hautbois\/hautbois-intermediaire-eg-reeds\/"]}]},{"@type":"ImageObject","inLanguage":"fr-FR","@id":"https:\/\/eg-reeds.com\/fr\/shop\/hautbois\/hautbois-intermediaire-eg-reeds\/#primaryimage","url":"https:\/\/eg-reeds.com\/wp-content\/uploads\/2022\/06\/Intermediate-oboe-EG-REEDS-e1708535406935.jpeg","contentUrl":"https:\/\/eg-reeds.com\/wp-content\/uploads\/2022\/06\/Intermediate-oboe-EG-REEDS-e1708535406935.jpeg","width":400,"height":340,"caption":"Hautbois interm\u00e9diaire EG-REEDS"},{"@type":"BreadcrumbList","@id":"https:\/\/eg-reeds.com\/fr\/shop\/hautbois\/hautbois-intermediaire-eg-reeds\/#breadcrumb","itemListElement":[{"@type":"ListItem","position":1,"name":"Accueil","item":"https:\/\/eg-reeds.com\/fr\/"},{"@type":"ListItem","position":2,"name":"Boutique","item":"https:\/\/eg-reeds.com\/fr\/"},{"@type":"ListItem","position":3,"name":"Hautbois interm\u00e9diaire EG-REEDS"}]},{"@type":"WebSite","@id":"https:\/\/eg-reeds.com\/fr\/#website","url":"https:\/\/eg-reeds.com\/fr\/","name":"www.eg-reeds.com","description":"Anches hautbois","publisher":{"@id":"https:\/\/eg-reeds.com\/fr\/#organization"},"alternateName":"eg-reeds.com","potentialAction":[{"@type":"SearchAction","target":{"@type":"EntryPoint","urlTemplate":"https:\/\/eg-reeds.com\/fr\/?s={search_term_string}"},"query-input":{"@type":"PropertyValueSpecification","valueRequired":true,"valueName":"search_term_string"}}],"inLanguage":"fr-FR"},{"@type":"Organization","@id":"https:\/\/eg-reeds.com\/fr\/#organization","name":"www.eg-reeds.com","url":"https:\/\/eg-reeds.com\/fr\/","logo":{"@type":"ImageObject","inLanguage":"fr-FR","@id":"https:\/\/eg-reeds.com\/fr\/#\/schema\/logo\/image\/","url":"https:\/\/eg-reeds.com\/wp-content\/uploads\/2024\/06\/Logo-scaled-e1718793906611.jpg","contentUrl":"https:\/\/eg-reeds.com\/wp-content\/uploads\/2024\/06\/Logo-scaled-e1718793906611.jpg","width":1200,"height":493,"caption":"www.eg-reeds.com"},"image":{"@id":"https:\/\/eg-reeds.com\/fr\/#\/schema\/logo\/image\/"},"sameAs":["https:\/\/www.facebook.com\/EGREEDS","https:\/\/x.com\/egreeds","https:\/\/www.instagram.com\/egreeds\/","https:\/\/www.youtube.com\/c\/EGREEDS","https:\/\/www.threads.net\/@egreeds","https:\/\/www.tiktok.com\/@egreeds"]}]},"product_price_amount":"2490.00","product_price_currency":"EUR","og_availability":"instock","product_availability":"instock","product_retailer_item_id":"OB-I","product_condition":"new"},"_links":{"self":[{"href":"https:\/\/eg-reeds.com\/fr\/wp-json\/wp\/v2\/product\/46412","targetHints":{"allow":["GET"]}}],"collection":[{"href":"https:\/\/eg-reeds.com\/fr\/wp-json\/wp\/v2\/product"}],"about":[{"href":"https:\/\/eg-reeds.com\/fr\/wp-json\/wp\/v2\/types\/product"}],"replies":[{"embeddable":true,"href":"https:\/\/eg-reeds.com\/fr\/wp-json\/wp\/v2\/comments?post=46412"}],"wp:featuredmedia":[{"embeddable":true,"href":"https:\/\/eg-reeds.com\/fr\/wp-json\/wp\/v2\/media\/46433"}],"wp:attachment":[{"href":"https:\/\/eg-reeds.com\/fr\/wp-json\/wp\/v2\/media?parent=46412"}],"wp:term":[{"taxonomy":"product_brand","embeddable":true,"href":"https:\/\/eg-reeds.com\/fr\/wp-json\/wp\/v2\/product_brand?post=46412"},{"taxonomy":"product_cat","embeddable":true,"href":"https:\/\/eg-reeds.com\/fr\/wp-json\/wp\/v2\/product_cat?post=46412"},{"taxonomy":"product_tag","embeddable":true,"href":"https:\/\/eg-reeds.com\/fr\/wp-json\/wp\/v2\/product_tag?post=46412"},{"taxonomy":"giftcard-category","embeddable":true,"href":"https:\/\/eg-reeds.com\/fr\/wp-json\/wp\/v2\/giftcard-category?post=46412"}],"curies":[{"name":"wp","href":"https:\/\/api.w.org\/{rel}","templated":true}]}}