{"id":50874,"date":"2024-04-04T12:35:42","date_gmt":"2024-04-04T11:35:42","guid":{"rendered":"http:\/\/eg-reeds.com\/?post_type=product&#038;p=50874"},"modified":"2024-12-03T10:45:01","modified_gmt":"2024-12-03T09:45:01","slug":"anche-hautbois-pro-m2","status":"publish","type":"product","link":"https:\/\/eg-reeds.com\/fr\/shop\/anches-pro\/anches-hautbois\/anche-hautbois-pro-m2\/","title":{"rendered":"Anche hautbois Pro M2"},"content":{"rendered":"<h1><strong>Anche hautbois Pro M2.<\/strong><\/h1>\n<p>Anche hautbois Pro M2. Anche professionnelle con\u00e7ue sp\u00e9cialement pour \u00eatre utilis\u00e9e avec hautbois Marigaux M2, mais il est \u00e9galement compatible avec tout autre mod\u00e8le de hautbois. La combinaison du taille-anche M2 avec notre roseau pour hautbois EG-REEDS, associ\u00e9e \u00e0 notre expertise et \u00e0 notre d\u00e9veloppement approfondi dans le grattage appropri\u00e9 pour ce fa\u00e7on M2, donne naissance \u00e0 des anches de la plus haute qualit\u00e9. M\u00e9ticuleusement con\u00e7ue par des professionnels du hautbois, cette anche est con\u00e7ue pour r\u00e9pondre aux normes des joueurs de hautbois les plus exigeants.<\/p>\n<p>L&rsquo;anche de hautbois M2 offre une r\u00e9ponse facile, un beau son et stabilit\u00e9. En outre, une bonne justesse et une sensation de souffle satisfaisante. Dans une salle de concert, un studio d&rsquo;enregistrement ou un studio d&rsquo;enseignement, vous pouvez compter sur les anches M2 pour offrir des performances exceptionnelles \u00e0 chaque fois.<\/p>\n<p>Avec son son \u00e9quilibr\u00e9 et raffin\u00e9, son articulation pr\u00e9cise et son intonation fiable, l&rsquo;anche M2 permet aux hautbo\u00efstes de s&rsquo;exprimer avec confiance et pr\u00e9cision, compl\u00e9tant parfaitement le son exquis du hautbois Marigaux M2. Que vous affrontiez des passages virtuoses ou des phrases lyriques d\u00e9licates, cette anche de hautbois d\u00e9passera vos attentes.<\/p>\n<p><iframe loading=\"lazy\" title=\"NUEVA CA\u00d1A DE OBOE M2 \/ NEW M2 PROFESSIONAL OBOE REED.\" width=\"1020\" height=\"574\" src=\"https:\/\/www.youtube.com\/embed\/_SNfL3yHV5s?feature=oembed\" frameborder=\"0\" allow=\"accelerometer; autoplay; clipboard-write; encrypted-media; gyroscope; picture-in-picture; web-share\" referrerpolicy=\"strict-origin-when-cross-origin\" allowfullscreen><\/iframe><\/p>\n<h2><strong>Sp\u00e9cifications de l&rsquo;anche professionnelle pour hautbois M2:<\/strong><\/h2>\n<p>Vous pouvez acheter des anches de hautbois M2 en choisissant simplement le tube, la duret\u00e9 et si vous voulez un fil laiton ou non. Si vous avez besoin de plus d&rsquo;informations, voici toutes les sp\u00e9cifications :<\/p>\n<ul>\n<li>Roseau de hautbois EG-REEDS.<\/li>\n<li>Taille-anche: M2 &#8211; con\u00e7u par Lorenzo Massala.<\/li>\n<li>Tube: Chiarugi 47 2 ou 46 2.<\/li>\n<li>Longueur gratt\u00e9e: entre 10 et 11 mm.<\/li>\n<li>Fil laiton optionnel.<\/li>\n<li>Longueur de l&rsquo;anche finie &#8211; li\u00e9e au tube :\n<ul>\n<li>Chiarugi 47 2 &#8211; Longueur de l&rsquo;anche finie &#8211; 72mm.<\/li>\n<li>Chiarugi 46 2 &#8211; Longueur de l&rsquo;anche finie &#8211; 71mm.<\/li>\n<\/ul>\n<\/li>\n<\/ul>\n<p>&nbsp;<\/p>\n","protected":false},"excerpt":{"rendered":"<p><span style=\"color: #555555;\">L&rsquo;Anche hautbois Pro M2 est con\u00e7ue sp\u00e9cifiquement pour les hautbois Marigaux M2<\/span><\/p>\n","protected":false},"featured_media":51052,"comment_status":"open","ping_status":"closed","template":"","meta":[],"product_brand":[],"product_cat":[417,410],"product_tag":[],"giftcard-category":[],"class_list":{"0":"post-50874","1":"product","2":"type-product","3":"status-publish","4":"has-post-thumbnail","6":"product_cat-anches-hautbois","7":"product_cat-anches-pro","8":"pa_brass-wire-non-fr","9":"pa_brass-wire-oui","10":"pa_staple-chiarugi-46-2-fr-2","11":"pa_staple-chiarugi-47-2-fr-2","13":"first","14":"instock","15":"featured","16":"taxable","17":"shipping-taxable","18":"purchasable","19":"product-type-variable","20":"has-default-attributes"},"yoast_head":"<!-- This site is optimized with the Yoast SEO Premium plugin v27.0 (Yoast SEO v27.4) - https:\/\/yoast.com\/product\/yoast-seo-premium-wordpress\/ -->\n<title>Anche hautbois Pro M2 - EG-REEDS<\/title>\n<meta name=\"description\" content=\"Anche hautbois Pro M2. Anche professionnelle con\u00e7ue sp\u00e9cialement pour \u00eatre utilis\u00e9e avec hautbois Marigaux M2. Avec Lorenzo Massala taille-anche M2.\" \/>\n<meta name=\"robots\" content=\"index, follow, max-snippet:-1, max-image-preview:large, max-video-preview:-1\" \/>\n<link rel=\"canonical\" href=\"https:\/\/eg-reeds.com\/fr\/shop\/anches-pro\/anches-hautbois\/anche-hautbois-pro-m2\/\" \/>\n<meta property=\"og:locale\" content=\"fr_FR\" \/>\n<meta property=\"og:type\" content=\"article\" \/>\n<meta property=\"og:title\" content=\"Anche hautbois Pro M2\" \/>\n<meta property=\"og:description\" content=\"Anche hautbois Pro M2. Anche professionnelle con\u00e7ue sp\u00e9cialement pour \u00eatre utilis\u00e9e avec hautbois Marigaux M2. Avec Lorenzo Massala taille-anche M2.\" \/>\n<meta property=\"og:url\" content=\"https:\/\/eg-reeds.com\/fr\/shop\/anches-pro\/anches-hautbois\/anche-hautbois-pro-m2\/\" \/>\n<meta property=\"og:site_name\" content=\"EG-REEDS\" \/>\n<meta property=\"article:publisher\" content=\"https:\/\/www.facebook.com\/EGREEDS\" \/>\n<meta property=\"article:modified_time\" content=\"2024-12-03T09:45:01+00:00\" \/>\n<meta property=\"og:image\" content=\"https:\/\/eg-reeds.com\/wp-content\/uploads\/2024\/04\/Marigaux-M2-Professional-oboe-reed.jpeg\" \/>\n\t<meta property=\"og:image:width\" content=\"1280\" \/>\n\t<meta property=\"og:image:height\" content=\"1088\" \/>\n\t<meta property=\"og:image:type\" content=\"image\/jpeg\" \/>\n<meta name=\"twitter:card\" content=\"summary_large_image\" \/>\n<meta name=\"twitter:site\" content=\"@egreeds\" \/>\n<meta name=\"twitter:label1\" content=\"Disponibilit\u00e9\" \/>\n\t<meta name=\"twitter:data1\" content=\"En stock\" \/>\n<script type=\"application\/ld+json\" class=\"yoast-schema-graph\">{\"@context\":\"https:\\\/\\\/schema.org\",\"@graph\":[{\"@type\":[\"WebPage\",\"ItemPage\"],\"@id\":\"https:\\\/\\\/eg-reeds.com\\\/fr\\\/shop\\\/anches-pro\\\/anches-hautbois\\\/anche-hautbois-pro-m2\\\/\",\"url\":\"https:\\\/\\\/eg-reeds.com\\\/fr\\\/shop\\\/anches-pro\\\/anches-hautbois\\\/anche-hautbois-pro-m2\\\/\",\"name\":\"Anche hautbois Pro M2 - EG-REEDS\",\"isPartOf\":{\"@id\":\"https:\\\/\\\/eg-reeds.com\\\/fr\\\/#website\"},\"primaryImageOfPage\":{\"@id\":\"https:\\\/\\\/eg-reeds.com\\\/fr\\\/shop\\\/anches-pro\\\/anches-hautbois\\\/anche-hautbois-pro-m2\\\/#primaryimage\"},\"image\":{\"@id\":\"https:\\\/\\\/eg-reeds.com\\\/fr\\\/shop\\\/anches-pro\\\/anches-hautbois\\\/anche-hautbois-pro-m2\\\/#primaryimage\"},\"thumbnailUrl\":\"https:\\\/\\\/eg-reeds.com\\\/wp-content\\\/uploads\\\/2024\\\/04\\\/Marigaux-M2-Professional-oboe-reed.jpeg\",\"datePublished\":\"2024-04-04T11:35:42+00:00\",\"dateModified\":\"2024-12-03T09:45:01+00:00\",\"description\":\"Anche hautbois Pro M2. Anche professionnelle con\u00e7ue sp\u00e9cialement pour \u00eatre utilis\u00e9e avec hautbois Marigaux M2. Avec Lorenzo Massala taille-anche M2.\",\"breadcrumb\":{\"@id\":\"https:\\\/\\\/eg-reeds.com\\\/fr\\\/shop\\\/anches-pro\\\/anches-hautbois\\\/anche-hautbois-pro-m2\\\/#breadcrumb\"},\"inLanguage\":\"fr-FR\",\"potentialAction\":[{\"@type\":\"ReadAction\",\"target\":[\"https:\\\/\\\/eg-reeds.com\\\/fr\\\/shop\\\/anches-pro\\\/anches-hautbois\\\/anche-hautbois-pro-m2\\\/\"]}]},{\"@type\":\"ImageObject\",\"inLanguage\":\"fr-FR\",\"@id\":\"https:\\\/\\\/eg-reeds.com\\\/fr\\\/shop\\\/anches-pro\\\/anches-hautbois\\\/anche-hautbois-pro-m2\\\/#primaryimage\",\"url\":\"https:\\\/\\\/eg-reeds.com\\\/wp-content\\\/uploads\\\/2024\\\/04\\\/Marigaux-M2-Professional-oboe-reed.jpeg\",\"contentUrl\":\"https:\\\/\\\/eg-reeds.com\\\/wp-content\\\/uploads\\\/2024\\\/04\\\/Marigaux-M2-Professional-oboe-reed.jpeg\",\"width\":1280,\"height\":1088,\"caption\":\"Anche hautbois Pro M2\"},{\"@type\":\"BreadcrumbList\",\"@id\":\"https:\\\/\\\/eg-reeds.com\\\/fr\\\/shop\\\/anches-pro\\\/anches-hautbois\\\/anche-hautbois-pro-m2\\\/#breadcrumb\",\"itemListElement\":[{\"@type\":\"ListItem\",\"position\":1,\"name\":\"Accueil\",\"item\":\"https:\\\/\\\/eg-reeds.com\\\/fr\\\/\"},{\"@type\":\"ListItem\",\"position\":2,\"name\":\"Boutique\",\"item\":\"https:\\\/\\\/eg-reeds.com\\\/fr\\\/\"},{\"@type\":\"ListItem\",\"position\":3,\"name\":\"Anche hautbois Pro M2\"}]},{\"@type\":\"WebSite\",\"@id\":\"https:\\\/\\\/eg-reeds.com\\\/fr\\\/#website\",\"url\":\"https:\\\/\\\/eg-reeds.com\\\/fr\\\/\",\"name\":\"www.eg-reeds.com\",\"description\":\"Anches hautbois\",\"publisher\":{\"@id\":\"https:\\\/\\\/eg-reeds.com\\\/fr\\\/#organization\"},\"alternateName\":\"eg-reeds.com\",\"potentialAction\":[{\"@type\":\"SearchAction\",\"target\":{\"@type\":\"EntryPoint\",\"urlTemplate\":\"https:\\\/\\\/eg-reeds.com\\\/fr\\\/?s={search_term_string}\"},\"query-input\":{\"@type\":\"PropertyValueSpecification\",\"valueRequired\":true,\"valueName\":\"search_term_string\"}}],\"inLanguage\":\"fr-FR\"},{\"@type\":\"Organization\",\"@id\":\"https:\\\/\\\/eg-reeds.com\\\/fr\\\/#organization\",\"name\":\"www.eg-reeds.com\",\"url\":\"https:\\\/\\\/eg-reeds.com\\\/fr\\\/\",\"logo\":{\"@type\":\"ImageObject\",\"inLanguage\":\"fr-FR\",\"@id\":\"https:\\\/\\\/eg-reeds.com\\\/fr\\\/#\\\/schema\\\/logo\\\/image\\\/\",\"url\":\"https:\\\/\\\/eg-reeds.com\\\/wp-content\\\/uploads\\\/2024\\\/06\\\/Logo-scaled-e1718793906611.jpg\",\"contentUrl\":\"https:\\\/\\\/eg-reeds.com\\\/wp-content\\\/uploads\\\/2024\\\/06\\\/Logo-scaled-e1718793906611.jpg\",\"width\":1200,\"height\":493,\"caption\":\"www.eg-reeds.com\"},\"image\":{\"@id\":\"https:\\\/\\\/eg-reeds.com\\\/fr\\\/#\\\/schema\\\/logo\\\/image\\\/\"},\"sameAs\":[\"https:\\\/\\\/www.facebook.com\\\/EGREEDS\",\"https:\\\/\\\/x.com\\\/egreeds\",\"https:\\\/\\\/www.instagram.com\\\/egreeds\\\/\",\"https:\\\/\\\/www.youtube.com\\\/c\\\/EGREEDS\",\"https:\\\/\\\/www.threads.net\\\/@egreeds\",\"https:\\\/\\\/www.tiktok.com\\\/@egreeds\"]}]}<\/script>\n<meta property=\"og:availability\" content=\"instock\" \/>\n<meta property=\"product:availability\" content=\"instock\" \/>\n<meta property=\"product:retailer_item_id\" content=\"CPOB-M2\" \/>\n<meta property=\"product:condition\" content=\"new\" \/>\n<!-- \/ Yoast SEO Premium plugin. -->","yoast_head_json":{"title":"Anche hautbois Pro M2 - EG-REEDS","description":"Anche hautbois Pro M2. Anche professionnelle con\u00e7ue sp\u00e9cialement pour \u00eatre utilis\u00e9e avec hautbois Marigaux M2. Avec Lorenzo Massala taille-anche M2.","robots":{"index":"index","follow":"follow","max-snippet":"max-snippet:-1","max-image-preview":"max-image-preview:large","max-video-preview":"max-video-preview:-1"},"canonical":"https:\/\/eg-reeds.com\/fr\/shop\/anches-pro\/anches-hautbois\/anche-hautbois-pro-m2\/","og_locale":"fr_FR","og_type":"article","og_title":"Anche hautbois Pro M2","og_description":"Anche hautbois Pro M2. Anche professionnelle con\u00e7ue sp\u00e9cialement pour \u00eatre utilis\u00e9e avec hautbois Marigaux M2. Avec Lorenzo Massala taille-anche M2.","og_url":"https:\/\/eg-reeds.com\/fr\/shop\/anches-pro\/anches-hautbois\/anche-hautbois-pro-m2\/","og_site_name":"EG-REEDS","article_publisher":"https:\/\/www.facebook.com\/EGREEDS","article_modified_time":"2024-12-03T09:45:01+00:00","og_image":[{"width":1280,"height":1088,"url":"https:\/\/eg-reeds.com\/wp-content\/uploads\/2024\/04\/Marigaux-M2-Professional-oboe-reed.jpeg","type":"image\/jpeg"}],"twitter_card":"summary_large_image","twitter_site":"@egreeds","twitter_misc":{"Disponibilit\u00e9":"En stock"},"schema":{"@context":"https:\/\/schema.org","@graph":[{"@type":["WebPage","ItemPage"],"@id":"https:\/\/eg-reeds.com\/fr\/shop\/anches-pro\/anches-hautbois\/anche-hautbois-pro-m2\/","url":"https:\/\/eg-reeds.com\/fr\/shop\/anches-pro\/anches-hautbois\/anche-hautbois-pro-m2\/","name":"Anche hautbois Pro M2 - EG-REEDS","isPartOf":{"@id":"https:\/\/eg-reeds.com\/fr\/#website"},"primaryImageOfPage":{"@id":"https:\/\/eg-reeds.com\/fr\/shop\/anches-pro\/anches-hautbois\/anche-hautbois-pro-m2\/#primaryimage"},"image":{"@id":"https:\/\/eg-reeds.com\/fr\/shop\/anches-pro\/anches-hautbois\/anche-hautbois-pro-m2\/#primaryimage"},"thumbnailUrl":"https:\/\/eg-reeds.com\/wp-content\/uploads\/2024\/04\/Marigaux-M2-Professional-oboe-reed.jpeg","datePublished":"2024-04-04T11:35:42+00:00","dateModified":"2024-12-03T09:45:01+00:00","description":"Anche hautbois Pro M2. Anche professionnelle con\u00e7ue sp\u00e9cialement pour \u00eatre utilis\u00e9e avec hautbois Marigaux M2. Avec Lorenzo Massala taille-anche M2.","breadcrumb":{"@id":"https:\/\/eg-reeds.com\/fr\/shop\/anches-pro\/anches-hautbois\/anche-hautbois-pro-m2\/#breadcrumb"},"inLanguage":"fr-FR","potentialAction":[{"@type":"ReadAction","target":["https:\/\/eg-reeds.com\/fr\/shop\/anches-pro\/anches-hautbois\/anche-hautbois-pro-m2\/"]}]},{"@type":"ImageObject","inLanguage":"fr-FR","@id":"https:\/\/eg-reeds.com\/fr\/shop\/anches-pro\/anches-hautbois\/anche-hautbois-pro-m2\/#primaryimage","url":"https:\/\/eg-reeds.com\/wp-content\/uploads\/2024\/04\/Marigaux-M2-Professional-oboe-reed.jpeg","contentUrl":"https:\/\/eg-reeds.com\/wp-content\/uploads\/2024\/04\/Marigaux-M2-Professional-oboe-reed.jpeg","width":1280,"height":1088,"caption":"Anche hautbois Pro M2"},{"@type":"BreadcrumbList","@id":"https:\/\/eg-reeds.com\/fr\/shop\/anches-pro\/anches-hautbois\/anche-hautbois-pro-m2\/#breadcrumb","itemListElement":[{"@type":"ListItem","position":1,"name":"Accueil","item":"https:\/\/eg-reeds.com\/fr\/"},{"@type":"ListItem","position":2,"name":"Boutique","item":"https:\/\/eg-reeds.com\/fr\/"},{"@type":"ListItem","position":3,"name":"Anche hautbois Pro M2"}]},{"@type":"WebSite","@id":"https:\/\/eg-reeds.com\/fr\/#website","url":"https:\/\/eg-reeds.com\/fr\/","name":"www.eg-reeds.com","description":"Anches hautbois","publisher":{"@id":"https:\/\/eg-reeds.com\/fr\/#organization"},"alternateName":"eg-reeds.com","potentialAction":[{"@type":"SearchAction","target":{"@type":"EntryPoint","urlTemplate":"https:\/\/eg-reeds.com\/fr\/?s={search_term_string}"},"query-input":{"@type":"PropertyValueSpecification","valueRequired":true,"valueName":"search_term_string"}}],"inLanguage":"fr-FR"},{"@type":"Organization","@id":"https:\/\/eg-reeds.com\/fr\/#organization","name":"www.eg-reeds.com","url":"https:\/\/eg-reeds.com\/fr\/","logo":{"@type":"ImageObject","inLanguage":"fr-FR","@id":"https:\/\/eg-reeds.com\/fr\/#\/schema\/logo\/image\/","url":"https:\/\/eg-reeds.com\/wp-content\/uploads\/2024\/06\/Logo-scaled-e1718793906611.jpg","contentUrl":"https:\/\/eg-reeds.com\/wp-content\/uploads\/2024\/06\/Logo-scaled-e1718793906611.jpg","width":1200,"height":493,"caption":"www.eg-reeds.com"},"image":{"@id":"https:\/\/eg-reeds.com\/fr\/#\/schema\/logo\/image\/"},"sameAs":["https:\/\/www.facebook.com\/EGREEDS","https:\/\/x.com\/egreeds","https:\/\/www.instagram.com\/egreeds\/","https:\/\/www.youtube.com\/c\/EGREEDS","https:\/\/www.threads.net\/@egreeds","https:\/\/www.tiktok.com\/@egreeds"]}]},"og_availability":"instock","product_availability":"instock","product_retailer_item_id":"CPOB-M2","product_condition":"new"},"_links":{"self":[{"href":"https:\/\/eg-reeds.com\/fr\/wp-json\/wp\/v2\/product\/50874","targetHints":{"allow":["GET"]}}],"collection":[{"href":"https:\/\/eg-reeds.com\/fr\/wp-json\/wp\/v2\/product"}],"about":[{"href":"https:\/\/eg-reeds.com\/fr\/wp-json\/wp\/v2\/types\/product"}],"replies":[{"embeddable":true,"href":"https:\/\/eg-reeds.com\/fr\/wp-json\/wp\/v2\/comments?post=50874"}],"wp:featuredmedia":[{"embeddable":true,"href":"https:\/\/eg-reeds.com\/fr\/wp-json\/wp\/v2\/media\/51052"}],"wp:attachment":[{"href":"https:\/\/eg-reeds.com\/fr\/wp-json\/wp\/v2\/media?parent=50874"}],"wp:term":[{"taxonomy":"product_brand","embeddable":true,"href":"https:\/\/eg-reeds.com\/fr\/wp-json\/wp\/v2\/product_brand?post=50874"},{"taxonomy":"product_cat","embeddable":true,"href":"https:\/\/eg-reeds.com\/fr\/wp-json\/wp\/v2\/product_cat?post=50874"},{"taxonomy":"product_tag","embeddable":true,"href":"https:\/\/eg-reeds.com\/fr\/wp-json\/wp\/v2\/product_tag?post=50874"},{"taxonomy":"giftcard-category","embeddable":true,"href":"https:\/\/eg-reeds.com\/fr\/wp-json\/wp\/v2\/giftcard-category?post=50874"}],"curies":[{"name":"wp","href":"https:\/\/api.w.org\/{rel}","templated":true}]}}