{"id":50903,"date":"2024-04-04T16:43:28","date_gmt":"2024-04-04T15:43:28","guid":{"rendered":"http:\/\/eg-reeds.com\/?post_type=product&#038;p=50903"},"modified":"2024-12-03T10:38:08","modified_gmt":"2024-12-03T09:38:08","slug":"anche-hautbois-pro-901","status":"publish","type":"product","link":"https:\/\/eg-reeds.com\/fr\/shop\/anches-pro\/anches-hautbois\/anche-hautbois-pro-901\/","title":{"rendered":"Anche hautbois Pro 901"},"content":{"rendered":"<h1><strong>Anche hautbois Pro 901.<\/strong><\/h1>\n<div class=\"avatar-gutter ng-tns-c4019549208-42 ng-star-inserted\">\n<div class=\"resize-observable\"><span style=\"color: #555555;\">L&rsquo;Anche hautbois Pro 901 est con\u00e7ue sp\u00e9cifiquement pour les hautbois Marigaux 901, afin d&rsquo;en lib\u00e9rer tout le potentiel, mais il est \u00e9galement compatible avec tout autre mod\u00e8le de hautbois. Notre processus de fabrication artisanal m\u00e9ticuleux combine le formidable taille-anche 901 con\u00e7u par Lorenzo Massala avec notre roseau de la plus haute qualit\u00e9 EG-REEDS. Ceci, associ\u00e9 \u00e0 notre vaste expertise, se traduit par des anches de hautbois d&rsquo;une qualit\u00e9 exceptionnelle.<\/span><\/div>\n<\/div>\n<div class=\"response-container-content ng-tns-c4019549208-42\">\n<div class=\"response-content ng-tns-c4019549208-42 ng-animate-disabled\">\n<div class=\"markdown markdown-main-panel\" dir=\"ltr\">\n<p data-sourcepos=\"3:1-3:25\"><strong>D\u00e9couvrez la diff\u00e9rence:<\/strong><\/p>\n<ul data-sourcepos=\"5:1-8:0\">\n<li data-sourcepos=\"5:1-5:146\"><strong>R\u00e9ponse et contr\u00f4le sans effort:<\/strong> Profitez d&rsquo;une exp\u00e9rience de jeu confortable avec une anche qui r\u00e9agit instantan\u00e9ment \u00e0 votre moindre souffle.<\/li>\n<li data-sourcepos=\"6:1-6:200\"><strong>Timbre riche et \u00e9quilibr\u00e9:<\/strong> L&rsquo;anche 901 produit un son beau et raffin\u00e9 qui s&rsquo;harmonise parfaitement avec la voix exquise du hautbois Marigaux. Bonne intonation et \u00e9mission.<\/li>\n<li data-sourcepos=\"7:1-8:0\"><strong>Articulation et justesse pr\u00e9cises:<\/strong> Jouez en toute confiance en sachant que l&rsquo;anche 901 offre une justesse constante et permet une articulation claire et nette sur tous les registres.<\/li>\n<\/ul>\n<p data-sourcepos=\"9:1-9:25\"><strong>Lib\u00e9rez votre potentiel:<\/strong><\/p>\n<p data-sourcepos=\"11:1-11:297\">Que vous soyez un professionnel chevronn\u00e9 ou un hautbo\u00efste en d\u00e9veloppement, l&rsquo;Anche Pro 901 vous permet de jouer \u00e0 votre meilleur niveau. Abordez facilement un r\u00e9pertoire exigeant, exprimez des nuances d\u00e9licates avec pr\u00e9cision et d\u00e9couvrez la joie de jouer avec une anche vraiment exceptionnelle.<\/p>\n<p data-sourcepos=\"13:1-13:12\"><strong>Id\u00e9al pour:<\/strong><\/p>\n<ul data-sourcepos=\"15:1-19:0\">\n<li data-sourcepos=\"15:1-15:19\">Concerts en salle<\/li>\n<li data-sourcepos=\"16:1-16:36\">S\u00e9ances d&rsquo;enregistrement en studio<\/li>\n<li data-sourcepos=\"17:1-17:22\">\u00c9tude et r\u00e9p\u00e9titions<\/li>\n<\/ul>\n<p>&nbsp;<\/p>\n<p>EG-REEDS : Le choix des hautbo\u00efstes les plus exigeants.<\/p>\n<\/div>\n<\/div>\n<\/div>\n<p>&nbsp;<\/p>\n<p><iframe loading=\"lazy\" title=\"NUEVA CA\u00d1A DE OBOE 901 \/ NEW 901 PROFESSIONAL OBOE REED!\" width=\"1020\" height=\"574\" src=\"https:\/\/www.youtube.com\/embed\/pCm_mq8fd0E?feature=oembed\" frameborder=\"0\" allow=\"accelerometer; autoplay; clipboard-write; encrypted-media; gyroscope; picture-in-picture; web-share\" referrerpolicy=\"strict-origin-when-cross-origin\" allowfullscreen><\/iframe><\/p>\n<h2><strong>Sp\u00e9cifications de l&rsquo;anche professionnelle pour hautbois 901:<\/strong><\/h2>\n<p>Vous pouvez acheter des anches de hautbois 901 en choisissant simplement le tube, la duret\u00e9 et si vous voulez un fil laiton ou non. Si vous avez besoin de plus d&rsquo;informations, voici toutes les sp\u00e9cifications :<\/p>\n<ul>\n<li>Roseau de hautbois EG-REEDS.<\/li>\n<li>Taille-anche: 901 &#8211; con\u00e7u par Lorenzo Massala.<\/li>\n<li>Tube: Chiarugi 47 2 ou 46 2.<\/li>\n<li>Longueur gratt\u00e9e: entre 10 et 11 mm.<\/li>\n<li>Fil laiton optionnel.<\/li>\n<li>Longueur de l&rsquo;anche finie &#8211; li\u00e9e au tube :\n<ul>\n<li>Chiarugi 47 2 &#8211; Longueur de l&rsquo;anche finie &#8211; 72mm.<\/li>\n<li>Chiarugi 46 2 &#8211; Longueur de l&rsquo;anche finie &#8211; 71mm.<\/li>\n<\/ul>\n<\/li>\n<\/ul>\n<p>&nbsp;<\/p>\n","protected":false},"excerpt":{"rendered":"<p><span style=\"color: #555555;\">L&rsquo;Anche hautbois Pro 901 est con\u00e7ue sp\u00e9cifiquement pour les hautbois Marigaux 901.<\/span><\/p>\n","protected":false},"featured_media":51088,"comment_status":"open","ping_status":"closed","template":"","meta":[],"product_brand":[],"product_cat":[417,410],"product_tag":[],"giftcard-category":[],"class_list":{"0":"post-50903","1":"product","2":"type-product","3":"status-publish","4":"has-post-thumbnail","6":"product_cat-anches-hautbois","7":"product_cat-anches-pro","8":"pa_brass-wire-non-fr","9":"pa_brass-wire-oui","10":"pa_staple-chiarugi-46-2-fr-2","11":"pa_staple-chiarugi-47-2-fr-2","13":"first","14":"instock","15":"featured","16":"taxable","17":"shipping-taxable","18":"purchasable","19":"product-type-variable","20":"has-default-attributes"},"yoast_head":"<!-- This site is optimized with the Yoast SEO Premium plugin v27.0 (Yoast SEO v27.2) - https:\/\/yoast.com\/product\/yoast-seo-premium-wordpress\/ -->\n<title>Anche hautbois Pro 901 - EG-REEDS<\/title>\n<meta name=\"description\" content=\"L&#039; Anche hautbois Pro 901 est con\u00e7ue sp\u00e9cifiquement pour les hautbois Marigaux 901. Taille-anche 901 con\u00e7u par Lorenzo Massala.\" \/>\n<meta name=\"robots\" content=\"index, follow, max-snippet:-1, max-image-preview:large, max-video-preview:-1\" \/>\n<link rel=\"canonical\" href=\"https:\/\/eg-reeds.com\/fr\/shop\/anches-pro\/anches-hautbois\/anche-hautbois-pro-901\/\" \/>\n<meta property=\"og:locale\" content=\"fr_FR\" \/>\n<meta property=\"og:type\" content=\"article\" \/>\n<meta property=\"og:title\" content=\"Anche hautbois Pro 901\" \/>\n<meta property=\"og:description\" content=\"L&#039; Anche hautbois Pro 901 est con\u00e7ue sp\u00e9cifiquement pour les hautbois Marigaux 901. Taille-anche 901 con\u00e7u par Lorenzo Massala.\" \/>\n<meta property=\"og:url\" content=\"https:\/\/eg-reeds.com\/fr\/shop\/anches-pro\/anches-hautbois\/anche-hautbois-pro-901\/\" \/>\n<meta property=\"og:site_name\" content=\"EG-REEDS\" \/>\n<meta property=\"article:publisher\" content=\"https:\/\/www.facebook.com\/EGREEDS\" \/>\n<meta property=\"article:modified_time\" content=\"2024-12-03T09:38:08+00:00\" \/>\n<meta property=\"og:image\" content=\"https:\/\/eg-reeds.com\/wp-content\/uploads\/2024\/04\/901-Professional-oboe-reed.jpeg\" \/>\n\t<meta property=\"og:image:width\" content=\"1280\" \/>\n\t<meta property=\"og:image:height\" content=\"1088\" \/>\n\t<meta property=\"og:image:type\" content=\"image\/jpeg\" \/>\n<meta name=\"twitter:card\" content=\"summary_large_image\" \/>\n<meta name=\"twitter:site\" content=\"@egreeds\" \/>\n<meta name=\"twitter:label1\" content=\"Disponibilit\u00e9\" \/>\n\t<meta name=\"twitter:data1\" content=\"En stock\" \/>\n<script type=\"application\/ld+json\" class=\"yoast-schema-graph\">{\"@context\":\"https:\/\/schema.org\",\"@graph\":[{\"@type\":[\"WebPage\",\"ItemPage\"],\"@id\":\"https:\/\/eg-reeds.com\/fr\/shop\/anches-pro\/anches-hautbois\/anche-hautbois-pro-901\/\",\"url\":\"https:\/\/eg-reeds.com\/fr\/shop\/anches-pro\/anches-hautbois\/anche-hautbois-pro-901\/\",\"name\":\"Anche hautbois Pro 901 - EG-REEDS\",\"isPartOf\":{\"@id\":\"https:\/\/eg-reeds.com\/fr\/#website\"},\"primaryImageOfPage\":{\"@id\":\"https:\/\/eg-reeds.com\/fr\/shop\/anches-pro\/anches-hautbois\/anche-hautbois-pro-901\/#primaryimage\"},\"image\":{\"@id\":\"https:\/\/eg-reeds.com\/fr\/shop\/anches-pro\/anches-hautbois\/anche-hautbois-pro-901\/#primaryimage\"},\"thumbnailUrl\":\"https:\/\/eg-reeds.com\/wp-content\/uploads\/2024\/04\/901-Professional-oboe-reed.jpeg\",\"datePublished\":\"2024-04-04T15:43:28+00:00\",\"dateModified\":\"2024-12-03T09:38:08+00:00\",\"description\":\"L' Anche hautbois Pro 901 est con\u00e7ue sp\u00e9cifiquement pour les hautbois Marigaux 901. Taille-anche 901 con\u00e7u par Lorenzo Massala.\",\"breadcrumb\":{\"@id\":\"https:\/\/eg-reeds.com\/fr\/shop\/anches-pro\/anches-hautbois\/anche-hautbois-pro-901\/#breadcrumb\"},\"inLanguage\":\"fr-FR\",\"potentialAction\":[{\"@type\":\"ReadAction\",\"target\":[\"https:\/\/eg-reeds.com\/fr\/shop\/anches-pro\/anches-hautbois\/anche-hautbois-pro-901\/\"]}]},{\"@type\":\"ImageObject\",\"inLanguage\":\"fr-FR\",\"@id\":\"https:\/\/eg-reeds.com\/fr\/shop\/anches-pro\/anches-hautbois\/anche-hautbois-pro-901\/#primaryimage\",\"url\":\"https:\/\/eg-reeds.com\/wp-content\/uploads\/2024\/04\/901-Professional-oboe-reed.jpeg\",\"contentUrl\":\"https:\/\/eg-reeds.com\/wp-content\/uploads\/2024\/04\/901-Professional-oboe-reed.jpeg\",\"width\":1280,\"height\":1088,\"caption\":\"Anche hautbois professionnel 901\"},{\"@type\":\"BreadcrumbList\",\"@id\":\"https:\/\/eg-reeds.com\/fr\/shop\/anches-pro\/anches-hautbois\/anche-hautbois-pro-901\/#breadcrumb\",\"itemListElement\":[{\"@type\":\"ListItem\",\"position\":1,\"name\":\"Accueil\",\"item\":\"https:\/\/eg-reeds.com\/fr\/\"},{\"@type\":\"ListItem\",\"position\":2,\"name\":\"Boutique\",\"item\":\"https:\/\/eg-reeds.com\/fr\/\"},{\"@type\":\"ListItem\",\"position\":3,\"name\":\"Anche hautbois Pro 901\"}]},{\"@type\":\"WebSite\",\"@id\":\"https:\/\/eg-reeds.com\/fr\/#website\",\"url\":\"https:\/\/eg-reeds.com\/fr\/\",\"name\":\"www.eg-reeds.com\",\"description\":\"Anches hautbois\",\"publisher\":{\"@id\":\"https:\/\/eg-reeds.com\/fr\/#organization\"},\"alternateName\":\"eg-reeds.com\",\"potentialAction\":[{\"@type\":\"SearchAction\",\"target\":{\"@type\":\"EntryPoint\",\"urlTemplate\":\"https:\/\/eg-reeds.com\/fr\/?s={search_term_string}\"},\"query-input\":{\"@type\":\"PropertyValueSpecification\",\"valueRequired\":true,\"valueName\":\"search_term_string\"}}],\"inLanguage\":\"fr-FR\"},{\"@type\":\"Organization\",\"@id\":\"https:\/\/eg-reeds.com\/fr\/#organization\",\"name\":\"www.eg-reeds.com\",\"url\":\"https:\/\/eg-reeds.com\/fr\/\",\"logo\":{\"@type\":\"ImageObject\",\"inLanguage\":\"fr-FR\",\"@id\":\"https:\/\/eg-reeds.com\/fr\/#\/schema\/logo\/image\/\",\"url\":\"https:\/\/eg-reeds.com\/wp-content\/uploads\/2024\/06\/Logo-scaled-e1718793906611.jpg\",\"contentUrl\":\"https:\/\/eg-reeds.com\/wp-content\/uploads\/2024\/06\/Logo-scaled-e1718793906611.jpg\",\"width\":1200,\"height\":493,\"caption\":\"www.eg-reeds.com\"},\"image\":{\"@id\":\"https:\/\/eg-reeds.com\/fr\/#\/schema\/logo\/image\/\"},\"sameAs\":[\"https:\/\/www.facebook.com\/EGREEDS\",\"https:\/\/x.com\/egreeds\",\"https:\/\/www.instagram.com\/egreeds\/\",\"https:\/\/www.youtube.com\/c\/EGREEDS\",\"https:\/\/www.threads.net\/@egreeds\",\"https:\/\/www.tiktok.com\/@egreeds\"]}]}<\/script>\n<meta property=\"og:availability\" content=\"instock\" \/>\n<meta property=\"product:availability\" content=\"instock\" \/>\n<meta property=\"product:retailer_item_id\" content=\"CPOB-901-\" \/>\n<meta property=\"product:condition\" content=\"new\" \/>\n<!-- \/ Yoast SEO Premium plugin. -->","yoast_head_json":{"title":"Anche hautbois Pro 901 - EG-REEDS","description":"L' Anche hautbois Pro 901 est con\u00e7ue sp\u00e9cifiquement pour les hautbois Marigaux 901. Taille-anche 901 con\u00e7u par Lorenzo Massala.","robots":{"index":"index","follow":"follow","max-snippet":"max-snippet:-1","max-image-preview":"max-image-preview:large","max-video-preview":"max-video-preview:-1"},"canonical":"https:\/\/eg-reeds.com\/fr\/shop\/anches-pro\/anches-hautbois\/anche-hautbois-pro-901\/","og_locale":"fr_FR","og_type":"article","og_title":"Anche hautbois Pro 901","og_description":"L' Anche hautbois Pro 901 est con\u00e7ue sp\u00e9cifiquement pour les hautbois Marigaux 901. Taille-anche 901 con\u00e7u par Lorenzo Massala.","og_url":"https:\/\/eg-reeds.com\/fr\/shop\/anches-pro\/anches-hautbois\/anche-hautbois-pro-901\/","og_site_name":"EG-REEDS","article_publisher":"https:\/\/www.facebook.com\/EGREEDS","article_modified_time":"2024-12-03T09:38:08+00:00","og_image":[{"width":1280,"height":1088,"url":"https:\/\/eg-reeds.com\/wp-content\/uploads\/2024\/04\/901-Professional-oboe-reed.jpeg","type":"image\/jpeg"}],"twitter_card":"summary_large_image","twitter_site":"@egreeds","twitter_misc":{"Disponibilit\u00e9":"En stock"},"schema":{"@context":"https:\/\/schema.org","@graph":[{"@type":["WebPage","ItemPage"],"@id":"https:\/\/eg-reeds.com\/fr\/shop\/anches-pro\/anches-hautbois\/anche-hautbois-pro-901\/","url":"https:\/\/eg-reeds.com\/fr\/shop\/anches-pro\/anches-hautbois\/anche-hautbois-pro-901\/","name":"Anche hautbois Pro 901 - EG-REEDS","isPartOf":{"@id":"https:\/\/eg-reeds.com\/fr\/#website"},"primaryImageOfPage":{"@id":"https:\/\/eg-reeds.com\/fr\/shop\/anches-pro\/anches-hautbois\/anche-hautbois-pro-901\/#primaryimage"},"image":{"@id":"https:\/\/eg-reeds.com\/fr\/shop\/anches-pro\/anches-hautbois\/anche-hautbois-pro-901\/#primaryimage"},"thumbnailUrl":"https:\/\/eg-reeds.com\/wp-content\/uploads\/2024\/04\/901-Professional-oboe-reed.jpeg","datePublished":"2024-04-04T15:43:28+00:00","dateModified":"2024-12-03T09:38:08+00:00","description":"L' Anche hautbois Pro 901 est con\u00e7ue sp\u00e9cifiquement pour les hautbois Marigaux 901. Taille-anche 901 con\u00e7u par Lorenzo Massala.","breadcrumb":{"@id":"https:\/\/eg-reeds.com\/fr\/shop\/anches-pro\/anches-hautbois\/anche-hautbois-pro-901\/#breadcrumb"},"inLanguage":"fr-FR","potentialAction":[{"@type":"ReadAction","target":["https:\/\/eg-reeds.com\/fr\/shop\/anches-pro\/anches-hautbois\/anche-hautbois-pro-901\/"]}]},{"@type":"ImageObject","inLanguage":"fr-FR","@id":"https:\/\/eg-reeds.com\/fr\/shop\/anches-pro\/anches-hautbois\/anche-hautbois-pro-901\/#primaryimage","url":"https:\/\/eg-reeds.com\/wp-content\/uploads\/2024\/04\/901-Professional-oboe-reed.jpeg","contentUrl":"https:\/\/eg-reeds.com\/wp-content\/uploads\/2024\/04\/901-Professional-oboe-reed.jpeg","width":1280,"height":1088,"caption":"Anche hautbois professionnel 901"},{"@type":"BreadcrumbList","@id":"https:\/\/eg-reeds.com\/fr\/shop\/anches-pro\/anches-hautbois\/anche-hautbois-pro-901\/#breadcrumb","itemListElement":[{"@type":"ListItem","position":1,"name":"Accueil","item":"https:\/\/eg-reeds.com\/fr\/"},{"@type":"ListItem","position":2,"name":"Boutique","item":"https:\/\/eg-reeds.com\/fr\/"},{"@type":"ListItem","position":3,"name":"Anche hautbois Pro 901"}]},{"@type":"WebSite","@id":"https:\/\/eg-reeds.com\/fr\/#website","url":"https:\/\/eg-reeds.com\/fr\/","name":"www.eg-reeds.com","description":"Anches hautbois","publisher":{"@id":"https:\/\/eg-reeds.com\/fr\/#organization"},"alternateName":"eg-reeds.com","potentialAction":[{"@type":"SearchAction","target":{"@type":"EntryPoint","urlTemplate":"https:\/\/eg-reeds.com\/fr\/?s={search_term_string}"},"query-input":{"@type":"PropertyValueSpecification","valueRequired":true,"valueName":"search_term_string"}}],"inLanguage":"fr-FR"},{"@type":"Organization","@id":"https:\/\/eg-reeds.com\/fr\/#organization","name":"www.eg-reeds.com","url":"https:\/\/eg-reeds.com\/fr\/","logo":{"@type":"ImageObject","inLanguage":"fr-FR","@id":"https:\/\/eg-reeds.com\/fr\/#\/schema\/logo\/image\/","url":"https:\/\/eg-reeds.com\/wp-content\/uploads\/2024\/06\/Logo-scaled-e1718793906611.jpg","contentUrl":"https:\/\/eg-reeds.com\/wp-content\/uploads\/2024\/06\/Logo-scaled-e1718793906611.jpg","width":1200,"height":493,"caption":"www.eg-reeds.com"},"image":{"@id":"https:\/\/eg-reeds.com\/fr\/#\/schema\/logo\/image\/"},"sameAs":["https:\/\/www.facebook.com\/EGREEDS","https:\/\/x.com\/egreeds","https:\/\/www.instagram.com\/egreeds\/","https:\/\/www.youtube.com\/c\/EGREEDS","https:\/\/www.threads.net\/@egreeds","https:\/\/www.tiktok.com\/@egreeds"]}]},"og_availability":"instock","product_availability":"instock","product_retailer_item_id":"CPOB-901-","product_condition":"new"},"_links":{"self":[{"href":"https:\/\/eg-reeds.com\/fr\/wp-json\/wp\/v2\/product\/50903","targetHints":{"allow":["GET"]}}],"collection":[{"href":"https:\/\/eg-reeds.com\/fr\/wp-json\/wp\/v2\/product"}],"about":[{"href":"https:\/\/eg-reeds.com\/fr\/wp-json\/wp\/v2\/types\/product"}],"replies":[{"embeddable":true,"href":"https:\/\/eg-reeds.com\/fr\/wp-json\/wp\/v2\/comments?post=50903"}],"wp:featuredmedia":[{"embeddable":true,"href":"https:\/\/eg-reeds.com\/fr\/wp-json\/wp\/v2\/media\/51088"}],"wp:attachment":[{"href":"https:\/\/eg-reeds.com\/fr\/wp-json\/wp\/v2\/media?parent=50903"}],"wp:term":[{"taxonomy":"product_brand","embeddable":true,"href":"https:\/\/eg-reeds.com\/fr\/wp-json\/wp\/v2\/product_brand?post=50903"},{"taxonomy":"product_cat","embeddable":true,"href":"https:\/\/eg-reeds.com\/fr\/wp-json\/wp\/v2\/product_cat?post=50903"},{"taxonomy":"product_tag","embeddable":true,"href":"https:\/\/eg-reeds.com\/fr\/wp-json\/wp\/v2\/product_tag?post=50903"},{"taxonomy":"giftcard-category","embeddable":true,"href":"https:\/\/eg-reeds.com\/fr\/wp-json\/wp\/v2\/giftcard-category?post=50903"}],"curies":[{"name":"wp","href":"https:\/\/api.w.org\/{rel}","templated":true}]}}