{"id":50928,"date":"2024-04-04T17:02:26","date_gmt":"2024-04-04T16:02:26","guid":{"rendered":"http:\/\/eg-reeds.com\/?post_type=product&#038;p=50928"},"modified":"2024-04-11T11:05:22","modified_gmt":"2024-04-11T10:05:22","slug":"couteau-dolomiti-chiarugi","status":"publish","type":"product","link":"https:\/\/eg-reeds.com\/fr\/shop\/accessoires\/couteaux\/couteau-dolomiti-chiarugi\/","title":{"rendered":"Couteau Dolomiti Chiarugi"},"content":{"rendered":"<div class=\"page\" title=\"Page 1\">\n<div class=\"section\">\n<div class=\"layoutArea\">\n<div class=\"column\">\n<h1><strong>Couteau Dolomiti Chiarugi. <\/strong><\/h1>\n<p>Couteau Dolomiti Chiarugi. Couteau professionnel pour la fabrication de anches. Cr\u00e9ez des anches parfaites avec le Dolomiti Chiarugi, un couteau de qualit\u00e9 professionnelle con\u00e7u pour la fabrication minutieuse des anches.<\/p>\n<div class=\"flex-1 overflow-hidden\">\n<div class=\"react-scroll-to-bottom--css-hkwey-79elbk h-full\">\n<div class=\"react-scroll-to-bottom--css-hkwey-1n7m0yu\">\n<div class=\"flex flex-col text-sm pb-9\">\n<div class=\"w-full text-token-text-primary\" dir=\"auto\" data-testid=\"conversation-turn-3\">\n<div class=\"px-4 py-2 justify-center text-base md:gap-6 m-auto\">\n<div class=\"flex flex-1 text-base mx-auto gap-3 juice:gap-4 juice:md:gap-6 md:px-5 lg:px-1 xl:px-5 md:max-w-3xl lg:max-w-[40rem] xl:max-w-[48rem] group final-completion\">\n<div class=\"relative flex w-full flex-col agent-turn\">\n<div class=\"flex-col gap-1 md:gap-3\">\n<div class=\"flex flex-grow flex-col max-w-full\">\n<div class=\"min-h-[20px] text-message flex flex-col items-start gap-3 whitespace-pre-wrap break-words [.text-message+&amp;]:mt-5 overflow-x-auto\" dir=\"auto\" data-message-author-role=\"assistant\" data-message-id=\"5db6c234-335b-4c0a-b158-ee063fa56625\">\n<div class=\"markdown prose w-full break-words dark:prose-invert light\">\n<p>Ce couteau \u00e0 lame fixe pr\u00e9sente:<\/p>\n<ul>\n<li><strong>Acier de haute qualit\u00e9:<\/strong> Garantit des coupes pr\u00e9cises.<\/li>\n<li><strong>Poign\u00e9e large et confortable:<\/strong> Fournit une prise s\u00fbre et r\u00e9duit la fatigue lors d&rsquo;une utilisation prolong\u00e9e.<\/li>\n<li><strong>Lame biseaut\u00e9e:<\/strong> Id\u00e9ale pour les anches.<\/li>\n<li><strong>Poids substantiel:<\/strong> Offre un excellent contr\u00f4le et stabilit\u00e9 lors de la fabrication.<\/li>\n<\/ul>\n<\/div>\n<\/div>\n<\/div>\n<\/div>\n<\/div>\n<\/div>\n<\/div>\n<\/div>\n<\/div>\n<\/div>\n<\/div>\n<\/div>\n<\/div>\n<\/div>\n<\/div>\n<\/div>\n","protected":false},"excerpt":{"rendered":"<p>Couteau professionnel pour la fabrication de anches.<\/p>\n","protected":false},"featured_media":50947,"comment_status":"open","ping_status":"closed","template":"","meta":[],"product_brand":[],"product_cat":[1415,1487],"product_tag":[],"giftcard-category":[],"class_list":{"0":"post-50928","1":"product","2":"type-product","3":"status-publish","4":"has-post-thumbnail","6":"product_cat-accessoires","7":"product_cat-couteaux","9":"first","10":"instock","11":"taxable","12":"shipping-taxable","13":"purchasable","14":"product-type-simple"},"yoast_head":"<!-- This site is optimized with the Yoast SEO Premium plugin v27.0 (Yoast SEO v27.4) - https:\/\/yoast.com\/product\/yoast-seo-premium-wordpress\/ -->\n<title>Couteau Dolomiti Chiarugi - EG-REEDS<\/title>\n<meta name=\"description\" content=\"Couteau Dolomiti Chiarugi. Cr\u00e9ez des anches parfaites avec le Dolomiti Chiarugi, un couteau de qualit\u00e9 professionnelle con\u00e7u pour la fabrication des anches.\" \/>\n<meta name=\"robots\" content=\"index, follow, max-snippet:-1, max-image-preview:large, max-video-preview:-1\" \/>\n<link rel=\"canonical\" href=\"https:\/\/eg-reeds.com\/fr\/shop\/accessoires\/couteaux\/couteau-dolomiti-chiarugi\/\" \/>\n<meta property=\"og:locale\" content=\"fr_FR\" \/>\n<meta property=\"og:type\" content=\"article\" \/>\n<meta property=\"og:title\" content=\"Couteau Dolomiti Chiarugi\" \/>\n<meta property=\"og:description\" content=\"Couteau Dolomiti Chiarugi. Cr\u00e9ez des anches parfaites avec le Dolomiti Chiarugi, un couteau de qualit\u00e9 professionnelle con\u00e7u pour la fabrication des anches.\" \/>\n<meta property=\"og:url\" content=\"https:\/\/eg-reeds.com\/fr\/shop\/accessoires\/couteaux\/couteau-dolomiti-chiarugi\/\" \/>\n<meta property=\"og:site_name\" content=\"EG-REEDS\" \/>\n<meta property=\"article:publisher\" content=\"https:\/\/www.facebook.com\/EGREEDS\" \/>\n<meta property=\"article:modified_time\" content=\"2024-04-11T10:05:22+00:00\" \/>\n<meta property=\"og:image\" content=\"https:\/\/eg-reeds.com\/wp-content\/uploads\/2024\/04\/Dolomiti-knife-Chiarugi.jpeg\" \/>\n\t<meta property=\"og:image:width\" content=\"1280\" \/>\n\t<meta property=\"og:image:height\" content=\"1088\" \/>\n\t<meta property=\"og:image:type\" content=\"image\/jpeg\" \/>\n<meta name=\"twitter:card\" content=\"summary_large_image\" \/>\n<meta name=\"twitter:site\" content=\"@egreeds\" \/>\n<meta name=\"twitter:label1\" content=\"Prix\" \/>\n\t<meta name=\"twitter:data1\" content=\"85,00&euro;\" \/>\n\t<meta name=\"twitter:label2\" content=\"Disponibilit\u00e9\" \/>\n\t<meta name=\"twitter:data2\" content=\"En stock\" \/>\n<script type=\"application\/ld+json\" class=\"yoast-schema-graph\">{\"@context\":\"https:\\\/\\\/schema.org\",\"@graph\":[{\"@type\":[\"WebPage\",\"ItemPage\"],\"@id\":\"https:\\\/\\\/eg-reeds.com\\\/fr\\\/shop\\\/accessoires\\\/couteaux\\\/couteau-dolomiti-chiarugi\\\/\",\"url\":\"https:\\\/\\\/eg-reeds.com\\\/fr\\\/shop\\\/accessoires\\\/couteaux\\\/couteau-dolomiti-chiarugi\\\/\",\"name\":\"Couteau Dolomiti Chiarugi - EG-REEDS\",\"isPartOf\":{\"@id\":\"https:\\\/\\\/eg-reeds.com\\\/fr\\\/#website\"},\"primaryImageOfPage\":{\"@id\":\"https:\\\/\\\/eg-reeds.com\\\/fr\\\/shop\\\/accessoires\\\/couteaux\\\/couteau-dolomiti-chiarugi\\\/#primaryimage\"},\"image\":{\"@id\":\"https:\\\/\\\/eg-reeds.com\\\/fr\\\/shop\\\/accessoires\\\/couteaux\\\/couteau-dolomiti-chiarugi\\\/#primaryimage\"},\"thumbnailUrl\":\"https:\\\/\\\/eg-reeds.com\\\/wp-content\\\/uploads\\\/2024\\\/04\\\/Dolomiti-knife-Chiarugi.jpeg\",\"datePublished\":\"2024-04-04T16:02:26+00:00\",\"dateModified\":\"2024-04-11T10:05:22+00:00\",\"description\":\"Couteau Dolomiti Chiarugi. Cr\u00e9ez des anches parfaites avec le Dolomiti Chiarugi, un couteau de qualit\u00e9 professionnelle con\u00e7u pour la fabrication des anches.\",\"breadcrumb\":{\"@id\":\"https:\\\/\\\/eg-reeds.com\\\/fr\\\/shop\\\/accessoires\\\/couteaux\\\/couteau-dolomiti-chiarugi\\\/#breadcrumb\"},\"inLanguage\":\"fr-FR\",\"potentialAction\":[{\"@type\":\"ReadAction\",\"target\":[\"https:\\\/\\\/eg-reeds.com\\\/fr\\\/shop\\\/accessoires\\\/couteaux\\\/couteau-dolomiti-chiarugi\\\/\"]}]},{\"@type\":\"ImageObject\",\"inLanguage\":\"fr-FR\",\"@id\":\"https:\\\/\\\/eg-reeds.com\\\/fr\\\/shop\\\/accessoires\\\/couteaux\\\/couteau-dolomiti-chiarugi\\\/#primaryimage\",\"url\":\"https:\\\/\\\/eg-reeds.com\\\/wp-content\\\/uploads\\\/2024\\\/04\\\/Dolomiti-knife-Chiarugi.jpeg\",\"contentUrl\":\"https:\\\/\\\/eg-reeds.com\\\/wp-content\\\/uploads\\\/2024\\\/04\\\/Dolomiti-knife-Chiarugi.jpeg\",\"width\":1280,\"height\":1088,\"caption\":\"Couteau Dolomiti Chiarugi hautbois\"},{\"@type\":\"BreadcrumbList\",\"@id\":\"https:\\\/\\\/eg-reeds.com\\\/fr\\\/shop\\\/accessoires\\\/couteaux\\\/couteau-dolomiti-chiarugi\\\/#breadcrumb\",\"itemListElement\":[{\"@type\":\"ListItem\",\"position\":1,\"name\":\"Accueil\",\"item\":\"https:\\\/\\\/eg-reeds.com\\\/fr\\\/\"},{\"@type\":\"ListItem\",\"position\":2,\"name\":\"Boutique\",\"item\":\"https:\\\/\\\/eg-reeds.com\\\/fr\\\/\"},{\"@type\":\"ListItem\",\"position\":3,\"name\":\"Couteau Dolomiti Chiarugi\"}]},{\"@type\":\"WebSite\",\"@id\":\"https:\\\/\\\/eg-reeds.com\\\/fr\\\/#website\",\"url\":\"https:\\\/\\\/eg-reeds.com\\\/fr\\\/\",\"name\":\"www.eg-reeds.com\",\"description\":\"Anches hautbois\",\"publisher\":{\"@id\":\"https:\\\/\\\/eg-reeds.com\\\/fr\\\/#organization\"},\"alternateName\":\"eg-reeds.com\",\"potentialAction\":[{\"@type\":\"SearchAction\",\"target\":{\"@type\":\"EntryPoint\",\"urlTemplate\":\"https:\\\/\\\/eg-reeds.com\\\/fr\\\/?s={search_term_string}\"},\"query-input\":{\"@type\":\"PropertyValueSpecification\",\"valueRequired\":true,\"valueName\":\"search_term_string\"}}],\"inLanguage\":\"fr-FR\"},{\"@type\":\"Organization\",\"@id\":\"https:\\\/\\\/eg-reeds.com\\\/fr\\\/#organization\",\"name\":\"www.eg-reeds.com\",\"url\":\"https:\\\/\\\/eg-reeds.com\\\/fr\\\/\",\"logo\":{\"@type\":\"ImageObject\",\"inLanguage\":\"fr-FR\",\"@id\":\"https:\\\/\\\/eg-reeds.com\\\/fr\\\/#\\\/schema\\\/logo\\\/image\\\/\",\"url\":\"https:\\\/\\\/eg-reeds.com\\\/wp-content\\\/uploads\\\/2024\\\/06\\\/Logo-scaled-e1718793906611.jpg\",\"contentUrl\":\"https:\\\/\\\/eg-reeds.com\\\/wp-content\\\/uploads\\\/2024\\\/06\\\/Logo-scaled-e1718793906611.jpg\",\"width\":1200,\"height\":493,\"caption\":\"www.eg-reeds.com\"},\"image\":{\"@id\":\"https:\\\/\\\/eg-reeds.com\\\/fr\\\/#\\\/schema\\\/logo\\\/image\\\/\"},\"sameAs\":[\"https:\\\/\\\/www.facebook.com\\\/EGREEDS\",\"https:\\\/\\\/x.com\\\/egreeds\",\"https:\\\/\\\/www.instagram.com\\\/egreeds\\\/\",\"https:\\\/\\\/www.youtube.com\\\/c\\\/EGREEDS\",\"https:\\\/\\\/www.threads.net\\\/@egreeds\",\"https:\\\/\\\/www.tiktok.com\\\/@egreeds\"]}]}<\/script>\n<meta property=\"product:price:amount\" content=\"85.00\" \/>\n<meta property=\"product:price:currency\" content=\"EUR\" \/>\n<meta property=\"og:availability\" content=\"instock\" \/>\n<meta property=\"product:availability\" content=\"instock\" \/>\n<meta property=\"product:retailer_item_id\" content=\"ACNND\" \/>\n<meta property=\"product:condition\" content=\"new\" \/>\n<!-- \/ Yoast SEO Premium plugin. -->","yoast_head_json":{"title":"Couteau Dolomiti Chiarugi - EG-REEDS","description":"Couteau Dolomiti Chiarugi. Cr\u00e9ez des anches parfaites avec le Dolomiti Chiarugi, un couteau de qualit\u00e9 professionnelle con\u00e7u pour la fabrication des anches.","robots":{"index":"index","follow":"follow","max-snippet":"max-snippet:-1","max-image-preview":"max-image-preview:large","max-video-preview":"max-video-preview:-1"},"canonical":"https:\/\/eg-reeds.com\/fr\/shop\/accessoires\/couteaux\/couteau-dolomiti-chiarugi\/","og_locale":"fr_FR","og_type":"article","og_title":"Couteau Dolomiti Chiarugi","og_description":"Couteau Dolomiti Chiarugi. Cr\u00e9ez des anches parfaites avec le Dolomiti Chiarugi, un couteau de qualit\u00e9 professionnelle con\u00e7u pour la fabrication des anches.","og_url":"https:\/\/eg-reeds.com\/fr\/shop\/accessoires\/couteaux\/couteau-dolomiti-chiarugi\/","og_site_name":"EG-REEDS","article_publisher":"https:\/\/www.facebook.com\/EGREEDS","article_modified_time":"2024-04-11T10:05:22+00:00","og_image":[{"width":1280,"height":1088,"url":"https:\/\/eg-reeds.com\/wp-content\/uploads\/2024\/04\/Dolomiti-knife-Chiarugi.jpeg","type":"image\/jpeg"}],"twitter_card":"summary_large_image","twitter_site":"@egreeds","twitter_misc":{"Prix":"85,00&euro;","Disponibilit\u00e9":"En stock"},"schema":{"@context":"https:\/\/schema.org","@graph":[{"@type":["WebPage","ItemPage"],"@id":"https:\/\/eg-reeds.com\/fr\/shop\/accessoires\/couteaux\/couteau-dolomiti-chiarugi\/","url":"https:\/\/eg-reeds.com\/fr\/shop\/accessoires\/couteaux\/couteau-dolomiti-chiarugi\/","name":"Couteau Dolomiti Chiarugi - EG-REEDS","isPartOf":{"@id":"https:\/\/eg-reeds.com\/fr\/#website"},"primaryImageOfPage":{"@id":"https:\/\/eg-reeds.com\/fr\/shop\/accessoires\/couteaux\/couteau-dolomiti-chiarugi\/#primaryimage"},"image":{"@id":"https:\/\/eg-reeds.com\/fr\/shop\/accessoires\/couteaux\/couteau-dolomiti-chiarugi\/#primaryimage"},"thumbnailUrl":"https:\/\/eg-reeds.com\/wp-content\/uploads\/2024\/04\/Dolomiti-knife-Chiarugi.jpeg","datePublished":"2024-04-04T16:02:26+00:00","dateModified":"2024-04-11T10:05:22+00:00","description":"Couteau Dolomiti Chiarugi. Cr\u00e9ez des anches parfaites avec le Dolomiti Chiarugi, un couteau de qualit\u00e9 professionnelle con\u00e7u pour la fabrication des anches.","breadcrumb":{"@id":"https:\/\/eg-reeds.com\/fr\/shop\/accessoires\/couteaux\/couteau-dolomiti-chiarugi\/#breadcrumb"},"inLanguage":"fr-FR","potentialAction":[{"@type":"ReadAction","target":["https:\/\/eg-reeds.com\/fr\/shop\/accessoires\/couteaux\/couteau-dolomiti-chiarugi\/"]}]},{"@type":"ImageObject","inLanguage":"fr-FR","@id":"https:\/\/eg-reeds.com\/fr\/shop\/accessoires\/couteaux\/couteau-dolomiti-chiarugi\/#primaryimage","url":"https:\/\/eg-reeds.com\/wp-content\/uploads\/2024\/04\/Dolomiti-knife-Chiarugi.jpeg","contentUrl":"https:\/\/eg-reeds.com\/wp-content\/uploads\/2024\/04\/Dolomiti-knife-Chiarugi.jpeg","width":1280,"height":1088,"caption":"Couteau Dolomiti Chiarugi hautbois"},{"@type":"BreadcrumbList","@id":"https:\/\/eg-reeds.com\/fr\/shop\/accessoires\/couteaux\/couteau-dolomiti-chiarugi\/#breadcrumb","itemListElement":[{"@type":"ListItem","position":1,"name":"Accueil","item":"https:\/\/eg-reeds.com\/fr\/"},{"@type":"ListItem","position":2,"name":"Boutique","item":"https:\/\/eg-reeds.com\/fr\/"},{"@type":"ListItem","position":3,"name":"Couteau Dolomiti Chiarugi"}]},{"@type":"WebSite","@id":"https:\/\/eg-reeds.com\/fr\/#website","url":"https:\/\/eg-reeds.com\/fr\/","name":"www.eg-reeds.com","description":"Anches hautbois","publisher":{"@id":"https:\/\/eg-reeds.com\/fr\/#organization"},"alternateName":"eg-reeds.com","potentialAction":[{"@type":"SearchAction","target":{"@type":"EntryPoint","urlTemplate":"https:\/\/eg-reeds.com\/fr\/?s={search_term_string}"},"query-input":{"@type":"PropertyValueSpecification","valueRequired":true,"valueName":"search_term_string"}}],"inLanguage":"fr-FR"},{"@type":"Organization","@id":"https:\/\/eg-reeds.com\/fr\/#organization","name":"www.eg-reeds.com","url":"https:\/\/eg-reeds.com\/fr\/","logo":{"@type":"ImageObject","inLanguage":"fr-FR","@id":"https:\/\/eg-reeds.com\/fr\/#\/schema\/logo\/image\/","url":"https:\/\/eg-reeds.com\/wp-content\/uploads\/2024\/06\/Logo-scaled-e1718793906611.jpg","contentUrl":"https:\/\/eg-reeds.com\/wp-content\/uploads\/2024\/06\/Logo-scaled-e1718793906611.jpg","width":1200,"height":493,"caption":"www.eg-reeds.com"},"image":{"@id":"https:\/\/eg-reeds.com\/fr\/#\/schema\/logo\/image\/"},"sameAs":["https:\/\/www.facebook.com\/EGREEDS","https:\/\/x.com\/egreeds","https:\/\/www.instagram.com\/egreeds\/","https:\/\/www.youtube.com\/c\/EGREEDS","https:\/\/www.threads.net\/@egreeds","https:\/\/www.tiktok.com\/@egreeds"]}]},"product_price_amount":"85.00","product_price_currency":"EUR","og_availability":"instock","product_availability":"instock","product_retailer_item_id":"ACNND","product_condition":"new"},"_links":{"self":[{"href":"https:\/\/eg-reeds.com\/fr\/wp-json\/wp\/v2\/product\/50928","targetHints":{"allow":["GET"]}}],"collection":[{"href":"https:\/\/eg-reeds.com\/fr\/wp-json\/wp\/v2\/product"}],"about":[{"href":"https:\/\/eg-reeds.com\/fr\/wp-json\/wp\/v2\/types\/product"}],"replies":[{"embeddable":true,"href":"https:\/\/eg-reeds.com\/fr\/wp-json\/wp\/v2\/comments?post=50928"}],"wp:featuredmedia":[{"embeddable":true,"href":"https:\/\/eg-reeds.com\/fr\/wp-json\/wp\/v2\/media\/50947"}],"wp:attachment":[{"href":"https:\/\/eg-reeds.com\/fr\/wp-json\/wp\/v2\/media?parent=50928"}],"wp:term":[{"taxonomy":"product_brand","embeddable":true,"href":"https:\/\/eg-reeds.com\/fr\/wp-json\/wp\/v2\/product_brand?post=50928"},{"taxonomy":"product_cat","embeddable":true,"href":"https:\/\/eg-reeds.com\/fr\/wp-json\/wp\/v2\/product_cat?post=50928"},{"taxonomy":"product_tag","embeddable":true,"href":"https:\/\/eg-reeds.com\/fr\/wp-json\/wp\/v2\/product_tag?post=50928"},{"taxonomy":"giftcard-category","embeddable":true,"href":"https:\/\/eg-reeds.com\/fr\/wp-json\/wp\/v2\/giftcard-category?post=50928"}],"curies":[{"name":"wp","href":"https:\/\/api.w.org\/{rel}","templated":true}]}}