{"id":51513,"date":"2024-05-24T13:02:02","date_gmt":"2024-05-27T12:13:35","guid":{"rendered":"http:\/\/eg-reeds.com\/?post_type=product&#038;p=51513"},"modified":"2024-05-27T13:16:33","modified_gmt":"2024-05-27T12:16:33","slug":"korg-ca-2-accordeur-chromatique","status":"publish","type":"product","link":"https:\/\/eg-reeds.com\/fr\/shop\/accessoires\/accessoires-pour-instruments\/korg-ca-2-accordeur-chromatique\/","title":{"rendered":"Korg CA-2 Accordeur chromatique"},"content":{"rendered":"<h1 data-sourcepos=\"1:1-1:49\"><strong>Korg CA-2 Accordeur chromatique.<\/strong><\/h1>\n<p data-sourcepos=\"1:1-1:49\">Korg CA-2 Accordeur chromatique.<\/p>\n<p data-sourcepos=\"5:1-5:339\">Le Korg CA-2 est un accordeur chromatique de poche qui offre une pr\u00e9cision, une sensibilit\u00e9 et une facilit\u00e9 d&rsquo;utilisation \u00e9lev\u00e9es, ce qui en fait l&rsquo;outil id\u00e9al pour les musiciens de tous niveaux. Son design compact et l\u00e9ger le rend id\u00e9al pour le transport, tandis que sa large gamme de fonctions le rend adapt\u00e9 \u00e0 une vari\u00e9t\u00e9 d&rsquo;instruments.<\/p>\n","protected":false},"excerpt":{"rendered":"<p>Korg CA-2 Accordeur chromatique. Korg CA-2 Accordeur chromatique. Le Korg CA-2 est un accordeur chromatique de poche qui offre une pr\u00e9cision, une sensibilit\u00e9 et une facilit\u00e9 d&rsquo;utilisation \u00e9lev\u00e9es, ce qui en fait l&rsquo;outil id\u00e9al pour les musiciens de tous niveaux. Son design compact et l\u00e9ger le rend id\u00e9al pour le transport, tandis que sa large [&#8230;]\n","protected":false},"featured_media":51480,"comment_status":"open","ping_status":"closed","template":"","meta":[],"product_brand":[],"product_cat":[3580],"product_tag":[],"giftcard-category":[],"class_list":{"0":"post-51513","1":"product","2":"type-product","3":"status-publish","4":"has-post-thumbnail","6":"product_cat-accessoires-pour-instruments","8":"first","9":"outofstock","10":"taxable","11":"shipping-taxable","12":"purchasable","13":"product-type-simple"},"yoast_head":"<!-- This site is optimized with the Yoast SEO Premium plugin v27.0 (Yoast SEO v27.3) - https:\/\/yoast.com\/product\/yoast-seo-premium-wordpress\/ -->\n<title>Korg CA-2 Accordeur chromatique - EG-REEDS<\/title>\n<meta name=\"description\" content=\"Korg CA-2 Accordeur chromatique. Le Korg CA-2 est un accordeur chromatique de poche qui offre une pr\u00e9cision et une facilit\u00e9 d&#039;utilisation \u00e9lev\u00e9es.\" \/>\n<meta name=\"robots\" content=\"index, follow, max-snippet:-1, max-image-preview:large, max-video-preview:-1\" \/>\n<link rel=\"canonical\" href=\"https:\/\/eg-reeds.com\/fr\/shop\/accessoires\/accessoires-pour-instruments\/korg-ca-2-accordeur-chromatique\/\" \/>\n<meta property=\"og:locale\" content=\"fr_FR\" \/>\n<meta property=\"og:type\" content=\"article\" \/>\n<meta property=\"og:title\" content=\"Korg CA-2 Accordeur chromatique\" \/>\n<meta property=\"og:description\" content=\"Korg CA-2 Accordeur chromatique. Le Korg CA-2 est un accordeur chromatique de poche qui offre une pr\u00e9cision et une facilit\u00e9 d&#039;utilisation \u00e9lev\u00e9es.\" \/>\n<meta property=\"og:url\" content=\"https:\/\/eg-reeds.com\/fr\/shop\/accessoires\/accessoires-pour-instruments\/korg-ca-2-accordeur-chromatique\/\" \/>\n<meta property=\"og:site_name\" content=\"EG-REEDS\" \/>\n<meta property=\"article:publisher\" content=\"https:\/\/www.facebook.com\/EGREEDS\" \/>\n<meta property=\"article:modified_time\" content=\"2024-05-27T12:16:33+00:00\" \/>\n<meta property=\"og:image\" content=\"https:\/\/eg-reeds.com\/wp-content\/uploads\/2024\/05\/Korg-CA-2-Chromatic-Tuner.jpg\" \/>\n\t<meta property=\"og:image:width\" content=\"679\" \/>\n\t<meta property=\"og:image:height\" content=\"404\" \/>\n\t<meta property=\"og:image:type\" content=\"image\/jpeg\" \/>\n<meta name=\"twitter:card\" content=\"summary_large_image\" \/>\n<meta name=\"twitter:site\" content=\"@egreeds\" \/>\n<meta name=\"twitter:label1\" content=\"Prix\" \/>\n\t<meta name=\"twitter:data1\" content=\"20,00&euro;\" \/>\n\t<meta name=\"twitter:label2\" content=\"Disponibilit\u00e9\" \/>\n\t<meta name=\"twitter:data2\" content=\"Rupture de stock\" \/>\n<script type=\"application\/ld+json\" class=\"yoast-schema-graph\">{\"@context\":\"https:\\\/\\\/schema.org\",\"@graph\":[{\"@type\":[\"WebPage\",\"ItemPage\"],\"@id\":\"https:\\\/\\\/eg-reeds.com\\\/fr\\\/shop\\\/accessoires\\\/accessoires-pour-instruments\\\/korg-ca-2-accordeur-chromatique\\\/\",\"url\":\"https:\\\/\\\/eg-reeds.com\\\/fr\\\/shop\\\/accessoires\\\/accessoires-pour-instruments\\\/korg-ca-2-accordeur-chromatique\\\/\",\"name\":\"Korg CA-2 Accordeur chromatique - EG-REEDS\",\"isPartOf\":{\"@id\":\"https:\\\/\\\/eg-reeds.com\\\/fr\\\/#website\"},\"primaryImageOfPage\":{\"@id\":\"https:\\\/\\\/eg-reeds.com\\\/fr\\\/shop\\\/accessoires\\\/accessoires-pour-instruments\\\/korg-ca-2-accordeur-chromatique\\\/#primaryimage\"},\"image\":{\"@id\":\"https:\\\/\\\/eg-reeds.com\\\/fr\\\/shop\\\/accessoires\\\/accessoires-pour-instruments\\\/korg-ca-2-accordeur-chromatique\\\/#primaryimage\"},\"thumbnailUrl\":\"https:\\\/\\\/eg-reeds.com\\\/wp-content\\\/uploads\\\/2024\\\/05\\\/Korg-CA-2-Chromatic-Tuner.jpg\",\"datePublished\":\"2024-05-27T12:13:35+00:00\",\"dateModified\":\"2024-05-27T12:16:33+00:00\",\"description\":\"Korg CA-2 Accordeur chromatique. Le Korg CA-2 est un accordeur chromatique de poche qui offre une pr\u00e9cision et une facilit\u00e9 d'utilisation \u00e9lev\u00e9es.\",\"breadcrumb\":{\"@id\":\"https:\\\/\\\/eg-reeds.com\\\/fr\\\/shop\\\/accessoires\\\/accessoires-pour-instruments\\\/korg-ca-2-accordeur-chromatique\\\/#breadcrumb\"},\"inLanguage\":\"fr-FR\",\"potentialAction\":[{\"@type\":\"ReadAction\",\"target\":[\"https:\\\/\\\/eg-reeds.com\\\/fr\\\/shop\\\/accessoires\\\/accessoires-pour-instruments\\\/korg-ca-2-accordeur-chromatique\\\/\"]}]},{\"@type\":\"ImageObject\",\"inLanguage\":\"fr-FR\",\"@id\":\"https:\\\/\\\/eg-reeds.com\\\/fr\\\/shop\\\/accessoires\\\/accessoires-pour-instruments\\\/korg-ca-2-accordeur-chromatique\\\/#primaryimage\",\"url\":\"https:\\\/\\\/eg-reeds.com\\\/wp-content\\\/uploads\\\/2024\\\/05\\\/Korg-CA-2-Chromatic-Tuner.jpg\",\"contentUrl\":\"https:\\\/\\\/eg-reeds.com\\\/wp-content\\\/uploads\\\/2024\\\/05\\\/Korg-CA-2-Chromatic-Tuner.jpg\",\"width\":679,\"height\":404,\"caption\":\"Accordeur Korg CA2\"},{\"@type\":\"BreadcrumbList\",\"@id\":\"https:\\\/\\\/eg-reeds.com\\\/fr\\\/shop\\\/accessoires\\\/accessoires-pour-instruments\\\/korg-ca-2-accordeur-chromatique\\\/#breadcrumb\",\"itemListElement\":[{\"@type\":\"ListItem\",\"position\":1,\"name\":\"Accueil\",\"item\":\"https:\\\/\\\/eg-reeds.com\\\/fr\\\/\"},{\"@type\":\"ListItem\",\"position\":2,\"name\":\"Boutique\",\"item\":\"https:\\\/\\\/eg-reeds.com\\\/fr\\\/\"},{\"@type\":\"ListItem\",\"position\":3,\"name\":\"Korg CA-2 Accordeur chromatique\"}]},{\"@type\":\"WebSite\",\"@id\":\"https:\\\/\\\/eg-reeds.com\\\/fr\\\/#website\",\"url\":\"https:\\\/\\\/eg-reeds.com\\\/fr\\\/\",\"name\":\"www.eg-reeds.com\",\"description\":\"Anches hautbois\",\"publisher\":{\"@id\":\"https:\\\/\\\/eg-reeds.com\\\/fr\\\/#organization\"},\"alternateName\":\"eg-reeds.com\",\"potentialAction\":[{\"@type\":\"SearchAction\",\"target\":{\"@type\":\"EntryPoint\",\"urlTemplate\":\"https:\\\/\\\/eg-reeds.com\\\/fr\\\/?s={search_term_string}\"},\"query-input\":{\"@type\":\"PropertyValueSpecification\",\"valueRequired\":true,\"valueName\":\"search_term_string\"}}],\"inLanguage\":\"fr-FR\"},{\"@type\":\"Organization\",\"@id\":\"https:\\\/\\\/eg-reeds.com\\\/fr\\\/#organization\",\"name\":\"www.eg-reeds.com\",\"url\":\"https:\\\/\\\/eg-reeds.com\\\/fr\\\/\",\"logo\":{\"@type\":\"ImageObject\",\"inLanguage\":\"fr-FR\",\"@id\":\"https:\\\/\\\/eg-reeds.com\\\/fr\\\/#\\\/schema\\\/logo\\\/image\\\/\",\"url\":\"https:\\\/\\\/eg-reeds.com\\\/wp-content\\\/uploads\\\/2024\\\/06\\\/Logo-scaled-e1718793906611.jpg\",\"contentUrl\":\"https:\\\/\\\/eg-reeds.com\\\/wp-content\\\/uploads\\\/2024\\\/06\\\/Logo-scaled-e1718793906611.jpg\",\"width\":1200,\"height\":493,\"caption\":\"www.eg-reeds.com\"},\"image\":{\"@id\":\"https:\\\/\\\/eg-reeds.com\\\/fr\\\/#\\\/schema\\\/logo\\\/image\\\/\"},\"sameAs\":[\"https:\\\/\\\/www.facebook.com\\\/EGREEDS\",\"https:\\\/\\\/x.com\\\/egreeds\",\"https:\\\/\\\/www.instagram.com\\\/egreeds\\\/\",\"https:\\\/\\\/www.youtube.com\\\/c\\\/EGREEDS\",\"https:\\\/\\\/www.threads.net\\\/@egreeds\",\"https:\\\/\\\/www.tiktok.com\\\/@egreeds\"]}]}<\/script>\n<meta property=\"product:price:amount\" content=\"20.00\" \/>\n<meta property=\"product:price:currency\" content=\"EUR\" \/>\n<meta property=\"og:availability\" content=\"out of stock\" \/>\n<meta property=\"product:availability\" content=\"out of stock\" \/>\n<meta property=\"product:retailer_item_id\" content=\"AAIAKorg\" \/>\n<meta property=\"product:condition\" content=\"new\" \/>\n<!-- \/ Yoast SEO Premium plugin. -->","yoast_head_json":{"title":"Korg CA-2 Accordeur chromatique - EG-REEDS","description":"Korg CA-2 Accordeur chromatique. Le Korg CA-2 est un accordeur chromatique de poche qui offre une pr\u00e9cision et une facilit\u00e9 d'utilisation \u00e9lev\u00e9es.","robots":{"index":"index","follow":"follow","max-snippet":"max-snippet:-1","max-image-preview":"max-image-preview:large","max-video-preview":"max-video-preview:-1"},"canonical":"https:\/\/eg-reeds.com\/fr\/shop\/accessoires\/accessoires-pour-instruments\/korg-ca-2-accordeur-chromatique\/","og_locale":"fr_FR","og_type":"article","og_title":"Korg CA-2 Accordeur chromatique","og_description":"Korg CA-2 Accordeur chromatique. Le Korg CA-2 est un accordeur chromatique de poche qui offre une pr\u00e9cision et une facilit\u00e9 d'utilisation \u00e9lev\u00e9es.","og_url":"https:\/\/eg-reeds.com\/fr\/shop\/accessoires\/accessoires-pour-instruments\/korg-ca-2-accordeur-chromatique\/","og_site_name":"EG-REEDS","article_publisher":"https:\/\/www.facebook.com\/EGREEDS","article_modified_time":"2024-05-27T12:16:33+00:00","og_image":[{"width":679,"height":404,"url":"https:\/\/eg-reeds.com\/wp-content\/uploads\/2024\/05\/Korg-CA-2-Chromatic-Tuner.jpg","type":"image\/jpeg"}],"twitter_card":"summary_large_image","twitter_site":"@egreeds","twitter_misc":{"Prix":"20,00&euro;","Disponibilit\u00e9":"Rupture de stock"},"schema":{"@context":"https:\/\/schema.org","@graph":[{"@type":["WebPage","ItemPage"],"@id":"https:\/\/eg-reeds.com\/fr\/shop\/accessoires\/accessoires-pour-instruments\/korg-ca-2-accordeur-chromatique\/","url":"https:\/\/eg-reeds.com\/fr\/shop\/accessoires\/accessoires-pour-instruments\/korg-ca-2-accordeur-chromatique\/","name":"Korg CA-2 Accordeur chromatique - EG-REEDS","isPartOf":{"@id":"https:\/\/eg-reeds.com\/fr\/#website"},"primaryImageOfPage":{"@id":"https:\/\/eg-reeds.com\/fr\/shop\/accessoires\/accessoires-pour-instruments\/korg-ca-2-accordeur-chromatique\/#primaryimage"},"image":{"@id":"https:\/\/eg-reeds.com\/fr\/shop\/accessoires\/accessoires-pour-instruments\/korg-ca-2-accordeur-chromatique\/#primaryimage"},"thumbnailUrl":"https:\/\/eg-reeds.com\/wp-content\/uploads\/2024\/05\/Korg-CA-2-Chromatic-Tuner.jpg","datePublished":"2024-05-27T12:13:35+00:00","dateModified":"2024-05-27T12:16:33+00:00","description":"Korg CA-2 Accordeur chromatique. Le Korg CA-2 est un accordeur chromatique de poche qui offre une pr\u00e9cision et une facilit\u00e9 d'utilisation \u00e9lev\u00e9es.","breadcrumb":{"@id":"https:\/\/eg-reeds.com\/fr\/shop\/accessoires\/accessoires-pour-instruments\/korg-ca-2-accordeur-chromatique\/#breadcrumb"},"inLanguage":"fr-FR","potentialAction":[{"@type":"ReadAction","target":["https:\/\/eg-reeds.com\/fr\/shop\/accessoires\/accessoires-pour-instruments\/korg-ca-2-accordeur-chromatique\/"]}]},{"@type":"ImageObject","inLanguage":"fr-FR","@id":"https:\/\/eg-reeds.com\/fr\/shop\/accessoires\/accessoires-pour-instruments\/korg-ca-2-accordeur-chromatique\/#primaryimage","url":"https:\/\/eg-reeds.com\/wp-content\/uploads\/2024\/05\/Korg-CA-2-Chromatic-Tuner.jpg","contentUrl":"https:\/\/eg-reeds.com\/wp-content\/uploads\/2024\/05\/Korg-CA-2-Chromatic-Tuner.jpg","width":679,"height":404,"caption":"Accordeur Korg CA2"},{"@type":"BreadcrumbList","@id":"https:\/\/eg-reeds.com\/fr\/shop\/accessoires\/accessoires-pour-instruments\/korg-ca-2-accordeur-chromatique\/#breadcrumb","itemListElement":[{"@type":"ListItem","position":1,"name":"Accueil","item":"https:\/\/eg-reeds.com\/fr\/"},{"@type":"ListItem","position":2,"name":"Boutique","item":"https:\/\/eg-reeds.com\/fr\/"},{"@type":"ListItem","position":3,"name":"Korg CA-2 Accordeur chromatique"}]},{"@type":"WebSite","@id":"https:\/\/eg-reeds.com\/fr\/#website","url":"https:\/\/eg-reeds.com\/fr\/","name":"www.eg-reeds.com","description":"Anches hautbois","publisher":{"@id":"https:\/\/eg-reeds.com\/fr\/#organization"},"alternateName":"eg-reeds.com","potentialAction":[{"@type":"SearchAction","target":{"@type":"EntryPoint","urlTemplate":"https:\/\/eg-reeds.com\/fr\/?s={search_term_string}"},"query-input":{"@type":"PropertyValueSpecification","valueRequired":true,"valueName":"search_term_string"}}],"inLanguage":"fr-FR"},{"@type":"Organization","@id":"https:\/\/eg-reeds.com\/fr\/#organization","name":"www.eg-reeds.com","url":"https:\/\/eg-reeds.com\/fr\/","logo":{"@type":"ImageObject","inLanguage":"fr-FR","@id":"https:\/\/eg-reeds.com\/fr\/#\/schema\/logo\/image\/","url":"https:\/\/eg-reeds.com\/wp-content\/uploads\/2024\/06\/Logo-scaled-e1718793906611.jpg","contentUrl":"https:\/\/eg-reeds.com\/wp-content\/uploads\/2024\/06\/Logo-scaled-e1718793906611.jpg","width":1200,"height":493,"caption":"www.eg-reeds.com"},"image":{"@id":"https:\/\/eg-reeds.com\/fr\/#\/schema\/logo\/image\/"},"sameAs":["https:\/\/www.facebook.com\/EGREEDS","https:\/\/x.com\/egreeds","https:\/\/www.instagram.com\/egreeds\/","https:\/\/www.youtube.com\/c\/EGREEDS","https:\/\/www.threads.net\/@egreeds","https:\/\/www.tiktok.com\/@egreeds"]}]},"product_price_amount":"20.00","product_price_currency":"EUR","og_availability":"out of stock","product_availability":"out of stock","product_retailer_item_id":"AAIAKorg","product_condition":"new"},"_links":{"self":[{"href":"https:\/\/eg-reeds.com\/fr\/wp-json\/wp\/v2\/product\/51513","targetHints":{"allow":["GET"]}}],"collection":[{"href":"https:\/\/eg-reeds.com\/fr\/wp-json\/wp\/v2\/product"}],"about":[{"href":"https:\/\/eg-reeds.com\/fr\/wp-json\/wp\/v2\/types\/product"}],"replies":[{"embeddable":true,"href":"https:\/\/eg-reeds.com\/fr\/wp-json\/wp\/v2\/comments?post=51513"}],"wp:featuredmedia":[{"embeddable":true,"href":"https:\/\/eg-reeds.com\/fr\/wp-json\/wp\/v2\/media\/51480"}],"wp:attachment":[{"href":"https:\/\/eg-reeds.com\/fr\/wp-json\/wp\/v2\/media?parent=51513"}],"wp:term":[{"taxonomy":"product_brand","embeddable":true,"href":"https:\/\/eg-reeds.com\/fr\/wp-json\/wp\/v2\/product_brand?post=51513"},{"taxonomy":"product_cat","embeddable":true,"href":"https:\/\/eg-reeds.com\/fr\/wp-json\/wp\/v2\/product_cat?post=51513"},{"taxonomy":"product_tag","embeddable":true,"href":"https:\/\/eg-reeds.com\/fr\/wp-json\/wp\/v2\/product_tag?post=51513"},{"taxonomy":"giftcard-category","embeddable":true,"href":"https:\/\/eg-reeds.com\/fr\/wp-json\/wp\/v2\/giftcard-category?post=51513"}],"curies":[{"name":"wp","href":"https:\/\/api.w.org\/{rel}","templated":true}]}}