{"id":53627,"date":"2024-11-12T13:10:17","date_gmt":"2024-11-12T15:49:13","guid":{"rendered":"https:\/\/eg-reeds.com\/?post_type=product&#038;p=53627"},"modified":"2024-11-12T16:49:14","modified_gmt":"2024-11-12T15:49:14","slug":"pack-4-anches-professionnelles-hautbois","status":"publish","type":"product","link":"https:\/\/eg-reeds.com\/fr\/shop\/anches-pro\/anches-hautbois\/pack-4-anches-professionnelles-hautbois\/","title":{"rendered":"Pack de 4 anches professionnelles pour hautbois"},"content":{"rendered":"<h1><strong>Pack de 4 anches professionnelles pour hautbois &#8211; 4 mod\u00e8les en un seul pack.<\/strong><\/h1>\n<p><span style=\"font-weight: 400;\">D\u00e9couvrez la gamme compl\u00e8te de nos anches professionnelles les plus vendues avec ce pack qui comprend les 4 meilleures anches professionnelles pour hautbois<\/span> <b>Mayer, PRO, M2 et 901<\/b><span style=\"font-weight: 400;\">. Id\u00e9al si vous souhaitez essayer diff\u00e9rents styles et trouver l&rsquo;anche parfaite pour chaque occasion. De plus, ce pack vous permet d&rsquo;\u00e9conomiser, puisqu&rsquo;il est \u00e0 prix r\u00e9duit par rapport \u00e0 l&rsquo;achat individuel de chaque anche. Il vous suffit de choisir entre un tube de 47 ou 46 mm pour votre pack et le niveau de duret\u00e9 souhait\u00e9 : souple, moyen ou dur.<\/span><\/p>\n<p><strong>Avantages du pack :<\/strong><\/p>\n<ul>\n<li style=\"font-weight: 400;\" aria-level=\"1\"><span style=\"font-weight: 400;\"><strong>Vari\u00e9t\u00e9 :<\/strong> Essayez quatre anches professionnelles diff\u00e9rentes et d\u00e9couvrez celle qui convient le mieux \u00e0 votre style.<\/span><\/li>\n<li style=\"font-weight: 400;\" aria-level=\"1\"><span style=\"font-weight: 400;\"><strong>R\u00e9duction :<\/strong> \u00c9conomisez en achetant le pack plut\u00f4t que chaque anche s\u00e9par\u00e9ment.<\/span><\/li>\n<li style=\"font-weight: 400;\" aria-level=\"1\"><span style=\"font-weight: 400;\"><strong>Qualit\u00e9 EG-REEDS :<\/strong> Chaque anche est con\u00e7ue, fabriqu\u00e9e et test\u00e9e par des professionnels pour des professionnels.<\/span><\/li>\n<\/ul>\n<p><span style=\"font-weight: 400;\">Essayez le pack et choisissez votre anche pr\u00e9f\u00e9r\u00e9e !<\/span><\/p>\n<p><iframe loading=\"lazy\" title=\"Pack 4 ca\u00f1as de oboe profesionales \/ Pack of 4 Professional Oboe Reeds\" width=\"1020\" height=\"574\" src=\"https:\/\/www.youtube.com\/embed\/iV0u8tZ2HAc?feature=oembed\" frameborder=\"0\" allow=\"accelerometer; autoplay; clipboard-write; encrypted-media; gyroscope; picture-in-picture; web-share\" referrerpolicy=\"strict-origin-when-cross-origin\" allowfullscreen><\/iframe><\/p>\n<p>&nbsp;<\/p>\n<h2><strong>Que comprend le Pack de 4 anches professionnelles pour hautbois?<\/strong><\/h2>\n<p><span style=\"font-weight: 400;\">Le pack comprend les meilleures anches professionnelles pour hautbois de EG-REEDS :<\/span><\/p>\n<p>&nbsp;<\/p>\n<h2><b>Anche pour hautbois <a href=\"https:\/\/eg-reeds.com\/es\/shop\/canas-profesionales\/canas-oboe\/cana-oboe-mayer\/\" target=\"_blank\" rel=\"noopener\">Mayer<\/a>.<\/b><\/h2>\n<p><span style=\"font-weight: 400;\">Une anche professionnelle con\u00e7ue pour offrir un son sombre et une interpr\u00e9tation fluide. Fabriqu\u00e9e avec un tube Guercio Mayer de 47 ou 46 mm et une forme Mayer. Elle est caract\u00e9ris\u00e9e par une intonation stable et une \u00e9mission facile, id\u00e9ale pour obtenir pr\u00e9cision et fluidit\u00e9. Cette anche est parfaite pour les hautbo\u00efstes qui aiment jouer avec une grande colonne d&rsquo;air et une forte projection sonore.<\/span><\/p>\n<p>&nbsp;<\/p>\n<h2><b>Anche <a href=\"https:\/\/eg-reeds.com\/fr\/shop\/anches-pro\/anches-hautbois\/anche-hautbois-pro-eg-reeds\/\" target=\"_blank\" rel=\"noopener\">professionnelle pour hautbois<\/a> EG-REEDS.<\/b><\/h2>\n<p><span style=\"font-weight: 400;\">Notre anche professionnelle standard. Elle est con\u00e7ue pour offrir la meilleure qualit\u00e9 et performance. Disponible avec un tube Chiarugi de 47 ou 46 mm, s&rsquo;adaptant \u00e0 vos pr\u00e9f\u00e9rences. Chaque anche garantit une intonation stable et une \u00e9mission pr\u00e9cise, assurant une exp\u00e9rience musicale optimale. Id\u00e9ale pour ceux qui recherchent la constance et la qualit\u00e9 de son.<\/span><\/p>\n<p>&nbsp;<\/p>\n<h2><b>Anche professionnelle pour hautbois <a href=\"https:\/\/eg-reeds.com\/fr\/shop\/anches-pro\/anches-hautbois\/anche-hautbois-pro-m2\/\" target=\"_blank\" rel=\"noopener\">M2<\/a>.<\/b><span style=\"font-weight: 400;\">\u00a0<\/span><\/h2>\n<p><span style=\"font-weight: 400;\">C&rsquo;est une anche professionnelle con\u00e7ue pour offrir un son \u00e9quilibr\u00e9, id\u00e9ale pour le hautbois Marigaux M2, mais \u00e9galement compatible avec d&rsquo;autres mod\u00e8les. Elle garantit une interpr\u00e9tation confortable \u00e0 tout moment. Fabriqu\u00e9e avec des lames en forme M2, con\u00e7ues par Lorenzo Massala. Disponible avec des tubes Chiarugi de 47 et 46 mm.<\/span><\/p>\n<p>&nbsp;<\/p>\n<h2><b>Anche professionnelle pour hautbois <a href=\"https:\/\/eg-reeds.com\/fr\/shop\/anches-pro\/anches-hautbois\/anche-hautbois-pro-901\/\" target=\"_blank\" rel=\"noopener\">901<\/a>.<\/b><\/h2>\n<p><span style=\"font-weight: 400;\">Elle est con\u00e7ue pour maximiser la performance du hautbois Marigaux 901, bien qu&rsquo;elle soit compatible avec d&rsquo;autres mod\u00e8les. Elle offre un son riche et \u00e9quilibr\u00e9, et son design permet une \u00e9mission facile et contr\u00f4l\u00e9e, id\u00e9ale pour les concerts, les sessions d&rsquo;enregistrement et les r\u00e9p\u00e9titions. Fabriqu\u00e9e avec des lames en forme 901, con\u00e7ues par Lorenzo Massala. Cette anche est disponible avec des tubes Chiarugi de 47 ou 46 mm.<\/span><\/p>\n","protected":false},"excerpt":{"rendered":"<p>Ce pack comprend les 4 meilleures anches de hautbois professionnelles <strong>Mayer, PRO, M2 et 901<\/strong> \u00e0 <strong>prix r\u00e9duit<\/strong>.<\/p>\n","protected":false},"featured_media":53572,"comment_status":"open","ping_status":"closed","template":"","meta":[],"product_brand":[],"product_cat":[417],"product_tag":[],"giftcard-category":[],"class_list":{"0":"post-53627","1":"product","2":"type-product","3":"status-publish","4":"has-post-thumbnail","6":"product_cat-anches-hautbois","7":"pa_staple-46-fr","8":"pa_staple-47-fr","10":"first","11":"instock","12":"sale","13":"taxable","14":"shipping-taxable","15":"purchasable","16":"product-type-variable","17":"has-default-attributes"},"yoast_head":"<!-- This site is optimized with the Yoast SEO Premium plugin v27.0 (Yoast SEO v27.4) - https:\/\/yoast.com\/product\/yoast-seo-premium-wordpress\/ -->\n<title>Pack de 4 anches professionnelles pour hautbois - EG-REEDS<\/title>\n<meta name=\"description\" content=\"Nos anches professionnelles les plus vendues avec ce pack qui comprend les 4 anches professionnelles pour hautbois Mayer, PRO, M2 et 901.\" \/>\n<meta name=\"robots\" content=\"index, follow, max-snippet:-1, max-image-preview:large, max-video-preview:-1\" \/>\n<link rel=\"canonical\" href=\"https:\/\/eg-reeds.com\/fr\/shop\/anches-pro\/anches-hautbois\/pack-4-anches-professionnelles-hautbois\/\" \/>\n<meta property=\"og:locale\" content=\"fr_FR\" \/>\n<meta property=\"og:type\" content=\"article\" \/>\n<meta property=\"og:title\" content=\"Pack de 4 anches professionnelles pour hautbois\" \/>\n<meta property=\"og:description\" content=\"Nos anches professionnelles les plus vendues avec ce pack qui comprend les 4 anches professionnelles pour hautbois Mayer, PRO, M2 et 901.\" \/>\n<meta property=\"og:url\" content=\"https:\/\/eg-reeds.com\/fr\/shop\/anches-pro\/anches-hautbois\/pack-4-anches-professionnelles-hautbois\/\" \/>\n<meta property=\"og:site_name\" content=\"EG-REEDS\" \/>\n<meta property=\"article:publisher\" content=\"https:\/\/www.facebook.com\/EGREEDS\" \/>\n<meta property=\"article:modified_time\" content=\"2024-11-12T15:49:14+00:00\" \/>\n<meta property=\"og:image\" content=\"https:\/\/eg-reeds.com\/wp-content\/uploads\/2024\/11\/Pack-4-canas-oboe-profesionales-scaled.webp\" \/>\n\t<meta property=\"og:image:width\" content=\"2560\" \/>\n\t<meta property=\"og:image:height\" content=\"2560\" \/>\n\t<meta property=\"og:image:type\" content=\"image\/webp\" \/>\n<meta name=\"twitter:card\" content=\"summary_large_image\" \/>\n<meta name=\"twitter:site\" content=\"@egreeds\" \/>\n<meta name=\"twitter:label1\" content=\"Disponibilit\u00e9\" \/>\n\t<meta name=\"twitter:data1\" content=\"En stock\" \/>\n<script type=\"application\/ld+json\" class=\"yoast-schema-graph\">{\"@context\":\"https:\\\/\\\/schema.org\",\"@graph\":[{\"@type\":[\"WebPage\",\"ItemPage\"],\"@id\":\"https:\\\/\\\/eg-reeds.com\\\/fr\\\/shop\\\/anches-pro\\\/anches-hautbois\\\/pack-4-anches-professionnelles-hautbois\\\/\",\"url\":\"https:\\\/\\\/eg-reeds.com\\\/fr\\\/shop\\\/anches-pro\\\/anches-hautbois\\\/pack-4-anches-professionnelles-hautbois\\\/\",\"name\":\"Pack de 4 anches professionnelles pour hautbois - EG-REEDS\",\"isPartOf\":{\"@id\":\"https:\\\/\\\/eg-reeds.com\\\/fr\\\/#website\"},\"primaryImageOfPage\":{\"@id\":\"https:\\\/\\\/eg-reeds.com\\\/fr\\\/shop\\\/anches-pro\\\/anches-hautbois\\\/pack-4-anches-professionnelles-hautbois\\\/#primaryimage\"},\"image\":{\"@id\":\"https:\\\/\\\/eg-reeds.com\\\/fr\\\/shop\\\/anches-pro\\\/anches-hautbois\\\/pack-4-anches-professionnelles-hautbois\\\/#primaryimage\"},\"thumbnailUrl\":\"https:\\\/\\\/eg-reeds.com\\\/wp-content\\\/uploads\\\/2024\\\/11\\\/Pack-4-canas-oboe-profesionales-scaled.webp\",\"datePublished\":\"2024-11-12T15:49:13+00:00\",\"dateModified\":\"2024-11-12T15:49:14+00:00\",\"description\":\"Nos anches professionnelles les plus vendues avec ce pack qui comprend les 4 anches professionnelles pour hautbois Mayer, PRO, M2 et 901.\",\"breadcrumb\":{\"@id\":\"https:\\\/\\\/eg-reeds.com\\\/fr\\\/shop\\\/anches-pro\\\/anches-hautbois\\\/pack-4-anches-professionnelles-hautbois\\\/#breadcrumb\"},\"inLanguage\":\"fr-FR\",\"potentialAction\":[{\"@type\":\"ReadAction\",\"target\":[\"https:\\\/\\\/eg-reeds.com\\\/fr\\\/shop\\\/anches-pro\\\/anches-hautbois\\\/pack-4-anches-professionnelles-hautbois\\\/\"]}]},{\"@type\":\"ImageObject\",\"inLanguage\":\"fr-FR\",\"@id\":\"https:\\\/\\\/eg-reeds.com\\\/fr\\\/shop\\\/anches-pro\\\/anches-hautbois\\\/pack-4-anches-professionnelles-hautbois\\\/#primaryimage\",\"url\":\"https:\\\/\\\/eg-reeds.com\\\/wp-content\\\/uploads\\\/2024\\\/11\\\/Pack-4-canas-oboe-profesionales-scaled.webp\",\"contentUrl\":\"https:\\\/\\\/eg-reeds.com\\\/wp-content\\\/uploads\\\/2024\\\/11\\\/Pack-4-canas-oboe-profesionales-scaled.webp\",\"width\":2560,\"height\":2560,\"caption\":\"Pack anches hautbois PRO\"},{\"@type\":\"BreadcrumbList\",\"@id\":\"https:\\\/\\\/eg-reeds.com\\\/fr\\\/shop\\\/anches-pro\\\/anches-hautbois\\\/pack-4-anches-professionnelles-hautbois\\\/#breadcrumb\",\"itemListElement\":[{\"@type\":\"ListItem\",\"position\":1,\"name\":\"Accueil\",\"item\":\"https:\\\/\\\/eg-reeds.com\\\/fr\\\/\"},{\"@type\":\"ListItem\",\"position\":2,\"name\":\"Boutique\",\"item\":\"https:\\\/\\\/eg-reeds.com\\\/fr\\\/\"},{\"@type\":\"ListItem\",\"position\":3,\"name\":\"Pack de 4 anches professionnelles pour hautbois\"}]},{\"@type\":\"WebSite\",\"@id\":\"https:\\\/\\\/eg-reeds.com\\\/fr\\\/#website\",\"url\":\"https:\\\/\\\/eg-reeds.com\\\/fr\\\/\",\"name\":\"www.eg-reeds.com\",\"description\":\"Anches hautbois\",\"publisher\":{\"@id\":\"https:\\\/\\\/eg-reeds.com\\\/fr\\\/#organization\"},\"alternateName\":\"eg-reeds.com\",\"potentialAction\":[{\"@type\":\"SearchAction\",\"target\":{\"@type\":\"EntryPoint\",\"urlTemplate\":\"https:\\\/\\\/eg-reeds.com\\\/fr\\\/?s={search_term_string}\"},\"query-input\":{\"@type\":\"PropertyValueSpecification\",\"valueRequired\":true,\"valueName\":\"search_term_string\"}}],\"inLanguage\":\"fr-FR\"},{\"@type\":\"Organization\",\"@id\":\"https:\\\/\\\/eg-reeds.com\\\/fr\\\/#organization\",\"name\":\"www.eg-reeds.com\",\"url\":\"https:\\\/\\\/eg-reeds.com\\\/fr\\\/\",\"logo\":{\"@type\":\"ImageObject\",\"inLanguage\":\"fr-FR\",\"@id\":\"https:\\\/\\\/eg-reeds.com\\\/fr\\\/#\\\/schema\\\/logo\\\/image\\\/\",\"url\":\"https:\\\/\\\/eg-reeds.com\\\/wp-content\\\/uploads\\\/2024\\\/06\\\/Logo-scaled-e1718793906611.jpg\",\"contentUrl\":\"https:\\\/\\\/eg-reeds.com\\\/wp-content\\\/uploads\\\/2024\\\/06\\\/Logo-scaled-e1718793906611.jpg\",\"width\":1200,\"height\":493,\"caption\":\"www.eg-reeds.com\"},\"image\":{\"@id\":\"https:\\\/\\\/eg-reeds.com\\\/fr\\\/#\\\/schema\\\/logo\\\/image\\\/\"},\"sameAs\":[\"https:\\\/\\\/www.facebook.com\\\/EGREEDS\",\"https:\\\/\\\/x.com\\\/egreeds\",\"https:\\\/\\\/www.instagram.com\\\/egreeds\\\/\",\"https:\\\/\\\/www.youtube.com\\\/c\\\/EGREEDS\",\"https:\\\/\\\/www.threads.net\\\/@egreeds\",\"https:\\\/\\\/www.tiktok.com\\\/@egreeds\"]}]}<\/script>\n<meta property=\"og:availability\" content=\"instock\" \/>\n<meta property=\"product:availability\" content=\"instock\" \/>\n<meta property=\"product:retailer_item_id\" content=\"CPOB-PACK\" \/>\n<meta property=\"product:condition\" content=\"new\" \/>\n<!-- \/ Yoast SEO Premium plugin. -->","yoast_head_json":{"title":"Pack de 4 anches professionnelles pour hautbois - EG-REEDS","description":"Nos anches professionnelles les plus vendues avec ce pack qui comprend les 4 anches professionnelles pour hautbois Mayer, PRO, M2 et 901.","robots":{"index":"index","follow":"follow","max-snippet":"max-snippet:-1","max-image-preview":"max-image-preview:large","max-video-preview":"max-video-preview:-1"},"canonical":"https:\/\/eg-reeds.com\/fr\/shop\/anches-pro\/anches-hautbois\/pack-4-anches-professionnelles-hautbois\/","og_locale":"fr_FR","og_type":"article","og_title":"Pack de 4 anches professionnelles pour hautbois","og_description":"Nos anches professionnelles les plus vendues avec ce pack qui comprend les 4 anches professionnelles pour hautbois Mayer, PRO, M2 et 901.","og_url":"https:\/\/eg-reeds.com\/fr\/shop\/anches-pro\/anches-hautbois\/pack-4-anches-professionnelles-hautbois\/","og_site_name":"EG-REEDS","article_publisher":"https:\/\/www.facebook.com\/EGREEDS","article_modified_time":"2024-11-12T15:49:14+00:00","og_image":[{"width":2560,"height":2560,"url":"https:\/\/eg-reeds.com\/wp-content\/uploads\/2024\/11\/Pack-4-canas-oboe-profesionales-scaled.webp","type":"image\/webp"}],"twitter_card":"summary_large_image","twitter_site":"@egreeds","twitter_misc":{"Disponibilit\u00e9":"En stock"},"schema":{"@context":"https:\/\/schema.org","@graph":[{"@type":["WebPage","ItemPage"],"@id":"https:\/\/eg-reeds.com\/fr\/shop\/anches-pro\/anches-hautbois\/pack-4-anches-professionnelles-hautbois\/","url":"https:\/\/eg-reeds.com\/fr\/shop\/anches-pro\/anches-hautbois\/pack-4-anches-professionnelles-hautbois\/","name":"Pack de 4 anches professionnelles pour hautbois - EG-REEDS","isPartOf":{"@id":"https:\/\/eg-reeds.com\/fr\/#website"},"primaryImageOfPage":{"@id":"https:\/\/eg-reeds.com\/fr\/shop\/anches-pro\/anches-hautbois\/pack-4-anches-professionnelles-hautbois\/#primaryimage"},"image":{"@id":"https:\/\/eg-reeds.com\/fr\/shop\/anches-pro\/anches-hautbois\/pack-4-anches-professionnelles-hautbois\/#primaryimage"},"thumbnailUrl":"https:\/\/eg-reeds.com\/wp-content\/uploads\/2024\/11\/Pack-4-canas-oboe-profesionales-scaled.webp","datePublished":"2024-11-12T15:49:13+00:00","dateModified":"2024-11-12T15:49:14+00:00","description":"Nos anches professionnelles les plus vendues avec ce pack qui comprend les 4 anches professionnelles pour hautbois Mayer, PRO, M2 et 901.","breadcrumb":{"@id":"https:\/\/eg-reeds.com\/fr\/shop\/anches-pro\/anches-hautbois\/pack-4-anches-professionnelles-hautbois\/#breadcrumb"},"inLanguage":"fr-FR","potentialAction":[{"@type":"ReadAction","target":["https:\/\/eg-reeds.com\/fr\/shop\/anches-pro\/anches-hautbois\/pack-4-anches-professionnelles-hautbois\/"]}]},{"@type":"ImageObject","inLanguage":"fr-FR","@id":"https:\/\/eg-reeds.com\/fr\/shop\/anches-pro\/anches-hautbois\/pack-4-anches-professionnelles-hautbois\/#primaryimage","url":"https:\/\/eg-reeds.com\/wp-content\/uploads\/2024\/11\/Pack-4-canas-oboe-profesionales-scaled.webp","contentUrl":"https:\/\/eg-reeds.com\/wp-content\/uploads\/2024\/11\/Pack-4-canas-oboe-profesionales-scaled.webp","width":2560,"height":2560,"caption":"Pack anches hautbois PRO"},{"@type":"BreadcrumbList","@id":"https:\/\/eg-reeds.com\/fr\/shop\/anches-pro\/anches-hautbois\/pack-4-anches-professionnelles-hautbois\/#breadcrumb","itemListElement":[{"@type":"ListItem","position":1,"name":"Accueil","item":"https:\/\/eg-reeds.com\/fr\/"},{"@type":"ListItem","position":2,"name":"Boutique","item":"https:\/\/eg-reeds.com\/fr\/"},{"@type":"ListItem","position":3,"name":"Pack de 4 anches professionnelles pour hautbois"}]},{"@type":"WebSite","@id":"https:\/\/eg-reeds.com\/fr\/#website","url":"https:\/\/eg-reeds.com\/fr\/","name":"www.eg-reeds.com","description":"Anches hautbois","publisher":{"@id":"https:\/\/eg-reeds.com\/fr\/#organization"},"alternateName":"eg-reeds.com","potentialAction":[{"@type":"SearchAction","target":{"@type":"EntryPoint","urlTemplate":"https:\/\/eg-reeds.com\/fr\/?s={search_term_string}"},"query-input":{"@type":"PropertyValueSpecification","valueRequired":true,"valueName":"search_term_string"}}],"inLanguage":"fr-FR"},{"@type":"Organization","@id":"https:\/\/eg-reeds.com\/fr\/#organization","name":"www.eg-reeds.com","url":"https:\/\/eg-reeds.com\/fr\/","logo":{"@type":"ImageObject","inLanguage":"fr-FR","@id":"https:\/\/eg-reeds.com\/fr\/#\/schema\/logo\/image\/","url":"https:\/\/eg-reeds.com\/wp-content\/uploads\/2024\/06\/Logo-scaled-e1718793906611.jpg","contentUrl":"https:\/\/eg-reeds.com\/wp-content\/uploads\/2024\/06\/Logo-scaled-e1718793906611.jpg","width":1200,"height":493,"caption":"www.eg-reeds.com"},"image":{"@id":"https:\/\/eg-reeds.com\/fr\/#\/schema\/logo\/image\/"},"sameAs":["https:\/\/www.facebook.com\/EGREEDS","https:\/\/x.com\/egreeds","https:\/\/www.instagram.com\/egreeds\/","https:\/\/www.youtube.com\/c\/EGREEDS","https:\/\/www.threads.net\/@egreeds","https:\/\/www.tiktok.com\/@egreeds"]}]},"og_availability":"instock","product_availability":"instock","product_retailer_item_id":"CPOB-PACK","product_condition":"new"},"_links":{"self":[{"href":"https:\/\/eg-reeds.com\/fr\/wp-json\/wp\/v2\/product\/53627","targetHints":{"allow":["GET"]}}],"collection":[{"href":"https:\/\/eg-reeds.com\/fr\/wp-json\/wp\/v2\/product"}],"about":[{"href":"https:\/\/eg-reeds.com\/fr\/wp-json\/wp\/v2\/types\/product"}],"replies":[{"embeddable":true,"href":"https:\/\/eg-reeds.com\/fr\/wp-json\/wp\/v2\/comments?post=53627"}],"wp:featuredmedia":[{"embeddable":true,"href":"https:\/\/eg-reeds.com\/fr\/wp-json\/wp\/v2\/media\/53572"}],"wp:attachment":[{"href":"https:\/\/eg-reeds.com\/fr\/wp-json\/wp\/v2\/media?parent=53627"}],"wp:term":[{"taxonomy":"product_brand","embeddable":true,"href":"https:\/\/eg-reeds.com\/fr\/wp-json\/wp\/v2\/product_brand?post=53627"},{"taxonomy":"product_cat","embeddable":true,"href":"https:\/\/eg-reeds.com\/fr\/wp-json\/wp\/v2\/product_cat?post=53627"},{"taxonomy":"product_tag","embeddable":true,"href":"https:\/\/eg-reeds.com\/fr\/wp-json\/wp\/v2\/product_tag?post=53627"},{"taxonomy":"giftcard-category","embeddable":true,"href":"https:\/\/eg-reeds.com\/fr\/wp-json\/wp\/v2\/giftcard-category?post=53627"}],"curies":[{"name":"wp","href":"https:\/\/api.w.org\/{rel}","templated":true}]}}