{"id":53910,"date":"2024-11-25T20:34:07","date_gmt":"2024-11-25T19:34:09","guid":{"rendered":"https:\/\/eg-reeds.com\/?post_type=product&#038;p=53910"},"modified":"2024-11-26T10:08:28","modified_gmt":"2024-11-26T09:08:28","slug":"planche-de-sechage-pour-25-anches-hautbois","status":"publish","type":"product","link":"https:\/\/eg-reeds.com\/fr\/shop\/accessoires\/planches-de-sechage\/planche-de-sechage-pour-25-anches-hautbois\/","title":{"rendered":"Planche de s\u00e9chage pour 25 anches hautbois."},"content":{"rendered":"<h1><strong>Planche de s\u00e9chage pour 25 anches hautbois.<\/strong><\/h1>\n<p>Vous cherchez un moyen pratique et s\u00fbr de s\u00e9cher et de stocker vos anches de hautbois et de cor anglais? La Planche de s\u00e9chage pour 25 anches de hautbois EG-REEDS est l\u2019accessoire parfait pour maintenir vos anches en parfait \u00e9tat. Compacte, \u00e9l\u00e9gante et facile \u00e0 transporter. Id\u00e9al pour les \u00e9tudiants et les professionnels. Con\u00e7ue pour contenir 25 anches, elle garantit un espace optimal pour pr\u00e9venir les dommages et favoriser un s\u00e9chage uniforme.<\/p>\n<p><iframe loading=\"lazy\" title=\"Secadero para ca\u00f1as de oboe\/ Drying board for oboe reeds.  #oboe\" width=\"1020\" height=\"574\" src=\"https:\/\/www.youtube.com\/embed\/MEeh5_aVfGo?feature=oembed\" frameborder=\"0\" allow=\"accelerometer; autoplay; clipboard-write; encrypted-media; gyroscope; picture-in-picture; web-share\" referrerpolicy=\"strict-origin-when-cross-origin\" allowfullscreen><\/iframe><\/p>\n<p>Disponible en plusieurs couleurs, cette planche de s\u00e9chage pour hautbois allie fonctionnalit\u00e9 et design \u00e9l\u00e9gant. Sa structure l\u00e9g\u00e8re et compacte la rend id\u00e9ale pour les r\u00e9p\u00e9titions, les cours ou les concerts. Imprim\u00e9e en 3D avec des mat\u00e9riaux de haute qualit\u00e9, elle assure une durabilit\u00e9 et une stabilit\u00e9 \u00e0 long terme.<\/p>\n<ul>\n<li>Pour 25 anches de hautbois ou de cor anglais.<\/li>\n<li>Pr\u00e9serve des d\u00e9formations et des dommages et favorise une ventilation ad\u00e9quate.<\/li>\n<li>Design l\u00e9ger, compact et portable.<\/li>\n<li>Mat\u00e9riaux de haute qualit\u00e9.<\/li>\n<li>Disponible en plusieurs couleurs pour s\u2019adapter \u00e0 votre style personnel.<\/li>\n<\/ul>\n<p><strong>Prenez soin de vos anches avec style !<\/strong><br \/>\n<strong>Ajoutez-la \u00e0 votre panier maintenant et profitez d\u2019un accessoire unique.<\/strong><\/p>\n<p>Anches non incluses.<\/p>\n<p>Dimensions : environ 10&#215;10 cm.<\/p>\n","protected":false},"excerpt":{"rendered":"<p>Planche de s\u00e9chage pour 25 anches hautbois. Vous cherchez un moyen pratique et s\u00fbr de s\u00e9cher et de stocker vos anches de hautbois et de cor anglais? La Planche de s\u00e9chage pour 25 anches de hautbois EG-REEDS est l\u2019accessoire parfait pour maintenir vos anches en parfait \u00e9tat. Compacte, \u00e9l\u00e9gante et facile \u00e0 transporter. Id\u00e9al pour [&#8230;]\n","protected":false},"featured_media":54048,"comment_status":"open","ping_status":"closed","template":"","meta":[],"product_brand":[],"product_cat":[1415,1465],"product_tag":[],"giftcard-category":[],"class_list":{"0":"post-53910","1":"product","2":"type-product","3":"status-publish","4":"has-post-thumbnail","6":"product_cat-accessoires","7":"product_cat-planches-de-sechage","9":"first","10":"instock","11":"taxable","12":"shipping-taxable","13":"purchasable","14":"product-type-variable"},"yoast_head":"<!-- This site is optimized with the Yoast SEO Premium plugin v27.0 (Yoast SEO v27.4) - https:\/\/yoast.com\/product\/yoast-seo-premium-wordpress\/ -->\n<title>Planche de s\u00e9chage pour 25 anches de hautbois.<\/title>\n<meta name=\"description\" content=\"La Planche de s\u00e9chage pour 25 anches de hautbois EG-REEDS est l\u2019accessoire parfait. Compacte, \u00e9l\u00e9gante et facile \u00e0 transporter.\" \/>\n<meta name=\"robots\" content=\"index, follow, max-snippet:-1, max-image-preview:large, max-video-preview:-1\" \/>\n<link rel=\"canonical\" href=\"https:\/\/eg-reeds.com\/fr\/shop\/accessoires\/planches-de-sechage\/planche-de-sechage-pour-25-anches-hautbois\/\" \/>\n<meta property=\"og:locale\" content=\"fr_FR\" \/>\n<meta property=\"og:type\" content=\"article\" \/>\n<meta property=\"og:title\" content=\"Planche de s\u00e9chage pour 25 anches hautbois.\" \/>\n<meta property=\"og:description\" content=\"La Planche de s\u00e9chage pour 25 anches de hautbois EG-REEDS est l\u2019accessoire parfait. Compacte, \u00e9l\u00e9gante et facile \u00e0 transporter.\" \/>\n<meta property=\"og:url\" content=\"https:\/\/eg-reeds.com\/fr\/shop\/accessoires\/planches-de-sechage\/planche-de-sechage-pour-25-anches-hautbois\/\" \/>\n<meta property=\"og:site_name\" content=\"EG-REEDS\" \/>\n<meta property=\"article:publisher\" content=\"https:\/\/www.facebook.com\/EGREEDS\" \/>\n<meta property=\"article:modified_time\" content=\"2024-11-26T09:08:28+00:00\" \/>\n<meta property=\"og:image\" content=\"https:\/\/eg-reeds.com\/wp-content\/uploads\/2024\/11\/MG_1180_9_11zon-scaled.webp\" \/>\n\t<meta property=\"og:image:width\" content=\"2560\" \/>\n\t<meta property=\"og:image:height\" content=\"2560\" \/>\n\t<meta property=\"og:image:type\" content=\"image\/webp\" \/>\n<meta name=\"twitter:card\" content=\"summary_large_image\" \/>\n<meta name=\"twitter:site\" content=\"@egreeds\" \/>\n<meta name=\"twitter:label1\" content=\"Disponibilit\u00e9\" \/>\n\t<meta name=\"twitter:data1\" content=\"En stock\" \/>\n<script type=\"application\/ld+json\" class=\"yoast-schema-graph\">{\"@context\":\"https:\\\/\\\/schema.org\",\"@graph\":[{\"@type\":[\"WebPage\",\"ItemPage\"],\"@id\":\"https:\\\/\\\/eg-reeds.com\\\/fr\\\/shop\\\/accessoires\\\/planches-de-sechage\\\/planche-de-sechage-pour-25-anches-hautbois\\\/\",\"url\":\"https:\\\/\\\/eg-reeds.com\\\/fr\\\/shop\\\/accessoires\\\/planches-de-sechage\\\/planche-de-sechage-pour-25-anches-hautbois\\\/\",\"name\":\"Planche de s\u00e9chage pour 25 anches de hautbois.\",\"isPartOf\":{\"@id\":\"https:\\\/\\\/eg-reeds.com\\\/fr\\\/#website\"},\"primaryImageOfPage\":{\"@id\":\"https:\\\/\\\/eg-reeds.com\\\/fr\\\/shop\\\/accessoires\\\/planches-de-sechage\\\/planche-de-sechage-pour-25-anches-hautbois\\\/#primaryimage\"},\"image\":{\"@id\":\"https:\\\/\\\/eg-reeds.com\\\/fr\\\/shop\\\/accessoires\\\/planches-de-sechage\\\/planche-de-sechage-pour-25-anches-hautbois\\\/#primaryimage\"},\"thumbnailUrl\":\"https:\\\/\\\/eg-reeds.com\\\/wp-content\\\/uploads\\\/2024\\\/11\\\/MG_1180_9_11zon-scaled.webp\",\"datePublished\":\"2024-11-25T19:34:09+00:00\",\"dateModified\":\"2024-11-26T09:08:28+00:00\",\"description\":\"La Planche de s\u00e9chage pour 25 anches de hautbois EG-REEDS est l\u2019accessoire parfait. Compacte, \u00e9l\u00e9gante et facile \u00e0 transporter.\",\"breadcrumb\":{\"@id\":\"https:\\\/\\\/eg-reeds.com\\\/fr\\\/shop\\\/accessoires\\\/planches-de-sechage\\\/planche-de-sechage-pour-25-anches-hautbois\\\/#breadcrumb\"},\"inLanguage\":\"fr-FR\",\"potentialAction\":[{\"@type\":\"ReadAction\",\"target\":[\"https:\\\/\\\/eg-reeds.com\\\/fr\\\/shop\\\/accessoires\\\/planches-de-sechage\\\/planche-de-sechage-pour-25-anches-hautbois\\\/\"]}]},{\"@type\":\"ImageObject\",\"inLanguage\":\"fr-FR\",\"@id\":\"https:\\\/\\\/eg-reeds.com\\\/fr\\\/shop\\\/accessoires\\\/planches-de-sechage\\\/planche-de-sechage-pour-25-anches-hautbois\\\/#primaryimage\",\"url\":\"https:\\\/\\\/eg-reeds.com\\\/wp-content\\\/uploads\\\/2024\\\/11\\\/MG_1180_9_11zon-scaled.webp\",\"contentUrl\":\"https:\\\/\\\/eg-reeds.com\\\/wp-content\\\/uploads\\\/2024\\\/11\\\/MG_1180_9_11zon-scaled.webp\",\"width\":2560,\"height\":2560,\"caption\":\"Planche de s\u00e9chage pour anches hautbois\"},{\"@type\":\"BreadcrumbList\",\"@id\":\"https:\\\/\\\/eg-reeds.com\\\/fr\\\/shop\\\/accessoires\\\/planches-de-sechage\\\/planche-de-sechage-pour-25-anches-hautbois\\\/#breadcrumb\",\"itemListElement\":[{\"@type\":\"ListItem\",\"position\":1,\"name\":\"Accueil\",\"item\":\"https:\\\/\\\/eg-reeds.com\\\/fr\\\/\"},{\"@type\":\"ListItem\",\"position\":2,\"name\":\"Boutique\",\"item\":\"https:\\\/\\\/eg-reeds.com\\\/fr\\\/\"},{\"@type\":\"ListItem\",\"position\":3,\"name\":\"Planche de s\u00e9chage pour 25 anches hautbois.\"}]},{\"@type\":\"WebSite\",\"@id\":\"https:\\\/\\\/eg-reeds.com\\\/fr\\\/#website\",\"url\":\"https:\\\/\\\/eg-reeds.com\\\/fr\\\/\",\"name\":\"www.eg-reeds.com\",\"description\":\"Anches hautbois\",\"publisher\":{\"@id\":\"https:\\\/\\\/eg-reeds.com\\\/fr\\\/#organization\"},\"alternateName\":\"eg-reeds.com\",\"potentialAction\":[{\"@type\":\"SearchAction\",\"target\":{\"@type\":\"EntryPoint\",\"urlTemplate\":\"https:\\\/\\\/eg-reeds.com\\\/fr\\\/?s={search_term_string}\"},\"query-input\":{\"@type\":\"PropertyValueSpecification\",\"valueRequired\":true,\"valueName\":\"search_term_string\"}}],\"inLanguage\":\"fr-FR\"},{\"@type\":\"Organization\",\"@id\":\"https:\\\/\\\/eg-reeds.com\\\/fr\\\/#organization\",\"name\":\"www.eg-reeds.com\",\"url\":\"https:\\\/\\\/eg-reeds.com\\\/fr\\\/\",\"logo\":{\"@type\":\"ImageObject\",\"inLanguage\":\"fr-FR\",\"@id\":\"https:\\\/\\\/eg-reeds.com\\\/fr\\\/#\\\/schema\\\/logo\\\/image\\\/\",\"url\":\"https:\\\/\\\/eg-reeds.com\\\/wp-content\\\/uploads\\\/2024\\\/06\\\/Logo-scaled-e1718793906611.jpg\",\"contentUrl\":\"https:\\\/\\\/eg-reeds.com\\\/wp-content\\\/uploads\\\/2024\\\/06\\\/Logo-scaled-e1718793906611.jpg\",\"width\":1200,\"height\":493,\"caption\":\"www.eg-reeds.com\"},\"image\":{\"@id\":\"https:\\\/\\\/eg-reeds.com\\\/fr\\\/#\\\/schema\\\/logo\\\/image\\\/\"},\"sameAs\":[\"https:\\\/\\\/www.facebook.com\\\/EGREEDS\",\"https:\\\/\\\/x.com\\\/egreeds\",\"https:\\\/\\\/www.instagram.com\\\/egreeds\\\/\",\"https:\\\/\\\/www.youtube.com\\\/c\\\/EGREEDS\",\"https:\\\/\\\/www.threads.net\\\/@egreeds\",\"https:\\\/\\\/www.tiktok.com\\\/@egreeds\"]}]}<\/script>\n<meta property=\"og:availability\" content=\"instock\" \/>\n<meta property=\"product:availability\" content=\"instock\" \/>\n<meta property=\"product:retailer_item_id\" content=\"ACSS25\" \/>\n<meta property=\"product:condition\" content=\"new\" \/>\n<!-- \/ Yoast SEO Premium plugin. -->","yoast_head_json":{"title":"Planche de s\u00e9chage pour 25 anches de hautbois.","description":"La Planche de s\u00e9chage pour 25 anches de hautbois EG-REEDS est l\u2019accessoire parfait. Compacte, \u00e9l\u00e9gante et facile \u00e0 transporter.","robots":{"index":"index","follow":"follow","max-snippet":"max-snippet:-1","max-image-preview":"max-image-preview:large","max-video-preview":"max-video-preview:-1"},"canonical":"https:\/\/eg-reeds.com\/fr\/shop\/accessoires\/planches-de-sechage\/planche-de-sechage-pour-25-anches-hautbois\/","og_locale":"fr_FR","og_type":"article","og_title":"Planche de s\u00e9chage pour 25 anches hautbois.","og_description":"La Planche de s\u00e9chage pour 25 anches de hautbois EG-REEDS est l\u2019accessoire parfait. Compacte, \u00e9l\u00e9gante et facile \u00e0 transporter.","og_url":"https:\/\/eg-reeds.com\/fr\/shop\/accessoires\/planches-de-sechage\/planche-de-sechage-pour-25-anches-hautbois\/","og_site_name":"EG-REEDS","article_publisher":"https:\/\/www.facebook.com\/EGREEDS","article_modified_time":"2024-11-26T09:08:28+00:00","og_image":[{"width":2560,"height":2560,"url":"https:\/\/eg-reeds.com\/wp-content\/uploads\/2024\/11\/MG_1180_9_11zon-scaled.webp","type":"image\/webp"}],"twitter_card":"summary_large_image","twitter_site":"@egreeds","twitter_misc":{"Disponibilit\u00e9":"En stock"},"schema":{"@context":"https:\/\/schema.org","@graph":[{"@type":["WebPage","ItemPage"],"@id":"https:\/\/eg-reeds.com\/fr\/shop\/accessoires\/planches-de-sechage\/planche-de-sechage-pour-25-anches-hautbois\/","url":"https:\/\/eg-reeds.com\/fr\/shop\/accessoires\/planches-de-sechage\/planche-de-sechage-pour-25-anches-hautbois\/","name":"Planche de s\u00e9chage pour 25 anches de hautbois.","isPartOf":{"@id":"https:\/\/eg-reeds.com\/fr\/#website"},"primaryImageOfPage":{"@id":"https:\/\/eg-reeds.com\/fr\/shop\/accessoires\/planches-de-sechage\/planche-de-sechage-pour-25-anches-hautbois\/#primaryimage"},"image":{"@id":"https:\/\/eg-reeds.com\/fr\/shop\/accessoires\/planches-de-sechage\/planche-de-sechage-pour-25-anches-hautbois\/#primaryimage"},"thumbnailUrl":"https:\/\/eg-reeds.com\/wp-content\/uploads\/2024\/11\/MG_1180_9_11zon-scaled.webp","datePublished":"2024-11-25T19:34:09+00:00","dateModified":"2024-11-26T09:08:28+00:00","description":"La Planche de s\u00e9chage pour 25 anches de hautbois EG-REEDS est l\u2019accessoire parfait. Compacte, \u00e9l\u00e9gante et facile \u00e0 transporter.","breadcrumb":{"@id":"https:\/\/eg-reeds.com\/fr\/shop\/accessoires\/planches-de-sechage\/planche-de-sechage-pour-25-anches-hautbois\/#breadcrumb"},"inLanguage":"fr-FR","potentialAction":[{"@type":"ReadAction","target":["https:\/\/eg-reeds.com\/fr\/shop\/accessoires\/planches-de-sechage\/planche-de-sechage-pour-25-anches-hautbois\/"]}]},{"@type":"ImageObject","inLanguage":"fr-FR","@id":"https:\/\/eg-reeds.com\/fr\/shop\/accessoires\/planches-de-sechage\/planche-de-sechage-pour-25-anches-hautbois\/#primaryimage","url":"https:\/\/eg-reeds.com\/wp-content\/uploads\/2024\/11\/MG_1180_9_11zon-scaled.webp","contentUrl":"https:\/\/eg-reeds.com\/wp-content\/uploads\/2024\/11\/MG_1180_9_11zon-scaled.webp","width":2560,"height":2560,"caption":"Planche de s\u00e9chage pour anches hautbois"},{"@type":"BreadcrumbList","@id":"https:\/\/eg-reeds.com\/fr\/shop\/accessoires\/planches-de-sechage\/planche-de-sechage-pour-25-anches-hautbois\/#breadcrumb","itemListElement":[{"@type":"ListItem","position":1,"name":"Accueil","item":"https:\/\/eg-reeds.com\/fr\/"},{"@type":"ListItem","position":2,"name":"Boutique","item":"https:\/\/eg-reeds.com\/fr\/"},{"@type":"ListItem","position":3,"name":"Planche de s\u00e9chage pour 25 anches hautbois."}]},{"@type":"WebSite","@id":"https:\/\/eg-reeds.com\/fr\/#website","url":"https:\/\/eg-reeds.com\/fr\/","name":"www.eg-reeds.com","description":"Anches hautbois","publisher":{"@id":"https:\/\/eg-reeds.com\/fr\/#organization"},"alternateName":"eg-reeds.com","potentialAction":[{"@type":"SearchAction","target":{"@type":"EntryPoint","urlTemplate":"https:\/\/eg-reeds.com\/fr\/?s={search_term_string}"},"query-input":{"@type":"PropertyValueSpecification","valueRequired":true,"valueName":"search_term_string"}}],"inLanguage":"fr-FR"},{"@type":"Organization","@id":"https:\/\/eg-reeds.com\/fr\/#organization","name":"www.eg-reeds.com","url":"https:\/\/eg-reeds.com\/fr\/","logo":{"@type":"ImageObject","inLanguage":"fr-FR","@id":"https:\/\/eg-reeds.com\/fr\/#\/schema\/logo\/image\/","url":"https:\/\/eg-reeds.com\/wp-content\/uploads\/2024\/06\/Logo-scaled-e1718793906611.jpg","contentUrl":"https:\/\/eg-reeds.com\/wp-content\/uploads\/2024\/06\/Logo-scaled-e1718793906611.jpg","width":1200,"height":493,"caption":"www.eg-reeds.com"},"image":{"@id":"https:\/\/eg-reeds.com\/fr\/#\/schema\/logo\/image\/"},"sameAs":["https:\/\/www.facebook.com\/EGREEDS","https:\/\/x.com\/egreeds","https:\/\/www.instagram.com\/egreeds\/","https:\/\/www.youtube.com\/c\/EGREEDS","https:\/\/www.threads.net\/@egreeds","https:\/\/www.tiktok.com\/@egreeds"]}]},"og_availability":"instock","product_availability":"instock","product_retailer_item_id":"ACSS25","product_condition":"new"},"_links":{"self":[{"href":"https:\/\/eg-reeds.com\/fr\/wp-json\/wp\/v2\/product\/53910","targetHints":{"allow":["GET"]}}],"collection":[{"href":"https:\/\/eg-reeds.com\/fr\/wp-json\/wp\/v2\/product"}],"about":[{"href":"https:\/\/eg-reeds.com\/fr\/wp-json\/wp\/v2\/types\/product"}],"replies":[{"embeddable":true,"href":"https:\/\/eg-reeds.com\/fr\/wp-json\/wp\/v2\/comments?post=53910"}],"wp:featuredmedia":[{"embeddable":true,"href":"https:\/\/eg-reeds.com\/fr\/wp-json\/wp\/v2\/media\/54048"}],"wp:attachment":[{"href":"https:\/\/eg-reeds.com\/fr\/wp-json\/wp\/v2\/media?parent=53910"}],"wp:term":[{"taxonomy":"product_brand","embeddable":true,"href":"https:\/\/eg-reeds.com\/fr\/wp-json\/wp\/v2\/product_brand?post=53910"},{"taxonomy":"product_cat","embeddable":true,"href":"https:\/\/eg-reeds.com\/fr\/wp-json\/wp\/v2\/product_cat?post=53910"},{"taxonomy":"product_tag","embeddable":true,"href":"https:\/\/eg-reeds.com\/fr\/wp-json\/wp\/v2\/product_tag?post=53910"},{"taxonomy":"giftcard-category","embeddable":true,"href":"https:\/\/eg-reeds.com\/fr\/wp-json\/wp\/v2\/giftcard-category?post=53910"}],"curies":[{"name":"wp","href":"https:\/\/api.w.org\/{rel}","templated":true}]}}