{"id":54653,"date":"2025-01-10T08:39:56","date_gmt":"2025-01-10T07:39:56","guid":{"rendered":"https:\/\/eg-reeds.com\/?post_type=product&#038;p=54653"},"modified":"2025-01-13T09:05:28","modified_gmt":"2025-01-13T08:05:28","slug":"couteau-walter","status":"publish","type":"product","link":"https:\/\/eg-reeds.com\/fr\/shop\/accessoires\/couteaux\/couteau-walter\/","title":{"rendered":"Couteau Walter"},"content":{"rendered":"<h1><strong>Couteau Walter.<\/strong><\/h1>\n<p>Le couteau Walter est un outil premium con\u00e7u pour offrir pr\u00e9cision et fiabilit\u00e9 dans le fa\u00e7onnage des anches. Fabriqu\u00e9 par le c\u00e9l\u00e8bre fabricant Chiarugi, ce couteau est \u00e9quip\u00e9 d\u2019une <strong>lame de cutter interchangeable<\/strong> pour un fa\u00e7onnage pr\u00e9cis et constant. Un accessoire indispensable dans le kit de tout hautbo\u00efste ou bassoniste souhaitant travailler des anches de hautbois ou de basson. Les lames interchangeables garantissent un tranchant parfait.<\/p>\n<p>La lame de cutter, avec un angle aigu, est fabriqu\u00e9e en acier de haute qualit\u00e9, utilisant un <strong>trempage \u00e0 la japonaise<\/strong> et un processus d\u2019aff\u00fbtage en plusieurs \u00e9tapes qui garantit un fa\u00e7onnage fluide et pr\u00e9cis avec un niveau de d\u00e9tail exceptionnel. Con\u00e7u pour r\u00e9pondre aux normes des fabricants professionnels d\u2019anches, ce couteau offre durabilit\u00e9 et performances remarquables.<\/p>\n<p>Chaque ensemble inclut un \u00e9tui en cuir pour le prot\u00e9ger et un <a href=\"https:\/\/eg-reeds.com\/fr\/shop\/accessoires\/couteaux\/lames-pour-couteau-walter\/\" target=\"_blank\" rel=\"noopener\"><strong>lot de 10 lames de rechange<\/strong><\/a>, offrant commodit\u00e9 et excellent rapport qualit\u00e9-prix. Que vous soyez hautbo\u00efste ou bassoniste, le couteau Walter est le choix parfait pour fabriquer des anches de haute qualit\u00e9 avec une pr\u00e9cision maximale.<\/p>\n<p><iframe loading=\"lazy\" title=\"Navaja Walter para hacer ca\u00f1as de oboe. Knife Walter for oboe reed making.\" width=\"1020\" height=\"574\" src=\"https:\/\/www.youtube.com\/embed\/tFPIo7ycS5s?feature=oembed\" frameborder=\"0\" allow=\"accelerometer; autoplay; clipboard-write; encrypted-media; gyroscope; picture-in-picture; web-share\" referrerpolicy=\"strict-origin-when-cross-origin\" allowfullscreen><\/iframe><\/p>\n","protected":false},"excerpt":{"rendered":"<p>Couteau professionnel pour la fabrication de anches avec lame interchangeable.<\/p>\n","protected":false},"featured_media":54672,"comment_status":"open","ping_status":"closed","template":"","meta":[],"product_brand":[],"product_cat":[1415,1487],"product_tag":[],"giftcard-category":[],"class_list":{"0":"post-54653","1":"product","2":"type-product","3":"status-publish","4":"has-post-thumbnail","6":"product_cat-accessoires","7":"product_cat-couteaux","9":"first","10":"instock","11":"taxable","12":"shipping-taxable","13":"purchasable","14":"product-type-simple"},"yoast_head":"<!-- This site is optimized with the Yoast SEO Premium plugin v27.0 (Yoast SEO v27.4) - https:\/\/yoast.com\/product\/yoast-seo-premium-wordpress\/ -->\n<title>Couteau Walter - EG-REEDS<\/title>\n<meta name=\"description\" content=\"Fabriqu\u00e9 par Chiarugi, ce couteau Walter est \u00e9quip\u00e9 d\u2019une lame de cutter interchangeable. Vous pouvez acheter votre couteau Walter ici.\" \/>\n<meta name=\"robots\" content=\"index, follow, max-snippet:-1, max-image-preview:large, max-video-preview:-1\" \/>\n<link rel=\"canonical\" href=\"https:\/\/eg-reeds.com\/fr\/shop\/accessoires\/couteaux\/couteau-walter\/\" \/>\n<meta property=\"og:locale\" content=\"fr_FR\" \/>\n<meta property=\"og:type\" content=\"article\" \/>\n<meta property=\"og:title\" content=\"Couteau Walter\" \/>\n<meta property=\"og:description\" content=\"Fabriqu\u00e9 par Chiarugi, ce couteau Walter est \u00e9quip\u00e9 d\u2019une lame de cutter interchangeable. Vous pouvez acheter votre couteau Walter ici.\" \/>\n<meta property=\"og:url\" content=\"https:\/\/eg-reeds.com\/fr\/shop\/accessoires\/couteaux\/couteau-walter\/\" \/>\n<meta property=\"og:site_name\" content=\"EG-REEDS\" \/>\n<meta property=\"article:publisher\" content=\"https:\/\/www.facebook.com\/EGREEDS\" \/>\n<meta property=\"article:modified_time\" content=\"2025-01-13T08:05:28+00:00\" \/>\n<meta property=\"og:image\" content=\"https:\/\/eg-reeds.com\/wp-content\/uploads\/2025\/01\/Reed-making-knife-Walter.webp\" \/>\n\t<meta property=\"og:image:width\" content=\"1280\" \/>\n\t<meta property=\"og:image:height\" content=\"1088\" \/>\n\t<meta property=\"og:image:type\" content=\"image\/webp\" \/>\n<meta name=\"twitter:card\" content=\"summary_large_image\" \/>\n<meta name=\"twitter:site\" content=\"@egreeds\" \/>\n<meta name=\"twitter:label1\" content=\"Prix\" \/>\n\t<meta name=\"twitter:data1\" content=\"95,00&euro;\" \/>\n\t<meta name=\"twitter:label2\" content=\"Disponibilit\u00e9\" \/>\n\t<meta name=\"twitter:data2\" content=\"En stock\" \/>\n<script type=\"application\/ld+json\" class=\"yoast-schema-graph\">{\"@context\":\"https:\\\/\\\/schema.org\",\"@graph\":[{\"@type\":[\"WebPage\",\"ItemPage\"],\"@id\":\"https:\\\/\\\/eg-reeds.com\\\/fr\\\/shop\\\/accessoires\\\/couteaux\\\/couteau-walter\\\/\",\"url\":\"https:\\\/\\\/eg-reeds.com\\\/fr\\\/shop\\\/accessoires\\\/couteaux\\\/couteau-walter\\\/\",\"name\":\"Couteau Walter - EG-REEDS\",\"isPartOf\":{\"@id\":\"https:\\\/\\\/eg-reeds.com\\\/fr\\\/#website\"},\"primaryImageOfPage\":{\"@id\":\"https:\\\/\\\/eg-reeds.com\\\/fr\\\/shop\\\/accessoires\\\/couteaux\\\/couteau-walter\\\/#primaryimage\"},\"image\":{\"@id\":\"https:\\\/\\\/eg-reeds.com\\\/fr\\\/shop\\\/accessoires\\\/couteaux\\\/couteau-walter\\\/#primaryimage\"},\"thumbnailUrl\":\"https:\\\/\\\/eg-reeds.com\\\/wp-content\\\/uploads\\\/2025\\\/01\\\/Reed-making-knife-Walter.webp\",\"datePublished\":\"2025-01-10T07:39:56+00:00\",\"dateModified\":\"2025-01-13T08:05:28+00:00\",\"description\":\"Fabriqu\u00e9 par Chiarugi, ce couteau Walter est \u00e9quip\u00e9 d\u2019une lame de cutter interchangeable. Vous pouvez acheter votre couteau Walter ici.\",\"breadcrumb\":{\"@id\":\"https:\\\/\\\/eg-reeds.com\\\/fr\\\/shop\\\/accessoires\\\/couteaux\\\/couteau-walter\\\/#breadcrumb\"},\"inLanguage\":\"fr-FR\",\"potentialAction\":[{\"@type\":\"ReadAction\",\"target\":[\"https:\\\/\\\/eg-reeds.com\\\/fr\\\/shop\\\/accessoires\\\/couteaux\\\/couteau-walter\\\/\"]}]},{\"@type\":\"ImageObject\",\"inLanguage\":\"fr-FR\",\"@id\":\"https:\\\/\\\/eg-reeds.com\\\/fr\\\/shop\\\/accessoires\\\/couteaux\\\/couteau-walter\\\/#primaryimage\",\"url\":\"https:\\\/\\\/eg-reeds.com\\\/wp-content\\\/uploads\\\/2025\\\/01\\\/Reed-making-knife-Walter.webp\",\"contentUrl\":\"https:\\\/\\\/eg-reeds.com\\\/wp-content\\\/uploads\\\/2025\\\/01\\\/Reed-making-knife-Walter.webp\",\"width\":1280,\"height\":1088,\"caption\":\"acheter couteau Walter\"},{\"@type\":\"BreadcrumbList\",\"@id\":\"https:\\\/\\\/eg-reeds.com\\\/fr\\\/shop\\\/accessoires\\\/couteaux\\\/couteau-walter\\\/#breadcrumb\",\"itemListElement\":[{\"@type\":\"ListItem\",\"position\":1,\"name\":\"Accueil\",\"item\":\"https:\\\/\\\/eg-reeds.com\\\/fr\\\/\"},{\"@type\":\"ListItem\",\"position\":2,\"name\":\"Boutique\",\"item\":\"https:\\\/\\\/eg-reeds.com\\\/fr\\\/\"},{\"@type\":\"ListItem\",\"position\":3,\"name\":\"Couteau Walter\"}]},{\"@type\":\"WebSite\",\"@id\":\"https:\\\/\\\/eg-reeds.com\\\/fr\\\/#website\",\"url\":\"https:\\\/\\\/eg-reeds.com\\\/fr\\\/\",\"name\":\"www.eg-reeds.com\",\"description\":\"Anches hautbois\",\"publisher\":{\"@id\":\"https:\\\/\\\/eg-reeds.com\\\/fr\\\/#organization\"},\"alternateName\":\"eg-reeds.com\",\"potentialAction\":[{\"@type\":\"SearchAction\",\"target\":{\"@type\":\"EntryPoint\",\"urlTemplate\":\"https:\\\/\\\/eg-reeds.com\\\/fr\\\/?s={search_term_string}\"},\"query-input\":{\"@type\":\"PropertyValueSpecification\",\"valueRequired\":true,\"valueName\":\"search_term_string\"}}],\"inLanguage\":\"fr-FR\"},{\"@type\":\"Organization\",\"@id\":\"https:\\\/\\\/eg-reeds.com\\\/fr\\\/#organization\",\"name\":\"www.eg-reeds.com\",\"url\":\"https:\\\/\\\/eg-reeds.com\\\/fr\\\/\",\"logo\":{\"@type\":\"ImageObject\",\"inLanguage\":\"fr-FR\",\"@id\":\"https:\\\/\\\/eg-reeds.com\\\/fr\\\/#\\\/schema\\\/logo\\\/image\\\/\",\"url\":\"https:\\\/\\\/eg-reeds.com\\\/wp-content\\\/uploads\\\/2024\\\/06\\\/Logo-scaled-e1718793906611.jpg\",\"contentUrl\":\"https:\\\/\\\/eg-reeds.com\\\/wp-content\\\/uploads\\\/2024\\\/06\\\/Logo-scaled-e1718793906611.jpg\",\"width\":1200,\"height\":493,\"caption\":\"www.eg-reeds.com\"},\"image\":{\"@id\":\"https:\\\/\\\/eg-reeds.com\\\/fr\\\/#\\\/schema\\\/logo\\\/image\\\/\"},\"sameAs\":[\"https:\\\/\\\/www.facebook.com\\\/EGREEDS\",\"https:\\\/\\\/x.com\\\/egreeds\",\"https:\\\/\\\/www.instagram.com\\\/egreeds\\\/\",\"https:\\\/\\\/www.youtube.com\\\/c\\\/EGREEDS\",\"https:\\\/\\\/www.threads.net\\\/@egreeds\",\"https:\\\/\\\/www.tiktok.com\\\/@egreeds\"]}]}<\/script>\n<meta property=\"product:price:amount\" content=\"95.00\" \/>\n<meta property=\"product:price:currency\" content=\"EUR\" \/>\n<meta property=\"og:availability\" content=\"instock\" \/>\n<meta property=\"product:availability\" content=\"instock\" \/>\n<meta property=\"product:retailer_item_id\" content=\"ACNNW\" \/>\n<meta property=\"product:condition\" content=\"new\" \/>\n<!-- \/ Yoast SEO Premium plugin. -->","yoast_head_json":{"title":"Couteau Walter - EG-REEDS","description":"Fabriqu\u00e9 par Chiarugi, ce couteau Walter est \u00e9quip\u00e9 d\u2019une lame de cutter interchangeable. Vous pouvez acheter votre couteau Walter ici.","robots":{"index":"index","follow":"follow","max-snippet":"max-snippet:-1","max-image-preview":"max-image-preview:large","max-video-preview":"max-video-preview:-1"},"canonical":"https:\/\/eg-reeds.com\/fr\/shop\/accessoires\/couteaux\/couteau-walter\/","og_locale":"fr_FR","og_type":"article","og_title":"Couteau Walter","og_description":"Fabriqu\u00e9 par Chiarugi, ce couteau Walter est \u00e9quip\u00e9 d\u2019une lame de cutter interchangeable. Vous pouvez acheter votre couteau Walter ici.","og_url":"https:\/\/eg-reeds.com\/fr\/shop\/accessoires\/couteaux\/couteau-walter\/","og_site_name":"EG-REEDS","article_publisher":"https:\/\/www.facebook.com\/EGREEDS","article_modified_time":"2025-01-13T08:05:28+00:00","og_image":[{"width":1280,"height":1088,"url":"https:\/\/eg-reeds.com\/wp-content\/uploads\/2025\/01\/Reed-making-knife-Walter.webp","type":"image\/webp"}],"twitter_card":"summary_large_image","twitter_site":"@egreeds","twitter_misc":{"Prix":"95,00&euro;","Disponibilit\u00e9":"En stock"},"schema":{"@context":"https:\/\/schema.org","@graph":[{"@type":["WebPage","ItemPage"],"@id":"https:\/\/eg-reeds.com\/fr\/shop\/accessoires\/couteaux\/couteau-walter\/","url":"https:\/\/eg-reeds.com\/fr\/shop\/accessoires\/couteaux\/couteau-walter\/","name":"Couteau Walter - EG-REEDS","isPartOf":{"@id":"https:\/\/eg-reeds.com\/fr\/#website"},"primaryImageOfPage":{"@id":"https:\/\/eg-reeds.com\/fr\/shop\/accessoires\/couteaux\/couteau-walter\/#primaryimage"},"image":{"@id":"https:\/\/eg-reeds.com\/fr\/shop\/accessoires\/couteaux\/couteau-walter\/#primaryimage"},"thumbnailUrl":"https:\/\/eg-reeds.com\/wp-content\/uploads\/2025\/01\/Reed-making-knife-Walter.webp","datePublished":"2025-01-10T07:39:56+00:00","dateModified":"2025-01-13T08:05:28+00:00","description":"Fabriqu\u00e9 par Chiarugi, ce couteau Walter est \u00e9quip\u00e9 d\u2019une lame de cutter interchangeable. Vous pouvez acheter votre couteau Walter ici.","breadcrumb":{"@id":"https:\/\/eg-reeds.com\/fr\/shop\/accessoires\/couteaux\/couteau-walter\/#breadcrumb"},"inLanguage":"fr-FR","potentialAction":[{"@type":"ReadAction","target":["https:\/\/eg-reeds.com\/fr\/shop\/accessoires\/couteaux\/couteau-walter\/"]}]},{"@type":"ImageObject","inLanguage":"fr-FR","@id":"https:\/\/eg-reeds.com\/fr\/shop\/accessoires\/couteaux\/couteau-walter\/#primaryimage","url":"https:\/\/eg-reeds.com\/wp-content\/uploads\/2025\/01\/Reed-making-knife-Walter.webp","contentUrl":"https:\/\/eg-reeds.com\/wp-content\/uploads\/2025\/01\/Reed-making-knife-Walter.webp","width":1280,"height":1088,"caption":"acheter couteau Walter"},{"@type":"BreadcrumbList","@id":"https:\/\/eg-reeds.com\/fr\/shop\/accessoires\/couteaux\/couteau-walter\/#breadcrumb","itemListElement":[{"@type":"ListItem","position":1,"name":"Accueil","item":"https:\/\/eg-reeds.com\/fr\/"},{"@type":"ListItem","position":2,"name":"Boutique","item":"https:\/\/eg-reeds.com\/fr\/"},{"@type":"ListItem","position":3,"name":"Couteau Walter"}]},{"@type":"WebSite","@id":"https:\/\/eg-reeds.com\/fr\/#website","url":"https:\/\/eg-reeds.com\/fr\/","name":"www.eg-reeds.com","description":"Anches hautbois","publisher":{"@id":"https:\/\/eg-reeds.com\/fr\/#organization"},"alternateName":"eg-reeds.com","potentialAction":[{"@type":"SearchAction","target":{"@type":"EntryPoint","urlTemplate":"https:\/\/eg-reeds.com\/fr\/?s={search_term_string}"},"query-input":{"@type":"PropertyValueSpecification","valueRequired":true,"valueName":"search_term_string"}}],"inLanguage":"fr-FR"},{"@type":"Organization","@id":"https:\/\/eg-reeds.com\/fr\/#organization","name":"www.eg-reeds.com","url":"https:\/\/eg-reeds.com\/fr\/","logo":{"@type":"ImageObject","inLanguage":"fr-FR","@id":"https:\/\/eg-reeds.com\/fr\/#\/schema\/logo\/image\/","url":"https:\/\/eg-reeds.com\/wp-content\/uploads\/2024\/06\/Logo-scaled-e1718793906611.jpg","contentUrl":"https:\/\/eg-reeds.com\/wp-content\/uploads\/2024\/06\/Logo-scaled-e1718793906611.jpg","width":1200,"height":493,"caption":"www.eg-reeds.com"},"image":{"@id":"https:\/\/eg-reeds.com\/fr\/#\/schema\/logo\/image\/"},"sameAs":["https:\/\/www.facebook.com\/EGREEDS","https:\/\/x.com\/egreeds","https:\/\/www.instagram.com\/egreeds\/","https:\/\/www.youtube.com\/c\/EGREEDS","https:\/\/www.threads.net\/@egreeds","https:\/\/www.tiktok.com\/@egreeds"]}]},"product_price_amount":"95.00","product_price_currency":"EUR","og_availability":"instock","product_availability":"instock","product_retailer_item_id":"ACNNW","product_condition":"new"},"_links":{"self":[{"href":"https:\/\/eg-reeds.com\/fr\/wp-json\/wp\/v2\/product\/54653","targetHints":{"allow":["GET"]}}],"collection":[{"href":"https:\/\/eg-reeds.com\/fr\/wp-json\/wp\/v2\/product"}],"about":[{"href":"https:\/\/eg-reeds.com\/fr\/wp-json\/wp\/v2\/types\/product"}],"replies":[{"embeddable":true,"href":"https:\/\/eg-reeds.com\/fr\/wp-json\/wp\/v2\/comments?post=54653"}],"wp:featuredmedia":[{"embeddable":true,"href":"https:\/\/eg-reeds.com\/fr\/wp-json\/wp\/v2\/media\/54672"}],"wp:attachment":[{"href":"https:\/\/eg-reeds.com\/fr\/wp-json\/wp\/v2\/media?parent=54653"}],"wp:term":[{"taxonomy":"product_brand","embeddable":true,"href":"https:\/\/eg-reeds.com\/fr\/wp-json\/wp\/v2\/product_brand?post=54653"},{"taxonomy":"product_cat","embeddable":true,"href":"https:\/\/eg-reeds.com\/fr\/wp-json\/wp\/v2\/product_cat?post=54653"},{"taxonomy":"product_tag","embeddable":true,"href":"https:\/\/eg-reeds.com\/fr\/wp-json\/wp\/v2\/product_tag?post=54653"},{"taxonomy":"giftcard-category","embeddable":true,"href":"https:\/\/eg-reeds.com\/fr\/wp-json\/wp\/v2\/giftcard-category?post=54653"}],"curies":[{"name":"wp","href":"https:\/\/api.w.org\/{rel}","templated":true}]}}