{"id":54964,"date":"2024-05-24T12:47:42","date_gmt":"2025-01-24T09:28:38","guid":{"rendered":"https:\/\/eg-reeds.com\/?post_type=product&#038;p=54964"},"modified":"2025-01-24T10:28:39","modified_gmt":"2025-01-24T09:28:39","slug":"metronome-korg-ma-2","status":"publish","type":"product","link":"https:\/\/eg-reeds.com\/fr\/shop\/accessoires\/accessoires-pour-instruments\/metronome-korg-ma-2\/","title":{"rendered":"M\u00e9tronome Korg MA-2"},"content":{"rendered":"<h1><strong>M\u00e9tronome Korg MA-2.<\/strong><\/h1>\n<div>M\u00e9tronome Korg MA-2, un m\u00e9tronome \u00e9lectronique compact. Le MA-2 est indispensable pour l&rsquo;\u00e9tude de la musique et plus particuli\u00e8rement du rythme avec tout instrument de musique. Gr\u00e2ce \u00e0 sa taille compacte, il offre toutes les fonctionnalit\u00e9s d&rsquo;un m\u00e9tronome musical, mais dans un format compact et facile \u00e0 transporter partout.<\/div>\n<div><\/div>\n<div>Ma\u00eetrisez votre rythme avec ce m\u00e9tronome \u00e9lectronique portable et facile \u00e0 utiliser. Avec une large plage de tempo (30-252 bpm), divers motifs rythmiques (y compris les mesures, triolets et croches), un \u00e9cran LCD clair et un haut-parleur puissant. Ce m\u00e9tronome est id\u00e9al pour les musiciens de tous niveaux.<\/div>\n<div><\/div>\n<div>Le Korg MA-2 inclut \u00e9galement une interface facile \u00e0 utiliser et un mode minuterie innovant pour am\u00e9liorer les sessions de pratique avec tout instrument de musique.<\/div>\n<div><\/div>\n<div>Vous pouvez maintenant acheter votre m\u00e9tronome Korg chez EG-REEDS.<\/div>\n<div><\/div>\n","protected":false},"excerpt":{"rendered":"<p>M\u00e9tronome Korg MA-2. M\u00e9tronome Korg MA-2, un m\u00e9tronome \u00e9lectronique compact. Le MA-2 est indispensable pour l&rsquo;\u00e9tude de la musique et plus particuli\u00e8rement du rythme avec tout instrument de musique. Gr\u00e2ce \u00e0 sa taille compacte, il offre toutes les fonctionnalit\u00e9s d&rsquo;un m\u00e9tronome musical, mais dans un format compact et facile \u00e0 transporter partout. Ma\u00eetrisez votre rythme [&#8230;]\n","protected":false},"featured_media":51466,"comment_status":"open","ping_status":"closed","template":"","meta":[],"product_brand":[],"product_cat":[3580],"product_tag":[],"giftcard-category":[],"class_list":{"0":"post-54964","1":"product","2":"type-product","3":"status-publish","4":"has-post-thumbnail","6":"product_cat-accessoires-pour-instruments","8":"first","9":"instock","10":"taxable","11":"shipping-taxable","12":"purchasable","13":"product-type-simple"},"yoast_head":"<!-- This site is optimized with the Yoast SEO Premium plugin v27.0 (Yoast SEO v27.3) - https:\/\/yoast.com\/product\/yoast-seo-premium-wordpress\/ -->\n<title>M\u00e9tronome Korg MA-2 - EG-REEDS<\/title>\n<meta name=\"description\" content=\"M\u00e9tronome Korg MA-2, un m\u00e9tronome \u00e9lectronique compact. Le MA-2 est indispensable pour l&#039;\u00e9tude de la musique et plus particuli\u00e8rement du rythme.\" \/>\n<meta name=\"robots\" content=\"index, follow, max-snippet:-1, max-image-preview:large, max-video-preview:-1\" \/>\n<link rel=\"canonical\" href=\"https:\/\/eg-reeds.com\/fr\/shop\/accessoires\/accessoires-pour-instruments\/metronome-korg-ma-2\/\" \/>\n<meta property=\"og:locale\" content=\"fr_FR\" \/>\n<meta property=\"og:type\" content=\"article\" \/>\n<meta property=\"og:title\" content=\"M\u00e9tronome Korg MA-2\" \/>\n<meta property=\"og:description\" content=\"M\u00e9tronome Korg MA-2, un m\u00e9tronome \u00e9lectronique compact. Le MA-2 est indispensable pour l&#039;\u00e9tude de la musique et plus particuli\u00e8rement du rythme.\" \/>\n<meta property=\"og:url\" content=\"https:\/\/eg-reeds.com\/fr\/shop\/accessoires\/accessoires-pour-instruments\/metronome-korg-ma-2\/\" \/>\n<meta property=\"og:site_name\" content=\"EG-REEDS\" \/>\n<meta property=\"article:publisher\" content=\"https:\/\/www.facebook.com\/EGREEDS\" \/>\n<meta property=\"article:modified_time\" content=\"2025-01-24T09:28:39+00:00\" \/>\n<meta property=\"og:image\" content=\"https:\/\/eg-reeds.com\/wp-content\/uploads\/2024\/05\/Korg-MA-2-Metronome.jpg\" \/>\n\t<meta property=\"og:image:width\" content=\"679\" \/>\n\t<meta property=\"og:image:height\" content=\"406\" \/>\n\t<meta property=\"og:image:type\" content=\"image\/jpeg\" \/>\n<meta name=\"twitter:card\" content=\"summary_large_image\" \/>\n<meta name=\"twitter:site\" content=\"@egreeds\" \/>\n<meta name=\"twitter:label1\" content=\"Prix\" \/>\n\t<meta name=\"twitter:data1\" content=\"20,00&euro;\" \/>\n\t<meta name=\"twitter:label2\" content=\"Disponibilit\u00e9\" \/>\n\t<meta name=\"twitter:data2\" content=\"En stock\" \/>\n<script type=\"application\/ld+json\" class=\"yoast-schema-graph\">{\"@context\":\"https:\\\/\\\/schema.org\",\"@graph\":[{\"@type\":[\"WebPage\",\"ItemPage\"],\"@id\":\"https:\\\/\\\/eg-reeds.com\\\/fr\\\/shop\\\/accessoires\\\/accessoires-pour-instruments\\\/metronome-korg-ma-2\\\/\",\"url\":\"https:\\\/\\\/eg-reeds.com\\\/fr\\\/shop\\\/accessoires\\\/accessoires-pour-instruments\\\/metronome-korg-ma-2\\\/\",\"name\":\"M\u00e9tronome Korg MA-2 - EG-REEDS\",\"isPartOf\":{\"@id\":\"https:\\\/\\\/eg-reeds.com\\\/fr\\\/#website\"},\"primaryImageOfPage\":{\"@id\":\"https:\\\/\\\/eg-reeds.com\\\/fr\\\/shop\\\/accessoires\\\/accessoires-pour-instruments\\\/metronome-korg-ma-2\\\/#primaryimage\"},\"image\":{\"@id\":\"https:\\\/\\\/eg-reeds.com\\\/fr\\\/shop\\\/accessoires\\\/accessoires-pour-instruments\\\/metronome-korg-ma-2\\\/#primaryimage\"},\"thumbnailUrl\":\"https:\\\/\\\/eg-reeds.com\\\/wp-content\\\/uploads\\\/2024\\\/05\\\/Korg-MA-2-Metronome.jpg\",\"datePublished\":\"2025-01-24T09:28:38+00:00\",\"dateModified\":\"2025-01-24T09:28:39+00:00\",\"description\":\"M\u00e9tronome Korg MA-2, un m\u00e9tronome \u00e9lectronique compact. Le MA-2 est indispensable pour l'\u00e9tude de la musique et plus particuli\u00e8rement du rythme.\",\"breadcrumb\":{\"@id\":\"https:\\\/\\\/eg-reeds.com\\\/fr\\\/shop\\\/accessoires\\\/accessoires-pour-instruments\\\/metronome-korg-ma-2\\\/#breadcrumb\"},\"inLanguage\":\"fr-FR\",\"potentialAction\":[{\"@type\":\"ReadAction\",\"target\":[\"https:\\\/\\\/eg-reeds.com\\\/fr\\\/shop\\\/accessoires\\\/accessoires-pour-instruments\\\/metronome-korg-ma-2\\\/\"]}]},{\"@type\":\"ImageObject\",\"inLanguage\":\"fr-FR\",\"@id\":\"https:\\\/\\\/eg-reeds.com\\\/fr\\\/shop\\\/accessoires\\\/accessoires-pour-instruments\\\/metronome-korg-ma-2\\\/#primaryimage\",\"url\":\"https:\\\/\\\/eg-reeds.com\\\/wp-content\\\/uploads\\\/2024\\\/05\\\/Korg-MA-2-Metronome.jpg\",\"contentUrl\":\"https:\\\/\\\/eg-reeds.com\\\/wp-content\\\/uploads\\\/2024\\\/05\\\/Korg-MA-2-Metronome.jpg\",\"width\":679,\"height\":406,\"caption\":\"M\u00e9tronome Korg\"},{\"@type\":\"BreadcrumbList\",\"@id\":\"https:\\\/\\\/eg-reeds.com\\\/fr\\\/shop\\\/accessoires\\\/accessoires-pour-instruments\\\/metronome-korg-ma-2\\\/#breadcrumb\",\"itemListElement\":[{\"@type\":\"ListItem\",\"position\":1,\"name\":\"Accueil\",\"item\":\"https:\\\/\\\/eg-reeds.com\\\/fr\\\/\"},{\"@type\":\"ListItem\",\"position\":2,\"name\":\"Boutique\",\"item\":\"https:\\\/\\\/eg-reeds.com\\\/fr\\\/\"},{\"@type\":\"ListItem\",\"position\":3,\"name\":\"M\u00e9tronome Korg MA-2\"}]},{\"@type\":\"WebSite\",\"@id\":\"https:\\\/\\\/eg-reeds.com\\\/fr\\\/#website\",\"url\":\"https:\\\/\\\/eg-reeds.com\\\/fr\\\/\",\"name\":\"www.eg-reeds.com\",\"description\":\"Anches hautbois\",\"publisher\":{\"@id\":\"https:\\\/\\\/eg-reeds.com\\\/fr\\\/#organization\"},\"alternateName\":\"eg-reeds.com\",\"potentialAction\":[{\"@type\":\"SearchAction\",\"target\":{\"@type\":\"EntryPoint\",\"urlTemplate\":\"https:\\\/\\\/eg-reeds.com\\\/fr\\\/?s={search_term_string}\"},\"query-input\":{\"@type\":\"PropertyValueSpecification\",\"valueRequired\":true,\"valueName\":\"search_term_string\"}}],\"inLanguage\":\"fr-FR\"},{\"@type\":\"Organization\",\"@id\":\"https:\\\/\\\/eg-reeds.com\\\/fr\\\/#organization\",\"name\":\"www.eg-reeds.com\",\"url\":\"https:\\\/\\\/eg-reeds.com\\\/fr\\\/\",\"logo\":{\"@type\":\"ImageObject\",\"inLanguage\":\"fr-FR\",\"@id\":\"https:\\\/\\\/eg-reeds.com\\\/fr\\\/#\\\/schema\\\/logo\\\/image\\\/\",\"url\":\"https:\\\/\\\/eg-reeds.com\\\/wp-content\\\/uploads\\\/2024\\\/06\\\/Logo-scaled-e1718793906611.jpg\",\"contentUrl\":\"https:\\\/\\\/eg-reeds.com\\\/wp-content\\\/uploads\\\/2024\\\/06\\\/Logo-scaled-e1718793906611.jpg\",\"width\":1200,\"height\":493,\"caption\":\"www.eg-reeds.com\"},\"image\":{\"@id\":\"https:\\\/\\\/eg-reeds.com\\\/fr\\\/#\\\/schema\\\/logo\\\/image\\\/\"},\"sameAs\":[\"https:\\\/\\\/www.facebook.com\\\/EGREEDS\",\"https:\\\/\\\/x.com\\\/egreeds\",\"https:\\\/\\\/www.instagram.com\\\/egreeds\\\/\",\"https:\\\/\\\/www.youtube.com\\\/c\\\/EGREEDS\",\"https:\\\/\\\/www.threads.net\\\/@egreeds\",\"https:\\\/\\\/www.tiktok.com\\\/@egreeds\"]}]}<\/script>\n<meta property=\"product:price:amount\" content=\"20.00\" \/>\n<meta property=\"product:price:currency\" content=\"EUR\" \/>\n<meta property=\"og:availability\" content=\"instock\" \/>\n<meta property=\"product:availability\" content=\"instock\" \/>\n<meta property=\"product:retailer_item_id\" content=\"AAIMKorg\" \/>\n<meta property=\"product:condition\" content=\"new\" \/>\n<!-- \/ Yoast SEO Premium plugin. -->","yoast_head_json":{"title":"M\u00e9tronome Korg MA-2 - EG-REEDS","description":"M\u00e9tronome Korg MA-2, un m\u00e9tronome \u00e9lectronique compact. Le MA-2 est indispensable pour l'\u00e9tude de la musique et plus particuli\u00e8rement du rythme.","robots":{"index":"index","follow":"follow","max-snippet":"max-snippet:-1","max-image-preview":"max-image-preview:large","max-video-preview":"max-video-preview:-1"},"canonical":"https:\/\/eg-reeds.com\/fr\/shop\/accessoires\/accessoires-pour-instruments\/metronome-korg-ma-2\/","og_locale":"fr_FR","og_type":"article","og_title":"M\u00e9tronome Korg MA-2","og_description":"M\u00e9tronome Korg MA-2, un m\u00e9tronome \u00e9lectronique compact. Le MA-2 est indispensable pour l'\u00e9tude de la musique et plus particuli\u00e8rement du rythme.","og_url":"https:\/\/eg-reeds.com\/fr\/shop\/accessoires\/accessoires-pour-instruments\/metronome-korg-ma-2\/","og_site_name":"EG-REEDS","article_publisher":"https:\/\/www.facebook.com\/EGREEDS","article_modified_time":"2025-01-24T09:28:39+00:00","og_image":[{"width":679,"height":406,"url":"https:\/\/eg-reeds.com\/wp-content\/uploads\/2024\/05\/Korg-MA-2-Metronome.jpg","type":"image\/jpeg"}],"twitter_card":"summary_large_image","twitter_site":"@egreeds","twitter_misc":{"Prix":"20,00&euro;","Disponibilit\u00e9":"En stock"},"schema":{"@context":"https:\/\/schema.org","@graph":[{"@type":["WebPage","ItemPage"],"@id":"https:\/\/eg-reeds.com\/fr\/shop\/accessoires\/accessoires-pour-instruments\/metronome-korg-ma-2\/","url":"https:\/\/eg-reeds.com\/fr\/shop\/accessoires\/accessoires-pour-instruments\/metronome-korg-ma-2\/","name":"M\u00e9tronome Korg MA-2 - EG-REEDS","isPartOf":{"@id":"https:\/\/eg-reeds.com\/fr\/#website"},"primaryImageOfPage":{"@id":"https:\/\/eg-reeds.com\/fr\/shop\/accessoires\/accessoires-pour-instruments\/metronome-korg-ma-2\/#primaryimage"},"image":{"@id":"https:\/\/eg-reeds.com\/fr\/shop\/accessoires\/accessoires-pour-instruments\/metronome-korg-ma-2\/#primaryimage"},"thumbnailUrl":"https:\/\/eg-reeds.com\/wp-content\/uploads\/2024\/05\/Korg-MA-2-Metronome.jpg","datePublished":"2025-01-24T09:28:38+00:00","dateModified":"2025-01-24T09:28:39+00:00","description":"M\u00e9tronome Korg MA-2, un m\u00e9tronome \u00e9lectronique compact. Le MA-2 est indispensable pour l'\u00e9tude de la musique et plus particuli\u00e8rement du rythme.","breadcrumb":{"@id":"https:\/\/eg-reeds.com\/fr\/shop\/accessoires\/accessoires-pour-instruments\/metronome-korg-ma-2\/#breadcrumb"},"inLanguage":"fr-FR","potentialAction":[{"@type":"ReadAction","target":["https:\/\/eg-reeds.com\/fr\/shop\/accessoires\/accessoires-pour-instruments\/metronome-korg-ma-2\/"]}]},{"@type":"ImageObject","inLanguage":"fr-FR","@id":"https:\/\/eg-reeds.com\/fr\/shop\/accessoires\/accessoires-pour-instruments\/metronome-korg-ma-2\/#primaryimage","url":"https:\/\/eg-reeds.com\/wp-content\/uploads\/2024\/05\/Korg-MA-2-Metronome.jpg","contentUrl":"https:\/\/eg-reeds.com\/wp-content\/uploads\/2024\/05\/Korg-MA-2-Metronome.jpg","width":679,"height":406,"caption":"M\u00e9tronome Korg"},{"@type":"BreadcrumbList","@id":"https:\/\/eg-reeds.com\/fr\/shop\/accessoires\/accessoires-pour-instruments\/metronome-korg-ma-2\/#breadcrumb","itemListElement":[{"@type":"ListItem","position":1,"name":"Accueil","item":"https:\/\/eg-reeds.com\/fr\/"},{"@type":"ListItem","position":2,"name":"Boutique","item":"https:\/\/eg-reeds.com\/fr\/"},{"@type":"ListItem","position":3,"name":"M\u00e9tronome Korg MA-2"}]},{"@type":"WebSite","@id":"https:\/\/eg-reeds.com\/fr\/#website","url":"https:\/\/eg-reeds.com\/fr\/","name":"www.eg-reeds.com","description":"Anches hautbois","publisher":{"@id":"https:\/\/eg-reeds.com\/fr\/#organization"},"alternateName":"eg-reeds.com","potentialAction":[{"@type":"SearchAction","target":{"@type":"EntryPoint","urlTemplate":"https:\/\/eg-reeds.com\/fr\/?s={search_term_string}"},"query-input":{"@type":"PropertyValueSpecification","valueRequired":true,"valueName":"search_term_string"}}],"inLanguage":"fr-FR"},{"@type":"Organization","@id":"https:\/\/eg-reeds.com\/fr\/#organization","name":"www.eg-reeds.com","url":"https:\/\/eg-reeds.com\/fr\/","logo":{"@type":"ImageObject","inLanguage":"fr-FR","@id":"https:\/\/eg-reeds.com\/fr\/#\/schema\/logo\/image\/","url":"https:\/\/eg-reeds.com\/wp-content\/uploads\/2024\/06\/Logo-scaled-e1718793906611.jpg","contentUrl":"https:\/\/eg-reeds.com\/wp-content\/uploads\/2024\/06\/Logo-scaled-e1718793906611.jpg","width":1200,"height":493,"caption":"www.eg-reeds.com"},"image":{"@id":"https:\/\/eg-reeds.com\/fr\/#\/schema\/logo\/image\/"},"sameAs":["https:\/\/www.facebook.com\/EGREEDS","https:\/\/x.com\/egreeds","https:\/\/www.instagram.com\/egreeds\/","https:\/\/www.youtube.com\/c\/EGREEDS","https:\/\/www.threads.net\/@egreeds","https:\/\/www.tiktok.com\/@egreeds"]}]},"product_price_amount":"20.00","product_price_currency":"EUR","og_availability":"instock","product_availability":"instock","product_retailer_item_id":"AAIMKorg","product_condition":"new"},"_links":{"self":[{"href":"https:\/\/eg-reeds.com\/fr\/wp-json\/wp\/v2\/product\/54964","targetHints":{"allow":["GET"]}}],"collection":[{"href":"https:\/\/eg-reeds.com\/fr\/wp-json\/wp\/v2\/product"}],"about":[{"href":"https:\/\/eg-reeds.com\/fr\/wp-json\/wp\/v2\/types\/product"}],"replies":[{"embeddable":true,"href":"https:\/\/eg-reeds.com\/fr\/wp-json\/wp\/v2\/comments?post=54964"}],"wp:featuredmedia":[{"embeddable":true,"href":"https:\/\/eg-reeds.com\/fr\/wp-json\/wp\/v2\/media\/51466"}],"wp:attachment":[{"href":"https:\/\/eg-reeds.com\/fr\/wp-json\/wp\/v2\/media?parent=54964"}],"wp:term":[{"taxonomy":"product_brand","embeddable":true,"href":"https:\/\/eg-reeds.com\/fr\/wp-json\/wp\/v2\/product_brand?post=54964"},{"taxonomy":"product_cat","embeddable":true,"href":"https:\/\/eg-reeds.com\/fr\/wp-json\/wp\/v2\/product_cat?post=54964"},{"taxonomy":"product_tag","embeddable":true,"href":"https:\/\/eg-reeds.com\/fr\/wp-json\/wp\/v2\/product_tag?post=54964"},{"taxonomy":"giftcard-category","embeddable":true,"href":"https:\/\/eg-reeds.com\/fr\/wp-json\/wp\/v2\/giftcard-category?post=54964"}],"curies":[{"name":"wp","href":"https:\/\/api.w.org\/{rel}","templated":true}]}}