{"id":55773,"date":"2025-01-30T17:22:40","date_gmt":"2025-02-26T07:44:25","guid":{"rendered":"https:\/\/eg-reeds.com\/?post_type=product&#038;p=55773"},"modified":"2025-02-26T08:52:03","modified_gmt":"2025-02-26T07:52:03","slug":"lame-360-pour-machine-a-gratter-reeds-n-stuff","status":"publish","type":"product","link":"https:\/\/eg-reeds.com\/fr\/shop\/machines\/machines-reeds-n-stuff\/lame-360-pour-machine-a-gratter-reeds-n-stuff\/","title":{"rendered":"Lame 360\u00b0 pour machine \u00e0 gratter Reeds &lsquo;n Stuff"},"content":{"rendered":"<h1><strong>Lame 360\u00b0 pour machine \u00e0 gratter Reeds &lsquo;n Stuff.<\/strong><\/h1>\n<p>Lame 360\u00b0 pour Machine \u00e0 gratter Reeds &lsquo;n Stuff.<\/p>\n<p>Lorsque la lame devient \u00e9mouss\u00e9e, il suffit de la faire pivoter vers la section aff\u00fbt\u00e9e suivante et de continuer le grattage. Cela peut \u00eatre fait au moins 6 fois, permettant de gratter de nombreuses anches avant qu&rsquo;un remplacement ne soit n\u00e9cessaire.<\/p>\n<p>La vis maintenant la lame est facilement accessible par le dessous, ce qui signifie qu&rsquo;une fois la hauteur du support de lame r\u00e9gl\u00e9e, vous pouvez la fixer et l&rsquo;oublier. Il suffit de desserrer la vis, de faire pivoter la lame et de la resserrer. En quelques secondes, vous pouvez reprendre le grattage des anches sans avoir \u00e0 remplacer toute la lame.<\/p>\n<p>La Lame 360\u00b0 avec son support est livr\u00e9e avec plusieurs vis suppl\u00e9mentaires et le tournevis n\u00e9cessaire pour ajuster, faire pivoter et remplacer les lames.<\/p>\n<p><iframe loading=\"lazy\" title=\"Cuchilla 360\u00b0 \/ Blade 360\u00b0 for oboe profiling machine Reeds &#039;n Stuff.\" width=\"1020\" height=\"574\" src=\"https:\/\/www.youtube.com\/embed\/BatU6AbUzVk?feature=oembed\" frameborder=\"0\" allow=\"accelerometer; autoplay; clipboard-write; encrypted-media; gyroscope; picture-in-picture; web-share\" referrerpolicy=\"strict-origin-when-cross-origin\" allowfullscreen><\/iframe><\/p>\n","protected":false},"excerpt":{"rendered":"<p>Lame 360\u00b0 pour machine \u00e0 gratter Reeds &lsquo;n Stuff. Lame 360\u00b0 pour Machine \u00e0 gratter Reeds &lsquo;n Stuff. Lorsque la lame devient \u00e9mouss\u00e9e, il suffit de la faire pivoter vers la section aff\u00fbt\u00e9e suivante et de continuer le grattage. Cela peut \u00eatre fait au moins 6 fois, permettant de gratter de nombreuses anches avant qu&rsquo;un [&#8230;]\n","protected":false},"featured_media":55117,"comment_status":"open","ping_status":"closed","template":"","meta":[],"product_brand":[],"product_cat":[2922],"product_tag":[],"giftcard-category":[],"class_list":{"0":"post-55773","1":"product","2":"type-product","3":"status-publish","4":"has-post-thumbnail","6":"product_cat-machines-reeds-n-stuff","8":"first","9":"instock","10":"taxable","11":"shipping-taxable","12":"purchasable","13":"product-type-simple"},"yoast_head":"<!-- This site is optimized with the Yoast SEO Premium plugin v27.0 (Yoast SEO v27.4) - https:\/\/yoast.com\/product\/yoast-seo-premium-wordpress\/ -->\n<title>Lame 360\u00b0 pour machine \u00e0 gratter Reeds &#039;n Stuff - EG-REEDS<\/title>\n<meta name=\"description\" content=\"Lame 360\u00b0 pour Machine \u00e0 gratter Reeds &#039;n Stuff pour les anches de hautbois. Avec des vis suppl\u00e9mentaires et le tournevis pour faire pivoter les lames.\" \/>\n<meta name=\"robots\" content=\"index, follow, max-snippet:-1, max-image-preview:large, max-video-preview:-1\" \/>\n<link rel=\"canonical\" href=\"https:\/\/eg-reeds.com\/fr\/shop\/machines\/machines-reeds-n-stuff\/lame-360-pour-machine-a-gratter-reeds-n-stuff\/\" \/>\n<meta property=\"og:locale\" content=\"fr_FR\" \/>\n<meta property=\"og:type\" content=\"article\" \/>\n<meta property=\"og:title\" content=\"Lame 360\u00b0 pour machine \u00e0 gratter Reeds &#039;n Stuff\" \/>\n<meta property=\"og:description\" content=\"Lame 360\u00b0 pour Machine \u00e0 gratter Reeds &#039;n Stuff pour les anches de hautbois. Avec des vis suppl\u00e9mentaires et le tournevis pour faire pivoter les lames.\" \/>\n<meta property=\"og:url\" content=\"https:\/\/eg-reeds.com\/fr\/shop\/machines\/machines-reeds-n-stuff\/lame-360-pour-machine-a-gratter-reeds-n-stuff\/\" \/>\n<meta property=\"og:site_name\" content=\"EG-REEDS\" \/>\n<meta property=\"article:publisher\" content=\"https:\/\/www.facebook.com\/EGREEDS\" \/>\n<meta property=\"article:modified_time\" content=\"2025-02-26T07:52:03+00:00\" \/>\n<meta property=\"og:image\" content=\"https:\/\/eg-reeds.com\/wp-content\/uploads\/2025\/01\/Captura-de-Pantalla-2025-01-30-a-las-17.16.40.png\" \/>\n\t<meta property=\"og:image:width\" content=\"1210\" \/>\n\t<meta property=\"og:image:height\" content=\"836\" \/>\n\t<meta property=\"og:image:type\" content=\"image\/png\" \/>\n<meta name=\"twitter:card\" content=\"summary_large_image\" \/>\n<meta name=\"twitter:site\" content=\"@egreeds\" \/>\n<meta name=\"twitter:label1\" content=\"Prix\" \/>\n\t<meta name=\"twitter:data1\" content=\"182,11&euro;\" \/>\n\t<meta name=\"twitter:label2\" content=\"Disponibilit\u00e9\" \/>\n\t<meta name=\"twitter:data2\" content=\"En stock\" \/>\n<script type=\"application\/ld+json\" class=\"yoast-schema-graph\">{\"@context\":\"https:\\\/\\\/schema.org\",\"@graph\":[{\"@type\":[\"WebPage\",\"ItemPage\"],\"@id\":\"https:\\\/\\\/eg-reeds.com\\\/fr\\\/shop\\\/machines\\\/machines-reeds-n-stuff\\\/lame-360-pour-machine-a-gratter-reeds-n-stuff\\\/\",\"url\":\"https:\\\/\\\/eg-reeds.com\\\/fr\\\/shop\\\/machines\\\/machines-reeds-n-stuff\\\/lame-360-pour-machine-a-gratter-reeds-n-stuff\\\/\",\"name\":\"Lame 360\u00b0 pour machine \u00e0 gratter Reeds 'n Stuff - EG-REEDS\",\"isPartOf\":{\"@id\":\"https:\\\/\\\/eg-reeds.com\\\/fr\\\/#website\"},\"primaryImageOfPage\":{\"@id\":\"https:\\\/\\\/eg-reeds.com\\\/fr\\\/shop\\\/machines\\\/machines-reeds-n-stuff\\\/lame-360-pour-machine-a-gratter-reeds-n-stuff\\\/#primaryimage\"},\"image\":{\"@id\":\"https:\\\/\\\/eg-reeds.com\\\/fr\\\/shop\\\/machines\\\/machines-reeds-n-stuff\\\/lame-360-pour-machine-a-gratter-reeds-n-stuff\\\/#primaryimage\"},\"thumbnailUrl\":\"https:\\\/\\\/eg-reeds.com\\\/wp-content\\\/uploads\\\/2025\\\/01\\\/Captura-de-Pantalla-2025-01-30-a-las-17.16.40.png\",\"datePublished\":\"2025-02-26T07:44:25+00:00\",\"dateModified\":\"2025-02-26T07:52:03+00:00\",\"description\":\"Lame 360\u00b0 pour Machine \u00e0 gratter Reeds 'n Stuff pour les anches de hautbois. Avec des vis suppl\u00e9mentaires et le tournevis pour faire pivoter les lames.\",\"breadcrumb\":{\"@id\":\"https:\\\/\\\/eg-reeds.com\\\/fr\\\/shop\\\/machines\\\/machines-reeds-n-stuff\\\/lame-360-pour-machine-a-gratter-reeds-n-stuff\\\/#breadcrumb\"},\"inLanguage\":\"fr-FR\",\"potentialAction\":[{\"@type\":\"ReadAction\",\"target\":[\"https:\\\/\\\/eg-reeds.com\\\/fr\\\/shop\\\/machines\\\/machines-reeds-n-stuff\\\/lame-360-pour-machine-a-gratter-reeds-n-stuff\\\/\"]}]},{\"@type\":\"ImageObject\",\"inLanguage\":\"fr-FR\",\"@id\":\"https:\\\/\\\/eg-reeds.com\\\/fr\\\/shop\\\/machines\\\/machines-reeds-n-stuff\\\/lame-360-pour-machine-a-gratter-reeds-n-stuff\\\/#primaryimage\",\"url\":\"https:\\\/\\\/eg-reeds.com\\\/wp-content\\\/uploads\\\/2025\\\/01\\\/Captura-de-Pantalla-2025-01-30-a-las-17.16.40.png\",\"contentUrl\":\"https:\\\/\\\/eg-reeds.com\\\/wp-content\\\/uploads\\\/2025\\\/01\\\/Captura-de-Pantalla-2025-01-30-a-las-17.16.40.png\",\"width\":1210,\"height\":836,\"caption\":\"Lame 360\u00b0 pour Machine \u00e0 gratter\"},{\"@type\":\"BreadcrumbList\",\"@id\":\"https:\\\/\\\/eg-reeds.com\\\/fr\\\/shop\\\/machines\\\/machines-reeds-n-stuff\\\/lame-360-pour-machine-a-gratter-reeds-n-stuff\\\/#breadcrumb\",\"itemListElement\":[{\"@type\":\"ListItem\",\"position\":1,\"name\":\"Accueil\",\"item\":\"https:\\\/\\\/eg-reeds.com\\\/fr\\\/\"},{\"@type\":\"ListItem\",\"position\":2,\"name\":\"Boutique\",\"item\":\"https:\\\/\\\/eg-reeds.com\\\/fr\\\/\"},{\"@type\":\"ListItem\",\"position\":3,\"name\":\"Lame 360\u00b0 pour machine \u00e0 gratter Reeds &#8216;n Stuff\"}]},{\"@type\":\"WebSite\",\"@id\":\"https:\\\/\\\/eg-reeds.com\\\/fr\\\/#website\",\"url\":\"https:\\\/\\\/eg-reeds.com\\\/fr\\\/\",\"name\":\"www.eg-reeds.com\",\"description\":\"Anches hautbois\",\"publisher\":{\"@id\":\"https:\\\/\\\/eg-reeds.com\\\/fr\\\/#organization\"},\"alternateName\":\"eg-reeds.com\",\"potentialAction\":[{\"@type\":\"SearchAction\",\"target\":{\"@type\":\"EntryPoint\",\"urlTemplate\":\"https:\\\/\\\/eg-reeds.com\\\/fr\\\/?s={search_term_string}\"},\"query-input\":{\"@type\":\"PropertyValueSpecification\",\"valueRequired\":true,\"valueName\":\"search_term_string\"}}],\"inLanguage\":\"fr-FR\"},{\"@type\":\"Organization\",\"@id\":\"https:\\\/\\\/eg-reeds.com\\\/fr\\\/#organization\",\"name\":\"www.eg-reeds.com\",\"url\":\"https:\\\/\\\/eg-reeds.com\\\/fr\\\/\",\"logo\":{\"@type\":\"ImageObject\",\"inLanguage\":\"fr-FR\",\"@id\":\"https:\\\/\\\/eg-reeds.com\\\/fr\\\/#\\\/schema\\\/logo\\\/image\\\/\",\"url\":\"https:\\\/\\\/eg-reeds.com\\\/wp-content\\\/uploads\\\/2024\\\/06\\\/Logo-scaled-e1718793906611.jpg\",\"contentUrl\":\"https:\\\/\\\/eg-reeds.com\\\/wp-content\\\/uploads\\\/2024\\\/06\\\/Logo-scaled-e1718793906611.jpg\",\"width\":1200,\"height\":493,\"caption\":\"www.eg-reeds.com\"},\"image\":{\"@id\":\"https:\\\/\\\/eg-reeds.com\\\/fr\\\/#\\\/schema\\\/logo\\\/image\\\/\"},\"sameAs\":[\"https:\\\/\\\/www.facebook.com\\\/EGREEDS\",\"https:\\\/\\\/x.com\\\/egreeds\",\"https:\\\/\\\/www.instagram.com\\\/egreeds\\\/\",\"https:\\\/\\\/www.youtube.com\\\/c\\\/EGREEDS\",\"https:\\\/\\\/www.threads.net\\\/@egreeds\",\"https:\\\/\\\/www.tiktok.com\\\/@egreeds\"]}]}<\/script>\n<meta property=\"product:price:amount\" content=\"182.11\" \/>\n<meta property=\"product:price:currency\" content=\"EUR\" \/>\n<meta property=\"og:availability\" content=\"instock\" \/>\n<meta property=\"product:availability\" content=\"instock\" \/>\n<meta property=\"product:retailer_item_id\" content=\"ARSC360\" \/>\n<meta property=\"product:condition\" content=\"new\" \/>\n<!-- \/ Yoast SEO Premium plugin. -->","yoast_head_json":{"title":"Lame 360\u00b0 pour machine \u00e0 gratter Reeds 'n Stuff - EG-REEDS","description":"Lame 360\u00b0 pour Machine \u00e0 gratter Reeds 'n Stuff pour les anches de hautbois. Avec des vis suppl\u00e9mentaires et le tournevis pour faire pivoter les lames.","robots":{"index":"index","follow":"follow","max-snippet":"max-snippet:-1","max-image-preview":"max-image-preview:large","max-video-preview":"max-video-preview:-1"},"canonical":"https:\/\/eg-reeds.com\/fr\/shop\/machines\/machines-reeds-n-stuff\/lame-360-pour-machine-a-gratter-reeds-n-stuff\/","og_locale":"fr_FR","og_type":"article","og_title":"Lame 360\u00b0 pour machine \u00e0 gratter Reeds 'n Stuff","og_description":"Lame 360\u00b0 pour Machine \u00e0 gratter Reeds 'n Stuff pour les anches de hautbois. Avec des vis suppl\u00e9mentaires et le tournevis pour faire pivoter les lames.","og_url":"https:\/\/eg-reeds.com\/fr\/shop\/machines\/machines-reeds-n-stuff\/lame-360-pour-machine-a-gratter-reeds-n-stuff\/","og_site_name":"EG-REEDS","article_publisher":"https:\/\/www.facebook.com\/EGREEDS","article_modified_time":"2025-02-26T07:52:03+00:00","og_image":[{"width":1210,"height":836,"url":"https:\/\/eg-reeds.com\/wp-content\/uploads\/2025\/01\/Captura-de-Pantalla-2025-01-30-a-las-17.16.40.png","type":"image\/png"}],"twitter_card":"summary_large_image","twitter_site":"@egreeds","twitter_misc":{"Prix":"182,11&euro;","Disponibilit\u00e9":"En stock"},"schema":{"@context":"https:\/\/schema.org","@graph":[{"@type":["WebPage","ItemPage"],"@id":"https:\/\/eg-reeds.com\/fr\/shop\/machines\/machines-reeds-n-stuff\/lame-360-pour-machine-a-gratter-reeds-n-stuff\/","url":"https:\/\/eg-reeds.com\/fr\/shop\/machines\/machines-reeds-n-stuff\/lame-360-pour-machine-a-gratter-reeds-n-stuff\/","name":"Lame 360\u00b0 pour machine \u00e0 gratter Reeds 'n Stuff - EG-REEDS","isPartOf":{"@id":"https:\/\/eg-reeds.com\/fr\/#website"},"primaryImageOfPage":{"@id":"https:\/\/eg-reeds.com\/fr\/shop\/machines\/machines-reeds-n-stuff\/lame-360-pour-machine-a-gratter-reeds-n-stuff\/#primaryimage"},"image":{"@id":"https:\/\/eg-reeds.com\/fr\/shop\/machines\/machines-reeds-n-stuff\/lame-360-pour-machine-a-gratter-reeds-n-stuff\/#primaryimage"},"thumbnailUrl":"https:\/\/eg-reeds.com\/wp-content\/uploads\/2025\/01\/Captura-de-Pantalla-2025-01-30-a-las-17.16.40.png","datePublished":"2025-02-26T07:44:25+00:00","dateModified":"2025-02-26T07:52:03+00:00","description":"Lame 360\u00b0 pour Machine \u00e0 gratter Reeds 'n Stuff pour les anches de hautbois. Avec des vis suppl\u00e9mentaires et le tournevis pour faire pivoter les lames.","breadcrumb":{"@id":"https:\/\/eg-reeds.com\/fr\/shop\/machines\/machines-reeds-n-stuff\/lame-360-pour-machine-a-gratter-reeds-n-stuff\/#breadcrumb"},"inLanguage":"fr-FR","potentialAction":[{"@type":"ReadAction","target":["https:\/\/eg-reeds.com\/fr\/shop\/machines\/machines-reeds-n-stuff\/lame-360-pour-machine-a-gratter-reeds-n-stuff\/"]}]},{"@type":"ImageObject","inLanguage":"fr-FR","@id":"https:\/\/eg-reeds.com\/fr\/shop\/machines\/machines-reeds-n-stuff\/lame-360-pour-machine-a-gratter-reeds-n-stuff\/#primaryimage","url":"https:\/\/eg-reeds.com\/wp-content\/uploads\/2025\/01\/Captura-de-Pantalla-2025-01-30-a-las-17.16.40.png","contentUrl":"https:\/\/eg-reeds.com\/wp-content\/uploads\/2025\/01\/Captura-de-Pantalla-2025-01-30-a-las-17.16.40.png","width":1210,"height":836,"caption":"Lame 360\u00b0 pour Machine \u00e0 gratter"},{"@type":"BreadcrumbList","@id":"https:\/\/eg-reeds.com\/fr\/shop\/machines\/machines-reeds-n-stuff\/lame-360-pour-machine-a-gratter-reeds-n-stuff\/#breadcrumb","itemListElement":[{"@type":"ListItem","position":1,"name":"Accueil","item":"https:\/\/eg-reeds.com\/fr\/"},{"@type":"ListItem","position":2,"name":"Boutique","item":"https:\/\/eg-reeds.com\/fr\/"},{"@type":"ListItem","position":3,"name":"Lame 360\u00b0 pour machine \u00e0 gratter Reeds &#8216;n Stuff"}]},{"@type":"WebSite","@id":"https:\/\/eg-reeds.com\/fr\/#website","url":"https:\/\/eg-reeds.com\/fr\/","name":"www.eg-reeds.com","description":"Anches hautbois","publisher":{"@id":"https:\/\/eg-reeds.com\/fr\/#organization"},"alternateName":"eg-reeds.com","potentialAction":[{"@type":"SearchAction","target":{"@type":"EntryPoint","urlTemplate":"https:\/\/eg-reeds.com\/fr\/?s={search_term_string}"},"query-input":{"@type":"PropertyValueSpecification","valueRequired":true,"valueName":"search_term_string"}}],"inLanguage":"fr-FR"},{"@type":"Organization","@id":"https:\/\/eg-reeds.com\/fr\/#organization","name":"www.eg-reeds.com","url":"https:\/\/eg-reeds.com\/fr\/","logo":{"@type":"ImageObject","inLanguage":"fr-FR","@id":"https:\/\/eg-reeds.com\/fr\/#\/schema\/logo\/image\/","url":"https:\/\/eg-reeds.com\/wp-content\/uploads\/2024\/06\/Logo-scaled-e1718793906611.jpg","contentUrl":"https:\/\/eg-reeds.com\/wp-content\/uploads\/2024\/06\/Logo-scaled-e1718793906611.jpg","width":1200,"height":493,"caption":"www.eg-reeds.com"},"image":{"@id":"https:\/\/eg-reeds.com\/fr\/#\/schema\/logo\/image\/"},"sameAs":["https:\/\/www.facebook.com\/EGREEDS","https:\/\/x.com\/egreeds","https:\/\/www.instagram.com\/egreeds\/","https:\/\/www.youtube.com\/c\/EGREEDS","https:\/\/www.threads.net\/@egreeds","https:\/\/www.tiktok.com\/@egreeds"]}]},"product_price_amount":"182.11","product_price_currency":"EUR","og_availability":"instock","product_availability":"instock","product_retailer_item_id":"ARSC360","product_condition":"new"},"_links":{"self":[{"href":"https:\/\/eg-reeds.com\/fr\/wp-json\/wp\/v2\/product\/55773","targetHints":{"allow":["GET"]}}],"collection":[{"href":"https:\/\/eg-reeds.com\/fr\/wp-json\/wp\/v2\/product"}],"about":[{"href":"https:\/\/eg-reeds.com\/fr\/wp-json\/wp\/v2\/types\/product"}],"replies":[{"embeddable":true,"href":"https:\/\/eg-reeds.com\/fr\/wp-json\/wp\/v2\/comments?post=55773"}],"wp:featuredmedia":[{"embeddable":true,"href":"https:\/\/eg-reeds.com\/fr\/wp-json\/wp\/v2\/media\/55117"}],"wp:attachment":[{"href":"https:\/\/eg-reeds.com\/fr\/wp-json\/wp\/v2\/media?parent=55773"}],"wp:term":[{"taxonomy":"product_brand","embeddable":true,"href":"https:\/\/eg-reeds.com\/fr\/wp-json\/wp\/v2\/product_brand?post=55773"},{"taxonomy":"product_cat","embeddable":true,"href":"https:\/\/eg-reeds.com\/fr\/wp-json\/wp\/v2\/product_cat?post=55773"},{"taxonomy":"product_tag","embeddable":true,"href":"https:\/\/eg-reeds.com\/fr\/wp-json\/wp\/v2\/product_tag?post=55773"},{"taxonomy":"giftcard-category","embeddable":true,"href":"https:\/\/eg-reeds.com\/fr\/wp-json\/wp\/v2\/giftcard-category?post=55773"}],"curies":[{"name":"wp","href":"https:\/\/api.w.org\/{rel}","templated":true}]}}