{"id":58405,"date":"2025-09-02T09:46:45","date_gmt":"2025-09-02T07:46:45","guid":{"rendered":"https:\/\/eg-reeds.com\/?post_type=product&#038;p=58405"},"modified":"2025-09-03T11:45:31","modified_gmt":"2025-09-03T09:45:31","slug":"support-pouce-pour-hautbois","status":"publish","type":"product","link":"https:\/\/eg-reeds.com\/fr\/shop\/accessoires\/accessoires-pour-instruments\/support-pouce-pour-hautbois\/","title":{"rendered":"Support pouce pour hautbois"},"content":{"rendered":"<h1><strong>Support pouce pour hautbois.<\/strong><\/h1>\n<p>Support pouce pour hautbois en caoutchouc. Il s&rsquo;adapte parfaitement \u00e0 l&rsquo;appui du hautbois, offrant un meilleur confort et r\u00e9duisant la pression sur le pouce lors de la pratique et des concerts. Un repose-doigt id\u00e9al pour les hautbo\u00efstes qui recherchent plus d&rsquo;ergonomie et moins de fatigue.<\/p>\n","protected":false},"excerpt":{"rendered":"<p>Support pouce pour hautbois. Support pouce pour hautbois en caoutchouc. Il s&rsquo;adapte parfaitement \u00e0 l&rsquo;appui du hautbois, offrant un meilleur confort et r\u00e9duisant la pression sur le pouce lors de la pratique et des concerts. Un repose-doigt id\u00e9al pour les hautbo\u00efstes qui recherchent plus d&rsquo;ergonomie et moins de fatigue.<\/p>\n","protected":false},"featured_media":58470,"comment_status":"open","ping_status":"closed","template":"","meta":[],"product_brand":[],"product_cat":[3580],"product_tag":[],"giftcard-category":[],"class_list":{"0":"post-58405","1":"product","2":"type-product","3":"status-publish","4":"has-post-thumbnail","6":"product_cat-accessoires-pour-instruments","8":"first","9":"instock","10":"taxable","11":"shipping-taxable","12":"purchasable","13":"product-type-variable"},"yoast_head":"<!-- This site is optimized with the Yoast SEO Premium plugin v27.0 (Yoast SEO v27.3) - https:\/\/yoast.com\/product\/yoast-seo-premium-wordpress\/ -->\n<title>Support pouce pour hautbois - EG-REEDS<\/title>\n<meta name=\"description\" content=\"Support pouce pour hautbois. Il s&#039;adapte parfaitement \u00e0 l&#039;appui du hautbois, offrant un meilleur confort et r\u00e9duisant la pression sur le pouce.\" \/>\n<meta name=\"robots\" content=\"index, follow, max-snippet:-1, max-image-preview:large, max-video-preview:-1\" \/>\n<link rel=\"canonical\" href=\"https:\/\/eg-reeds.com\/fr\/shop\/accessoires\/accessoires-pour-instruments\/support-pouce-pour-hautbois\/\" \/>\n<meta property=\"og:locale\" content=\"fr_FR\" \/>\n<meta property=\"og:type\" content=\"article\" \/>\n<meta property=\"og:title\" content=\"Support pouce pour hautbois\" \/>\n<meta property=\"og:description\" content=\"Support pouce pour hautbois. Il s&#039;adapte parfaitement \u00e0 l&#039;appui du hautbois, offrant un meilleur confort et r\u00e9duisant la pression sur le pouce.\" \/>\n<meta property=\"og:url\" content=\"https:\/\/eg-reeds.com\/fr\/shop\/accessoires\/accessoires-pour-instruments\/support-pouce-pour-hautbois\/\" \/>\n<meta property=\"og:site_name\" content=\"EG-REEDS\" \/>\n<meta property=\"article:publisher\" content=\"https:\/\/www.facebook.com\/EGREEDS\" \/>\n<meta property=\"article:modified_time\" content=\"2025-09-03T09:45:31+00:00\" \/>\n<meta property=\"og:image\" content=\"https:\/\/eg-reeds.com\/wp-content\/uploads\/2025\/09\/Thumb-rest-for-oboe.webp\" \/>\n\t<meta property=\"og:image:width\" content=\"1080\" \/>\n\t<meta property=\"og:image:height\" content=\"1080\" \/>\n\t<meta property=\"og:image:type\" content=\"image\/webp\" \/>\n<meta name=\"twitter:card\" content=\"summary_large_image\" \/>\n<meta name=\"twitter:site\" content=\"@egreeds\" \/>\n<meta name=\"twitter:label1\" content=\"Disponibilit\u00e9\" \/>\n\t<meta name=\"twitter:data1\" content=\"En stock\" \/>\n<script type=\"application\/ld+json\" class=\"yoast-schema-graph\">{\"@context\":\"https:\\\/\\\/schema.org\",\"@graph\":[{\"@type\":[\"WebPage\",\"ItemPage\"],\"@id\":\"https:\\\/\\\/eg-reeds.com\\\/fr\\\/shop\\\/accessoires\\\/accessoires-pour-instruments\\\/support-pouce-pour-hautbois\\\/\",\"url\":\"https:\\\/\\\/eg-reeds.com\\\/fr\\\/shop\\\/accessoires\\\/accessoires-pour-instruments\\\/support-pouce-pour-hautbois\\\/\",\"name\":\"Support pouce pour hautbois - EG-REEDS\",\"isPartOf\":{\"@id\":\"https:\\\/\\\/eg-reeds.com\\\/fr\\\/#website\"},\"primaryImageOfPage\":{\"@id\":\"https:\\\/\\\/eg-reeds.com\\\/fr\\\/shop\\\/accessoires\\\/accessoires-pour-instruments\\\/support-pouce-pour-hautbois\\\/#primaryimage\"},\"image\":{\"@id\":\"https:\\\/\\\/eg-reeds.com\\\/fr\\\/shop\\\/accessoires\\\/accessoires-pour-instruments\\\/support-pouce-pour-hautbois\\\/#primaryimage\"},\"thumbnailUrl\":\"https:\\\/\\\/eg-reeds.com\\\/wp-content\\\/uploads\\\/2025\\\/09\\\/Thumb-rest-for-oboe.webp\",\"datePublished\":\"2025-09-02T07:46:45+00:00\",\"dateModified\":\"2025-09-03T09:45:31+00:00\",\"description\":\"Support pouce pour hautbois. Il s'adapte parfaitement \u00e0 l'appui du hautbois, offrant un meilleur confort et r\u00e9duisant la pression sur le pouce.\",\"breadcrumb\":{\"@id\":\"https:\\\/\\\/eg-reeds.com\\\/fr\\\/shop\\\/accessoires\\\/accessoires-pour-instruments\\\/support-pouce-pour-hautbois\\\/#breadcrumb\"},\"inLanguage\":\"fr-FR\",\"potentialAction\":[{\"@type\":\"ReadAction\",\"target\":[\"https:\\\/\\\/eg-reeds.com\\\/fr\\\/shop\\\/accessoires\\\/accessoires-pour-instruments\\\/support-pouce-pour-hautbois\\\/\"]}]},{\"@type\":\"ImageObject\",\"inLanguage\":\"fr-FR\",\"@id\":\"https:\\\/\\\/eg-reeds.com\\\/fr\\\/shop\\\/accessoires\\\/accessoires-pour-instruments\\\/support-pouce-pour-hautbois\\\/#primaryimage\",\"url\":\"https:\\\/\\\/eg-reeds.com\\\/wp-content\\\/uploads\\\/2025\\\/09\\\/Thumb-rest-for-oboe.webp\",\"contentUrl\":\"https:\\\/\\\/eg-reeds.com\\\/wp-content\\\/uploads\\\/2025\\\/09\\\/Thumb-rest-for-oboe.webp\",\"width\":1080,\"height\":1080,\"caption\":\"Support pouce hautbois\"},{\"@type\":\"BreadcrumbList\",\"@id\":\"https:\\\/\\\/eg-reeds.com\\\/fr\\\/shop\\\/accessoires\\\/accessoires-pour-instruments\\\/support-pouce-pour-hautbois\\\/#breadcrumb\",\"itemListElement\":[{\"@type\":\"ListItem\",\"position\":1,\"name\":\"Accueil\",\"item\":\"https:\\\/\\\/eg-reeds.com\\\/fr\\\/\"},{\"@type\":\"ListItem\",\"position\":2,\"name\":\"Boutique\",\"item\":\"https:\\\/\\\/eg-reeds.com\\\/fr\\\/\"},{\"@type\":\"ListItem\",\"position\":3,\"name\":\"Support pouce pour hautbois\"}]},{\"@type\":\"WebSite\",\"@id\":\"https:\\\/\\\/eg-reeds.com\\\/fr\\\/#website\",\"url\":\"https:\\\/\\\/eg-reeds.com\\\/fr\\\/\",\"name\":\"www.eg-reeds.com\",\"description\":\"Anches hautbois\",\"publisher\":{\"@id\":\"https:\\\/\\\/eg-reeds.com\\\/fr\\\/#organization\"},\"alternateName\":\"eg-reeds.com\",\"potentialAction\":[{\"@type\":\"SearchAction\",\"target\":{\"@type\":\"EntryPoint\",\"urlTemplate\":\"https:\\\/\\\/eg-reeds.com\\\/fr\\\/?s={search_term_string}\"},\"query-input\":{\"@type\":\"PropertyValueSpecification\",\"valueRequired\":true,\"valueName\":\"search_term_string\"}}],\"inLanguage\":\"fr-FR\"},{\"@type\":\"Organization\",\"@id\":\"https:\\\/\\\/eg-reeds.com\\\/fr\\\/#organization\",\"name\":\"www.eg-reeds.com\",\"url\":\"https:\\\/\\\/eg-reeds.com\\\/fr\\\/\",\"logo\":{\"@type\":\"ImageObject\",\"inLanguage\":\"fr-FR\",\"@id\":\"https:\\\/\\\/eg-reeds.com\\\/fr\\\/#\\\/schema\\\/logo\\\/image\\\/\",\"url\":\"https:\\\/\\\/eg-reeds.com\\\/wp-content\\\/uploads\\\/2024\\\/06\\\/Logo-scaled-e1718793906611.jpg\",\"contentUrl\":\"https:\\\/\\\/eg-reeds.com\\\/wp-content\\\/uploads\\\/2024\\\/06\\\/Logo-scaled-e1718793906611.jpg\",\"width\":1200,\"height\":493,\"caption\":\"www.eg-reeds.com\"},\"image\":{\"@id\":\"https:\\\/\\\/eg-reeds.com\\\/fr\\\/#\\\/schema\\\/logo\\\/image\\\/\"},\"sameAs\":[\"https:\\\/\\\/www.facebook.com\\\/EGREEDS\",\"https:\\\/\\\/x.com\\\/egreeds\",\"https:\\\/\\\/www.instagram.com\\\/egreeds\\\/\",\"https:\\\/\\\/www.youtube.com\\\/c\\\/EGREEDS\",\"https:\\\/\\\/www.threads.net\\\/@egreeds\",\"https:\\\/\\\/www.tiktok.com\\\/@egreeds\"]}]}<\/script>\n<meta property=\"og:availability\" content=\"instock\" \/>\n<meta property=\"product:availability\" content=\"instock\" \/>\n<meta property=\"product:retailer_item_id\" content=\"AOAP\" \/>\n<meta property=\"product:condition\" content=\"new\" \/>\n<!-- \/ Yoast SEO Premium plugin. -->","yoast_head_json":{"title":"Support pouce pour hautbois - EG-REEDS","description":"Support pouce pour hautbois. Il s'adapte parfaitement \u00e0 l'appui du hautbois, offrant un meilleur confort et r\u00e9duisant la pression sur le pouce.","robots":{"index":"index","follow":"follow","max-snippet":"max-snippet:-1","max-image-preview":"max-image-preview:large","max-video-preview":"max-video-preview:-1"},"canonical":"https:\/\/eg-reeds.com\/fr\/shop\/accessoires\/accessoires-pour-instruments\/support-pouce-pour-hautbois\/","og_locale":"fr_FR","og_type":"article","og_title":"Support pouce pour hautbois","og_description":"Support pouce pour hautbois. Il s'adapte parfaitement \u00e0 l'appui du hautbois, offrant un meilleur confort et r\u00e9duisant la pression sur le pouce.","og_url":"https:\/\/eg-reeds.com\/fr\/shop\/accessoires\/accessoires-pour-instruments\/support-pouce-pour-hautbois\/","og_site_name":"EG-REEDS","article_publisher":"https:\/\/www.facebook.com\/EGREEDS","article_modified_time":"2025-09-03T09:45:31+00:00","og_image":[{"width":1080,"height":1080,"url":"https:\/\/eg-reeds.com\/wp-content\/uploads\/2025\/09\/Thumb-rest-for-oboe.webp","type":"image\/webp"}],"twitter_card":"summary_large_image","twitter_site":"@egreeds","twitter_misc":{"Disponibilit\u00e9":"En stock"},"schema":{"@context":"https:\/\/schema.org","@graph":[{"@type":["WebPage","ItemPage"],"@id":"https:\/\/eg-reeds.com\/fr\/shop\/accessoires\/accessoires-pour-instruments\/support-pouce-pour-hautbois\/","url":"https:\/\/eg-reeds.com\/fr\/shop\/accessoires\/accessoires-pour-instruments\/support-pouce-pour-hautbois\/","name":"Support pouce pour hautbois - EG-REEDS","isPartOf":{"@id":"https:\/\/eg-reeds.com\/fr\/#website"},"primaryImageOfPage":{"@id":"https:\/\/eg-reeds.com\/fr\/shop\/accessoires\/accessoires-pour-instruments\/support-pouce-pour-hautbois\/#primaryimage"},"image":{"@id":"https:\/\/eg-reeds.com\/fr\/shop\/accessoires\/accessoires-pour-instruments\/support-pouce-pour-hautbois\/#primaryimage"},"thumbnailUrl":"https:\/\/eg-reeds.com\/wp-content\/uploads\/2025\/09\/Thumb-rest-for-oboe.webp","datePublished":"2025-09-02T07:46:45+00:00","dateModified":"2025-09-03T09:45:31+00:00","description":"Support pouce pour hautbois. Il s'adapte parfaitement \u00e0 l'appui du hautbois, offrant un meilleur confort et r\u00e9duisant la pression sur le pouce.","breadcrumb":{"@id":"https:\/\/eg-reeds.com\/fr\/shop\/accessoires\/accessoires-pour-instruments\/support-pouce-pour-hautbois\/#breadcrumb"},"inLanguage":"fr-FR","potentialAction":[{"@type":"ReadAction","target":["https:\/\/eg-reeds.com\/fr\/shop\/accessoires\/accessoires-pour-instruments\/support-pouce-pour-hautbois\/"]}]},{"@type":"ImageObject","inLanguage":"fr-FR","@id":"https:\/\/eg-reeds.com\/fr\/shop\/accessoires\/accessoires-pour-instruments\/support-pouce-pour-hautbois\/#primaryimage","url":"https:\/\/eg-reeds.com\/wp-content\/uploads\/2025\/09\/Thumb-rest-for-oboe.webp","contentUrl":"https:\/\/eg-reeds.com\/wp-content\/uploads\/2025\/09\/Thumb-rest-for-oboe.webp","width":1080,"height":1080,"caption":"Support pouce hautbois"},{"@type":"BreadcrumbList","@id":"https:\/\/eg-reeds.com\/fr\/shop\/accessoires\/accessoires-pour-instruments\/support-pouce-pour-hautbois\/#breadcrumb","itemListElement":[{"@type":"ListItem","position":1,"name":"Accueil","item":"https:\/\/eg-reeds.com\/fr\/"},{"@type":"ListItem","position":2,"name":"Boutique","item":"https:\/\/eg-reeds.com\/fr\/"},{"@type":"ListItem","position":3,"name":"Support pouce pour hautbois"}]},{"@type":"WebSite","@id":"https:\/\/eg-reeds.com\/fr\/#website","url":"https:\/\/eg-reeds.com\/fr\/","name":"www.eg-reeds.com","description":"Anches hautbois","publisher":{"@id":"https:\/\/eg-reeds.com\/fr\/#organization"},"alternateName":"eg-reeds.com","potentialAction":[{"@type":"SearchAction","target":{"@type":"EntryPoint","urlTemplate":"https:\/\/eg-reeds.com\/fr\/?s={search_term_string}"},"query-input":{"@type":"PropertyValueSpecification","valueRequired":true,"valueName":"search_term_string"}}],"inLanguage":"fr-FR"},{"@type":"Organization","@id":"https:\/\/eg-reeds.com\/fr\/#organization","name":"www.eg-reeds.com","url":"https:\/\/eg-reeds.com\/fr\/","logo":{"@type":"ImageObject","inLanguage":"fr-FR","@id":"https:\/\/eg-reeds.com\/fr\/#\/schema\/logo\/image\/","url":"https:\/\/eg-reeds.com\/wp-content\/uploads\/2024\/06\/Logo-scaled-e1718793906611.jpg","contentUrl":"https:\/\/eg-reeds.com\/wp-content\/uploads\/2024\/06\/Logo-scaled-e1718793906611.jpg","width":1200,"height":493,"caption":"www.eg-reeds.com"},"image":{"@id":"https:\/\/eg-reeds.com\/fr\/#\/schema\/logo\/image\/"},"sameAs":["https:\/\/www.facebook.com\/EGREEDS","https:\/\/x.com\/egreeds","https:\/\/www.instagram.com\/egreeds\/","https:\/\/www.youtube.com\/c\/EGREEDS","https:\/\/www.threads.net\/@egreeds","https:\/\/www.tiktok.com\/@egreeds"]}]},"og_availability":"instock","product_availability":"instock","product_retailer_item_id":"AOAP","product_condition":"new"},"_links":{"self":[{"href":"https:\/\/eg-reeds.com\/fr\/wp-json\/wp\/v2\/product\/58405","targetHints":{"allow":["GET"]}}],"collection":[{"href":"https:\/\/eg-reeds.com\/fr\/wp-json\/wp\/v2\/product"}],"about":[{"href":"https:\/\/eg-reeds.com\/fr\/wp-json\/wp\/v2\/types\/product"}],"replies":[{"embeddable":true,"href":"https:\/\/eg-reeds.com\/fr\/wp-json\/wp\/v2\/comments?post=58405"}],"wp:featuredmedia":[{"embeddable":true,"href":"https:\/\/eg-reeds.com\/fr\/wp-json\/wp\/v2\/media\/58470"}],"wp:attachment":[{"href":"https:\/\/eg-reeds.com\/fr\/wp-json\/wp\/v2\/media?parent=58405"}],"wp:term":[{"taxonomy":"product_brand","embeddable":true,"href":"https:\/\/eg-reeds.com\/fr\/wp-json\/wp\/v2\/product_brand?post=58405"},{"taxonomy":"product_cat","embeddable":true,"href":"https:\/\/eg-reeds.com\/fr\/wp-json\/wp\/v2\/product_cat?post=58405"},{"taxonomy":"product_tag","embeddable":true,"href":"https:\/\/eg-reeds.com\/fr\/wp-json\/wp\/v2\/product_tag?post=58405"},{"taxonomy":"giftcard-category","embeddable":true,"href":"https:\/\/eg-reeds.com\/fr\/wp-json\/wp\/v2\/giftcard-category?post=58405"}],"curies":[{"name":"wp","href":"https:\/\/api.w.org\/{rel}","templated":true}]}}