{"id":58453,"date":"2025-09-02T10:36:53","date_gmt":"2025-09-02T08:36:53","guid":{"rendered":"https:\/\/eg-reeds.com\/?post_type=product&#038;p=58453"},"modified":"2025-09-02T10:37:30","modified_gmt":"2025-09-02T08:37:30","slug":"cahier-de-musique","status":"publish","type":"product","link":"https:\/\/eg-reeds.com\/fr\/shop\/accessoires\/accessoires-pour-instruments\/cahier-de-musique\/","title":{"rendered":"Cahier de musique"},"content":{"rendered":"<h1 data-start=\"449\" data-end=\"595\"><strong>Cahier de musique.<\/strong><\/h1>\n<p data-start=\"449\" data-end=\"595\">Ce <strong data-start=\"454\" data-end=\"483\">cahier de musique<\/strong> est l\u2019outil parfait pour les \u00e9tudiants, professeurs et compositeurs qui souhaitent noter leurs id\u00e9es de mani\u00e8re claire et ordonn\u00e9e.<\/p>\n<p data-start=\"597\" data-end=\"1008\">\u2714\ufe0f <strong data-start=\"600\" data-end=\"618\">Format pratique<\/strong> : 24&#215;17 cm, facile \u00e0 transporter dans les sacs \u00e0 dos et les \u00e9tuis d\u2019instruments.<br data-start=\"678\" data-end=\"681\" \/>\u2714\ufe0f <strong data-start=\"684\" data-end=\"700\">Mise en page claire<\/strong> : 5 port\u00e9es bien espac\u00e9es par page pour \u00e9crire les notes facilement.<br data-start=\"754\" data-end=\"757\" \/>\u2714\ufe0f <strong data-start=\"760\" data-end=\"772\">20 pages<\/strong> : espace suffisant pour exercices, compositions et prises de notes rapides.<br data-start=\"832\" data-end=\"835\" \/>\u2714\ufe0f <strong data-start=\"838\" data-end=\"858\">Couverture souple<\/strong> : l\u00e9g\u00e8re et r\u00e9sistante, id\u00e9ale pour une utilisation quotidienne.<br data-start=\"905\" data-end=\"908\" \/>\u2714\ufe0f <strong data-start=\"911\" data-end=\"928\">Utilisation polyvalente<\/strong> : parfait pour la th\u00e9orie musicale, la composition, l\u2019harmonie, les dict\u00e9es musicales et les notes de cours.<\/p>\n<p data-start=\"1010\" data-end=\"1093\">Un accessoire indispensable pour apprendre, pratiquer et cr\u00e9er de la musique \u00e0 tous les niveaux.<\/p>\n","protected":false},"excerpt":{"rendered":"<p>Cahier de musique. Ce cahier de musique est l\u2019outil parfait pour les \u00e9tudiants, professeurs et compositeurs qui souhaitent noter leurs id\u00e9es de mani\u00e8re claire et ordonn\u00e9e. \u2714\ufe0f Format pratique : 24&#215;17 cm, facile \u00e0 transporter dans les sacs \u00e0 dos et les \u00e9tuis d\u2019instruments.\u2714\ufe0f Mise en page claire : 5 port\u00e9es bien espac\u00e9es par page [&#8230;]\n","protected":false},"featured_media":58429,"comment_status":"open","ping_status":"closed","template":"","meta":[],"product_brand":[],"product_cat":[3580,1992],"product_tag":[],"giftcard-category":[],"class_list":{"0":"post-58453","1":"product","2":"type-product","3":"status-publish","4":"has-post-thumbnail","6":"product_cat-accessoires-pour-instruments","7":"product_cat-autres-accessoires","9":"first","10":"instock","11":"taxable","12":"shipping-taxable","13":"purchasable","14":"product-type-simple"},"yoast_head":"<!-- This site is optimized with the Yoast SEO Premium plugin v27.0 (Yoast SEO v27.4) - https:\/\/yoast.com\/product\/yoast-seo-premium-wordpress\/ -->\n<title>Cahier de musique - EG-REEDS<\/title>\n<meta name=\"description\" content=\"Ce cahier de musique est l\u2019outil parfait pour les \u00e9tudiants, professeurs et compositeurs. 5 port\u00e9es bien espac\u00e9es par page pour \u00e9crire les notes facilement.\" \/>\n<meta name=\"robots\" content=\"index, follow, max-snippet:-1, max-image-preview:large, max-video-preview:-1\" \/>\n<link rel=\"canonical\" href=\"https:\/\/eg-reeds.com\/fr\/shop\/accessoires\/accessoires-pour-instruments\/cahier-de-musique\/\" \/>\n<meta property=\"og:locale\" content=\"fr_FR\" \/>\n<meta property=\"og:type\" content=\"article\" \/>\n<meta property=\"og:title\" content=\"Cahier de musique\" \/>\n<meta property=\"og:description\" content=\"Ce cahier de musique est l\u2019outil parfait pour les \u00e9tudiants, professeurs et compositeurs. 5 port\u00e9es bien espac\u00e9es par page pour \u00e9crire les notes facilement.\" \/>\n<meta property=\"og:url\" content=\"https:\/\/eg-reeds.com\/fr\/shop\/accessoires\/accessoires-pour-instruments\/cahier-de-musique\/\" \/>\n<meta property=\"og:site_name\" content=\"EG-REEDS\" \/>\n<meta property=\"article:publisher\" content=\"https:\/\/www.facebook.com\/EGREEDS\" \/>\n<meta property=\"article:modified_time\" content=\"2025-09-02T08:37:30+00:00\" \/>\n<meta property=\"og:image\" content=\"https:\/\/eg-reeds.com\/wp-content\/uploads\/2025\/09\/Music-notebook.jpg\" \/>\n\t<meta property=\"og:image:width\" content=\"1408\" \/>\n\t<meta property=\"og:image:height\" content=\"1007\" \/>\n\t<meta property=\"og:image:type\" content=\"image\/jpeg\" \/>\n<meta name=\"twitter:card\" content=\"summary_large_image\" \/>\n<meta name=\"twitter:site\" content=\"@egreeds\" \/>\n<meta name=\"twitter:label1\" content=\"Prix\" \/>\n\t<meta name=\"twitter:data1\" content=\"5,00&euro;\" \/>\n\t<meta name=\"twitter:label2\" content=\"Disponibilit\u00e9\" \/>\n\t<meta name=\"twitter:data2\" content=\"En stock\" \/>\n<script type=\"application\/ld+json\" class=\"yoast-schema-graph\">{\"@context\":\"https:\\\/\\\/schema.org\",\"@graph\":[{\"@type\":[\"WebPage\",\"ItemPage\"],\"@id\":\"https:\\\/\\\/eg-reeds.com\\\/fr\\\/shop\\\/accessoires\\\/accessoires-pour-instruments\\\/cahier-de-musique\\\/\",\"url\":\"https:\\\/\\\/eg-reeds.com\\\/fr\\\/shop\\\/accessoires\\\/accessoires-pour-instruments\\\/cahier-de-musique\\\/\",\"name\":\"Cahier de musique - EG-REEDS\",\"isPartOf\":{\"@id\":\"https:\\\/\\\/eg-reeds.com\\\/fr\\\/#website\"},\"primaryImageOfPage\":{\"@id\":\"https:\\\/\\\/eg-reeds.com\\\/fr\\\/shop\\\/accessoires\\\/accessoires-pour-instruments\\\/cahier-de-musique\\\/#primaryimage\"},\"image\":{\"@id\":\"https:\\\/\\\/eg-reeds.com\\\/fr\\\/shop\\\/accessoires\\\/accessoires-pour-instruments\\\/cahier-de-musique\\\/#primaryimage\"},\"thumbnailUrl\":\"https:\\\/\\\/eg-reeds.com\\\/wp-content\\\/uploads\\\/2025\\\/09\\\/Music-notebook.jpg\",\"datePublished\":\"2025-09-02T08:36:53+00:00\",\"dateModified\":\"2025-09-02T08:37:30+00:00\",\"description\":\"Ce cahier de musique est l\u2019outil parfait pour les \u00e9tudiants, professeurs et compositeurs. 5 port\u00e9es bien espac\u00e9es par page pour \u00e9crire les notes facilement.\",\"breadcrumb\":{\"@id\":\"https:\\\/\\\/eg-reeds.com\\\/fr\\\/shop\\\/accessoires\\\/accessoires-pour-instruments\\\/cahier-de-musique\\\/#breadcrumb\"},\"inLanguage\":\"fr-FR\",\"potentialAction\":[{\"@type\":\"ReadAction\",\"target\":[\"https:\\\/\\\/eg-reeds.com\\\/fr\\\/shop\\\/accessoires\\\/accessoires-pour-instruments\\\/cahier-de-musique\\\/\"]}]},{\"@type\":\"ImageObject\",\"inLanguage\":\"fr-FR\",\"@id\":\"https:\\\/\\\/eg-reeds.com\\\/fr\\\/shop\\\/accessoires\\\/accessoires-pour-instruments\\\/cahier-de-musique\\\/#primaryimage\",\"url\":\"https:\\\/\\\/eg-reeds.com\\\/wp-content\\\/uploads\\\/2025\\\/09\\\/Music-notebook.jpg\",\"contentUrl\":\"https:\\\/\\\/eg-reeds.com\\\/wp-content\\\/uploads\\\/2025\\\/09\\\/Music-notebook.jpg\",\"width\":1408,\"height\":1007,\"caption\":\"cahier de musique\"},{\"@type\":\"BreadcrumbList\",\"@id\":\"https:\\\/\\\/eg-reeds.com\\\/fr\\\/shop\\\/accessoires\\\/accessoires-pour-instruments\\\/cahier-de-musique\\\/#breadcrumb\",\"itemListElement\":[{\"@type\":\"ListItem\",\"position\":1,\"name\":\"Accueil\",\"item\":\"https:\\\/\\\/eg-reeds.com\\\/fr\\\/\"},{\"@type\":\"ListItem\",\"position\":2,\"name\":\"Boutique\",\"item\":\"https:\\\/\\\/eg-reeds.com\\\/fr\\\/\"},{\"@type\":\"ListItem\",\"position\":3,\"name\":\"Cahier de musique\"}]},{\"@type\":\"WebSite\",\"@id\":\"https:\\\/\\\/eg-reeds.com\\\/fr\\\/#website\",\"url\":\"https:\\\/\\\/eg-reeds.com\\\/fr\\\/\",\"name\":\"www.eg-reeds.com\",\"description\":\"Anches hautbois\",\"publisher\":{\"@id\":\"https:\\\/\\\/eg-reeds.com\\\/fr\\\/#organization\"},\"alternateName\":\"eg-reeds.com\",\"potentialAction\":[{\"@type\":\"SearchAction\",\"target\":{\"@type\":\"EntryPoint\",\"urlTemplate\":\"https:\\\/\\\/eg-reeds.com\\\/fr\\\/?s={search_term_string}\"},\"query-input\":{\"@type\":\"PropertyValueSpecification\",\"valueRequired\":true,\"valueName\":\"search_term_string\"}}],\"inLanguage\":\"fr-FR\"},{\"@type\":\"Organization\",\"@id\":\"https:\\\/\\\/eg-reeds.com\\\/fr\\\/#organization\",\"name\":\"www.eg-reeds.com\",\"url\":\"https:\\\/\\\/eg-reeds.com\\\/fr\\\/\",\"logo\":{\"@type\":\"ImageObject\",\"inLanguage\":\"fr-FR\",\"@id\":\"https:\\\/\\\/eg-reeds.com\\\/fr\\\/#\\\/schema\\\/logo\\\/image\\\/\",\"url\":\"https:\\\/\\\/eg-reeds.com\\\/wp-content\\\/uploads\\\/2024\\\/06\\\/Logo-scaled-e1718793906611.jpg\",\"contentUrl\":\"https:\\\/\\\/eg-reeds.com\\\/wp-content\\\/uploads\\\/2024\\\/06\\\/Logo-scaled-e1718793906611.jpg\",\"width\":1200,\"height\":493,\"caption\":\"www.eg-reeds.com\"},\"image\":{\"@id\":\"https:\\\/\\\/eg-reeds.com\\\/fr\\\/#\\\/schema\\\/logo\\\/image\\\/\"},\"sameAs\":[\"https:\\\/\\\/www.facebook.com\\\/EGREEDS\",\"https:\\\/\\\/x.com\\\/egreeds\",\"https:\\\/\\\/www.instagram.com\\\/egreeds\\\/\",\"https:\\\/\\\/www.youtube.com\\\/c\\\/EGREEDS\",\"https:\\\/\\\/www.threads.net\\\/@egreeds\",\"https:\\\/\\\/www.tiktok.com\\\/@egreeds\"]}]}<\/script>\n<meta property=\"product:price:amount\" content=\"5.00\" \/>\n<meta property=\"product:price:currency\" content=\"EUR\" \/>\n<meta property=\"og:availability\" content=\"instock\" \/>\n<meta property=\"product:availability\" content=\"instock\" \/>\n<meta property=\"product:retailer_item_id\" content=\"AOCP\" \/>\n<meta property=\"product:condition\" content=\"new\" \/>\n<!-- \/ Yoast SEO Premium plugin. -->","yoast_head_json":{"title":"Cahier de musique - EG-REEDS","description":"Ce cahier de musique est l\u2019outil parfait pour les \u00e9tudiants, professeurs et compositeurs. 5 port\u00e9es bien espac\u00e9es par page pour \u00e9crire les notes facilement.","robots":{"index":"index","follow":"follow","max-snippet":"max-snippet:-1","max-image-preview":"max-image-preview:large","max-video-preview":"max-video-preview:-1"},"canonical":"https:\/\/eg-reeds.com\/fr\/shop\/accessoires\/accessoires-pour-instruments\/cahier-de-musique\/","og_locale":"fr_FR","og_type":"article","og_title":"Cahier de musique","og_description":"Ce cahier de musique est l\u2019outil parfait pour les \u00e9tudiants, professeurs et compositeurs. 5 port\u00e9es bien espac\u00e9es par page pour \u00e9crire les notes facilement.","og_url":"https:\/\/eg-reeds.com\/fr\/shop\/accessoires\/accessoires-pour-instruments\/cahier-de-musique\/","og_site_name":"EG-REEDS","article_publisher":"https:\/\/www.facebook.com\/EGREEDS","article_modified_time":"2025-09-02T08:37:30+00:00","og_image":[{"width":1408,"height":1007,"url":"https:\/\/eg-reeds.com\/wp-content\/uploads\/2025\/09\/Music-notebook.jpg","type":"image\/jpeg"}],"twitter_card":"summary_large_image","twitter_site":"@egreeds","twitter_misc":{"Prix":"5,00&euro;","Disponibilit\u00e9":"En stock"},"schema":{"@context":"https:\/\/schema.org","@graph":[{"@type":["WebPage","ItemPage"],"@id":"https:\/\/eg-reeds.com\/fr\/shop\/accessoires\/accessoires-pour-instruments\/cahier-de-musique\/","url":"https:\/\/eg-reeds.com\/fr\/shop\/accessoires\/accessoires-pour-instruments\/cahier-de-musique\/","name":"Cahier de musique - EG-REEDS","isPartOf":{"@id":"https:\/\/eg-reeds.com\/fr\/#website"},"primaryImageOfPage":{"@id":"https:\/\/eg-reeds.com\/fr\/shop\/accessoires\/accessoires-pour-instruments\/cahier-de-musique\/#primaryimage"},"image":{"@id":"https:\/\/eg-reeds.com\/fr\/shop\/accessoires\/accessoires-pour-instruments\/cahier-de-musique\/#primaryimage"},"thumbnailUrl":"https:\/\/eg-reeds.com\/wp-content\/uploads\/2025\/09\/Music-notebook.jpg","datePublished":"2025-09-02T08:36:53+00:00","dateModified":"2025-09-02T08:37:30+00:00","description":"Ce cahier de musique est l\u2019outil parfait pour les \u00e9tudiants, professeurs et compositeurs. 5 port\u00e9es bien espac\u00e9es par page pour \u00e9crire les notes facilement.","breadcrumb":{"@id":"https:\/\/eg-reeds.com\/fr\/shop\/accessoires\/accessoires-pour-instruments\/cahier-de-musique\/#breadcrumb"},"inLanguage":"fr-FR","potentialAction":[{"@type":"ReadAction","target":["https:\/\/eg-reeds.com\/fr\/shop\/accessoires\/accessoires-pour-instruments\/cahier-de-musique\/"]}]},{"@type":"ImageObject","inLanguage":"fr-FR","@id":"https:\/\/eg-reeds.com\/fr\/shop\/accessoires\/accessoires-pour-instruments\/cahier-de-musique\/#primaryimage","url":"https:\/\/eg-reeds.com\/wp-content\/uploads\/2025\/09\/Music-notebook.jpg","contentUrl":"https:\/\/eg-reeds.com\/wp-content\/uploads\/2025\/09\/Music-notebook.jpg","width":1408,"height":1007,"caption":"cahier de musique"},{"@type":"BreadcrumbList","@id":"https:\/\/eg-reeds.com\/fr\/shop\/accessoires\/accessoires-pour-instruments\/cahier-de-musique\/#breadcrumb","itemListElement":[{"@type":"ListItem","position":1,"name":"Accueil","item":"https:\/\/eg-reeds.com\/fr\/"},{"@type":"ListItem","position":2,"name":"Boutique","item":"https:\/\/eg-reeds.com\/fr\/"},{"@type":"ListItem","position":3,"name":"Cahier de musique"}]},{"@type":"WebSite","@id":"https:\/\/eg-reeds.com\/fr\/#website","url":"https:\/\/eg-reeds.com\/fr\/","name":"www.eg-reeds.com","description":"Anches hautbois","publisher":{"@id":"https:\/\/eg-reeds.com\/fr\/#organization"},"alternateName":"eg-reeds.com","potentialAction":[{"@type":"SearchAction","target":{"@type":"EntryPoint","urlTemplate":"https:\/\/eg-reeds.com\/fr\/?s={search_term_string}"},"query-input":{"@type":"PropertyValueSpecification","valueRequired":true,"valueName":"search_term_string"}}],"inLanguage":"fr-FR"},{"@type":"Organization","@id":"https:\/\/eg-reeds.com\/fr\/#organization","name":"www.eg-reeds.com","url":"https:\/\/eg-reeds.com\/fr\/","logo":{"@type":"ImageObject","inLanguage":"fr-FR","@id":"https:\/\/eg-reeds.com\/fr\/#\/schema\/logo\/image\/","url":"https:\/\/eg-reeds.com\/wp-content\/uploads\/2024\/06\/Logo-scaled-e1718793906611.jpg","contentUrl":"https:\/\/eg-reeds.com\/wp-content\/uploads\/2024\/06\/Logo-scaled-e1718793906611.jpg","width":1200,"height":493,"caption":"www.eg-reeds.com"},"image":{"@id":"https:\/\/eg-reeds.com\/fr\/#\/schema\/logo\/image\/"},"sameAs":["https:\/\/www.facebook.com\/EGREEDS","https:\/\/x.com\/egreeds","https:\/\/www.instagram.com\/egreeds\/","https:\/\/www.youtube.com\/c\/EGREEDS","https:\/\/www.threads.net\/@egreeds","https:\/\/www.tiktok.com\/@egreeds"]}]},"product_price_amount":"5.00","product_price_currency":"EUR","og_availability":"instock","product_availability":"instock","product_retailer_item_id":"AOCP","product_condition":"new"},"_links":{"self":[{"href":"https:\/\/eg-reeds.com\/fr\/wp-json\/wp\/v2\/product\/58453","targetHints":{"allow":["GET"]}}],"collection":[{"href":"https:\/\/eg-reeds.com\/fr\/wp-json\/wp\/v2\/product"}],"about":[{"href":"https:\/\/eg-reeds.com\/fr\/wp-json\/wp\/v2\/types\/product"}],"replies":[{"embeddable":true,"href":"https:\/\/eg-reeds.com\/fr\/wp-json\/wp\/v2\/comments?post=58453"}],"wp:featuredmedia":[{"embeddable":true,"href":"https:\/\/eg-reeds.com\/fr\/wp-json\/wp\/v2\/media\/58429"}],"wp:attachment":[{"href":"https:\/\/eg-reeds.com\/fr\/wp-json\/wp\/v2\/media?parent=58453"}],"wp:term":[{"taxonomy":"product_brand","embeddable":true,"href":"https:\/\/eg-reeds.com\/fr\/wp-json\/wp\/v2\/product_brand?post=58453"},{"taxonomy":"product_cat","embeddable":true,"href":"https:\/\/eg-reeds.com\/fr\/wp-json\/wp\/v2\/product_cat?post=58453"},{"taxonomy":"product_tag","embeddable":true,"href":"https:\/\/eg-reeds.com\/fr\/wp-json\/wp\/v2\/product_tag?post=58453"},{"taxonomy":"giftcard-category","embeddable":true,"href":"https:\/\/eg-reeds.com\/fr\/wp-json\/wp\/v2\/giftcard-category?post=58453"}],"curies":[{"name":"wp","href":"https:\/\/api.w.org\/{rel}","templated":true}]}}