{"id":6610,"date":"2015-09-15T19:38:20","date_gmt":"2015-09-15T19:38:20","guid":{"rendered":""},"modified":"2018-04-05T11:44:45","modified_gmt":"2018-04-05T10:44:45","slug":"anche-hautbois-non-grattee-eg-reeds-custom","status":"publish","type":"product","link":"https:\/\/eg-reeds.com\/fr\/shop\/anches-pro\/anches-hautbois\/anche-hautbois-non-grattee-eg-reeds-custom\/","title":{"rendered":"Anche hautbois non gratt\u00e9e EG-REEDS &#8211; custom"},"content":{"rendered":"<p><strong>Anche hautbois non gratt\u00e9e EG-REEDS &#8211; custom.<\/strong><\/p>\n<p>Anche hautbois non gratt\u00e9e EG-REEDS &#8211; custom.<\/p>\n<p>Manque de temps? Avec nos anches personnalis\u00e9es professionnelles, vous obtiendrez les anches que vous voulez \u00e0 votre porte en quelques clics. Vous pouvez concevoir votre anche parfait en choisissant parmi toutes nos options. Nos anches sont des anches de qualit\u00e9, fabriqu\u00e9s \u00e0 la main par des professionnels de EG-REEDS. Elles sont compl\u00e8tement \u00e0 votre go\u00fbt.<\/p>\n<p>Ordre minimum 3 anches \u00e9gales.<\/p>\n<p>S&rsquo;il vous pla\u00eet consid\u00e9rer que, pour certains produits ont besoin de quelques jours de fabrication. Produits personnalis\u00e9s, minimum 2 semaines.<\/p>\n","protected":false},"excerpt":{"rendered":"<p>Anche hautbois non gratt\u00e9e EG-REEDS &#8211; custom. Anche hautbois non gratt\u00e9e EG-REEDS &#8211; custom. Manque de temps? Avec nos anches personnalis\u00e9es professionnelles, vous obtiendrez les anches que vous voulez \u00e0 votre porte en quelques clics. Vous pouvez concevoir votre anche parfait en choisissant parmi toutes nos options. Nos anches sont des anches de qualit\u00e9, fabriqu\u00e9s [&#8230;]\n","protected":false},"featured_media":24663,"comment_status":"open","ping_status":"closed","template":"","meta":[],"product_brand":[],"product_cat":[417,410],"product_tag":[],"giftcard-category":[],"class_list":{"0":"post-6610","1":"product","2":"type-product","3":"status-publish","4":"has-post-thumbnail","6":"product_cat-anches-hautbois","7":"product_cat-anches-pro","8":"pa_cane-diameter-10-mm-105-mm-fr","9":"pa_cane-diameter-105-mm-11-mm-fr","10":"pa_cane-diameter-95-mm-10-mm-fr","11":"pa_shaper-901-fr","12":"pa_shaper-albrecht-mayer-fr-2","13":"pa_shaper-glotin-fr","14":"pa_shaper-h49-fr","15":"pa_shaper-lory-fr","16":"pa_shaper-m2-fr-2","17":"pa_shaper-maurice-bourgue-fr-3","18":"pa_shaper-ramon-ortega-fr-2","19":"pa_shaper-rc11-fr","20":"pa_shaper-rc12-fr-2","21":"pa_shaper-rc13-fr-2","22":"pa_shaper-rc15-fr","23":"pa_shaper-rigoutat-2-fr","24":"pa_shaper-thomas-indermuehle-fr","25":"pa_shaper-usa-fr","26":"pa_shaper-willy-12-fr","27":"pa_staple-chiarugi-45-2-fr","28":"pa_staple-chiarugi-45-2-2-fr","29":"pa_staple-chiarugi-45-5-fr","30":"pa_staple-chiarugi-46-2-fr-2","31":"pa_staple-chiarugi-46-2-2-fr","32":"pa_staple-chiarugi-46-5-fr-2","33":"pa_staple-chiarugi-47-2-fr-2","34":"pa_staple-chiarugi-47-2-2-fr","35":"pa_staple-chiarugi-47-5-fr-2","36":"pa_staple-guercio-d1146-fr-2","37":"pa_staple-guercio-d1147-fr-2","38":"pa_staple-guercio-d1246-fr-2","39":"pa_staple-guercio-d1247-fr-2","40":"pa_staple-mayer-46-fr","41":"pa_staple-mayer-47-fr","42":"pa_staple-uwe-henze-e6-46-fr","43":"pa_staple-uwe-henze-e6-47-fr","44":"pa_staple-uwe-henze-e8-46-fr","45":"pa_staple-uwe-henze-e8-47-fr","46":"pa_thickness-055-mm-056-mm-fr-2","47":"pa_thickness-056-mm-057-mm-fr-2","48":"pa_thickness-057-mm-058-mm-fr","49":"pa_thickness-058-mm-059-mm-fr-2","50":"pa_thickness-059-mm-060-mm-fr","51":"pa_thickness-060-mm-061-mm-fr-2","53":"first","54":"instock","55":"taxable","56":"shipping-taxable","57":"purchasable","58":"product-type-variable"},"yoast_head":"<!-- This site is optimized with the Yoast SEO Premium plugin v27.0 (Yoast SEO v27.4) - https:\/\/yoast.com\/product\/yoast-seo-premium-wordpress\/ -->\n<title>Anche hautbois non gratt\u00e9e EG-REEDS - custom - EG-REEDS<\/title>\n<meta name=\"description\" content=\"anches hautbois, anches non grat\u00e9es, anches custom, Anche hautbois non gratt\u00e9e EG-REEDS - custom, anche hautbois, anches, hautbois, EG, acheter anches hautbois\" \/>\n<meta name=\"robots\" content=\"index, follow, max-snippet:-1, max-image-preview:large, max-video-preview:-1\" \/>\n<link rel=\"canonical\" href=\"https:\/\/eg-reeds.com\/fr\/shop\/anches-pro\/anches-hautbois\/anche-hautbois-non-grattee-eg-reeds-custom\/\" \/>\n<meta property=\"og:locale\" content=\"fr_FR\" \/>\n<meta property=\"og:type\" content=\"article\" \/>\n<meta property=\"og:title\" content=\"Anche hautbois non gratt\u00e9e EG-REEDS - custom\" \/>\n<meta property=\"og:description\" content=\"anches hautbois, anches non grat\u00e9es, anches custom, Anche hautbois non gratt\u00e9e EG-REEDS - custom, anche hautbois, anches, hautbois, EG, acheter anches hautbois\" \/>\n<meta property=\"og:url\" content=\"https:\/\/eg-reeds.com\/fr\/shop\/anches-pro\/anches-hautbois\/anche-hautbois-non-grattee-eg-reeds-custom\/\" \/>\n<meta property=\"og:site_name\" content=\"EG-REEDS\" \/>\n<meta property=\"article:publisher\" content=\"https:\/\/www.facebook.com\/EGREEDS\" \/>\n<meta property=\"article:modified_time\" content=\"2018-04-05T10:44:45+00:00\" \/>\n<meta property=\"og:image\" content=\"https:\/\/eg-reeds.com\/wp-content\/uploads\/2015\/09\/Professional-custome-blank-oboe-reed-EG-REEDS.jpg\" \/>\n\t<meta property=\"og:image:width\" content=\"640\" \/>\n\t<meta property=\"og:image:height\" content=\"544\" \/>\n\t<meta property=\"og:image:type\" content=\"image\/jpeg\" \/>\n<meta name=\"twitter:card\" content=\"summary_large_image\" \/>\n<meta name=\"twitter:site\" content=\"@egreeds\" \/>\n<meta name=\"twitter:label1\" content=\"Disponibilit\u00e9\" \/>\n\t<meta name=\"twitter:data1\" content=\"En stock\" \/>\n<script type=\"application\/ld+json\" class=\"yoast-schema-graph\">{\"@context\":\"https:\\\/\\\/schema.org\",\"@graph\":[{\"@type\":[\"WebPage\",\"ItemPage\"],\"@id\":\"https:\\\/\\\/eg-reeds.com\\\/fr\\\/shop\\\/anches-pro\\\/anches-hautbois\\\/anche-hautbois-non-grattee-eg-reeds-custom\\\/\",\"url\":\"https:\\\/\\\/eg-reeds.com\\\/fr\\\/shop\\\/anches-pro\\\/anches-hautbois\\\/anche-hautbois-non-grattee-eg-reeds-custom\\\/\",\"name\":\"Anche hautbois non gratt\u00e9e EG-REEDS - custom - EG-REEDS\",\"isPartOf\":{\"@id\":\"https:\\\/\\\/eg-reeds.com\\\/fr\\\/#website\"},\"primaryImageOfPage\":{\"@id\":\"https:\\\/\\\/eg-reeds.com\\\/fr\\\/shop\\\/anches-pro\\\/anches-hautbois\\\/anche-hautbois-non-grattee-eg-reeds-custom\\\/#primaryimage\"},\"image\":{\"@id\":\"https:\\\/\\\/eg-reeds.com\\\/fr\\\/shop\\\/anches-pro\\\/anches-hautbois\\\/anche-hautbois-non-grattee-eg-reeds-custom\\\/#primaryimage\"},\"thumbnailUrl\":\"https:\\\/\\\/eg-reeds.com\\\/wp-content\\\/uploads\\\/2015\\\/09\\\/Professional-custome-blank-oboe-reed-EG-REEDS.jpg\",\"datePublished\":\"2015-09-15T19:38:20+00:00\",\"dateModified\":\"2018-04-05T10:44:45+00:00\",\"description\":\"anches hautbois, anches non grat\u00e9es, anches custom, Anche hautbois non gratt\u00e9e EG-REEDS - custom, anche hautbois, anches, hautbois, EG, acheter anches hautbois\",\"breadcrumb\":{\"@id\":\"https:\\\/\\\/eg-reeds.com\\\/fr\\\/shop\\\/anches-pro\\\/anches-hautbois\\\/anche-hautbois-non-grattee-eg-reeds-custom\\\/#breadcrumb\"},\"inLanguage\":\"fr-FR\",\"potentialAction\":[{\"@type\":\"ReadAction\",\"target\":[\"https:\\\/\\\/eg-reeds.com\\\/fr\\\/shop\\\/anches-pro\\\/anches-hautbois\\\/anche-hautbois-non-grattee-eg-reeds-custom\\\/\"]}]},{\"@type\":\"ImageObject\",\"inLanguage\":\"fr-FR\",\"@id\":\"https:\\\/\\\/eg-reeds.com\\\/fr\\\/shop\\\/anches-pro\\\/anches-hautbois\\\/anche-hautbois-non-grattee-eg-reeds-custom\\\/#primaryimage\",\"url\":\"https:\\\/\\\/eg-reeds.com\\\/wp-content\\\/uploads\\\/2015\\\/09\\\/Professional-custome-blank-oboe-reed-EG-REEDS.jpg\",\"contentUrl\":\"https:\\\/\\\/eg-reeds.com\\\/wp-content\\\/uploads\\\/2015\\\/09\\\/Professional-custome-blank-oboe-reed-EG-REEDS.jpg\",\"width\":640,\"height\":544},{\"@type\":\"BreadcrumbList\",\"@id\":\"https:\\\/\\\/eg-reeds.com\\\/fr\\\/shop\\\/anches-pro\\\/anches-hautbois\\\/anche-hautbois-non-grattee-eg-reeds-custom\\\/#breadcrumb\",\"itemListElement\":[{\"@type\":\"ListItem\",\"position\":1,\"name\":\"Accueil\",\"item\":\"https:\\\/\\\/eg-reeds.com\\\/fr\\\/\"},{\"@type\":\"ListItem\",\"position\":2,\"name\":\"Boutique\",\"item\":\"https:\\\/\\\/eg-reeds.com\\\/fr\\\/\"},{\"@type\":\"ListItem\",\"position\":3,\"name\":\"Anche hautbois non gratt\u00e9e EG-REEDS &#8211; custom\"}]},{\"@type\":\"WebSite\",\"@id\":\"https:\\\/\\\/eg-reeds.com\\\/fr\\\/#website\",\"url\":\"https:\\\/\\\/eg-reeds.com\\\/fr\\\/\",\"name\":\"www.eg-reeds.com\",\"description\":\"Anches hautbois\",\"publisher\":{\"@id\":\"https:\\\/\\\/eg-reeds.com\\\/fr\\\/#organization\"},\"alternateName\":\"eg-reeds.com\",\"potentialAction\":[{\"@type\":\"SearchAction\",\"target\":{\"@type\":\"EntryPoint\",\"urlTemplate\":\"https:\\\/\\\/eg-reeds.com\\\/fr\\\/?s={search_term_string}\"},\"query-input\":{\"@type\":\"PropertyValueSpecification\",\"valueRequired\":true,\"valueName\":\"search_term_string\"}}],\"inLanguage\":\"fr-FR\"},{\"@type\":\"Organization\",\"@id\":\"https:\\\/\\\/eg-reeds.com\\\/fr\\\/#organization\",\"name\":\"www.eg-reeds.com\",\"url\":\"https:\\\/\\\/eg-reeds.com\\\/fr\\\/\",\"logo\":{\"@type\":\"ImageObject\",\"inLanguage\":\"fr-FR\",\"@id\":\"https:\\\/\\\/eg-reeds.com\\\/fr\\\/#\\\/schema\\\/logo\\\/image\\\/\",\"url\":\"https:\\\/\\\/eg-reeds.com\\\/wp-content\\\/uploads\\\/2024\\\/06\\\/Logo-scaled-e1718793906611.jpg\",\"contentUrl\":\"https:\\\/\\\/eg-reeds.com\\\/wp-content\\\/uploads\\\/2024\\\/06\\\/Logo-scaled-e1718793906611.jpg\",\"width\":1200,\"height\":493,\"caption\":\"www.eg-reeds.com\"},\"image\":{\"@id\":\"https:\\\/\\\/eg-reeds.com\\\/fr\\\/#\\\/schema\\\/logo\\\/image\\\/\"},\"sameAs\":[\"https:\\\/\\\/www.facebook.com\\\/EGREEDS\",\"https:\\\/\\\/x.com\\\/egreeds\",\"https:\\\/\\\/www.instagram.com\\\/egreeds\\\/\",\"https:\\\/\\\/www.youtube.com\\\/c\\\/EGREEDS\",\"https:\\\/\\\/www.threads.net\\\/@egreeds\",\"https:\\\/\\\/www.tiktok.com\\\/@egreeds\"]}]}<\/script>\n<meta property=\"og:availability\" content=\"instock\" \/>\n<meta property=\"product:availability\" content=\"instock\" \/>\n<meta property=\"product:retailer_item_id\" content=\"CPOB-C-Blank\" \/>\n<meta property=\"product:condition\" content=\"new\" \/>\n<!-- \/ Yoast SEO Premium plugin. -->","yoast_head_json":{"title":"Anche hautbois non gratt\u00e9e EG-REEDS - custom - EG-REEDS","description":"anches hautbois, anches non grat\u00e9es, anches custom, Anche hautbois non gratt\u00e9e EG-REEDS - custom, anche hautbois, anches, hautbois, EG, acheter anches hautbois","robots":{"index":"index","follow":"follow","max-snippet":"max-snippet:-1","max-image-preview":"max-image-preview:large","max-video-preview":"max-video-preview:-1"},"canonical":"https:\/\/eg-reeds.com\/fr\/shop\/anches-pro\/anches-hautbois\/anche-hautbois-non-grattee-eg-reeds-custom\/","og_locale":"fr_FR","og_type":"article","og_title":"Anche hautbois non gratt\u00e9e EG-REEDS - custom","og_description":"anches hautbois, anches non grat\u00e9es, anches custom, Anche hautbois non gratt\u00e9e EG-REEDS - custom, anche hautbois, anches, hautbois, EG, acheter anches hautbois","og_url":"https:\/\/eg-reeds.com\/fr\/shop\/anches-pro\/anches-hautbois\/anche-hautbois-non-grattee-eg-reeds-custom\/","og_site_name":"EG-REEDS","article_publisher":"https:\/\/www.facebook.com\/EGREEDS","article_modified_time":"2018-04-05T10:44:45+00:00","og_image":[{"width":640,"height":544,"url":"https:\/\/eg-reeds.com\/wp-content\/uploads\/2015\/09\/Professional-custome-blank-oboe-reed-EG-REEDS.jpg","type":"image\/jpeg"}],"twitter_card":"summary_large_image","twitter_site":"@egreeds","twitter_misc":{"Disponibilit\u00e9":"En stock"},"schema":{"@context":"https:\/\/schema.org","@graph":[{"@type":["WebPage","ItemPage"],"@id":"https:\/\/eg-reeds.com\/fr\/shop\/anches-pro\/anches-hautbois\/anche-hautbois-non-grattee-eg-reeds-custom\/","url":"https:\/\/eg-reeds.com\/fr\/shop\/anches-pro\/anches-hautbois\/anche-hautbois-non-grattee-eg-reeds-custom\/","name":"Anche hautbois non gratt\u00e9e EG-REEDS - custom - EG-REEDS","isPartOf":{"@id":"https:\/\/eg-reeds.com\/fr\/#website"},"primaryImageOfPage":{"@id":"https:\/\/eg-reeds.com\/fr\/shop\/anches-pro\/anches-hautbois\/anche-hautbois-non-grattee-eg-reeds-custom\/#primaryimage"},"image":{"@id":"https:\/\/eg-reeds.com\/fr\/shop\/anches-pro\/anches-hautbois\/anche-hautbois-non-grattee-eg-reeds-custom\/#primaryimage"},"thumbnailUrl":"https:\/\/eg-reeds.com\/wp-content\/uploads\/2015\/09\/Professional-custome-blank-oboe-reed-EG-REEDS.jpg","datePublished":"2015-09-15T19:38:20+00:00","dateModified":"2018-04-05T10:44:45+00:00","description":"anches hautbois, anches non grat\u00e9es, anches custom, Anche hautbois non gratt\u00e9e EG-REEDS - custom, anche hautbois, anches, hautbois, EG, acheter anches hautbois","breadcrumb":{"@id":"https:\/\/eg-reeds.com\/fr\/shop\/anches-pro\/anches-hautbois\/anche-hautbois-non-grattee-eg-reeds-custom\/#breadcrumb"},"inLanguage":"fr-FR","potentialAction":[{"@type":"ReadAction","target":["https:\/\/eg-reeds.com\/fr\/shop\/anches-pro\/anches-hautbois\/anche-hautbois-non-grattee-eg-reeds-custom\/"]}]},{"@type":"ImageObject","inLanguage":"fr-FR","@id":"https:\/\/eg-reeds.com\/fr\/shop\/anches-pro\/anches-hautbois\/anche-hautbois-non-grattee-eg-reeds-custom\/#primaryimage","url":"https:\/\/eg-reeds.com\/wp-content\/uploads\/2015\/09\/Professional-custome-blank-oboe-reed-EG-REEDS.jpg","contentUrl":"https:\/\/eg-reeds.com\/wp-content\/uploads\/2015\/09\/Professional-custome-blank-oboe-reed-EG-REEDS.jpg","width":640,"height":544},{"@type":"BreadcrumbList","@id":"https:\/\/eg-reeds.com\/fr\/shop\/anches-pro\/anches-hautbois\/anche-hautbois-non-grattee-eg-reeds-custom\/#breadcrumb","itemListElement":[{"@type":"ListItem","position":1,"name":"Accueil","item":"https:\/\/eg-reeds.com\/fr\/"},{"@type":"ListItem","position":2,"name":"Boutique","item":"https:\/\/eg-reeds.com\/fr\/"},{"@type":"ListItem","position":3,"name":"Anche hautbois non gratt\u00e9e EG-REEDS &#8211; custom"}]},{"@type":"WebSite","@id":"https:\/\/eg-reeds.com\/fr\/#website","url":"https:\/\/eg-reeds.com\/fr\/","name":"www.eg-reeds.com","description":"Anches hautbois","publisher":{"@id":"https:\/\/eg-reeds.com\/fr\/#organization"},"alternateName":"eg-reeds.com","potentialAction":[{"@type":"SearchAction","target":{"@type":"EntryPoint","urlTemplate":"https:\/\/eg-reeds.com\/fr\/?s={search_term_string}"},"query-input":{"@type":"PropertyValueSpecification","valueRequired":true,"valueName":"search_term_string"}}],"inLanguage":"fr-FR"},{"@type":"Organization","@id":"https:\/\/eg-reeds.com\/fr\/#organization","name":"www.eg-reeds.com","url":"https:\/\/eg-reeds.com\/fr\/","logo":{"@type":"ImageObject","inLanguage":"fr-FR","@id":"https:\/\/eg-reeds.com\/fr\/#\/schema\/logo\/image\/","url":"https:\/\/eg-reeds.com\/wp-content\/uploads\/2024\/06\/Logo-scaled-e1718793906611.jpg","contentUrl":"https:\/\/eg-reeds.com\/wp-content\/uploads\/2024\/06\/Logo-scaled-e1718793906611.jpg","width":1200,"height":493,"caption":"www.eg-reeds.com"},"image":{"@id":"https:\/\/eg-reeds.com\/fr\/#\/schema\/logo\/image\/"},"sameAs":["https:\/\/www.facebook.com\/EGREEDS","https:\/\/x.com\/egreeds","https:\/\/www.instagram.com\/egreeds\/","https:\/\/www.youtube.com\/c\/EGREEDS","https:\/\/www.threads.net\/@egreeds","https:\/\/www.tiktok.com\/@egreeds"]}]},"og_availability":"instock","product_availability":"instock","product_retailer_item_id":"CPOB-C-Blank","product_condition":"new"},"_links":{"self":[{"href":"https:\/\/eg-reeds.com\/fr\/wp-json\/wp\/v2\/product\/6610","targetHints":{"allow":["GET"]}}],"collection":[{"href":"https:\/\/eg-reeds.com\/fr\/wp-json\/wp\/v2\/product"}],"about":[{"href":"https:\/\/eg-reeds.com\/fr\/wp-json\/wp\/v2\/types\/product"}],"replies":[{"embeddable":true,"href":"https:\/\/eg-reeds.com\/fr\/wp-json\/wp\/v2\/comments?post=6610"}],"wp:featuredmedia":[{"embeddable":true,"href":"https:\/\/eg-reeds.com\/fr\/wp-json\/wp\/v2\/media\/24663"}],"wp:attachment":[{"href":"https:\/\/eg-reeds.com\/fr\/wp-json\/wp\/v2\/media?parent=6610"}],"wp:term":[{"taxonomy":"product_brand","embeddable":true,"href":"https:\/\/eg-reeds.com\/fr\/wp-json\/wp\/v2\/product_brand?post=6610"},{"taxonomy":"product_cat","embeddable":true,"href":"https:\/\/eg-reeds.com\/fr\/wp-json\/wp\/v2\/product_cat?post=6610"},{"taxonomy":"product_tag","embeddable":true,"href":"https:\/\/eg-reeds.com\/fr\/wp-json\/wp\/v2\/product_tag?post=6610"},{"taxonomy":"giftcard-category","embeddable":true,"href":"https:\/\/eg-reeds.com\/fr\/wp-json\/wp\/v2\/giftcard-category?post=6610"}],"curies":[{"name":"wp","href":"https:\/\/api.w.org\/{rel}","templated":true}]}}