{"id":3398,"date":"2015-05-07T09:39:12","date_gmt":"2015-05-07T09:39:12","guid":{"rendered":"http:\/\/eg-reeds.com\/?page_id=3398"},"modified":"2024-02-23T11:44:23","modified_gmt":"2024-02-23T10:44:23","slug":"tutela-della-privacy-e-cookies","status":"publish","type":"page","link":"https:\/\/eg-reeds.com\/it\/tutela-della-privacy-e-cookies\/","title":{"rendered":"Tutela della privacy e cookies"},"content":{"rendered":"<h1>Informativa sulla privacy<\/h1>\n<p>Quando diciamo &#8220;noi&#8221;, &#8220;ci&#8221;, &#8220;nostro&#8221; e &#8220;EG-REEDS&#8221;, ci riferiamo a EG-REEDS, C.B. con numero di partita IVA ESE24707143, indirizzo C\/ Salinas 12, Ponferrada, Le\u00f3n, Spagna. E il nostro sito web \u00e8 www.eg-reeds.com.<\/p>\n<p>Questa Informativa sulla privacy \u00e8 efficace per qualsiasi dato che abbiamo raccolto, o raccogliamo, su e\/o da te, secondo i nostri Termini e condizioni.<\/p>\n<p>In generale, la fornitura di servizi web presso EG-REEDS non richiede l&#8217;iscrizione o la registrazione degli utenti.<\/p>\n<p>Tutte le informazioni personali raccolte saranno utilizzate per rendere la tua visita al nostro sito web il pi\u00f9 produttiva e piacevole possibile e\/o completare il processo di acquisto o di contatto. Assicurare la riservatezza dei dati personali degli utenti del nostro sito web \u00e8 importante per EG-REEDS. Le informazioni personali raccolte possono includere il tuo nome, indirizzo email, numero di telefono e\/o cellulare, indirizzo e\/o altri dati. Tutte le informazioni personali dei membri, abbonati, clienti o visitatori che utilizzano EG-REEDS saranno trattate in conformit\u00e0 al Regolamento (UE) 2016\/679 del Parlamento europeo e del Consiglio del 27 aprile 2016 (GDPR) e alla Legge organica 3\/2018, del 5 dicembre, sulla protezione dei dati personali e la garanzia dei diritti digitali (LOPD).<\/p>\n<p>L&#8217;utente ha il diritto di accesso, rettifica, cancellazione, opposizione e diritto all&#8217;oblio e pu\u00f2 esercitare tali diritti con le eccezioni e i limiti previsti dalla legge applicabile. \u00c8 possibile esercitare questo diritto tramite il sito web o inviando un&#8217;email a info@eg-reeds.com.<\/p>\n<p>L&#8217;utilizzo del sito web di EG-REEDS costituisce l&#8217;accettazione di questa Informativa sulla privacy. Il team di EG-REEDS si riserva il diritto di modificare questo accordo senza preavviso. Pertanto, ti consigliamo di controllare periodicamente la nostra informativa sulla privacy per essere continuamente aggiornato.<\/p>\n<p>&nbsp;<\/p>\n<h1>Cookie<\/h1>\n<p>EG-REEDS, come la maggior parte delle pagine web, utilizza i cookie.<\/p>\n<p>Cosa sono i cookie?<\/p>\n<p>Un cookie \u00e8 un piccolo pezzo di informazione inviato da un sito web e memorizzato nel browser dell&#8217;utente in modo che il sito possa consultare l&#8217;attivit\u00e0 precedente dell&#8217;utente. L&#8217;uso dei cookie non fornisce dati personali degli utenti, che rimangono anonimi.<\/p>\n<p><strong>Quali tipi di cookie utilizza EG-REEDS?<\/strong><\/p>\n<p>Cookie analitici: sono utilizzati per raccogliere statistiche sull&#8217;attivit\u00e0 dell&#8217;utente durante la visita al sito web e per tracciare l&#8217;attivit\u00e0 generale. Le informazioni raccolte sono anonimizzate e vengono utilizzate per ottimizzare l&#8217;esperienza di navigazione sul nostro sito web e garantire un miglior servizio clienti. Gli utenti possono optare per l&#8217;esclusione dalla loro attivit\u00e0 tramite i sistemi di esclusione forniti dagli strumenti analitici. Esempi di cookie analitici che utilizziamo includono Google Analytics o Clarity.<\/p>\n<p>Cookie tecnici: vengono utilizzati per scopi interni per garantire il funzionamento del sito web.<\/p>\n<p>Cookie di sessione: sono progettati per raccogliere e memorizzare dati mentre l&#8217;utente accede a un sito web.<\/p>\n<p>Cookie persistenti: i cookie persistenti sono memorizzati sul dispositivo dell&#8217;utente e possono essere accessibili e elaborati per un periodo definito.<\/p>\n<p>Cookie di prima parte: vengono inviati al dispositivo dell&#8217;utente da un computer o un dominio gestito da EG-REEDS, fornendo il servizio richiesto.<\/p>\n<p>Cookie di terze parti: vengono inviati al dispositivo dell&#8217;utente da un computer o un dominio non gestito da noi, ma da un&#8217;altra entit\u00e0 che raccoglie dati tramite cookie, come nel caso di Google Analytics, Akismet o Mailchimp.<\/p>\n<p><strong>Come disabilitare i cookie nel tuo browser?<\/strong><\/p>\n<p>I cookie possono essere eliminati, accettati o bloccati a piacimento, ma per farlo \u00e8 necessario configurare correttamente il proprio browser web. Seguire le istruzioni fornite dal proprio browser per gestire i cookie. Forniamo collegamenti alle istruzioni per i browser pi\u00f9 popolari:<\/p>\n<p>&nbsp;<\/p>\n<ul>\n<li>Chrome: <a href=\"https:\/\/support.google.com\/chrome\/answer\/95647?hl=en\" target=\"_new\" rel=\"noopener\">https:\/\/support.google.com\/chrome\/answer\/95647?hl=en<\/a><\/li>\n<li>Firefox: <a href=\"https:\/\/support.mozilla.org\/en-US\/kb\/enable-and-disable-cookies-website-preferences\" target=\"_new\" rel=\"noopener\">https:\/\/support.mozilla.org\/en-US\/kb\/enable-and-disable-cookies-website-preferences<\/a><\/li>\n<li>Safari: <a href=\"https:\/\/support.apple.com\/en-us\/HT201265\" target=\"_new\" rel=\"noopener\">https:\/\/support.apple.com\/en-us\/HT201265<\/a><\/li>\n<li>Internet Explorer: <a href=\"http:\/\/windows.microsoft.com\/en-US\/internet-explorer\/delete-manage-cookies#ie=ie-11\" target=\"_new\" rel=\"noopener\">http:\/\/windows.microsoft.com\/en-US\/internet-explorer\/delete-manage-cookies#ie=ie-11<\/a><\/li>\n<\/ul>\n<p>&nbsp;<\/p>\n<h1>Collegamenti a siti web di terze parti<\/h1>\n<p>EG-REEDS fornisce collegamenti ad altri siti web che, a nostro avviso, possono contenere informazioni\/strumenti utili per i nostri visitatori. La nostra politica sulla privacy non si applica ai siti web di terze parti, quindi se si visitano altri siti web diversi, \u00e8 necessario leggere la loro politica sulla privacy.<\/p>\n<p>Non siamo responsabili delle pratiche sulla privacy o dei contenuti trovati su tali siti.<\/p>\n","protected":false},"excerpt":{"rendered":"<p>Informativa sulla privacy Quando diciamo &#8220;noi&#8221;, &#8220;ci&#8221;, &#8220;nostro&#8221; e &#8220;EG-REEDS&#8221;, ci riferiamo a EG-REEDS, C.B. con numero di partita IVA ESE24707143, indirizzo C\/ Salinas 12, Ponferrada, Le\u00f3n, Spagna. E il nostro sito web \u00e8 www.eg-reeds.com. Questa Informativa sulla privacy \u00e8 efficace per qualsiasi dato che abbiamo raccolto, o raccogliamo, su e\/o da te, secondo i [&#8230;]\n","protected":false},"author":1,"featured_media":0,"parent":0,"menu_order":0,"comment_status":"closed","ping_status":"open","template":"","meta":{"footnotes":""},"class_list":["post-3398","page","type-page","status-publish","hentry"],"yoast_head":"<!-- This site is optimized with the Yoast SEO Premium plugin v27.0 (Yoast SEO v27.4) - https:\/\/yoast.com\/product\/yoast-seo-premium-wordpress\/ -->\n<title>Tutela della privacy e cookies<\/title>\n<meta name=\"description\" content=\"Tutela della privacy e cookies EG-REEDS\" \/>\n<meta name=\"robots\" content=\"index, follow, max-snippet:-1, max-image-preview:large, max-video-preview:-1\" \/>\n<link rel=\"canonical\" href=\"https:\/\/eg-reeds.com\/it\/tutela-della-privacy-e-cookies\/\" \/>\n<meta property=\"og:locale\" content=\"it_IT\" \/>\n<meta property=\"og:type\" content=\"article\" \/>\n<meta property=\"og:title\" content=\"Tutela della privacy e cookies\" \/>\n<meta property=\"og:description\" content=\"Tutela della privacy e cookies EG-REEDS\" \/>\n<meta property=\"og:url\" content=\"https:\/\/eg-reeds.com\/it\/tutela-della-privacy-e-cookies\/\" \/>\n<meta property=\"og:site_name\" content=\"EG-REEDS\" \/>\n<meta property=\"article:publisher\" content=\"https:\/\/www.facebook.com\/EGREEDS\" \/>\n<meta property=\"article:modified_time\" content=\"2024-02-23T10:44:23+00:00\" \/>\n<meta property=\"og:image\" content=\"https:\/\/eg-reeds.com\/wp-content\/uploads\/2018\/11\/EG-REEDS-Oboe-reeds-shop-scaled.jpg\" \/>\n\t<meta property=\"og:image:width\" content=\"2560\" \/>\n\t<meta property=\"og:image:height\" content=\"1010\" \/>\n\t<meta property=\"og:image:type\" content=\"image\/jpeg\" \/>\n<meta name=\"twitter:card\" content=\"summary_large_image\" \/>\n<meta name=\"twitter:site\" content=\"@egreeds\" \/>\n<meta name=\"twitter:label1\" content=\"Tempo di lettura stimato\" \/>\n\t<meta name=\"twitter:data1\" content=\"4 minuti\" \/>\n<script type=\"application\/ld+json\" class=\"yoast-schema-graph\">{\"@context\":\"https:\\\/\\\/schema.org\",\"@graph\":[{\"@type\":\"WebPage\",\"@id\":\"https:\\\/\\\/eg-reeds.com\\\/it\\\/tutela-della-privacy-e-cookies\\\/\",\"url\":\"https:\\\/\\\/eg-reeds.com\\\/it\\\/tutela-della-privacy-e-cookies\\\/\",\"name\":\"Tutela della privacy e cookies\",\"isPartOf\":{\"@id\":\"https:\\\/\\\/eg-reeds.com\\\/it\\\/#website\"},\"datePublished\":\"2015-05-07T09:39:12+00:00\",\"dateModified\":\"2024-02-23T10:44:23+00:00\",\"description\":\"Tutela della privacy e cookies EG-REEDS\",\"breadcrumb\":{\"@id\":\"https:\\\/\\\/eg-reeds.com\\\/it\\\/tutela-della-privacy-e-cookies\\\/#breadcrumb\"},\"inLanguage\":\"it-IT\",\"potentialAction\":[{\"@type\":\"ReadAction\",\"target\":[\"https:\\\/\\\/eg-reeds.com\\\/it\\\/tutela-della-privacy-e-cookies\\\/\"]}]},{\"@type\":\"BreadcrumbList\",\"@id\":\"https:\\\/\\\/eg-reeds.com\\\/it\\\/tutela-della-privacy-e-cookies\\\/#breadcrumb\",\"itemListElement\":[{\"@type\":\"ListItem\",\"position\":1,\"name\":\"Startseite\",\"item\":\"https:\\\/\\\/eg-reeds.com\\\/it\\\/\"},{\"@type\":\"ListItem\",\"position\":2,\"name\":\"Tutela della privacy e cookies\"}]},{\"@type\":\"WebSite\",\"@id\":\"https:\\\/\\\/eg-reeds.com\\\/it\\\/#website\",\"url\":\"https:\\\/\\\/eg-reeds.com\\\/it\\\/\",\"name\":\"www.eg-reeds.com\",\"description\":\"Ance oboe\",\"publisher\":{\"@id\":\"https:\\\/\\\/eg-reeds.com\\\/it\\\/#organization\"},\"alternateName\":\"eg-reeds.com\",\"potentialAction\":[{\"@type\":\"SearchAction\",\"target\":{\"@type\":\"EntryPoint\",\"urlTemplate\":\"https:\\\/\\\/eg-reeds.com\\\/it\\\/?s={search_term_string}\"},\"query-input\":{\"@type\":\"PropertyValueSpecification\",\"valueRequired\":true,\"valueName\":\"search_term_string\"}}],\"inLanguage\":\"it-IT\"},{\"@type\":\"Organization\",\"@id\":\"https:\\\/\\\/eg-reeds.com\\\/it\\\/#organization\",\"name\":\"www.eg-reeds.com\",\"url\":\"https:\\\/\\\/eg-reeds.com\\\/it\\\/\",\"logo\":{\"@type\":\"ImageObject\",\"inLanguage\":\"it-IT\",\"@id\":\"https:\\\/\\\/eg-reeds.com\\\/it\\\/#\\\/schema\\\/logo\\\/image\\\/\",\"url\":\"https:\\\/\\\/eg-reeds.com\\\/wp-content\\\/uploads\\\/2024\\\/06\\\/Logo-scaled-e1718793906611.jpg\",\"contentUrl\":\"https:\\\/\\\/eg-reeds.com\\\/wp-content\\\/uploads\\\/2024\\\/06\\\/Logo-scaled-e1718793906611.jpg\",\"width\":1200,\"height\":493,\"caption\":\"www.eg-reeds.com\"},\"image\":{\"@id\":\"https:\\\/\\\/eg-reeds.com\\\/it\\\/#\\\/schema\\\/logo\\\/image\\\/\"},\"sameAs\":[\"https:\\\/\\\/www.facebook.com\\\/EGREEDS\",\"https:\\\/\\\/x.com\\\/egreeds\",\"https:\\\/\\\/www.instagram.com\\\/egreeds\\\/\",\"https:\\\/\\\/www.youtube.com\\\/c\\\/EGREEDS\",\"https:\\\/\\\/www.threads.net\\\/@egreeds\",\"https:\\\/\\\/www.tiktok.com\\\/@egreeds\"]}]}<\/script>\n<!-- \/ Yoast SEO Premium plugin. -->","yoast_head_json":{"title":"Tutela della privacy e cookies","description":"Tutela della privacy e cookies EG-REEDS","robots":{"index":"index","follow":"follow","max-snippet":"max-snippet:-1","max-image-preview":"max-image-preview:large","max-video-preview":"max-video-preview:-1"},"canonical":"https:\/\/eg-reeds.com\/it\/tutela-della-privacy-e-cookies\/","og_locale":"it_IT","og_type":"article","og_title":"Tutela della privacy e cookies","og_description":"Tutela della privacy e cookies EG-REEDS","og_url":"https:\/\/eg-reeds.com\/it\/tutela-della-privacy-e-cookies\/","og_site_name":"EG-REEDS","article_publisher":"https:\/\/www.facebook.com\/EGREEDS","article_modified_time":"2024-02-23T10:44:23+00:00","og_image":[{"width":2560,"height":1010,"url":"https:\/\/eg-reeds.com\/wp-content\/uploads\/2018\/11\/EG-REEDS-Oboe-reeds-shop-scaled.jpg","type":"image\/jpeg"}],"twitter_card":"summary_large_image","twitter_site":"@egreeds","twitter_misc":{"Tempo di lettura stimato":"4 minuti"},"schema":{"@context":"https:\/\/schema.org","@graph":[{"@type":"WebPage","@id":"https:\/\/eg-reeds.com\/it\/tutela-della-privacy-e-cookies\/","url":"https:\/\/eg-reeds.com\/it\/tutela-della-privacy-e-cookies\/","name":"Tutela della privacy e cookies","isPartOf":{"@id":"https:\/\/eg-reeds.com\/it\/#website"},"datePublished":"2015-05-07T09:39:12+00:00","dateModified":"2024-02-23T10:44:23+00:00","description":"Tutela della privacy e cookies EG-REEDS","breadcrumb":{"@id":"https:\/\/eg-reeds.com\/it\/tutela-della-privacy-e-cookies\/#breadcrumb"},"inLanguage":"it-IT","potentialAction":[{"@type":"ReadAction","target":["https:\/\/eg-reeds.com\/it\/tutela-della-privacy-e-cookies\/"]}]},{"@type":"BreadcrumbList","@id":"https:\/\/eg-reeds.com\/it\/tutela-della-privacy-e-cookies\/#breadcrumb","itemListElement":[{"@type":"ListItem","position":1,"name":"Startseite","item":"https:\/\/eg-reeds.com\/it\/"},{"@type":"ListItem","position":2,"name":"Tutela della privacy e cookies"}]},{"@type":"WebSite","@id":"https:\/\/eg-reeds.com\/it\/#website","url":"https:\/\/eg-reeds.com\/it\/","name":"www.eg-reeds.com","description":"Ance oboe","publisher":{"@id":"https:\/\/eg-reeds.com\/it\/#organization"},"alternateName":"eg-reeds.com","potentialAction":[{"@type":"SearchAction","target":{"@type":"EntryPoint","urlTemplate":"https:\/\/eg-reeds.com\/it\/?s={search_term_string}"},"query-input":{"@type":"PropertyValueSpecification","valueRequired":true,"valueName":"search_term_string"}}],"inLanguage":"it-IT"},{"@type":"Organization","@id":"https:\/\/eg-reeds.com\/it\/#organization","name":"www.eg-reeds.com","url":"https:\/\/eg-reeds.com\/it\/","logo":{"@type":"ImageObject","inLanguage":"it-IT","@id":"https:\/\/eg-reeds.com\/it\/#\/schema\/logo\/image\/","url":"https:\/\/eg-reeds.com\/wp-content\/uploads\/2024\/06\/Logo-scaled-e1718793906611.jpg","contentUrl":"https:\/\/eg-reeds.com\/wp-content\/uploads\/2024\/06\/Logo-scaled-e1718793906611.jpg","width":1200,"height":493,"caption":"www.eg-reeds.com"},"image":{"@id":"https:\/\/eg-reeds.com\/it\/#\/schema\/logo\/image\/"},"sameAs":["https:\/\/www.facebook.com\/EGREEDS","https:\/\/x.com\/egreeds","https:\/\/www.instagram.com\/egreeds\/","https:\/\/www.youtube.com\/c\/EGREEDS","https:\/\/www.threads.net\/@egreeds","https:\/\/www.tiktok.com\/@egreeds"]}]}},"_links":{"self":[{"href":"https:\/\/eg-reeds.com\/it\/wp-json\/wp\/v2\/pages\/3398","targetHints":{"allow":["GET"]}}],"collection":[{"href":"https:\/\/eg-reeds.com\/it\/wp-json\/wp\/v2\/pages"}],"about":[{"href":"https:\/\/eg-reeds.com\/it\/wp-json\/wp\/v2\/types\/page"}],"author":[{"embeddable":true,"href":"https:\/\/eg-reeds.com\/it\/wp-json\/wp\/v2\/users\/1"}],"replies":[{"embeddable":true,"href":"https:\/\/eg-reeds.com\/it\/wp-json\/wp\/v2\/comments?post=3398"}],"version-history":[{"count":0,"href":"https:\/\/eg-reeds.com\/it\/wp-json\/wp\/v2\/pages\/3398\/revisions"}],"wp:attachment":[{"href":"https:\/\/eg-reeds.com\/it\/wp-json\/wp\/v2\/media?parent=3398"}],"curies":[{"name":"wp","href":"https:\/\/api.w.org\/{rel}","templated":true}]}}