{"id":4191,"date":"2015-05-13T12:26:49","date_gmt":"2015-05-13T11:26:49","guid":{"rendered":"http:\/\/eg-reeds.com\/?page_id=4191"},"modified":"2026-03-25T08:33:30","modified_gmt":"2026-03-25T07:33:30","slug":"termini-e-condizioni","status":"publish","type":"page","link":"https:\/\/eg-reeds.com\/it\/termini-e-condizioni\/","title":{"rendered":"Termini e condizioni"},"content":{"rendered":"<h1 style=\"text-align: justify;\">Termini e condizioni.<\/h1>\n<p style=\"text-align: justify;\">Ultimo aggiornamento: Gennaio 2026.<\/p>\n<p style=\"text-align: justify;\">Si prega di leggere questi termini prima di utilizzare il sito www.eg-reeds.com (il &#8220;Servizio&#8221;), gestito da EG-REEDS (&#8220;noi&#8221;, &#8220;noi&#8221; o &#8220;nostro&#8221;).<\/p>\n<p style=\"text-align: justify;\">L&#8217;accesso e l&#8217;utilizzo del Servizio \u00e8 condizionato sulla vostra accettazione e il rispetto di queste condizioni. Queste condizioni tutti i visitatori, gli utenti e le altre persone che accedono o utilizzano il servizio si applicano, anche agli utenti che effettuano ordini per telefono o e-mail o in altri modi diversi dal web.<\/p>\n<p style=\"text-align: justify;\">Accedendo o utilizzando il servizio, l&#8217;utente accetta di essere vincolato da queste condizioni. Se non siete d&#8217;accordo con alcuni dei termini, allora non si pu\u00f2 accedere al servizio.<\/p>\n\t<div id=\"gap-1422705784\" class=\"gap-element clearfix\" style=\"display:block; height:auto;\">\n\t\t\n<style>\n#gap-1422705784 {\n  padding-top: 30px;\n}\n<\/style>\n\t<\/div>\n\t\n<p><strong>Politica sulla privacy e i cookie<\/strong><\/p>\n<p>Puoi controllare la nostra politica sulla privacy e i cookie <strong><a href=\"https:\/\/eg-reeds.com\/it\/tutela-della-privacy-e-cookies\/\" target=\"_blank\" rel=\"noopener noreferrer\">qui<\/a>.<\/strong><\/p>\n\t<div id=\"gap-418335359\" class=\"gap-element clearfix\" style=\"display:block; height:auto;\">\n\t\t\n<style>\n#gap-418335359 {\n  padding-top: 30px;\n}\n<\/style>\n\t<\/div>\n\t\n\t<div id=\"gap-2034993852\" class=\"gap-element clearfix\" style=\"display:block; height:auto;\">\n\t\t\n<style>\n#gap-2034993852 {\n  padding-top: 30px;\n}\n<\/style>\n\t<\/div>\n\t\n<h2 style=\"text-align: justify;\"><strong>Termini online shop | www.eg-reeds.com<\/strong><\/h2>\n<p style=\"text-align: justify;\">Accettando queste Condizioni del servizio, l&#8217;utente dichiara di avere almeno la maggiore et\u00e0 nel proprio paese di residenza, o qualcuno l&#8217;et\u00e0 legale nel proprio paese di residenza, ha acconsentito a permettere un dipendente incaricato pu\u00f2 utilizzare questo sito.<\/p>\n<p style=\"text-align: justify;\">E &#8216;vietato utilizzare i nostri prodotti per qualsiasi utilizzo illegale o non autorizzato o utilizzare l&#8217;ordine di servizio, violare nessuna legge nella tua giurisdizione (incluso ma non limitato a leggi sul copyright).<\/p>\n<p style=\"text-align: justify;\">Non devi trasmettere virus o qualsiasi altro codice di natura distruttiva.<\/p>\n<p style=\"text-align: justify;\">Una violazione o violazione di qualsiasi termine si tradurr\u00e0 in una immediata cessazione dei loro servizi.<\/p>\n<p>&nbsp;<\/p>\n<p style=\"text-align: justify;\"><strong>Procedura e modalit\u00e0 di pagamento<\/strong><\/p>\n<p style=\"text-align: justify;\">Per effettuare un ordine, \u00e8 necessario seguire la procedura di acquisto on-line. Una volta che l&#8217;ordine \u00e8 completo, si ricever\u00e0 una e-mail automatica con il vostro ordine. L&#8217;ordine non sar\u00e0 confermata fino al ricevimento del pagamento in modo corretto e inviare una e-mail di ordine di elaborazione. Quando l&#8217;ordine verr\u00e0 inviato ti invieremo un&#8217;altra email con il numero di tracciamento e fattura.<\/p>\n<p style=\"text-align: justify;\">Tutti gli ordini sono soggetti alla disponibilit\u00e0 dei prodotti. Se non ci sono prodotti in stock, rimborseremo i soldi.<\/p>\n<p style=\"text-align: justify;\"><strong>I prezzi<\/strong> sul sito sono comprensivi di IVA. Quando inserisci il Paese nella pagina Carrello o Checkout, l&#8217;aliquota IVA verr\u00e0 adattata al Paese di spedizione e potrai anche vedere i costi di spedizione e\/o le commissioni aggiuntive.<\/p>\n<p><strong>I prezzi <\/strong>pubblicati sul sito saranno aggiornati ogni anno durante la prima settimana di gennaio, in base alla variazione dell\u2019Indice dei Prezzi al Consumo (IPC) della Spagna.<\/p>\n<p style=\"text-align: justify;\">Le tariffe di spedizione e i tempi di produzione e spedizione sono disponibili <a href=\"https:\/\/eg-reeds.com\/it\/tempi-e-costi-di-spedizione\/\" target=\"_blank\" rel=\"noopener noreferrer\">qui<\/a>.<\/p>\n<p>I tempi di spedizione dipendono dal corriere e sono indicativi, pertanto potrebbero verificarsi ritardi. Non possiamo garantire alcun tempo di consegna. Per i paesi al di fuori dell\u2019Unione Europea, i tempi di consegna potrebbero essere pi\u00f9 lunghi a causa delle procedure doganali. Eventuali dazi doganali o imposte sono a carico del destinatario. Ti invitiamo a verificare con l\u2019ufficio doganale locale per maggiori informazioni.<\/p>\n<p style=\"text-align: justify;\">Le foto dei prodotti sono artistiche. \u00c8 incluso solo il prodotto descritto nel titolo, non altri accessori visualizzati nelle foto. Gli oggetti sono sempre venduti in un&#8217;unit\u00e0 a meno che la descrizione non indichi diversamente.<\/p>\n<p style=\"text-align: justify;\">Puoi utilizzare i seguenti metodi di pagamento: bonifico bancario, carte di credito o di debito come Visa, Mastercard o American Express e Paypal. Anche Bizum per la Spagna, Alipay per la Cina e Ideal nei Paesi Bassi. Alcuni metodi di pagamento potrebbero comportare una commissione aggiuntiva. Controlla il prezzo totale del tuo ordine nella pagina di pagamento.<\/p>\n<p>&nbsp;<\/p>\n<p style=\"text-align: justify;\"><strong style=\"font-size: 14.4px;\">Accuratezza dei dati personali e di fatturazione<\/strong><\/p>\n<p style=\"text-align: justify;\">Ci riserviamo il diritto di rifiutare qualsiasi ordine effettuato con noi. Noi possiamo, a nostra discrezione, limitare o annullare le quantit\u00e0 acquistate per persona, per famiglia o per ordine. Queste restrizioni possono includere ordini effettuati da o sotto lo stesso account cliente, la stessa carta di credito, e \/ o gli ordini che utilizzano lo stesso fatturazione e \/ o indirizzo di spedizione. Nel caso in cui facciamo un cambiamento o annullare un ordine, vi informeremo metterci in contatto con l&#8217;e-mail e \/ o indirizzo di fatturazione \/ numero di telefono fornito al momento dell&#8217;ordine.<\/p>\n<p style=\"text-align: justify;\">L&#8217;utente accetta di fornire informazioni complete e veritiere dei dati personali e di pagamento per tutti gli acquisti effettuati nel nostro memorizzano le informazioni, in modo da poter completare la transazione e per contattare l&#8217;utente, se necessario.<\/p>\n<p>&nbsp;<\/p>\n<p style=\"text-align: justify;\"><strong>Cambiamenti di servizio e prezzo<\/strong><\/p>\n<p style=\"text-align: justify;\">I prezzi dei nostri prodotti sono soggetti a modifiche senza preavviso.<\/p>\n<p style=\"text-align: justify;\">Ci riserviamo il diritto in qualunque momento di modificare o interrompere il Servizio (o qualsiasi parte o suo contenuto), senza preavviso.<\/p>\n<p style=\"text-align: justify;\">Se si scopre un errore nei prodotti ordinati, vi informeremo al pi\u00f9 presto possibile. Vi daremo il diritto di ri-effettuare l&#8217;ordine al prezzo corretto o annullarlo. Se non siamo in grado di contattare l&#8217;utente, annulleremo l&#8217;ordine. In caso di annullamento dell&#8217;ordine per questa ragione, il denaro verr\u00e0 restituito in pieno.<\/p>\n<p>&nbsp;<\/p>\n<p style=\"text-align: justify;\"><strong>Restituisce<\/strong><\/p>\n<p style=\"text-align: justify;\">Sostituiamo solo gli elementi se sono difettosi o se sono stati spediti i prodotti non corretti. Per restituire un prodotto, deve essere inutilizzato e nella sua confezione originale, senza il sigillo rotto o manipolato. Se \u00e8 necessario modificare un elemento, \u00e8 necessario inviare prima una mail a info@eg-reeds.com. L&#8217;articolo sar\u00e0 rispedito per posta raccomandata e sempre dopo la nostra conferma via e-mail. Il termine \u00e8 di 7 giorni dalla consegna dell&#8217;ordine. Siamo in grado di offrire un buono o di cambiare il prodotto per una nuova. Noi non rimborser\u00e0 i soldi.<\/p>\n<p style=\"text-align: justify;\">EG-REEDS non \u00e8 responsabile per qualsiasi perdita o danneggiamento del prodotto durante il trasporto. Nel caso in cui il pacchetto arriva rotti o con danni questo dovrebbe essere registrato sulla bolla di consegna del vettore. Se il prodotto arriva rotto o danneggiato, contattateci via e-mail entro 48 ore e inviaci le foto, in questo modo siamo in grado di fare la richiesta alla societ\u00e0 di trasporti. Se il prodotto non \u00e8 arrivato, contattateci il prima possibile. Il periodo massimo di richiesta \u00e8 di 7 giorni dopo la scadenza del termine di spedizione.<\/p>\n<p style=\"text-align: justify;\">I tempi di spedizione dipendono dal servizio Correos \/ UPS (potrebbero esserci dei ritardi). Non possiamo garantire alcun tempo di consegna, n\u00e9 vengono accettati resi per questo motivo.<\/p>\n<p><strong>Se la spedizione viene restituita<\/strong> dal corriere a causa di un indirizzo errato, del mancato ritiro da parte del destinatario nei tempi previsti, del mancato pagamento delle spese doganali o per qualsiasi altro motivo imputabile al cliente, il cliente <strong>dovr\u00e0 pagare i costi di restituzione e i nuovi costi di spedizione<\/strong> per la rispedizione dell\u2019ordine.<br \/>\n\t<div id=\"gap-89985426\" class=\"gap-element clearfix\" style=\"display:block; height:auto;\">\n\t\t\n<style>\n#gap-89985426 {\n  padding-top: 30px;\n}\n<\/style>\n\t<\/div>\n\t\n<p style=\"text-align: justify;\"><strong>Cancellazioni<\/strong><\/p>\n<p style=\"text-align: justify;\">Le cancellazioni sono possibili solo prima di elaborare l&#8217;ordine. Niente soldi indietro. Siamo in grado di offrire un buono per EG-REEDS per lo stesso importo dei prodotti del vostro ordine.<\/p>\n<p>&nbsp;<\/p>\n<p style=\"text-align: justify;\"><strong>Conti<\/strong><\/p>\n<p style=\"text-align: justify;\">Quando si crea un account con noi, \u00e8 necessario fornire informazioni veritiere. In caso contrario, costituisce una violazione dei termini, che possono comportare l&#8217;immediata cessazione del tuo account nel nostro servizio.<\/p>\n<p style=\"text-align: justify;\">L&#8217;utente \u00e8 responsabile per la salvaguardia della password da utilizzare per accedere al servizio e anche per qualsiasi attivit\u00e0 o azioni sotto la password. L&#8217;utente si impegna a non rivelare la propria password a terzi. \u00c8 necessario avvisarci subito dopo aver preso coscienza di qualsiasi violazione della sicurezza o uso non autorizzato del proprio account.<\/p>\n<p style=\"text-align: justify;\">Con l&#8217;iscrizione l&#8217;utente ci ha autorizzato a inviare comunicazioni commerciali.<\/p>\n<p>&nbsp;<\/p>\n<p style=\"text-align: justify;\"><strong>Diritto d&#8217;autore<\/strong><\/p>\n<p style=\"text-align: justify;\">Tutti i contenuti di questo sito \u00e8 di propriet\u00e0 o controllato da EG-REEDS. La copia, riproduzione, redistribuzione o pubblicazione di qualsiasi parte di questo sito e del suo contenuto \u00e8 vietata, se non espressamente autorizzati per iscritto da EG-REEDS.<\/p>\n<p>&nbsp;<\/p>\n<p style=\"text-align: justify;\"><strong>Link ad altri siti web e commenti<\/strong><\/p>\n<p style=\"text-align: justify;\">EG-REEDS ha link ad altri siti, che, a nostro avviso, possono contenere informazioni utili \/ strumenti per i nostri visitatori. La nostra politica sulla privacy non si applica ai siti di terze parti, quindi se si visita altri siti Web diversi, si dovrebbe leggere la loro politica sulla privacy. Noi non siamo responsabili per la privacy o contenuto presente su tali siti.<\/p>\n<p style=\"text-align: justify;\">I visitatori del nostro sito possono inviare recensioni e commenti. EG-REEDS non \u00e8 responsabile e non si assume alcuna responsabilit\u00e0 per qualsiasi contenuto pubblicato dai visitatori o di terzi.<\/p>\n<p>&nbsp;<\/p>\n<p style=\"text-align: justify;\"><strong>Fine<\/strong><\/p>\n<p style=\"text-align: justify;\">Si pu\u00f2 annullare o sospendere l&#8217;accesso al nostro servizio immediatamente, senza preavviso o responsabilit\u00e0, per qualsiasi motivo, incluso, senza limitazioni, se non si soddisfano le condizioni.<\/p>\n<p style=\"text-align: justify;\">Tutte le disposizioni dei termini che per loro natura dovrebbero sopravvivere terminazione deve anche dopo la risoluzione, compresi, senza limitazione, disposizioni di propriet\u00e0, negazioni di garanzie, indennit\u00e0 e limitazioni di responsabilit\u00e0.<\/p>\n<p style=\"text-align: justify;\">Siamo in grado di annullare o sospendere l&#8217;account immediatamente, senza alcun preavviso o responsabilit\u00e0, per qualsiasi motivo, incluso, senza limitazioni, se non si soddisfano le condizioni.<\/p>\n<p style=\"text-align: justify;\">In caso di risoluzione, il vostro diritto di utilizzare immediatamente il cessate il servizio. Se si vuole cancellare il tuo account, si pu\u00f2 semplicemente smettere di usare il servizio.<\/p>\n<p>&nbsp;<\/p>\n<p style=\"text-align: justify;\"><strong>L&#8217;attuale legislazione<\/strong><\/p>\n<p style=\"text-align: justify;\">Questi termini saranno regolati e interpretati in conformit\u00e0 con le leggi in vigore in Portogallo, senza riguardo al loro conflitto di leggi.<\/p>\n<p style=\"text-align: justify;\">La nostra incapacit\u00e0 di far rispettare qualsiasi diritto o disposizione di queste condizioni non sar\u00e0 considerata una rinuncia a tali diritti. Se una qualsiasi disposizione di questi termini \u00e8 ritenuta non valida o non applicabile da un tribunale, le rimanenti disposizioni di questi termini restano in vigore a tutti gli effetti. I presenti Termini e condizioni costituiscono l&#8217;intero accordo tra noi in relazione al nostro servizio, e sostituiscono e sostituiscono qualsiasi precedente accordo che abbiamo con l&#8217;altro in relazione al servizio.<\/p>\n<p>&nbsp;<\/p>\n<p style=\"text-align: justify;\"><strong>Cambiamenti nelle condizioni<\/strong><\/p>\n<p style=\"text-align: justify;\">Ci riserviamo il diritto, a nostra discrezione, di modificare o sostituire queste condizioni in qualsiasi momento. Per le revisioni di questi termini cercheremo di fornire almeno 30 giorni di preavviso prima che le nuove condizioni entrano in vigore. Ci\u00f2 che costituisce una modifica sostanziale deve essere determinata a nostra discrezione.<\/p>\n<p style=\"text-align: justify;\">Continuando ad accedere o utilizzare il nostro servizio dopo le revisioni dei termini e delle condizioni, l&#8217;utente accetta di essere vincolato dai nuovi termini e condizioni modificate. Se non si accettano le nuove condizioni, si prega di smettere di usare il servizio.<\/p>\n<p style=\"text-align: justify;\">Per qualsiasi problema nella traduzione dei termini e delle condizioni, l&#8217;unica versione valida sar\u00e0 la versione spagnola.<\/p>\n<p>&nbsp;<\/p>\n<p style=\"text-align: justify;\"><strong>Contattaci<\/strong><\/p>\n<p style=\"text-align: justify;\">Se avete domande su questi termini, non esitate a contattarci.<\/p>\n","protected":false},"excerpt":{"rendered":"<p>Termini e condizioni. Ultimo aggiornamento: Gennaio 2026. Si prega di leggere questi termini prima di utilizzare il sito www.eg-reeds.com (il &#8220;Servizio&#8221;), gestito da EG-REEDS (&#8220;noi&#8221;, &#8220;noi&#8221; o &#8220;nostro&#8221;). L&#8217;accesso e l&#8217;utilizzo del Servizio \u00e8 condizionato sulla vostra accettazione e il rispetto di queste condizioni. Queste condizioni tutti i visitatori, gli utenti e le altre persone [&#8230;]\n","protected":false},"author":1,"featured_media":0,"parent":0,"menu_order":0,"comment_status":"closed","ping_status":"closed","template":"","meta":{"footnotes":""},"class_list":["post-4191","page","type-page","status-publish","hentry"],"yoast_head":"<!-- This site is optimized with the Yoast SEO Premium plugin v27.0 (Yoast SEO v27.4) - https:\/\/yoast.com\/product\/yoast-seo-premium-wordpress\/ -->\n<title>Termini e condizioni - EG-REEDS<\/title>\n<meta name=\"description\" content=\"Termini e condizioni EG-REEDS\" \/>\n<meta name=\"robots\" content=\"index, follow, max-snippet:-1, max-image-preview:large, max-video-preview:-1\" \/>\n<link rel=\"canonical\" href=\"https:\/\/eg-reeds.com\/it\/termini-e-condizioni\/\" \/>\n<meta property=\"og:locale\" content=\"it_IT\" \/>\n<meta property=\"og:type\" content=\"article\" \/>\n<meta property=\"og:title\" content=\"Termini e condizioni\" \/>\n<meta property=\"og:description\" content=\"Termini e condizioni EG-REEDS\" \/>\n<meta property=\"og:url\" content=\"https:\/\/eg-reeds.com\/it\/termini-e-condizioni\/\" \/>\n<meta property=\"og:site_name\" content=\"EG-REEDS\" \/>\n<meta property=\"article:publisher\" content=\"https:\/\/www.facebook.com\/EGREEDS\" \/>\n<meta property=\"article:modified_time\" content=\"2026-03-25T07:33:30+00:00\" \/>\n<meta property=\"og:image\" content=\"https:\/\/eg-reeds.com\/wp-content\/uploads\/2018\/11\/EG-REEDS-Oboe-reeds-shop-scaled.jpg\" \/>\n\t<meta property=\"og:image:width\" content=\"2560\" \/>\n\t<meta property=\"og:image:height\" content=\"1010\" \/>\n\t<meta property=\"og:image:type\" content=\"image\/jpeg\" \/>\n<meta name=\"twitter:card\" content=\"summary_large_image\" \/>\n<meta name=\"twitter:site\" content=\"@egreeds\" \/>\n<meta name=\"twitter:label1\" content=\"Tempo di lettura stimato\" \/>\n\t<meta name=\"twitter:data1\" content=\"9 minuti\" \/>\n<script type=\"application\/ld+json\" class=\"yoast-schema-graph\">{\"@context\":\"https:\\\/\\\/schema.org\",\"@graph\":[{\"@type\":\"WebPage\",\"@id\":\"https:\\\/\\\/eg-reeds.com\\\/it\\\/termini-e-condizioni\\\/\",\"url\":\"https:\\\/\\\/eg-reeds.com\\\/it\\\/termini-e-condizioni\\\/\",\"name\":\"Termini e condizioni - EG-REEDS\",\"isPartOf\":{\"@id\":\"https:\\\/\\\/eg-reeds.com\\\/it\\\/#website\"},\"datePublished\":\"2015-05-13T11:26:49+00:00\",\"dateModified\":\"2026-03-25T07:33:30+00:00\",\"description\":\"Termini e condizioni EG-REEDS\",\"breadcrumb\":{\"@id\":\"https:\\\/\\\/eg-reeds.com\\\/it\\\/termini-e-condizioni\\\/#breadcrumb\"},\"inLanguage\":\"it-IT\",\"potentialAction\":[{\"@type\":\"ReadAction\",\"target\":[\"https:\\\/\\\/eg-reeds.com\\\/it\\\/termini-e-condizioni\\\/\"]}]},{\"@type\":\"BreadcrumbList\",\"@id\":\"https:\\\/\\\/eg-reeds.com\\\/it\\\/termini-e-condizioni\\\/#breadcrumb\",\"itemListElement\":[{\"@type\":\"ListItem\",\"position\":1,\"name\":\"Startseite\",\"item\":\"https:\\\/\\\/eg-reeds.com\\\/it\\\/\"},{\"@type\":\"ListItem\",\"position\":2,\"name\":\"Termini e condizioni\"}]},{\"@type\":\"WebSite\",\"@id\":\"https:\\\/\\\/eg-reeds.com\\\/it\\\/#website\",\"url\":\"https:\\\/\\\/eg-reeds.com\\\/it\\\/\",\"name\":\"www.eg-reeds.com\",\"description\":\"Ance oboe\",\"publisher\":{\"@id\":\"https:\\\/\\\/eg-reeds.com\\\/it\\\/#organization\"},\"alternateName\":\"eg-reeds.com\",\"potentialAction\":[{\"@type\":\"SearchAction\",\"target\":{\"@type\":\"EntryPoint\",\"urlTemplate\":\"https:\\\/\\\/eg-reeds.com\\\/it\\\/?s={search_term_string}\"},\"query-input\":{\"@type\":\"PropertyValueSpecification\",\"valueRequired\":true,\"valueName\":\"search_term_string\"}}],\"inLanguage\":\"it-IT\"},{\"@type\":\"Organization\",\"@id\":\"https:\\\/\\\/eg-reeds.com\\\/it\\\/#organization\",\"name\":\"www.eg-reeds.com\",\"url\":\"https:\\\/\\\/eg-reeds.com\\\/it\\\/\",\"logo\":{\"@type\":\"ImageObject\",\"inLanguage\":\"it-IT\",\"@id\":\"https:\\\/\\\/eg-reeds.com\\\/it\\\/#\\\/schema\\\/logo\\\/image\\\/\",\"url\":\"https:\\\/\\\/eg-reeds.com\\\/wp-content\\\/uploads\\\/2024\\\/06\\\/Logo-scaled-e1718793906611.jpg\",\"contentUrl\":\"https:\\\/\\\/eg-reeds.com\\\/wp-content\\\/uploads\\\/2024\\\/06\\\/Logo-scaled-e1718793906611.jpg\",\"width\":1200,\"height\":493,\"caption\":\"www.eg-reeds.com\"},\"image\":{\"@id\":\"https:\\\/\\\/eg-reeds.com\\\/it\\\/#\\\/schema\\\/logo\\\/image\\\/\"},\"sameAs\":[\"https:\\\/\\\/www.facebook.com\\\/EGREEDS\",\"https:\\\/\\\/x.com\\\/egreeds\",\"https:\\\/\\\/www.instagram.com\\\/egreeds\\\/\",\"https:\\\/\\\/www.youtube.com\\\/c\\\/EGREEDS\",\"https:\\\/\\\/www.threads.net\\\/@egreeds\",\"https:\\\/\\\/www.tiktok.com\\\/@egreeds\"]}]}<\/script>\n<!-- \/ Yoast SEO Premium plugin. -->","yoast_head_json":{"title":"Termini e condizioni - EG-REEDS","description":"Termini e condizioni EG-REEDS","robots":{"index":"index","follow":"follow","max-snippet":"max-snippet:-1","max-image-preview":"max-image-preview:large","max-video-preview":"max-video-preview:-1"},"canonical":"https:\/\/eg-reeds.com\/it\/termini-e-condizioni\/","og_locale":"it_IT","og_type":"article","og_title":"Termini e condizioni","og_description":"Termini e condizioni EG-REEDS","og_url":"https:\/\/eg-reeds.com\/it\/termini-e-condizioni\/","og_site_name":"EG-REEDS","article_publisher":"https:\/\/www.facebook.com\/EGREEDS","article_modified_time":"2026-03-25T07:33:30+00:00","og_image":[{"width":2560,"height":1010,"url":"https:\/\/eg-reeds.com\/wp-content\/uploads\/2018\/11\/EG-REEDS-Oboe-reeds-shop-scaled.jpg","type":"image\/jpeg"}],"twitter_card":"summary_large_image","twitter_site":"@egreeds","twitter_misc":{"Tempo di lettura stimato":"9 minuti"},"schema":{"@context":"https:\/\/schema.org","@graph":[{"@type":"WebPage","@id":"https:\/\/eg-reeds.com\/it\/termini-e-condizioni\/","url":"https:\/\/eg-reeds.com\/it\/termini-e-condizioni\/","name":"Termini e condizioni - EG-REEDS","isPartOf":{"@id":"https:\/\/eg-reeds.com\/it\/#website"},"datePublished":"2015-05-13T11:26:49+00:00","dateModified":"2026-03-25T07:33:30+00:00","description":"Termini e condizioni EG-REEDS","breadcrumb":{"@id":"https:\/\/eg-reeds.com\/it\/termini-e-condizioni\/#breadcrumb"},"inLanguage":"it-IT","potentialAction":[{"@type":"ReadAction","target":["https:\/\/eg-reeds.com\/it\/termini-e-condizioni\/"]}]},{"@type":"BreadcrumbList","@id":"https:\/\/eg-reeds.com\/it\/termini-e-condizioni\/#breadcrumb","itemListElement":[{"@type":"ListItem","position":1,"name":"Startseite","item":"https:\/\/eg-reeds.com\/it\/"},{"@type":"ListItem","position":2,"name":"Termini e condizioni"}]},{"@type":"WebSite","@id":"https:\/\/eg-reeds.com\/it\/#website","url":"https:\/\/eg-reeds.com\/it\/","name":"www.eg-reeds.com","description":"Ance oboe","publisher":{"@id":"https:\/\/eg-reeds.com\/it\/#organization"},"alternateName":"eg-reeds.com","potentialAction":[{"@type":"SearchAction","target":{"@type":"EntryPoint","urlTemplate":"https:\/\/eg-reeds.com\/it\/?s={search_term_string}"},"query-input":{"@type":"PropertyValueSpecification","valueRequired":true,"valueName":"search_term_string"}}],"inLanguage":"it-IT"},{"@type":"Organization","@id":"https:\/\/eg-reeds.com\/it\/#organization","name":"www.eg-reeds.com","url":"https:\/\/eg-reeds.com\/it\/","logo":{"@type":"ImageObject","inLanguage":"it-IT","@id":"https:\/\/eg-reeds.com\/it\/#\/schema\/logo\/image\/","url":"https:\/\/eg-reeds.com\/wp-content\/uploads\/2024\/06\/Logo-scaled-e1718793906611.jpg","contentUrl":"https:\/\/eg-reeds.com\/wp-content\/uploads\/2024\/06\/Logo-scaled-e1718793906611.jpg","width":1200,"height":493,"caption":"www.eg-reeds.com"},"image":{"@id":"https:\/\/eg-reeds.com\/it\/#\/schema\/logo\/image\/"},"sameAs":["https:\/\/www.facebook.com\/EGREEDS","https:\/\/x.com\/egreeds","https:\/\/www.instagram.com\/egreeds\/","https:\/\/www.youtube.com\/c\/EGREEDS","https:\/\/www.threads.net\/@egreeds","https:\/\/www.tiktok.com\/@egreeds"]}]}},"_links":{"self":[{"href":"https:\/\/eg-reeds.com\/it\/wp-json\/wp\/v2\/pages\/4191","targetHints":{"allow":["GET"]}}],"collection":[{"href":"https:\/\/eg-reeds.com\/it\/wp-json\/wp\/v2\/pages"}],"about":[{"href":"https:\/\/eg-reeds.com\/it\/wp-json\/wp\/v2\/types\/page"}],"author":[{"embeddable":true,"href":"https:\/\/eg-reeds.com\/it\/wp-json\/wp\/v2\/users\/1"}],"replies":[{"embeddable":true,"href":"https:\/\/eg-reeds.com\/it\/wp-json\/wp\/v2\/comments?post=4191"}],"version-history":[{"count":0,"href":"https:\/\/eg-reeds.com\/it\/wp-json\/wp\/v2\/pages\/4191\/revisions"}],"wp:attachment":[{"href":"https:\/\/eg-reeds.com\/it\/wp-json\/wp\/v2\/media?parent=4191"}],"curies":[{"name":"wp","href":"https:\/\/api.w.org\/{rel}","templated":true}]}}