{"id":15306,"date":"2015-09-16T11:26:04","date_gmt":"2015-09-16T09:26:04","guid":{"rendered":"http:\/\/eg-reeds.com\/it\/shop\/uncategorized\/coltello-chiarugi\/"},"modified":"2025-11-24T10:07:07","modified_gmt":"2025-11-24T09:07:07","slug":"coltello-chiarugi","status":"publish","type":"product","link":"https:\/\/eg-reeds.com\/it\/shop\/accessori\/coltelli\/coltello-chiarugi\/","title":{"rendered":"Coltello Chiarugi"},"content":{"rendered":"<h1><strong>Coltello Chiarugi.<\/strong><\/h1>\n<p>Coltello Chiarugi per la fabbricazione delle ance.<\/p>\n<p>Il colore del manico pu\u00f2 variare a seconda del legno.<\/p>\n<p>&nbsp;<\/p>\n<h2><strong>Stai iniziando a raspare le tue ance da oboe?<\/strong><\/h2>\n<p>Allora ti serve un coltello che renda tutto semplice fin dal primo giorno.<\/p>\n<p>Il <strong>Coltello Chiarugi<\/strong> \u00e8 perfetto per i principianti: manico in legno, lama in acciaio e un filo affilato.<\/p>\n<p>Niente complicazioni e nessuna grande spesa. Esattamente ci\u00f2 di cui hai bisogno per iniziare a goderti subito il processo di fabbricazione delle ance.<\/p>\n<p>\ud83d\udc49 Ottimo per studenti, oboisti curiosi o chiunque muova i primi passi nella costruzione delle ance.<\/p>\n<p>&nbsp;<\/p>\n<h3 data-start=\"64\" data-end=\"107\"><strong>FAQ sul coltello Chiarugi.<\/strong><\/h3>\n<p data-start=\"109\" data-end=\"258\"><strong data-start=\"109\" data-end=\"166\">Il coltello Chiarugi \u00e8 adatto ai principianti?<\/strong><br data-start=\"166\" data-end=\"169\" \/>S\u00ec. \u00c8 facile da controllare, stabile in mano e ideale per i primi passi nella fabbricazione delle ance.<\/p>\n<p data-start=\"260\" data-end=\"371\"><strong data-start=\"260\" data-end=\"291\">Il colore del manico varia?<\/strong><br data-start=\"291\" data-end=\"294\" \/>S\u00ec. Il manico in legno pu\u00f2 variare di colore a seconda del pezzo utilizzato.<\/p>\n<p data-start=\"448\" data-end=\"550\"><strong data-start=\"448\" data-end=\"478\">Di cosa \u00e8 fatta la lama?<\/strong><br data-start=\"478\" data-end=\"481\" \/>Ha una lama in acciaio resistente progettata per una raschiatura pulita e precisa.<\/p>\n<p data-start=\"552\" data-end=\"679\"><strong data-start=\"552\" data-end=\"615\">Posso usarlo per ance di oboe, oboe d\u2019amore o corno inglese?<\/strong><br data-start=\"615\" data-end=\"618\" \/>S\u00ec. Funziona per tutte le ance comuni della famiglia dell\u2019oboe.<\/p>\n<p data-start=\"681\" data-end=\"794\"><strong data-start=\"681\" data-end=\"713\">\u00c8 adatto agli studenti?<\/strong><br data-start=\"713\" data-end=\"716\" \/>Assolutamente. \u00c8 un\u2019opzione eccellente ed economica per studenti e oboisti curiosi.<\/p>\n<p data-start=\"796\" data-end=\"901\"><strong data-start=\"796\" data-end=\"830\">Di quale manutenzione ha bisogno?<\/strong><br data-start=\"830\" data-end=\"833\" \/>Mantieni il filo affilato con una levigatura regolare e conservalo in un luogo asciutto.<\/p>\n<p data-start=\"903\" data-end=\"1027\"><strong data-start=\"903\" data-end=\"937\">Perch\u00e9 scegliere il coltello Chiarugi?<\/strong><br data-start=\"937\" data-end=\"940\" \/>Perch\u00e9 offre qualit\u00e0, semplicit\u00e0 e un ottimo rapporto qualit\u00e0 prezzo per chi inizia a costruire ance.<\/p>\n<p><iframe loading=\"lazy\" title=\"Navaja Chiarugi \/ Reed making knife Chiarugi.\" width=\"563\" height=\"1000\" src=\"https:\/\/www.youtube.com\/embed\/APKo_CiYv7I?feature=oembed\" frameborder=\"0\" allow=\"accelerometer; autoplay; clipboard-write; encrypted-media; gyroscope; picture-in-picture; web-share\" referrerpolicy=\"strict-origin-when-cross-origin\" allowfullscreen><\/iframe><\/p>\n","protected":false},"excerpt":{"rendered":"<p>Coltello Chiarugi. Coltello Chiarugi per la fabbricazione delle ance. Il colore del manico pu\u00f2 variare a seconda del legno. &nbsp; Stai iniziando a raspare le tue ance da oboe? Allora ti serve un coltello che renda tutto semplice fin dal primo giorno. Il Coltello Chiarugi \u00e8 perfetto per i principianti: manico in legno, lama in [&#8230;]\n","protected":false},"featured_media":23450,"comment_status":"open","ping_status":"closed","template":"","meta":[],"product_brand":[],"product_cat":[1417,1486],"product_tag":[],"giftcard-category":[],"class_list":{"0":"post-15306","1":"product","2":"type-product","3":"status-publish","4":"has-post-thumbnail","6":"product_cat-accessori","7":"product_cat-coltelli","9":"first","10":"instock","11":"taxable","12":"shipping-taxable","13":"purchasable","14":"product-type-simple"},"yoast_head":"<!-- This site is optimized with the Yoast SEO Premium plugin v27.0 (Yoast SEO v27.2) - https:\/\/yoast.com\/product\/yoast-seo-premium-wordpress\/ -->\n<title>Coltello Chiarugi - EG-REEDS<\/title>\n<meta name=\"description\" content=\"Il Coltello Chiarugi \u00e8 perfetto per i principianti. Niente complicazioni e nessuna grande spesa. \u00c8 ideale per i primi passi nella fabbricazione delle ance.\" \/>\n<meta name=\"robots\" content=\"index, follow, max-snippet:-1, max-image-preview:large, max-video-preview:-1\" \/>\n<link rel=\"canonical\" href=\"https:\/\/eg-reeds.com\/it\/shop\/accessori\/coltelli\/coltello-chiarugi\/\" \/>\n<meta property=\"og:locale\" content=\"it_IT\" \/>\n<meta property=\"og:type\" content=\"article\" \/>\n<meta property=\"og:title\" content=\"Coltello Chiarugi\" \/>\n<meta property=\"og:description\" content=\"Il Coltello Chiarugi \u00e8 perfetto per i principianti. Niente complicazioni e nessuna grande spesa. \u00c8 ideale per i primi passi nella fabbricazione delle ance.\" \/>\n<meta property=\"og:url\" content=\"https:\/\/eg-reeds.com\/it\/shop\/accessori\/coltelli\/coltello-chiarugi\/\" \/>\n<meta property=\"og:site_name\" content=\"EG-REEDS\" \/>\n<meta property=\"article:publisher\" content=\"https:\/\/www.facebook.com\/EGREEDS\" \/>\n<meta property=\"article:modified_time\" content=\"2025-11-24T09:07:07+00:00\" \/>\n<meta property=\"og:image\" content=\"https:\/\/eg-reeds.com\/wp-content\/uploads\/2017\/01\/Reed-making-knife-Chiarugi.jpg\" \/>\n\t<meta property=\"og:image:width\" content=\"640\" \/>\n\t<meta property=\"og:image:height\" content=\"544\" \/>\n\t<meta property=\"og:image:type\" content=\"image\/jpeg\" \/>\n<meta name=\"twitter:card\" content=\"summary_large_image\" \/>\n<meta name=\"twitter:site\" content=\"@egreeds\" \/>\n<meta name=\"twitter:label1\" content=\"Prezzo\" \/>\n\t<meta name=\"twitter:data1\" content=\"19,50&euro;\" \/>\n\t<meta name=\"twitter:label2\" content=\"Disponibilit\u00e0\" \/>\n\t<meta name=\"twitter:data2\" content=\"In stock\" \/>\n<script type=\"application\/ld+json\" class=\"yoast-schema-graph\">{\"@context\":\"https:\/\/schema.org\",\"@graph\":[{\"@type\":[\"WebPage\",\"ItemPage\"],\"@id\":\"https:\/\/eg-reeds.com\/it\/shop\/accessori\/coltelli\/coltello-chiarugi\/\",\"url\":\"https:\/\/eg-reeds.com\/it\/shop\/accessori\/coltelli\/coltello-chiarugi\/\",\"name\":\"Coltello Chiarugi - EG-REEDS\",\"isPartOf\":{\"@id\":\"https:\/\/eg-reeds.com\/it\/#website\"},\"primaryImageOfPage\":{\"@id\":\"https:\/\/eg-reeds.com\/it\/shop\/accessori\/coltelli\/coltello-chiarugi\/#primaryimage\"},\"image\":{\"@id\":\"https:\/\/eg-reeds.com\/it\/shop\/accessori\/coltelli\/coltello-chiarugi\/#primaryimage\"},\"thumbnailUrl\":\"https:\/\/eg-reeds.com\/wp-content\/uploads\/2017\/01\/Reed-making-knife-Chiarugi.jpg\",\"datePublished\":\"2015-09-16T09:26:04+00:00\",\"dateModified\":\"2025-11-24T09:07:07+00:00\",\"description\":\"Il Coltello Chiarugi \u00e8 perfetto per i principianti. Niente complicazioni e nessuna grande spesa. \u00c8 ideale per i primi passi nella fabbricazione delle ance.\",\"breadcrumb\":{\"@id\":\"https:\/\/eg-reeds.com\/it\/shop\/accessori\/coltelli\/coltello-chiarugi\/#breadcrumb\"},\"inLanguage\":\"it-IT\",\"potentialAction\":[{\"@type\":\"ReadAction\",\"target\":[\"https:\/\/eg-reeds.com\/it\/shop\/accessori\/coltelli\/coltello-chiarugi\/\"]}]},{\"@type\":\"ImageObject\",\"inLanguage\":\"it-IT\",\"@id\":\"https:\/\/eg-reeds.com\/it\/shop\/accessori\/coltelli\/coltello-chiarugi\/#primaryimage\",\"url\":\"https:\/\/eg-reeds.com\/wp-content\/uploads\/2017\/01\/Reed-making-knife-Chiarugi.jpg\",\"contentUrl\":\"https:\/\/eg-reeds.com\/wp-content\/uploads\/2017\/01\/Reed-making-knife-Chiarugi.jpg\",\"width\":640,\"height\":544,\"caption\":\"Coltello Chiarugi\"},{\"@type\":\"BreadcrumbList\",\"@id\":\"https:\/\/eg-reeds.com\/it\/shop\/accessori\/coltelli\/coltello-chiarugi\/#breadcrumb\",\"itemListElement\":[{\"@type\":\"ListItem\",\"position\":1,\"name\":\"Startseite\",\"item\":\"https:\/\/eg-reeds.com\/it\/\"},{\"@type\":\"ListItem\",\"position\":2,\"name\":\"Negozio\",\"item\":\"https:\/\/eg-reeds.com\/it\/\"},{\"@type\":\"ListItem\",\"position\":3,\"name\":\"Coltello Chiarugi\"}]},{\"@type\":\"WebSite\",\"@id\":\"https:\/\/eg-reeds.com\/it\/#website\",\"url\":\"https:\/\/eg-reeds.com\/it\/\",\"name\":\"www.eg-reeds.com\",\"description\":\"Ance oboe\",\"publisher\":{\"@id\":\"https:\/\/eg-reeds.com\/it\/#organization\"},\"alternateName\":\"eg-reeds.com\",\"potentialAction\":[{\"@type\":\"SearchAction\",\"target\":{\"@type\":\"EntryPoint\",\"urlTemplate\":\"https:\/\/eg-reeds.com\/it\/?s={search_term_string}\"},\"query-input\":{\"@type\":\"PropertyValueSpecification\",\"valueRequired\":true,\"valueName\":\"search_term_string\"}}],\"inLanguage\":\"it-IT\"},{\"@type\":\"Organization\",\"@id\":\"https:\/\/eg-reeds.com\/it\/#organization\",\"name\":\"www.eg-reeds.com\",\"url\":\"https:\/\/eg-reeds.com\/it\/\",\"logo\":{\"@type\":\"ImageObject\",\"inLanguage\":\"it-IT\",\"@id\":\"https:\/\/eg-reeds.com\/it\/#\/schema\/logo\/image\/\",\"url\":\"https:\/\/eg-reeds.com\/wp-content\/uploads\/2024\/06\/Logo-scaled-e1718793906611.jpg\",\"contentUrl\":\"https:\/\/eg-reeds.com\/wp-content\/uploads\/2024\/06\/Logo-scaled-e1718793906611.jpg\",\"width\":1200,\"height\":493,\"caption\":\"www.eg-reeds.com\"},\"image\":{\"@id\":\"https:\/\/eg-reeds.com\/it\/#\/schema\/logo\/image\/\"},\"sameAs\":[\"https:\/\/www.facebook.com\/EGREEDS\",\"https:\/\/x.com\/egreeds\",\"https:\/\/www.instagram.com\/egreeds\/\",\"https:\/\/www.youtube.com\/c\/EGREEDS\",\"https:\/\/www.threads.net\/@egreeds\",\"https:\/\/www.tiktok.com\/@egreeds\"]}]}<\/script>\n<meta property=\"product:price:amount\" content=\"19.50\" \/>\n<meta property=\"product:price:currency\" content=\"EUR\" \/>\n<meta property=\"og:availability\" content=\"instock\" \/>\n<meta property=\"product:availability\" content=\"instock\" \/>\n<meta property=\"product:retailer_item_id\" content=\"ACNN\" \/>\n<meta property=\"product:condition\" content=\"new\" \/>\n<!-- \/ Yoast SEO Premium plugin. -->","yoast_head_json":{"title":"Coltello Chiarugi - EG-REEDS","description":"Il Coltello Chiarugi \u00e8 perfetto per i principianti. Niente complicazioni e nessuna grande spesa. \u00c8 ideale per i primi passi nella fabbricazione delle ance.","robots":{"index":"index","follow":"follow","max-snippet":"max-snippet:-1","max-image-preview":"max-image-preview:large","max-video-preview":"max-video-preview:-1"},"canonical":"https:\/\/eg-reeds.com\/it\/shop\/accessori\/coltelli\/coltello-chiarugi\/","og_locale":"it_IT","og_type":"article","og_title":"Coltello Chiarugi","og_description":"Il Coltello Chiarugi \u00e8 perfetto per i principianti. Niente complicazioni e nessuna grande spesa. \u00c8 ideale per i primi passi nella fabbricazione delle ance.","og_url":"https:\/\/eg-reeds.com\/it\/shop\/accessori\/coltelli\/coltello-chiarugi\/","og_site_name":"EG-REEDS","article_publisher":"https:\/\/www.facebook.com\/EGREEDS","article_modified_time":"2025-11-24T09:07:07+00:00","og_image":[{"width":640,"height":544,"url":"https:\/\/eg-reeds.com\/wp-content\/uploads\/2017\/01\/Reed-making-knife-Chiarugi.jpg","type":"image\/jpeg"}],"twitter_card":"summary_large_image","twitter_site":"@egreeds","twitter_misc":{"Prezzo":"19,50&euro;","Disponibilit\u00e0":"In stock"},"schema":{"@context":"https:\/\/schema.org","@graph":[{"@type":["WebPage","ItemPage"],"@id":"https:\/\/eg-reeds.com\/it\/shop\/accessori\/coltelli\/coltello-chiarugi\/","url":"https:\/\/eg-reeds.com\/it\/shop\/accessori\/coltelli\/coltello-chiarugi\/","name":"Coltello Chiarugi - EG-REEDS","isPartOf":{"@id":"https:\/\/eg-reeds.com\/it\/#website"},"primaryImageOfPage":{"@id":"https:\/\/eg-reeds.com\/it\/shop\/accessori\/coltelli\/coltello-chiarugi\/#primaryimage"},"image":{"@id":"https:\/\/eg-reeds.com\/it\/shop\/accessori\/coltelli\/coltello-chiarugi\/#primaryimage"},"thumbnailUrl":"https:\/\/eg-reeds.com\/wp-content\/uploads\/2017\/01\/Reed-making-knife-Chiarugi.jpg","datePublished":"2015-09-16T09:26:04+00:00","dateModified":"2025-11-24T09:07:07+00:00","description":"Il Coltello Chiarugi \u00e8 perfetto per i principianti. Niente complicazioni e nessuna grande spesa. \u00c8 ideale per i primi passi nella fabbricazione delle ance.","breadcrumb":{"@id":"https:\/\/eg-reeds.com\/it\/shop\/accessori\/coltelli\/coltello-chiarugi\/#breadcrumb"},"inLanguage":"it-IT","potentialAction":[{"@type":"ReadAction","target":["https:\/\/eg-reeds.com\/it\/shop\/accessori\/coltelli\/coltello-chiarugi\/"]}]},{"@type":"ImageObject","inLanguage":"it-IT","@id":"https:\/\/eg-reeds.com\/it\/shop\/accessori\/coltelli\/coltello-chiarugi\/#primaryimage","url":"https:\/\/eg-reeds.com\/wp-content\/uploads\/2017\/01\/Reed-making-knife-Chiarugi.jpg","contentUrl":"https:\/\/eg-reeds.com\/wp-content\/uploads\/2017\/01\/Reed-making-knife-Chiarugi.jpg","width":640,"height":544,"caption":"Coltello Chiarugi"},{"@type":"BreadcrumbList","@id":"https:\/\/eg-reeds.com\/it\/shop\/accessori\/coltelli\/coltello-chiarugi\/#breadcrumb","itemListElement":[{"@type":"ListItem","position":1,"name":"Startseite","item":"https:\/\/eg-reeds.com\/it\/"},{"@type":"ListItem","position":2,"name":"Negozio","item":"https:\/\/eg-reeds.com\/it\/"},{"@type":"ListItem","position":3,"name":"Coltello Chiarugi"}]},{"@type":"WebSite","@id":"https:\/\/eg-reeds.com\/it\/#website","url":"https:\/\/eg-reeds.com\/it\/","name":"www.eg-reeds.com","description":"Ance oboe","publisher":{"@id":"https:\/\/eg-reeds.com\/it\/#organization"},"alternateName":"eg-reeds.com","potentialAction":[{"@type":"SearchAction","target":{"@type":"EntryPoint","urlTemplate":"https:\/\/eg-reeds.com\/it\/?s={search_term_string}"},"query-input":{"@type":"PropertyValueSpecification","valueRequired":true,"valueName":"search_term_string"}}],"inLanguage":"it-IT"},{"@type":"Organization","@id":"https:\/\/eg-reeds.com\/it\/#organization","name":"www.eg-reeds.com","url":"https:\/\/eg-reeds.com\/it\/","logo":{"@type":"ImageObject","inLanguage":"it-IT","@id":"https:\/\/eg-reeds.com\/it\/#\/schema\/logo\/image\/","url":"https:\/\/eg-reeds.com\/wp-content\/uploads\/2024\/06\/Logo-scaled-e1718793906611.jpg","contentUrl":"https:\/\/eg-reeds.com\/wp-content\/uploads\/2024\/06\/Logo-scaled-e1718793906611.jpg","width":1200,"height":493,"caption":"www.eg-reeds.com"},"image":{"@id":"https:\/\/eg-reeds.com\/it\/#\/schema\/logo\/image\/"},"sameAs":["https:\/\/www.facebook.com\/EGREEDS","https:\/\/x.com\/egreeds","https:\/\/www.instagram.com\/egreeds\/","https:\/\/www.youtube.com\/c\/EGREEDS","https:\/\/www.threads.net\/@egreeds","https:\/\/www.tiktok.com\/@egreeds"]}]},"product_price_amount":"19.50","product_price_currency":"EUR","og_availability":"instock","product_availability":"instock","product_retailer_item_id":"ACNN","product_condition":"new"},"_links":{"self":[{"href":"https:\/\/eg-reeds.com\/it\/wp-json\/wp\/v2\/product\/15306","targetHints":{"allow":["GET"]}}],"collection":[{"href":"https:\/\/eg-reeds.com\/it\/wp-json\/wp\/v2\/product"}],"about":[{"href":"https:\/\/eg-reeds.com\/it\/wp-json\/wp\/v2\/types\/product"}],"replies":[{"embeddable":true,"href":"https:\/\/eg-reeds.com\/it\/wp-json\/wp\/v2\/comments?post=15306"}],"wp:featuredmedia":[{"embeddable":true,"href":"https:\/\/eg-reeds.com\/it\/wp-json\/wp\/v2\/media\/23450"}],"wp:attachment":[{"href":"https:\/\/eg-reeds.com\/it\/wp-json\/wp\/v2\/media?parent=15306"}],"wp:term":[{"taxonomy":"product_brand","embeddable":true,"href":"https:\/\/eg-reeds.com\/it\/wp-json\/wp\/v2\/product_brand?post=15306"},{"taxonomy":"product_cat","embeddable":true,"href":"https:\/\/eg-reeds.com\/it\/wp-json\/wp\/v2\/product_cat?post=15306"},{"taxonomy":"product_tag","embeddable":true,"href":"https:\/\/eg-reeds.com\/it\/wp-json\/wp\/v2\/product_tag?post=15306"},{"taxonomy":"giftcard-category","embeddable":true,"href":"https:\/\/eg-reeds.com\/it\/wp-json\/wp\/v2\/giftcard-category?post=15306"}],"curies":[{"name":"wp","href":"https:\/\/api.w.org\/{rel}","templated":true}]}}