{"id":2526,"date":"2015-02-24T12:20:42","date_gmt":"2015-02-24T11:20:42","guid":{"rendered":"http:\/\/eg-reeds.com\/shop\/uncategorized\/ance-per-oboe-studenti-principianti\/"},"modified":"2025-09-23T10:18:02","modified_gmt":"2025-09-23T08:18:02","slug":"ancia-oboe-studenti-principianti-eg-reeds","status":"publish","type":"product","link":"https:\/\/eg-reeds.com\/it\/shop\/ance-e-canne-per-studenti\/ancia-oboe-studenti-principianti-eg-reeds\/","title":{"rendered":"Ancia oboe studenti principianti EG-REEDS"},"content":{"rendered":"<h1><strong>Ancia oboe studenti principianti EG-REEDS.<\/strong><\/h1>\n<p>Ancia per oboe per studenti principianti EG-REEDS. Acquistare ance per oboe economiche e di altissima qualit\u00e0 per studenti non \u00e8 mai stato cos\u00ec facile. Realizzate con lo stesso materiale delle nostre ance professionali, le ance per oboe per principianti sono progettate appositamente per chi muove i primi passi nel mondo dell&#8217;oboe.<\/p>\n<p>Selezioniamo con cura la densit\u00e0 di ogni ancia per adattarla alle esigenze specifiche degli studenti principianti, garantendo un\u2019emissione del suono facile e naturale. Questo rende l\u2019apprendimento dell\u2019oboe pi\u00f9 accessibile e piacevole per chi inizia a suonare questo affascinante strumento. Inoltre, le nostre ance per oboe per principianti sono disponibili al miglior prezzo, offrendo un\u2019opzione conveniente per studenti e genitori.<\/p>\n<p>Raccomandiamo le nostre ance per oboe per studenti nei primi 3 anni di studio. Tuttavia, \u00e8 sempre importante seguire i consigli personalizzati dell&#8217;insegnante di musica, che pu\u00f2 fornire raccomandazioni pi\u00f9 adatte alle esigenze individuali di ogni studente.<\/p>\n<p>Con EG-REEDS puoi essere certo di acquistare ance per oboe a un prezzo contenuto ma di qualit\u00e0 eccezionale. Progettate appositamente per aiutare gli studenti a raggiungere il loro massimo potenziale musicale fin dall&#8217;inizio. Acquista oggi stesso la tua ancia per oboe per principianti e inizia il tuo viaggio musicale con EG-REEDS!<\/p>\n<p data-sourcepos=\"7:1-7:20\"><strong>Caratteristiche:<\/strong><\/p>\n<ul data-sourcepos=\"15:1-18:0\">\n<li data-sourcepos=\"9:1-9:112\"><strong>Densit\u00e0 dell\u2019ancia accuratamente selezionata<\/strong> per facilitare l\u2019emissione e la produzione di suoni chiari.<\/li>\n<li data-sourcepos=\"10:1-10:66\"><strong>Design appositamente studiato<\/strong> per migliorare il controllo e l\u2019articolazione.<\/li>\n<li data-sourcepos=\"15:1-15:58\"><strong>Favorisce l\u2019apprendimento<\/strong> dell\u2019oboe fin dall\u2019inizio.<\/li>\n<li data-sourcepos=\"16:1-16:79\"><strong>Permette agli studenti<\/strong> di concentrarsi sulla tecnica.<\/li>\n<li data-sourcepos=\"17:1-18:0\"><strong>Offre un eccellente rapporto qualit\u00e0-prezzo.<\/strong><\/li>\n<\/ul>\n<p>&nbsp;<\/p>\n<p><iframe loading=\"lazy\" title=\"Ca\u00f1a oboe iniciaci\u00f3n \/ Beginner oboe reed EG-REEDS\" width=\"563\" height=\"1000\" src=\"https:\/\/www.youtube.com\/embed\/jQrKLGNkaQg?feature=oembed\" frameborder=\"0\" allow=\"accelerometer; autoplay; clipboard-write; encrypted-media; gyroscope; picture-in-picture; web-share\" referrerpolicy=\"strict-origin-when-cross-origin\" allowfullscreen><\/iframe><\/p>\n","protected":false},"excerpt":{"rendered":"<p>1 unit\u00e0.<\/p>\n","protected":false},"featured_media":35939,"comment_status":"open","ping_status":"closed","template":"","meta":[],"product_brand":[],"product_cat":[366],"product_tag":[],"giftcard-category":[],"class_list":{"0":"post-2526","1":"product","2":"type-product","3":"status-publish","4":"has-post-thumbnail","6":"product_cat-ance-e-canne-per-studenti","8":"first","9":"instock","10":"featured","11":"taxable","12":"shipping-taxable","13":"purchasable","14":"product-type-simple"},"yoast_head":"<!-- This site is optimized with the Yoast SEO Premium plugin v27.0 (Yoast SEO v27.4) - https:\/\/yoast.com\/product\/yoast-seo-premium-wordpress\/ -->\n<title>Ancia oboe studenti principianti EG-REEDS - EG-REEDS<\/title>\n<meta name=\"description\" content=\"Ancia oboe studenti principianti EG-REEDS. Acquistare ance per oboe economiche e di altissima qualit\u00e0 per studenti non \u00e8 mai stato cos\u00ec facile.\" \/>\n<meta name=\"robots\" content=\"index, follow, max-snippet:-1, max-image-preview:large, max-video-preview:-1\" \/>\n<link rel=\"canonical\" href=\"https:\/\/eg-reeds.com\/it\/shop\/ance-e-canne-per-studenti\/ancia-oboe-studenti-principianti-eg-reeds\/\" \/>\n<meta property=\"og:locale\" content=\"it_IT\" \/>\n<meta property=\"og:type\" content=\"article\" \/>\n<meta property=\"og:title\" content=\"Ancia oboe studenti principianti EG-REEDS\" \/>\n<meta property=\"og:description\" content=\"Ancia oboe studenti principianti EG-REEDS. Acquistare ance per oboe economiche e di altissima qualit\u00e0 per studenti non \u00e8 mai stato cos\u00ec facile.\" \/>\n<meta property=\"og:url\" content=\"https:\/\/eg-reeds.com\/it\/shop\/ance-e-canne-per-studenti\/ancia-oboe-studenti-principianti-eg-reeds\/\" \/>\n<meta property=\"og:site_name\" content=\"EG-REEDS\" \/>\n<meta property=\"article:publisher\" content=\"https:\/\/www.facebook.com\/EGREEDS\" \/>\n<meta property=\"article:modified_time\" content=\"2025-09-23T08:18:02+00:00\" \/>\n<meta property=\"og:image\" content=\"https:\/\/eg-reeds.com\/wp-content\/uploads\/2015\/02\/Beginner-oboe-reed-.jpg\" \/>\n\t<meta property=\"og:image:width\" content=\"640\" \/>\n\t<meta property=\"og:image:height\" content=\"544\" \/>\n\t<meta property=\"og:image:type\" content=\"image\/jpeg\" \/>\n<meta name=\"twitter:card\" content=\"summary_large_image\" \/>\n<meta name=\"twitter:image\" content=\"http:\/\/eg-reeds.com\/wp-content\/uploads\/2015\/02\/Beginner-oboe-reed-.jpg\" \/>\n<meta name=\"twitter:site\" content=\"@egreeds\" \/>\n<meta name=\"twitter:label1\" content=\"Prezzo\" \/>\n\t<meta name=\"twitter:data1\" content=\"11,50&euro;\" \/>\n\t<meta name=\"twitter:label2\" content=\"Disponibilit\u00e0\" \/>\n\t<meta name=\"twitter:data2\" content=\"In stock\" \/>\n<script type=\"application\/ld+json\" class=\"yoast-schema-graph\">{\"@context\":\"https:\\\/\\\/schema.org\",\"@graph\":[{\"@type\":[\"WebPage\",\"ItemPage\"],\"@id\":\"https:\\\/\\\/eg-reeds.com\\\/it\\\/shop\\\/ance-e-canne-per-studenti\\\/ancia-oboe-studenti-principianti-eg-reeds\\\/\",\"url\":\"https:\\\/\\\/eg-reeds.com\\\/it\\\/shop\\\/ance-e-canne-per-studenti\\\/ancia-oboe-studenti-principianti-eg-reeds\\\/\",\"name\":\"Ancia oboe studenti principianti EG-REEDS - EG-REEDS\",\"isPartOf\":{\"@id\":\"https:\\\/\\\/eg-reeds.com\\\/it\\\/#website\"},\"primaryImageOfPage\":{\"@id\":\"https:\\\/\\\/eg-reeds.com\\\/it\\\/shop\\\/ance-e-canne-per-studenti\\\/ancia-oboe-studenti-principianti-eg-reeds\\\/#primaryimage\"},\"image\":{\"@id\":\"https:\\\/\\\/eg-reeds.com\\\/it\\\/shop\\\/ance-e-canne-per-studenti\\\/ancia-oboe-studenti-principianti-eg-reeds\\\/#primaryimage\"},\"thumbnailUrl\":\"https:\\\/\\\/eg-reeds.com\\\/wp-content\\\/uploads\\\/2015\\\/02\\\/Beginner-oboe-reed-eg-reeds.jpg\",\"datePublished\":\"2015-02-24T11:20:42+00:00\",\"dateModified\":\"2025-09-23T08:18:02+00:00\",\"description\":\"Ancia oboe studenti principianti EG-REEDS. Acquistare ance per oboe economiche e di altissima qualit\u00e0 per studenti non \u00e8 mai stato cos\u00ec facile.\",\"breadcrumb\":{\"@id\":\"https:\\\/\\\/eg-reeds.com\\\/it\\\/shop\\\/ance-e-canne-per-studenti\\\/ancia-oboe-studenti-principianti-eg-reeds\\\/#breadcrumb\"},\"inLanguage\":\"it-IT\",\"potentialAction\":[{\"@type\":\"ReadAction\",\"target\":[\"https:\\\/\\\/eg-reeds.com\\\/it\\\/shop\\\/ance-e-canne-per-studenti\\\/ancia-oboe-studenti-principianti-eg-reeds\\\/\"]}]},{\"@type\":\"ImageObject\",\"inLanguage\":\"it-IT\",\"@id\":\"https:\\\/\\\/eg-reeds.com\\\/it\\\/shop\\\/ance-e-canne-per-studenti\\\/ancia-oboe-studenti-principianti-eg-reeds\\\/#primaryimage\",\"url\":\"https:\\\/\\\/eg-reeds.com\\\/wp-content\\\/uploads\\\/2015\\\/02\\\/Beginner-oboe-reed-eg-reeds.jpg\",\"contentUrl\":\"https:\\\/\\\/eg-reeds.com\\\/wp-content\\\/uploads\\\/2015\\\/02\\\/Beginner-oboe-reed-eg-reeds.jpg\",\"width\":1280,\"height\":1088,\"caption\":\"Ancia oboe studenti principianti EG-REEDS\"},{\"@type\":\"BreadcrumbList\",\"@id\":\"https:\\\/\\\/eg-reeds.com\\\/it\\\/shop\\\/ance-e-canne-per-studenti\\\/ancia-oboe-studenti-principianti-eg-reeds\\\/#breadcrumb\",\"itemListElement\":[{\"@type\":\"ListItem\",\"position\":1,\"name\":\"Startseite\",\"item\":\"https:\\\/\\\/eg-reeds.com\\\/it\\\/\"},{\"@type\":\"ListItem\",\"position\":2,\"name\":\"Negozio\",\"item\":\"https:\\\/\\\/eg-reeds.com\\\/it\\\/\"},{\"@type\":\"ListItem\",\"position\":3,\"name\":\"Ancia oboe studenti principianti EG-REEDS\"}]},{\"@type\":\"WebSite\",\"@id\":\"https:\\\/\\\/eg-reeds.com\\\/it\\\/#website\",\"url\":\"https:\\\/\\\/eg-reeds.com\\\/it\\\/\",\"name\":\"www.eg-reeds.com\",\"description\":\"Ance oboe\",\"publisher\":{\"@id\":\"https:\\\/\\\/eg-reeds.com\\\/it\\\/#organization\"},\"alternateName\":\"eg-reeds.com\",\"potentialAction\":[{\"@type\":\"SearchAction\",\"target\":{\"@type\":\"EntryPoint\",\"urlTemplate\":\"https:\\\/\\\/eg-reeds.com\\\/it\\\/?s={search_term_string}\"},\"query-input\":{\"@type\":\"PropertyValueSpecification\",\"valueRequired\":true,\"valueName\":\"search_term_string\"}}],\"inLanguage\":\"it-IT\"},{\"@type\":\"Organization\",\"@id\":\"https:\\\/\\\/eg-reeds.com\\\/it\\\/#organization\",\"name\":\"www.eg-reeds.com\",\"url\":\"https:\\\/\\\/eg-reeds.com\\\/it\\\/\",\"logo\":{\"@type\":\"ImageObject\",\"inLanguage\":\"it-IT\",\"@id\":\"https:\\\/\\\/eg-reeds.com\\\/it\\\/#\\\/schema\\\/logo\\\/image\\\/\",\"url\":\"https:\\\/\\\/eg-reeds.com\\\/wp-content\\\/uploads\\\/2024\\\/06\\\/Logo-scaled-e1718793906611.jpg\",\"contentUrl\":\"https:\\\/\\\/eg-reeds.com\\\/wp-content\\\/uploads\\\/2024\\\/06\\\/Logo-scaled-e1718793906611.jpg\",\"width\":1200,\"height\":493,\"caption\":\"www.eg-reeds.com\"},\"image\":{\"@id\":\"https:\\\/\\\/eg-reeds.com\\\/it\\\/#\\\/schema\\\/logo\\\/image\\\/\"},\"sameAs\":[\"https:\\\/\\\/www.facebook.com\\\/EGREEDS\",\"https:\\\/\\\/x.com\\\/egreeds\",\"https:\\\/\\\/www.instagram.com\\\/egreeds\\\/\",\"https:\\\/\\\/www.youtube.com\\\/c\\\/EGREEDS\",\"https:\\\/\\\/www.threads.net\\\/@egreeds\",\"https:\\\/\\\/www.tiktok.com\\\/@egreeds\"]}]}<\/script>\n<meta property=\"product:price:amount\" content=\"11.50\" \/>\n<meta property=\"product:price:currency\" content=\"EUR\" \/>\n<meta property=\"og:availability\" content=\"instock\" \/>\n<meta property=\"product:availability\" content=\"instock\" \/>\n<meta property=\"product:retailer_item_id\" content=\"CEB\" \/>\n<meta property=\"product:condition\" content=\"new\" \/>\n<!-- \/ Yoast SEO Premium plugin. -->","yoast_head_json":{"title":"Ancia oboe studenti principianti EG-REEDS - EG-REEDS","description":"Ancia oboe studenti principianti EG-REEDS. Acquistare ance per oboe economiche e di altissima qualit\u00e0 per studenti non \u00e8 mai stato cos\u00ec facile.","robots":{"index":"index","follow":"follow","max-snippet":"max-snippet:-1","max-image-preview":"max-image-preview:large","max-video-preview":"max-video-preview:-1"},"canonical":"https:\/\/eg-reeds.com\/it\/shop\/ance-e-canne-per-studenti\/ancia-oboe-studenti-principianti-eg-reeds\/","og_locale":"it_IT","og_type":"article","og_title":"Ancia oboe studenti principianti EG-REEDS","og_description":"Ancia oboe studenti principianti EG-REEDS. Acquistare ance per oboe economiche e di altissima qualit\u00e0 per studenti non \u00e8 mai stato cos\u00ec facile.","og_url":"https:\/\/eg-reeds.com\/it\/shop\/ance-e-canne-per-studenti\/ancia-oboe-studenti-principianti-eg-reeds\/","og_site_name":"EG-REEDS","article_publisher":"https:\/\/www.facebook.com\/EGREEDS","article_modified_time":"2025-09-23T08:18:02+00:00","og_image":[{"width":640,"height":544,"url":"https:\/\/eg-reeds.com\/wp-content\/uploads\/2015\/02\/Beginner-oboe-reed-.jpg","type":"image\/jpeg"}],"twitter_card":"summary_large_image","twitter_image":"http:\/\/eg-reeds.com\/wp-content\/uploads\/2015\/02\/Beginner-oboe-reed-.jpg","twitter_site":"@egreeds","twitter_misc":{"Prezzo":"11,50&euro;","Disponibilit\u00e0":"In stock"},"schema":{"@context":"https:\/\/schema.org","@graph":[{"@type":["WebPage","ItemPage"],"@id":"https:\/\/eg-reeds.com\/it\/shop\/ance-e-canne-per-studenti\/ancia-oboe-studenti-principianti-eg-reeds\/","url":"https:\/\/eg-reeds.com\/it\/shop\/ance-e-canne-per-studenti\/ancia-oboe-studenti-principianti-eg-reeds\/","name":"Ancia oboe studenti principianti EG-REEDS - EG-REEDS","isPartOf":{"@id":"https:\/\/eg-reeds.com\/it\/#website"},"primaryImageOfPage":{"@id":"https:\/\/eg-reeds.com\/it\/shop\/ance-e-canne-per-studenti\/ancia-oboe-studenti-principianti-eg-reeds\/#primaryimage"},"image":{"@id":"https:\/\/eg-reeds.com\/it\/shop\/ance-e-canne-per-studenti\/ancia-oboe-studenti-principianti-eg-reeds\/#primaryimage"},"thumbnailUrl":"https:\/\/eg-reeds.com\/wp-content\/uploads\/2015\/02\/Beginner-oboe-reed-eg-reeds.jpg","datePublished":"2015-02-24T11:20:42+00:00","dateModified":"2025-09-23T08:18:02+00:00","description":"Ancia oboe studenti principianti EG-REEDS. Acquistare ance per oboe economiche e di altissima qualit\u00e0 per studenti non \u00e8 mai stato cos\u00ec facile.","breadcrumb":{"@id":"https:\/\/eg-reeds.com\/it\/shop\/ance-e-canne-per-studenti\/ancia-oboe-studenti-principianti-eg-reeds\/#breadcrumb"},"inLanguage":"it-IT","potentialAction":[{"@type":"ReadAction","target":["https:\/\/eg-reeds.com\/it\/shop\/ance-e-canne-per-studenti\/ancia-oboe-studenti-principianti-eg-reeds\/"]}]},{"@type":"ImageObject","inLanguage":"it-IT","@id":"https:\/\/eg-reeds.com\/it\/shop\/ance-e-canne-per-studenti\/ancia-oboe-studenti-principianti-eg-reeds\/#primaryimage","url":"https:\/\/eg-reeds.com\/wp-content\/uploads\/2015\/02\/Beginner-oboe-reed-eg-reeds.jpg","contentUrl":"https:\/\/eg-reeds.com\/wp-content\/uploads\/2015\/02\/Beginner-oboe-reed-eg-reeds.jpg","width":1280,"height":1088,"caption":"Ancia oboe studenti principianti EG-REEDS"},{"@type":"BreadcrumbList","@id":"https:\/\/eg-reeds.com\/it\/shop\/ance-e-canne-per-studenti\/ancia-oboe-studenti-principianti-eg-reeds\/#breadcrumb","itemListElement":[{"@type":"ListItem","position":1,"name":"Startseite","item":"https:\/\/eg-reeds.com\/it\/"},{"@type":"ListItem","position":2,"name":"Negozio","item":"https:\/\/eg-reeds.com\/it\/"},{"@type":"ListItem","position":3,"name":"Ancia oboe studenti principianti EG-REEDS"}]},{"@type":"WebSite","@id":"https:\/\/eg-reeds.com\/it\/#website","url":"https:\/\/eg-reeds.com\/it\/","name":"www.eg-reeds.com","description":"Ance oboe","publisher":{"@id":"https:\/\/eg-reeds.com\/it\/#organization"},"alternateName":"eg-reeds.com","potentialAction":[{"@type":"SearchAction","target":{"@type":"EntryPoint","urlTemplate":"https:\/\/eg-reeds.com\/it\/?s={search_term_string}"},"query-input":{"@type":"PropertyValueSpecification","valueRequired":true,"valueName":"search_term_string"}}],"inLanguage":"it-IT"},{"@type":"Organization","@id":"https:\/\/eg-reeds.com\/it\/#organization","name":"www.eg-reeds.com","url":"https:\/\/eg-reeds.com\/it\/","logo":{"@type":"ImageObject","inLanguage":"it-IT","@id":"https:\/\/eg-reeds.com\/it\/#\/schema\/logo\/image\/","url":"https:\/\/eg-reeds.com\/wp-content\/uploads\/2024\/06\/Logo-scaled-e1718793906611.jpg","contentUrl":"https:\/\/eg-reeds.com\/wp-content\/uploads\/2024\/06\/Logo-scaled-e1718793906611.jpg","width":1200,"height":493,"caption":"www.eg-reeds.com"},"image":{"@id":"https:\/\/eg-reeds.com\/it\/#\/schema\/logo\/image\/"},"sameAs":["https:\/\/www.facebook.com\/EGREEDS","https:\/\/x.com\/egreeds","https:\/\/www.instagram.com\/egreeds\/","https:\/\/www.youtube.com\/c\/EGREEDS","https:\/\/www.threads.net\/@egreeds","https:\/\/www.tiktok.com\/@egreeds"]}]},"product_price_amount":"11.50","product_price_currency":"EUR","og_availability":"instock","product_availability":"instock","product_retailer_item_id":"CEB","product_condition":"new"},"_links":{"self":[{"href":"https:\/\/eg-reeds.com\/it\/wp-json\/wp\/v2\/product\/2526","targetHints":{"allow":["GET"]}}],"collection":[{"href":"https:\/\/eg-reeds.com\/it\/wp-json\/wp\/v2\/product"}],"about":[{"href":"https:\/\/eg-reeds.com\/it\/wp-json\/wp\/v2\/types\/product"}],"replies":[{"embeddable":true,"href":"https:\/\/eg-reeds.com\/it\/wp-json\/wp\/v2\/comments?post=2526"}],"wp:featuredmedia":[{"embeddable":true,"href":"https:\/\/eg-reeds.com\/it\/wp-json\/wp\/v2\/media\/35939"}],"wp:attachment":[{"href":"https:\/\/eg-reeds.com\/it\/wp-json\/wp\/v2\/media?parent=2526"}],"wp:term":[{"taxonomy":"product_brand","embeddable":true,"href":"https:\/\/eg-reeds.com\/it\/wp-json\/wp\/v2\/product_brand?post=2526"},{"taxonomy":"product_cat","embeddable":true,"href":"https:\/\/eg-reeds.com\/it\/wp-json\/wp\/v2\/product_cat?post=2526"},{"taxonomy":"product_tag","embeddable":true,"href":"https:\/\/eg-reeds.com\/it\/wp-json\/wp\/v2\/product_tag?post=2526"},{"taxonomy":"giftcard-category","embeddable":true,"href":"https:\/\/eg-reeds.com\/it\/wp-json\/wp\/v2\/giftcard-category?post=2526"}],"curies":[{"name":"wp","href":"https:\/\/api.w.org\/{rel}","templated":true}]}}