{"id":2544,"date":"2015-02-03T09:06:39","date_gmt":"2015-02-03T09:06:39","guid":{"rendered":"http:\/\/eg-reeds.com\/shop\/uncategorized\/macchina-per-fare-le-ance-di-oboe-e-corno-inglese-k-ge\/"},"modified":"2026-01-11T04:31:24","modified_gmt":"2026-01-11T03:31:24","slug":"macchina-per-fare-le-ance-di-oboe-e-corno-inglese-k-ge","status":"publish","type":"product","link":"https:\/\/eg-reeds.com\/it\/shop\/macchine-per-la-lavorazione-delle-ance\/macchine-k-ge\/macchina-per-fare-le-ance-di-oboe-e-corno-inglese-k-ge\/","title":{"rendered":"Macchina per temperare la punta delle ance di oboe e corno inglese K.GE"},"content":{"rendered":"<h1>Macchina per temperare la punta delle ance di oboe e corno inglese K.GE<\/h1>\n<p>Macchina per temperare la punta delle ance di oboe e corno inglese K.GE<\/p>\n<p>Spedizione in <strong>circa 30 giorni<\/strong>, a seconda del produttore.<\/p>\n<p>La macchina per raspare K.GE \u00e8 lo strumento ideale per oboisti e musicisti di corno inglese che cercano precisione e costanza nella preparazione delle loro ance. Con un design robusto, questa macchina consente regolazioni accurate per garantire prestazioni ottimali nel raspare le ance.<\/p>\n<p>La macchina offre numerose configurazioni e varianti personalizzabili, offrendo la libert\u00e0 di un coltello unita alla precisione di una macchina. Di seguito sono presenti video che mostrano il funzionamento della macchina e risposte alle domande frequenti.<\/p>\n<h2><\/h2>\n<h2>Assistenza Tecnica Ufficiale K.GE<\/h2>\n<p>Da EG-REEDS, forniamo anche assistenza tecnica ufficiale.<\/p>\n<div><strong>Servizio disponibile solo per macchine acquistate su <a href=\"http:\/\/eg-reeds.com\" target=\"_blank\" rel=\"noopener\">www.eg-reeds.com<\/a><\/strong><\/div>\n<blockquote class=\"wp-embedded-content\" data-secret=\"7za3x5c3VX\"><p><a href=\"https:\/\/eg-reeds.com\/it\/k-ge-assistenza-tecnica-autorizzata\/\">K.GE Assistenza tecnica autorizzata<\/a><\/p><\/blockquote>\n<p><iframe loading=\"lazy\" class=\"wp-embedded-content\" sandbox=\"allow-scripts\" security=\"restricted\" style=\"position: absolute; visibility: hidden;\" title=\"&#8220;K.GE Assistenza tecnica autorizzata&#8221; &#8212; EG-REEDS\" src=\"https:\/\/eg-reeds.com\/it\/k-ge-assistenza-tecnica-autorizzata\/embed\/#?secret=J3bmPND8Am#?secret=7za3x5c3VX\" data-secret=\"7za3x5c3VX\" width=\"600\" height=\"338\" frameborder=\"0\" marginwidth=\"0\" marginheight=\"0\" scrolling=\"no\"><\/iframe><\/p>\n<p>&nbsp;<\/p>\n<h2>Macchina per Raspare K.GE<\/h2>\n<p><span style=\"font-weight: 400;\">&#8220;A differenza di altre macchine per raspare progettate e vendute in precedenza da altri produttori, questa macchina permette di terminare completamente l&#8217;ancia, rendendola pronta per suonare. Non \u00e8 necessario ritoccare l&#8217;ancia con un coltello, poich\u00e9 la macchina offre una vasta gamma di impostazioni che consentono di completare l\u2019ancia interamente. Crediamo che questa macchina per raspare sia un dispositivo rivoluzionario, che render\u00e0 il processo di creazione delle ance pi\u00f9 rapido e, cosa pi\u00f9 importante, un processo pi\u00f9 prevedibile e affidabile. Grazie allo stampo progettato al computer, \u00e8 possibile realizzare rapidamente ance perfettamente bilanciate.&#8221; *<\/span><\/p>\n<p><span style=\"font-weight: 400;\">* Informazioni fornite da K.GE.<\/span><\/p>\n<p><a href=\"http:\/\/eg-reeds.com\/wp-content\/uploads\/2015\/02\/kge-reeds.jpg\"><img loading=\"lazy\" decoding=\"async\" class=\"wp-image-1361\" src=\"http:\/\/eg-reeds.com\/wp-content\/uploads\/2015\/02\/kge-reeds-300x202.jpg\" alt=\"Macchina per raspare K.GE, modello di ancia tedesco e francese\" width=\"304\" height=\"205\" \/><\/a><\/p>\n<p>Modelli di ancia tedesco e francese. https:\/\/www.youtube.com\/watch?v=4kvuZDobYRY&amp;list=PLModsvpiqYEcJhtXwGlpzuVQywqFawbvj&amp;index=2<\/p>\n<h3 class=\"accordion_title\">Domande Frequenti<\/h3><div class=\"accordion\">\n\t<div id=\"accordion-2777778622\" class=\"accordion-item\">\n\t\t<a id=\"accordion-2777778622-label\" class=\"accordion-title plain\" href=\"#accordion-item-si-possono-fare-ance-per-corno-inglese?\" aria-expanded=\"false\" aria-controls=\"accordion-2777778622-content\">\n\t\t\t<button class=\"toggle\" aria-label=\"Attiva\/Disattiva\"><i class=\"icon-angle-down\" aria-hidden=\"true\"><\/i><\/button>\n\t\t\t<span>Si possono fare ance per corno inglese?<\/span>\n\t\t<\/a>\n\t\t<div id=\"accordion-2777778622-content\" class=\"accordion-inner\" aria-labelledby=\"accordion-2777778622-label\">\n\t\t\t\n<p><span style=\"font-weight: 400;\">S\u00ec. Basta seguire alcuni semplici passaggi e in pochi secondi la macchina sar\u00e0 pronta per realizzare ance per corno inglese. \u00c8 possibile vedere tutti i video tutorial nella scheda &#8220;Video&#8221;.<\/span><br \/>\n\t\t<\/div>\n\t<\/div>\n\t\n\t<div id=\"accordion-2232422004\" class=\"accordion-item\">\n\t\t<a id=\"accordion-2232422004-label\" class=\"accordion-title plain\" href=\"#accordion-item-posso-modificare-la-lunghezza-del-raspare-senza-cambiare-la-punta?\" aria-expanded=\"false\" aria-controls=\"accordion-2232422004-content\">\n\t\t\t<button class=\"toggle\" aria-label=\"Attiva\/Disattiva\"><i class=\"icon-angle-down\" aria-hidden=\"true\"><\/i><\/button>\n\t\t\t<span>Posso modificare la lunghezza del raspare senza cambiare la punta?<\/span>\n\t\t<\/a>\n\t\t<div id=\"accordion-2232422004-content\" class=\"accordion-inner\" aria-labelledby=\"accordion-2232422004-label\">\n\t\t\t\n<p><span style=\"font-weight: 400;\">S\u00ec, \u00e8 possibile modificare la lunghezza del raspare mantenendo invariata la punta dell&#8217;ancia.<\/span><br \/>\n\t\t<\/div>\n\t<\/div>\n\t\n\t<div id=\"accordion-2801807138\" class=\"accordion-item\">\n\t\t<a id=\"accordion-2801807138-label\" class=\"accordion-title plain\" href=\"#accordion-item-posso-modificare-la-punta-senza-cambiare-la-lunghezza-del-raspare?\" aria-expanded=\"false\" aria-controls=\"accordion-2801807138-content\">\n\t\t\t<button class=\"toggle\" aria-label=\"Attiva\/Disattiva\"><i class=\"icon-angle-down\" aria-hidden=\"true\"><\/i><\/button>\n\t\t\t<span>Posso modificare la punta senza cambiare la lunghezza del raspare?<\/span>\n\t\t<\/a>\n\t\t<div id=\"accordion-2801807138-content\" class=\"accordion-inner\" aria-labelledby=\"accordion-2801807138-label\">\n\t\t\t\n<p><span style=\"font-weight: 400;\">S\u00ec, \u00e8 possibile modificare la punta senza alterare la lunghezza del raspare.<\/span><br \/>\n\t\t<\/div>\n\t<\/div>\n\t\n\t<div id=\"accordion-3304393560\" class=\"accordion-item\">\n\t\t<a id=\"accordion-3304393560-label\" class=\"accordion-title plain\" href=\"#accordion-item-posso-regolare-la-quantit\u00e0-di-legno-rimossa-dalla-parte-posteriore-del-raspare?\" aria-expanded=\"false\" aria-controls=\"accordion-3304393560-content\">\n\t\t\t<button class=\"toggle\" aria-label=\"Attiva\/Disattiva\"><i class=\"icon-angle-down\" aria-hidden=\"true\"><\/i><\/button>\n\t\t\t<span>Posso regolare la quantit\u00e0 di legno rimossa dalla parte posteriore del raspare?<\/span>\n\t\t<\/a>\n\t\t<div id=\"accordion-3304393560-content\" class=\"accordion-inner\" aria-labelledby=\"accordion-3304393560-label\">\n\t\t\t\n<p><span style=\"font-weight: 400;\">S\u00ec, grazie alla molla dietro la lama \u00e8 possibile regolare la quantit\u00e0 di legno che si desidera rimuovere dalla parte posteriore.<\/span><br \/>\n\t\t<\/div>\n\t<\/div>\n\t\n\t<div id=\"accordion-2367874389\" class=\"accordion-item\">\n\t\t<a id=\"accordion-2367874389-label\" class=\"accordion-title plain\" href=\"#accordion-item-quali-sono-le-differenze-tra-il-modello-tedesco-e-quello-francese?\" aria-expanded=\"false\" aria-controls=\"accordion-2367874389-content\">\n\t\t\t<button class=\"toggle\" aria-label=\"Attiva\/Disattiva\"><i class=\"icon-angle-down\" aria-hidden=\"true\"><\/i><\/button>\n\t\t\t<span>Quali sono le differenze tra il modello tedesco e quello francese?<\/span>\n\t\t<\/a>\n\t\t<div id=\"accordion-2367874389-content\" class=\"accordion-inner\" aria-labelledby=\"accordion-2367874389-label\">\n\t\t\t\n<p><span style=\"font-weight: 400;\">Lo stampo dell&#8217;ancia tedesca crea una punta meno progressiva, mentre lo stampo francese crea una punta pi\u00f9 progressiva e pi\u00f9 collegata al corpo dell&#8217;ancia. Entrambi i modelli permettono un\u2019emissione facile e stabile.<\/span><br \/>\n\t\t<\/div>\n\t<\/div>\n\t\n<\/div>\n<iframe loading=\"lazy\" src=\"https:\/\/www.youtube.com\/embed\/G95Vxt_4MmY\" width=\"290\" height=\"218\" frameborder=\"0\" allowfullscreen=\"allowfullscreen\"><\/iframe>\u00a0 \u00a0 \u00a0 \u00a0\u00a0<iframe loading=\"lazy\" src=\"https:\/\/www.youtube.com\/embed\/xeWpFBNxnZg\" width=\"290\" height=\"218\" frameborder=\"0\" allowfullscreen=\"allowfullscreen\"><\/iframe>\u00a0 \u00a0 \u00a0 \u00a0 \u00a0<iframe loading=\"lazy\" src=\"https:\/\/www.youtube.com\/embed\/217vzGpG7q0\" width=\"290\" height=\"218\" frameborder=\"0\" allowfullscreen=\"allowfullscreen\"><\/iframe>\u00a0 \u00a0 \u00a0 \u00a0 \u00a0<iframe loading=\"lazy\" src=\"https:\/\/www.youtube.com\/embed\/QitrHwV9mLU\" width=\"290\" height=\"218\" frameborder=\"0\" allowfullscreen=\"allowfullscreen\"><\/iframe>\u00a0 \u00a0 \u00a0 \u00a0 <iframe loading=\"lazy\" src=\"https:\/\/www.youtube.com\/embed\/XrOkbPVXnaE\" width=\"290\" height=\"218\" frameborder=\"0\" allowfullscreen=\"allowfullscreen\"><\/iframe>\u00a0 \u00a0 \u00a0 \u00a0 \u00a0<iframe loading=\"lazy\" src=\"https:\/\/www.youtube.com\/embed\/XrOkbPVXnaE\" width=\"290\" height=\"218\" frameborder=\"0\" allowfullscreen=\"allowfullscreen\"><\/iframe>\u00a0 \u00a0 \u00a0 \u00a0 \u00a0<iframe loading=\"lazy\" src=\"https:\/\/www.youtube.com\/embed\/4kvuZDobYRY\" width=\"290\" height=\"218\" frameborder=\"0\" allowfullscreen=\"allowfullscreen\"><\/iframe>\u00a0 \u00a0 \u00a0 \u00a0\u00a0<iframe loading=\"lazy\" src=\"https:\/\/www.youtube.com\/embed\/K8OUcKb6psA\" width=\"290\" height=\"218\" frameborder=\"0\" allowfullscreen=\"allowfullscreen\"><\/iframe>\n","protected":false},"excerpt":{"rendered":"<p>Il prezzo include una regolazione iniziale di \u00c9ric Gonz\u00e1lez. Si prega di leggere le informazioni di seguito.<\/p>\n","protected":false},"featured_media":24545,"comment_status":"open","ping_status":"closed","template":"","meta":[],"product_brand":[],"product_cat":[365,1348],"product_tag":[],"giftcard-category":[],"class_list":{"0":"post-2544","1":"product","2":"type-product","3":"status-publish","4":"has-post-thumbnail","6":"product_cat-macchine-per-la-lavorazione-delle-ance","7":"product_cat-macchine-k-ge","8":"product_shipping_class-rmm-it","10":"first","11":"outofstock","12":"taxable","13":"shipping-taxable","14":"purchasable","15":"product-type-variable"},"yoast_head":"<!-- This site is optimized with the Yoast SEO Premium plugin v27.0 (Yoast SEO v27.4) - https:\/\/yoast.com\/product\/yoast-seo-premium-wordpress\/ -->\n<title>Macchina per temperare la punta delle ance di oboe e corno inglese K.GE - EG-REEDS<\/title>\n<meta name=\"description\" content=\"Macchina per temperare la punta delle ance di oboe e corno inglese K.GE. Modello tedesco o francese. La libert\u00e0 di un coltello con precisione di macchina.\" \/>\n<meta name=\"robots\" content=\"index, follow, max-snippet:-1, max-image-preview:large, max-video-preview:-1\" \/>\n<link rel=\"canonical\" href=\"https:\/\/eg-reeds.com\/it\/shop\/macchine-per-la-lavorazione-delle-ance\/macchine-k-ge\/macchina-per-fare-le-ance-di-oboe-e-corno-inglese-k-ge\/\" \/>\n<meta property=\"og:locale\" content=\"it_IT\" \/>\n<meta property=\"og:type\" content=\"article\" \/>\n<meta property=\"og:title\" content=\"Macchina per temperare la punta delle ance di oboe e corno inglese K.GE\" \/>\n<meta property=\"og:description\" content=\"Macchina per temperare la punta delle ance di oboe e corno inglese K.GE. Modello tedesco o francese. La libert\u00e0 di un coltello con precisione di macchina.\" \/>\n<meta property=\"og:url\" content=\"https:\/\/eg-reeds.com\/it\/shop\/macchine-per-la-lavorazione-delle-ance\/macchine-k-ge\/macchina-per-fare-le-ance-di-oboe-e-corno-inglese-k-ge\/\" \/>\n<meta property=\"og:site_name\" content=\"EG-REEDS\" \/>\n<meta property=\"article:publisher\" content=\"https:\/\/www.facebook.com\/EGREEDS\" \/>\n<meta property=\"article:modified_time\" content=\"2026-01-11T03:31:24+00:00\" \/>\n<meta property=\"og:image\" content=\"https:\/\/eg-reeds.com\/wp-content\/uploads\/2017\/01\/Oboe-Reeds-Making-Profiling-EG-REEDS-1.jpg\" \/>\n\t<meta property=\"og:image:width\" content=\"640\" \/>\n\t<meta property=\"og:image:height\" content=\"544\" \/>\n\t<meta property=\"og:image:type\" content=\"image\/jpeg\" \/>\n<meta name=\"twitter:card\" content=\"summary_large_image\" \/>\n<meta name=\"twitter:site\" content=\"@egreeds\" \/>\n<meta name=\"twitter:label1\" content=\"Disponibilit\u00e0\" \/>\n\t<meta name=\"twitter:data1\" content=\"Esaurito\" \/>\n<script type=\"application\/ld+json\" class=\"yoast-schema-graph\">{\"@context\":\"https:\\\/\\\/schema.org\",\"@graph\":[{\"@type\":[\"WebPage\",\"ItemPage\"],\"@id\":\"https:\\\/\\\/eg-reeds.com\\\/it\\\/shop\\\/macchine-per-la-lavorazione-delle-ance\\\/macchine-k-ge\\\/macchina-per-fare-le-ance-di-oboe-e-corno-inglese-k-ge\\\/\",\"url\":\"https:\\\/\\\/eg-reeds.com\\\/it\\\/shop\\\/macchine-per-la-lavorazione-delle-ance\\\/macchine-k-ge\\\/macchina-per-fare-le-ance-di-oboe-e-corno-inglese-k-ge\\\/\",\"name\":\"Macchina per temperare la punta delle ance di oboe e corno inglese K.GE - EG-REEDS\",\"isPartOf\":{\"@id\":\"https:\\\/\\\/eg-reeds.com\\\/it\\\/#website\"},\"primaryImageOfPage\":{\"@id\":\"https:\\\/\\\/eg-reeds.com\\\/it\\\/shop\\\/macchine-per-la-lavorazione-delle-ance\\\/macchine-k-ge\\\/macchina-per-fare-le-ance-di-oboe-e-corno-inglese-k-ge\\\/#primaryimage\"},\"image\":{\"@id\":\"https:\\\/\\\/eg-reeds.com\\\/it\\\/shop\\\/macchine-per-la-lavorazione-delle-ance\\\/macchine-k-ge\\\/macchina-per-fare-le-ance-di-oboe-e-corno-inglese-k-ge\\\/#primaryimage\"},\"thumbnailUrl\":\"https:\\\/\\\/eg-reeds.com\\\/wp-content\\\/uploads\\\/2017\\\/01\\\/Oboe-Reeds-Making-Profiling-EG-REEDS-1.jpg\",\"datePublished\":\"2015-02-03T09:06:39+00:00\",\"dateModified\":\"2026-01-11T03:31:24+00:00\",\"description\":\"Macchina per temperare la punta delle ance di oboe e corno inglese K.GE. Modello tedesco o francese. La libert\u00e0 di un coltello con precisione di macchina.\",\"breadcrumb\":{\"@id\":\"https:\\\/\\\/eg-reeds.com\\\/it\\\/shop\\\/macchine-per-la-lavorazione-delle-ance\\\/macchine-k-ge\\\/macchina-per-fare-le-ance-di-oboe-e-corno-inglese-k-ge\\\/#breadcrumb\"},\"inLanguage\":\"it-IT\",\"potentialAction\":[{\"@type\":\"ReadAction\",\"target\":[\"https:\\\/\\\/eg-reeds.com\\\/it\\\/shop\\\/macchine-per-la-lavorazione-delle-ance\\\/macchine-k-ge\\\/macchina-per-fare-le-ance-di-oboe-e-corno-inglese-k-ge\\\/\"]}]},{\"@type\":\"ImageObject\",\"inLanguage\":\"it-IT\",\"@id\":\"https:\\\/\\\/eg-reeds.com\\\/it\\\/shop\\\/macchine-per-la-lavorazione-delle-ance\\\/macchine-k-ge\\\/macchina-per-fare-le-ance-di-oboe-e-corno-inglese-k-ge\\\/#primaryimage\",\"url\":\"https:\\\/\\\/eg-reeds.com\\\/wp-content\\\/uploads\\\/2017\\\/01\\\/Oboe-Reeds-Making-Profiling-EG-REEDS-1.jpg\",\"contentUrl\":\"https:\\\/\\\/eg-reeds.com\\\/wp-content\\\/uploads\\\/2017\\\/01\\\/Oboe-Reeds-Making-Profiling-EG-REEDS-1.jpg\",\"width\":640,\"height\":544,\"caption\":\"Profiling Machine K.GE\"},{\"@type\":\"BreadcrumbList\",\"@id\":\"https:\\\/\\\/eg-reeds.com\\\/it\\\/shop\\\/macchine-per-la-lavorazione-delle-ance\\\/macchine-k-ge\\\/macchina-per-fare-le-ance-di-oboe-e-corno-inglese-k-ge\\\/#breadcrumb\",\"itemListElement\":[{\"@type\":\"ListItem\",\"position\":1,\"name\":\"Startseite\",\"item\":\"https:\\\/\\\/eg-reeds.com\\\/it\\\/\"},{\"@type\":\"ListItem\",\"position\":2,\"name\":\"Negozio\",\"item\":\"https:\\\/\\\/eg-reeds.com\\\/it\\\/\"},{\"@type\":\"ListItem\",\"position\":3,\"name\":\"Macchina per temperare la punta delle ance di oboe e corno inglese K.GE\"}]},{\"@type\":\"WebSite\",\"@id\":\"https:\\\/\\\/eg-reeds.com\\\/it\\\/#website\",\"url\":\"https:\\\/\\\/eg-reeds.com\\\/it\\\/\",\"name\":\"www.eg-reeds.com\",\"description\":\"Ance oboe\",\"publisher\":{\"@id\":\"https:\\\/\\\/eg-reeds.com\\\/it\\\/#organization\"},\"alternateName\":\"eg-reeds.com\",\"potentialAction\":[{\"@type\":\"SearchAction\",\"target\":{\"@type\":\"EntryPoint\",\"urlTemplate\":\"https:\\\/\\\/eg-reeds.com\\\/it\\\/?s={search_term_string}\"},\"query-input\":{\"@type\":\"PropertyValueSpecification\",\"valueRequired\":true,\"valueName\":\"search_term_string\"}}],\"inLanguage\":\"it-IT\"},{\"@type\":\"Organization\",\"@id\":\"https:\\\/\\\/eg-reeds.com\\\/it\\\/#organization\",\"name\":\"www.eg-reeds.com\",\"url\":\"https:\\\/\\\/eg-reeds.com\\\/it\\\/\",\"logo\":{\"@type\":\"ImageObject\",\"inLanguage\":\"it-IT\",\"@id\":\"https:\\\/\\\/eg-reeds.com\\\/it\\\/#\\\/schema\\\/logo\\\/image\\\/\",\"url\":\"https:\\\/\\\/eg-reeds.com\\\/wp-content\\\/uploads\\\/2024\\\/06\\\/Logo-scaled-e1718793906611.jpg\",\"contentUrl\":\"https:\\\/\\\/eg-reeds.com\\\/wp-content\\\/uploads\\\/2024\\\/06\\\/Logo-scaled-e1718793906611.jpg\",\"width\":1200,\"height\":493,\"caption\":\"www.eg-reeds.com\"},\"image\":{\"@id\":\"https:\\\/\\\/eg-reeds.com\\\/it\\\/#\\\/schema\\\/logo\\\/image\\\/\"},\"sameAs\":[\"https:\\\/\\\/www.facebook.com\\\/EGREEDS\",\"https:\\\/\\\/x.com\\\/egreeds\",\"https:\\\/\\\/www.instagram.com\\\/egreeds\\\/\",\"https:\\\/\\\/www.youtube.com\\\/c\\\/EGREEDS\",\"https:\\\/\\\/www.threads.net\\\/@egreeds\",\"https:\\\/\\\/www.tiktok.com\\\/@egreeds\"]}]}<\/script>\n<meta property=\"og:availability\" content=\"out of stock\" \/>\n<meta property=\"product:availability\" content=\"out of stock\" \/>\n<meta property=\"product:retailer_item_id\" content=\"MKGE\" \/>\n<meta property=\"product:condition\" content=\"new\" \/>\n<!-- \/ Yoast SEO Premium plugin. -->","yoast_head_json":{"title":"Macchina per temperare la punta delle ance di oboe e corno inglese K.GE - EG-REEDS","description":"Macchina per temperare la punta delle ance di oboe e corno inglese K.GE. Modello tedesco o francese. La libert\u00e0 di un coltello con precisione di macchina.","robots":{"index":"index","follow":"follow","max-snippet":"max-snippet:-1","max-image-preview":"max-image-preview:large","max-video-preview":"max-video-preview:-1"},"canonical":"https:\/\/eg-reeds.com\/it\/shop\/macchine-per-la-lavorazione-delle-ance\/macchine-k-ge\/macchina-per-fare-le-ance-di-oboe-e-corno-inglese-k-ge\/","og_locale":"it_IT","og_type":"article","og_title":"Macchina per temperare la punta delle ance di oboe e corno inglese K.GE","og_description":"Macchina per temperare la punta delle ance di oboe e corno inglese K.GE. Modello tedesco o francese. La libert\u00e0 di un coltello con precisione di macchina.","og_url":"https:\/\/eg-reeds.com\/it\/shop\/macchine-per-la-lavorazione-delle-ance\/macchine-k-ge\/macchina-per-fare-le-ance-di-oboe-e-corno-inglese-k-ge\/","og_site_name":"EG-REEDS","article_publisher":"https:\/\/www.facebook.com\/EGREEDS","article_modified_time":"2026-01-11T03:31:24+00:00","og_image":[{"width":640,"height":544,"url":"https:\/\/eg-reeds.com\/wp-content\/uploads\/2017\/01\/Oboe-Reeds-Making-Profiling-EG-REEDS-1.jpg","type":"image\/jpeg"}],"twitter_card":"summary_large_image","twitter_site":"@egreeds","twitter_misc":{"Disponibilit\u00e0":"Esaurito"},"schema":{"@context":"https:\/\/schema.org","@graph":[{"@type":["WebPage","ItemPage"],"@id":"https:\/\/eg-reeds.com\/it\/shop\/macchine-per-la-lavorazione-delle-ance\/macchine-k-ge\/macchina-per-fare-le-ance-di-oboe-e-corno-inglese-k-ge\/","url":"https:\/\/eg-reeds.com\/it\/shop\/macchine-per-la-lavorazione-delle-ance\/macchine-k-ge\/macchina-per-fare-le-ance-di-oboe-e-corno-inglese-k-ge\/","name":"Macchina per temperare la punta delle ance di oboe e corno inglese K.GE - EG-REEDS","isPartOf":{"@id":"https:\/\/eg-reeds.com\/it\/#website"},"primaryImageOfPage":{"@id":"https:\/\/eg-reeds.com\/it\/shop\/macchine-per-la-lavorazione-delle-ance\/macchine-k-ge\/macchina-per-fare-le-ance-di-oboe-e-corno-inglese-k-ge\/#primaryimage"},"image":{"@id":"https:\/\/eg-reeds.com\/it\/shop\/macchine-per-la-lavorazione-delle-ance\/macchine-k-ge\/macchina-per-fare-le-ance-di-oboe-e-corno-inglese-k-ge\/#primaryimage"},"thumbnailUrl":"https:\/\/eg-reeds.com\/wp-content\/uploads\/2017\/01\/Oboe-Reeds-Making-Profiling-EG-REEDS-1.jpg","datePublished":"2015-02-03T09:06:39+00:00","dateModified":"2026-01-11T03:31:24+00:00","description":"Macchina per temperare la punta delle ance di oboe e corno inglese K.GE. Modello tedesco o francese. La libert\u00e0 di un coltello con precisione di macchina.","breadcrumb":{"@id":"https:\/\/eg-reeds.com\/it\/shop\/macchine-per-la-lavorazione-delle-ance\/macchine-k-ge\/macchina-per-fare-le-ance-di-oboe-e-corno-inglese-k-ge\/#breadcrumb"},"inLanguage":"it-IT","potentialAction":[{"@type":"ReadAction","target":["https:\/\/eg-reeds.com\/it\/shop\/macchine-per-la-lavorazione-delle-ance\/macchine-k-ge\/macchina-per-fare-le-ance-di-oboe-e-corno-inglese-k-ge\/"]}]},{"@type":"ImageObject","inLanguage":"it-IT","@id":"https:\/\/eg-reeds.com\/it\/shop\/macchine-per-la-lavorazione-delle-ance\/macchine-k-ge\/macchina-per-fare-le-ance-di-oboe-e-corno-inglese-k-ge\/#primaryimage","url":"https:\/\/eg-reeds.com\/wp-content\/uploads\/2017\/01\/Oboe-Reeds-Making-Profiling-EG-REEDS-1.jpg","contentUrl":"https:\/\/eg-reeds.com\/wp-content\/uploads\/2017\/01\/Oboe-Reeds-Making-Profiling-EG-REEDS-1.jpg","width":640,"height":544,"caption":"Profiling Machine K.GE"},{"@type":"BreadcrumbList","@id":"https:\/\/eg-reeds.com\/it\/shop\/macchine-per-la-lavorazione-delle-ance\/macchine-k-ge\/macchina-per-fare-le-ance-di-oboe-e-corno-inglese-k-ge\/#breadcrumb","itemListElement":[{"@type":"ListItem","position":1,"name":"Startseite","item":"https:\/\/eg-reeds.com\/it\/"},{"@type":"ListItem","position":2,"name":"Negozio","item":"https:\/\/eg-reeds.com\/it\/"},{"@type":"ListItem","position":3,"name":"Macchina per temperare la punta delle ance di oboe e corno inglese K.GE"}]},{"@type":"WebSite","@id":"https:\/\/eg-reeds.com\/it\/#website","url":"https:\/\/eg-reeds.com\/it\/","name":"www.eg-reeds.com","description":"Ance oboe","publisher":{"@id":"https:\/\/eg-reeds.com\/it\/#organization"},"alternateName":"eg-reeds.com","potentialAction":[{"@type":"SearchAction","target":{"@type":"EntryPoint","urlTemplate":"https:\/\/eg-reeds.com\/it\/?s={search_term_string}"},"query-input":{"@type":"PropertyValueSpecification","valueRequired":true,"valueName":"search_term_string"}}],"inLanguage":"it-IT"},{"@type":"Organization","@id":"https:\/\/eg-reeds.com\/it\/#organization","name":"www.eg-reeds.com","url":"https:\/\/eg-reeds.com\/it\/","logo":{"@type":"ImageObject","inLanguage":"it-IT","@id":"https:\/\/eg-reeds.com\/it\/#\/schema\/logo\/image\/","url":"https:\/\/eg-reeds.com\/wp-content\/uploads\/2024\/06\/Logo-scaled-e1718793906611.jpg","contentUrl":"https:\/\/eg-reeds.com\/wp-content\/uploads\/2024\/06\/Logo-scaled-e1718793906611.jpg","width":1200,"height":493,"caption":"www.eg-reeds.com"},"image":{"@id":"https:\/\/eg-reeds.com\/it\/#\/schema\/logo\/image\/"},"sameAs":["https:\/\/www.facebook.com\/EGREEDS","https:\/\/x.com\/egreeds","https:\/\/www.instagram.com\/egreeds\/","https:\/\/www.youtube.com\/c\/EGREEDS","https:\/\/www.threads.net\/@egreeds","https:\/\/www.tiktok.com\/@egreeds"]}]},"og_availability":"out of stock","product_availability":"out of stock","product_retailer_item_id":"MKGE","product_condition":"new"},"_links":{"self":[{"href":"https:\/\/eg-reeds.com\/it\/wp-json\/wp\/v2\/product\/2544","targetHints":{"allow":["GET"]}}],"collection":[{"href":"https:\/\/eg-reeds.com\/it\/wp-json\/wp\/v2\/product"}],"about":[{"href":"https:\/\/eg-reeds.com\/it\/wp-json\/wp\/v2\/types\/product"}],"replies":[{"embeddable":true,"href":"https:\/\/eg-reeds.com\/it\/wp-json\/wp\/v2\/comments?post=2544"}],"wp:featuredmedia":[{"embeddable":true,"href":"https:\/\/eg-reeds.com\/it\/wp-json\/wp\/v2\/media\/24545"}],"wp:attachment":[{"href":"https:\/\/eg-reeds.com\/it\/wp-json\/wp\/v2\/media?parent=2544"}],"wp:term":[{"taxonomy":"product_brand","embeddable":true,"href":"https:\/\/eg-reeds.com\/it\/wp-json\/wp\/v2\/product_brand?post=2544"},{"taxonomy":"product_cat","embeddable":true,"href":"https:\/\/eg-reeds.com\/it\/wp-json\/wp\/v2\/product_cat?post=2544"},{"taxonomy":"product_tag","embeddable":true,"href":"https:\/\/eg-reeds.com\/it\/wp-json\/wp\/v2\/product_tag?post=2544"},{"taxonomy":"giftcard-category","embeddable":true,"href":"https:\/\/eg-reeds.com\/it\/wp-json\/wp\/v2\/giftcard-category?post=2544"}],"curies":[{"name":"wp","href":"https:\/\/api.w.org\/{rel}","templated":true}]}}