{"id":2561,"date":"2015-02-03T10:05:48","date_gmt":"2015-02-03T09:05:48","guid":{"rendered":"http:\/\/eg-reeds.com\/shop\/uncategorized\/macchina-per-misurare-la-flessibilita-della-canna-sgorbiata-k-ge\/"},"modified":"2018-05-23T18:47:49","modified_gmt":"2018-05-23T17:47:49","slug":"macchina-per-misurare-la-flessibilita-della-canna-sgorbiata-k-ge","status":"publish","type":"product","link":"https:\/\/eg-reeds.com\/it\/shop\/macchine-per-la-lavorazione-delle-ance\/macchine-k-ge\/macchina-per-misurare-la-flessibilita-della-canna-sgorbiata-k-ge\/","title":{"rendered":"Macchina per misurare la flessibilit\u00e0 della canna sgorbiata K.GE"},"content":{"rendered":"<h4><strong>Macchina per misurare la flessibilit\u00e0 della canna sgorbiata K.GE.<\/strong><\/h4>\n<p>Flexibility test machine for oboe gouged cane K.GE.<\/p>\n<p>This new tool is fully designed and developed by K.GE. The machine allows to accurately measure the degree of flexibility of the gouged cane. This makes easier the process of scratching, because we know if the cane is hard, medium or soft, with an accurate measurement. In the Videos tab you can carefully observe how it works. The next picture (click to enlarge) shows the measures to determine if the cane is soft, medium or hard.<\/p>\n<p><a href=\"https:\/\/eg-reeds.com\/wp-content\/uploads\/2015\/02\/Flexibility-test-measures-KGE.jpg\"><img loading=\"lazy\" decoding=\"async\" class=\"alignnone wp-image-2026\" src=\"https:\/\/eg-reeds.com\/wp-content\/uploads\/2015\/02\/Flexibility-test-measures-KGE.jpg\" alt=\"Flexibility test measures KGE\" width=\"420\" height=\"314\" srcset=\"https:\/\/eg-reeds.com\/wp-content\/uploads\/2015\/02\/Flexibility-test-measures-KGE.jpg 960w, https:\/\/eg-reeds.com\/wp-content\/uploads\/2015\/02\/Flexibility-test-measures-KGE-600x449.jpg 600w\" sizes=\"auto, (max-width: 420px) 100vw, 420px\" \/><\/a><\/p>\n<p><span style=\"line-height: 1.5;\">Picture\u00a0provided by K.GE.<\/span><\/p>\n<iframe loading=\"lazy\" src=\"https:\/\/www.youtube.com\/embed\/M9vPPCHhgRI\" width=\"340\" height=\"240\" frameborder=\"0\" allowfullscreen=\"allowfullscreen\"><\/iframe>\n","protected":false},"excerpt":{"rendered":"<p>Macchina per misurare la flessibilit\u00e0 della canna sgorbiata K.GE. Flexibility test machine for oboe gouged cane K.GE. This new tool is fully designed and developed by K.GE. The machine allows to accurately measure the degree of flexibility of the gouged cane. This makes easier the process of scratching, because we know if the cane is [&#8230;]\n","protected":false},"featured_media":22917,"comment_status":"open","ping_status":"closed","template":"","meta":[],"product_brand":[],"product_cat":[365,1348],"product_tag":[],"giftcard-category":[],"class_list":{"0":"post-2561","1":"product","2":"type-product","3":"status-publish","4":"has-post-thumbnail","6":"product_cat-macchine-per-la-lavorazione-delle-ance","7":"product_cat-macchine-k-ge","8":"product_shipping_class-rmm-it","10":"first","11":"outofstock","12":"taxable","13":"shipping-taxable","14":"purchasable","15":"product-type-simple"},"yoast_head":"<!-- This site is optimized with the Yoast SEO Premium plugin v27.0 (Yoast SEO v27.4) - https:\/\/yoast.com\/product\/yoast-seo-premium-wordpress\/ -->\n<title>Macchina per misurare la flessibilit\u00e0 della canna sgorbiata K.GE - EG-REEDS<\/title>\n<meta name=\"description\" content=\"macchina flessibilit\u00e0, Macchina per misurare la flessibilit\u00e0 della canna sgorbiata K.GE, macchina KGE, macchina canna sgorbiata\" \/>\n<meta name=\"robots\" content=\"index, follow, max-snippet:-1, max-image-preview:large, max-video-preview:-1\" \/>\n<link rel=\"canonical\" href=\"https:\/\/eg-reeds.com\/it\/shop\/macchine-per-la-lavorazione-delle-ance\/macchine-k-ge\/macchina-per-misurare-la-flessibilita-della-canna-sgorbiata-k-ge\/\" \/>\n<meta property=\"og:locale\" content=\"it_IT\" \/>\n<meta property=\"og:type\" content=\"article\" \/>\n<meta property=\"og:title\" content=\"Macchina per misurare la flessibilit\u00e0 della canna sgorbiata K.GE\" \/>\n<meta property=\"og:description\" content=\"macchina flessibilit\u00e0, Macchina per misurare la flessibilit\u00e0 della canna sgorbiata K.GE, macchina KGE, macchina canna sgorbiata\" \/>\n<meta property=\"og:url\" content=\"https:\/\/eg-reeds.com\/it\/shop\/macchine-per-la-lavorazione-delle-ance\/macchine-k-ge\/macchina-per-misurare-la-flessibilita-della-canna-sgorbiata-k-ge\/\" \/>\n<meta property=\"og:site_name\" content=\"EG-REEDS\" \/>\n<meta property=\"article:publisher\" content=\"https:\/\/www.facebook.com\/EGREEDS\" \/>\n<meta property=\"article:modified_time\" content=\"2018-05-23T17:47:49+00:00\" \/>\n<meta property=\"og:image\" content=\"https:\/\/eg-reeds.com\/wp-content\/uploads\/2017\/01\/Flexibility-test-machine-KGE-EG-REEDS.jpg\" \/>\n\t<meta property=\"og:image:width\" content=\"640\" \/>\n\t<meta property=\"og:image:height\" content=\"544\" \/>\n\t<meta property=\"og:image:type\" content=\"image\/jpeg\" \/>\n<meta name=\"twitter:card\" content=\"summary_large_image\" \/>\n<meta name=\"twitter:site\" content=\"@egreeds\" \/>\n<meta name=\"twitter:label1\" content=\"Prezzo\" \/>\n\t<meta name=\"twitter:data1\" content=\"1.050,00&euro;\" \/>\n\t<meta name=\"twitter:label2\" content=\"Disponibilit\u00e0\" \/>\n\t<meta name=\"twitter:data2\" content=\"Esaurito\" \/>\n<script type=\"application\/ld+json\" class=\"yoast-schema-graph\">{\"@context\":\"https:\\\/\\\/schema.org\",\"@graph\":[{\"@type\":[\"WebPage\",\"ItemPage\"],\"@id\":\"https:\\\/\\\/eg-reeds.com\\\/it\\\/shop\\\/macchine-per-la-lavorazione-delle-ance\\\/macchine-k-ge\\\/macchina-per-misurare-la-flessibilita-della-canna-sgorbiata-k-ge\\\/\",\"url\":\"https:\\\/\\\/eg-reeds.com\\\/it\\\/shop\\\/macchine-per-la-lavorazione-delle-ance\\\/macchine-k-ge\\\/macchina-per-misurare-la-flessibilita-della-canna-sgorbiata-k-ge\\\/\",\"name\":\"Macchina per misurare la flessibilit\u00e0 della canna sgorbiata K.GE - EG-REEDS\",\"isPartOf\":{\"@id\":\"https:\\\/\\\/eg-reeds.com\\\/it\\\/#website\"},\"primaryImageOfPage\":{\"@id\":\"https:\\\/\\\/eg-reeds.com\\\/it\\\/shop\\\/macchine-per-la-lavorazione-delle-ance\\\/macchine-k-ge\\\/macchina-per-misurare-la-flessibilita-della-canna-sgorbiata-k-ge\\\/#primaryimage\"},\"image\":{\"@id\":\"https:\\\/\\\/eg-reeds.com\\\/it\\\/shop\\\/macchine-per-la-lavorazione-delle-ance\\\/macchine-k-ge\\\/macchina-per-misurare-la-flessibilita-della-canna-sgorbiata-k-ge\\\/#primaryimage\"},\"thumbnailUrl\":\"https:\\\/\\\/eg-reeds.com\\\/wp-content\\\/uploads\\\/2017\\\/01\\\/Flexibility-test-machine-KGE-EG-REEDS.jpg\",\"datePublished\":\"2015-02-03T09:05:48+00:00\",\"dateModified\":\"2018-05-23T17:47:49+00:00\",\"description\":\"macchina flessibilit\u00e0, Macchina per misurare la flessibilit\u00e0 della canna sgorbiata K.GE, macchina KGE, macchina canna sgorbiata\",\"breadcrumb\":{\"@id\":\"https:\\\/\\\/eg-reeds.com\\\/it\\\/shop\\\/macchine-per-la-lavorazione-delle-ance\\\/macchine-k-ge\\\/macchina-per-misurare-la-flessibilita-della-canna-sgorbiata-k-ge\\\/#breadcrumb\"},\"inLanguage\":\"it-IT\",\"potentialAction\":[{\"@type\":\"ReadAction\",\"target\":[\"https:\\\/\\\/eg-reeds.com\\\/it\\\/shop\\\/macchine-per-la-lavorazione-delle-ance\\\/macchine-k-ge\\\/macchina-per-misurare-la-flessibilita-della-canna-sgorbiata-k-ge\\\/\"]}]},{\"@type\":\"ImageObject\",\"inLanguage\":\"it-IT\",\"@id\":\"https:\\\/\\\/eg-reeds.com\\\/it\\\/shop\\\/macchine-per-la-lavorazione-delle-ance\\\/macchine-k-ge\\\/macchina-per-misurare-la-flessibilita-della-canna-sgorbiata-k-ge\\\/#primaryimage\",\"url\":\"https:\\\/\\\/eg-reeds.com\\\/wp-content\\\/uploads\\\/2017\\\/01\\\/Flexibility-test-machine-KGE-EG-REEDS.jpg\",\"contentUrl\":\"https:\\\/\\\/eg-reeds.com\\\/wp-content\\\/uploads\\\/2017\\\/01\\\/Flexibility-test-machine-KGE-EG-REEDS.jpg\",\"width\":640,\"height\":544},{\"@type\":\"BreadcrumbList\",\"@id\":\"https:\\\/\\\/eg-reeds.com\\\/it\\\/shop\\\/macchine-per-la-lavorazione-delle-ance\\\/macchine-k-ge\\\/macchina-per-misurare-la-flessibilita-della-canna-sgorbiata-k-ge\\\/#breadcrumb\",\"itemListElement\":[{\"@type\":\"ListItem\",\"position\":1,\"name\":\"Startseite\",\"item\":\"https:\\\/\\\/eg-reeds.com\\\/it\\\/\"},{\"@type\":\"ListItem\",\"position\":2,\"name\":\"Negozio\",\"item\":\"https:\\\/\\\/eg-reeds.com\\\/it\\\/\"},{\"@type\":\"ListItem\",\"position\":3,\"name\":\"Macchina per misurare la flessibilit\u00e0 della canna sgorbiata K.GE\"}]},{\"@type\":\"WebSite\",\"@id\":\"https:\\\/\\\/eg-reeds.com\\\/it\\\/#website\",\"url\":\"https:\\\/\\\/eg-reeds.com\\\/it\\\/\",\"name\":\"www.eg-reeds.com\",\"description\":\"Ance oboe\",\"publisher\":{\"@id\":\"https:\\\/\\\/eg-reeds.com\\\/it\\\/#organization\"},\"alternateName\":\"eg-reeds.com\",\"potentialAction\":[{\"@type\":\"SearchAction\",\"target\":{\"@type\":\"EntryPoint\",\"urlTemplate\":\"https:\\\/\\\/eg-reeds.com\\\/it\\\/?s={search_term_string}\"},\"query-input\":{\"@type\":\"PropertyValueSpecification\",\"valueRequired\":true,\"valueName\":\"search_term_string\"}}],\"inLanguage\":\"it-IT\"},{\"@type\":\"Organization\",\"@id\":\"https:\\\/\\\/eg-reeds.com\\\/it\\\/#organization\",\"name\":\"www.eg-reeds.com\",\"url\":\"https:\\\/\\\/eg-reeds.com\\\/it\\\/\",\"logo\":{\"@type\":\"ImageObject\",\"inLanguage\":\"it-IT\",\"@id\":\"https:\\\/\\\/eg-reeds.com\\\/it\\\/#\\\/schema\\\/logo\\\/image\\\/\",\"url\":\"https:\\\/\\\/eg-reeds.com\\\/wp-content\\\/uploads\\\/2024\\\/06\\\/Logo-scaled-e1718793906611.jpg\",\"contentUrl\":\"https:\\\/\\\/eg-reeds.com\\\/wp-content\\\/uploads\\\/2024\\\/06\\\/Logo-scaled-e1718793906611.jpg\",\"width\":1200,\"height\":493,\"caption\":\"www.eg-reeds.com\"},\"image\":{\"@id\":\"https:\\\/\\\/eg-reeds.com\\\/it\\\/#\\\/schema\\\/logo\\\/image\\\/\"},\"sameAs\":[\"https:\\\/\\\/www.facebook.com\\\/EGREEDS\",\"https:\\\/\\\/x.com\\\/egreeds\",\"https:\\\/\\\/www.instagram.com\\\/egreeds\\\/\",\"https:\\\/\\\/www.youtube.com\\\/c\\\/EGREEDS\",\"https:\\\/\\\/www.threads.net\\\/@egreeds\",\"https:\\\/\\\/www.tiktok.com\\\/@egreeds\"]}]}<\/script>\n<meta property=\"product:price:amount\" content=\"1050.00\" \/>\n<meta property=\"product:price:currency\" content=\"EUR\" \/>\n<meta property=\"og:availability\" content=\"out of stock\" \/>\n<meta property=\"product:availability\" content=\"out of stock\" \/>\n<meta property=\"product:retailer_item_id\" content=\"MKGEF\" \/>\n<meta property=\"product:condition\" content=\"new\" \/>\n<!-- \/ Yoast SEO Premium plugin. -->","yoast_head_json":{"title":"Macchina per misurare la flessibilit\u00e0 della canna sgorbiata K.GE - EG-REEDS","description":"macchina flessibilit\u00e0, Macchina per misurare la flessibilit\u00e0 della canna sgorbiata K.GE, macchina KGE, macchina canna sgorbiata","robots":{"index":"index","follow":"follow","max-snippet":"max-snippet:-1","max-image-preview":"max-image-preview:large","max-video-preview":"max-video-preview:-1"},"canonical":"https:\/\/eg-reeds.com\/it\/shop\/macchine-per-la-lavorazione-delle-ance\/macchine-k-ge\/macchina-per-misurare-la-flessibilita-della-canna-sgorbiata-k-ge\/","og_locale":"it_IT","og_type":"article","og_title":"Macchina per misurare la flessibilit\u00e0 della canna sgorbiata K.GE","og_description":"macchina flessibilit\u00e0, Macchina per misurare la flessibilit\u00e0 della canna sgorbiata K.GE, macchina KGE, macchina canna sgorbiata","og_url":"https:\/\/eg-reeds.com\/it\/shop\/macchine-per-la-lavorazione-delle-ance\/macchine-k-ge\/macchina-per-misurare-la-flessibilita-della-canna-sgorbiata-k-ge\/","og_site_name":"EG-REEDS","article_publisher":"https:\/\/www.facebook.com\/EGREEDS","article_modified_time":"2018-05-23T17:47:49+00:00","og_image":[{"width":640,"height":544,"url":"https:\/\/eg-reeds.com\/wp-content\/uploads\/2017\/01\/Flexibility-test-machine-KGE-EG-REEDS.jpg","type":"image\/jpeg"}],"twitter_card":"summary_large_image","twitter_site":"@egreeds","twitter_misc":{"Prezzo":"1.050,00&euro;","Disponibilit\u00e0":"Esaurito"},"schema":{"@context":"https:\/\/schema.org","@graph":[{"@type":["WebPage","ItemPage"],"@id":"https:\/\/eg-reeds.com\/it\/shop\/macchine-per-la-lavorazione-delle-ance\/macchine-k-ge\/macchina-per-misurare-la-flessibilita-della-canna-sgorbiata-k-ge\/","url":"https:\/\/eg-reeds.com\/it\/shop\/macchine-per-la-lavorazione-delle-ance\/macchine-k-ge\/macchina-per-misurare-la-flessibilita-della-canna-sgorbiata-k-ge\/","name":"Macchina per misurare la flessibilit\u00e0 della canna sgorbiata K.GE - EG-REEDS","isPartOf":{"@id":"https:\/\/eg-reeds.com\/it\/#website"},"primaryImageOfPage":{"@id":"https:\/\/eg-reeds.com\/it\/shop\/macchine-per-la-lavorazione-delle-ance\/macchine-k-ge\/macchina-per-misurare-la-flessibilita-della-canna-sgorbiata-k-ge\/#primaryimage"},"image":{"@id":"https:\/\/eg-reeds.com\/it\/shop\/macchine-per-la-lavorazione-delle-ance\/macchine-k-ge\/macchina-per-misurare-la-flessibilita-della-canna-sgorbiata-k-ge\/#primaryimage"},"thumbnailUrl":"https:\/\/eg-reeds.com\/wp-content\/uploads\/2017\/01\/Flexibility-test-machine-KGE-EG-REEDS.jpg","datePublished":"2015-02-03T09:05:48+00:00","dateModified":"2018-05-23T17:47:49+00:00","description":"macchina flessibilit\u00e0, Macchina per misurare la flessibilit\u00e0 della canna sgorbiata K.GE, macchina KGE, macchina canna sgorbiata","breadcrumb":{"@id":"https:\/\/eg-reeds.com\/it\/shop\/macchine-per-la-lavorazione-delle-ance\/macchine-k-ge\/macchina-per-misurare-la-flessibilita-della-canna-sgorbiata-k-ge\/#breadcrumb"},"inLanguage":"it-IT","potentialAction":[{"@type":"ReadAction","target":["https:\/\/eg-reeds.com\/it\/shop\/macchine-per-la-lavorazione-delle-ance\/macchine-k-ge\/macchina-per-misurare-la-flessibilita-della-canna-sgorbiata-k-ge\/"]}]},{"@type":"ImageObject","inLanguage":"it-IT","@id":"https:\/\/eg-reeds.com\/it\/shop\/macchine-per-la-lavorazione-delle-ance\/macchine-k-ge\/macchina-per-misurare-la-flessibilita-della-canna-sgorbiata-k-ge\/#primaryimage","url":"https:\/\/eg-reeds.com\/wp-content\/uploads\/2017\/01\/Flexibility-test-machine-KGE-EG-REEDS.jpg","contentUrl":"https:\/\/eg-reeds.com\/wp-content\/uploads\/2017\/01\/Flexibility-test-machine-KGE-EG-REEDS.jpg","width":640,"height":544},{"@type":"BreadcrumbList","@id":"https:\/\/eg-reeds.com\/it\/shop\/macchine-per-la-lavorazione-delle-ance\/macchine-k-ge\/macchina-per-misurare-la-flessibilita-della-canna-sgorbiata-k-ge\/#breadcrumb","itemListElement":[{"@type":"ListItem","position":1,"name":"Startseite","item":"https:\/\/eg-reeds.com\/it\/"},{"@type":"ListItem","position":2,"name":"Negozio","item":"https:\/\/eg-reeds.com\/it\/"},{"@type":"ListItem","position":3,"name":"Macchina per misurare la flessibilit\u00e0 della canna sgorbiata K.GE"}]},{"@type":"WebSite","@id":"https:\/\/eg-reeds.com\/it\/#website","url":"https:\/\/eg-reeds.com\/it\/","name":"www.eg-reeds.com","description":"Ance oboe","publisher":{"@id":"https:\/\/eg-reeds.com\/it\/#organization"},"alternateName":"eg-reeds.com","potentialAction":[{"@type":"SearchAction","target":{"@type":"EntryPoint","urlTemplate":"https:\/\/eg-reeds.com\/it\/?s={search_term_string}"},"query-input":{"@type":"PropertyValueSpecification","valueRequired":true,"valueName":"search_term_string"}}],"inLanguage":"it-IT"},{"@type":"Organization","@id":"https:\/\/eg-reeds.com\/it\/#organization","name":"www.eg-reeds.com","url":"https:\/\/eg-reeds.com\/it\/","logo":{"@type":"ImageObject","inLanguage":"it-IT","@id":"https:\/\/eg-reeds.com\/it\/#\/schema\/logo\/image\/","url":"https:\/\/eg-reeds.com\/wp-content\/uploads\/2024\/06\/Logo-scaled-e1718793906611.jpg","contentUrl":"https:\/\/eg-reeds.com\/wp-content\/uploads\/2024\/06\/Logo-scaled-e1718793906611.jpg","width":1200,"height":493,"caption":"www.eg-reeds.com"},"image":{"@id":"https:\/\/eg-reeds.com\/it\/#\/schema\/logo\/image\/"},"sameAs":["https:\/\/www.facebook.com\/EGREEDS","https:\/\/x.com\/egreeds","https:\/\/www.instagram.com\/egreeds\/","https:\/\/www.youtube.com\/c\/EGREEDS","https:\/\/www.threads.net\/@egreeds","https:\/\/www.tiktok.com\/@egreeds"]}]},"product_price_amount":"1050.00","product_price_currency":"EUR","og_availability":"out of stock","product_availability":"out of stock","product_retailer_item_id":"MKGEF","product_condition":"new"},"_links":{"self":[{"href":"https:\/\/eg-reeds.com\/it\/wp-json\/wp\/v2\/product\/2561","targetHints":{"allow":["GET"]}}],"collection":[{"href":"https:\/\/eg-reeds.com\/it\/wp-json\/wp\/v2\/product"}],"about":[{"href":"https:\/\/eg-reeds.com\/it\/wp-json\/wp\/v2\/types\/product"}],"replies":[{"embeddable":true,"href":"https:\/\/eg-reeds.com\/it\/wp-json\/wp\/v2\/comments?post=2561"}],"wp:featuredmedia":[{"embeddable":true,"href":"https:\/\/eg-reeds.com\/it\/wp-json\/wp\/v2\/media\/22917"}],"wp:attachment":[{"href":"https:\/\/eg-reeds.com\/it\/wp-json\/wp\/v2\/media?parent=2561"}],"wp:term":[{"taxonomy":"product_brand","embeddable":true,"href":"https:\/\/eg-reeds.com\/it\/wp-json\/wp\/v2\/product_brand?post=2561"},{"taxonomy":"product_cat","embeddable":true,"href":"https:\/\/eg-reeds.com\/it\/wp-json\/wp\/v2\/product_cat?post=2561"},{"taxonomy":"product_tag","embeddable":true,"href":"https:\/\/eg-reeds.com\/it\/wp-json\/wp\/v2\/product_tag?post=2561"},{"taxonomy":"giftcard-category","embeddable":true,"href":"https:\/\/eg-reeds.com\/it\/wp-json\/wp\/v2\/giftcard-category?post=2561"}],"curies":[{"name":"wp","href":"https:\/\/api.w.org\/{rel}","templated":true}]}}