{"id":34071,"date":"2018-09-30T22:00:02","date_gmt":"2018-09-30T20:00:02","guid":{"rendered":"http:\/\/eg-reeds.com\/shop\/senza%20categoria\/oboe-studenti-principianti-eg-reeds\/"},"modified":"2025-11-04T17:55:01","modified_gmt":"2025-11-04T16:55:01","slug":"oboe-studenti-principianti-eg-reeds","status":"publish","type":"product","link":"https:\/\/eg-reeds.com\/it\/shop\/oboi-eg-reeds\/oboe-studenti-principianti-eg-reeds\/","title":{"rendered":"Oboe studenti principianti EG-REEDS"},"content":{"rendered":"<h1><strong>Oboe studenti principianti EG-REEDS.<\/strong><\/h1>\n<p><span style=\"font-weight: 400;\">L\u2019oboe per studenti principianti EG-REEDS include tutte le chiavi essenziali per gli studenti che iniziano a suonare l\u2019oboe. \u00c8 perfetto per i primi anni di conservatorio: il suo design ergonomico \u00e8 stato progettato appositamente per le mani piccole e il suo peso leggero (poco pi\u00f9 di 500 grammi) consente di suonare comodamente fin dal primo giorno.<\/span><span style=\"font-weight: 400;\">\u00a0<\/span><\/p>\n<p><span style=\"font-weight: 400;\">\u00c8 semi-automatico, con terza ottava, si grave e fa-mi\u266d per la mano sinistra. \u00c8 realizzato in composito (miscela di legno e ABS) con chiavi argentate, progettate per facilitare l\u2019uso da parte degli studenti. Tutto ci\u00f2 rende l\u2019oboe pi\u00f9 ergonomico, leggero, ma allo stesso tempo molto resistente e facile da suonare.<\/span><\/p>\n<p>Incluso nel prezzo c&#8217;\u00e8 la custodia tipo zaino, 1 ancia livello principianti EG-REEDS, panno per pulizia e grasso di sughero. Scopri l\u2019equilibrio perfetto tra prezzo e prestazioni con questo oboe economico ma di alta qualit\u00e0 per iniziazione.<\/p>\n<p>Progettato per supportare principianti e giovani musicisti, questo oboe offre un suono eccellente, durata e facilit\u00e0 di esecuzione a un prezzo accessibile. Ideale per studenti all\u2019inizio del loro percorso musicale, garantisce qualit\u00e0 affidabile senza spendere troppo, assicurando che ogni prova e performance sia un\u2019esperienza gratificante.<\/p>\n<p><iframe loading=\"lazy\" title=\"Demostraci\u00f3n oboe iniciaci\u00f3n EG-REEDS por Javier P\u00e9rez\" width=\"1020\" height=\"574\" src=\"https:\/\/www.youtube.com\/embed\/QwZV6gOr1CQ?feature=oembed\" frameborder=\"0\" allow=\"accelerometer; autoplay; clipboard-write; encrypted-media; gyroscope; picture-in-picture; web-share\" referrerpolicy=\"strict-origin-when-cross-origin\" allowfullscreen><\/iframe><\/p>\n<h3>\t<div id=\"gap-1394177154\" class=\"gap-element clearfix\" style=\"display:block; height:auto;\">\n\t\t\n<style>\n#gap-1394177154 {\n  padding-top: 60px;\n}\n<\/style>\n\t<\/div>\n\t<\/h3>\n<h2><strong>Oboe economico per studenti.<\/strong><\/h2>\n<p><span style=\"font-weight: 400;\">Ogni oboe \u00e8 stato attentamente progettato e testato, applicando tutte le nostre competenze e tenendo conto anche delle richieste degli insegnanti, che meglio di chiunque altro sanno di cosa hanno bisogno gli studenti.<\/span><\/p>\n<p><span style=\"font-weight: 400;\">Per qualsiasi informazione aggiuntiva siamo a vostra disposizione all\u2019indirizzo email <a href=\"mailto:info@eg-reeds.com\" target=\"_blank\" rel=\"noopener noreferrer\">info@eg-reeds.com<\/a>.<\/span><\/p>\n<p>&nbsp;<\/p>\n<h2><strong>Specifiche e video dell&#8217;oboe studenti principianti EG-REEDS.<\/strong><\/h2>\n<ul>\n<li class=\"bullet-checkmark\">Modello studenti principianti: con terza ottava, si grave, fa e mi\u266d per la mano sinistra.<\/li>\n<li>Oboe per le mani piccole.<\/li>\n<li class=\"bullet-checkmark\">Semi-automatico.<\/li>\n<li class=\"bullet-checkmark\">Corpo in composito (miscela di legno e ABS).<\/li>\n<li class=\"bullet-checkmark\">Chiavi argentate.<\/li>\n<li class=\"bullet-checkmark\">Incluso nel prezzo: astuccio per il trasporto, 1 <a href=\"https:\/\/eg-reeds.com\/it\/shop\/ance-e-canne-per-studenti\/ancia-oboe-studenti-principianti-eg-reeds\/\" target=\"_blank\" rel=\"noopener\">ancia principianti EG-REEDS<\/a>, panno per pulizia e grasso di sughero.<\/li>\n<\/ul>\n<p>&nbsp;<\/p>\n<p><iframe loading=\"lazy\" title=\"\u00bfEstudiante y buscas el oboe ideal para empezar? \/ Are you a student looking for the perfect oboe?\" width=\"563\" height=\"1000\" src=\"https:\/\/www.youtube.com\/embed\/GeFLhUD_9T0?feature=oembed\" frameborder=\"0\" allow=\"accelerometer; autoplay; clipboard-write; encrypted-media; gyroscope; picture-in-picture; web-share\" referrerpolicy=\"strict-origin-when-cross-origin\" allowfullscreen><\/iframe><\/p>\n<p>&nbsp;<\/p>\n","protected":false},"excerpt":{"rendered":"<p>Oboe per studenti principianti. Oboe per le mani piccole.<\/p>\n","protected":false},"featured_media":33300,"comment_status":"open","ping_status":"closed","template":"","meta":[],"product_brand":[],"product_cat":[3816],"product_tag":[2016],"giftcard-category":[],"class_list":{"0":"post-34071","1":"product","2":"type-product","3":"status-publish","4":"has-post-thumbnail","6":"product_cat-oboi-eg-reeds","7":"product_tag-oboe","8":"product_shipping_class-rmm-it","10":"first","11":"instock","12":"featured","13":"taxable","14":"shipping-taxable","15":"purchasable","16":"product-type-simple"},"yoast_head":"<!-- This site is optimized with the Yoast SEO Premium plugin v27.0 (Yoast SEO v27.4) - https:\/\/yoast.com\/product\/yoast-seo-premium-wordpress\/ -->\n<title>Oboe studenti principianti EG-REEDS - EG-REEDS<\/title>\n<meta name=\"description\" content=\"Oboe studenti principianti EG-REEDS. Oboe economico per studenti di alta qualit\u00e0 ad un buon prezzo. Oboe per le mani piccole.\" \/>\n<meta name=\"robots\" content=\"index, follow, max-snippet:-1, max-image-preview:large, max-video-preview:-1\" \/>\n<link rel=\"canonical\" href=\"https:\/\/eg-reeds.com\/it\/shop\/oboi-eg-reeds\/oboe-studenti-principianti-eg-reeds\/\" \/>\n<meta property=\"og:locale\" content=\"it_IT\" \/>\n<meta property=\"og:type\" content=\"article\" \/>\n<meta property=\"og:title\" content=\"Oboe studenti principianti EG-REEDS\" \/>\n<meta property=\"og:description\" content=\"Oboe studenti principianti EG-REEDS. Oboe economico per studenti di alta qualit\u00e0 ad un buon prezzo. Oboe per le mani piccole.\" \/>\n<meta property=\"og:url\" content=\"https:\/\/eg-reeds.com\/it\/shop\/oboi-eg-reeds\/oboe-studenti-principianti-eg-reeds\/\" \/>\n<meta property=\"og:site_name\" content=\"EG-REEDS\" \/>\n<meta property=\"article:publisher\" content=\"https:\/\/www.facebook.com\/EGREEDS\" \/>\n<meta property=\"article:modified_time\" content=\"2025-11-04T16:55:01+00:00\" \/>\n<meta property=\"og:image\" content=\"https:\/\/eg-reeds.com\/wp-content\/uploads\/2018\/09\/oboe-beginner-EG-REEDS.jpg\" \/>\n\t<meta property=\"og:image:width\" content=\"853\" \/>\n\t<meta property=\"og:image:height\" content=\"1280\" \/>\n\t<meta property=\"og:image:type\" content=\"image\/jpeg\" \/>\n<meta name=\"twitter:card\" content=\"summary_large_image\" \/>\n<meta name=\"twitter:site\" content=\"@egreeds\" \/>\n<meta name=\"twitter:label1\" content=\"Prezzo\" \/>\n\t<meta name=\"twitter:data1\" content=\"1.350,00&euro;\" \/>\n\t<meta name=\"twitter:label2\" content=\"Disponibilit\u00e0\" \/>\n\t<meta name=\"twitter:data2\" content=\"In stock\" \/>\n<script type=\"application\/ld+json\" class=\"yoast-schema-graph\">{\"@context\":\"https:\\\/\\\/schema.org\",\"@graph\":[{\"@type\":[\"WebPage\",\"ItemPage\"],\"@id\":\"https:\\\/\\\/eg-reeds.com\\\/it\\\/shop\\\/oboi-eg-reeds\\\/oboe-studenti-principianti-eg-reeds\\\/\",\"url\":\"https:\\\/\\\/eg-reeds.com\\\/it\\\/shop\\\/oboi-eg-reeds\\\/oboe-studenti-principianti-eg-reeds\\\/\",\"name\":\"Oboe studenti principianti EG-REEDS - EG-REEDS\",\"isPartOf\":{\"@id\":\"https:\\\/\\\/eg-reeds.com\\\/it\\\/#website\"},\"primaryImageOfPage\":{\"@id\":\"https:\\\/\\\/eg-reeds.com\\\/it\\\/shop\\\/oboi-eg-reeds\\\/oboe-studenti-principianti-eg-reeds\\\/#primaryimage\"},\"image\":{\"@id\":\"https:\\\/\\\/eg-reeds.com\\\/it\\\/shop\\\/oboi-eg-reeds\\\/oboe-studenti-principianti-eg-reeds\\\/#primaryimage\"},\"thumbnailUrl\":\"https:\\\/\\\/eg-reeds.com\\\/wp-content\\\/uploads\\\/2018\\\/09\\\/oboe-beginner-EG-REEDS.jpg\",\"datePublished\":\"2018-09-30T20:00:02+00:00\",\"dateModified\":\"2025-11-04T16:55:01+00:00\",\"description\":\"Oboe studenti principianti EG-REEDS. Oboe economico per studenti di alta qualit\u00e0 ad un buon prezzo. Oboe per le mani piccole.\",\"breadcrumb\":{\"@id\":\"https:\\\/\\\/eg-reeds.com\\\/it\\\/shop\\\/oboi-eg-reeds\\\/oboe-studenti-principianti-eg-reeds\\\/#breadcrumb\"},\"inLanguage\":\"it-IT\",\"potentialAction\":[{\"@type\":\"ReadAction\",\"target\":[\"https:\\\/\\\/eg-reeds.com\\\/it\\\/shop\\\/oboi-eg-reeds\\\/oboe-studenti-principianti-eg-reeds\\\/\"]}]},{\"@type\":\"ImageObject\",\"inLanguage\":\"it-IT\",\"@id\":\"https:\\\/\\\/eg-reeds.com\\\/it\\\/shop\\\/oboi-eg-reeds\\\/oboe-studenti-principianti-eg-reeds\\\/#primaryimage\",\"url\":\"https:\\\/\\\/eg-reeds.com\\\/wp-content\\\/uploads\\\/2018\\\/09\\\/oboe-beginner-EG-REEDS.jpg\",\"contentUrl\":\"https:\\\/\\\/eg-reeds.com\\\/wp-content\\\/uploads\\\/2018\\\/09\\\/oboe-beginner-EG-REEDS.jpg\",\"width\":853,\"height\":1280,\"caption\":\"Oboe studenti principianti\"},{\"@type\":\"BreadcrumbList\",\"@id\":\"https:\\\/\\\/eg-reeds.com\\\/it\\\/shop\\\/oboi-eg-reeds\\\/oboe-studenti-principianti-eg-reeds\\\/#breadcrumb\",\"itemListElement\":[{\"@type\":\"ListItem\",\"position\":1,\"name\":\"Startseite\",\"item\":\"https:\\\/\\\/eg-reeds.com\\\/it\\\/\"},{\"@type\":\"ListItem\",\"position\":2,\"name\":\"Negozio\",\"item\":\"https:\\\/\\\/eg-reeds.com\\\/it\\\/\"},{\"@type\":\"ListItem\",\"position\":3,\"name\":\"Oboe studenti principianti EG-REEDS\"}]},{\"@type\":\"WebSite\",\"@id\":\"https:\\\/\\\/eg-reeds.com\\\/it\\\/#website\",\"url\":\"https:\\\/\\\/eg-reeds.com\\\/it\\\/\",\"name\":\"www.eg-reeds.com\",\"description\":\"Ance oboe\",\"publisher\":{\"@id\":\"https:\\\/\\\/eg-reeds.com\\\/it\\\/#organization\"},\"alternateName\":\"eg-reeds.com\",\"potentialAction\":[{\"@type\":\"SearchAction\",\"target\":{\"@type\":\"EntryPoint\",\"urlTemplate\":\"https:\\\/\\\/eg-reeds.com\\\/it\\\/?s={search_term_string}\"},\"query-input\":{\"@type\":\"PropertyValueSpecification\",\"valueRequired\":true,\"valueName\":\"search_term_string\"}}],\"inLanguage\":\"it-IT\"},{\"@type\":\"Organization\",\"@id\":\"https:\\\/\\\/eg-reeds.com\\\/it\\\/#organization\",\"name\":\"www.eg-reeds.com\",\"url\":\"https:\\\/\\\/eg-reeds.com\\\/it\\\/\",\"logo\":{\"@type\":\"ImageObject\",\"inLanguage\":\"it-IT\",\"@id\":\"https:\\\/\\\/eg-reeds.com\\\/it\\\/#\\\/schema\\\/logo\\\/image\\\/\",\"url\":\"https:\\\/\\\/eg-reeds.com\\\/wp-content\\\/uploads\\\/2024\\\/06\\\/Logo-scaled-e1718793906611.jpg\",\"contentUrl\":\"https:\\\/\\\/eg-reeds.com\\\/wp-content\\\/uploads\\\/2024\\\/06\\\/Logo-scaled-e1718793906611.jpg\",\"width\":1200,\"height\":493,\"caption\":\"www.eg-reeds.com\"},\"image\":{\"@id\":\"https:\\\/\\\/eg-reeds.com\\\/it\\\/#\\\/schema\\\/logo\\\/image\\\/\"},\"sameAs\":[\"https:\\\/\\\/www.facebook.com\\\/EGREEDS\",\"https:\\\/\\\/x.com\\\/egreeds\",\"https:\\\/\\\/www.instagram.com\\\/egreeds\\\/\",\"https:\\\/\\\/www.youtube.com\\\/c\\\/EGREEDS\",\"https:\\\/\\\/www.threads.net\\\/@egreeds\",\"https:\\\/\\\/www.tiktok.com\\\/@egreeds\"]}]}<\/script>\n<meta property=\"product:price:amount\" content=\"1350.00\" \/>\n<meta property=\"product:price:currency\" content=\"EUR\" \/>\n<meta property=\"og:availability\" content=\"instock\" \/>\n<meta property=\"product:availability\" content=\"instock\" \/>\n<meta property=\"product:retailer_item_id\" content=\"OB\" \/>\n<meta property=\"product:condition\" content=\"new\" \/>\n<!-- \/ Yoast SEO Premium plugin. -->","yoast_head_json":{"title":"Oboe studenti principianti EG-REEDS - EG-REEDS","description":"Oboe studenti principianti EG-REEDS. Oboe economico per studenti di alta qualit\u00e0 ad un buon prezzo. Oboe per le mani piccole.","robots":{"index":"index","follow":"follow","max-snippet":"max-snippet:-1","max-image-preview":"max-image-preview:large","max-video-preview":"max-video-preview:-1"},"canonical":"https:\/\/eg-reeds.com\/it\/shop\/oboi-eg-reeds\/oboe-studenti-principianti-eg-reeds\/","og_locale":"it_IT","og_type":"article","og_title":"Oboe studenti principianti EG-REEDS","og_description":"Oboe studenti principianti EG-REEDS. Oboe economico per studenti di alta qualit\u00e0 ad un buon prezzo. Oboe per le mani piccole.","og_url":"https:\/\/eg-reeds.com\/it\/shop\/oboi-eg-reeds\/oboe-studenti-principianti-eg-reeds\/","og_site_name":"EG-REEDS","article_publisher":"https:\/\/www.facebook.com\/EGREEDS","article_modified_time":"2025-11-04T16:55:01+00:00","og_image":[{"width":853,"height":1280,"url":"https:\/\/eg-reeds.com\/wp-content\/uploads\/2018\/09\/oboe-beginner-EG-REEDS.jpg","type":"image\/jpeg"}],"twitter_card":"summary_large_image","twitter_site":"@egreeds","twitter_misc":{"Prezzo":"1.350,00&euro;","Disponibilit\u00e0":"In stock"},"schema":{"@context":"https:\/\/schema.org","@graph":[{"@type":["WebPage","ItemPage"],"@id":"https:\/\/eg-reeds.com\/it\/shop\/oboi-eg-reeds\/oboe-studenti-principianti-eg-reeds\/","url":"https:\/\/eg-reeds.com\/it\/shop\/oboi-eg-reeds\/oboe-studenti-principianti-eg-reeds\/","name":"Oboe studenti principianti EG-REEDS - EG-REEDS","isPartOf":{"@id":"https:\/\/eg-reeds.com\/it\/#website"},"primaryImageOfPage":{"@id":"https:\/\/eg-reeds.com\/it\/shop\/oboi-eg-reeds\/oboe-studenti-principianti-eg-reeds\/#primaryimage"},"image":{"@id":"https:\/\/eg-reeds.com\/it\/shop\/oboi-eg-reeds\/oboe-studenti-principianti-eg-reeds\/#primaryimage"},"thumbnailUrl":"https:\/\/eg-reeds.com\/wp-content\/uploads\/2018\/09\/oboe-beginner-EG-REEDS.jpg","datePublished":"2018-09-30T20:00:02+00:00","dateModified":"2025-11-04T16:55:01+00:00","description":"Oboe studenti principianti EG-REEDS. Oboe economico per studenti di alta qualit\u00e0 ad un buon prezzo. Oboe per le mani piccole.","breadcrumb":{"@id":"https:\/\/eg-reeds.com\/it\/shop\/oboi-eg-reeds\/oboe-studenti-principianti-eg-reeds\/#breadcrumb"},"inLanguage":"it-IT","potentialAction":[{"@type":"ReadAction","target":["https:\/\/eg-reeds.com\/it\/shop\/oboi-eg-reeds\/oboe-studenti-principianti-eg-reeds\/"]}]},{"@type":"ImageObject","inLanguage":"it-IT","@id":"https:\/\/eg-reeds.com\/it\/shop\/oboi-eg-reeds\/oboe-studenti-principianti-eg-reeds\/#primaryimage","url":"https:\/\/eg-reeds.com\/wp-content\/uploads\/2018\/09\/oboe-beginner-EG-REEDS.jpg","contentUrl":"https:\/\/eg-reeds.com\/wp-content\/uploads\/2018\/09\/oboe-beginner-EG-REEDS.jpg","width":853,"height":1280,"caption":"Oboe studenti principianti"},{"@type":"BreadcrumbList","@id":"https:\/\/eg-reeds.com\/it\/shop\/oboi-eg-reeds\/oboe-studenti-principianti-eg-reeds\/#breadcrumb","itemListElement":[{"@type":"ListItem","position":1,"name":"Startseite","item":"https:\/\/eg-reeds.com\/it\/"},{"@type":"ListItem","position":2,"name":"Negozio","item":"https:\/\/eg-reeds.com\/it\/"},{"@type":"ListItem","position":3,"name":"Oboe studenti principianti EG-REEDS"}]},{"@type":"WebSite","@id":"https:\/\/eg-reeds.com\/it\/#website","url":"https:\/\/eg-reeds.com\/it\/","name":"www.eg-reeds.com","description":"Ance oboe","publisher":{"@id":"https:\/\/eg-reeds.com\/it\/#organization"},"alternateName":"eg-reeds.com","potentialAction":[{"@type":"SearchAction","target":{"@type":"EntryPoint","urlTemplate":"https:\/\/eg-reeds.com\/it\/?s={search_term_string}"},"query-input":{"@type":"PropertyValueSpecification","valueRequired":true,"valueName":"search_term_string"}}],"inLanguage":"it-IT"},{"@type":"Organization","@id":"https:\/\/eg-reeds.com\/it\/#organization","name":"www.eg-reeds.com","url":"https:\/\/eg-reeds.com\/it\/","logo":{"@type":"ImageObject","inLanguage":"it-IT","@id":"https:\/\/eg-reeds.com\/it\/#\/schema\/logo\/image\/","url":"https:\/\/eg-reeds.com\/wp-content\/uploads\/2024\/06\/Logo-scaled-e1718793906611.jpg","contentUrl":"https:\/\/eg-reeds.com\/wp-content\/uploads\/2024\/06\/Logo-scaled-e1718793906611.jpg","width":1200,"height":493,"caption":"www.eg-reeds.com"},"image":{"@id":"https:\/\/eg-reeds.com\/it\/#\/schema\/logo\/image\/"},"sameAs":["https:\/\/www.facebook.com\/EGREEDS","https:\/\/x.com\/egreeds","https:\/\/www.instagram.com\/egreeds\/","https:\/\/www.youtube.com\/c\/EGREEDS","https:\/\/www.threads.net\/@egreeds","https:\/\/www.tiktok.com\/@egreeds"]}]},"product_price_amount":"1350.00","product_price_currency":"EUR","og_availability":"instock","product_availability":"instock","product_retailer_item_id":"OB","product_condition":"new"},"_links":{"self":[{"href":"https:\/\/eg-reeds.com\/it\/wp-json\/wp\/v2\/product\/34071","targetHints":{"allow":["GET"]}}],"collection":[{"href":"https:\/\/eg-reeds.com\/it\/wp-json\/wp\/v2\/product"}],"about":[{"href":"https:\/\/eg-reeds.com\/it\/wp-json\/wp\/v2\/types\/product"}],"replies":[{"embeddable":true,"href":"https:\/\/eg-reeds.com\/it\/wp-json\/wp\/v2\/comments?post=34071"}],"wp:featuredmedia":[{"embeddable":true,"href":"https:\/\/eg-reeds.com\/it\/wp-json\/wp\/v2\/media\/33300"}],"wp:attachment":[{"href":"https:\/\/eg-reeds.com\/it\/wp-json\/wp\/v2\/media?parent=34071"}],"wp:term":[{"taxonomy":"product_brand","embeddable":true,"href":"https:\/\/eg-reeds.com\/it\/wp-json\/wp\/v2\/product_brand?post=34071"},{"taxonomy":"product_cat","embeddable":true,"href":"https:\/\/eg-reeds.com\/it\/wp-json\/wp\/v2\/product_cat?post=34071"},{"taxonomy":"product_tag","embeddable":true,"href":"https:\/\/eg-reeds.com\/it\/wp-json\/wp\/v2\/product_tag?post=34071"},{"taxonomy":"giftcard-category","embeddable":true,"href":"https:\/\/eg-reeds.com\/it\/wp-json\/wp\/v2\/giftcard-category?post=34071"}],"curies":[{"name":"wp","href":"https:\/\/api.w.org\/{rel}","templated":true}]}}