{"id":34278,"date":"2018-11-20T18:59:32","date_gmt":"2018-11-20T16:59:32","guid":{"rendered":"http:\/\/eg-reeds.com\/shop\/senza%20categoria\/quartetti-per-oboe-e-archi-isaac-albeniz\/"},"modified":"2020-02-05T18:42:25","modified_gmt":"2020-02-05T17:42:25","slug":"quartetti-per-oboe-e-archi-isaac-albeniz","status":"publish","type":"product","link":"https:\/\/eg-reeds.com\/it\/shop\/spartiti-musicali\/quartetti-per-oboe-e-archi-isaac-albeniz\/","title":{"rendered":"Quartetti per oboe e archi &#8211; Isaac Alb\u00e9niz"},"content":{"rendered":"<h4><strong>Quartetti per oboe e archi &#8211; Isaac Alb\u00e9niz.<\/strong><\/h4>\n<p>Quartetti per oboe e archi &#8211; Isaac Alb\u00e9niz.<\/p>\n<p><strong>Tango.<\/strong><\/p>\n<p>Op. 165 n\u00ba 2 della suite &#8220;Espa\u00f1a&#8221;.<\/p>\n<p><strong>C\u00f3rdoba.<\/strong><\/p>\n<p>Op. 232 n\u00ba 4 da &#8220;Chants d&#8217;Espagne&#8221;.<\/p>\n<p>&nbsp;<\/p>\n<p>Armonizzato da Jos\u00e9 Colom\u00e9 per oboe, violino, viola e violoncello.<\/p>\n<p>Editore: Kadel Music.<\/p>\n<p>&nbsp;<\/p>\n<p>CD:<\/p>\n<div class=\"woocommerce \"><div class=\"products row row-small large-columns-3 medium-columns-2 small-columns-2 has-equal-box-heights\">\n<div class=\"product-small col has-hover product type-product post-33597 status-publish first instock product_cat-cd-it has-post-thumbnail taxable shipping-taxable purchasable product-type-simple\">\n\t<div class=\"col-inner\">\n\t\n<div class=\"badge-container absolute left top z-1\">\n\n<\/div>\n\t<div class=\"product-small box \">\n\t\t<div class=\"box-image\">\n\t\t\t<div class=\"image-fade_in_back\">\n\t\t\t\t<a href=\"https:\/\/eg-reeds.com\/it\/shop\/cd-it\/quartetti-per-oboe-e-archi-cuarteto-emispherio\/\">\n\t\t\t\t\t<img loading=\"lazy\" decoding=\"async\" width=\"800\" height=\"800\" src=\"https:\/\/eg-reeds.com\/wp-content\/uploads\/2018\/10\/Quartets-for-Oboe-and-Strings-by-Cuarteto-Emispherio-1024x1024.jpg\" class=\"attachment-woocommerce_thumbnail size-woocommerce_thumbnail\" alt=\"Quartetti per oboe e archi - Cuarteto Emispherio\" srcset=\"https:\/\/eg-reeds.com\/wp-content\/uploads\/2018\/10\/Quartets-for-Oboe-and-Strings-by-Cuarteto-Emispherio-1024x1024.jpg 1024w, https:\/\/eg-reeds.com\/wp-content\/uploads\/2018\/10\/Quartets-for-Oboe-and-Strings-by-Cuarteto-Emispherio-600x600.jpg 600w, https:\/\/eg-reeds.com\/wp-content\/uploads\/2018\/10\/Quartets-for-Oboe-and-Strings-by-Cuarteto-Emispherio-100x100.jpg 100w, https:\/\/eg-reeds.com\/wp-content\/uploads\/2018\/10\/Quartets-for-Oboe-and-Strings-by-Cuarteto-Emispherio-300x300.jpg 300w, https:\/\/eg-reeds.com\/wp-content\/uploads\/2018\/10\/Quartets-for-Oboe-and-Strings-by-Cuarteto-Emispherio-768x768.jpg 768w, https:\/\/eg-reeds.com\/wp-content\/uploads\/2018\/10\/Quartets-for-Oboe-and-Strings-by-Cuarteto-Emispherio-337x337.jpg 337w, https:\/\/eg-reeds.com\/wp-content\/uploads\/2018\/10\/Quartets-for-Oboe-and-Strings-by-Cuarteto-Emispherio-510x510.jpg 510w, https:\/\/eg-reeds.com\/wp-content\/uploads\/2018\/10\/Quartets-for-Oboe-and-Strings-by-Cuarteto-Emispherio.jpg 1412w\" sizes=\"auto, (max-width: 800px) 100vw, 800px\" \/><img loading=\"lazy\" decoding=\"async\" width=\"800\" height=\"800\" src=\"https:\/\/eg-reeds.com\/wp-content\/uploads\/2018\/10\/Quartets-for-Oboe-and-Strings-by-Cuarteto-Emispherio-2-800x800.jpg\" class=\"show-on-hover absolute fill hide-for-small back-image\" alt=\"Quartetti per oboe e archi Sarah Roper\" aria-hidden=\"true\" srcset=\"https:\/\/eg-reeds.com\/wp-content\/uploads\/2018\/10\/Quartets-for-Oboe-and-Strings-by-Cuarteto-Emispherio-2-800x800.jpg 800w, https:\/\/eg-reeds.com\/wp-content\/uploads\/2018\/10\/Quartets-for-Oboe-and-Strings-by-Cuarteto-Emispherio-2-100x100.jpg 100w, https:\/\/eg-reeds.com\/wp-content\/uploads\/2018\/10\/Quartets-for-Oboe-and-Strings-by-Cuarteto-Emispherio-2-300x300.jpg 300w, https:\/\/eg-reeds.com\/wp-content\/uploads\/2018\/10\/Quartets-for-Oboe-and-Strings-by-Cuarteto-Emispherio-2-337x337.jpg 337w\" sizes=\"auto, (max-width: 800px) 100vw, 800px\" \/>\t\t\t\t<\/a>\n\t\t\t<\/div>\n\t\t\t<div class=\"image-tools is-small top right show-on-hover\">\n\t\t\t\t\t\t\t<\/div>\n\t\t\t<div class=\"image-tools is-small hide-for-small bottom left show-on-hover\">\n\t\t\t\t\t\t\t<\/div>\n\t\t\t<div class=\"image-tools grid-tools text-center hide-for-small bottom hover-slide-in show-on-hover\">\n\t\t\t\t<a href=\"\/it\/wp-json\/wp\/v2\/product\/34278?add-to-cart=33597\" aria-describedby=\"woocommerce_loop_add_to_cart_link_describedby_33597\" data-quantity=\"1\" class=\"add-to-cart-grid no-padding is-transparent product_type_simple add_to_cart_button ajax_add_to_cart\" data-product_id=\"33597\" data-product_sku=\"CDEmispherio\" aria-label=\"Aggiungi al carrello: &quot;Quartetti per oboe e archi - Cuarteto Emispherio&quot;\" rel=\"nofollow\" data-success_message=\"&quot;Quartetti per oboe e archi - Cuarteto Emispherio&quot; \u00e8 stato aggiunto al tuo carrello\" role=\"button\"><div class=\"cart-icon tooltip is-small\" title=\"Acquista\"><strong>+<\/strong><\/div><\/a>\t<span id=\"woocommerce_loop_add_to_cart_link_describedby_33597\" class=\"screen-reader-text\">\n\t\t\t<\/span>\n\t\t\t<\/div>\n\t\t\t\t\t<\/div>\n\n\t\t<div class=\"box-text box-text-products text-center grid-style-2\">\n\t\t\t<div class=\"title-wrapper\"><p class=\"name product-title woocommerce-loop-product__title\"><a href=\"https:\/\/eg-reeds.com\/it\/shop\/cd-it\/quartetti-per-oboe-e-archi-cuarteto-emispherio\/\" class=\"woocommerce-LoopProduct-link woocommerce-loop-product__link\">Quartetti per oboe e archi &#8211; Cuarteto Emispherio<\/a><\/p><\/div><div class=\"price-wrapper\">\n\t<span class=\"price\"><span class='ywcrbp_regular_price'> <span class=\"woocommerce-Price-amount amount\"><bdi>14,95<span class=\"woocommerce-Price-currencySymbol\">&euro;<\/span><\/bdi><\/span><\/span> <\/span>\n<\/div>\t\t<\/div>\n\t<\/div>\n\t\t<\/div>\n<\/div><\/div><!-- row -->\n<\/div>\n","protected":false},"excerpt":{"rendered":"<p>Quartetti per oboe e archi &#8211; Isaac Alb\u00e9niz. Quartetti per oboe e archi &#8211; Isaac Alb\u00e9niz. Tango. Op. 165 n\u00ba 2 della suite &#8220;Espa\u00f1a&#8221;. C\u00f3rdoba. Op. 232 n\u00ba 4 da &#8220;Chants d&#8217;Espagne&#8221;. &nbsp; Armonizzato da Jos\u00e9 Colom\u00e9 per oboe, violino, viola e violoncello. Editore: Kadel Music. &nbsp; CD:<\/p>\n","protected":false},"featured_media":34121,"comment_status":"open","ping_status":"closed","template":"","meta":[],"product_brand":[],"product_cat":[3801],"product_tag":[],"giftcard-category":[],"class_list":{"0":"post-34278","1":"product","2":"type-product","3":"status-publish","4":"has-post-thumbnail","6":"product_cat-spartiti-musicali","8":"first","9":"outofstock","10":"taxable","11":"shipping-taxable","12":"purchasable","13":"product-type-simple"},"yoast_head":"<!-- This site is optimized with the Yoast SEO Premium plugin v27.0 (Yoast SEO v27.2) - https:\/\/yoast.com\/product\/yoast-seo-premium-wordpress\/ -->\n<title>Quartetti per oboe e archi - Isaac Alb\u00e9niz - EG-REEDS<\/title>\n<meta name=\"description\" content=\"Quartetti per oboe e archi - Isaac Alb\u00e9niz. Tango e C\u00f3rdoba. Armonizzato da Jos\u00e9 Colom\u00e9 per oboe, violino, viola e violoncello.\" \/>\n<meta name=\"robots\" content=\"index, follow, max-snippet:-1, max-image-preview:large, max-video-preview:-1\" \/>\n<link rel=\"canonical\" href=\"https:\/\/eg-reeds.com\/it\/shop\/spartiti-musicali\/quartetti-per-oboe-e-archi-isaac-albeniz\/\" \/>\n<meta property=\"og:locale\" content=\"it_IT\" \/>\n<meta property=\"og:type\" content=\"article\" \/>\n<meta property=\"og:title\" content=\"Quartetti per oboe e archi - Isaac Alb\u00e9niz\" \/>\n<meta property=\"og:description\" content=\"Quartetti per oboe e archi - Isaac Alb\u00e9niz. Tango e C\u00f3rdoba. Armonizzato da Jos\u00e9 Colom\u00e9 per oboe, violino, viola e violoncello.\" \/>\n<meta property=\"og:url\" content=\"https:\/\/eg-reeds.com\/it\/shop\/spartiti-musicali\/quartetti-per-oboe-e-archi-isaac-albeniz\/\" \/>\n<meta property=\"og:site_name\" content=\"EG-REEDS\" \/>\n<meta property=\"article:publisher\" content=\"https:\/\/www.facebook.com\/EGREEDS\" \/>\n<meta property=\"article:modified_time\" content=\"2020-02-05T17:42:25+00:00\" \/>\n<meta property=\"og:image\" content=\"https:\/\/eg-reeds.com\/wp-content\/uploads\/2018\/11\/Isaac-albeniz-Quartets-for-oboe-and-strings.jpg\" \/>\n\t<meta property=\"og:image:width\" content=\"371\" \/>\n\t<meta property=\"og:image:height\" content=\"529\" \/>\n\t<meta property=\"og:image:type\" content=\"image\/jpeg\" \/>\n<meta name=\"twitter:card\" content=\"summary_large_image\" \/>\n<meta name=\"twitter:site\" content=\"@egreeds\" \/>\n<meta name=\"twitter:label1\" content=\"Prezzo\" \/>\n\t<meta name=\"twitter:data1\" content=\"14,95&euro;\" \/>\n\t<meta name=\"twitter:label2\" content=\"Disponibilit\u00e0\" \/>\n\t<meta name=\"twitter:data2\" content=\"Esaurito\" \/>\n<script type=\"application\/ld+json\" class=\"yoast-schema-graph\">{\"@context\":\"https:\/\/schema.org\",\"@graph\":[{\"@type\":[\"WebPage\",\"ItemPage\"],\"@id\":\"https:\/\/eg-reeds.com\/it\/shop\/spartiti-musicali\/quartetti-per-oboe-e-archi-isaac-albeniz\/\",\"url\":\"https:\/\/eg-reeds.com\/it\/shop\/spartiti-musicali\/quartetti-per-oboe-e-archi-isaac-albeniz\/\",\"name\":\"Quartetti per oboe e archi - Isaac Alb\u00e9niz - EG-REEDS\",\"isPartOf\":{\"@id\":\"https:\/\/eg-reeds.com\/it\/#website\"},\"primaryImageOfPage\":{\"@id\":\"https:\/\/eg-reeds.com\/it\/shop\/spartiti-musicali\/quartetti-per-oboe-e-archi-isaac-albeniz\/#primaryimage\"},\"image\":{\"@id\":\"https:\/\/eg-reeds.com\/it\/shop\/spartiti-musicali\/quartetti-per-oboe-e-archi-isaac-albeniz\/#primaryimage\"},\"thumbnailUrl\":\"https:\/\/eg-reeds.com\/wp-content\/uploads\/2018\/11\/Isaac-albeniz-Quartets-for-oboe-and-strings.jpg\",\"datePublished\":\"2018-11-20T16:59:32+00:00\",\"dateModified\":\"2020-02-05T17:42:25+00:00\",\"description\":\"Quartetti per oboe e archi - Isaac Alb\u00e9niz. Tango e C\u00f3rdoba. Armonizzato da Jos\u00e9 Colom\u00e9 per oboe, violino, viola e violoncello.\",\"breadcrumb\":{\"@id\":\"https:\/\/eg-reeds.com\/it\/shop\/spartiti-musicali\/quartetti-per-oboe-e-archi-isaac-albeniz\/#breadcrumb\"},\"inLanguage\":\"it-IT\",\"potentialAction\":[{\"@type\":\"ReadAction\",\"target\":[\"https:\/\/eg-reeds.com\/it\/shop\/spartiti-musicali\/quartetti-per-oboe-e-archi-isaac-albeniz\/\"]}]},{\"@type\":\"ImageObject\",\"inLanguage\":\"it-IT\",\"@id\":\"https:\/\/eg-reeds.com\/it\/shop\/spartiti-musicali\/quartetti-per-oboe-e-archi-isaac-albeniz\/#primaryimage\",\"url\":\"https:\/\/eg-reeds.com\/wp-content\/uploads\/2018\/11\/Isaac-albeniz-Quartets-for-oboe-and-strings.jpg\",\"contentUrl\":\"https:\/\/eg-reeds.com\/wp-content\/uploads\/2018\/11\/Isaac-albeniz-Quartets-for-oboe-and-strings.jpg\",\"width\":371,\"height\":529,\"caption\":\"Quartetti per oboe e archi - Isaac Alb\u00e9niz\"},{\"@type\":\"BreadcrumbList\",\"@id\":\"https:\/\/eg-reeds.com\/it\/shop\/spartiti-musicali\/quartetti-per-oboe-e-archi-isaac-albeniz\/#breadcrumb\",\"itemListElement\":[{\"@type\":\"ListItem\",\"position\":1,\"name\":\"Startseite\",\"item\":\"https:\/\/eg-reeds.com\/it\/\"},{\"@type\":\"ListItem\",\"position\":2,\"name\":\"Negozio\",\"item\":\"https:\/\/eg-reeds.com\/it\/\"},{\"@type\":\"ListItem\",\"position\":3,\"name\":\"Quartetti per oboe e archi &#8211; Isaac Alb\u00e9niz\"}]},{\"@type\":\"WebSite\",\"@id\":\"https:\/\/eg-reeds.com\/it\/#website\",\"url\":\"https:\/\/eg-reeds.com\/it\/\",\"name\":\"www.eg-reeds.com\",\"description\":\"Ance oboe\",\"publisher\":{\"@id\":\"https:\/\/eg-reeds.com\/it\/#organization\"},\"alternateName\":\"eg-reeds.com\",\"potentialAction\":[{\"@type\":\"SearchAction\",\"target\":{\"@type\":\"EntryPoint\",\"urlTemplate\":\"https:\/\/eg-reeds.com\/it\/?s={search_term_string}\"},\"query-input\":{\"@type\":\"PropertyValueSpecification\",\"valueRequired\":true,\"valueName\":\"search_term_string\"}}],\"inLanguage\":\"it-IT\"},{\"@type\":\"Organization\",\"@id\":\"https:\/\/eg-reeds.com\/it\/#organization\",\"name\":\"www.eg-reeds.com\",\"url\":\"https:\/\/eg-reeds.com\/it\/\",\"logo\":{\"@type\":\"ImageObject\",\"inLanguage\":\"it-IT\",\"@id\":\"https:\/\/eg-reeds.com\/it\/#\/schema\/logo\/image\/\",\"url\":\"https:\/\/eg-reeds.com\/wp-content\/uploads\/2024\/06\/Logo-scaled-e1718793906611.jpg\",\"contentUrl\":\"https:\/\/eg-reeds.com\/wp-content\/uploads\/2024\/06\/Logo-scaled-e1718793906611.jpg\",\"width\":1200,\"height\":493,\"caption\":\"www.eg-reeds.com\"},\"image\":{\"@id\":\"https:\/\/eg-reeds.com\/it\/#\/schema\/logo\/image\/\"},\"sameAs\":[\"https:\/\/www.facebook.com\/EGREEDS\",\"https:\/\/x.com\/egreeds\",\"https:\/\/www.instagram.com\/egreeds\/\",\"https:\/\/www.youtube.com\/c\/EGREEDS\",\"https:\/\/www.threads.net\/@egreeds\",\"https:\/\/www.tiktok.com\/@egreeds\"]}]}<\/script>\n<meta property=\"product:price:amount\" content=\"14.95\" \/>\n<meta property=\"product:price:currency\" content=\"EUR\" \/>\n<meta property=\"og:availability\" content=\"out of stock\" \/>\n<meta property=\"product:availability\" content=\"out of stock\" \/>\n<meta property=\"product:retailer_item_id\" content=\"SMAlbeniz\" \/>\n<meta property=\"product:condition\" content=\"new\" \/>\n<!-- \/ Yoast SEO Premium plugin. -->","yoast_head_json":{"title":"Quartetti per oboe e archi - Isaac Alb\u00e9niz - EG-REEDS","description":"Quartetti per oboe e archi - Isaac Alb\u00e9niz. Tango e C\u00f3rdoba. Armonizzato da Jos\u00e9 Colom\u00e9 per oboe, violino, viola e violoncello.","robots":{"index":"index","follow":"follow","max-snippet":"max-snippet:-1","max-image-preview":"max-image-preview:large","max-video-preview":"max-video-preview:-1"},"canonical":"https:\/\/eg-reeds.com\/it\/shop\/spartiti-musicali\/quartetti-per-oboe-e-archi-isaac-albeniz\/","og_locale":"it_IT","og_type":"article","og_title":"Quartetti per oboe e archi - Isaac Alb\u00e9niz","og_description":"Quartetti per oboe e archi - Isaac Alb\u00e9niz. Tango e C\u00f3rdoba. Armonizzato da Jos\u00e9 Colom\u00e9 per oboe, violino, viola e violoncello.","og_url":"https:\/\/eg-reeds.com\/it\/shop\/spartiti-musicali\/quartetti-per-oboe-e-archi-isaac-albeniz\/","og_site_name":"EG-REEDS","article_publisher":"https:\/\/www.facebook.com\/EGREEDS","article_modified_time":"2020-02-05T17:42:25+00:00","og_image":[{"width":371,"height":529,"url":"https:\/\/eg-reeds.com\/wp-content\/uploads\/2018\/11\/Isaac-albeniz-Quartets-for-oboe-and-strings.jpg","type":"image\/jpeg"}],"twitter_card":"summary_large_image","twitter_site":"@egreeds","twitter_misc":{"Prezzo":"14,95&euro;","Disponibilit\u00e0":"Esaurito"},"schema":{"@context":"https:\/\/schema.org","@graph":[{"@type":["WebPage","ItemPage"],"@id":"https:\/\/eg-reeds.com\/it\/shop\/spartiti-musicali\/quartetti-per-oboe-e-archi-isaac-albeniz\/","url":"https:\/\/eg-reeds.com\/it\/shop\/spartiti-musicali\/quartetti-per-oboe-e-archi-isaac-albeniz\/","name":"Quartetti per oboe e archi - Isaac Alb\u00e9niz - EG-REEDS","isPartOf":{"@id":"https:\/\/eg-reeds.com\/it\/#website"},"primaryImageOfPage":{"@id":"https:\/\/eg-reeds.com\/it\/shop\/spartiti-musicali\/quartetti-per-oboe-e-archi-isaac-albeniz\/#primaryimage"},"image":{"@id":"https:\/\/eg-reeds.com\/it\/shop\/spartiti-musicali\/quartetti-per-oboe-e-archi-isaac-albeniz\/#primaryimage"},"thumbnailUrl":"https:\/\/eg-reeds.com\/wp-content\/uploads\/2018\/11\/Isaac-albeniz-Quartets-for-oboe-and-strings.jpg","datePublished":"2018-11-20T16:59:32+00:00","dateModified":"2020-02-05T17:42:25+00:00","description":"Quartetti per oboe e archi - Isaac Alb\u00e9niz. Tango e C\u00f3rdoba. Armonizzato da Jos\u00e9 Colom\u00e9 per oboe, violino, viola e violoncello.","breadcrumb":{"@id":"https:\/\/eg-reeds.com\/it\/shop\/spartiti-musicali\/quartetti-per-oboe-e-archi-isaac-albeniz\/#breadcrumb"},"inLanguage":"it-IT","potentialAction":[{"@type":"ReadAction","target":["https:\/\/eg-reeds.com\/it\/shop\/spartiti-musicali\/quartetti-per-oboe-e-archi-isaac-albeniz\/"]}]},{"@type":"ImageObject","inLanguage":"it-IT","@id":"https:\/\/eg-reeds.com\/it\/shop\/spartiti-musicali\/quartetti-per-oboe-e-archi-isaac-albeniz\/#primaryimage","url":"https:\/\/eg-reeds.com\/wp-content\/uploads\/2018\/11\/Isaac-albeniz-Quartets-for-oboe-and-strings.jpg","contentUrl":"https:\/\/eg-reeds.com\/wp-content\/uploads\/2018\/11\/Isaac-albeniz-Quartets-for-oboe-and-strings.jpg","width":371,"height":529,"caption":"Quartetti per oboe e archi - Isaac Alb\u00e9niz"},{"@type":"BreadcrumbList","@id":"https:\/\/eg-reeds.com\/it\/shop\/spartiti-musicali\/quartetti-per-oboe-e-archi-isaac-albeniz\/#breadcrumb","itemListElement":[{"@type":"ListItem","position":1,"name":"Startseite","item":"https:\/\/eg-reeds.com\/it\/"},{"@type":"ListItem","position":2,"name":"Negozio","item":"https:\/\/eg-reeds.com\/it\/"},{"@type":"ListItem","position":3,"name":"Quartetti per oboe e archi &#8211; Isaac Alb\u00e9niz"}]},{"@type":"WebSite","@id":"https:\/\/eg-reeds.com\/it\/#website","url":"https:\/\/eg-reeds.com\/it\/","name":"www.eg-reeds.com","description":"Ance oboe","publisher":{"@id":"https:\/\/eg-reeds.com\/it\/#organization"},"alternateName":"eg-reeds.com","potentialAction":[{"@type":"SearchAction","target":{"@type":"EntryPoint","urlTemplate":"https:\/\/eg-reeds.com\/it\/?s={search_term_string}"},"query-input":{"@type":"PropertyValueSpecification","valueRequired":true,"valueName":"search_term_string"}}],"inLanguage":"it-IT"},{"@type":"Organization","@id":"https:\/\/eg-reeds.com\/it\/#organization","name":"www.eg-reeds.com","url":"https:\/\/eg-reeds.com\/it\/","logo":{"@type":"ImageObject","inLanguage":"it-IT","@id":"https:\/\/eg-reeds.com\/it\/#\/schema\/logo\/image\/","url":"https:\/\/eg-reeds.com\/wp-content\/uploads\/2024\/06\/Logo-scaled-e1718793906611.jpg","contentUrl":"https:\/\/eg-reeds.com\/wp-content\/uploads\/2024\/06\/Logo-scaled-e1718793906611.jpg","width":1200,"height":493,"caption":"www.eg-reeds.com"},"image":{"@id":"https:\/\/eg-reeds.com\/it\/#\/schema\/logo\/image\/"},"sameAs":["https:\/\/www.facebook.com\/EGREEDS","https:\/\/x.com\/egreeds","https:\/\/www.instagram.com\/egreeds\/","https:\/\/www.youtube.com\/c\/EGREEDS","https:\/\/www.threads.net\/@egreeds","https:\/\/www.tiktok.com\/@egreeds"]}]},"product_price_amount":"14.95","product_price_currency":"EUR","og_availability":"out of stock","product_availability":"out of stock","product_retailer_item_id":"SMAlbeniz","product_condition":"new"},"_links":{"self":[{"href":"https:\/\/eg-reeds.com\/it\/wp-json\/wp\/v2\/product\/34278","targetHints":{"allow":["GET"]}}],"collection":[{"href":"https:\/\/eg-reeds.com\/it\/wp-json\/wp\/v2\/product"}],"about":[{"href":"https:\/\/eg-reeds.com\/it\/wp-json\/wp\/v2\/types\/product"}],"replies":[{"embeddable":true,"href":"https:\/\/eg-reeds.com\/it\/wp-json\/wp\/v2\/comments?post=34278"}],"wp:featuredmedia":[{"embeddable":true,"href":"https:\/\/eg-reeds.com\/it\/wp-json\/wp\/v2\/media\/34121"}],"wp:attachment":[{"href":"https:\/\/eg-reeds.com\/it\/wp-json\/wp\/v2\/media?parent=34278"}],"wp:term":[{"taxonomy":"product_brand","embeddable":true,"href":"https:\/\/eg-reeds.com\/it\/wp-json\/wp\/v2\/product_brand?post=34278"},{"taxonomy":"product_cat","embeddable":true,"href":"https:\/\/eg-reeds.com\/it\/wp-json\/wp\/v2\/product_cat?post=34278"},{"taxonomy":"product_tag","embeddable":true,"href":"https:\/\/eg-reeds.com\/it\/wp-json\/wp\/v2\/product_tag?post=34278"},{"taxonomy":"giftcard-category","embeddable":true,"href":"https:\/\/eg-reeds.com\/it\/wp-json\/wp\/v2\/giftcard-category?post=34278"}],"curies":[{"name":"wp","href":"https:\/\/api.w.org\/{rel}","templated":true}]}}