{"id":36019,"date":"2018-11-21T10:09:08","date_gmt":"2018-11-21T08:09:08","guid":{"rendered":"http:\/\/eg-reeds.com\/shop\/senza categoria\/duetti-per-oboe-de-par-en-par\/"},"modified":"2018-11-21T10:09:08","modified_gmt":"2018-11-21T08:09:08","slug":"duetti-per-oboe-de-par-en-par","status":"publish","type":"product","link":"https:\/\/eg-reeds.com\/it\/shop\/spartiti-musicali\/duetti-per-oboe-de-par-en-par\/","title":{"rendered":"Duetti per oboe &#8211; De par en par."},"content":{"rendered":"<h4><strong>Duetti per oboe &#8211; De par en par.<\/strong><\/h4>\n<p>Duetti per oboe &#8211; De par en par.<\/p>\n<p>Vol. 1 Iniziazione.<\/p>\n<p>Jos\u00e9 Ram\u00f3n C\u00f3rdoba Rodr\u00edguez.<\/p>\n<p>CD incluso.<\/p>\n<p>Editore: Artsyntax Editions.<\/p>\n","protected":false},"excerpt":{"rendered":"<p>Duetti per oboe &#8211; De par en par. Duetti per oboe &#8211; De par en par. Vol. 1 Iniziazione. Jos\u00e9 Ram\u00f3n C\u00f3rdoba Rodr\u00edguez. CD incluso. Editore: Artsyntax Editions.<\/p>\n","protected":false},"featured_media":34148,"comment_status":"open","ping_status":"closed","template":"","meta":[],"product_brand":[],"product_cat":[3801],"product_tag":[],"giftcard-category":[],"class_list":{"0":"post-36019","1":"product","2":"type-product","3":"status-publish","4":"has-post-thumbnail","6":"product_cat-spartiti-musicali","8":"first","9":"outofstock","10":"taxable","11":"shipping-taxable","12":"purchasable","13":"product-type-simple"},"yoast_head":"<!-- This site is optimized with the Yoast SEO Premium plugin v27.0 (Yoast SEO v27.4) - https:\/\/yoast.com\/product\/yoast-seo-premium-wordpress\/ -->\n<title>Duetti per oboe - De par en par. - EG-REEDS<\/title>\n<meta name=\"description\" content=\"Duetti per oboe - De par en par.\u00a0 Vol. 1 Iniziazione. Jos\u00e9 Ram\u00f3n C\u00f3rdoba Rodr\u00edguez. CD incluso. Editore: Artsyntax Editions.\" \/>\n<meta name=\"robots\" content=\"index, follow, max-snippet:-1, max-image-preview:large, max-video-preview:-1\" \/>\n<link rel=\"canonical\" href=\"https:\/\/eg-reeds.com\/it\/shop\/spartiti-musicali\/duetti-per-oboe-de-par-en-par\/\" \/>\n<meta property=\"og:locale\" content=\"it_IT\" \/>\n<meta property=\"og:type\" content=\"article\" \/>\n<meta property=\"og:title\" content=\"Duetti per oboe - De par en par.\" \/>\n<meta property=\"og:description\" content=\"Duetti per oboe - De par en par.\u00a0 Vol. 1 Iniziazione. Jos\u00e9 Ram\u00f3n C\u00f3rdoba Rodr\u00edguez. CD incluso. Editore: Artsyntax Editions.\" \/>\n<meta property=\"og:url\" content=\"https:\/\/eg-reeds.com\/it\/shop\/spartiti-musicali\/duetti-per-oboe-de-par-en-par\/\" \/>\n<meta property=\"og:site_name\" content=\"EG-REEDS\" \/>\n<meta property=\"article:publisher\" content=\"https:\/\/www.facebook.com\/EGREEDS\" \/>\n<meta property=\"og:image\" content=\"https:\/\/eg-reeds.com\/wp-content\/uploads\/2018\/11\/De-par-en-par-Duet-for-oboe-back-.jpg\" \/>\n\t<meta property=\"og:image:width\" content=\"1280\" \/>\n\t<meta property=\"og:image:height\" content=\"919\" \/>\n\t<meta property=\"og:image:type\" content=\"image\/jpeg\" \/>\n<meta name=\"twitter:card\" content=\"summary_large_image\" \/>\n<meta name=\"twitter:site\" content=\"@egreeds\" \/>\n<meta name=\"twitter:label1\" content=\"Prezzo\" \/>\n\t<meta name=\"twitter:data1\" content=\"11,95&euro;\" \/>\n\t<meta name=\"twitter:label2\" content=\"Disponibilit\u00e0\" \/>\n\t<meta name=\"twitter:data2\" content=\"Esaurito\" \/>\n<script type=\"application\/ld+json\" class=\"yoast-schema-graph\">{\"@context\":\"https:\\\/\\\/schema.org\",\"@graph\":[{\"@type\":[\"WebPage\",\"ItemPage\"],\"@id\":\"https:\\\/\\\/eg-reeds.com\\\/it\\\/shop\\\/spartiti-musicali\\\/duetti-per-oboe-de-par-en-par\\\/\",\"url\":\"https:\\\/\\\/eg-reeds.com\\\/it\\\/shop\\\/spartiti-musicali\\\/duetti-per-oboe-de-par-en-par\\\/\",\"name\":\"Duetti per oboe - De par en par. - EG-REEDS\",\"isPartOf\":{\"@id\":\"https:\\\/\\\/eg-reeds.com\\\/it\\\/#website\"},\"primaryImageOfPage\":{\"@id\":\"https:\\\/\\\/eg-reeds.com\\\/it\\\/shop\\\/spartiti-musicali\\\/duetti-per-oboe-de-par-en-par\\\/#primaryimage\"},\"image\":{\"@id\":\"https:\\\/\\\/eg-reeds.com\\\/it\\\/shop\\\/spartiti-musicali\\\/duetti-per-oboe-de-par-en-par\\\/#primaryimage\"},\"thumbnailUrl\":\"https:\\\/\\\/eg-reeds.com\\\/wp-content\\\/uploads\\\/2018\\\/11\\\/De-par-en-par-Duet-for-oboe-back-.jpg\",\"datePublished\":\"2018-11-21T08:09:08+00:00\",\"description\":\"Duetti per oboe - De par en par.\u00a0 Vol. 1 Iniziazione. Jos\u00e9 Ram\u00f3n C\u00f3rdoba Rodr\u00edguez. CD incluso. Editore: Artsyntax Editions.\",\"breadcrumb\":{\"@id\":\"https:\\\/\\\/eg-reeds.com\\\/it\\\/shop\\\/spartiti-musicali\\\/duetti-per-oboe-de-par-en-par\\\/#breadcrumb\"},\"inLanguage\":\"it-IT\",\"potentialAction\":[{\"@type\":\"ReadAction\",\"target\":[\"https:\\\/\\\/eg-reeds.com\\\/it\\\/shop\\\/spartiti-musicali\\\/duetti-per-oboe-de-par-en-par\\\/\"]}]},{\"@type\":\"ImageObject\",\"inLanguage\":\"it-IT\",\"@id\":\"https:\\\/\\\/eg-reeds.com\\\/it\\\/shop\\\/spartiti-musicali\\\/duetti-per-oboe-de-par-en-par\\\/#primaryimage\",\"url\":\"https:\\\/\\\/eg-reeds.com\\\/wp-content\\\/uploads\\\/2018\\\/11\\\/De-par-en-par-Duet-for-oboe-back-.jpg\",\"contentUrl\":\"https:\\\/\\\/eg-reeds.com\\\/wp-content\\\/uploads\\\/2018\\\/11\\\/De-par-en-par-Duet-for-oboe-back-.jpg\",\"width\":1280,\"height\":919,\"caption\":\"Duetti per oboe\"},{\"@type\":\"BreadcrumbList\",\"@id\":\"https:\\\/\\\/eg-reeds.com\\\/it\\\/shop\\\/spartiti-musicali\\\/duetti-per-oboe-de-par-en-par\\\/#breadcrumb\",\"itemListElement\":[{\"@type\":\"ListItem\",\"position\":1,\"name\":\"Startseite\",\"item\":\"https:\\\/\\\/eg-reeds.com\\\/it\\\/\"},{\"@type\":\"ListItem\",\"position\":2,\"name\":\"Negozio\",\"item\":\"https:\\\/\\\/eg-reeds.com\\\/it\\\/\"},{\"@type\":\"ListItem\",\"position\":3,\"name\":\"Duetti per oboe &#8211; De par en par.\"}]},{\"@type\":\"WebSite\",\"@id\":\"https:\\\/\\\/eg-reeds.com\\\/it\\\/#website\",\"url\":\"https:\\\/\\\/eg-reeds.com\\\/it\\\/\",\"name\":\"www.eg-reeds.com\",\"description\":\"Ance oboe\",\"publisher\":{\"@id\":\"https:\\\/\\\/eg-reeds.com\\\/it\\\/#organization\"},\"alternateName\":\"eg-reeds.com\",\"potentialAction\":[{\"@type\":\"SearchAction\",\"target\":{\"@type\":\"EntryPoint\",\"urlTemplate\":\"https:\\\/\\\/eg-reeds.com\\\/it\\\/?s={search_term_string}\"},\"query-input\":{\"@type\":\"PropertyValueSpecification\",\"valueRequired\":true,\"valueName\":\"search_term_string\"}}],\"inLanguage\":\"it-IT\"},{\"@type\":\"Organization\",\"@id\":\"https:\\\/\\\/eg-reeds.com\\\/it\\\/#organization\",\"name\":\"www.eg-reeds.com\",\"url\":\"https:\\\/\\\/eg-reeds.com\\\/it\\\/\",\"logo\":{\"@type\":\"ImageObject\",\"inLanguage\":\"it-IT\",\"@id\":\"https:\\\/\\\/eg-reeds.com\\\/it\\\/#\\\/schema\\\/logo\\\/image\\\/\",\"url\":\"https:\\\/\\\/eg-reeds.com\\\/wp-content\\\/uploads\\\/2024\\\/06\\\/Logo-scaled-e1718793906611.jpg\",\"contentUrl\":\"https:\\\/\\\/eg-reeds.com\\\/wp-content\\\/uploads\\\/2024\\\/06\\\/Logo-scaled-e1718793906611.jpg\",\"width\":1200,\"height\":493,\"caption\":\"www.eg-reeds.com\"},\"image\":{\"@id\":\"https:\\\/\\\/eg-reeds.com\\\/it\\\/#\\\/schema\\\/logo\\\/image\\\/\"},\"sameAs\":[\"https:\\\/\\\/www.facebook.com\\\/EGREEDS\",\"https:\\\/\\\/x.com\\\/egreeds\",\"https:\\\/\\\/www.instagram.com\\\/egreeds\\\/\",\"https:\\\/\\\/www.youtube.com\\\/c\\\/EGREEDS\",\"https:\\\/\\\/www.threads.net\\\/@egreeds\",\"https:\\\/\\\/www.tiktok.com\\\/@egreeds\"]}]}<\/script>\n<meta property=\"product:price:amount\" content=\"11.95\" \/>\n<meta property=\"product:price:currency\" content=\"EUR\" \/>\n<meta property=\"og:availability\" content=\"out of stock\" \/>\n<meta property=\"product:availability\" content=\"out of stock\" \/>\n<meta property=\"product:retailer_item_id\" content=\"SMDuets\" \/>\n<meta property=\"product:condition\" content=\"new\" \/>\n<!-- \/ Yoast SEO Premium plugin. -->","yoast_head_json":{"title":"Duetti per oboe - De par en par. - EG-REEDS","description":"Duetti per oboe - De par en par.\u00a0 Vol. 1 Iniziazione. Jos\u00e9 Ram\u00f3n C\u00f3rdoba Rodr\u00edguez. CD incluso. Editore: Artsyntax Editions.","robots":{"index":"index","follow":"follow","max-snippet":"max-snippet:-1","max-image-preview":"max-image-preview:large","max-video-preview":"max-video-preview:-1"},"canonical":"https:\/\/eg-reeds.com\/it\/shop\/spartiti-musicali\/duetti-per-oboe-de-par-en-par\/","og_locale":"it_IT","og_type":"article","og_title":"Duetti per oboe - De par en par.","og_description":"Duetti per oboe - De par en par.\u00a0 Vol. 1 Iniziazione. Jos\u00e9 Ram\u00f3n C\u00f3rdoba Rodr\u00edguez. CD incluso. Editore: Artsyntax Editions.","og_url":"https:\/\/eg-reeds.com\/it\/shop\/spartiti-musicali\/duetti-per-oboe-de-par-en-par\/","og_site_name":"EG-REEDS","article_publisher":"https:\/\/www.facebook.com\/EGREEDS","og_image":[{"width":1280,"height":919,"url":"https:\/\/eg-reeds.com\/wp-content\/uploads\/2018\/11\/De-par-en-par-Duet-for-oboe-back-.jpg","type":"image\/jpeg"}],"twitter_card":"summary_large_image","twitter_site":"@egreeds","twitter_misc":{"Prezzo":"11,95&euro;","Disponibilit\u00e0":"Esaurito"},"schema":{"@context":"https:\/\/schema.org","@graph":[{"@type":["WebPage","ItemPage"],"@id":"https:\/\/eg-reeds.com\/it\/shop\/spartiti-musicali\/duetti-per-oboe-de-par-en-par\/","url":"https:\/\/eg-reeds.com\/it\/shop\/spartiti-musicali\/duetti-per-oboe-de-par-en-par\/","name":"Duetti per oboe - De par en par. - EG-REEDS","isPartOf":{"@id":"https:\/\/eg-reeds.com\/it\/#website"},"primaryImageOfPage":{"@id":"https:\/\/eg-reeds.com\/it\/shop\/spartiti-musicali\/duetti-per-oboe-de-par-en-par\/#primaryimage"},"image":{"@id":"https:\/\/eg-reeds.com\/it\/shop\/spartiti-musicali\/duetti-per-oboe-de-par-en-par\/#primaryimage"},"thumbnailUrl":"https:\/\/eg-reeds.com\/wp-content\/uploads\/2018\/11\/De-par-en-par-Duet-for-oboe-back-.jpg","datePublished":"2018-11-21T08:09:08+00:00","description":"Duetti per oboe - De par en par.\u00a0 Vol. 1 Iniziazione. Jos\u00e9 Ram\u00f3n C\u00f3rdoba Rodr\u00edguez. CD incluso. Editore: Artsyntax Editions.","breadcrumb":{"@id":"https:\/\/eg-reeds.com\/it\/shop\/spartiti-musicali\/duetti-per-oboe-de-par-en-par\/#breadcrumb"},"inLanguage":"it-IT","potentialAction":[{"@type":"ReadAction","target":["https:\/\/eg-reeds.com\/it\/shop\/spartiti-musicali\/duetti-per-oboe-de-par-en-par\/"]}]},{"@type":"ImageObject","inLanguage":"it-IT","@id":"https:\/\/eg-reeds.com\/it\/shop\/spartiti-musicali\/duetti-per-oboe-de-par-en-par\/#primaryimage","url":"https:\/\/eg-reeds.com\/wp-content\/uploads\/2018\/11\/De-par-en-par-Duet-for-oboe-back-.jpg","contentUrl":"https:\/\/eg-reeds.com\/wp-content\/uploads\/2018\/11\/De-par-en-par-Duet-for-oboe-back-.jpg","width":1280,"height":919,"caption":"Duetti per oboe"},{"@type":"BreadcrumbList","@id":"https:\/\/eg-reeds.com\/it\/shop\/spartiti-musicali\/duetti-per-oboe-de-par-en-par\/#breadcrumb","itemListElement":[{"@type":"ListItem","position":1,"name":"Startseite","item":"https:\/\/eg-reeds.com\/it\/"},{"@type":"ListItem","position":2,"name":"Negozio","item":"https:\/\/eg-reeds.com\/it\/"},{"@type":"ListItem","position":3,"name":"Duetti per oboe &#8211; De par en par."}]},{"@type":"WebSite","@id":"https:\/\/eg-reeds.com\/it\/#website","url":"https:\/\/eg-reeds.com\/it\/","name":"www.eg-reeds.com","description":"Ance oboe","publisher":{"@id":"https:\/\/eg-reeds.com\/it\/#organization"},"alternateName":"eg-reeds.com","potentialAction":[{"@type":"SearchAction","target":{"@type":"EntryPoint","urlTemplate":"https:\/\/eg-reeds.com\/it\/?s={search_term_string}"},"query-input":{"@type":"PropertyValueSpecification","valueRequired":true,"valueName":"search_term_string"}}],"inLanguage":"it-IT"},{"@type":"Organization","@id":"https:\/\/eg-reeds.com\/it\/#organization","name":"www.eg-reeds.com","url":"https:\/\/eg-reeds.com\/it\/","logo":{"@type":"ImageObject","inLanguage":"it-IT","@id":"https:\/\/eg-reeds.com\/it\/#\/schema\/logo\/image\/","url":"https:\/\/eg-reeds.com\/wp-content\/uploads\/2024\/06\/Logo-scaled-e1718793906611.jpg","contentUrl":"https:\/\/eg-reeds.com\/wp-content\/uploads\/2024\/06\/Logo-scaled-e1718793906611.jpg","width":1200,"height":493,"caption":"www.eg-reeds.com"},"image":{"@id":"https:\/\/eg-reeds.com\/it\/#\/schema\/logo\/image\/"},"sameAs":["https:\/\/www.facebook.com\/EGREEDS","https:\/\/x.com\/egreeds","https:\/\/www.instagram.com\/egreeds\/","https:\/\/www.youtube.com\/c\/EGREEDS","https:\/\/www.threads.net\/@egreeds","https:\/\/www.tiktok.com\/@egreeds"]}]},"product_price_amount":"11.95","product_price_currency":"EUR","og_availability":"out of stock","product_availability":"out of stock","product_retailer_item_id":"SMDuets","product_condition":"new"},"_links":{"self":[{"href":"https:\/\/eg-reeds.com\/it\/wp-json\/wp\/v2\/product\/36019","targetHints":{"allow":["GET"]}}],"collection":[{"href":"https:\/\/eg-reeds.com\/it\/wp-json\/wp\/v2\/product"}],"about":[{"href":"https:\/\/eg-reeds.com\/it\/wp-json\/wp\/v2\/types\/product"}],"replies":[{"embeddable":true,"href":"https:\/\/eg-reeds.com\/it\/wp-json\/wp\/v2\/comments?post=36019"}],"wp:featuredmedia":[{"embeddable":true,"href":"https:\/\/eg-reeds.com\/it\/wp-json\/wp\/v2\/media\/34148"}],"wp:attachment":[{"href":"https:\/\/eg-reeds.com\/it\/wp-json\/wp\/v2\/media?parent=36019"}],"wp:term":[{"taxonomy":"product_brand","embeddable":true,"href":"https:\/\/eg-reeds.com\/it\/wp-json\/wp\/v2\/product_brand?post=36019"},{"taxonomy":"product_cat","embeddable":true,"href":"https:\/\/eg-reeds.com\/it\/wp-json\/wp\/v2\/product_cat?post=36019"},{"taxonomy":"product_tag","embeddable":true,"href":"https:\/\/eg-reeds.com\/it\/wp-json\/wp\/v2\/product_tag?post=36019"},{"taxonomy":"giftcard-category","embeddable":true,"href":"https:\/\/eg-reeds.com\/it\/wp-json\/wp\/v2\/giftcard-category?post=36019"}],"curies":[{"name":"wp","href":"https:\/\/api.w.org\/{rel}","templated":true}]}}