{"id":43065,"date":"2020-12-01T20:26:08","date_gmt":"2020-12-01T19:26:08","guid":{"rendered":"http:\/\/eg-reeds.com\/shop\/senza%20categoria\/carta-regalo\/"},"modified":"2021-11-24T18:03:27","modified_gmt":"2021-11-24T16:03:27","slug":"carta-regalo","status":"publish","type":"product","link":"https:\/\/eg-reeds.com\/it\/shop\/articoli-da-regalo\/carta-regalo\/","title":{"rendered":"Carta regalo"},"content":{"rendered":"<h1><strong>Carta regalo.<\/strong><\/h1>\n<div>Carta regalo virtuale EG-REEDS.<\/div>\n<div><\/div>\n<ul>\n<li>Il regalo ideale per tutti per Natale, anniversario, San Valentino, matrimonio &#8230;<\/li>\n<li>Puoi inviare la somma di denaro che desideri.<\/li>\n<li>L&#8217;importo \u00e8 quindi disponibile come buono su qualsiasi prodotto su www.eg-reeds.com<\/li>\n<li>Personalizza la carta regalo con la un messaggio al destinatario.<\/li>\n<li>La data di consegna dell&#8217;email dipende da te.<\/li>\n<\/ul>\n<div>Per maggiori informazioni contattaci a\u00a0<a href=\"mailto:info@eg-reeds.com\" target=\"_blank\" rel=\"noopener noreferrer\">info@eg-reeds.com<\/a><\/div>\n<p>&nbsp;<\/p>\n<h3>Condizioni della carta regalo:<\/h3>\n<p>La carta regalo verr\u00e0 inviata via e-mail al destinatario non appena il pagamento sar\u00e0 confermato. Puoi anche scegliere di inviare in un secondo momento. Riceverai un&#8217;e-mail quando sar\u00e0 stata consegnata al destinatario.<\/p>\n<p>Tasse incluse.<\/p>\n<p><strong>Attenzione:<\/strong> valido solo per il paese in cui lo hai acquistato. Se viene utilizzato in modo improprio, annulleremo l&#8217;ordine.<\/p>\n<p>\u00c8 un documento al portatore. La carta non verr\u00e0 sostituita in caso di furto, smarrimento, smarrimento o danneggiamento.<\/p>\n<p>&nbsp;<\/p>\n","protected":false},"excerpt":{"rendered":"<p>Seleziona l&#8217;importo, la data di consegna e copri le informazioni del mittente e del destinatario e puoi andare alla cassa. Si prega di leggere le condizioni della carta regalo di seguito.<\/p>\n","protected":false},"featured_media":42720,"comment_status":"open","ping_status":"closed","template":"","meta":[],"product_brand":[],"product_cat":[3779],"product_tag":[],"giftcard-category":[],"class_list":{"0":"post-43065","1":"product","2":"type-product","3":"status-publish","4":"has-post-thumbnail","6":"product_cat-articoli-da-regalo","8":"first","9":"instock","10":"virtual","11":"taxable","12":"purchasable","13":"product-type-gift-card"},"yoast_head":"<!-- This site is optimized with the Yoast SEO Premium plugin v27.0 (Yoast SEO v27.4) - https:\/\/yoast.com\/product\/yoast-seo-premium-wordpress\/ -->\n<title>Carta regalo - EG-REEDS<\/title>\n<meta name=\"description\" content=\"Carta regalo virtuale EG-REEDS. Il regalo ideale per tutti per Natale, anniversario, compleanni.\" \/>\n<meta name=\"robots\" content=\"index, follow, max-snippet:-1, max-image-preview:large, max-video-preview:-1\" \/>\n<link rel=\"canonical\" href=\"https:\/\/eg-reeds.com\/it\/shop\/articoli-da-regalo\/carta-regalo\/\" \/>\n<meta property=\"og:locale\" content=\"it_IT\" \/>\n<meta property=\"og:type\" content=\"article\" \/>\n<meta property=\"og:title\" content=\"Carta regalo\" \/>\n<meta property=\"og:description\" content=\"Carta regalo virtuale EG-REEDS. Il regalo ideale per tutti per Natale, anniversario, compleanni.\" \/>\n<meta property=\"og:url\" content=\"https:\/\/eg-reeds.com\/it\/shop\/articoli-da-regalo\/carta-regalo\/\" \/>\n<meta property=\"og:site_name\" content=\"EG-REEDS\" \/>\n<meta property=\"article:publisher\" content=\"https:\/\/www.facebook.com\/EGREEDS\" \/>\n<meta property=\"article:modified_time\" content=\"2021-11-24T16:03:27+00:00\" \/>\n<meta property=\"og:image\" content=\"https:\/\/eg-reeds.com\/wp-content\/uploads\/2020\/12\/Gift-card-EG-REEDS.png\" \/>\n\t<meta property=\"og:image:width\" content=\"1747\" \/>\n\t<meta property=\"og:image:height\" content=\"1240\" \/>\n\t<meta property=\"og:image:type\" content=\"image\/png\" \/>\n<meta name=\"twitter:card\" content=\"summary_large_image\" \/>\n<meta name=\"twitter:site\" content=\"@egreeds\" \/>\n<meta name=\"twitter:label1\" content=\"Prezzo\" \/>\n\t<meta name=\"twitter:data1\" content=\"\" \/>\n\t<meta name=\"twitter:label2\" content=\"Disponibilit\u00e0\" \/>\n\t<meta name=\"twitter:data2\" content=\"In stock\" \/>\n<script type=\"application\/ld+json\" class=\"yoast-schema-graph\">{\"@context\":\"https:\\\/\\\/schema.org\",\"@graph\":[{\"@type\":[\"WebPage\",\"ItemPage\"],\"@id\":\"https:\\\/\\\/eg-reeds.com\\\/it\\\/shop\\\/articoli-da-regalo\\\/carta-regalo\\\/\",\"url\":\"https:\\\/\\\/eg-reeds.com\\\/it\\\/shop\\\/articoli-da-regalo\\\/carta-regalo\\\/\",\"name\":\"Carta regalo - EG-REEDS\",\"isPartOf\":{\"@id\":\"https:\\\/\\\/eg-reeds.com\\\/it\\\/#website\"},\"primaryImageOfPage\":{\"@id\":\"https:\\\/\\\/eg-reeds.com\\\/it\\\/shop\\\/articoli-da-regalo\\\/carta-regalo\\\/#primaryimage\"},\"image\":{\"@id\":\"https:\\\/\\\/eg-reeds.com\\\/it\\\/shop\\\/articoli-da-regalo\\\/carta-regalo\\\/#primaryimage\"},\"thumbnailUrl\":\"https:\\\/\\\/eg-reeds.com\\\/wp-content\\\/uploads\\\/2020\\\/12\\\/Gift-card-EG-REEDS.png\",\"datePublished\":\"2020-12-01T19:26:08+00:00\",\"dateModified\":\"2021-11-24T16:03:27+00:00\",\"description\":\"Carta regalo virtuale EG-REEDS. Il regalo ideale per tutti per Natale, anniversario, compleanni.\",\"breadcrumb\":{\"@id\":\"https:\\\/\\\/eg-reeds.com\\\/it\\\/shop\\\/articoli-da-regalo\\\/carta-regalo\\\/#breadcrumb\"},\"inLanguage\":\"it-IT\",\"potentialAction\":[{\"@type\":\"ReadAction\",\"target\":[\"https:\\\/\\\/eg-reeds.com\\\/it\\\/shop\\\/articoli-da-regalo\\\/carta-regalo\\\/\"]}]},{\"@type\":\"ImageObject\",\"inLanguage\":\"it-IT\",\"@id\":\"https:\\\/\\\/eg-reeds.com\\\/it\\\/shop\\\/articoli-da-regalo\\\/carta-regalo\\\/#primaryimage\",\"url\":\"https:\\\/\\\/eg-reeds.com\\\/wp-content\\\/uploads\\\/2020\\\/12\\\/Gift-card-EG-REEDS.png\",\"contentUrl\":\"https:\\\/\\\/eg-reeds.com\\\/wp-content\\\/uploads\\\/2020\\\/12\\\/Gift-card-EG-REEDS.png\",\"width\":1747,\"height\":1240,\"caption\":\"Carta regalo\"},{\"@type\":\"BreadcrumbList\",\"@id\":\"https:\\\/\\\/eg-reeds.com\\\/it\\\/shop\\\/articoli-da-regalo\\\/carta-regalo\\\/#breadcrumb\",\"itemListElement\":[{\"@type\":\"ListItem\",\"position\":1,\"name\":\"Startseite\",\"item\":\"https:\\\/\\\/eg-reeds.com\\\/it\\\/\"},{\"@type\":\"ListItem\",\"position\":2,\"name\":\"Negozio\",\"item\":\"https:\\\/\\\/eg-reeds.com\\\/it\\\/\"},{\"@type\":\"ListItem\",\"position\":3,\"name\":\"Carta regalo\"}]},{\"@type\":\"WebSite\",\"@id\":\"https:\\\/\\\/eg-reeds.com\\\/it\\\/#website\",\"url\":\"https:\\\/\\\/eg-reeds.com\\\/it\\\/\",\"name\":\"www.eg-reeds.com\",\"description\":\"Ance oboe\",\"publisher\":{\"@id\":\"https:\\\/\\\/eg-reeds.com\\\/it\\\/#organization\"},\"alternateName\":\"eg-reeds.com\",\"potentialAction\":[{\"@type\":\"SearchAction\",\"target\":{\"@type\":\"EntryPoint\",\"urlTemplate\":\"https:\\\/\\\/eg-reeds.com\\\/it\\\/?s={search_term_string}\"},\"query-input\":{\"@type\":\"PropertyValueSpecification\",\"valueRequired\":true,\"valueName\":\"search_term_string\"}}],\"inLanguage\":\"it-IT\"},{\"@type\":\"Organization\",\"@id\":\"https:\\\/\\\/eg-reeds.com\\\/it\\\/#organization\",\"name\":\"www.eg-reeds.com\",\"url\":\"https:\\\/\\\/eg-reeds.com\\\/it\\\/\",\"logo\":{\"@type\":\"ImageObject\",\"inLanguage\":\"it-IT\",\"@id\":\"https:\\\/\\\/eg-reeds.com\\\/it\\\/#\\\/schema\\\/logo\\\/image\\\/\",\"url\":\"https:\\\/\\\/eg-reeds.com\\\/wp-content\\\/uploads\\\/2024\\\/06\\\/Logo-scaled-e1718793906611.jpg\",\"contentUrl\":\"https:\\\/\\\/eg-reeds.com\\\/wp-content\\\/uploads\\\/2024\\\/06\\\/Logo-scaled-e1718793906611.jpg\",\"width\":1200,\"height\":493,\"caption\":\"www.eg-reeds.com\"},\"image\":{\"@id\":\"https:\\\/\\\/eg-reeds.com\\\/it\\\/#\\\/schema\\\/logo\\\/image\\\/\"},\"sameAs\":[\"https:\\\/\\\/www.facebook.com\\\/EGREEDS\",\"https:\\\/\\\/x.com\\\/egreeds\",\"https:\\\/\\\/www.instagram.com\\\/egreeds\\\/\",\"https:\\\/\\\/www.youtube.com\\\/c\\\/EGREEDS\",\"https:\\\/\\\/www.threads.net\\\/@egreeds\",\"https:\\\/\\\/www.tiktok.com\\\/@egreeds\"]}]}<\/script>\n<meta property=\"product:price:currency\" content=\"EUR\" \/>\n<meta property=\"og:availability\" content=\"instock\" \/>\n<meta property=\"product:availability\" content=\"instock\" \/>\n<meta property=\"product:retailer_item_id\" content=\"RTR\" \/>\n<meta property=\"product:condition\" content=\"new\" \/>\n<!-- \/ Yoast SEO Premium plugin. -->","yoast_head_json":{"title":"Carta regalo - EG-REEDS","description":"Carta regalo virtuale EG-REEDS. Il regalo ideale per tutti per Natale, anniversario, compleanni.","robots":{"index":"index","follow":"follow","max-snippet":"max-snippet:-1","max-image-preview":"max-image-preview:large","max-video-preview":"max-video-preview:-1"},"canonical":"https:\/\/eg-reeds.com\/it\/shop\/articoli-da-regalo\/carta-regalo\/","og_locale":"it_IT","og_type":"article","og_title":"Carta regalo","og_description":"Carta regalo virtuale EG-REEDS. Il regalo ideale per tutti per Natale, anniversario, compleanni.","og_url":"https:\/\/eg-reeds.com\/it\/shop\/articoli-da-regalo\/carta-regalo\/","og_site_name":"EG-REEDS","article_publisher":"https:\/\/www.facebook.com\/EGREEDS","article_modified_time":"2021-11-24T16:03:27+00:00","og_image":[{"width":1747,"height":1240,"url":"https:\/\/eg-reeds.com\/wp-content\/uploads\/2020\/12\/Gift-card-EG-REEDS.png","type":"image\/png"}],"twitter_card":"summary_large_image","twitter_site":"@egreeds","twitter_misc":{"Prezzo":"","Disponibilit\u00e0":"In stock"},"schema":{"@context":"https:\/\/schema.org","@graph":[{"@type":["WebPage","ItemPage"],"@id":"https:\/\/eg-reeds.com\/it\/shop\/articoli-da-regalo\/carta-regalo\/","url":"https:\/\/eg-reeds.com\/it\/shop\/articoli-da-regalo\/carta-regalo\/","name":"Carta regalo - EG-REEDS","isPartOf":{"@id":"https:\/\/eg-reeds.com\/it\/#website"},"primaryImageOfPage":{"@id":"https:\/\/eg-reeds.com\/it\/shop\/articoli-da-regalo\/carta-regalo\/#primaryimage"},"image":{"@id":"https:\/\/eg-reeds.com\/it\/shop\/articoli-da-regalo\/carta-regalo\/#primaryimage"},"thumbnailUrl":"https:\/\/eg-reeds.com\/wp-content\/uploads\/2020\/12\/Gift-card-EG-REEDS.png","datePublished":"2020-12-01T19:26:08+00:00","dateModified":"2021-11-24T16:03:27+00:00","description":"Carta regalo virtuale EG-REEDS. Il regalo ideale per tutti per Natale, anniversario, compleanni.","breadcrumb":{"@id":"https:\/\/eg-reeds.com\/it\/shop\/articoli-da-regalo\/carta-regalo\/#breadcrumb"},"inLanguage":"it-IT","potentialAction":[{"@type":"ReadAction","target":["https:\/\/eg-reeds.com\/it\/shop\/articoli-da-regalo\/carta-regalo\/"]}]},{"@type":"ImageObject","inLanguage":"it-IT","@id":"https:\/\/eg-reeds.com\/it\/shop\/articoli-da-regalo\/carta-regalo\/#primaryimage","url":"https:\/\/eg-reeds.com\/wp-content\/uploads\/2020\/12\/Gift-card-EG-REEDS.png","contentUrl":"https:\/\/eg-reeds.com\/wp-content\/uploads\/2020\/12\/Gift-card-EG-REEDS.png","width":1747,"height":1240,"caption":"Carta regalo"},{"@type":"BreadcrumbList","@id":"https:\/\/eg-reeds.com\/it\/shop\/articoli-da-regalo\/carta-regalo\/#breadcrumb","itemListElement":[{"@type":"ListItem","position":1,"name":"Startseite","item":"https:\/\/eg-reeds.com\/it\/"},{"@type":"ListItem","position":2,"name":"Negozio","item":"https:\/\/eg-reeds.com\/it\/"},{"@type":"ListItem","position":3,"name":"Carta regalo"}]},{"@type":"WebSite","@id":"https:\/\/eg-reeds.com\/it\/#website","url":"https:\/\/eg-reeds.com\/it\/","name":"www.eg-reeds.com","description":"Ance oboe","publisher":{"@id":"https:\/\/eg-reeds.com\/it\/#organization"},"alternateName":"eg-reeds.com","potentialAction":[{"@type":"SearchAction","target":{"@type":"EntryPoint","urlTemplate":"https:\/\/eg-reeds.com\/it\/?s={search_term_string}"},"query-input":{"@type":"PropertyValueSpecification","valueRequired":true,"valueName":"search_term_string"}}],"inLanguage":"it-IT"},{"@type":"Organization","@id":"https:\/\/eg-reeds.com\/it\/#organization","name":"www.eg-reeds.com","url":"https:\/\/eg-reeds.com\/it\/","logo":{"@type":"ImageObject","inLanguage":"it-IT","@id":"https:\/\/eg-reeds.com\/it\/#\/schema\/logo\/image\/","url":"https:\/\/eg-reeds.com\/wp-content\/uploads\/2024\/06\/Logo-scaled-e1718793906611.jpg","contentUrl":"https:\/\/eg-reeds.com\/wp-content\/uploads\/2024\/06\/Logo-scaled-e1718793906611.jpg","width":1200,"height":493,"caption":"www.eg-reeds.com"},"image":{"@id":"https:\/\/eg-reeds.com\/it\/#\/schema\/logo\/image\/"},"sameAs":["https:\/\/www.facebook.com\/EGREEDS","https:\/\/x.com\/egreeds","https:\/\/www.instagram.com\/egreeds\/","https:\/\/www.youtube.com\/c\/EGREEDS","https:\/\/www.threads.net\/@egreeds","https:\/\/www.tiktok.com\/@egreeds"]}]},"product_price_currency":"EUR","og_availability":"instock","product_availability":"instock","product_retailer_item_id":"RTR","product_condition":"new"},"_links":{"self":[{"href":"https:\/\/eg-reeds.com\/it\/wp-json\/wp\/v2\/product\/43065","targetHints":{"allow":["GET"]}}],"collection":[{"href":"https:\/\/eg-reeds.com\/it\/wp-json\/wp\/v2\/product"}],"about":[{"href":"https:\/\/eg-reeds.com\/it\/wp-json\/wp\/v2\/types\/product"}],"replies":[{"embeddable":true,"href":"https:\/\/eg-reeds.com\/it\/wp-json\/wp\/v2\/comments?post=43065"}],"wp:featuredmedia":[{"embeddable":true,"href":"https:\/\/eg-reeds.com\/it\/wp-json\/wp\/v2\/media\/42720"}],"wp:attachment":[{"href":"https:\/\/eg-reeds.com\/it\/wp-json\/wp\/v2\/media?parent=43065"}],"wp:term":[{"taxonomy":"product_brand","embeddable":true,"href":"https:\/\/eg-reeds.com\/it\/wp-json\/wp\/v2\/product_brand?post=43065"},{"taxonomy":"product_cat","embeddable":true,"href":"https:\/\/eg-reeds.com\/it\/wp-json\/wp\/v2\/product_cat?post=43065"},{"taxonomy":"product_tag","embeddable":true,"href":"https:\/\/eg-reeds.com\/it\/wp-json\/wp\/v2\/product_tag?post=43065"},{"taxonomy":"giftcard-category","embeddable":true,"href":"https:\/\/eg-reeds.com\/it\/wp-json\/wp\/v2\/giftcard-category?post=43065"}],"curies":[{"name":"wp","href":"https:\/\/api.w.org\/{rel}","templated":true}]}}