{"id":46413,"date":"2022-06-23T17:51:53","date_gmt":"2022-06-23T15:51:53","guid":{"rendered":"http:\/\/eg-reeds.com\/?post_type=product&#038;p=46413"},"modified":"2025-02-24T11:16:58","modified_gmt":"2025-02-24T10:16:58","slug":"oboe-studenti-intermedio-eg-reeds","status":"publish","type":"product","link":"https:\/\/eg-reeds.com\/it\/shop\/oboi-eg-reeds\/oboe-studenti-intermedio-eg-reeds\/","title":{"rendered":"Oboe studenti intermedio EG-REEDS"},"content":{"rendered":"<h1><strong>Oboe studenti intermedio EG-REEDS.<\/strong><\/h1>\n<p>Oboe studenti intermedio EG-REEDS. Il nostro oboe per studenti intermedi EG-REEDS ha un sistema completo di conservatorio con tutte le chiavi. Uno strumento semi-professionale. Semiautomatico. Con chiavi argentate. Gli oboi intermedi sono realizzati in composito (mix di legno e ABS). Questo rende un oboe leggero ma allo stesso tempo molto resistente. Se stai cercando un oboe da studio conveniente e di buona qualit\u00e0, questo \u00e8 quello giusto per te.<\/p>\n<p>Oboe semi professionale, completo, con il quale l&#8217;allievo pu\u00f2 suonare per molti anni.\u00a0Progettato anche per i dilettanti che vogliono divertirsi a suonare l&#8217;oboe con un buon strumento ad un buon prezzo. Produce un bel suono con una buona intonazione e risposta. Un oboe di buona qualit\u00e0 al miglior prezzo.<\/p>\n<p>Incluso nel prezzo \u00e8: astuccio per il trasporto, 1ancia per studenti intermedio EG-REEDS, straccetto e grasso di sughero.<\/p>\n<p>Per qualsiasi ulteriore informazione contattaci via email: <a href=\"mailto:info@eg-reeds.com\" target=\"_blank\" rel=\"noopener noreferrer\">info@eg-reeds.com<\/a>.<\/p>\n<ul>\n<li class=\"bullet-checkmark\">Modello intermedio. Semi professionale.<\/li>\n<li class=\"fx-list__item list-item fx-list__item--circle bullet-checkmark\">Sistema completo di conservatorio.<\/li>\n<li class=\"bullet-checkmark\">Semiautomatico.<\/li>\n<li class=\"bullet-checkmark\">Corpo composito (mix di legno e ABS).<\/li>\n<li class=\"bullet-checkmark\">Chiavi argentate.<\/li>\n<li class=\"bullet-checkmark\">Incluso nel prezzo: astuccio per il trasporto, 1 <a href=\"https:\/\/eg-reeds.com\/it\/shop\/ance-e-canne-per-studenti\/ancia-oboe-studenti-intermedio-eg-reeds\/\" target=\"_blank\" rel=\"noopener\">ancia per studenti intermedio EG-REEDS<\/a>, straccetto e grasso di sughero.<\/li>\n<\/ul>\n<p><iframe loading=\"lazy\" title=\"Oboe estudiante intermedio EG-REEDS.\" width=\"1020\" height=\"574\" src=\"https:\/\/www.youtube.com\/embed\/dVxxXZ975dE?feature=oembed\" frameborder=\"0\" allow=\"accelerometer; autoplay; clipboard-write; encrypted-media; gyroscope; picture-in-picture; web-share\" referrerpolicy=\"strict-origin-when-cross-origin\" allowfullscreen><\/iframe><\/p>\n<h2><strong>Perch\u00e9 scegliere l&#8217;oboe intermedio EG-REEDS?<\/strong><\/h2>\n<p>Il nostro oboe intermedio \u00e8 la scelta ideale per studenti avanzati e dilettanti che vogliono migliorare le loro capacit\u00e0 musicali senza dover investire in uno strumento professionale. Con un design robusto, materiali di alta qualit\u00e0 e un prezzo competitivo, l&#8217;oboe intermedio EG-REEDS \u00e8 perfetto per chi cerca un ottimo equilibrio tra prestazioni e costo. Scopri perch\u00e9 musicisti di tutto il mondo scelgono EG-REEDS per il loro percorso musicale!<\/p>\n<p>&nbsp;<\/p>\n<p><strong>Acquista ora il tuo oboe intermedio e inizia a suonare con uno strumento di qualit\u00e0.<\/strong><\/p>\n<p>Se hai bisogno di un oboe per studenti che iniziano con l&#8217;oboe, ti consigliamo il nostro <a href=\"https:\/\/eg-reeds.com\/it\/shop\/oboi-eg-reeds\/oboe-studenti-principianti-eg-reeds\/\" target=\"_blank\" rel=\"noopener\">oboe per studenti principianti EG-REEDS<\/a>.<\/p>\n<div><\/div>\n","protected":false},"excerpt":{"rendered":"<p>Oboe intermedio semi professionale EG-REEDS.<\/p>\n","protected":false},"featured_media":46435,"comment_status":"open","ping_status":"closed","template":"","meta":[],"product_brand":[],"product_cat":[3816],"product_tag":[2016],"giftcard-category":[],"class_list":{"0":"post-46413","1":"product","2":"type-product","3":"status-publish","4":"has-post-thumbnail","6":"product_cat-oboi-eg-reeds","7":"product_tag-oboe","8":"product_shipping_class-rmm-it","10":"first","11":"instock","12":"featured","13":"taxable","14":"shipping-taxable","15":"purchasable","16":"product-type-simple"},"yoast_head":"<!-- This site is optimized with the Yoast SEO Premium plugin v27.0 (Yoast SEO v27.4) - https:\/\/yoast.com\/product\/yoast-seo-premium-wordpress\/ -->\n<title>Oboe studenti intermedio EG-REEDS - EG-REEDS<\/title>\n<meta name=\"description\" content=\"Oboe intermedio EG-REEDS con sistema conservatorio. Strumento semi-professionale in composito. Un oboe da studio di alta qualit\u00e0 e conveniente.\" \/>\n<meta name=\"robots\" content=\"index, follow, max-snippet:-1, max-image-preview:large, max-video-preview:-1\" \/>\n<link rel=\"canonical\" href=\"https:\/\/eg-reeds.com\/it\/shop\/oboi-eg-reeds\/oboe-studenti-intermedio-eg-reeds\/\" \/>\n<meta property=\"og:locale\" content=\"it_IT\" \/>\n<meta property=\"og:type\" content=\"article\" \/>\n<meta property=\"og:title\" content=\"Oboe studenti intermedio EG-REEDS\" \/>\n<meta property=\"og:description\" content=\"Oboe intermedio EG-REEDS con sistema conservatorio. Strumento semi-professionale in composito. Un oboe da studio di alta qualit\u00e0 e conveniente.\" \/>\n<meta property=\"og:url\" content=\"https:\/\/eg-reeds.com\/it\/shop\/oboi-eg-reeds\/oboe-studenti-intermedio-eg-reeds\/\" \/>\n<meta property=\"og:site_name\" content=\"EG-REEDS\" \/>\n<meta property=\"article:publisher\" content=\"https:\/\/www.facebook.com\/EGREEDS\" \/>\n<meta property=\"article:modified_time\" content=\"2025-02-24T10:16:58+00:00\" \/>\n<meta property=\"og:image\" content=\"https:\/\/eg-reeds.com\/wp-content\/uploads\/2022\/06\/Intermediate-oboe-EG-REEDS-e1708535406935.jpeg\" \/>\n\t<meta property=\"og:image:width\" content=\"400\" \/>\n\t<meta property=\"og:image:height\" content=\"340\" \/>\n\t<meta property=\"og:image:type\" content=\"image\/jpeg\" \/>\n<meta name=\"twitter:card\" content=\"summary_large_image\" \/>\n<meta name=\"twitter:site\" content=\"@egreeds\" \/>\n<meta name=\"twitter:label1\" content=\"Prezzo\" \/>\n\t<meta name=\"twitter:data1\" content=\"2.490,00&euro;\" \/>\n\t<meta name=\"twitter:label2\" content=\"Disponibilit\u00e0\" \/>\n\t<meta name=\"twitter:data2\" content=\"In stock\" \/>\n<script type=\"application\/ld+json\" class=\"yoast-schema-graph\">{\"@context\":\"https:\\\/\\\/schema.org\",\"@graph\":[{\"@type\":[\"WebPage\",\"ItemPage\"],\"@id\":\"https:\\\/\\\/eg-reeds.com\\\/it\\\/shop\\\/oboi-eg-reeds\\\/oboe-studenti-intermedio-eg-reeds\\\/\",\"url\":\"https:\\\/\\\/eg-reeds.com\\\/it\\\/shop\\\/oboi-eg-reeds\\\/oboe-studenti-intermedio-eg-reeds\\\/\",\"name\":\"Oboe studenti intermedio EG-REEDS - EG-REEDS\",\"isPartOf\":{\"@id\":\"https:\\\/\\\/eg-reeds.com\\\/it\\\/#website\"},\"primaryImageOfPage\":{\"@id\":\"https:\\\/\\\/eg-reeds.com\\\/it\\\/shop\\\/oboi-eg-reeds\\\/oboe-studenti-intermedio-eg-reeds\\\/#primaryimage\"},\"image\":{\"@id\":\"https:\\\/\\\/eg-reeds.com\\\/it\\\/shop\\\/oboi-eg-reeds\\\/oboe-studenti-intermedio-eg-reeds\\\/#primaryimage\"},\"thumbnailUrl\":\"https:\\\/\\\/eg-reeds.com\\\/wp-content\\\/uploads\\\/2022\\\/06\\\/Intermediate-oboe-EG-REEDS-e1708535406935.jpeg\",\"datePublished\":\"2022-06-23T15:51:53+00:00\",\"dateModified\":\"2025-02-24T10:16:58+00:00\",\"description\":\"Oboe intermedio EG-REEDS con sistema conservatorio. Strumento semi-professionale in composito. Un oboe da studio di alta qualit\u00e0 e conveniente.\",\"breadcrumb\":{\"@id\":\"https:\\\/\\\/eg-reeds.com\\\/it\\\/shop\\\/oboi-eg-reeds\\\/oboe-studenti-intermedio-eg-reeds\\\/#breadcrumb\"},\"inLanguage\":\"it-IT\",\"potentialAction\":[{\"@type\":\"ReadAction\",\"target\":[\"https:\\\/\\\/eg-reeds.com\\\/it\\\/shop\\\/oboi-eg-reeds\\\/oboe-studenti-intermedio-eg-reeds\\\/\"]}]},{\"@type\":\"ImageObject\",\"inLanguage\":\"it-IT\",\"@id\":\"https:\\\/\\\/eg-reeds.com\\\/it\\\/shop\\\/oboi-eg-reeds\\\/oboe-studenti-intermedio-eg-reeds\\\/#primaryimage\",\"url\":\"https:\\\/\\\/eg-reeds.com\\\/wp-content\\\/uploads\\\/2022\\\/06\\\/Intermediate-oboe-EG-REEDS-e1708535406935.jpeg\",\"contentUrl\":\"https:\\\/\\\/eg-reeds.com\\\/wp-content\\\/uploads\\\/2022\\\/06\\\/Intermediate-oboe-EG-REEDS-e1708535406935.jpeg\",\"width\":400,\"height\":340,\"caption\":\"Oboe studenti intermedio\"},{\"@type\":\"BreadcrumbList\",\"@id\":\"https:\\\/\\\/eg-reeds.com\\\/it\\\/shop\\\/oboi-eg-reeds\\\/oboe-studenti-intermedio-eg-reeds\\\/#breadcrumb\",\"itemListElement\":[{\"@type\":\"ListItem\",\"position\":1,\"name\":\"Startseite\",\"item\":\"https:\\\/\\\/eg-reeds.com\\\/it\\\/\"},{\"@type\":\"ListItem\",\"position\":2,\"name\":\"Negozio\",\"item\":\"https:\\\/\\\/eg-reeds.com\\\/it\\\/\"},{\"@type\":\"ListItem\",\"position\":3,\"name\":\"Oboe studenti intermedio EG-REEDS\"}]},{\"@type\":\"WebSite\",\"@id\":\"https:\\\/\\\/eg-reeds.com\\\/it\\\/#website\",\"url\":\"https:\\\/\\\/eg-reeds.com\\\/it\\\/\",\"name\":\"www.eg-reeds.com\",\"description\":\"Ance oboe\",\"publisher\":{\"@id\":\"https:\\\/\\\/eg-reeds.com\\\/it\\\/#organization\"},\"alternateName\":\"eg-reeds.com\",\"potentialAction\":[{\"@type\":\"SearchAction\",\"target\":{\"@type\":\"EntryPoint\",\"urlTemplate\":\"https:\\\/\\\/eg-reeds.com\\\/it\\\/?s={search_term_string}\"},\"query-input\":{\"@type\":\"PropertyValueSpecification\",\"valueRequired\":true,\"valueName\":\"search_term_string\"}}],\"inLanguage\":\"it-IT\"},{\"@type\":\"Organization\",\"@id\":\"https:\\\/\\\/eg-reeds.com\\\/it\\\/#organization\",\"name\":\"www.eg-reeds.com\",\"url\":\"https:\\\/\\\/eg-reeds.com\\\/it\\\/\",\"logo\":{\"@type\":\"ImageObject\",\"inLanguage\":\"it-IT\",\"@id\":\"https:\\\/\\\/eg-reeds.com\\\/it\\\/#\\\/schema\\\/logo\\\/image\\\/\",\"url\":\"https:\\\/\\\/eg-reeds.com\\\/wp-content\\\/uploads\\\/2024\\\/06\\\/Logo-scaled-e1718793906611.jpg\",\"contentUrl\":\"https:\\\/\\\/eg-reeds.com\\\/wp-content\\\/uploads\\\/2024\\\/06\\\/Logo-scaled-e1718793906611.jpg\",\"width\":1200,\"height\":493,\"caption\":\"www.eg-reeds.com\"},\"image\":{\"@id\":\"https:\\\/\\\/eg-reeds.com\\\/it\\\/#\\\/schema\\\/logo\\\/image\\\/\"},\"sameAs\":[\"https:\\\/\\\/www.facebook.com\\\/EGREEDS\",\"https:\\\/\\\/x.com\\\/egreeds\",\"https:\\\/\\\/www.instagram.com\\\/egreeds\\\/\",\"https:\\\/\\\/www.youtube.com\\\/c\\\/EGREEDS\",\"https:\\\/\\\/www.threads.net\\\/@egreeds\",\"https:\\\/\\\/www.tiktok.com\\\/@egreeds\"]}]}<\/script>\n<meta property=\"product:price:amount\" content=\"2490.00\" \/>\n<meta property=\"product:price:currency\" content=\"EUR\" \/>\n<meta property=\"og:availability\" content=\"instock\" \/>\n<meta property=\"product:availability\" content=\"instock\" \/>\n<meta property=\"product:retailer_item_id\" content=\"OB-I\" \/>\n<meta property=\"product:condition\" content=\"new\" \/>\n<!-- \/ Yoast SEO Premium plugin. -->","yoast_head_json":{"title":"Oboe studenti intermedio EG-REEDS - EG-REEDS","description":"Oboe intermedio EG-REEDS con sistema conservatorio. Strumento semi-professionale in composito. Un oboe da studio di alta qualit\u00e0 e conveniente.","robots":{"index":"index","follow":"follow","max-snippet":"max-snippet:-1","max-image-preview":"max-image-preview:large","max-video-preview":"max-video-preview:-1"},"canonical":"https:\/\/eg-reeds.com\/it\/shop\/oboi-eg-reeds\/oboe-studenti-intermedio-eg-reeds\/","og_locale":"it_IT","og_type":"article","og_title":"Oboe studenti intermedio EG-REEDS","og_description":"Oboe intermedio EG-REEDS con sistema conservatorio. Strumento semi-professionale in composito. Un oboe da studio di alta qualit\u00e0 e conveniente.","og_url":"https:\/\/eg-reeds.com\/it\/shop\/oboi-eg-reeds\/oboe-studenti-intermedio-eg-reeds\/","og_site_name":"EG-REEDS","article_publisher":"https:\/\/www.facebook.com\/EGREEDS","article_modified_time":"2025-02-24T10:16:58+00:00","og_image":[{"width":400,"height":340,"url":"https:\/\/eg-reeds.com\/wp-content\/uploads\/2022\/06\/Intermediate-oboe-EG-REEDS-e1708535406935.jpeg","type":"image\/jpeg"}],"twitter_card":"summary_large_image","twitter_site":"@egreeds","twitter_misc":{"Prezzo":"2.490,00&euro;","Disponibilit\u00e0":"In stock"},"schema":{"@context":"https:\/\/schema.org","@graph":[{"@type":["WebPage","ItemPage"],"@id":"https:\/\/eg-reeds.com\/it\/shop\/oboi-eg-reeds\/oboe-studenti-intermedio-eg-reeds\/","url":"https:\/\/eg-reeds.com\/it\/shop\/oboi-eg-reeds\/oboe-studenti-intermedio-eg-reeds\/","name":"Oboe studenti intermedio EG-REEDS - EG-REEDS","isPartOf":{"@id":"https:\/\/eg-reeds.com\/it\/#website"},"primaryImageOfPage":{"@id":"https:\/\/eg-reeds.com\/it\/shop\/oboi-eg-reeds\/oboe-studenti-intermedio-eg-reeds\/#primaryimage"},"image":{"@id":"https:\/\/eg-reeds.com\/it\/shop\/oboi-eg-reeds\/oboe-studenti-intermedio-eg-reeds\/#primaryimage"},"thumbnailUrl":"https:\/\/eg-reeds.com\/wp-content\/uploads\/2022\/06\/Intermediate-oboe-EG-REEDS-e1708535406935.jpeg","datePublished":"2022-06-23T15:51:53+00:00","dateModified":"2025-02-24T10:16:58+00:00","description":"Oboe intermedio EG-REEDS con sistema conservatorio. Strumento semi-professionale in composito. Un oboe da studio di alta qualit\u00e0 e conveniente.","breadcrumb":{"@id":"https:\/\/eg-reeds.com\/it\/shop\/oboi-eg-reeds\/oboe-studenti-intermedio-eg-reeds\/#breadcrumb"},"inLanguage":"it-IT","potentialAction":[{"@type":"ReadAction","target":["https:\/\/eg-reeds.com\/it\/shop\/oboi-eg-reeds\/oboe-studenti-intermedio-eg-reeds\/"]}]},{"@type":"ImageObject","inLanguage":"it-IT","@id":"https:\/\/eg-reeds.com\/it\/shop\/oboi-eg-reeds\/oboe-studenti-intermedio-eg-reeds\/#primaryimage","url":"https:\/\/eg-reeds.com\/wp-content\/uploads\/2022\/06\/Intermediate-oboe-EG-REEDS-e1708535406935.jpeg","contentUrl":"https:\/\/eg-reeds.com\/wp-content\/uploads\/2022\/06\/Intermediate-oboe-EG-REEDS-e1708535406935.jpeg","width":400,"height":340,"caption":"Oboe studenti intermedio"},{"@type":"BreadcrumbList","@id":"https:\/\/eg-reeds.com\/it\/shop\/oboi-eg-reeds\/oboe-studenti-intermedio-eg-reeds\/#breadcrumb","itemListElement":[{"@type":"ListItem","position":1,"name":"Startseite","item":"https:\/\/eg-reeds.com\/it\/"},{"@type":"ListItem","position":2,"name":"Negozio","item":"https:\/\/eg-reeds.com\/it\/"},{"@type":"ListItem","position":3,"name":"Oboe studenti intermedio EG-REEDS"}]},{"@type":"WebSite","@id":"https:\/\/eg-reeds.com\/it\/#website","url":"https:\/\/eg-reeds.com\/it\/","name":"www.eg-reeds.com","description":"Ance oboe","publisher":{"@id":"https:\/\/eg-reeds.com\/it\/#organization"},"alternateName":"eg-reeds.com","potentialAction":[{"@type":"SearchAction","target":{"@type":"EntryPoint","urlTemplate":"https:\/\/eg-reeds.com\/it\/?s={search_term_string}"},"query-input":{"@type":"PropertyValueSpecification","valueRequired":true,"valueName":"search_term_string"}}],"inLanguage":"it-IT"},{"@type":"Organization","@id":"https:\/\/eg-reeds.com\/it\/#organization","name":"www.eg-reeds.com","url":"https:\/\/eg-reeds.com\/it\/","logo":{"@type":"ImageObject","inLanguage":"it-IT","@id":"https:\/\/eg-reeds.com\/it\/#\/schema\/logo\/image\/","url":"https:\/\/eg-reeds.com\/wp-content\/uploads\/2024\/06\/Logo-scaled-e1718793906611.jpg","contentUrl":"https:\/\/eg-reeds.com\/wp-content\/uploads\/2024\/06\/Logo-scaled-e1718793906611.jpg","width":1200,"height":493,"caption":"www.eg-reeds.com"},"image":{"@id":"https:\/\/eg-reeds.com\/it\/#\/schema\/logo\/image\/"},"sameAs":["https:\/\/www.facebook.com\/EGREEDS","https:\/\/x.com\/egreeds","https:\/\/www.instagram.com\/egreeds\/","https:\/\/www.youtube.com\/c\/EGREEDS","https:\/\/www.threads.net\/@egreeds","https:\/\/www.tiktok.com\/@egreeds"]}]},"product_price_amount":"2490.00","product_price_currency":"EUR","og_availability":"instock","product_availability":"instock","product_retailer_item_id":"OB-I","product_condition":"new"},"_links":{"self":[{"href":"https:\/\/eg-reeds.com\/it\/wp-json\/wp\/v2\/product\/46413","targetHints":{"allow":["GET"]}}],"collection":[{"href":"https:\/\/eg-reeds.com\/it\/wp-json\/wp\/v2\/product"}],"about":[{"href":"https:\/\/eg-reeds.com\/it\/wp-json\/wp\/v2\/types\/product"}],"replies":[{"embeddable":true,"href":"https:\/\/eg-reeds.com\/it\/wp-json\/wp\/v2\/comments?post=46413"}],"wp:featuredmedia":[{"embeddable":true,"href":"https:\/\/eg-reeds.com\/it\/wp-json\/wp\/v2\/media\/46435"}],"wp:attachment":[{"href":"https:\/\/eg-reeds.com\/it\/wp-json\/wp\/v2\/media?parent=46413"}],"wp:term":[{"taxonomy":"product_brand","embeddable":true,"href":"https:\/\/eg-reeds.com\/it\/wp-json\/wp\/v2\/product_brand?post=46413"},{"taxonomy":"product_cat","embeddable":true,"href":"https:\/\/eg-reeds.com\/it\/wp-json\/wp\/v2\/product_cat?post=46413"},{"taxonomy":"product_tag","embeddable":true,"href":"https:\/\/eg-reeds.com\/it\/wp-json\/wp\/v2\/product_tag?post=46413"},{"taxonomy":"giftcard-category","embeddable":true,"href":"https:\/\/eg-reeds.com\/it\/wp-json\/wp\/v2\/giftcard-category?post=46413"}],"curies":[{"name":"wp","href":"https:\/\/api.w.org\/{rel}","templated":true}]}}