{"id":48693,"date":"2018-09-30T22:00:02","date_gmt":"2018-09-30T20:00:02","guid":{"rendered":"http:\/\/eg-reeds.com\/shop\/\ubbf8\ubd84\ub958\/%ec%b4%88%eb%b3%b4%ec%9e%90-%ec%98%a4%eb%b3%b4%ec%97%90-eg-reeds\/"},"modified":"2018-09-30T22:00:02","modified_gmt":"2018-09-30T20:00:02","slug":"%ec%b4%88%eb%b3%b4%ec%9e%90-%ec%98%a4%eb%b3%b4%ec%97%90-eg-reeds","status":"publish","type":"product","link":"https:\/\/eg-reeds.com\/ko\/shop\/%ec%98%a4%eb%b3%b4%ec%97%90-ko\/%ec%b4%88%eb%b3%b4%ec%9e%90-%ec%98%a4%eb%b3%b4%ec%97%90-eg-reeds\/","title":{"rendered":"\ucd08\ubcf4\uc790 \uc624\ubcf4\uc5d0 EG-REEDS"},"content":{"rendered":"<h1><strong>\ucd08\ubcf4\uc790 \uc624\ubcf4\uc5d0 EG-REEDS.<\/strong><\/h1>\n<p>\ucd08\ubcf4\uc790 \uc624\ubcf4\uc5d0 EG-REEDS.<\/p>\n<p>Beginner oboe EG-REEDS. Our oboe for beginner students EG-REEDS has all the necessary keys for beginning students. It is semi-automatic, with third octave, B 2, and F and E flat of the left hand. They are made in composite (mix of wood and ABS) with silver plated keys, adapted for students to get better at them. All this makes a light and ergonomic oboe but at the same time very resistant and easy to sound. Included in the price is the carrying case type backpack, 1 Beginner reed EG-REEDS, swab and cork grease.<\/p>\n<p><iframe loading=\"lazy\" title=\"Demostraci\u00f3n oboe iniciaci\u00f3n EG-REEDS por Javier P\u00e9rez\" width=\"1020\" height=\"574\" src=\"https:\/\/www.youtube.com\/embed\/QwZV6gOr1CQ?feature=oembed\" frameborder=\"0\" allow=\"accelerometer; autoplay; clipboard-write; encrypted-media; gyroscope; picture-in-picture; web-share\" allowfullscreen><\/iframe><\/p>\n<p>&nbsp;<\/p>\n<p>Each oboe for beginner students has been carefully designed and tested, applying our knowledge and also taking as reference the requests of the teachers, who know better than anyone what the students need.<\/p>\n<p>They are high quality oboes at a good price. More information and photos on our blog: <a href=\"http:\/\/eg-reeds.com\/beginner-oboes-eg-reeds\" target=\"_blank\" rel=\"noopener noreferrer\">www.eg-reeds.com\/beginner-oboes-eg-reeds<\/a><\/p>\n<p>For any additional information please contact us by email:\u00a0<a href=\"mailto:info@eg-reeds.com\" target=\"_blank\" rel=\"noopener noreferrer\">info@eg-reeds.com<\/a>.<\/p>\n<ul>\n<li class=\"bullet-checkmark\">Beginner model: with third octave, B 2, F and E flat of the left hand.<\/li>\n<li class=\"bullet-checkmark\">Semi-automatic.<\/li>\n<li class=\"bullet-checkmark\">Composite body (mix of wood and ABS).<\/li>\n<li class=\"bullet-checkmark\">Silver plated keys.<\/li>\n<li class=\"bullet-checkmark\">Included in the price: Carrying case, 1 <a href=\"http:\/\/eg-reeds.com\/shop\/student-reeds-and-cane\/student-oboe-reed-beginner-eg-reeds\/\" target=\"_blank\" rel=\"noopener\">beginner reed EG-REEDS<\/a>, swab and cork grease.<\/li>\n<\/ul>\n<p>&nbsp;<\/p>\n","protected":false},"excerpt":{"rendered":"<p>\ucd08\ubcf4\uc790 \uc624\ubcf4\uc5d0 EG-REEDS. \ucd08\ubcf4\uc790 \uc624\ubcf4\uc5d0 EG-REEDS. Beginner oboe EG-REEDS. Our oboe for beginner students EG-REEDS has all the necessary keys for beginning students. It is semi-automatic, with third octave, B 2, and F and E flat of the left hand. They are made in composite (mix of wood and ABS) with silver plated keys, adapted [&#8230;]\n","protected":false},"featured_media":33302,"comment_status":"open","ping_status":"closed","template":"","meta":[],"product_brand":[],"product_cat":[3813],"product_tag":[3551],"giftcard-category":[],"class_list":{"0":"post-48693","1":"product","2":"type-product","3":"status-publish","4":"has-post-thumbnail","6":"product_cat--ko","7":"product_tag--ko","8":"product_shipping_class-rmm-ko","10":"first","11":"instock","12":"featured","13":"taxable","14":"shipping-taxable","15":"purchasable","16":"product-type-simple"},"yoast_head":"<!-- This site is optimized with the Yoast SEO Premium plugin v27.0 (Yoast SEO v27.2) - https:\/\/yoast.com\/product\/yoast-seo-premium-wordpress\/ -->\n<title>\ucd08\ubcf4\uc790 \uc624\ubcf4\uc5d0 EG-REEDS - \uc624\ubcf4\uc5d0 |EG-REEDS<\/title>\n<meta name=\"description\" content=\"\ucd08\ubcf4\uc790 \uc624\ubcf4\uc5d0 EG-REEDS\" \/>\n<meta name=\"robots\" content=\"index, follow, max-snippet:-1, max-image-preview:large, max-video-preview:-1\" \/>\n<link rel=\"canonical\" href=\"https:\/\/eg-reeds.com\/ko\/shop\/%ec%98%a4%eb%b3%b4%ec%97%90-ko\/%ec%b4%88%eb%b3%b4%ec%9e%90-%ec%98%a4%eb%b3%b4%ec%97%90-eg-reeds\/\" \/>\n<meta property=\"og:locale\" content=\"ko_KR\" \/>\n<meta property=\"og:type\" content=\"article\" \/>\n<meta property=\"og:title\" content=\"\ucd08\ubcf4\uc790 \uc624\ubcf4\uc5d0 EG-REEDS\" \/>\n<meta property=\"og:description\" content=\"\ucd08\ubcf4\uc790 \uc624\ubcf4\uc5d0 EG-REEDS\" \/>\n<meta property=\"og:url\" content=\"https:\/\/eg-reeds.com\/ko\/shop\/%ec%98%a4%eb%b3%b4%ec%97%90-ko\/%ec%b4%88%eb%b3%b4%ec%9e%90-%ec%98%a4%eb%b3%b4%ec%97%90-eg-reeds\/\" \/>\n<meta property=\"og:site_name\" content=\"\uc624\ubcf4\uc5d0 |EG-REEDS\" \/>\n<meta property=\"article:publisher\" content=\"https:\/\/www.facebook.com\/EGREEDS\" \/>\n<meta property=\"og:image\" content=\"https:\/\/eg-reeds.com\/wp-content\/uploads\/2018\/09\/oboe-beginner-EG-REEDS.jpg\" \/>\n\t<meta property=\"og:image:width\" content=\"853\" \/>\n\t<meta property=\"og:image:height\" content=\"1280\" \/>\n\t<meta property=\"og:image:type\" content=\"image\/jpeg\" \/>\n<meta name=\"twitter:card\" content=\"summary_large_image\" \/>\n<meta name=\"twitter:site\" content=\"@egreeds\" \/>\n<meta name=\"twitter:label1\" content=\"Price\" \/>\n\t<meta name=\"twitter:data1\" content=\"1.350,00&euro;\" \/>\n\t<meta name=\"twitter:label2\" content=\"Availability\" \/>\n\t<meta name=\"twitter:data2\" content=\"In stock\" \/>\n<script type=\"application\/ld+json\" class=\"yoast-schema-graph\">{\"@context\":\"https:\/\/schema.org\",\"@graph\":[{\"@type\":[\"WebPage\",\"ItemPage\"],\"@id\":\"https:\/\/eg-reeds.com\/ko\/shop\/%ec%98%a4%eb%b3%b4%ec%97%90-ko\/%ec%b4%88%eb%b3%b4%ec%9e%90-%ec%98%a4%eb%b3%b4%ec%97%90-eg-reeds\/\",\"url\":\"https:\/\/eg-reeds.com\/ko\/shop\/%ec%98%a4%eb%b3%b4%ec%97%90-ko\/%ec%b4%88%eb%b3%b4%ec%9e%90-%ec%98%a4%eb%b3%b4%ec%97%90-eg-reeds\/\",\"name\":\"\ucd08\ubcf4\uc790 \uc624\ubcf4\uc5d0 EG-REEDS - \uc624\ubcf4\uc5d0 |EG-REEDS\",\"isPartOf\":{\"@id\":\"https:\/\/eg-reeds.com\/ko\/#website\"},\"primaryImageOfPage\":{\"@id\":\"https:\/\/eg-reeds.com\/ko\/shop\/%ec%98%a4%eb%b3%b4%ec%97%90-ko\/%ec%b4%88%eb%b3%b4%ec%9e%90-%ec%98%a4%eb%b3%b4%ec%97%90-eg-reeds\/#primaryimage\"},\"image\":{\"@id\":\"https:\/\/eg-reeds.com\/ko\/shop\/%ec%98%a4%eb%b3%b4%ec%97%90-ko\/%ec%b4%88%eb%b3%b4%ec%9e%90-%ec%98%a4%eb%b3%b4%ec%97%90-eg-reeds\/#primaryimage\"},\"thumbnailUrl\":\"https:\/\/eg-reeds.com\/wp-content\/uploads\/2018\/09\/oboe-beginner-EG-REEDS.jpg\",\"datePublished\":\"2018-09-30T20:00:02+00:00\",\"description\":\"\ucd08\ubcf4\uc790 \uc624\ubcf4\uc5d0 EG-REEDS\",\"breadcrumb\":{\"@id\":\"https:\/\/eg-reeds.com\/ko\/shop\/%ec%98%a4%eb%b3%b4%ec%97%90-ko\/%ec%b4%88%eb%b3%b4%ec%9e%90-%ec%98%a4%eb%b3%b4%ec%97%90-eg-reeds\/#breadcrumb\"},\"inLanguage\":\"ko-KR\",\"potentialAction\":[{\"@type\":\"ReadAction\",\"target\":[\"https:\/\/eg-reeds.com\/ko\/shop\/%ec%98%a4%eb%b3%b4%ec%97%90-ko\/%ec%b4%88%eb%b3%b4%ec%9e%90-%ec%98%a4%eb%b3%b4%ec%97%90-eg-reeds\/\"]}]},{\"@type\":\"ImageObject\",\"inLanguage\":\"ko-KR\",\"@id\":\"https:\/\/eg-reeds.com\/ko\/shop\/%ec%98%a4%eb%b3%b4%ec%97%90-ko\/%ec%b4%88%eb%b3%b4%ec%9e%90-%ec%98%a4%eb%b3%b4%ec%97%90-eg-reeds\/#primaryimage\",\"url\":\"https:\/\/eg-reeds.com\/wp-content\/uploads\/2018\/09\/oboe-beginner-EG-REEDS.jpg\",\"contentUrl\":\"https:\/\/eg-reeds.com\/wp-content\/uploads\/2018\/09\/oboe-beginner-EG-REEDS.jpg\",\"width\":853,\"height\":1280,\"caption\":\"\ucd08\ubcf4\uc790 \uc624\ubcf4\uc5d0 EG-REEDS\"},{\"@type\":\"BreadcrumbList\",\"@id\":\"https:\/\/eg-reeds.com\/ko\/shop\/%ec%98%a4%eb%b3%b4%ec%97%90-ko\/%ec%b4%88%eb%b3%b4%ec%9e%90-%ec%98%a4%eb%b3%b4%ec%97%90-eg-reeds\/#breadcrumb\",\"itemListElement\":[{\"@type\":\"ListItem\",\"position\":1,\"name\":\"\ud648\",\"item\":\"https:\/\/eg-reeds.com\/ko\/\"},{\"@type\":\"ListItem\",\"position\":2,\"name\":\"\uc0c1\uc810\",\"item\":\"https:\/\/eg-reeds.com\/ko\/\"},{\"@type\":\"ListItem\",\"position\":3,\"name\":\"\ucd08\ubcf4\uc790 \uc624\ubcf4\uc5d0 EG-REEDS\"}]},{\"@type\":\"WebSite\",\"@id\":\"https:\/\/eg-reeds.com\/ko\/#website\",\"url\":\"https:\/\/eg-reeds.com\/ko\/\",\"name\":\"www.eg-reeds.com\",\"description\":\"\uc624\ubcf4\uc5d0 \ub9ac\ub4dc\",\"publisher\":{\"@id\":\"https:\/\/eg-reeds.com\/ko\/#organization\"},\"alternateName\":\"eg-reeds.com\",\"potentialAction\":[{\"@type\":\"SearchAction\",\"target\":{\"@type\":\"EntryPoint\",\"urlTemplate\":\"https:\/\/eg-reeds.com\/ko\/?s={search_term_string}\"},\"query-input\":{\"@type\":\"PropertyValueSpecification\",\"valueRequired\":true,\"valueName\":\"search_term_string\"}}],\"inLanguage\":\"ko-KR\"},{\"@type\":\"Organization\",\"@id\":\"https:\/\/eg-reeds.com\/ko\/#organization\",\"name\":\"www.eg-reeds.com\",\"url\":\"https:\/\/eg-reeds.com\/ko\/\",\"logo\":{\"@type\":\"ImageObject\",\"inLanguage\":\"ko-KR\",\"@id\":\"https:\/\/eg-reeds.com\/ko\/#\/schema\/logo\/image\/\",\"url\":\"https:\/\/eg-reeds.com\/wp-content\/uploads\/2024\/06\/Logo-scaled-e1718793906611.jpg\",\"contentUrl\":\"https:\/\/eg-reeds.com\/wp-content\/uploads\/2024\/06\/Logo-scaled-e1718793906611.jpg\",\"width\":1200,\"height\":493,\"caption\":\"www.eg-reeds.com\"},\"image\":{\"@id\":\"https:\/\/eg-reeds.com\/ko\/#\/schema\/logo\/image\/\"},\"sameAs\":[\"https:\/\/www.facebook.com\/EGREEDS\",\"https:\/\/x.com\/egreeds\",\"https:\/\/www.instagram.com\/egreeds\/\",\"https:\/\/www.youtube.com\/c\/EGREEDS\",\"https:\/\/www.threads.net\/@egreeds\",\"https:\/\/www.tiktok.com\/@egreeds\"]}]}<\/script>\n<meta property=\"product:price:amount\" content=\"1350.00\" \/>\n<meta property=\"product:price:currency\" content=\"EUR\" \/>\n<meta property=\"og:availability\" content=\"instock\" \/>\n<meta property=\"product:availability\" content=\"instock\" \/>\n<meta property=\"product:retailer_item_id\" content=\"OB\" \/>\n<meta property=\"product:condition\" content=\"new\" \/>\n<!-- \/ Yoast SEO Premium plugin. -->","yoast_head_json":{"title":"\ucd08\ubcf4\uc790 \uc624\ubcf4\uc5d0 EG-REEDS - \uc624\ubcf4\uc5d0 |EG-REEDS","description":"\ucd08\ubcf4\uc790 \uc624\ubcf4\uc5d0 EG-REEDS","robots":{"index":"index","follow":"follow","max-snippet":"max-snippet:-1","max-image-preview":"max-image-preview:large","max-video-preview":"max-video-preview:-1"},"canonical":"https:\/\/eg-reeds.com\/ko\/shop\/%ec%98%a4%eb%b3%b4%ec%97%90-ko\/%ec%b4%88%eb%b3%b4%ec%9e%90-%ec%98%a4%eb%b3%b4%ec%97%90-eg-reeds\/","og_locale":"ko_KR","og_type":"article","og_title":"\ucd08\ubcf4\uc790 \uc624\ubcf4\uc5d0 EG-REEDS","og_description":"\ucd08\ubcf4\uc790 \uc624\ubcf4\uc5d0 EG-REEDS","og_url":"https:\/\/eg-reeds.com\/ko\/shop\/%ec%98%a4%eb%b3%b4%ec%97%90-ko\/%ec%b4%88%eb%b3%b4%ec%9e%90-%ec%98%a4%eb%b3%b4%ec%97%90-eg-reeds\/","og_site_name":"\uc624\ubcf4\uc5d0 |EG-REEDS","article_publisher":"https:\/\/www.facebook.com\/EGREEDS","og_image":[{"width":853,"height":1280,"url":"https:\/\/eg-reeds.com\/wp-content\/uploads\/2018\/09\/oboe-beginner-EG-REEDS.jpg","type":"image\/jpeg"}],"twitter_card":"summary_large_image","twitter_site":"@egreeds","twitter_misc":{"Price":"1.350,00&euro;","Availability":"In stock"},"schema":{"@context":"https:\/\/schema.org","@graph":[{"@type":["WebPage","ItemPage"],"@id":"https:\/\/eg-reeds.com\/ko\/shop\/%ec%98%a4%eb%b3%b4%ec%97%90-ko\/%ec%b4%88%eb%b3%b4%ec%9e%90-%ec%98%a4%eb%b3%b4%ec%97%90-eg-reeds\/","url":"https:\/\/eg-reeds.com\/ko\/shop\/%ec%98%a4%eb%b3%b4%ec%97%90-ko\/%ec%b4%88%eb%b3%b4%ec%9e%90-%ec%98%a4%eb%b3%b4%ec%97%90-eg-reeds\/","name":"\ucd08\ubcf4\uc790 \uc624\ubcf4\uc5d0 EG-REEDS - \uc624\ubcf4\uc5d0 |EG-REEDS","isPartOf":{"@id":"https:\/\/eg-reeds.com\/ko\/#website"},"primaryImageOfPage":{"@id":"https:\/\/eg-reeds.com\/ko\/shop\/%ec%98%a4%eb%b3%b4%ec%97%90-ko\/%ec%b4%88%eb%b3%b4%ec%9e%90-%ec%98%a4%eb%b3%b4%ec%97%90-eg-reeds\/#primaryimage"},"image":{"@id":"https:\/\/eg-reeds.com\/ko\/shop\/%ec%98%a4%eb%b3%b4%ec%97%90-ko\/%ec%b4%88%eb%b3%b4%ec%9e%90-%ec%98%a4%eb%b3%b4%ec%97%90-eg-reeds\/#primaryimage"},"thumbnailUrl":"https:\/\/eg-reeds.com\/wp-content\/uploads\/2018\/09\/oboe-beginner-EG-REEDS.jpg","datePublished":"2018-09-30T20:00:02+00:00","description":"\ucd08\ubcf4\uc790 \uc624\ubcf4\uc5d0 EG-REEDS","breadcrumb":{"@id":"https:\/\/eg-reeds.com\/ko\/shop\/%ec%98%a4%eb%b3%b4%ec%97%90-ko\/%ec%b4%88%eb%b3%b4%ec%9e%90-%ec%98%a4%eb%b3%b4%ec%97%90-eg-reeds\/#breadcrumb"},"inLanguage":"ko-KR","potentialAction":[{"@type":"ReadAction","target":["https:\/\/eg-reeds.com\/ko\/shop\/%ec%98%a4%eb%b3%b4%ec%97%90-ko\/%ec%b4%88%eb%b3%b4%ec%9e%90-%ec%98%a4%eb%b3%b4%ec%97%90-eg-reeds\/"]}]},{"@type":"ImageObject","inLanguage":"ko-KR","@id":"https:\/\/eg-reeds.com\/ko\/shop\/%ec%98%a4%eb%b3%b4%ec%97%90-ko\/%ec%b4%88%eb%b3%b4%ec%9e%90-%ec%98%a4%eb%b3%b4%ec%97%90-eg-reeds\/#primaryimage","url":"https:\/\/eg-reeds.com\/wp-content\/uploads\/2018\/09\/oboe-beginner-EG-REEDS.jpg","contentUrl":"https:\/\/eg-reeds.com\/wp-content\/uploads\/2018\/09\/oboe-beginner-EG-REEDS.jpg","width":853,"height":1280,"caption":"\ucd08\ubcf4\uc790 \uc624\ubcf4\uc5d0 EG-REEDS"},{"@type":"BreadcrumbList","@id":"https:\/\/eg-reeds.com\/ko\/shop\/%ec%98%a4%eb%b3%b4%ec%97%90-ko\/%ec%b4%88%eb%b3%b4%ec%9e%90-%ec%98%a4%eb%b3%b4%ec%97%90-eg-reeds\/#breadcrumb","itemListElement":[{"@type":"ListItem","position":1,"name":"\ud648","item":"https:\/\/eg-reeds.com\/ko\/"},{"@type":"ListItem","position":2,"name":"\uc0c1\uc810","item":"https:\/\/eg-reeds.com\/ko\/"},{"@type":"ListItem","position":3,"name":"\ucd08\ubcf4\uc790 \uc624\ubcf4\uc5d0 EG-REEDS"}]},{"@type":"WebSite","@id":"https:\/\/eg-reeds.com\/ko\/#website","url":"https:\/\/eg-reeds.com\/ko\/","name":"www.eg-reeds.com","description":"\uc624\ubcf4\uc5d0 \ub9ac\ub4dc","publisher":{"@id":"https:\/\/eg-reeds.com\/ko\/#organization"},"alternateName":"eg-reeds.com","potentialAction":[{"@type":"SearchAction","target":{"@type":"EntryPoint","urlTemplate":"https:\/\/eg-reeds.com\/ko\/?s={search_term_string}"},"query-input":{"@type":"PropertyValueSpecification","valueRequired":true,"valueName":"search_term_string"}}],"inLanguage":"ko-KR"},{"@type":"Organization","@id":"https:\/\/eg-reeds.com\/ko\/#organization","name":"www.eg-reeds.com","url":"https:\/\/eg-reeds.com\/ko\/","logo":{"@type":"ImageObject","inLanguage":"ko-KR","@id":"https:\/\/eg-reeds.com\/ko\/#\/schema\/logo\/image\/","url":"https:\/\/eg-reeds.com\/wp-content\/uploads\/2024\/06\/Logo-scaled-e1718793906611.jpg","contentUrl":"https:\/\/eg-reeds.com\/wp-content\/uploads\/2024\/06\/Logo-scaled-e1718793906611.jpg","width":1200,"height":493,"caption":"www.eg-reeds.com"},"image":{"@id":"https:\/\/eg-reeds.com\/ko\/#\/schema\/logo\/image\/"},"sameAs":["https:\/\/www.facebook.com\/EGREEDS","https:\/\/x.com\/egreeds","https:\/\/www.instagram.com\/egreeds\/","https:\/\/www.youtube.com\/c\/EGREEDS","https:\/\/www.threads.net\/@egreeds","https:\/\/www.tiktok.com\/@egreeds"]}]},"product_price_amount":"1350.00","product_price_currency":"EUR","og_availability":"instock","product_availability":"instock","product_retailer_item_id":"OB","product_condition":"new"},"_links":{"self":[{"href":"https:\/\/eg-reeds.com\/ko\/wp-json\/wp\/v2\/product\/48693","targetHints":{"allow":["GET"]}}],"collection":[{"href":"https:\/\/eg-reeds.com\/ko\/wp-json\/wp\/v2\/product"}],"about":[{"href":"https:\/\/eg-reeds.com\/ko\/wp-json\/wp\/v2\/types\/product"}],"replies":[{"embeddable":true,"href":"https:\/\/eg-reeds.com\/ko\/wp-json\/wp\/v2\/comments?post=48693"}],"wp:featuredmedia":[{"embeddable":true,"href":"https:\/\/eg-reeds.com\/ko\/wp-json\/wp\/v2\/media\/33302"}],"wp:attachment":[{"href":"https:\/\/eg-reeds.com\/ko\/wp-json\/wp\/v2\/media?parent=48693"}],"wp:term":[{"taxonomy":"product_brand","embeddable":true,"href":"https:\/\/eg-reeds.com\/ko\/wp-json\/wp\/v2\/product_brand?post=48693"},{"taxonomy":"product_cat","embeddable":true,"href":"https:\/\/eg-reeds.com\/ko\/wp-json\/wp\/v2\/product_cat?post=48693"},{"taxonomy":"product_tag","embeddable":true,"href":"https:\/\/eg-reeds.com\/ko\/wp-json\/wp\/v2\/product_tag?post=48693"},{"taxonomy":"giftcard-category","embeddable":true,"href":"https:\/\/eg-reeds.com\/ko\/wp-json\/wp\/v2\/giftcard-category?post=48693"}],"curies":[{"name":"wp","href":"https:\/\/api.w.org\/{rel}","templated":true}]}}