{"id":17384,"date":"2015-11-23T17:03:41","date_gmt":"2015-11-23T16:03:41","guid":{"rendered":"http:\/\/eg-reeds.com\/pt-pt\/?page_id=17384"},"modified":"2025-02-20T11:28:23","modified_gmt":"2025-02-20T10:28:23","slug":"promocoes","status":"publish","type":"page","link":"https:\/\/eg-reeds.com\/pt-pt\/promocoes\/","title":{"rendered":"PROMO\u00c7\u00d5ES"},"content":{"rendered":"<div class=\"woocommerce columns-3 \"><div class=\"products row row-small large-columns-3 medium-columns-2 small-columns-2 has-equal-box-heights\">\n<div class=\"product-small col has-hover product type-product post-37450 status-publish first instock product_cat-acessorios product_cat-kit-fazer-palhetas has-post-thumbnail sale taxable shipping-taxable purchasable product-type-simple\">\n\t<div class=\"col-inner\">\n\t\n<div class=\"badge-container absolute left top z-1\">\n<div class=\"callout badge badge-circle\"><div class=\"badge-inner secondary on-sale\"><span class=\"onsale\">Promo\u00e7\u00e3o!<\/span><\/div><\/div>\n<\/div>\n\t<div class=\"product-small box \">\n\t\t<div class=\"box-image\">\n\t\t\t<div class=\"image-fade_in_back\">\n\t\t\t\t<a href=\"https:\/\/eg-reeds.com\/pt-pt\/shop\/acessorios\/kit-fazer-palhetas\/kit-fabricacao-palhetas-oboe\/\">\n\t\t\t\t\t<img loading=\"lazy\" decoding=\"async\" width=\"800\" height=\"800\" src=\"https:\/\/eg-reeds.com\/wp-content\/uploads\/2019\/09\/Oboe-reed-making-set-EG-REEDS-800x800.jpg\" class=\"attachment-woocommerce_thumbnail size-woocommerce_thumbnail\" alt=\"Kit fabrica\u00e7\u00e3o palhetas obo\u00e9\" srcset=\"https:\/\/eg-reeds.com\/wp-content\/uploads\/2019\/09\/Oboe-reed-making-set-EG-REEDS-800x800.jpg 800w, https:\/\/eg-reeds.com\/wp-content\/uploads\/2019\/09\/Oboe-reed-making-set-EG-REEDS-100x100.jpg 100w, https:\/\/eg-reeds.com\/wp-content\/uploads\/2019\/09\/Oboe-reed-making-set-EG-REEDS-300x300.jpg 300w, https:\/\/eg-reeds.com\/wp-content\/uploads\/2019\/09\/Oboe-reed-making-set-EG-REEDS-337x337.jpg 337w\" sizes=\"auto, (max-width: 800px) 100vw, 800px\" \/><img loading=\"lazy\" decoding=\"async\" width=\"800\" height=\"800\" src=\"https:\/\/eg-reeds.com\/wp-content\/uploads\/2019\/09\/Oboe-reed-making-kit-EG-REEDS-800x800.jpg\" class=\"show-on-hover absolute fill hide-for-small back-image\" alt=\"Kit constru\u00e7\u00e3o palhetas obo\u00e9\" aria-hidden=\"true\" srcset=\"https:\/\/eg-reeds.com\/wp-content\/uploads\/2019\/09\/Oboe-reed-making-kit-EG-REEDS-800x800.jpg 800w, https:\/\/eg-reeds.com\/wp-content\/uploads\/2019\/09\/Oboe-reed-making-kit-EG-REEDS-100x100.jpg 100w, https:\/\/eg-reeds.com\/wp-content\/uploads\/2019\/09\/Oboe-reed-making-kit-EG-REEDS-300x300.jpg 300w, https:\/\/eg-reeds.com\/wp-content\/uploads\/2019\/09\/Oboe-reed-making-kit-EG-REEDS-337x337.jpg 337w\" sizes=\"auto, (max-width: 800px) 100vw, 800px\" \/>\t\t\t\t<\/a>\n\t\t\t<\/div>\n\t\t\t<div class=\"image-tools is-small top right show-on-hover\">\n\t\t\t\t\t\t\t<\/div>\n\t\t\t<div class=\"image-tools is-small hide-for-small bottom left show-on-hover\">\n\t\t\t\t\t\t\t<\/div>\n\t\t\t<div class=\"image-tools grid-tools text-center hide-for-small bottom hover-slide-in show-on-hover\">\n\t\t\t\t<a href=\"\/pt-pt\/wp-json\/wp\/v2\/pages\/17384?add-to-cart=37450\" aria-describedby=\"woocommerce_loop_add_to_cart_link_describedby_37450\" data-quantity=\"1\" class=\"add-to-cart-grid no-padding is-transparent product_type_simple add_to_cart_button ajax_add_to_cart\" data-product_id=\"37450\" data-product_sku=\"SSCO\" aria-label=\"Adiciona ao carrinho: &ldquo;Kit fabrica\u00e7\u00e3o palhetas obo\u00e9&rdquo;\" rel=\"nofollow\" data-success_message=\"&ldquo;Kit fabrica\u00e7\u00e3o palhetas obo\u00e9&rdquo; foi adicionado ao seu carrinho\" role=\"button\"><div class=\"cart-icon tooltip is-small\" title=\"Adicionar ao carrinho\"><strong>+<\/strong><\/div><\/a>\t<span id=\"woocommerce_loop_add_to_cart_link_describedby_37450\" class=\"screen-reader-text\">\n\t\t\t<\/span>\n\t\t\t<\/div>\n\t\t\t\t\t<\/div>\n\n\t\t<div class=\"box-text box-text-products text-center grid-style-2\">\n\t\t\t<div class=\"title-wrapper\"><p class=\"name product-title woocommerce-loop-product__title\"><a href=\"https:\/\/eg-reeds.com\/pt-pt\/shop\/acessorios\/kit-fazer-palhetas\/kit-fabricacao-palhetas-oboe\/\" class=\"woocommerce-LoopProduct-link woocommerce-loop-product__link\">Kit fabrica\u00e7\u00e3o palhetas obo\u00e9<\/a><\/p><\/div><div class=\"price-wrapper\">\n\t<span class=\"price\"><span class='ywcrbp_regular_price'><del> <span class=\"woocommerce-Price-amount amount\"><bdi>124,90<span class=\"woocommerce-Price-currencySymbol\">&euro;<\/span><\/bdi><\/span><\/del><\/span><span class='ywcrbp_sale_price'> <span class=\"woocommerce-Price-amount amount\"><bdi>105,00<span class=\"woocommerce-Price-currencySymbol\">&euro;<\/span><\/bdi><\/span><\/span> <\/span>\n<\/div>\t\t<\/div>\n\t<\/div>\n\t\t<\/div>\n<\/div><div class=\"product-small col has-hover product type-product post-53624 status-publish instock product_cat-palhetas-oboe has-post-thumbnail sale taxable shipping-taxable purchasable product-type-variable has-default-attributes\">\n\t<div class=\"col-inner\">\n\t\n<div class=\"badge-container absolute left top z-1\">\n<div class=\"callout badge badge-circle\"><div class=\"badge-inner secondary on-sale\"><span class=\"onsale\">Promo\u00e7\u00e3o!<\/span><\/div><\/div>\n<\/div>\n\t<div class=\"product-small box \">\n\t\t<div class=\"box-image\">\n\t\t\t<div class=\"image-fade_in_back\">\n\t\t\t\t<a href=\"https:\/\/eg-reeds.com\/pt-pt\/shop\/palhetas-profissionais\/palhetas-oboe\/pacote-4-palhetas-profissionais-para-oboe\/\">\n\t\t\t\t\t<img loading=\"lazy\" decoding=\"async\" width=\"800\" height=\"800\" src=\"https:\/\/eg-reeds.com\/wp-content\/uploads\/2024\/11\/Pack-4-canas-oboe-profesionales-1024x1024.webp\" class=\"attachment-woocommerce_thumbnail size-woocommerce_thumbnail\" alt=\"Pacote palhetas profissionais obo\u00e9\" srcset=\"https:\/\/eg-reeds.com\/wp-content\/uploads\/2024\/11\/Pack-4-canas-oboe-profesionales-1024x1024.webp 1024w, https:\/\/eg-reeds.com\/wp-content\/uploads\/2024\/11\/Pack-4-canas-oboe-profesionales-scaled-600x600.webp 600w, https:\/\/eg-reeds.com\/wp-content\/uploads\/2024\/11\/Pack-4-canas-oboe-profesionales-scaled-100x100.webp 100w, https:\/\/eg-reeds.com\/wp-content\/uploads\/2024\/11\/Pack-4-canas-oboe-profesionales-300x300.webp 300w, https:\/\/eg-reeds.com\/wp-content\/uploads\/2024\/11\/Pack-4-canas-oboe-profesionales-768x768.webp 768w, https:\/\/eg-reeds.com\/wp-content\/uploads\/2024\/11\/Pack-4-canas-oboe-profesionales-1536x1536.webp 1536w, https:\/\/eg-reeds.com\/wp-content\/uploads\/2024\/11\/Pack-4-canas-oboe-profesionales-2048x2048.webp 2048w\" sizes=\"auto, (max-width: 800px) 100vw, 800px\" \/><img loading=\"lazy\" decoding=\"async\" width=\"800\" height=\"800\" src=\"https:\/\/eg-reeds.com\/wp-content\/uploads\/2024\/11\/Pack-canas-oboe-profesionales-1024x1024.webp\" class=\"show-on-hover absolute fill hide-for-small back-image\" alt=\"palhetas obo\u00e9 pack\" aria-hidden=\"true\" srcset=\"https:\/\/eg-reeds.com\/wp-content\/uploads\/2024\/11\/Pack-canas-oboe-profesionales-1024x1024.webp 1024w, https:\/\/eg-reeds.com\/wp-content\/uploads\/2024\/11\/Pack-canas-oboe-profesionales-600x600.webp 600w, https:\/\/eg-reeds.com\/wp-content\/uploads\/2024\/11\/Pack-canas-oboe-profesionales-100x100.webp 100w, https:\/\/eg-reeds.com\/wp-content\/uploads\/2024\/11\/Pack-canas-oboe-profesionales-300x300.webp 300w, https:\/\/eg-reeds.com\/wp-content\/uploads\/2024\/11\/Pack-canas-oboe-profesionales-768x768.webp 768w, https:\/\/eg-reeds.com\/wp-content\/uploads\/2024\/11\/Pack-canas-oboe-profesionales.webp 1280w\" sizes=\"auto, (max-width: 800px) 100vw, 800px\" \/>\t\t\t\t<\/a>\n\t\t\t<\/div>\n\t\t\t<div class=\"image-tools is-small top right show-on-hover\">\n\t\t\t\t\t\t\t<\/div>\n\t\t\t<div class=\"image-tools is-small hide-for-small bottom left show-on-hover\">\n\t\t\t\t\t\t\t<\/div>\n\t\t\t<div class=\"image-tools grid-tools text-center hide-for-small bottom hover-slide-in show-on-hover\">\n\t\t\t\t<a href=\"https:\/\/eg-reeds.com\/pt-pt\/shop\/palhetas-profissionais\/palhetas-oboe\/pacote-4-palhetas-profissionais-para-oboe\/\" aria-describedby=\"woocommerce_loop_add_to_cart_link_describedby_53624\" data-quantity=\"1\" class=\"add-to-cart-grid no-padding is-transparent product_type_variable add_to_cart_button\" data-product_id=\"53624\" data-product_sku=\"CPOB-PACK\" aria-label=\"Seleccione as op\u00e7\u00f5es para &ldquo;Pacote 4 palhetas profissionais para obo\u00e9&rdquo;\" rel=\"nofollow\"><div class=\"cart-icon tooltip is-small\" title=\"Ver op\u00e7\u00f5es\"><strong>+<\/strong><\/div><\/a>\t<span id=\"woocommerce_loop_add_to_cart_link_describedby_53624\" class=\"screen-reader-text\">\n\t\tThis product has multiple variants. The options may be chosen on the product page\t<\/span>\n\t\t\t<\/div>\n\t\t\t\t\t<\/div>\n\n\t\t<div class=\"box-text box-text-products text-center grid-style-2\">\n\t\t\t<div class=\"title-wrapper\"><p class=\"name product-title woocommerce-loop-product__title\"><a href=\"https:\/\/eg-reeds.com\/pt-pt\/shop\/palhetas-profissionais\/palhetas-oboe\/pacote-4-palhetas-profissionais-para-oboe\/\" class=\"woocommerce-LoopProduct-link woocommerce-loop-product__link\">Pacote 4 palhetas profissionais para obo\u00e9<\/a><\/p><\/div><div class=\"price-wrapper\">\n\t<span class=\"price\"><span class='ywcrbp_regular_price'><del>  <span class=\"woocommerce-Price-amount amount\"><bdi>97,50<span class=\"woocommerce-Price-currencySymbol\">&euro;<\/span><\/bdi><\/span><\/del><\/span><span class='ywcrbp_sale_price'>  <span class=\"woocommerce-Price-amount amount\"><bdi>95,00<span class=\"woocommerce-Price-currencySymbol\">&euro;<\/span><\/bdi><\/span><\/span><\/span>\n<\/div>\t\t<\/div>\n\t<\/div>\n\t\t<\/div>\n<\/div><\/div><!-- row -->\n<\/div>\n<p>&nbsp;<\/p>\n<p class=\"p2\" style=\"text-align: center;\">\n","protected":false},"excerpt":{"rendered":"<p>&nbsp;<\/p>\n","protected":false},"author":1,"featured_media":0,"parent":0,"menu_order":0,"comment_status":"closed","ping_status":"closed","template":"","meta":{"footnotes":""},"class_list":["post-17384","page","type-page","status-publish","hentry"],"yoast_head":"<!-- This site is optimized with the Yoast SEO Premium plugin v27.0 (Yoast SEO v27.3) - https:\/\/yoast.com\/product\/yoast-seo-premium-wordpress\/ -->\n<title>PROMO\u00c7\u00d5ES - EG-REEDS<\/title>\n<meta name=\"description\" content=\"EG-REEDS PROMO\u00c7\u00d5ES\" \/>\n<meta name=\"robots\" content=\"index, follow, max-snippet:-1, max-image-preview:large, max-video-preview:-1\" \/>\n<link rel=\"canonical\" href=\"https:\/\/eg-reeds.com\/pt-pt\/promocoes\/\" \/>\n<meta property=\"og:locale\" content=\"pt_PT\" \/>\n<meta property=\"og:type\" content=\"article\" \/>\n<meta property=\"og:title\" content=\"PROMO\u00c7\u00d5ES\" \/>\n<meta property=\"og:description\" content=\"EG-REEDS PROMO\u00c7\u00d5ES\" \/>\n<meta property=\"og:url\" content=\"https:\/\/eg-reeds.com\/pt-pt\/promocoes\/\" \/>\n<meta property=\"og:site_name\" content=\"EG-REEDS\" \/>\n<meta property=\"article:publisher\" content=\"https:\/\/www.facebook.com\/EGREEDS\" \/>\n<meta property=\"article:modified_time\" content=\"2025-02-20T10:28:23+00:00\" \/>\n<meta property=\"og:image\" content=\"https:\/\/eg-reeds.com\/wp-content\/uploads\/2015\/11\/collection-special-offers-4.jpg\" \/>\n\t<meta property=\"og:image:width\" content=\"680\" \/>\n\t<meta property=\"og:image:height\" content=\"510\" \/>\n\t<meta property=\"og:image:type\" content=\"image\/jpeg\" \/>\n<meta name=\"twitter:card\" content=\"summary_large_image\" \/>\n<meta name=\"twitter:image\" content=\"http:\/\/eg-reeds.com\/wp-content\/uploads\/2015\/11\/collection-special-offers-4.jpg\" \/>\n<meta name=\"twitter:site\" content=\"@egreeds\" \/>\n<meta name=\"twitter:label1\" content=\"Tempo estimado de leitura\" \/>\n\t<meta name=\"twitter:data1\" content=\"1 minute\" \/>\n<script type=\"application\/ld+json\" class=\"yoast-schema-graph\">{\"@context\":\"https:\\\/\\\/schema.org\",\"@graph\":[{\"@type\":\"WebPage\",\"@id\":\"https:\\\/\\\/eg-reeds.com\\\/pt-pt\\\/promocoes\\\/\",\"url\":\"https:\\\/\\\/eg-reeds.com\\\/pt-pt\\\/promocoes\\\/\",\"name\":\"PROMO\u00c7\u00d5ES - EG-REEDS\",\"isPartOf\":{\"@id\":\"https:\\\/\\\/eg-reeds.com\\\/pt-pt\\\/#website\"},\"datePublished\":\"2015-11-23T16:03:41+00:00\",\"dateModified\":\"2025-02-20T10:28:23+00:00\",\"description\":\"EG-REEDS PROMO\u00c7\u00d5ES\",\"breadcrumb\":{\"@id\":\"https:\\\/\\\/eg-reeds.com\\\/pt-pt\\\/promocoes\\\/#breadcrumb\"},\"inLanguage\":\"pt-PT\",\"potentialAction\":[{\"@type\":\"ReadAction\",\"target\":[\"https:\\\/\\\/eg-reeds.com\\\/pt-pt\\\/promocoes\\\/\"]}]},{\"@type\":\"BreadcrumbList\",\"@id\":\"https:\\\/\\\/eg-reeds.com\\\/pt-pt\\\/promocoes\\\/#breadcrumb\",\"itemListElement\":[{\"@type\":\"ListItem\",\"position\":1,\"name\":\"Startseite\",\"item\":\"https:\\\/\\\/eg-reeds.com\\\/pt-pt\\\/\"},{\"@type\":\"ListItem\",\"position\":2,\"name\":\"PROMO\u00c7\u00d5ES\"}]},{\"@type\":\"WebSite\",\"@id\":\"https:\\\/\\\/eg-reeds.com\\\/pt-pt\\\/#website\",\"url\":\"https:\\\/\\\/eg-reeds.com\\\/pt-pt\\\/\",\"name\":\"www.eg-reeds.com\",\"description\":\"Palhetas obo\u00e9\",\"publisher\":{\"@id\":\"https:\\\/\\\/eg-reeds.com\\\/pt-pt\\\/#organization\"},\"alternateName\":\"eg-reeds.com\",\"potentialAction\":[{\"@type\":\"SearchAction\",\"target\":{\"@type\":\"EntryPoint\",\"urlTemplate\":\"https:\\\/\\\/eg-reeds.com\\\/pt-pt\\\/?s={search_term_string}\"},\"query-input\":{\"@type\":\"PropertyValueSpecification\",\"valueRequired\":true,\"valueName\":\"search_term_string\"}}],\"inLanguage\":\"pt-PT\"},{\"@type\":\"Organization\",\"@id\":\"https:\\\/\\\/eg-reeds.com\\\/pt-pt\\\/#organization\",\"name\":\"www.eg-reeds.com\",\"url\":\"https:\\\/\\\/eg-reeds.com\\\/pt-pt\\\/\",\"logo\":{\"@type\":\"ImageObject\",\"inLanguage\":\"pt-PT\",\"@id\":\"https:\\\/\\\/eg-reeds.com\\\/pt-pt\\\/#\\\/schema\\\/logo\\\/image\\\/\",\"url\":\"https:\\\/\\\/eg-reeds.com\\\/wp-content\\\/uploads\\\/2024\\\/06\\\/Logo-scaled-e1718793906611.jpg\",\"contentUrl\":\"https:\\\/\\\/eg-reeds.com\\\/wp-content\\\/uploads\\\/2024\\\/06\\\/Logo-scaled-e1718793906611.jpg\",\"width\":1200,\"height\":493,\"caption\":\"www.eg-reeds.com\"},\"image\":{\"@id\":\"https:\\\/\\\/eg-reeds.com\\\/pt-pt\\\/#\\\/schema\\\/logo\\\/image\\\/\"},\"sameAs\":[\"https:\\\/\\\/www.facebook.com\\\/EGREEDS\",\"https:\\\/\\\/x.com\\\/egreeds\",\"https:\\\/\\\/www.instagram.com\\\/egreeds\\\/\",\"https:\\\/\\\/www.youtube.com\\\/c\\\/EGREEDS\",\"https:\\\/\\\/www.threads.net\\\/@egreeds\",\"https:\\\/\\\/www.tiktok.com\\\/@egreeds\"]}]}<\/script>\n<!-- \/ Yoast SEO Premium plugin. -->","yoast_head_json":{"title":"PROMO\u00c7\u00d5ES - EG-REEDS","description":"EG-REEDS PROMO\u00c7\u00d5ES","robots":{"index":"index","follow":"follow","max-snippet":"max-snippet:-1","max-image-preview":"max-image-preview:large","max-video-preview":"max-video-preview:-1"},"canonical":"https:\/\/eg-reeds.com\/pt-pt\/promocoes\/","og_locale":"pt_PT","og_type":"article","og_title":"PROMO\u00c7\u00d5ES","og_description":"EG-REEDS PROMO\u00c7\u00d5ES","og_url":"https:\/\/eg-reeds.com\/pt-pt\/promocoes\/","og_site_name":"EG-REEDS","article_publisher":"https:\/\/www.facebook.com\/EGREEDS","article_modified_time":"2025-02-20T10:28:23+00:00","og_image":[{"width":680,"height":510,"url":"https:\/\/eg-reeds.com\/wp-content\/uploads\/2015\/11\/collection-special-offers-4.jpg","type":"image\/jpeg"}],"twitter_card":"summary_large_image","twitter_image":"http:\/\/eg-reeds.com\/wp-content\/uploads\/2015\/11\/collection-special-offers-4.jpg","twitter_site":"@egreeds","twitter_misc":{"Tempo estimado de leitura":"1 minute"},"schema":{"@context":"https:\/\/schema.org","@graph":[{"@type":"WebPage","@id":"https:\/\/eg-reeds.com\/pt-pt\/promocoes\/","url":"https:\/\/eg-reeds.com\/pt-pt\/promocoes\/","name":"PROMO\u00c7\u00d5ES - EG-REEDS","isPartOf":{"@id":"https:\/\/eg-reeds.com\/pt-pt\/#website"},"datePublished":"2015-11-23T16:03:41+00:00","dateModified":"2025-02-20T10:28:23+00:00","description":"EG-REEDS PROMO\u00c7\u00d5ES","breadcrumb":{"@id":"https:\/\/eg-reeds.com\/pt-pt\/promocoes\/#breadcrumb"},"inLanguage":"pt-PT","potentialAction":[{"@type":"ReadAction","target":["https:\/\/eg-reeds.com\/pt-pt\/promocoes\/"]}]},{"@type":"BreadcrumbList","@id":"https:\/\/eg-reeds.com\/pt-pt\/promocoes\/#breadcrumb","itemListElement":[{"@type":"ListItem","position":1,"name":"Startseite","item":"https:\/\/eg-reeds.com\/pt-pt\/"},{"@type":"ListItem","position":2,"name":"PROMO\u00c7\u00d5ES"}]},{"@type":"WebSite","@id":"https:\/\/eg-reeds.com\/pt-pt\/#website","url":"https:\/\/eg-reeds.com\/pt-pt\/","name":"www.eg-reeds.com","description":"Palhetas obo\u00e9","publisher":{"@id":"https:\/\/eg-reeds.com\/pt-pt\/#organization"},"alternateName":"eg-reeds.com","potentialAction":[{"@type":"SearchAction","target":{"@type":"EntryPoint","urlTemplate":"https:\/\/eg-reeds.com\/pt-pt\/?s={search_term_string}"},"query-input":{"@type":"PropertyValueSpecification","valueRequired":true,"valueName":"search_term_string"}}],"inLanguage":"pt-PT"},{"@type":"Organization","@id":"https:\/\/eg-reeds.com\/pt-pt\/#organization","name":"www.eg-reeds.com","url":"https:\/\/eg-reeds.com\/pt-pt\/","logo":{"@type":"ImageObject","inLanguage":"pt-PT","@id":"https:\/\/eg-reeds.com\/pt-pt\/#\/schema\/logo\/image\/","url":"https:\/\/eg-reeds.com\/wp-content\/uploads\/2024\/06\/Logo-scaled-e1718793906611.jpg","contentUrl":"https:\/\/eg-reeds.com\/wp-content\/uploads\/2024\/06\/Logo-scaled-e1718793906611.jpg","width":1200,"height":493,"caption":"www.eg-reeds.com"},"image":{"@id":"https:\/\/eg-reeds.com\/pt-pt\/#\/schema\/logo\/image\/"},"sameAs":["https:\/\/www.facebook.com\/EGREEDS","https:\/\/x.com\/egreeds","https:\/\/www.instagram.com\/egreeds\/","https:\/\/www.youtube.com\/c\/EGREEDS","https:\/\/www.threads.net\/@egreeds","https:\/\/www.tiktok.com\/@egreeds"]}]}},"_links":{"self":[{"href":"https:\/\/eg-reeds.com\/pt-pt\/wp-json\/wp\/v2\/pages\/17384","targetHints":{"allow":["GET"]}}],"collection":[{"href":"https:\/\/eg-reeds.com\/pt-pt\/wp-json\/wp\/v2\/pages"}],"about":[{"href":"https:\/\/eg-reeds.com\/pt-pt\/wp-json\/wp\/v2\/types\/page"}],"author":[{"embeddable":true,"href":"https:\/\/eg-reeds.com\/pt-pt\/wp-json\/wp\/v2\/users\/1"}],"replies":[{"embeddable":true,"href":"https:\/\/eg-reeds.com\/pt-pt\/wp-json\/wp\/v2\/comments?post=17384"}],"version-history":[{"count":0,"href":"https:\/\/eg-reeds.com\/pt-pt\/wp-json\/wp\/v2\/pages\/17384\/revisions"}],"wp:attachment":[{"href":"https:\/\/eg-reeds.com\/pt-pt\/wp-json\/wp\/v2\/media?parent=17384"}],"curies":[{"name":"wp","href":"https:\/\/api.w.org\/{rel}","templated":true}]}}