{"id":3412,"date":"2015-05-07T10:16:30","date_gmt":"2015-05-07T10:16:30","guid":{"rendered":"http:\/\/eg-reeds.com\/?page_id=3412"},"modified":"2024-02-23T11:46:27","modified_gmt":"2024-02-23T10:46:27","slug":"politica-de-privacidade-e-cookies","status":"publish","type":"page","link":"https:\/\/eg-reeds.com\/pt-pt\/politica-de-privacidade-e-cookies\/","title":{"rendered":"Pol\u00edtica de privacidade e cookies"},"content":{"rendered":"<h1>Pol\u00edtica de Privacidade<\/h1>\n<p>Quando dizemos &#8220;n\u00f3s&#8221;, &#8220;nosso&#8221; e &#8220;EG-REEDS&#8221;, estamos nos referindo a EG-REEDS, C.B. com n\u00famero de IVA ESE24707143, endere\u00e7o C\/ Salinas 12, Ponferrada, Le\u00f3n, Espanha. E nosso site \u00e9 www.eg-reeds.com.<\/p>\n<p>Esta Pol\u00edtica de Privacidade \u00e9 eficaz com rela\u00e7\u00e3o a qualquer dado que tenhamos coletado, ou coletaremos, sobre e\/ou de voc\u00ea, de acordo com nossos Termos e Condi\u00e7\u00f5es.<\/p>\n<p>Em geral, a presta\u00e7\u00e3o de servi\u00e7os web na EG-REEDS n\u00e3o requer inscri\u00e7\u00e3o ou registro de usu\u00e1rios.<\/p>\n<p>Todas as informa\u00e7\u00f5es pessoais coletadas ser\u00e3o usadas para ajudar a tornar sua visita ao nosso site o mais produtiva e agrad\u00e1vel poss\u00edvel e\/ou para concluir o processo de compra ou contato. Garantir a confidencialidade dos dados pessoais dos usu\u00e1rios do nosso site \u00e9 importante para a EG-REEDS. As informa\u00e7\u00f5es pessoais coletadas podem incluir seu nome, endere\u00e7o de e-mail, n\u00famero de telefone e\/ou celular, endere\u00e7o e\/ou outros dados. Todas as informa\u00e7\u00f5es pessoais de membros, assinantes, clientes ou visitantes que utilizam a EG-REEDS ser\u00e3o tratadas de acordo com o Regulamento (UE) 2016\/679 do Parlamento Europeu e do Conselho, de 27 de abril de 2016 (GDPR) e com a Lei Org\u00e2nica 3\/2018, de 5 de dezembro, sobre a Prote\u00e7\u00e3o de Dados Pessoais e Garantia dos Direitos Digitais (LOPD).<\/p>\n<p>O usu\u00e1rio tem o direito de acesso, retifica\u00e7\u00e3o, cancelamento, oposi\u00e7\u00e3o e direito ao esquecimento, e pode exercer esses direitos com as exce\u00e7\u00f5es e limites da lei aplic\u00e1vel. Voc\u00ea pode exercer esse direito atrav\u00e9s do site ou enviando um e-mail para info@eg-reeds.com.<\/p>\n<p>O uso do site da EG-REEDS constitui aceita\u00e7\u00e3o desta Pol\u00edtica de Privacidade. A equipe da EG-REEDS reserva-se o direito de modificar este acordo sem aviso pr\u00e9vio. Portanto, recomendamos que voc\u00ea verifique periodicamente nossa pol\u00edtica de privacidade para se manter atualizado.<\/p>\n<p>&nbsp;<\/p>\n<h1>Cookies<\/h1>\n<p>A EG-REEDS, como a maioria das p\u00e1ginas da web, usa cookies.<\/p>\n<p>O que s\u00e3o cookies?<\/p>\n<p>Um cookie \u00e9 um pequeno peda\u00e7o de informa\u00e7\u00e3o enviado por um site e armazenado no navegador do usu\u00e1rio para que o site possa consultar a atividade anterior do usu\u00e1rio. O uso de cookies n\u00e3o fornece dados pessoais dos usu\u00e1rios, que permanecem an\u00f4nimos.<\/p>\n<p><strong>Que tipos de cookies a EG-REEDS usa?<\/strong><\/p>\n<p>Cookies anal\u00edticos: S\u00e3o usados para coletar estat\u00edsticas sobre a atividade do usu\u00e1rio durante a visita ao site e para rastrear a atividade geral. As informa\u00e7\u00f5es coletadas s\u00e3o anonimizadas e s\u00e3o usadas para otimizar a experi\u00eancia de navega\u00e7\u00e3o em nosso site e garantir um melhor atendimento ao cliente. Os usu\u00e1rios podem optar por n\u00e3o ter sua atividade rastreada atrav\u00e9s dos sistemas de exclus\u00e3o fornecidos pelas ferramentas anal\u00edticas. Exemplos de cookies anal\u00edticos que usamos incluem Google Analytics ou Clarity.<\/p>\n<p>Cookies t\u00e9cnicos: S\u00e3o usados para fins internos para garantir o funcionamento do site.<\/p>\n<p>Cookies de sess\u00e3o: S\u00e3o projetados para coletar e armazenar dados enquanto o usu\u00e1rio acessa um site.<\/p>\n<p>Cookies persistentes: Os cookies persistentes s\u00e3o armazenados no dispositivo do usu\u00e1rio e podem ser acessados e processados por um per\u00edodo definido.<\/p>\n<p>Cookies de primeira parte: S\u00e3o enviados para o dispositivo do usu\u00e1rio a partir de um computador ou dom\u00ednio gerenciado pela EG-REEDS, fornecendo o servi\u00e7o solicitado.<\/p>\n<p>Cookies de terceiros: S\u00e3o enviados para o dispositivo do usu\u00e1rio a partir de um computador ou dom\u00ednio n\u00e3o gerenciado por n\u00f3s, mas por outra entidade que coleta dados por meio de cookies, como \u00e9 o caso do Google Analytics, Akismet ou Mailchimp.<\/p>\n<p><strong>Como desativar os cookies no seu navegador?<\/strong><\/p>\n<p>Os cookies podem ser exclu\u00eddos, aceitos ou bloqueados conforme desejado, mas para fazer isso, voc\u00ea deve configurar corretamente seu navegador da web. Siga as instru\u00e7\u00f5es fornecidas pelo seu navegador para gerenciar cookies. Fornecemos links para as instru\u00e7\u00f5es dos navegadores mais populares:<\/p>\n<p>&nbsp;<\/p>\n<ul>\n<li>Chrome: <a href=\"https:\/\/support.google.com\/chrome\/answer\/95647?hl=en\" target=\"_new\" rel=\"noopener\">https:\/\/support.google.com\/chrome\/answer\/95647?hl=en<\/a><\/li>\n<li>Firefox: <a href=\"https:\/\/support.mozilla.org\/en-US\/kb\/enable-and-disable-cookies-website-preferences\" target=\"_new\" rel=\"noopener\">https:\/\/support.mozilla.org\/en-US\/kb\/enable-and-disable-cookies-website-preferences<\/a><\/li>\n<li>Safari: <a href=\"https:\/\/support.apple.com\/en-us\/HT201265\" target=\"_new\" rel=\"noopener\">https:\/\/support.apple.com\/en-us\/HT201265<\/a><\/li>\n<li>Internet Explorer: <a href=\"http:\/\/windows.microsoft.com\/en-US\/internet-explorer\/delete-manage-cookies#ie=ie-11\" target=\"_new\" rel=\"noopener\">http:\/\/windows.microsoft.com\/en-US\/internet-explorer\/delete-manage-cookies#ie=ie-11<\/a><\/li>\n<\/ul>\n<p>&nbsp;<\/p>\n<h1>Links para sites de terceiros<\/h1>\n<p>A EG-REEDS vincula-se a outros sites que, em nossa opini\u00e3o, podem conter informa\u00e7\u00f5es\/ferramentas \u00fateis para nossos visitantes. Nossa pol\u00edtica de privacidade n\u00e3o se aplica a sites de terceiros, portanto, se voc\u00ea visitar outros sites diferentes, leia a pol\u00edtica de privacidade deles.<\/p>\n<p>N\u00e3o somos respons\u00e1veis pelas pr\u00e1ticas de privacidade ou pelo conte\u00fado encontrados nesses sites.<\/p>\n","protected":false},"excerpt":{"rendered":"<p>Pol\u00edtica de Privacidade Quando dizemos &#8220;n\u00f3s&#8221;, &#8220;nosso&#8221; e &#8220;EG-REEDS&#8221;, estamos nos referindo a EG-REEDS, C.B. com n\u00famero de IVA ESE24707143, endere\u00e7o C\/ Salinas 12, Ponferrada, Le\u00f3n, Espanha. E nosso site \u00e9 www.eg-reeds.com. Esta Pol\u00edtica de Privacidade \u00e9 eficaz com rela\u00e7\u00e3o a qualquer dado que tenhamos coletado, ou coletaremos, sobre e\/ou de voc\u00ea, de acordo com [&#8230;]\n","protected":false},"author":1,"featured_media":0,"parent":0,"menu_order":0,"comment_status":"closed","ping_status":"open","template":"","meta":{"footnotes":""},"class_list":["post-3412","page","type-page","status-publish","hentry"],"yoast_head":"<!-- This site is optimized with the Yoast SEO Premium plugin v27.0 (Yoast SEO v27.4) - https:\/\/yoast.com\/product\/yoast-seo-premium-wordpress\/ -->\n<title>Pol\u00edtica de privacidade e cookies<\/title>\n<meta name=\"description\" content=\"Pol\u00edtica de privacidade e cookies EG-REEDS\" \/>\n<meta name=\"robots\" content=\"index, follow, max-snippet:-1, max-image-preview:large, max-video-preview:-1\" \/>\n<link rel=\"canonical\" href=\"https:\/\/eg-reeds.com\/pt-pt\/politica-de-privacidade-e-cookies\/\" \/>\n<meta property=\"og:locale\" content=\"pt_PT\" \/>\n<meta property=\"og:type\" content=\"article\" \/>\n<meta property=\"og:title\" content=\"Pol\u00edtica de privacidade e cookies\" \/>\n<meta property=\"og:description\" content=\"Pol\u00edtica de privacidade e cookies EG-REEDS\" \/>\n<meta property=\"og:url\" content=\"https:\/\/eg-reeds.com\/pt-pt\/politica-de-privacidade-e-cookies\/\" \/>\n<meta property=\"og:site_name\" content=\"EG-REEDS\" \/>\n<meta property=\"article:publisher\" content=\"https:\/\/www.facebook.com\/EGREEDS\" \/>\n<meta property=\"article:modified_time\" content=\"2024-02-23T10:46:27+00:00\" \/>\n<meta property=\"og:image\" content=\"https:\/\/eg-reeds.com\/wp-content\/uploads\/2018\/11\/EG-REEDS-Oboe-reeds-shop-scaled.jpg\" \/>\n\t<meta property=\"og:image:width\" content=\"2560\" \/>\n\t<meta property=\"og:image:height\" content=\"1010\" \/>\n\t<meta property=\"og:image:type\" content=\"image\/jpeg\" \/>\n<meta name=\"twitter:card\" content=\"summary_large_image\" \/>\n<meta name=\"twitter:site\" content=\"@egreeds\" \/>\n<meta name=\"twitter:label1\" content=\"Tempo estimado de leitura\" \/>\n\t<meta name=\"twitter:data1\" content=\"4 minutes\" \/>\n<script type=\"application\/ld+json\" class=\"yoast-schema-graph\">{\"@context\":\"https:\\\/\\\/schema.org\",\"@graph\":[{\"@type\":\"WebPage\",\"@id\":\"https:\\\/\\\/eg-reeds.com\\\/pt-pt\\\/politica-de-privacidade-e-cookies\\\/\",\"url\":\"https:\\\/\\\/eg-reeds.com\\\/pt-pt\\\/politica-de-privacidade-e-cookies\\\/\",\"name\":\"Pol\u00edtica de privacidade e cookies\",\"isPartOf\":{\"@id\":\"https:\\\/\\\/eg-reeds.com\\\/pt-pt\\\/#website\"},\"datePublished\":\"2015-05-07T10:16:30+00:00\",\"dateModified\":\"2024-02-23T10:46:27+00:00\",\"description\":\"Pol\u00edtica de privacidade e cookies EG-REEDS\",\"breadcrumb\":{\"@id\":\"https:\\\/\\\/eg-reeds.com\\\/pt-pt\\\/politica-de-privacidade-e-cookies\\\/#breadcrumb\"},\"inLanguage\":\"pt-PT\",\"potentialAction\":[{\"@type\":\"ReadAction\",\"target\":[\"https:\\\/\\\/eg-reeds.com\\\/pt-pt\\\/politica-de-privacidade-e-cookies\\\/\"]}]},{\"@type\":\"BreadcrumbList\",\"@id\":\"https:\\\/\\\/eg-reeds.com\\\/pt-pt\\\/politica-de-privacidade-e-cookies\\\/#breadcrumb\",\"itemListElement\":[{\"@type\":\"ListItem\",\"position\":1,\"name\":\"Startseite\",\"item\":\"https:\\\/\\\/eg-reeds.com\\\/pt-pt\\\/\"},{\"@type\":\"ListItem\",\"position\":2,\"name\":\"Pol\u00edtica de privacidade e cookies\"}]},{\"@type\":\"WebSite\",\"@id\":\"https:\\\/\\\/eg-reeds.com\\\/pt-pt\\\/#website\",\"url\":\"https:\\\/\\\/eg-reeds.com\\\/pt-pt\\\/\",\"name\":\"www.eg-reeds.com\",\"description\":\"Palhetas obo\u00e9\",\"publisher\":{\"@id\":\"https:\\\/\\\/eg-reeds.com\\\/pt-pt\\\/#organization\"},\"alternateName\":\"eg-reeds.com\",\"potentialAction\":[{\"@type\":\"SearchAction\",\"target\":{\"@type\":\"EntryPoint\",\"urlTemplate\":\"https:\\\/\\\/eg-reeds.com\\\/pt-pt\\\/?s={search_term_string}\"},\"query-input\":{\"@type\":\"PropertyValueSpecification\",\"valueRequired\":true,\"valueName\":\"search_term_string\"}}],\"inLanguage\":\"pt-PT\"},{\"@type\":\"Organization\",\"@id\":\"https:\\\/\\\/eg-reeds.com\\\/pt-pt\\\/#organization\",\"name\":\"www.eg-reeds.com\",\"url\":\"https:\\\/\\\/eg-reeds.com\\\/pt-pt\\\/\",\"logo\":{\"@type\":\"ImageObject\",\"inLanguage\":\"pt-PT\",\"@id\":\"https:\\\/\\\/eg-reeds.com\\\/pt-pt\\\/#\\\/schema\\\/logo\\\/image\\\/\",\"url\":\"https:\\\/\\\/eg-reeds.com\\\/wp-content\\\/uploads\\\/2024\\\/06\\\/Logo-scaled-e1718793906611.jpg\",\"contentUrl\":\"https:\\\/\\\/eg-reeds.com\\\/wp-content\\\/uploads\\\/2024\\\/06\\\/Logo-scaled-e1718793906611.jpg\",\"width\":1200,\"height\":493,\"caption\":\"www.eg-reeds.com\"},\"image\":{\"@id\":\"https:\\\/\\\/eg-reeds.com\\\/pt-pt\\\/#\\\/schema\\\/logo\\\/image\\\/\"},\"sameAs\":[\"https:\\\/\\\/www.facebook.com\\\/EGREEDS\",\"https:\\\/\\\/x.com\\\/egreeds\",\"https:\\\/\\\/www.instagram.com\\\/egreeds\\\/\",\"https:\\\/\\\/www.youtube.com\\\/c\\\/EGREEDS\",\"https:\\\/\\\/www.threads.net\\\/@egreeds\",\"https:\\\/\\\/www.tiktok.com\\\/@egreeds\"]}]}<\/script>\n<!-- \/ Yoast SEO Premium plugin. -->","yoast_head_json":{"title":"Pol\u00edtica de privacidade e cookies","description":"Pol\u00edtica de privacidade e cookies EG-REEDS","robots":{"index":"index","follow":"follow","max-snippet":"max-snippet:-1","max-image-preview":"max-image-preview:large","max-video-preview":"max-video-preview:-1"},"canonical":"https:\/\/eg-reeds.com\/pt-pt\/politica-de-privacidade-e-cookies\/","og_locale":"pt_PT","og_type":"article","og_title":"Pol\u00edtica de privacidade e cookies","og_description":"Pol\u00edtica de privacidade e cookies EG-REEDS","og_url":"https:\/\/eg-reeds.com\/pt-pt\/politica-de-privacidade-e-cookies\/","og_site_name":"EG-REEDS","article_publisher":"https:\/\/www.facebook.com\/EGREEDS","article_modified_time":"2024-02-23T10:46:27+00:00","og_image":[{"width":2560,"height":1010,"url":"https:\/\/eg-reeds.com\/wp-content\/uploads\/2018\/11\/EG-REEDS-Oboe-reeds-shop-scaled.jpg","type":"image\/jpeg"}],"twitter_card":"summary_large_image","twitter_site":"@egreeds","twitter_misc":{"Tempo estimado de leitura":"4 minutes"},"schema":{"@context":"https:\/\/schema.org","@graph":[{"@type":"WebPage","@id":"https:\/\/eg-reeds.com\/pt-pt\/politica-de-privacidade-e-cookies\/","url":"https:\/\/eg-reeds.com\/pt-pt\/politica-de-privacidade-e-cookies\/","name":"Pol\u00edtica de privacidade e cookies","isPartOf":{"@id":"https:\/\/eg-reeds.com\/pt-pt\/#website"},"datePublished":"2015-05-07T10:16:30+00:00","dateModified":"2024-02-23T10:46:27+00:00","description":"Pol\u00edtica de privacidade e cookies EG-REEDS","breadcrumb":{"@id":"https:\/\/eg-reeds.com\/pt-pt\/politica-de-privacidade-e-cookies\/#breadcrumb"},"inLanguage":"pt-PT","potentialAction":[{"@type":"ReadAction","target":["https:\/\/eg-reeds.com\/pt-pt\/politica-de-privacidade-e-cookies\/"]}]},{"@type":"BreadcrumbList","@id":"https:\/\/eg-reeds.com\/pt-pt\/politica-de-privacidade-e-cookies\/#breadcrumb","itemListElement":[{"@type":"ListItem","position":1,"name":"Startseite","item":"https:\/\/eg-reeds.com\/pt-pt\/"},{"@type":"ListItem","position":2,"name":"Pol\u00edtica de privacidade e cookies"}]},{"@type":"WebSite","@id":"https:\/\/eg-reeds.com\/pt-pt\/#website","url":"https:\/\/eg-reeds.com\/pt-pt\/","name":"www.eg-reeds.com","description":"Palhetas obo\u00e9","publisher":{"@id":"https:\/\/eg-reeds.com\/pt-pt\/#organization"},"alternateName":"eg-reeds.com","potentialAction":[{"@type":"SearchAction","target":{"@type":"EntryPoint","urlTemplate":"https:\/\/eg-reeds.com\/pt-pt\/?s={search_term_string}"},"query-input":{"@type":"PropertyValueSpecification","valueRequired":true,"valueName":"search_term_string"}}],"inLanguage":"pt-PT"},{"@type":"Organization","@id":"https:\/\/eg-reeds.com\/pt-pt\/#organization","name":"www.eg-reeds.com","url":"https:\/\/eg-reeds.com\/pt-pt\/","logo":{"@type":"ImageObject","inLanguage":"pt-PT","@id":"https:\/\/eg-reeds.com\/pt-pt\/#\/schema\/logo\/image\/","url":"https:\/\/eg-reeds.com\/wp-content\/uploads\/2024\/06\/Logo-scaled-e1718793906611.jpg","contentUrl":"https:\/\/eg-reeds.com\/wp-content\/uploads\/2024\/06\/Logo-scaled-e1718793906611.jpg","width":1200,"height":493,"caption":"www.eg-reeds.com"},"image":{"@id":"https:\/\/eg-reeds.com\/pt-pt\/#\/schema\/logo\/image\/"},"sameAs":["https:\/\/www.facebook.com\/EGREEDS","https:\/\/x.com\/egreeds","https:\/\/www.instagram.com\/egreeds\/","https:\/\/www.youtube.com\/c\/EGREEDS","https:\/\/www.threads.net\/@egreeds","https:\/\/www.tiktok.com\/@egreeds"]}]}},"_links":{"self":[{"href":"https:\/\/eg-reeds.com\/pt-pt\/wp-json\/wp\/v2\/pages\/3412","targetHints":{"allow":["GET"]}}],"collection":[{"href":"https:\/\/eg-reeds.com\/pt-pt\/wp-json\/wp\/v2\/pages"}],"about":[{"href":"https:\/\/eg-reeds.com\/pt-pt\/wp-json\/wp\/v2\/types\/page"}],"author":[{"embeddable":true,"href":"https:\/\/eg-reeds.com\/pt-pt\/wp-json\/wp\/v2\/users\/1"}],"replies":[{"embeddable":true,"href":"https:\/\/eg-reeds.com\/pt-pt\/wp-json\/wp\/v2\/comments?post=3412"}],"version-history":[{"count":0,"href":"https:\/\/eg-reeds.com\/pt-pt\/wp-json\/wp\/v2\/pages\/3412\/revisions"}],"wp:attachment":[{"href":"https:\/\/eg-reeds.com\/pt-pt\/wp-json\/wp\/v2\/media?parent=3412"}],"curies":[{"name":"wp","href":"https:\/\/api.w.org\/{rel}","templated":true}]}}