{"id":4169,"date":"2015-05-13T12:05:46","date_gmt":"2015-05-13T11:05:46","guid":{"rendered":"http:\/\/eg-reeds.com\/?page_id=4169"},"modified":"2026-04-27T11:10:47","modified_gmt":"2026-04-27T09:10:47","slug":"custos-de-envio-e-prazos","status":"publish","type":"page","link":"https:\/\/eg-reeds.com\/pt-pt\/custos-de-envio-e-prazos\/","title":{"rendered":"Custos de envio e prazos"},"content":{"rendered":"\t<div id=\"gap-1767699424\" class=\"gap-element clearfix\" style=\"display:block; height:auto;\">\n\t\t\n<style>\n#gap-1767699424 {\n  padding-top: 30px;\n}\n<\/style>\n\t<\/div>\n\t\n<p style=\"text-align: center;\"><strong>Para pa\u00edses que n\u00e3o Espanha<\/strong><\/p>\n<p style=\"text-align: center;\"><span style=\"color: #627fa9;\"><strong>Pode calcular os custos de envio introduzindo o seu pa\u00eds e morada na p\u00e1gina de pagamento.<\/strong><\/span><\/p>\n<p style=\"text-align: center;\">\t<div id=\"gap-157073026\" class=\"gap-element clearfix\" style=\"display:block; height:auto;\">\n\t\t\n<style>\n#gap-157073026 {\n  padding-top: 30px;\n}\n<\/style>\n\t<\/div>\n\t\n<p><span style=\"color: #627fa9;\"><strong class=\"h-xlarge h-large\">\u2217<\/strong> <\/span>A hora de corte aproximada para encomendas \u00e9 \u00e0s 10:00 da manh\u00e3 em dias \u00fateis. Tentaremos sempre preparar a sua encomenda o mais rapidamente poss\u00edvel, mas o envio no mesmo dia n\u00e3o \u00e9 garantido. As encomendas realizadas depois desta hora, durante fins de semana ou feriados, poder\u00e3o ser processadas e come\u00e7ar a ser fabricadas no dia \u00fatil seguinte.<\/p>\n<p><strong class=\"h-xlarge h-large\"><span style=\"color: #627fa9;\">\u2217 <span style=\"color: #339966;\">TEMPOS DE FABRICO: <\/span><\/span><\/strong>Tenha em aten\u00e7\u00e3o que <strong>alguns produtos requerem v\u00e1rios dias de produ\u00e7\u00e3o<\/strong>, caso n\u00e3o estejam em stock. Palhetas de estudante: cerca de 2 dias \u00fateis. Palhetas profissionais: cerca de 4-5 dias \u00fateis. A cana profissional e as palhetas personalizadas s\u00e3o sempre feitas por encomenda. Cana profissional: cerca de 4-5 dias \u00fateis. Palhetas personalizadas: cerca de 2 semanas. Para encomendas grandes, por favor contacte-nos.<\/p>\n<p><strong class=\"h-xlarge h-large\"><span style=\"color: #627fa9;\">\u2217 <\/span><\/strong>Alguns produtos de outras marcas poder\u00e3o ter de ser pedidos primeiro ao fornecedor, pelo que poder\u00e3o demorar um pouco mais a ser enviados.<\/p>\n<p><strong class=\"h-xlarge h-large\"><span style=\"color: #627fa9;\">\u2217 <\/span><\/strong>Pode calcular os custos de envio introduzindo a sua morada na p\u00e1gina de pagamento.<\/p>\n<p><strong class=\"h-xlarge h-large\"><span style=\"color: #627fa9;\">\u2217 <\/span><\/strong>Ap\u00f3s o envio, as encomendas demoram cerca de 3-5 dias \u00fateis a chegar a pa\u00edses europeus pr\u00f3ximos, e 5-10 dias \u00fateis a pa\u00edses europeus mais afastados de Espanha ou fora da Europa.<\/p>\n<p><strong class=\"h-xlarge h-large\"><span style=\"color: #627fa9;\">\u2217<\/span> <\/strong>Os tempos de envio dependem da transportadora. Os prazos s\u00e3o aproximados e podem ocorrer atrasos. N\u00e3o podemos garantir qualquer prazo de entrega. Para pa\u00edses fora da Uni\u00e3o Europeia, os tempos de entrega podem ser mais longos devido aos procedimentos alfandeg\u00e1rios. Quaisquer direitos aduaneiros ou impostos s\u00e3o da responsabilidade do destinat\u00e1rio. Consulte a alf\u00e2ndega local para mais informa\u00e7\u00f5es.<\/p>\n<p style=\"text-align: left;\">\t<div id=\"gap-515468561\" class=\"gap-element clearfix\" style=\"display:block; height:auto;\">\n\t\t\n<style>\n#gap-515468561 {\n  padding-top: 30px;\n}\n<\/style>\n\t<\/div>\n\t\n","protected":false},"excerpt":{"rendered":"<p>Para pa\u00edses que n\u00e3o Espanha Pode calcular os custos de envio introduzindo o seu pa\u00eds e morada na p\u00e1gina de pagamento. \u2217 A hora de corte aproximada para encomendas \u00e9 \u00e0s 10:00 da manh\u00e3 em dias \u00fateis. Tentaremos sempre preparar a sua encomenda o mais rapidamente poss\u00edvel, mas o envio no mesmo dia n\u00e3o \u00e9 [&#8230;]\n","protected":false},"author":1,"featured_media":0,"parent":0,"menu_order":0,"comment_status":"closed","ping_status":"open","template":"","meta":{"footnotes":""},"class_list":["post-4169","page","type-page","status-publish","hentry"],"yoast_head":"<!-- This site is optimized with the Yoast SEO Premium plugin v27.0 (Yoast SEO v27.6) - https:\/\/yoast.com\/product\/yoast-seo-premium-wordpress\/ -->\n<title>Custos de envio e prazos - EG-REEDS<\/title>\n<meta name=\"description\" content=\"Custos de envio e prazos\" \/>\n<meta name=\"robots\" content=\"index, follow, max-snippet:-1, max-image-preview:large, max-video-preview:-1\" \/>\n<link rel=\"canonical\" href=\"https:\/\/eg-reeds.com\/pt-pt\/custos-de-envio-e-prazos\/\" \/>\n<meta property=\"og:locale\" content=\"pt_PT\" \/>\n<meta property=\"og:type\" content=\"article\" \/>\n<meta property=\"og:title\" content=\"Custos de envio e prazos\" \/>\n<meta property=\"og:description\" content=\"Custos de envio e prazos\" \/>\n<meta property=\"og:url\" content=\"https:\/\/eg-reeds.com\/pt-pt\/custos-de-envio-e-prazos\/\" \/>\n<meta property=\"og:site_name\" content=\"EG-REEDS\" \/>\n<meta property=\"article:publisher\" content=\"https:\/\/www.facebook.com\/EGREEDS\" \/>\n<meta property=\"article:modified_time\" content=\"2026-04-27T09:10:47+00:00\" \/>\n<meta property=\"og:image\" content=\"https:\/\/eg-reeds.com\/wp-content\/uploads\/2018\/11\/EG-REEDS-Oboe-reeds-shop-scaled.jpg\" \/>\n\t<meta property=\"og:image:width\" content=\"2560\" \/>\n\t<meta property=\"og:image:height\" content=\"1010\" \/>\n\t<meta property=\"og:image:type\" content=\"image\/jpeg\" \/>\n<meta name=\"twitter:card\" content=\"summary_large_image\" \/>\n<meta name=\"twitter:site\" content=\"@egreeds\" \/>\n<meta name=\"twitter:label1\" content=\"Tempo estimado de leitura\" \/>\n\t<meta name=\"twitter:data1\" content=\"2 minutes\" \/>\n<script type=\"application\/ld+json\" class=\"yoast-schema-graph\">{\"@context\":\"https:\\\/\\\/schema.org\",\"@graph\":[{\"@type\":\"WebPage\",\"@id\":\"https:\\\/\\\/eg-reeds.com\\\/pt-pt\\\/custos-de-envio-e-prazos\\\/\",\"url\":\"https:\\\/\\\/eg-reeds.com\\\/pt-pt\\\/custos-de-envio-e-prazos\\\/\",\"name\":\"Custos de envio e prazos - EG-REEDS\",\"isPartOf\":{\"@id\":\"https:\\\/\\\/eg-reeds.com\\\/pt-pt\\\/#website\"},\"datePublished\":\"2015-05-13T11:05:46+00:00\",\"dateModified\":\"2026-04-27T09:10:47+00:00\",\"description\":\"Custos de envio e prazos\",\"breadcrumb\":{\"@id\":\"https:\\\/\\\/eg-reeds.com\\\/pt-pt\\\/custos-de-envio-e-prazos\\\/#breadcrumb\"},\"inLanguage\":\"pt-PT\",\"potentialAction\":[{\"@type\":\"ReadAction\",\"target\":[\"https:\\\/\\\/eg-reeds.com\\\/pt-pt\\\/custos-de-envio-e-prazos\\\/\"]}]},{\"@type\":\"BreadcrumbList\",\"@id\":\"https:\\\/\\\/eg-reeds.com\\\/pt-pt\\\/custos-de-envio-e-prazos\\\/#breadcrumb\",\"itemListElement\":[{\"@type\":\"ListItem\",\"position\":1,\"name\":\"Startseite\",\"item\":\"https:\\\/\\\/eg-reeds.com\\\/pt-pt\\\/loja\\\/\"},{\"@type\":\"ListItem\",\"position\":2,\"name\":\"Custos de envio e prazos\"}]},{\"@type\":\"WebSite\",\"@id\":\"https:\\\/\\\/eg-reeds.com\\\/pt-pt\\\/#website\",\"url\":\"https:\\\/\\\/eg-reeds.com\\\/pt-pt\\\/\",\"name\":\"www.eg-reeds.com\",\"description\":\"Palhetas obo\u00e9\",\"publisher\":{\"@id\":\"https:\\\/\\\/eg-reeds.com\\\/pt-pt\\\/#organization\"},\"alternateName\":\"eg-reeds.com\",\"potentialAction\":[{\"@type\":\"SearchAction\",\"target\":{\"@type\":\"EntryPoint\",\"urlTemplate\":\"https:\\\/\\\/eg-reeds.com\\\/pt-pt\\\/?s={search_term_string}\"},\"query-input\":{\"@type\":\"PropertyValueSpecification\",\"valueRequired\":true,\"valueName\":\"search_term_string\"}}],\"inLanguage\":\"pt-PT\"},{\"@type\":\"Organization\",\"@id\":\"https:\\\/\\\/eg-reeds.com\\\/pt-pt\\\/#organization\",\"name\":\"www.eg-reeds.com\",\"url\":\"https:\\\/\\\/eg-reeds.com\\\/pt-pt\\\/\",\"logo\":{\"@type\":\"ImageObject\",\"inLanguage\":\"pt-PT\",\"@id\":\"https:\\\/\\\/eg-reeds.com\\\/pt-pt\\\/#\\\/schema\\\/logo\\\/image\\\/\",\"url\":\"https:\\\/\\\/eg-reeds.com\\\/wp-content\\\/uploads\\\/2024\\\/06\\\/Logo-scaled-e1718793906611.jpg\",\"contentUrl\":\"https:\\\/\\\/eg-reeds.com\\\/wp-content\\\/uploads\\\/2024\\\/06\\\/Logo-scaled-e1718793906611.jpg\",\"width\":1200,\"height\":493,\"caption\":\"www.eg-reeds.com\"},\"image\":{\"@id\":\"https:\\\/\\\/eg-reeds.com\\\/pt-pt\\\/#\\\/schema\\\/logo\\\/image\\\/\"},\"sameAs\":[\"https:\\\/\\\/www.facebook.com\\\/EGREEDS\",\"https:\\\/\\\/x.com\\\/egreeds\",\"https:\\\/\\\/www.instagram.com\\\/egreeds\\\/\",\"https:\\\/\\\/www.youtube.com\\\/c\\\/EGREEDS\",\"https:\\\/\\\/www.threads.net\\\/@egreeds\",\"https:\\\/\\\/www.tiktok.com\\\/@egreeds\"]}]}<\/script>\n<!-- \/ Yoast SEO Premium plugin. -->","yoast_head_json":{"title":"Custos de envio e prazos - EG-REEDS","description":"Custos de envio e prazos","robots":{"index":"index","follow":"follow","max-snippet":"max-snippet:-1","max-image-preview":"max-image-preview:large","max-video-preview":"max-video-preview:-1"},"canonical":"https:\/\/eg-reeds.com\/pt-pt\/custos-de-envio-e-prazos\/","og_locale":"pt_PT","og_type":"article","og_title":"Custos de envio e prazos","og_description":"Custos de envio e prazos","og_url":"https:\/\/eg-reeds.com\/pt-pt\/custos-de-envio-e-prazos\/","og_site_name":"EG-REEDS","article_publisher":"https:\/\/www.facebook.com\/EGREEDS","article_modified_time":"2026-04-27T09:10:47+00:00","og_image":[{"width":2560,"height":1010,"url":"https:\/\/eg-reeds.com\/wp-content\/uploads\/2018\/11\/EG-REEDS-Oboe-reeds-shop-scaled.jpg","type":"image\/jpeg"}],"twitter_card":"summary_large_image","twitter_site":"@egreeds","twitter_misc":{"Tempo estimado de leitura":"2 minutes"},"schema":{"@context":"https:\/\/schema.org","@graph":[{"@type":"WebPage","@id":"https:\/\/eg-reeds.com\/pt-pt\/custos-de-envio-e-prazos\/","url":"https:\/\/eg-reeds.com\/pt-pt\/custos-de-envio-e-prazos\/","name":"Custos de envio e prazos - EG-REEDS","isPartOf":{"@id":"https:\/\/eg-reeds.com\/pt-pt\/#website"},"datePublished":"2015-05-13T11:05:46+00:00","dateModified":"2026-04-27T09:10:47+00:00","description":"Custos de envio e prazos","breadcrumb":{"@id":"https:\/\/eg-reeds.com\/pt-pt\/custos-de-envio-e-prazos\/#breadcrumb"},"inLanguage":"pt-PT","potentialAction":[{"@type":"ReadAction","target":["https:\/\/eg-reeds.com\/pt-pt\/custos-de-envio-e-prazos\/"]}]},{"@type":"BreadcrumbList","@id":"https:\/\/eg-reeds.com\/pt-pt\/custos-de-envio-e-prazos\/#breadcrumb","itemListElement":[{"@type":"ListItem","position":1,"name":"Startseite","item":"https:\/\/eg-reeds.com\/pt-pt\/loja\/"},{"@type":"ListItem","position":2,"name":"Custos de envio e prazos"}]},{"@type":"WebSite","@id":"https:\/\/eg-reeds.com\/pt-pt\/#website","url":"https:\/\/eg-reeds.com\/pt-pt\/","name":"www.eg-reeds.com","description":"Palhetas obo\u00e9","publisher":{"@id":"https:\/\/eg-reeds.com\/pt-pt\/#organization"},"alternateName":"eg-reeds.com","potentialAction":[{"@type":"SearchAction","target":{"@type":"EntryPoint","urlTemplate":"https:\/\/eg-reeds.com\/pt-pt\/?s={search_term_string}"},"query-input":{"@type":"PropertyValueSpecification","valueRequired":true,"valueName":"search_term_string"}}],"inLanguage":"pt-PT"},{"@type":"Organization","@id":"https:\/\/eg-reeds.com\/pt-pt\/#organization","name":"www.eg-reeds.com","url":"https:\/\/eg-reeds.com\/pt-pt\/","logo":{"@type":"ImageObject","inLanguage":"pt-PT","@id":"https:\/\/eg-reeds.com\/pt-pt\/#\/schema\/logo\/image\/","url":"https:\/\/eg-reeds.com\/wp-content\/uploads\/2024\/06\/Logo-scaled-e1718793906611.jpg","contentUrl":"https:\/\/eg-reeds.com\/wp-content\/uploads\/2024\/06\/Logo-scaled-e1718793906611.jpg","width":1200,"height":493,"caption":"www.eg-reeds.com"},"image":{"@id":"https:\/\/eg-reeds.com\/pt-pt\/#\/schema\/logo\/image\/"},"sameAs":["https:\/\/www.facebook.com\/EGREEDS","https:\/\/x.com\/egreeds","https:\/\/www.instagram.com\/egreeds\/","https:\/\/www.youtube.com\/c\/EGREEDS","https:\/\/www.threads.net\/@egreeds","https:\/\/www.tiktok.com\/@egreeds"]}]}},"_links":{"self":[{"href":"https:\/\/eg-reeds.com\/pt-pt\/wp-json\/wp\/v2\/pages\/4169","targetHints":{"allow":["GET"]}}],"collection":[{"href":"https:\/\/eg-reeds.com\/pt-pt\/wp-json\/wp\/v2\/pages"}],"about":[{"href":"https:\/\/eg-reeds.com\/pt-pt\/wp-json\/wp\/v2\/types\/page"}],"author":[{"embeddable":true,"href":"https:\/\/eg-reeds.com\/pt-pt\/wp-json\/wp\/v2\/users\/1"}],"replies":[{"embeddable":true,"href":"https:\/\/eg-reeds.com\/pt-pt\/wp-json\/wp\/v2\/comments?post=4169"}],"version-history":[{"count":4,"href":"https:\/\/eg-reeds.com\/pt-pt\/wp-json\/wp\/v2\/pages\/4169\/revisions"}],"predecessor-version":[{"id":61225,"href":"https:\/\/eg-reeds.com\/pt-pt\/wp-json\/wp\/v2\/pages\/4169\/revisions\/61225"}],"wp:attachment":[{"href":"https:\/\/eg-reeds.com\/pt-pt\/wp-json\/wp\/v2\/media?parent=4169"}],"curies":[{"name":"wp","href":"https:\/\/api.w.org\/{rel}","templated":true}]}}