{"id":4403,"date":"2015-05-26T10:38:50","date_gmt":"2015-05-26T09:38:50","guid":{"rendered":"http:\/\/eg-reeds.com\/?page_id=4403"},"modified":"2024-10-31T09:59:30","modified_gmt":"2024-10-31T08:59:30","slug":"k-ge-servico-tecnico-oficial","status":"publish","type":"page","link":"https:\/\/eg-reeds.com\/pt-pt\/k-ge-servico-tecnico-oficial\/","title":{"rendered":"K.GE Servi\u00e7o t\u00e9cnico oficial"},"content":{"rendered":"<h1>K.GE Servi\u00e7o t\u00e9cnico oficial<\/h1>\n<p>Servi\u00e7o t\u00e9cnico oficial autorizado pela K.GE para <strong><a href=\"http:\/\/www.shop.kge-doublereeds.com\/Suppliers-of-KGE-REEDS-in-Portugal-dealer-pt.htm\" target=\"_blank\" rel=\"noopener\">Portugal<\/a><\/strong>.<\/p>\n<div>\n<p><strong>Servi\u00e7o dispon\u00edvel apenas para m\u00e1quinas compradas em <a href=\"http:\/\/eg-reeds.com\" target=\"_blank\" rel=\"noopener\">www.eg-reeds.com<\/a><\/strong><\/p>\n<div>Para entrar em contato conosco, escreva para <a href=\"mailto:info@eg-reeds.com\" target=\"_blank\" rel=\"noopener\">info@eg-reeds.com<\/a><\/div>\n<div><\/div>\n<div>Se quiser comprar l\u00e2minas ou outras pe\u00e7as de reposi\u00e7\u00e3o ou assistir a v\u00eddeos sobre a m\u00e1quina voc\u00ea pode fazer aqui abaixo.<\/div>\n\t<div id=\"gap-145465198\" class=\"gap-element clearfix\" style=\"display:block; height:auto;\">\n\t\t\n<style>\n#gap-145465198 {\n  padding-top: 30px;\n}\n<\/style>\n\t<\/div>\n\t\n<div class=\"row\"  id=\"row-312902955\">\n\n\t<div id=\"col-700443314\" class=\"col medium-6 small-12 large-6\"  >\n\t\t\t\t<div class=\"col-inner\"  >\n\t\t\t\n\t\t\t\n\n  <div class=\"banner has-hover bg-zoom\" id=\"banner-598458134\">\n          <div class=\"banner-inner fill\">\n        <div class=\"banner-bg fill\" >\n                                                \n                    <\/div>\n\t\t\n        <div class=\"banner-layers container\">\n            <a class=\"fill\" href=\"https:\/\/eg-reeds.com\/pt-pt\/categoria-produto\/acessorios\/k-ge-pecas-de-reposicao-para-a-maquina-de-raspar-palhetas\/\"><div class=\"fill banner-link\"><\/div><\/a>            \n   <div id=\"text-box-1542162562\" class=\"text-box banner-layer x50 md-x50 lg-x50 y50 md-y50 lg-y50 res-text\">\n                                <div class=\"text-box-content text dark\">\n              \n              <div class=\"text-inner text-center\">\n                  \n<h2><a href=\"https:\/\/eg-reeds.com\/pt-pt\/categoria-produto\/acessorios\/k-ge-pecas-de-reposicao-para-a-maquina-de-raspar-palhetas\/\" target=\"_blank\" rel=\"noopener\">PE\u00c7AS DE REPOSI\u00c7\u00c3O<\/a><\/h2>\n<h2><\/h2>\n<div class=\"is-divider divider clearfix\" ><\/div>\n              <\/div>\n           <\/div>\n                            \n<style>\n#text-box-1542162562 {\n  width: 60%;\n}\n#text-box-1542162562 .text-box-content {\n  font-size: 100%;\n}\n@media (min-width:550px) {\n  #text-box-1542162562 {\n    width: 60%;\n  }\n}\n<\/style>\n    <\/div>\n \n        <\/div>\n      <\/div>\n\n            \n<style>\n#banner-598458134 {\n  padding-top: 140px;\n}\n<\/style>\n  <\/div>\n\n\n\t\t<\/div>\n\t\t\t\t\t<\/div>\n\n\t\n\n\t<div id=\"col-885370167\" class=\"col medium-6 small-12 large-6\"  >\n\t\t\t\t<div class=\"col-inner\"  >\n\t\t\t\n\t\t\t\n\n  <div class=\"banner has-hover bg-zoom\" id=\"banner-410243903\">\n          <div class=\"banner-inner fill\">\n        <div class=\"banner-bg fill\" >\n                                                \n                    <\/div>\n\t\t\n        <div class=\"banner-layers container\">\n            <a class=\"fill\" href=\"https:\/\/eg-reeds.com\/pt-pt\/videos-servico-tecnico-oficial\/\"><div class=\"fill banner-link\"><\/div><\/a>            \n   <div id=\"text-box-940534745\" class=\"text-box banner-layer x50 md-x50 lg-x50 y50 md-y50 lg-y50 res-text\">\n                                <div class=\"text-box-content text dark\">\n              \n              <div class=\"text-inner text-center\">\n                  \n<h2><a href=\"https:\/\/eg-reeds.com\/pt-pt\/videos-servico-tecnico-oficial\/\" target=\"_blank\" rel=\"noopener\">V\u00cdDEO TUTORIAIS<\/a><\/h2>\n<h2><\/h2>\n<div class=\"is-divider divider clearfix\" ><\/div>\n              <\/div>\n           <\/div>\n                            \n<style>\n#text-box-940534745 {\n  width: 60%;\n}\n#text-box-940534745 .text-box-content {\n  font-size: 100%;\n}\n@media (min-width:550px) {\n  #text-box-940534745 {\n    width: 60%;\n  }\n}\n<\/style>\n    <\/div>\n \n        <\/div>\n      <\/div>\n\n            \n<style>\n#banner-410243903 {\n  padding-top: 140px;\n}\n<\/style>\n  <\/div>\n\n\n\t\t<\/div>\n\t\t\t\t\t<\/div>\n\n\t\n<\/div>\n<\/div>\n","protected":false},"excerpt":{"rendered":"<p>K.GE Servi\u00e7o t\u00e9cnico oficial Servi\u00e7o t\u00e9cnico oficial autorizado pela K.GE para Portugal. Servi\u00e7o dispon\u00edvel apenas para m\u00e1quinas compradas em www.eg-reeds.com Para entrar em contato conosco, escreva para info@eg-reeds.com Se quiser comprar l\u00e2minas ou outras pe\u00e7as de reposi\u00e7\u00e3o ou assistir a v\u00eddeos sobre a m\u00e1quina voc\u00ea pode fazer aqui abaixo.<\/p>\n","protected":false},"author":1,"featured_media":0,"parent":0,"menu_order":0,"comment_status":"closed","ping_status":"closed","template":"","meta":{"footnotes":""},"class_list":["post-4403","page","type-page","status-publish","hentry"],"yoast_head":"<!-- This site is optimized with the Yoast SEO Premium plugin v27.0 (Yoast SEO v27.3) - https:\/\/yoast.com\/product\/yoast-seo-premium-wordpress\/ -->\n<title>K.GE Servi\u00e7o t\u00e9cnico oficial - EG-REEDS<\/title>\n<meta name=\"description\" content=\"Servi\u00e7o t\u00e9cnico oficial autorizado pela K.GE para Portugal.Para entrar em contato conosco, escreva para info@eg-reeds.com\" \/>\n<meta name=\"robots\" content=\"index, follow, max-snippet:-1, max-image-preview:large, max-video-preview:-1\" \/>\n<link rel=\"canonical\" href=\"https:\/\/eg-reeds.com\/pt-pt\/k-ge-servico-tecnico-oficial\/\" \/>\n<meta property=\"og:locale\" content=\"pt_PT\" \/>\n<meta property=\"og:type\" content=\"article\" \/>\n<meta property=\"og:title\" content=\"K.GE Servi\u00e7o t\u00e9cnico oficial\" \/>\n<meta property=\"og:description\" content=\"Servi\u00e7o t\u00e9cnico oficial autorizado pela K.GE para Portugal.Para entrar em contato conosco, escreva para info@eg-reeds.com\" \/>\n<meta property=\"og:url\" content=\"https:\/\/eg-reeds.com\/pt-pt\/k-ge-servico-tecnico-oficial\/\" \/>\n<meta property=\"og:site_name\" content=\"EG-REEDS\" \/>\n<meta property=\"article:publisher\" content=\"https:\/\/www.facebook.com\/EGREEDS\" \/>\n<meta property=\"article:modified_time\" content=\"2024-10-31T08:59:30+00:00\" \/>\n<meta property=\"og:image\" content=\"https:\/\/eg-reeds.com\/wp-content\/uploads\/2018\/11\/EG-REEDS-Oboe-reeds-shop-scaled.jpg\" \/>\n\t<meta property=\"og:image:width\" content=\"2560\" \/>\n\t<meta property=\"og:image:height\" content=\"1010\" \/>\n\t<meta property=\"og:image:type\" content=\"image\/jpeg\" \/>\n<meta name=\"twitter:card\" content=\"summary_large_image\" \/>\n<meta name=\"twitter:site\" content=\"@egreeds\" \/>\n<meta name=\"twitter:label1\" content=\"Tempo estimado de leitura\" \/>\n\t<meta name=\"twitter:data1\" content=\"1 minute\" \/>\n<script type=\"application\/ld+json\" class=\"yoast-schema-graph\">{\"@context\":\"https:\\\/\\\/schema.org\",\"@graph\":[{\"@type\":\"WebPage\",\"@id\":\"https:\\\/\\\/eg-reeds.com\\\/pt-pt\\\/k-ge-servico-tecnico-oficial\\\/\",\"url\":\"https:\\\/\\\/eg-reeds.com\\\/pt-pt\\\/k-ge-servico-tecnico-oficial\\\/\",\"name\":\"K.GE Servi\u00e7o t\u00e9cnico oficial - EG-REEDS\",\"isPartOf\":{\"@id\":\"https:\\\/\\\/eg-reeds.com\\\/pt-pt\\\/#website\"},\"datePublished\":\"2015-05-26T09:38:50+00:00\",\"dateModified\":\"2024-10-31T08:59:30+00:00\",\"description\":\"Servi\u00e7o t\u00e9cnico oficial autorizado pela K.GE para Portugal.Para entrar em contato conosco, escreva para info@eg-reeds.com\",\"breadcrumb\":{\"@id\":\"https:\\\/\\\/eg-reeds.com\\\/pt-pt\\\/k-ge-servico-tecnico-oficial\\\/#breadcrumb\"},\"inLanguage\":\"pt-PT\",\"potentialAction\":[{\"@type\":\"ReadAction\",\"target\":[\"https:\\\/\\\/eg-reeds.com\\\/pt-pt\\\/k-ge-servico-tecnico-oficial\\\/\"]}]},{\"@type\":\"BreadcrumbList\",\"@id\":\"https:\\\/\\\/eg-reeds.com\\\/pt-pt\\\/k-ge-servico-tecnico-oficial\\\/#breadcrumb\",\"itemListElement\":[{\"@type\":\"ListItem\",\"position\":1,\"name\":\"Startseite\",\"item\":\"https:\\\/\\\/eg-reeds.com\\\/pt-pt\\\/\"},{\"@type\":\"ListItem\",\"position\":2,\"name\":\"K.GE Servi\u00e7o t\u00e9cnico oficial\"}]},{\"@type\":\"WebSite\",\"@id\":\"https:\\\/\\\/eg-reeds.com\\\/pt-pt\\\/#website\",\"url\":\"https:\\\/\\\/eg-reeds.com\\\/pt-pt\\\/\",\"name\":\"www.eg-reeds.com\",\"description\":\"Palhetas obo\u00e9\",\"publisher\":{\"@id\":\"https:\\\/\\\/eg-reeds.com\\\/pt-pt\\\/#organization\"},\"alternateName\":\"eg-reeds.com\",\"potentialAction\":[{\"@type\":\"SearchAction\",\"target\":{\"@type\":\"EntryPoint\",\"urlTemplate\":\"https:\\\/\\\/eg-reeds.com\\\/pt-pt\\\/?s={search_term_string}\"},\"query-input\":{\"@type\":\"PropertyValueSpecification\",\"valueRequired\":true,\"valueName\":\"search_term_string\"}}],\"inLanguage\":\"pt-PT\"},{\"@type\":\"Organization\",\"@id\":\"https:\\\/\\\/eg-reeds.com\\\/pt-pt\\\/#organization\",\"name\":\"www.eg-reeds.com\",\"url\":\"https:\\\/\\\/eg-reeds.com\\\/pt-pt\\\/\",\"logo\":{\"@type\":\"ImageObject\",\"inLanguage\":\"pt-PT\",\"@id\":\"https:\\\/\\\/eg-reeds.com\\\/pt-pt\\\/#\\\/schema\\\/logo\\\/image\\\/\",\"url\":\"https:\\\/\\\/eg-reeds.com\\\/wp-content\\\/uploads\\\/2024\\\/06\\\/Logo-scaled-e1718793906611.jpg\",\"contentUrl\":\"https:\\\/\\\/eg-reeds.com\\\/wp-content\\\/uploads\\\/2024\\\/06\\\/Logo-scaled-e1718793906611.jpg\",\"width\":1200,\"height\":493,\"caption\":\"www.eg-reeds.com\"},\"image\":{\"@id\":\"https:\\\/\\\/eg-reeds.com\\\/pt-pt\\\/#\\\/schema\\\/logo\\\/image\\\/\"},\"sameAs\":[\"https:\\\/\\\/www.facebook.com\\\/EGREEDS\",\"https:\\\/\\\/x.com\\\/egreeds\",\"https:\\\/\\\/www.instagram.com\\\/egreeds\\\/\",\"https:\\\/\\\/www.youtube.com\\\/c\\\/EGREEDS\",\"https:\\\/\\\/www.threads.net\\\/@egreeds\",\"https:\\\/\\\/www.tiktok.com\\\/@egreeds\"]}]}<\/script>\n<!-- \/ Yoast SEO Premium plugin. -->","yoast_head_json":{"title":"K.GE Servi\u00e7o t\u00e9cnico oficial - EG-REEDS","description":"Servi\u00e7o t\u00e9cnico oficial autorizado pela K.GE para Portugal.Para entrar em contato conosco, escreva para info@eg-reeds.com","robots":{"index":"index","follow":"follow","max-snippet":"max-snippet:-1","max-image-preview":"max-image-preview:large","max-video-preview":"max-video-preview:-1"},"canonical":"https:\/\/eg-reeds.com\/pt-pt\/k-ge-servico-tecnico-oficial\/","og_locale":"pt_PT","og_type":"article","og_title":"K.GE Servi\u00e7o t\u00e9cnico oficial","og_description":"Servi\u00e7o t\u00e9cnico oficial autorizado pela K.GE para Portugal.Para entrar em contato conosco, escreva para info@eg-reeds.com","og_url":"https:\/\/eg-reeds.com\/pt-pt\/k-ge-servico-tecnico-oficial\/","og_site_name":"EG-REEDS","article_publisher":"https:\/\/www.facebook.com\/EGREEDS","article_modified_time":"2024-10-31T08:59:30+00:00","og_image":[{"width":2560,"height":1010,"url":"https:\/\/eg-reeds.com\/wp-content\/uploads\/2018\/11\/EG-REEDS-Oboe-reeds-shop-scaled.jpg","type":"image\/jpeg"}],"twitter_card":"summary_large_image","twitter_site":"@egreeds","twitter_misc":{"Tempo estimado de leitura":"1 minute"},"schema":{"@context":"https:\/\/schema.org","@graph":[{"@type":"WebPage","@id":"https:\/\/eg-reeds.com\/pt-pt\/k-ge-servico-tecnico-oficial\/","url":"https:\/\/eg-reeds.com\/pt-pt\/k-ge-servico-tecnico-oficial\/","name":"K.GE Servi\u00e7o t\u00e9cnico oficial - EG-REEDS","isPartOf":{"@id":"https:\/\/eg-reeds.com\/pt-pt\/#website"},"datePublished":"2015-05-26T09:38:50+00:00","dateModified":"2024-10-31T08:59:30+00:00","description":"Servi\u00e7o t\u00e9cnico oficial autorizado pela K.GE para Portugal.Para entrar em contato conosco, escreva para info@eg-reeds.com","breadcrumb":{"@id":"https:\/\/eg-reeds.com\/pt-pt\/k-ge-servico-tecnico-oficial\/#breadcrumb"},"inLanguage":"pt-PT","potentialAction":[{"@type":"ReadAction","target":["https:\/\/eg-reeds.com\/pt-pt\/k-ge-servico-tecnico-oficial\/"]}]},{"@type":"BreadcrumbList","@id":"https:\/\/eg-reeds.com\/pt-pt\/k-ge-servico-tecnico-oficial\/#breadcrumb","itemListElement":[{"@type":"ListItem","position":1,"name":"Startseite","item":"https:\/\/eg-reeds.com\/pt-pt\/"},{"@type":"ListItem","position":2,"name":"K.GE Servi\u00e7o t\u00e9cnico oficial"}]},{"@type":"WebSite","@id":"https:\/\/eg-reeds.com\/pt-pt\/#website","url":"https:\/\/eg-reeds.com\/pt-pt\/","name":"www.eg-reeds.com","description":"Palhetas obo\u00e9","publisher":{"@id":"https:\/\/eg-reeds.com\/pt-pt\/#organization"},"alternateName":"eg-reeds.com","potentialAction":[{"@type":"SearchAction","target":{"@type":"EntryPoint","urlTemplate":"https:\/\/eg-reeds.com\/pt-pt\/?s={search_term_string}"},"query-input":{"@type":"PropertyValueSpecification","valueRequired":true,"valueName":"search_term_string"}}],"inLanguage":"pt-PT"},{"@type":"Organization","@id":"https:\/\/eg-reeds.com\/pt-pt\/#organization","name":"www.eg-reeds.com","url":"https:\/\/eg-reeds.com\/pt-pt\/","logo":{"@type":"ImageObject","inLanguage":"pt-PT","@id":"https:\/\/eg-reeds.com\/pt-pt\/#\/schema\/logo\/image\/","url":"https:\/\/eg-reeds.com\/wp-content\/uploads\/2024\/06\/Logo-scaled-e1718793906611.jpg","contentUrl":"https:\/\/eg-reeds.com\/wp-content\/uploads\/2024\/06\/Logo-scaled-e1718793906611.jpg","width":1200,"height":493,"caption":"www.eg-reeds.com"},"image":{"@id":"https:\/\/eg-reeds.com\/pt-pt\/#\/schema\/logo\/image\/"},"sameAs":["https:\/\/www.facebook.com\/EGREEDS","https:\/\/x.com\/egreeds","https:\/\/www.instagram.com\/egreeds\/","https:\/\/www.youtube.com\/c\/EGREEDS","https:\/\/www.threads.net\/@egreeds","https:\/\/www.tiktok.com\/@egreeds"]}]}},"_links":{"self":[{"href":"https:\/\/eg-reeds.com\/pt-pt\/wp-json\/wp\/v2\/pages\/4403","targetHints":{"allow":["GET"]}}],"collection":[{"href":"https:\/\/eg-reeds.com\/pt-pt\/wp-json\/wp\/v2\/pages"}],"about":[{"href":"https:\/\/eg-reeds.com\/pt-pt\/wp-json\/wp\/v2\/types\/page"}],"author":[{"embeddable":true,"href":"https:\/\/eg-reeds.com\/pt-pt\/wp-json\/wp\/v2\/users\/1"}],"replies":[{"embeddable":true,"href":"https:\/\/eg-reeds.com\/pt-pt\/wp-json\/wp\/v2\/comments?post=4403"}],"version-history":[{"count":0,"href":"https:\/\/eg-reeds.com\/pt-pt\/wp-json\/wp\/v2\/pages\/4403\/revisions"}],"wp:attachment":[{"href":"https:\/\/eg-reeds.com\/pt-pt\/wp-json\/wp\/v2\/media?parent=4403"}],"curies":[{"name":"wp","href":"https:\/\/api.w.org\/{rel}","templated":true}]}}