{"id":13284,"date":"2015-09-16T12:50:43","date_gmt":"2015-09-16T10:50:43","guid":{"rendered":""},"modified":"2017-01-17T13:46:39","modified_gmt":"2017-01-17T13:46:39","slug":"fio-branco-para-palhetas","status":"publish","type":"product","link":"https:\/\/eg-reeds.com\/pt-pt\/shop\/acessorios\/fio\/fio-branco-para-palhetas\/","title":{"rendered":"Fio branco para palhetas"},"content":{"rendered":"<h4><strong>Fio branco para palhetas.<\/strong><\/h4>\n<p>100% nylon com um di\u00e2metro de 0,30 mil\u00edmetros. 250 metros. Dispon\u00edvel em uma variedade de cores para escolher.<\/p>\n","protected":false},"excerpt":{"rendered":"<p>Fio branco para palhetas. 100% nylon com um di\u00e2metro de 0,30 mil\u00edmetros. 250 metros. Dispon\u00edvel em uma variedade de cores para escolher.<\/p>\n","protected":false},"featured_media":24141,"comment_status":"open","ping_status":"closed","template":"","meta":[],"product_brand":[],"product_cat":[1422,423],"product_tag":[],"giftcard-category":[],"class_list":{"0":"post-13284","1":"product","2":"type-product","3":"status-publish","4":"has-post-thumbnail","6":"product_cat-acessorios","7":"product_cat-fio","9":"first","10":"instock","11":"taxable","12":"shipping-taxable","13":"purchasable","14":"product-type-simple"},"yoast_head":"<!-- This site is optimized with the Yoast SEO Premium plugin v27.0 (Yoast SEO v27.2) - https:\/\/yoast.com\/product\/yoast-seo-premium-wordpress\/ -->\n<title>Fio branco para palhetas - EG-REEDS<\/title>\n<meta name=\"description\" content=\"Fio branco para palhetas, fio, fio obo\u00e9, fio palhetas obo\u00e9, obo\u00e9, palhetas, corne ingl\u00eas, fio corne ingl\u00eas, fio palhetas corne ingl\u00eas\" \/>\n<meta name=\"robots\" content=\"index, follow, max-snippet:-1, max-image-preview:large, max-video-preview:-1\" \/>\n<link rel=\"canonical\" href=\"https:\/\/eg-reeds.com\/pt-pt\/shop\/acessorios\/fio\/fio-branco-para-palhetas\/\" \/>\n<meta property=\"og:locale\" content=\"pt_PT\" \/>\n<meta property=\"og:type\" content=\"article\" \/>\n<meta property=\"og:title\" content=\"Fio branco para palhetas\" \/>\n<meta property=\"og:description\" content=\"Fio branco para palhetas, fio, fio obo\u00e9, fio palhetas obo\u00e9, obo\u00e9, palhetas, corne ingl\u00eas, fio corne ingl\u00eas, fio palhetas corne ingl\u00eas\" \/>\n<meta property=\"og:url\" content=\"https:\/\/eg-reeds.com\/pt-pt\/shop\/acessorios\/fio\/fio-branco-para-palhetas\/\" \/>\n<meta property=\"og:site_name\" content=\"EG-REEDS\" \/>\n<meta property=\"article:publisher\" content=\"https:\/\/www.facebook.com\/EGREEDS\" \/>\n<meta property=\"article:modified_time\" content=\"2017-01-17T13:46:39+00:00\" \/>\n<meta property=\"og:image\" content=\"https:\/\/eg-reeds.com\/wp-content\/uploads\/2017\/01\/White-thread-for-reeds.jpg\" \/>\n\t<meta property=\"og:image:width\" content=\"640\" \/>\n\t<meta property=\"og:image:height\" content=\"544\" \/>\n\t<meta property=\"og:image:type\" content=\"image\/jpeg\" \/>\n<meta name=\"twitter:card\" content=\"summary_large_image\" \/>\n<meta name=\"twitter:site\" content=\"@egreeds\" \/>\n<meta name=\"twitter:label1\" content=\"pre\u00e7o\" \/>\n\t<meta name=\"twitter:data1\" content=\"9,90&euro;\" \/>\n\t<meta name=\"twitter:label2\" content=\"Disponibilidade\" \/>\n\t<meta name=\"twitter:data2\" content=\"Em stock\" \/>\n<script type=\"application\/ld+json\" class=\"yoast-schema-graph\">{\"@context\":\"https:\/\/schema.org\",\"@graph\":[{\"@type\":[\"WebPage\",\"ItemPage\"],\"@id\":\"https:\/\/eg-reeds.com\/pt-pt\/shop\/acessorios\/fio\/fio-branco-para-palhetas\/\",\"url\":\"https:\/\/eg-reeds.com\/pt-pt\/shop\/acessorios\/fio\/fio-branco-para-palhetas\/\",\"name\":\"Fio branco para palhetas - EG-REEDS\",\"isPartOf\":{\"@id\":\"https:\/\/eg-reeds.com\/pt-pt\/#website\"},\"primaryImageOfPage\":{\"@id\":\"https:\/\/eg-reeds.com\/pt-pt\/shop\/acessorios\/fio\/fio-branco-para-palhetas\/#primaryimage\"},\"image\":{\"@id\":\"https:\/\/eg-reeds.com\/pt-pt\/shop\/acessorios\/fio\/fio-branco-para-palhetas\/#primaryimage\"},\"thumbnailUrl\":\"https:\/\/eg-reeds.com\/wp-content\/uploads\/2017\/01\/White-thread-for-reeds.jpg\",\"datePublished\":\"2015-09-16T10:50:43+00:00\",\"dateModified\":\"2017-01-17T13:46:39+00:00\",\"description\":\"Fio branco para palhetas, fio, fio obo\u00e9, fio palhetas obo\u00e9, obo\u00e9, palhetas, corne ingl\u00eas, fio corne ingl\u00eas, fio palhetas corne ingl\u00eas\",\"breadcrumb\":{\"@id\":\"https:\/\/eg-reeds.com\/pt-pt\/shop\/acessorios\/fio\/fio-branco-para-palhetas\/#breadcrumb\"},\"inLanguage\":\"pt-PT\",\"potentialAction\":[{\"@type\":\"ReadAction\",\"target\":[\"https:\/\/eg-reeds.com\/pt-pt\/shop\/acessorios\/fio\/fio-branco-para-palhetas\/\"]}]},{\"@type\":\"ImageObject\",\"inLanguage\":\"pt-PT\",\"@id\":\"https:\/\/eg-reeds.com\/pt-pt\/shop\/acessorios\/fio\/fio-branco-para-palhetas\/#primaryimage\",\"url\":\"https:\/\/eg-reeds.com\/wp-content\/uploads\/2017\/01\/White-thread-for-reeds.jpg\",\"contentUrl\":\"https:\/\/eg-reeds.com\/wp-content\/uploads\/2017\/01\/White-thread-for-reeds.jpg\",\"width\":640,\"height\":544,\"caption\":\"fio braco palhetas\"},{\"@type\":\"BreadcrumbList\",\"@id\":\"https:\/\/eg-reeds.com\/pt-pt\/shop\/acessorios\/fio\/fio-branco-para-palhetas\/#breadcrumb\",\"itemListElement\":[{\"@type\":\"ListItem\",\"position\":1,\"name\":\"Startseite\",\"item\":\"https:\/\/eg-reeds.com\/pt-pt\/\"},{\"@type\":\"ListItem\",\"position\":2,\"name\":\"Loja\",\"item\":\"https:\/\/eg-reeds.com\/pt-pt\/\"},{\"@type\":\"ListItem\",\"position\":3,\"name\":\"Fio branco para palhetas\"}]},{\"@type\":\"WebSite\",\"@id\":\"https:\/\/eg-reeds.com\/pt-pt\/#website\",\"url\":\"https:\/\/eg-reeds.com\/pt-pt\/\",\"name\":\"www.eg-reeds.com\",\"description\":\"Palhetas obo\u00e9\",\"publisher\":{\"@id\":\"https:\/\/eg-reeds.com\/pt-pt\/#organization\"},\"alternateName\":\"eg-reeds.com\",\"potentialAction\":[{\"@type\":\"SearchAction\",\"target\":{\"@type\":\"EntryPoint\",\"urlTemplate\":\"https:\/\/eg-reeds.com\/pt-pt\/?s={search_term_string}\"},\"query-input\":{\"@type\":\"PropertyValueSpecification\",\"valueRequired\":true,\"valueName\":\"search_term_string\"}}],\"inLanguage\":\"pt-PT\"},{\"@type\":\"Organization\",\"@id\":\"https:\/\/eg-reeds.com\/pt-pt\/#organization\",\"name\":\"www.eg-reeds.com\",\"url\":\"https:\/\/eg-reeds.com\/pt-pt\/\",\"logo\":{\"@type\":\"ImageObject\",\"inLanguage\":\"pt-PT\",\"@id\":\"https:\/\/eg-reeds.com\/pt-pt\/#\/schema\/logo\/image\/\",\"url\":\"https:\/\/eg-reeds.com\/wp-content\/uploads\/2024\/06\/Logo-scaled-e1718793906611.jpg\",\"contentUrl\":\"https:\/\/eg-reeds.com\/wp-content\/uploads\/2024\/06\/Logo-scaled-e1718793906611.jpg\",\"width\":1200,\"height\":493,\"caption\":\"www.eg-reeds.com\"},\"image\":{\"@id\":\"https:\/\/eg-reeds.com\/pt-pt\/#\/schema\/logo\/image\/\"},\"sameAs\":[\"https:\/\/www.facebook.com\/EGREEDS\",\"https:\/\/x.com\/egreeds\",\"https:\/\/www.instagram.com\/egreeds\/\",\"https:\/\/www.youtube.com\/c\/EGREEDS\",\"https:\/\/www.threads.net\/@egreeds\",\"https:\/\/www.tiktok.com\/@egreeds\"]}]}<\/script>\n<meta property=\"product:price:amount\" content=\"9.90\" \/>\n<meta property=\"product:price:currency\" content=\"EUR\" \/>\n<meta property=\"og:availability\" content=\"instock\" \/>\n<meta property=\"product:availability\" content=\"instock\" \/>\n<meta property=\"product:retailer_item_id\" content=\"ACHB\" \/>\n<meta property=\"product:condition\" content=\"new\" \/>\n<!-- \/ Yoast SEO Premium plugin. -->","yoast_head_json":{"title":"Fio branco para palhetas - EG-REEDS","description":"Fio branco para palhetas, fio, fio obo\u00e9, fio palhetas obo\u00e9, obo\u00e9, palhetas, corne ingl\u00eas, fio corne ingl\u00eas, fio palhetas corne ingl\u00eas","robots":{"index":"index","follow":"follow","max-snippet":"max-snippet:-1","max-image-preview":"max-image-preview:large","max-video-preview":"max-video-preview:-1"},"canonical":"https:\/\/eg-reeds.com\/pt-pt\/shop\/acessorios\/fio\/fio-branco-para-palhetas\/","og_locale":"pt_PT","og_type":"article","og_title":"Fio branco para palhetas","og_description":"Fio branco para palhetas, fio, fio obo\u00e9, fio palhetas obo\u00e9, obo\u00e9, palhetas, corne ingl\u00eas, fio corne ingl\u00eas, fio palhetas corne ingl\u00eas","og_url":"https:\/\/eg-reeds.com\/pt-pt\/shop\/acessorios\/fio\/fio-branco-para-palhetas\/","og_site_name":"EG-REEDS","article_publisher":"https:\/\/www.facebook.com\/EGREEDS","article_modified_time":"2017-01-17T13:46:39+00:00","og_image":[{"width":640,"height":544,"url":"https:\/\/eg-reeds.com\/wp-content\/uploads\/2017\/01\/White-thread-for-reeds.jpg","type":"image\/jpeg"}],"twitter_card":"summary_large_image","twitter_site":"@egreeds","twitter_misc":{"pre\u00e7o":"9,90&euro;","Disponibilidade":"Em stock"},"schema":{"@context":"https:\/\/schema.org","@graph":[{"@type":["WebPage","ItemPage"],"@id":"https:\/\/eg-reeds.com\/pt-pt\/shop\/acessorios\/fio\/fio-branco-para-palhetas\/","url":"https:\/\/eg-reeds.com\/pt-pt\/shop\/acessorios\/fio\/fio-branco-para-palhetas\/","name":"Fio branco para palhetas - EG-REEDS","isPartOf":{"@id":"https:\/\/eg-reeds.com\/pt-pt\/#website"},"primaryImageOfPage":{"@id":"https:\/\/eg-reeds.com\/pt-pt\/shop\/acessorios\/fio\/fio-branco-para-palhetas\/#primaryimage"},"image":{"@id":"https:\/\/eg-reeds.com\/pt-pt\/shop\/acessorios\/fio\/fio-branco-para-palhetas\/#primaryimage"},"thumbnailUrl":"https:\/\/eg-reeds.com\/wp-content\/uploads\/2017\/01\/White-thread-for-reeds.jpg","datePublished":"2015-09-16T10:50:43+00:00","dateModified":"2017-01-17T13:46:39+00:00","description":"Fio branco para palhetas, fio, fio obo\u00e9, fio palhetas obo\u00e9, obo\u00e9, palhetas, corne ingl\u00eas, fio corne ingl\u00eas, fio palhetas corne ingl\u00eas","breadcrumb":{"@id":"https:\/\/eg-reeds.com\/pt-pt\/shop\/acessorios\/fio\/fio-branco-para-palhetas\/#breadcrumb"},"inLanguage":"pt-PT","potentialAction":[{"@type":"ReadAction","target":["https:\/\/eg-reeds.com\/pt-pt\/shop\/acessorios\/fio\/fio-branco-para-palhetas\/"]}]},{"@type":"ImageObject","inLanguage":"pt-PT","@id":"https:\/\/eg-reeds.com\/pt-pt\/shop\/acessorios\/fio\/fio-branco-para-palhetas\/#primaryimage","url":"https:\/\/eg-reeds.com\/wp-content\/uploads\/2017\/01\/White-thread-for-reeds.jpg","contentUrl":"https:\/\/eg-reeds.com\/wp-content\/uploads\/2017\/01\/White-thread-for-reeds.jpg","width":640,"height":544,"caption":"fio braco palhetas"},{"@type":"BreadcrumbList","@id":"https:\/\/eg-reeds.com\/pt-pt\/shop\/acessorios\/fio\/fio-branco-para-palhetas\/#breadcrumb","itemListElement":[{"@type":"ListItem","position":1,"name":"Startseite","item":"https:\/\/eg-reeds.com\/pt-pt\/"},{"@type":"ListItem","position":2,"name":"Loja","item":"https:\/\/eg-reeds.com\/pt-pt\/"},{"@type":"ListItem","position":3,"name":"Fio branco para palhetas"}]},{"@type":"WebSite","@id":"https:\/\/eg-reeds.com\/pt-pt\/#website","url":"https:\/\/eg-reeds.com\/pt-pt\/","name":"www.eg-reeds.com","description":"Palhetas obo\u00e9","publisher":{"@id":"https:\/\/eg-reeds.com\/pt-pt\/#organization"},"alternateName":"eg-reeds.com","potentialAction":[{"@type":"SearchAction","target":{"@type":"EntryPoint","urlTemplate":"https:\/\/eg-reeds.com\/pt-pt\/?s={search_term_string}"},"query-input":{"@type":"PropertyValueSpecification","valueRequired":true,"valueName":"search_term_string"}}],"inLanguage":"pt-PT"},{"@type":"Organization","@id":"https:\/\/eg-reeds.com\/pt-pt\/#organization","name":"www.eg-reeds.com","url":"https:\/\/eg-reeds.com\/pt-pt\/","logo":{"@type":"ImageObject","inLanguage":"pt-PT","@id":"https:\/\/eg-reeds.com\/pt-pt\/#\/schema\/logo\/image\/","url":"https:\/\/eg-reeds.com\/wp-content\/uploads\/2024\/06\/Logo-scaled-e1718793906611.jpg","contentUrl":"https:\/\/eg-reeds.com\/wp-content\/uploads\/2024\/06\/Logo-scaled-e1718793906611.jpg","width":1200,"height":493,"caption":"www.eg-reeds.com"},"image":{"@id":"https:\/\/eg-reeds.com\/pt-pt\/#\/schema\/logo\/image\/"},"sameAs":["https:\/\/www.facebook.com\/EGREEDS","https:\/\/x.com\/egreeds","https:\/\/www.instagram.com\/egreeds\/","https:\/\/www.youtube.com\/c\/EGREEDS","https:\/\/www.threads.net\/@egreeds","https:\/\/www.tiktok.com\/@egreeds"]}]},"product_price_amount":"9.90","product_price_currency":"EUR","og_availability":"instock","product_availability":"instock","product_retailer_item_id":"ACHB","product_condition":"new"},"_links":{"self":[{"href":"https:\/\/eg-reeds.com\/pt-pt\/wp-json\/wp\/v2\/product\/13284","targetHints":{"allow":["GET"]}}],"collection":[{"href":"https:\/\/eg-reeds.com\/pt-pt\/wp-json\/wp\/v2\/product"}],"about":[{"href":"https:\/\/eg-reeds.com\/pt-pt\/wp-json\/wp\/v2\/types\/product"}],"replies":[{"embeddable":true,"href":"https:\/\/eg-reeds.com\/pt-pt\/wp-json\/wp\/v2\/comments?post=13284"}],"wp:featuredmedia":[{"embeddable":true,"href":"https:\/\/eg-reeds.com\/pt-pt\/wp-json\/wp\/v2\/media\/24141"}],"wp:attachment":[{"href":"https:\/\/eg-reeds.com\/pt-pt\/wp-json\/wp\/v2\/media?parent=13284"}],"wp:term":[{"taxonomy":"product_brand","embeddable":true,"href":"https:\/\/eg-reeds.com\/pt-pt\/wp-json\/wp\/v2\/product_brand?post=13284"},{"taxonomy":"product_cat","embeddable":true,"href":"https:\/\/eg-reeds.com\/pt-pt\/wp-json\/wp\/v2\/product_cat?post=13284"},{"taxonomy":"product_tag","embeddable":true,"href":"https:\/\/eg-reeds.com\/pt-pt\/wp-json\/wp\/v2\/product_tag?post=13284"},{"taxonomy":"giftcard-category","embeddable":true,"href":"https:\/\/eg-reeds.com\/pt-pt\/wp-json\/wp\/v2\/giftcard-category?post=13284"}],"curies":[{"name":"wp","href":"https:\/\/api.w.org\/{rel}","templated":true}]}}