{"id":17395,"date":"2015-11-23T19:22:24","date_gmt":"2015-11-23T18:22:24","guid":{"rendered":"http:\/\/eg-reeds.com\/pt-pt\/shop\/acessorios-pt-pt\/reed-making-folding-knife-chiarugi\/"},"modified":"2025-04-01T09:25:36","modified_gmt":"2025-04-01T08:25:36","slug":"faca-profissional-dobravel-chiarugi","status":"publish","type":"product","link":"https:\/\/eg-reeds.com\/pt-pt\/shop\/acessorios\/facas\/faca-profissional-dobravel-chiarugi\/","title":{"rendered":"Faca profissional dobr\u00e1vel Chiarugi"},"content":{"rendered":"<h1><strong>Faca profissional dobr\u00e1vel Chiarugi.<\/strong><\/h1>\n<p>Faca profissional dobr\u00e1vel Chiarugi. Concebida para obo\u00edstas como tu, que n\u00e3o se contentam com menos, esta faca combina a precis\u00e3o milim\u00e9trica da sua l\u00e2mina em a\u00e7o inoxid\u00e1vel de alta qualidade com o conforto e a seguran\u00e7a de um design dobr\u00e1vel.<\/p>\n<p><strong>Caracter\u00edsticas que fazem a diferen\u00e7a:<\/strong><\/p>\n<ul>\n<li><strong>Afiamento de precis\u00e3o cir\u00fargica:<\/strong> Permite uma raspagem limpa e precisa.<\/li>\n<li><strong>A\u00e7o inoxid\u00e1vel de alta resist\u00eancia:<\/strong> Durabilidade e corte prolongado.<\/li>\n<li><strong>Design seguro e dobr\u00e1vel:<\/strong> L\u00e2mina dobr\u00e1vel para portabilidade sem riscos \u2014 ideal para obo\u00edstas em movimento.<\/li>\n<li><strong>Cabo ergon\u00f3mico:<\/strong> Pegada segura e confort\u00e1vel.<\/li>\n<li><strong>Chiarugi, um nome que \u00e9 sin\u00f3nimo de excel\u00eancia:<\/strong> Uma marca de renome mundial.<\/li>\n<\/ul>\n<p>N\u00e3o percas a tua faca dobr\u00e1vel. Compra j\u00e1!<\/p>\n<p>&nbsp;<\/p>\n<div>Procuras outro modelo de faca? Consulta <a href=\"https:\/\/eg-reeds.com\/pt-pt\/categoria-produto\/acessorios\/facas\/\" target=\"_blank\" rel=\"noopener\"><strong>todas as facas dispon\u00edveis aqui<\/strong><\/a>.<\/div>\n","protected":false},"excerpt":{"rendered":"<p>Faca profissional dobr\u00e1vel Chiarugi. Faca profissional dobr\u00e1vel Chiarugi. Concebida para obo\u00edstas como tu, que n\u00e3o se contentam com menos, esta faca combina a precis\u00e3o milim\u00e9trica da sua l\u00e2mina em a\u00e7o inoxid\u00e1vel de alta qualidade com o conforto e a seguran\u00e7a de um design dobr\u00e1vel. Caracter\u00edsticas que fazem a diferen\u00e7a: Afiamento de precis\u00e3o cir\u00fargica: Permite uma [&#8230;]\n","protected":false},"featured_media":23464,"comment_status":"open","ping_status":"closed","template":"","meta":[],"product_brand":[],"product_cat":[1422,1488],"product_tag":[],"giftcard-category":[],"class_list":{"0":"post-17395","1":"product","2":"type-product","3":"status-publish","4":"has-post-thumbnail","6":"product_cat-acessorios","7":"product_cat-facas","9":"first","10":"instock","11":"taxable","12":"shipping-taxable","13":"purchasable","14":"product-type-simple"},"yoast_head":"<!-- This site is optimized with the Yoast SEO Premium plugin v27.0 (Yoast SEO v27.3) - https:\/\/yoast.com\/product\/yoast-seo-premium-wordpress\/ -->\n<title>Faca profissional dobr\u00e1vel Chiarugi - EG-REEDS<\/title>\n<meta name=\"description\" content=\"Faca profissional dobr\u00e1vel Chiarugi, combina a precis\u00e3o milim\u00e9trica da sua l\u00e2mina em a\u00e7o inoxid\u00e1vel de alta qualidade com o conforto de um design dobr\u00e1vel.\" \/>\n<meta name=\"robots\" content=\"index, follow, max-snippet:-1, max-image-preview:large, max-video-preview:-1\" \/>\n<link rel=\"canonical\" href=\"https:\/\/eg-reeds.com\/pt-pt\/shop\/acessorios\/facas\/faca-profissional-dobravel-chiarugi\/\" \/>\n<meta property=\"og:locale\" content=\"pt_PT\" \/>\n<meta property=\"og:type\" content=\"article\" \/>\n<meta property=\"og:title\" content=\"Faca profissional dobr\u00e1vel Chiarugi\" \/>\n<meta property=\"og:description\" content=\"Faca profissional dobr\u00e1vel Chiarugi, combina a precis\u00e3o milim\u00e9trica da sua l\u00e2mina em a\u00e7o inoxid\u00e1vel de alta qualidade com o conforto de um design dobr\u00e1vel.\" \/>\n<meta property=\"og:url\" content=\"https:\/\/eg-reeds.com\/pt-pt\/shop\/acessorios\/facas\/faca-profissional-dobravel-chiarugi\/\" \/>\n<meta property=\"og:site_name\" content=\"EG-REEDS\" \/>\n<meta property=\"article:publisher\" content=\"https:\/\/www.facebook.com\/EGREEDS\" \/>\n<meta property=\"article:modified_time\" content=\"2025-04-01T08:25:36+00:00\" \/>\n<meta property=\"og:image\" content=\"https:\/\/eg-reeds.com\/wp-content\/uploads\/2017\/01\/Folding-knife-Chiarugi.jpg\" \/>\n\t<meta property=\"og:image:width\" content=\"640\" \/>\n\t<meta property=\"og:image:height\" content=\"544\" \/>\n\t<meta property=\"og:image:type\" content=\"image\/jpeg\" \/>\n<meta name=\"twitter:card\" content=\"summary_large_image\" \/>\n<meta name=\"twitter:site\" content=\"@egreeds\" \/>\n<meta name=\"twitter:label1\" content=\"pre\u00e7o\" \/>\n\t<meta name=\"twitter:data1\" content=\"66,90&euro;\" \/>\n\t<meta name=\"twitter:label2\" content=\"Disponibilidade\" \/>\n\t<meta name=\"twitter:data2\" content=\"Em stock\" \/>\n<script type=\"application\/ld+json\" class=\"yoast-schema-graph\">{\"@context\":\"https:\\\/\\\/schema.org\",\"@graph\":[{\"@type\":[\"WebPage\",\"ItemPage\"],\"@id\":\"https:\\\/\\\/eg-reeds.com\\\/pt-pt\\\/shop\\\/acessorios\\\/facas\\\/faca-profissional-dobravel-chiarugi\\\/\",\"url\":\"https:\\\/\\\/eg-reeds.com\\\/pt-pt\\\/shop\\\/acessorios\\\/facas\\\/faca-profissional-dobravel-chiarugi\\\/\",\"name\":\"Faca profissional dobr\u00e1vel Chiarugi - EG-REEDS\",\"isPartOf\":{\"@id\":\"https:\\\/\\\/eg-reeds.com\\\/pt-pt\\\/#website\"},\"primaryImageOfPage\":{\"@id\":\"https:\\\/\\\/eg-reeds.com\\\/pt-pt\\\/shop\\\/acessorios\\\/facas\\\/faca-profissional-dobravel-chiarugi\\\/#primaryimage\"},\"image\":{\"@id\":\"https:\\\/\\\/eg-reeds.com\\\/pt-pt\\\/shop\\\/acessorios\\\/facas\\\/faca-profissional-dobravel-chiarugi\\\/#primaryimage\"},\"thumbnailUrl\":\"https:\\\/\\\/eg-reeds.com\\\/wp-content\\\/uploads\\\/2017\\\/01\\\/Folding-knife-Chiarugi.jpg\",\"datePublished\":\"2015-11-23T18:22:24+00:00\",\"dateModified\":\"2025-04-01T08:25:36+00:00\",\"description\":\"Faca profissional dobr\u00e1vel Chiarugi, combina a precis\u00e3o milim\u00e9trica da sua l\u00e2mina em a\u00e7o inoxid\u00e1vel de alta qualidade com o conforto de um design dobr\u00e1vel.\",\"breadcrumb\":{\"@id\":\"https:\\\/\\\/eg-reeds.com\\\/pt-pt\\\/shop\\\/acessorios\\\/facas\\\/faca-profissional-dobravel-chiarugi\\\/#breadcrumb\"},\"inLanguage\":\"pt-PT\",\"potentialAction\":[{\"@type\":\"ReadAction\",\"target\":[\"https:\\\/\\\/eg-reeds.com\\\/pt-pt\\\/shop\\\/acessorios\\\/facas\\\/faca-profissional-dobravel-chiarugi\\\/\"]}]},{\"@type\":\"ImageObject\",\"inLanguage\":\"pt-PT\",\"@id\":\"https:\\\/\\\/eg-reeds.com\\\/pt-pt\\\/shop\\\/acessorios\\\/facas\\\/faca-profissional-dobravel-chiarugi\\\/#primaryimage\",\"url\":\"https:\\\/\\\/eg-reeds.com\\\/wp-content\\\/uploads\\\/2017\\\/01\\\/Folding-knife-Chiarugi.jpg\",\"contentUrl\":\"https:\\\/\\\/eg-reeds.com\\\/wp-content\\\/uploads\\\/2017\\\/01\\\/Folding-knife-Chiarugi.jpg\",\"width\":640,\"height\":544,\"caption\":\"folding knife Chiarugi\"},{\"@type\":\"BreadcrumbList\",\"@id\":\"https:\\\/\\\/eg-reeds.com\\\/pt-pt\\\/shop\\\/acessorios\\\/facas\\\/faca-profissional-dobravel-chiarugi\\\/#breadcrumb\",\"itemListElement\":[{\"@type\":\"ListItem\",\"position\":1,\"name\":\"Startseite\",\"item\":\"https:\\\/\\\/eg-reeds.com\\\/pt-pt\\\/\"},{\"@type\":\"ListItem\",\"position\":2,\"name\":\"Loja\",\"item\":\"https:\\\/\\\/eg-reeds.com\\\/pt-pt\\\/\"},{\"@type\":\"ListItem\",\"position\":3,\"name\":\"Faca profissional dobr\u00e1vel Chiarugi\"}]},{\"@type\":\"WebSite\",\"@id\":\"https:\\\/\\\/eg-reeds.com\\\/pt-pt\\\/#website\",\"url\":\"https:\\\/\\\/eg-reeds.com\\\/pt-pt\\\/\",\"name\":\"www.eg-reeds.com\",\"description\":\"Palhetas obo\u00e9\",\"publisher\":{\"@id\":\"https:\\\/\\\/eg-reeds.com\\\/pt-pt\\\/#organization\"},\"alternateName\":\"eg-reeds.com\",\"potentialAction\":[{\"@type\":\"SearchAction\",\"target\":{\"@type\":\"EntryPoint\",\"urlTemplate\":\"https:\\\/\\\/eg-reeds.com\\\/pt-pt\\\/?s={search_term_string}\"},\"query-input\":{\"@type\":\"PropertyValueSpecification\",\"valueRequired\":true,\"valueName\":\"search_term_string\"}}],\"inLanguage\":\"pt-PT\"},{\"@type\":\"Organization\",\"@id\":\"https:\\\/\\\/eg-reeds.com\\\/pt-pt\\\/#organization\",\"name\":\"www.eg-reeds.com\",\"url\":\"https:\\\/\\\/eg-reeds.com\\\/pt-pt\\\/\",\"logo\":{\"@type\":\"ImageObject\",\"inLanguage\":\"pt-PT\",\"@id\":\"https:\\\/\\\/eg-reeds.com\\\/pt-pt\\\/#\\\/schema\\\/logo\\\/image\\\/\",\"url\":\"https:\\\/\\\/eg-reeds.com\\\/wp-content\\\/uploads\\\/2024\\\/06\\\/Logo-scaled-e1718793906611.jpg\",\"contentUrl\":\"https:\\\/\\\/eg-reeds.com\\\/wp-content\\\/uploads\\\/2024\\\/06\\\/Logo-scaled-e1718793906611.jpg\",\"width\":1200,\"height\":493,\"caption\":\"www.eg-reeds.com\"},\"image\":{\"@id\":\"https:\\\/\\\/eg-reeds.com\\\/pt-pt\\\/#\\\/schema\\\/logo\\\/image\\\/\"},\"sameAs\":[\"https:\\\/\\\/www.facebook.com\\\/EGREEDS\",\"https:\\\/\\\/x.com\\\/egreeds\",\"https:\\\/\\\/www.instagram.com\\\/egreeds\\\/\",\"https:\\\/\\\/www.youtube.com\\\/c\\\/EGREEDS\",\"https:\\\/\\\/www.threads.net\\\/@egreeds\",\"https:\\\/\\\/www.tiktok.com\\\/@egreeds\"]}]}<\/script>\n<meta property=\"product:price:amount\" content=\"66.90\" \/>\n<meta property=\"product:price:currency\" content=\"EUR\" \/>\n<meta property=\"og:availability\" content=\"instock\" \/>\n<meta property=\"product:availability\" content=\"instock\" \/>\n<meta property=\"product:retailer_item_id\" content=\"ACNNP\" \/>\n<meta property=\"product:condition\" content=\"new\" \/>\n<!-- \/ Yoast SEO Premium plugin. -->","yoast_head_json":{"title":"Faca profissional dobr\u00e1vel Chiarugi - EG-REEDS","description":"Faca profissional dobr\u00e1vel Chiarugi, combina a precis\u00e3o milim\u00e9trica da sua l\u00e2mina em a\u00e7o inoxid\u00e1vel de alta qualidade com o conforto de um design dobr\u00e1vel.","robots":{"index":"index","follow":"follow","max-snippet":"max-snippet:-1","max-image-preview":"max-image-preview:large","max-video-preview":"max-video-preview:-1"},"canonical":"https:\/\/eg-reeds.com\/pt-pt\/shop\/acessorios\/facas\/faca-profissional-dobravel-chiarugi\/","og_locale":"pt_PT","og_type":"article","og_title":"Faca profissional dobr\u00e1vel Chiarugi","og_description":"Faca profissional dobr\u00e1vel Chiarugi, combina a precis\u00e3o milim\u00e9trica da sua l\u00e2mina em a\u00e7o inoxid\u00e1vel de alta qualidade com o conforto de um design dobr\u00e1vel.","og_url":"https:\/\/eg-reeds.com\/pt-pt\/shop\/acessorios\/facas\/faca-profissional-dobravel-chiarugi\/","og_site_name":"EG-REEDS","article_publisher":"https:\/\/www.facebook.com\/EGREEDS","article_modified_time":"2025-04-01T08:25:36+00:00","og_image":[{"width":640,"height":544,"url":"https:\/\/eg-reeds.com\/wp-content\/uploads\/2017\/01\/Folding-knife-Chiarugi.jpg","type":"image\/jpeg"}],"twitter_card":"summary_large_image","twitter_site":"@egreeds","twitter_misc":{"pre\u00e7o":"66,90&euro;","Disponibilidade":"Em stock"},"schema":{"@context":"https:\/\/schema.org","@graph":[{"@type":["WebPage","ItemPage"],"@id":"https:\/\/eg-reeds.com\/pt-pt\/shop\/acessorios\/facas\/faca-profissional-dobravel-chiarugi\/","url":"https:\/\/eg-reeds.com\/pt-pt\/shop\/acessorios\/facas\/faca-profissional-dobravel-chiarugi\/","name":"Faca profissional dobr\u00e1vel Chiarugi - EG-REEDS","isPartOf":{"@id":"https:\/\/eg-reeds.com\/pt-pt\/#website"},"primaryImageOfPage":{"@id":"https:\/\/eg-reeds.com\/pt-pt\/shop\/acessorios\/facas\/faca-profissional-dobravel-chiarugi\/#primaryimage"},"image":{"@id":"https:\/\/eg-reeds.com\/pt-pt\/shop\/acessorios\/facas\/faca-profissional-dobravel-chiarugi\/#primaryimage"},"thumbnailUrl":"https:\/\/eg-reeds.com\/wp-content\/uploads\/2017\/01\/Folding-knife-Chiarugi.jpg","datePublished":"2015-11-23T18:22:24+00:00","dateModified":"2025-04-01T08:25:36+00:00","description":"Faca profissional dobr\u00e1vel Chiarugi, combina a precis\u00e3o milim\u00e9trica da sua l\u00e2mina em a\u00e7o inoxid\u00e1vel de alta qualidade com o conforto de um design dobr\u00e1vel.","breadcrumb":{"@id":"https:\/\/eg-reeds.com\/pt-pt\/shop\/acessorios\/facas\/faca-profissional-dobravel-chiarugi\/#breadcrumb"},"inLanguage":"pt-PT","potentialAction":[{"@type":"ReadAction","target":["https:\/\/eg-reeds.com\/pt-pt\/shop\/acessorios\/facas\/faca-profissional-dobravel-chiarugi\/"]}]},{"@type":"ImageObject","inLanguage":"pt-PT","@id":"https:\/\/eg-reeds.com\/pt-pt\/shop\/acessorios\/facas\/faca-profissional-dobravel-chiarugi\/#primaryimage","url":"https:\/\/eg-reeds.com\/wp-content\/uploads\/2017\/01\/Folding-knife-Chiarugi.jpg","contentUrl":"https:\/\/eg-reeds.com\/wp-content\/uploads\/2017\/01\/Folding-knife-Chiarugi.jpg","width":640,"height":544,"caption":"folding knife Chiarugi"},{"@type":"BreadcrumbList","@id":"https:\/\/eg-reeds.com\/pt-pt\/shop\/acessorios\/facas\/faca-profissional-dobravel-chiarugi\/#breadcrumb","itemListElement":[{"@type":"ListItem","position":1,"name":"Startseite","item":"https:\/\/eg-reeds.com\/pt-pt\/"},{"@type":"ListItem","position":2,"name":"Loja","item":"https:\/\/eg-reeds.com\/pt-pt\/"},{"@type":"ListItem","position":3,"name":"Faca profissional dobr\u00e1vel Chiarugi"}]},{"@type":"WebSite","@id":"https:\/\/eg-reeds.com\/pt-pt\/#website","url":"https:\/\/eg-reeds.com\/pt-pt\/","name":"www.eg-reeds.com","description":"Palhetas obo\u00e9","publisher":{"@id":"https:\/\/eg-reeds.com\/pt-pt\/#organization"},"alternateName":"eg-reeds.com","potentialAction":[{"@type":"SearchAction","target":{"@type":"EntryPoint","urlTemplate":"https:\/\/eg-reeds.com\/pt-pt\/?s={search_term_string}"},"query-input":{"@type":"PropertyValueSpecification","valueRequired":true,"valueName":"search_term_string"}}],"inLanguage":"pt-PT"},{"@type":"Organization","@id":"https:\/\/eg-reeds.com\/pt-pt\/#organization","name":"www.eg-reeds.com","url":"https:\/\/eg-reeds.com\/pt-pt\/","logo":{"@type":"ImageObject","inLanguage":"pt-PT","@id":"https:\/\/eg-reeds.com\/pt-pt\/#\/schema\/logo\/image\/","url":"https:\/\/eg-reeds.com\/wp-content\/uploads\/2024\/06\/Logo-scaled-e1718793906611.jpg","contentUrl":"https:\/\/eg-reeds.com\/wp-content\/uploads\/2024\/06\/Logo-scaled-e1718793906611.jpg","width":1200,"height":493,"caption":"www.eg-reeds.com"},"image":{"@id":"https:\/\/eg-reeds.com\/pt-pt\/#\/schema\/logo\/image\/"},"sameAs":["https:\/\/www.facebook.com\/EGREEDS","https:\/\/x.com\/egreeds","https:\/\/www.instagram.com\/egreeds\/","https:\/\/www.youtube.com\/c\/EGREEDS","https:\/\/www.threads.net\/@egreeds","https:\/\/www.tiktok.com\/@egreeds"]}]},"product_price_amount":"66.90","product_price_currency":"EUR","og_availability":"instock","product_availability":"instock","product_retailer_item_id":"ACNNP","product_condition":"new"},"_links":{"self":[{"href":"https:\/\/eg-reeds.com\/pt-pt\/wp-json\/wp\/v2\/product\/17395","targetHints":{"allow":["GET"]}}],"collection":[{"href":"https:\/\/eg-reeds.com\/pt-pt\/wp-json\/wp\/v2\/product"}],"about":[{"href":"https:\/\/eg-reeds.com\/pt-pt\/wp-json\/wp\/v2\/types\/product"}],"replies":[{"embeddable":true,"href":"https:\/\/eg-reeds.com\/pt-pt\/wp-json\/wp\/v2\/comments?post=17395"}],"wp:featuredmedia":[{"embeddable":true,"href":"https:\/\/eg-reeds.com\/pt-pt\/wp-json\/wp\/v2\/media\/23464"}],"wp:attachment":[{"href":"https:\/\/eg-reeds.com\/pt-pt\/wp-json\/wp\/v2\/media?parent=17395"}],"wp:term":[{"taxonomy":"product_brand","embeddable":true,"href":"https:\/\/eg-reeds.com\/pt-pt\/wp-json\/wp\/v2\/product_brand?post=17395"},{"taxonomy":"product_cat","embeddable":true,"href":"https:\/\/eg-reeds.com\/pt-pt\/wp-json\/wp\/v2\/product_cat?post=17395"},{"taxonomy":"product_tag","embeddable":true,"href":"https:\/\/eg-reeds.com\/pt-pt\/wp-json\/wp\/v2\/product_tag?post=17395"},{"taxonomy":"giftcard-category","embeddable":true,"href":"https:\/\/eg-reeds.com\/pt-pt\/wp-json\/wp\/v2\/giftcard-category?post=17395"}],"curies":[{"name":"wp","href":"https:\/\/api.w.org\/{rel}","templated":true}]}}