{"id":19163,"date":"2016-10-27T19:19:08","date_gmt":"2016-10-27T18:19:08","guid":{"rendered":"http:\/\/eg-reeds.com\/pt-pt\/?post_type=product&#038;p=19163"},"modified":"2020-01-25T11:21:52","modified_gmt":"2020-01-25T10:21:52","slug":"faca-de-ceramica-para-palhetas-de-oboe","status":"publish","type":"product","link":"https:\/\/eg-reeds.com\/pt-pt\/shop\/acessorios\/faca-de-ceramica-para-palhetas-de-oboe\/","title":{"rendered":"Faca de cer\u00e2mica para palhetas de obo\u00e9"},"content":{"rendered":"<h4><strong>Faca de cer\u00e2mica para palhetas de obo\u00e9.<\/strong><\/h4>\n<p>Faca de cer\u00e2mica para palhetas de obo\u00e9.<\/p>\n","protected":false},"excerpt":{"rendered":"<p>Faca de cer\u00e2mica para palhetas de obo\u00e9. Faca de cer\u00e2mica para palhetas de obo\u00e9.<\/p>\n","protected":false},"featured_media":30470,"comment_status":"open","ping_status":"closed","template":"","meta":[],"product_brand":[],"product_cat":[1422,1488],"product_tag":[],"giftcard-category":[],"class_list":{"0":"post-19163","1":"product","2":"type-product","3":"status-publish","4":"has-post-thumbnail","6":"product_cat-acessorios","7":"product_cat-facas","9":"first","10":"instock","11":"taxable","12":"shipping-taxable","13":"purchasable","14":"product-type-variable"},"yoast_head":"<!-- This site is optimized with the Yoast SEO Premium plugin v27.0 (Yoast SEO v27.2) - https:\/\/yoast.com\/product\/yoast-seo-premium-wordpress\/ -->\n<title>Faca de cer\u00e2mica para palhetas de obo\u00e9 - EG-REEDS<\/title>\n<meta name=\"description\" content=\"Faca de cer\u00e2mica para palhetas de obo\u00e9.\" \/>\n<meta name=\"robots\" content=\"index, follow, max-snippet:-1, max-image-preview:large, max-video-preview:-1\" \/>\n<link rel=\"canonical\" href=\"https:\/\/eg-reeds.com\/pt-pt\/shop\/acessorios\/faca-de-ceramica-para-palhetas-de-oboe\/\" \/>\n<meta property=\"og:locale\" content=\"pt_PT\" \/>\n<meta property=\"og:type\" content=\"article\" \/>\n<meta property=\"og:title\" content=\"Faca de cer\u00e2mica para palhetas de obo\u00e9\" \/>\n<meta property=\"og:description\" content=\"Faca de cer\u00e2mica para palhetas de obo\u00e9.\" \/>\n<meta property=\"og:url\" content=\"https:\/\/eg-reeds.com\/pt-pt\/shop\/acessorios\/faca-de-ceramica-para-palhetas-de-oboe\/\" \/>\n<meta property=\"og:site_name\" content=\"EG-REEDS\" \/>\n<meta property=\"article:publisher\" content=\"https:\/\/www.facebook.com\/EGREEDS\" \/>\n<meta property=\"article:modified_time\" content=\"2020-01-25T10:21:52+00:00\" \/>\n<meta property=\"og:image\" content=\"https:\/\/eg-reeds.com\/wp-content\/uploads\/2016\/10\/Ceramic-knife.jpg\" \/>\n\t<meta property=\"og:image:width\" content=\"1280\" \/>\n\t<meta property=\"og:image:height\" content=\"1088\" \/>\n\t<meta property=\"og:image:type\" content=\"image\/jpeg\" \/>\n<meta name=\"twitter:card\" content=\"summary_large_image\" \/>\n<meta name=\"twitter:site\" content=\"@egreeds\" \/>\n<meta name=\"twitter:label1\" content=\"Disponibilidade\" \/>\n\t<meta name=\"twitter:data1\" content=\"Em stock\" \/>\n<script type=\"application\/ld+json\" class=\"yoast-schema-graph\">{\"@context\":\"https:\/\/schema.org\",\"@graph\":[{\"@type\":[\"WebPage\",\"ItemPage\"],\"@id\":\"https:\/\/eg-reeds.com\/pt-pt\/shop\/acessorios\/faca-de-ceramica-para-palhetas-de-oboe\/\",\"url\":\"https:\/\/eg-reeds.com\/pt-pt\/shop\/acessorios\/faca-de-ceramica-para-palhetas-de-oboe\/\",\"name\":\"Faca de cer\u00e2mica para palhetas de obo\u00e9 - EG-REEDS\",\"isPartOf\":{\"@id\":\"https:\/\/eg-reeds.com\/pt-pt\/#website\"},\"primaryImageOfPage\":{\"@id\":\"https:\/\/eg-reeds.com\/pt-pt\/shop\/acessorios\/faca-de-ceramica-para-palhetas-de-oboe\/#primaryimage\"},\"image\":{\"@id\":\"https:\/\/eg-reeds.com\/pt-pt\/shop\/acessorios\/faca-de-ceramica-para-palhetas-de-oboe\/#primaryimage\"},\"thumbnailUrl\":\"https:\/\/eg-reeds.com\/wp-content\/uploads\/2016\/10\/Ceramic-knife.jpg\",\"datePublished\":\"2016-10-27T18:19:08+00:00\",\"dateModified\":\"2020-01-25T10:21:52+00:00\",\"description\":\"Faca de cer\u00e2mica para palhetas de obo\u00e9.\",\"breadcrumb\":{\"@id\":\"https:\/\/eg-reeds.com\/pt-pt\/shop\/acessorios\/faca-de-ceramica-para-palhetas-de-oboe\/#breadcrumb\"},\"inLanguage\":\"pt-PT\",\"potentialAction\":[{\"@type\":\"ReadAction\",\"target\":[\"https:\/\/eg-reeds.com\/pt-pt\/shop\/acessorios\/faca-de-ceramica-para-palhetas-de-oboe\/\"]}]},{\"@type\":\"ImageObject\",\"inLanguage\":\"pt-PT\",\"@id\":\"https:\/\/eg-reeds.com\/pt-pt\/shop\/acessorios\/faca-de-ceramica-para-palhetas-de-oboe\/#primaryimage\",\"url\":\"https:\/\/eg-reeds.com\/wp-content\/uploads\/2016\/10\/Ceramic-knife.jpg\",\"contentUrl\":\"https:\/\/eg-reeds.com\/wp-content\/uploads\/2016\/10\/Ceramic-knife.jpg\",\"width\":1280,\"height\":1088,\"caption\":\"Faca de cer\u00e2mica para palhetas de obo\u00e9\"},{\"@type\":\"BreadcrumbList\",\"@id\":\"https:\/\/eg-reeds.com\/pt-pt\/shop\/acessorios\/faca-de-ceramica-para-palhetas-de-oboe\/#breadcrumb\",\"itemListElement\":[{\"@type\":\"ListItem\",\"position\":1,\"name\":\"Startseite\",\"item\":\"https:\/\/eg-reeds.com\/pt-pt\/\"},{\"@type\":\"ListItem\",\"position\":2,\"name\":\"Loja\",\"item\":\"https:\/\/eg-reeds.com\/pt-pt\/\"},{\"@type\":\"ListItem\",\"position\":3,\"name\":\"Faca de cer\u00e2mica para palhetas de obo\u00e9\"}]},{\"@type\":\"WebSite\",\"@id\":\"https:\/\/eg-reeds.com\/pt-pt\/#website\",\"url\":\"https:\/\/eg-reeds.com\/pt-pt\/\",\"name\":\"www.eg-reeds.com\",\"description\":\"Palhetas obo\u00e9\",\"publisher\":{\"@id\":\"https:\/\/eg-reeds.com\/pt-pt\/#organization\"},\"alternateName\":\"eg-reeds.com\",\"potentialAction\":[{\"@type\":\"SearchAction\",\"target\":{\"@type\":\"EntryPoint\",\"urlTemplate\":\"https:\/\/eg-reeds.com\/pt-pt\/?s={search_term_string}\"},\"query-input\":{\"@type\":\"PropertyValueSpecification\",\"valueRequired\":true,\"valueName\":\"search_term_string\"}}],\"inLanguage\":\"pt-PT\"},{\"@type\":\"Organization\",\"@id\":\"https:\/\/eg-reeds.com\/pt-pt\/#organization\",\"name\":\"www.eg-reeds.com\",\"url\":\"https:\/\/eg-reeds.com\/pt-pt\/\",\"logo\":{\"@type\":\"ImageObject\",\"inLanguage\":\"pt-PT\",\"@id\":\"https:\/\/eg-reeds.com\/pt-pt\/#\/schema\/logo\/image\/\",\"url\":\"https:\/\/eg-reeds.com\/wp-content\/uploads\/2024\/06\/Logo-scaled-e1718793906611.jpg\",\"contentUrl\":\"https:\/\/eg-reeds.com\/wp-content\/uploads\/2024\/06\/Logo-scaled-e1718793906611.jpg\",\"width\":1200,\"height\":493,\"caption\":\"www.eg-reeds.com\"},\"image\":{\"@id\":\"https:\/\/eg-reeds.com\/pt-pt\/#\/schema\/logo\/image\/\"},\"sameAs\":[\"https:\/\/www.facebook.com\/EGREEDS\",\"https:\/\/x.com\/egreeds\",\"https:\/\/www.instagram.com\/egreeds\/\",\"https:\/\/www.youtube.com\/c\/EGREEDS\",\"https:\/\/www.threads.net\/@egreeds\",\"https:\/\/www.tiktok.com\/@egreeds\"]}]}<\/script>\n<meta property=\"og:availability\" content=\"instock\" \/>\n<meta property=\"product:availability\" content=\"instock\" \/>\n<meta property=\"product:retailer_item_id\" content=\"ACNNC\" \/>\n<meta property=\"product:condition\" content=\"new\" \/>\n<!-- \/ Yoast SEO Premium plugin. -->","yoast_head_json":{"title":"Faca de cer\u00e2mica para palhetas de obo\u00e9 - EG-REEDS","description":"Faca de cer\u00e2mica para palhetas de obo\u00e9.","robots":{"index":"index","follow":"follow","max-snippet":"max-snippet:-1","max-image-preview":"max-image-preview:large","max-video-preview":"max-video-preview:-1"},"canonical":"https:\/\/eg-reeds.com\/pt-pt\/shop\/acessorios\/faca-de-ceramica-para-palhetas-de-oboe\/","og_locale":"pt_PT","og_type":"article","og_title":"Faca de cer\u00e2mica para palhetas de obo\u00e9","og_description":"Faca de cer\u00e2mica para palhetas de obo\u00e9.","og_url":"https:\/\/eg-reeds.com\/pt-pt\/shop\/acessorios\/faca-de-ceramica-para-palhetas-de-oboe\/","og_site_name":"EG-REEDS","article_publisher":"https:\/\/www.facebook.com\/EGREEDS","article_modified_time":"2020-01-25T10:21:52+00:00","og_image":[{"width":1280,"height":1088,"url":"https:\/\/eg-reeds.com\/wp-content\/uploads\/2016\/10\/Ceramic-knife.jpg","type":"image\/jpeg"}],"twitter_card":"summary_large_image","twitter_site":"@egreeds","twitter_misc":{"Disponibilidade":"Em stock"},"schema":{"@context":"https:\/\/schema.org","@graph":[{"@type":["WebPage","ItemPage"],"@id":"https:\/\/eg-reeds.com\/pt-pt\/shop\/acessorios\/faca-de-ceramica-para-palhetas-de-oboe\/","url":"https:\/\/eg-reeds.com\/pt-pt\/shop\/acessorios\/faca-de-ceramica-para-palhetas-de-oboe\/","name":"Faca de cer\u00e2mica para palhetas de obo\u00e9 - EG-REEDS","isPartOf":{"@id":"https:\/\/eg-reeds.com\/pt-pt\/#website"},"primaryImageOfPage":{"@id":"https:\/\/eg-reeds.com\/pt-pt\/shop\/acessorios\/faca-de-ceramica-para-palhetas-de-oboe\/#primaryimage"},"image":{"@id":"https:\/\/eg-reeds.com\/pt-pt\/shop\/acessorios\/faca-de-ceramica-para-palhetas-de-oboe\/#primaryimage"},"thumbnailUrl":"https:\/\/eg-reeds.com\/wp-content\/uploads\/2016\/10\/Ceramic-knife.jpg","datePublished":"2016-10-27T18:19:08+00:00","dateModified":"2020-01-25T10:21:52+00:00","description":"Faca de cer\u00e2mica para palhetas de obo\u00e9.","breadcrumb":{"@id":"https:\/\/eg-reeds.com\/pt-pt\/shop\/acessorios\/faca-de-ceramica-para-palhetas-de-oboe\/#breadcrumb"},"inLanguage":"pt-PT","potentialAction":[{"@type":"ReadAction","target":["https:\/\/eg-reeds.com\/pt-pt\/shop\/acessorios\/faca-de-ceramica-para-palhetas-de-oboe\/"]}]},{"@type":"ImageObject","inLanguage":"pt-PT","@id":"https:\/\/eg-reeds.com\/pt-pt\/shop\/acessorios\/faca-de-ceramica-para-palhetas-de-oboe\/#primaryimage","url":"https:\/\/eg-reeds.com\/wp-content\/uploads\/2016\/10\/Ceramic-knife.jpg","contentUrl":"https:\/\/eg-reeds.com\/wp-content\/uploads\/2016\/10\/Ceramic-knife.jpg","width":1280,"height":1088,"caption":"Faca de cer\u00e2mica para palhetas de obo\u00e9"},{"@type":"BreadcrumbList","@id":"https:\/\/eg-reeds.com\/pt-pt\/shop\/acessorios\/faca-de-ceramica-para-palhetas-de-oboe\/#breadcrumb","itemListElement":[{"@type":"ListItem","position":1,"name":"Startseite","item":"https:\/\/eg-reeds.com\/pt-pt\/"},{"@type":"ListItem","position":2,"name":"Loja","item":"https:\/\/eg-reeds.com\/pt-pt\/"},{"@type":"ListItem","position":3,"name":"Faca de cer\u00e2mica para palhetas de obo\u00e9"}]},{"@type":"WebSite","@id":"https:\/\/eg-reeds.com\/pt-pt\/#website","url":"https:\/\/eg-reeds.com\/pt-pt\/","name":"www.eg-reeds.com","description":"Palhetas obo\u00e9","publisher":{"@id":"https:\/\/eg-reeds.com\/pt-pt\/#organization"},"alternateName":"eg-reeds.com","potentialAction":[{"@type":"SearchAction","target":{"@type":"EntryPoint","urlTemplate":"https:\/\/eg-reeds.com\/pt-pt\/?s={search_term_string}"},"query-input":{"@type":"PropertyValueSpecification","valueRequired":true,"valueName":"search_term_string"}}],"inLanguage":"pt-PT"},{"@type":"Organization","@id":"https:\/\/eg-reeds.com\/pt-pt\/#organization","name":"www.eg-reeds.com","url":"https:\/\/eg-reeds.com\/pt-pt\/","logo":{"@type":"ImageObject","inLanguage":"pt-PT","@id":"https:\/\/eg-reeds.com\/pt-pt\/#\/schema\/logo\/image\/","url":"https:\/\/eg-reeds.com\/wp-content\/uploads\/2024\/06\/Logo-scaled-e1718793906611.jpg","contentUrl":"https:\/\/eg-reeds.com\/wp-content\/uploads\/2024\/06\/Logo-scaled-e1718793906611.jpg","width":1200,"height":493,"caption":"www.eg-reeds.com"},"image":{"@id":"https:\/\/eg-reeds.com\/pt-pt\/#\/schema\/logo\/image\/"},"sameAs":["https:\/\/www.facebook.com\/EGREEDS","https:\/\/x.com\/egreeds","https:\/\/www.instagram.com\/egreeds\/","https:\/\/www.youtube.com\/c\/EGREEDS","https:\/\/www.threads.net\/@egreeds","https:\/\/www.tiktok.com\/@egreeds"]}]},"og_availability":"instock","product_availability":"instock","product_retailer_item_id":"ACNNC","product_condition":"new"},"_links":{"self":[{"href":"https:\/\/eg-reeds.com\/pt-pt\/wp-json\/wp\/v2\/product\/19163","targetHints":{"allow":["GET"]}}],"collection":[{"href":"https:\/\/eg-reeds.com\/pt-pt\/wp-json\/wp\/v2\/product"}],"about":[{"href":"https:\/\/eg-reeds.com\/pt-pt\/wp-json\/wp\/v2\/types\/product"}],"replies":[{"embeddable":true,"href":"https:\/\/eg-reeds.com\/pt-pt\/wp-json\/wp\/v2\/comments?post=19163"}],"wp:featuredmedia":[{"embeddable":true,"href":"https:\/\/eg-reeds.com\/pt-pt\/wp-json\/wp\/v2\/media\/30470"}],"wp:attachment":[{"href":"https:\/\/eg-reeds.com\/pt-pt\/wp-json\/wp\/v2\/media?parent=19163"}],"wp:term":[{"taxonomy":"product_brand","embeddable":true,"href":"https:\/\/eg-reeds.com\/pt-pt\/wp-json\/wp\/v2\/product_brand?post=19163"},{"taxonomy":"product_cat","embeddable":true,"href":"https:\/\/eg-reeds.com\/pt-pt\/wp-json\/wp\/v2\/product_cat?post=19163"},{"taxonomy":"product_tag","embeddable":true,"href":"https:\/\/eg-reeds.com\/pt-pt\/wp-json\/wp\/v2\/product_tag?post=19163"},{"taxonomy":"giftcard-category","embeddable":true,"href":"https:\/\/eg-reeds.com\/pt-pt\/wp-json\/wp\/v2\/giftcard-category?post=19163"}],"curies":[{"name":"wp","href":"https:\/\/api.w.org\/{rel}","templated":true}]}}