{"id":19278,"date":"2016-10-28T17:44:49","date_gmt":"2016-10-28T16:44:49","guid":{"rendered":"http:\/\/eg-reeds.com\/pt-pt\/shop\/cana-processada\/cana-formada-oboe-damore-eg-reeds-copy-copy\/"},"modified":"2017-05-31T19:06:49","modified_gmt":"2017-05-31T19:06:49","slug":"canas-oboe-damore-pre-goivadas-eg-reeds","status":"publish","type":"product","link":"https:\/\/eg-reeds.com\/pt-pt\/shop\/cana-processada\/canas-oboe-damore-pre-goivadas-eg-reeds\/","title":{"rendered":"Canas obo\u00e9 d&#8217;amore pr\u00e9-goivadas EG-REEDS"},"content":{"rendered":"<h4><strong>Canas obo\u00e9 d&#8217;amore pr\u00e9-goivadas EG-REEDS (10 unidades).<\/strong><\/h4>\n","protected":false},"excerpt":{"rendered":"<p>10 unidades.<\/p>\n","protected":false},"featured_media":24823,"comment_status":"open","ping_status":"closed","template":"","meta":[],"product_brand":[],"product_cat":[1585,359],"product_tag":[],"giftcard-category":[],"class_list":{"0":"post-19278","1":"product","2":"type-product","3":"status-publish","4":"has-post-thumbnail","6":"product_cat-cana-oboe-damore","7":"product_cat-cana-processada","8":"pa_cane-diameter-105-mm-11-mm-pt-pt","9":"pa_cane-diameter-11mm-115-mm-pt-pt","11":"first","12":"instock","13":"taxable","14":"shipping-taxable","15":"purchasable","16":"product-type-variable","17":"has-default-attributes"},"yoast_head":"<!-- This site is optimized with the Yoast SEO Premium plugin v27.0 (Yoast SEO v27.2) - https:\/\/yoast.com\/product\/yoast-seo-premium-wordpress\/ -->\n<title>Canas obo\u00e9 d&#039;amore pr\u00e9-goivadas EG-REEDS<\/title>\n<meta name=\"description\" content=\"Canas obo\u00e9 d&#039;amore pr\u00e9-goivadas EG-REEDS, Canas obo\u00e9 d&#039;amore, canas pr\u00e9-goivadas, obo\u00e9 d&#039;amore pr\u00e9-goivadas\" \/>\n<meta name=\"robots\" content=\"index, follow, max-snippet:-1, max-image-preview:large, max-video-preview:-1\" \/>\n<link rel=\"canonical\" href=\"https:\/\/eg-reeds.com\/pt-pt\/shop\/cana-processada\/canas-oboe-damore-pre-goivadas-eg-reeds\/\" \/>\n<meta property=\"og:locale\" content=\"pt_PT\" \/>\n<meta property=\"og:type\" content=\"article\" \/>\n<meta property=\"og:title\" content=\"Canas obo\u00e9 d&#039;amore pr\u00e9-goivadas EG-REEDS\" \/>\n<meta property=\"og:description\" content=\"Canas obo\u00e9 d&#039;amore pr\u00e9-goivadas EG-REEDS, Canas obo\u00e9 d&#039;amore, canas pr\u00e9-goivadas, obo\u00e9 d&#039;amore pr\u00e9-goivadas\" \/>\n<meta property=\"og:url\" content=\"https:\/\/eg-reeds.com\/pt-pt\/shop\/cana-processada\/canas-oboe-damore-pre-goivadas-eg-reeds\/\" \/>\n<meta property=\"og:site_name\" content=\"EG-REEDS\" \/>\n<meta property=\"article:publisher\" content=\"https:\/\/www.facebook.com\/EGREEDS\" \/>\n<meta property=\"article:modified_time\" content=\"2017-05-31T19:06:49+00:00\" \/>\n<meta property=\"og:image\" content=\"https:\/\/eg-reeds.com\/wp-content\/uploads\/2016\/10\/Processed-oboe-d\u00b4amore-cane-pregouged-EG-REEDS.jpg\" \/>\n\t<meta property=\"og:image:width\" content=\"640\" \/>\n\t<meta property=\"og:image:height\" content=\"544\" \/>\n\t<meta property=\"og:image:type\" content=\"image\/jpeg\" \/>\n<meta name=\"twitter:card\" content=\"summary_large_image\" \/>\n<meta name=\"twitter:site\" content=\"@egreeds\" \/>\n<meta name=\"twitter:label1\" content=\"Disponibilidade\" \/>\n\t<meta name=\"twitter:data1\" content=\"Em stock\" \/>\n<script type=\"application\/ld+json\" class=\"yoast-schema-graph\">{\"@context\":\"https:\/\/schema.org\",\"@graph\":[{\"@type\":[\"WebPage\",\"ItemPage\"],\"@id\":\"https:\/\/eg-reeds.com\/pt-pt\/shop\/cana-processada\/canas-oboe-damore-pre-goivadas-eg-reeds\/\",\"url\":\"https:\/\/eg-reeds.com\/pt-pt\/shop\/cana-processada\/canas-oboe-damore-pre-goivadas-eg-reeds\/\",\"name\":\"Canas obo\u00e9 d'amore pr\u00e9-goivadas EG-REEDS\",\"isPartOf\":{\"@id\":\"https:\/\/eg-reeds.com\/pt-pt\/#website\"},\"primaryImageOfPage\":{\"@id\":\"https:\/\/eg-reeds.com\/pt-pt\/shop\/cana-processada\/canas-oboe-damore-pre-goivadas-eg-reeds\/#primaryimage\"},\"image\":{\"@id\":\"https:\/\/eg-reeds.com\/pt-pt\/shop\/cana-processada\/canas-oboe-damore-pre-goivadas-eg-reeds\/#primaryimage\"},\"thumbnailUrl\":\"https:\/\/eg-reeds.com\/wp-content\/uploads\/2016\/10\/Processed-oboe-d\u00b4amore-cane-pregouged-EG-REEDS.jpg\",\"datePublished\":\"2016-10-28T16:44:49+00:00\",\"dateModified\":\"2017-05-31T19:06:49+00:00\",\"description\":\"Canas obo\u00e9 d'amore pr\u00e9-goivadas EG-REEDS, Canas obo\u00e9 d'amore, canas pr\u00e9-goivadas, obo\u00e9 d'amore pr\u00e9-goivadas\",\"breadcrumb\":{\"@id\":\"https:\/\/eg-reeds.com\/pt-pt\/shop\/cana-processada\/canas-oboe-damore-pre-goivadas-eg-reeds\/#breadcrumb\"},\"inLanguage\":\"pt-PT\",\"potentialAction\":[{\"@type\":\"ReadAction\",\"target\":[\"https:\/\/eg-reeds.com\/pt-pt\/shop\/cana-processada\/canas-oboe-damore-pre-goivadas-eg-reeds\/\"]}]},{\"@type\":\"ImageObject\",\"inLanguage\":\"pt-PT\",\"@id\":\"https:\/\/eg-reeds.com\/pt-pt\/shop\/cana-processada\/canas-oboe-damore-pre-goivadas-eg-reeds\/#primaryimage\",\"url\":\"https:\/\/eg-reeds.com\/wp-content\/uploads\/2016\/10\/Processed-oboe-d\u00b4amore-cane-pregouged-EG-REEDS.jpg\",\"contentUrl\":\"https:\/\/eg-reeds.com\/wp-content\/uploads\/2016\/10\/Processed-oboe-d\u00b4amore-cane-pregouged-EG-REEDS.jpg\",\"width\":640,\"height\":544,\"caption\":\"Canas obo\u00e9 d'amore pr\u00e9-goivadas\"},{\"@type\":\"BreadcrumbList\",\"@id\":\"https:\/\/eg-reeds.com\/pt-pt\/shop\/cana-processada\/canas-oboe-damore-pre-goivadas-eg-reeds\/#breadcrumb\",\"itemListElement\":[{\"@type\":\"ListItem\",\"position\":1,\"name\":\"Startseite\",\"item\":\"https:\/\/eg-reeds.com\/pt-pt\/\"},{\"@type\":\"ListItem\",\"position\":2,\"name\":\"Loja\",\"item\":\"https:\/\/eg-reeds.com\/pt-pt\/\"},{\"@type\":\"ListItem\",\"position\":3,\"name\":\"Canas obo\u00e9 d&#8217;amore pr\u00e9-goivadas EG-REEDS\"}]},{\"@type\":\"WebSite\",\"@id\":\"https:\/\/eg-reeds.com\/pt-pt\/#website\",\"url\":\"https:\/\/eg-reeds.com\/pt-pt\/\",\"name\":\"www.eg-reeds.com\",\"description\":\"Palhetas obo\u00e9\",\"publisher\":{\"@id\":\"https:\/\/eg-reeds.com\/pt-pt\/#organization\"},\"alternateName\":\"eg-reeds.com\",\"potentialAction\":[{\"@type\":\"SearchAction\",\"target\":{\"@type\":\"EntryPoint\",\"urlTemplate\":\"https:\/\/eg-reeds.com\/pt-pt\/?s={search_term_string}\"},\"query-input\":{\"@type\":\"PropertyValueSpecification\",\"valueRequired\":true,\"valueName\":\"search_term_string\"}}],\"inLanguage\":\"pt-PT\"},{\"@type\":\"Organization\",\"@id\":\"https:\/\/eg-reeds.com\/pt-pt\/#organization\",\"name\":\"www.eg-reeds.com\",\"url\":\"https:\/\/eg-reeds.com\/pt-pt\/\",\"logo\":{\"@type\":\"ImageObject\",\"inLanguage\":\"pt-PT\",\"@id\":\"https:\/\/eg-reeds.com\/pt-pt\/#\/schema\/logo\/image\/\",\"url\":\"https:\/\/eg-reeds.com\/wp-content\/uploads\/2024\/06\/Logo-scaled-e1718793906611.jpg\",\"contentUrl\":\"https:\/\/eg-reeds.com\/wp-content\/uploads\/2024\/06\/Logo-scaled-e1718793906611.jpg\",\"width\":1200,\"height\":493,\"caption\":\"www.eg-reeds.com\"},\"image\":{\"@id\":\"https:\/\/eg-reeds.com\/pt-pt\/#\/schema\/logo\/image\/\"},\"sameAs\":[\"https:\/\/www.facebook.com\/EGREEDS\",\"https:\/\/x.com\/egreeds\",\"https:\/\/www.instagram.com\/egreeds\/\",\"https:\/\/www.youtube.com\/c\/EGREEDS\",\"https:\/\/www.threads.net\/@egreeds\",\"https:\/\/www.tiktok.com\/@egreeds\"]}]}<\/script>\n<meta property=\"og:availability\" content=\"instock\" \/>\n<meta property=\"product:availability\" content=\"instock\" \/>\n<meta property=\"product:retailer_item_id\" content=\"PAOBA-P\" \/>\n<meta property=\"product:condition\" content=\"new\" \/>\n<!-- \/ Yoast SEO Premium plugin. -->","yoast_head_json":{"title":"Canas obo\u00e9 d'amore pr\u00e9-goivadas EG-REEDS","description":"Canas obo\u00e9 d'amore pr\u00e9-goivadas EG-REEDS, Canas obo\u00e9 d'amore, canas pr\u00e9-goivadas, obo\u00e9 d'amore pr\u00e9-goivadas","robots":{"index":"index","follow":"follow","max-snippet":"max-snippet:-1","max-image-preview":"max-image-preview:large","max-video-preview":"max-video-preview:-1"},"canonical":"https:\/\/eg-reeds.com\/pt-pt\/shop\/cana-processada\/canas-oboe-damore-pre-goivadas-eg-reeds\/","og_locale":"pt_PT","og_type":"article","og_title":"Canas obo\u00e9 d'amore pr\u00e9-goivadas EG-REEDS","og_description":"Canas obo\u00e9 d'amore pr\u00e9-goivadas EG-REEDS, Canas obo\u00e9 d'amore, canas pr\u00e9-goivadas, obo\u00e9 d'amore pr\u00e9-goivadas","og_url":"https:\/\/eg-reeds.com\/pt-pt\/shop\/cana-processada\/canas-oboe-damore-pre-goivadas-eg-reeds\/","og_site_name":"EG-REEDS","article_publisher":"https:\/\/www.facebook.com\/EGREEDS","article_modified_time":"2017-05-31T19:06:49+00:00","og_image":[{"width":640,"height":544,"url":"https:\/\/eg-reeds.com\/wp-content\/uploads\/2016\/10\/Processed-oboe-d\u00b4amore-cane-pregouged-EG-REEDS.jpg","type":"image\/jpeg"}],"twitter_card":"summary_large_image","twitter_site":"@egreeds","twitter_misc":{"Disponibilidade":"Em stock"},"schema":{"@context":"https:\/\/schema.org","@graph":[{"@type":["WebPage","ItemPage"],"@id":"https:\/\/eg-reeds.com\/pt-pt\/shop\/cana-processada\/canas-oboe-damore-pre-goivadas-eg-reeds\/","url":"https:\/\/eg-reeds.com\/pt-pt\/shop\/cana-processada\/canas-oboe-damore-pre-goivadas-eg-reeds\/","name":"Canas obo\u00e9 d'amore pr\u00e9-goivadas EG-REEDS","isPartOf":{"@id":"https:\/\/eg-reeds.com\/pt-pt\/#website"},"primaryImageOfPage":{"@id":"https:\/\/eg-reeds.com\/pt-pt\/shop\/cana-processada\/canas-oboe-damore-pre-goivadas-eg-reeds\/#primaryimage"},"image":{"@id":"https:\/\/eg-reeds.com\/pt-pt\/shop\/cana-processada\/canas-oboe-damore-pre-goivadas-eg-reeds\/#primaryimage"},"thumbnailUrl":"https:\/\/eg-reeds.com\/wp-content\/uploads\/2016\/10\/Processed-oboe-d\u00b4amore-cane-pregouged-EG-REEDS.jpg","datePublished":"2016-10-28T16:44:49+00:00","dateModified":"2017-05-31T19:06:49+00:00","description":"Canas obo\u00e9 d'amore pr\u00e9-goivadas EG-REEDS, Canas obo\u00e9 d'amore, canas pr\u00e9-goivadas, obo\u00e9 d'amore pr\u00e9-goivadas","breadcrumb":{"@id":"https:\/\/eg-reeds.com\/pt-pt\/shop\/cana-processada\/canas-oboe-damore-pre-goivadas-eg-reeds\/#breadcrumb"},"inLanguage":"pt-PT","potentialAction":[{"@type":"ReadAction","target":["https:\/\/eg-reeds.com\/pt-pt\/shop\/cana-processada\/canas-oboe-damore-pre-goivadas-eg-reeds\/"]}]},{"@type":"ImageObject","inLanguage":"pt-PT","@id":"https:\/\/eg-reeds.com\/pt-pt\/shop\/cana-processada\/canas-oboe-damore-pre-goivadas-eg-reeds\/#primaryimage","url":"https:\/\/eg-reeds.com\/wp-content\/uploads\/2016\/10\/Processed-oboe-d\u00b4amore-cane-pregouged-EG-REEDS.jpg","contentUrl":"https:\/\/eg-reeds.com\/wp-content\/uploads\/2016\/10\/Processed-oboe-d\u00b4amore-cane-pregouged-EG-REEDS.jpg","width":640,"height":544,"caption":"Canas obo\u00e9 d'amore pr\u00e9-goivadas"},{"@type":"BreadcrumbList","@id":"https:\/\/eg-reeds.com\/pt-pt\/shop\/cana-processada\/canas-oboe-damore-pre-goivadas-eg-reeds\/#breadcrumb","itemListElement":[{"@type":"ListItem","position":1,"name":"Startseite","item":"https:\/\/eg-reeds.com\/pt-pt\/"},{"@type":"ListItem","position":2,"name":"Loja","item":"https:\/\/eg-reeds.com\/pt-pt\/"},{"@type":"ListItem","position":3,"name":"Canas obo\u00e9 d&#8217;amore pr\u00e9-goivadas EG-REEDS"}]},{"@type":"WebSite","@id":"https:\/\/eg-reeds.com\/pt-pt\/#website","url":"https:\/\/eg-reeds.com\/pt-pt\/","name":"www.eg-reeds.com","description":"Palhetas obo\u00e9","publisher":{"@id":"https:\/\/eg-reeds.com\/pt-pt\/#organization"},"alternateName":"eg-reeds.com","potentialAction":[{"@type":"SearchAction","target":{"@type":"EntryPoint","urlTemplate":"https:\/\/eg-reeds.com\/pt-pt\/?s={search_term_string}"},"query-input":{"@type":"PropertyValueSpecification","valueRequired":true,"valueName":"search_term_string"}}],"inLanguage":"pt-PT"},{"@type":"Organization","@id":"https:\/\/eg-reeds.com\/pt-pt\/#organization","name":"www.eg-reeds.com","url":"https:\/\/eg-reeds.com\/pt-pt\/","logo":{"@type":"ImageObject","inLanguage":"pt-PT","@id":"https:\/\/eg-reeds.com\/pt-pt\/#\/schema\/logo\/image\/","url":"https:\/\/eg-reeds.com\/wp-content\/uploads\/2024\/06\/Logo-scaled-e1718793906611.jpg","contentUrl":"https:\/\/eg-reeds.com\/wp-content\/uploads\/2024\/06\/Logo-scaled-e1718793906611.jpg","width":1200,"height":493,"caption":"www.eg-reeds.com"},"image":{"@id":"https:\/\/eg-reeds.com\/pt-pt\/#\/schema\/logo\/image\/"},"sameAs":["https:\/\/www.facebook.com\/EGREEDS","https:\/\/x.com\/egreeds","https:\/\/www.instagram.com\/egreeds\/","https:\/\/www.youtube.com\/c\/EGREEDS","https:\/\/www.threads.net\/@egreeds","https:\/\/www.tiktok.com\/@egreeds"]}]},"og_availability":"instock","product_availability":"instock","product_retailer_item_id":"PAOBA-P","product_condition":"new"},"_links":{"self":[{"href":"https:\/\/eg-reeds.com\/pt-pt\/wp-json\/wp\/v2\/product\/19278","targetHints":{"allow":["GET"]}}],"collection":[{"href":"https:\/\/eg-reeds.com\/pt-pt\/wp-json\/wp\/v2\/product"}],"about":[{"href":"https:\/\/eg-reeds.com\/pt-pt\/wp-json\/wp\/v2\/types\/product"}],"replies":[{"embeddable":true,"href":"https:\/\/eg-reeds.com\/pt-pt\/wp-json\/wp\/v2\/comments?post=19278"}],"wp:featuredmedia":[{"embeddable":true,"href":"https:\/\/eg-reeds.com\/pt-pt\/wp-json\/wp\/v2\/media\/24823"}],"wp:attachment":[{"href":"https:\/\/eg-reeds.com\/pt-pt\/wp-json\/wp\/v2\/media?parent=19278"}],"wp:term":[{"taxonomy":"product_brand","embeddable":true,"href":"https:\/\/eg-reeds.com\/pt-pt\/wp-json\/wp\/v2\/product_brand?post=19278"},{"taxonomy":"product_cat","embeddable":true,"href":"https:\/\/eg-reeds.com\/pt-pt\/wp-json\/wp\/v2\/product_cat?post=19278"},{"taxonomy":"product_tag","embeddable":true,"href":"https:\/\/eg-reeds.com\/pt-pt\/wp-json\/wp\/v2\/product_tag?post=19278"},{"taxonomy":"giftcard-category","embeddable":true,"href":"https:\/\/eg-reeds.com\/pt-pt\/wp-json\/wp\/v2\/giftcard-category?post=19278"}],"curies":[{"name":"wp","href":"https:\/\/api.w.org\/{rel}","templated":true}]}}