{"id":20066,"date":"2016-11-03T18:34:04","date_gmt":"2016-11-03T17:34:04","guid":{"rendered":"http:\/\/eg-reeds.com\/pt-pt\/shop\/tudeis\/tudel-oboe-chiarugi-45-2-copy\/"},"modified":"2019-05-17T11:15:17","modified_gmt":"2019-05-17T09:15:17","slug":"tudel-oboe-damore-k-ge","status":"publish","type":"product","link":"https:\/\/eg-reeds.com\/pt-pt\/shop\/tudeis\/tudel-oboe-damore-k-ge\/","title":{"rendered":"Tudel obo\u00e9 d&#8217;amore K.GE"},"content":{"rendered":"<h4><strong>Tudel obo\u00e9 d&#8217;amore K.GE.<\/strong><\/h4>\n<p>Tudel obo\u00e9 d&#8217;amore K.GE.<\/p>\n","protected":false},"excerpt":{"rendered":"<p>Tudel obo\u00e9 d&#8217;amore K.GE. Tudel obo\u00e9 d&#8217;amore K.GE.<\/p>\n","protected":false},"featured_media":24427,"comment_status":"closed","ping_status":"closed","template":"","meta":[],"product_brand":[],"product_cat":[432,2014],"product_tag":[],"giftcard-category":[],"class_list":{"0":"post-20066","1":"product","2":"type-product","3":"status-publish","4":"has-post-thumbnail","6":"product_cat-tudeis","7":"product_cat-tudeis-oboe-damore","9":"first","10":"outofstock","11":"taxable","12":"shipping-taxable","13":"purchasable","14":"product-type-simple"},"yoast_head":"<!-- This site is optimized with the Yoast SEO Premium plugin v27.0 (Yoast SEO v27.3) - https:\/\/yoast.com\/product\/yoast-seo-premium-wordpress\/ -->\n<title>Tudel obo\u00e9 d&#039;amore K.GE - EG-REEDS<\/title>\n<meta name=\"description\" content=\"Tudel obo\u00e9 d&#039;amore K.GE, tudeis obo\u00e9 d&#039;amore, tudeis K.GE, obo\u00e9 d&#039;amore\" \/>\n<meta name=\"robots\" content=\"index, follow, max-snippet:-1, max-image-preview:large, max-video-preview:-1\" \/>\n<link rel=\"canonical\" href=\"https:\/\/eg-reeds.com\/pt-pt\/shop\/tudeis\/tudel-oboe-damore-k-ge\/\" \/>\n<meta property=\"og:locale\" content=\"pt_PT\" \/>\n<meta property=\"og:type\" content=\"article\" \/>\n<meta property=\"og:title\" content=\"Tudel obo\u00e9 d&#039;amore K.GE\" \/>\n<meta property=\"og:description\" content=\"Tudel obo\u00e9 d&#039;amore K.GE, tudeis obo\u00e9 d&#039;amore, tudeis K.GE, obo\u00e9 d&#039;amore\" \/>\n<meta property=\"og:url\" content=\"https:\/\/eg-reeds.com\/pt-pt\/shop\/tudeis\/tudel-oboe-damore-k-ge\/\" \/>\n<meta property=\"og:site_name\" content=\"EG-REEDS\" \/>\n<meta property=\"article:publisher\" content=\"https:\/\/www.facebook.com\/EGREEDS\" \/>\n<meta property=\"article:modified_time\" content=\"2019-05-17T09:15:17+00:00\" \/>\n<meta property=\"og:image\" content=\"https:\/\/eg-reeds.com\/wp-content\/uploads\/2016\/11\/oboe-d\u00b4amore-staple-EG-REEDS.jpg\" \/>\n\t<meta property=\"og:image:width\" content=\"640\" \/>\n\t<meta property=\"og:image:height\" content=\"544\" \/>\n\t<meta property=\"og:image:type\" content=\"image\/jpeg\" \/>\n<meta name=\"twitter:card\" content=\"summary_large_image\" \/>\n<meta name=\"twitter:site\" content=\"@egreeds\" \/>\n<meta name=\"twitter:label1\" content=\"pre\u00e7o\" \/>\n\t<meta name=\"twitter:data1\" content=\"2,10&euro;\" \/>\n\t<meta name=\"twitter:label2\" content=\"Disponibilidade\" \/>\n\t<meta name=\"twitter:data2\" content=\"Esgotado\" \/>\n<script type=\"application\/ld+json\" class=\"yoast-schema-graph\">{\"@context\":\"https:\\\/\\\/schema.org\",\"@graph\":[{\"@type\":[\"WebPage\",\"ItemPage\"],\"@id\":\"https:\\\/\\\/eg-reeds.com\\\/pt-pt\\\/shop\\\/tudeis\\\/tudel-oboe-damore-k-ge\\\/\",\"url\":\"https:\\\/\\\/eg-reeds.com\\\/pt-pt\\\/shop\\\/tudeis\\\/tudel-oboe-damore-k-ge\\\/\",\"name\":\"Tudel obo\u00e9 d'amore K.GE - EG-REEDS\",\"isPartOf\":{\"@id\":\"https:\\\/\\\/eg-reeds.com\\\/pt-pt\\\/#website\"},\"primaryImageOfPage\":{\"@id\":\"https:\\\/\\\/eg-reeds.com\\\/pt-pt\\\/shop\\\/tudeis\\\/tudel-oboe-damore-k-ge\\\/#primaryimage\"},\"image\":{\"@id\":\"https:\\\/\\\/eg-reeds.com\\\/pt-pt\\\/shop\\\/tudeis\\\/tudel-oboe-damore-k-ge\\\/#primaryimage\"},\"thumbnailUrl\":\"https:\\\/\\\/eg-reeds.com\\\/wp-content\\\/uploads\\\/2016\\\/11\\\/oboe-d\u00b4amore-staple-EG-REEDS.jpg\",\"datePublished\":\"2016-11-03T17:34:04+00:00\",\"dateModified\":\"2019-05-17T09:15:17+00:00\",\"description\":\"Tudel obo\u00e9 d'amore K.GE, tudeis obo\u00e9 d'amore, tudeis K.GE, obo\u00e9 d'amore\",\"breadcrumb\":{\"@id\":\"https:\\\/\\\/eg-reeds.com\\\/pt-pt\\\/shop\\\/tudeis\\\/tudel-oboe-damore-k-ge\\\/#breadcrumb\"},\"inLanguage\":\"pt-PT\",\"potentialAction\":[{\"@type\":\"ReadAction\",\"target\":[\"https:\\\/\\\/eg-reeds.com\\\/pt-pt\\\/shop\\\/tudeis\\\/tudel-oboe-damore-k-ge\\\/\"]}]},{\"@type\":\"ImageObject\",\"inLanguage\":\"pt-PT\",\"@id\":\"https:\\\/\\\/eg-reeds.com\\\/pt-pt\\\/shop\\\/tudeis\\\/tudel-oboe-damore-k-ge\\\/#primaryimage\",\"url\":\"https:\\\/\\\/eg-reeds.com\\\/wp-content\\\/uploads\\\/2016\\\/11\\\/oboe-d\u00b4amore-staple-EG-REEDS.jpg\",\"contentUrl\":\"https:\\\/\\\/eg-reeds.com\\\/wp-content\\\/uploads\\\/2016\\\/11\\\/oboe-d\u00b4amore-staple-EG-REEDS.jpg\",\"width\":640,\"height\":544,\"caption\":\"Tudel obo\u00e9 d'amore K.GE\"},{\"@type\":\"BreadcrumbList\",\"@id\":\"https:\\\/\\\/eg-reeds.com\\\/pt-pt\\\/shop\\\/tudeis\\\/tudel-oboe-damore-k-ge\\\/#breadcrumb\",\"itemListElement\":[{\"@type\":\"ListItem\",\"position\":1,\"name\":\"Startseite\",\"item\":\"https:\\\/\\\/eg-reeds.com\\\/pt-pt\\\/\"},{\"@type\":\"ListItem\",\"position\":2,\"name\":\"Loja\",\"item\":\"https:\\\/\\\/eg-reeds.com\\\/pt-pt\\\/\"},{\"@type\":\"ListItem\",\"position\":3,\"name\":\"Tudel obo\u00e9 d&#8217;amore K.GE\"}]},{\"@type\":\"WebSite\",\"@id\":\"https:\\\/\\\/eg-reeds.com\\\/pt-pt\\\/#website\",\"url\":\"https:\\\/\\\/eg-reeds.com\\\/pt-pt\\\/\",\"name\":\"www.eg-reeds.com\",\"description\":\"Palhetas obo\u00e9\",\"publisher\":{\"@id\":\"https:\\\/\\\/eg-reeds.com\\\/pt-pt\\\/#organization\"},\"alternateName\":\"eg-reeds.com\",\"potentialAction\":[{\"@type\":\"SearchAction\",\"target\":{\"@type\":\"EntryPoint\",\"urlTemplate\":\"https:\\\/\\\/eg-reeds.com\\\/pt-pt\\\/?s={search_term_string}\"},\"query-input\":{\"@type\":\"PropertyValueSpecification\",\"valueRequired\":true,\"valueName\":\"search_term_string\"}}],\"inLanguage\":\"pt-PT\"},{\"@type\":\"Organization\",\"@id\":\"https:\\\/\\\/eg-reeds.com\\\/pt-pt\\\/#organization\",\"name\":\"www.eg-reeds.com\",\"url\":\"https:\\\/\\\/eg-reeds.com\\\/pt-pt\\\/\",\"logo\":{\"@type\":\"ImageObject\",\"inLanguage\":\"pt-PT\",\"@id\":\"https:\\\/\\\/eg-reeds.com\\\/pt-pt\\\/#\\\/schema\\\/logo\\\/image\\\/\",\"url\":\"https:\\\/\\\/eg-reeds.com\\\/wp-content\\\/uploads\\\/2024\\\/06\\\/Logo-scaled-e1718793906611.jpg\",\"contentUrl\":\"https:\\\/\\\/eg-reeds.com\\\/wp-content\\\/uploads\\\/2024\\\/06\\\/Logo-scaled-e1718793906611.jpg\",\"width\":1200,\"height\":493,\"caption\":\"www.eg-reeds.com\"},\"image\":{\"@id\":\"https:\\\/\\\/eg-reeds.com\\\/pt-pt\\\/#\\\/schema\\\/logo\\\/image\\\/\"},\"sameAs\":[\"https:\\\/\\\/www.facebook.com\\\/EGREEDS\",\"https:\\\/\\\/x.com\\\/egreeds\",\"https:\\\/\\\/www.instagram.com\\\/egreeds\\\/\",\"https:\\\/\\\/www.youtube.com\\\/c\\\/EGREEDS\",\"https:\\\/\\\/www.threads.net\\\/@egreeds\",\"https:\\\/\\\/www.tiktok.com\\\/@egreeds\"]}]}<\/script>\n<meta property=\"product:price:amount\" content=\"2.10\" \/>\n<meta property=\"product:price:currency\" content=\"EUR\" \/>\n<meta property=\"og:availability\" content=\"out of stock\" \/>\n<meta property=\"product:availability\" content=\"out of stock\" \/>\n<meta property=\"product:retailer_item_id\" content=\"TUOBA-KGE\" \/>\n<meta property=\"product:condition\" content=\"new\" \/>\n<!-- \/ Yoast SEO Premium plugin. -->","yoast_head_json":{"title":"Tudel obo\u00e9 d'amore K.GE - EG-REEDS","description":"Tudel obo\u00e9 d'amore K.GE, tudeis obo\u00e9 d'amore, tudeis K.GE, obo\u00e9 d'amore","robots":{"index":"index","follow":"follow","max-snippet":"max-snippet:-1","max-image-preview":"max-image-preview:large","max-video-preview":"max-video-preview:-1"},"canonical":"https:\/\/eg-reeds.com\/pt-pt\/shop\/tudeis\/tudel-oboe-damore-k-ge\/","og_locale":"pt_PT","og_type":"article","og_title":"Tudel obo\u00e9 d'amore K.GE","og_description":"Tudel obo\u00e9 d'amore K.GE, tudeis obo\u00e9 d'amore, tudeis K.GE, obo\u00e9 d'amore","og_url":"https:\/\/eg-reeds.com\/pt-pt\/shop\/tudeis\/tudel-oboe-damore-k-ge\/","og_site_name":"EG-REEDS","article_publisher":"https:\/\/www.facebook.com\/EGREEDS","article_modified_time":"2019-05-17T09:15:17+00:00","og_image":[{"width":640,"height":544,"url":"https:\/\/eg-reeds.com\/wp-content\/uploads\/2016\/11\/oboe-d\u00b4amore-staple-EG-REEDS.jpg","type":"image\/jpeg"}],"twitter_card":"summary_large_image","twitter_site":"@egreeds","twitter_misc":{"pre\u00e7o":"2,10&euro;","Disponibilidade":"Esgotado"},"schema":{"@context":"https:\/\/schema.org","@graph":[{"@type":["WebPage","ItemPage"],"@id":"https:\/\/eg-reeds.com\/pt-pt\/shop\/tudeis\/tudel-oboe-damore-k-ge\/","url":"https:\/\/eg-reeds.com\/pt-pt\/shop\/tudeis\/tudel-oboe-damore-k-ge\/","name":"Tudel obo\u00e9 d'amore K.GE - EG-REEDS","isPartOf":{"@id":"https:\/\/eg-reeds.com\/pt-pt\/#website"},"primaryImageOfPage":{"@id":"https:\/\/eg-reeds.com\/pt-pt\/shop\/tudeis\/tudel-oboe-damore-k-ge\/#primaryimage"},"image":{"@id":"https:\/\/eg-reeds.com\/pt-pt\/shop\/tudeis\/tudel-oboe-damore-k-ge\/#primaryimage"},"thumbnailUrl":"https:\/\/eg-reeds.com\/wp-content\/uploads\/2016\/11\/oboe-d\u00b4amore-staple-EG-REEDS.jpg","datePublished":"2016-11-03T17:34:04+00:00","dateModified":"2019-05-17T09:15:17+00:00","description":"Tudel obo\u00e9 d'amore K.GE, tudeis obo\u00e9 d'amore, tudeis K.GE, obo\u00e9 d'amore","breadcrumb":{"@id":"https:\/\/eg-reeds.com\/pt-pt\/shop\/tudeis\/tudel-oboe-damore-k-ge\/#breadcrumb"},"inLanguage":"pt-PT","potentialAction":[{"@type":"ReadAction","target":["https:\/\/eg-reeds.com\/pt-pt\/shop\/tudeis\/tudel-oboe-damore-k-ge\/"]}]},{"@type":"ImageObject","inLanguage":"pt-PT","@id":"https:\/\/eg-reeds.com\/pt-pt\/shop\/tudeis\/tudel-oboe-damore-k-ge\/#primaryimage","url":"https:\/\/eg-reeds.com\/wp-content\/uploads\/2016\/11\/oboe-d\u00b4amore-staple-EG-REEDS.jpg","contentUrl":"https:\/\/eg-reeds.com\/wp-content\/uploads\/2016\/11\/oboe-d\u00b4amore-staple-EG-REEDS.jpg","width":640,"height":544,"caption":"Tudel obo\u00e9 d'amore K.GE"},{"@type":"BreadcrumbList","@id":"https:\/\/eg-reeds.com\/pt-pt\/shop\/tudeis\/tudel-oboe-damore-k-ge\/#breadcrumb","itemListElement":[{"@type":"ListItem","position":1,"name":"Startseite","item":"https:\/\/eg-reeds.com\/pt-pt\/"},{"@type":"ListItem","position":2,"name":"Loja","item":"https:\/\/eg-reeds.com\/pt-pt\/"},{"@type":"ListItem","position":3,"name":"Tudel obo\u00e9 d&#8217;amore K.GE"}]},{"@type":"WebSite","@id":"https:\/\/eg-reeds.com\/pt-pt\/#website","url":"https:\/\/eg-reeds.com\/pt-pt\/","name":"www.eg-reeds.com","description":"Palhetas obo\u00e9","publisher":{"@id":"https:\/\/eg-reeds.com\/pt-pt\/#organization"},"alternateName":"eg-reeds.com","potentialAction":[{"@type":"SearchAction","target":{"@type":"EntryPoint","urlTemplate":"https:\/\/eg-reeds.com\/pt-pt\/?s={search_term_string}"},"query-input":{"@type":"PropertyValueSpecification","valueRequired":true,"valueName":"search_term_string"}}],"inLanguage":"pt-PT"},{"@type":"Organization","@id":"https:\/\/eg-reeds.com\/pt-pt\/#organization","name":"www.eg-reeds.com","url":"https:\/\/eg-reeds.com\/pt-pt\/","logo":{"@type":"ImageObject","inLanguage":"pt-PT","@id":"https:\/\/eg-reeds.com\/pt-pt\/#\/schema\/logo\/image\/","url":"https:\/\/eg-reeds.com\/wp-content\/uploads\/2024\/06\/Logo-scaled-e1718793906611.jpg","contentUrl":"https:\/\/eg-reeds.com\/wp-content\/uploads\/2024\/06\/Logo-scaled-e1718793906611.jpg","width":1200,"height":493,"caption":"www.eg-reeds.com"},"image":{"@id":"https:\/\/eg-reeds.com\/pt-pt\/#\/schema\/logo\/image\/"},"sameAs":["https:\/\/www.facebook.com\/EGREEDS","https:\/\/x.com\/egreeds","https:\/\/www.instagram.com\/egreeds\/","https:\/\/www.youtube.com\/c\/EGREEDS","https:\/\/www.threads.net\/@egreeds","https:\/\/www.tiktok.com\/@egreeds"]}]},"product_price_amount":"2.10","product_price_currency":"EUR","og_availability":"out of stock","product_availability":"out of stock","product_retailer_item_id":"TUOBA-KGE","product_condition":"new"},"_links":{"self":[{"href":"https:\/\/eg-reeds.com\/pt-pt\/wp-json\/wp\/v2\/product\/20066","targetHints":{"allow":["GET"]}}],"collection":[{"href":"https:\/\/eg-reeds.com\/pt-pt\/wp-json\/wp\/v2\/product"}],"about":[{"href":"https:\/\/eg-reeds.com\/pt-pt\/wp-json\/wp\/v2\/types\/product"}],"replies":[{"embeddable":true,"href":"https:\/\/eg-reeds.com\/pt-pt\/wp-json\/wp\/v2\/comments?post=20066"}],"wp:featuredmedia":[{"embeddable":true,"href":"https:\/\/eg-reeds.com\/pt-pt\/wp-json\/wp\/v2\/media\/24427"}],"wp:attachment":[{"href":"https:\/\/eg-reeds.com\/pt-pt\/wp-json\/wp\/v2\/media?parent=20066"}],"wp:term":[{"taxonomy":"product_brand","embeddable":true,"href":"https:\/\/eg-reeds.com\/pt-pt\/wp-json\/wp\/v2\/product_brand?post=20066"},{"taxonomy":"product_cat","embeddable":true,"href":"https:\/\/eg-reeds.com\/pt-pt\/wp-json\/wp\/v2\/product_cat?post=20066"},{"taxonomy":"product_tag","embeddable":true,"href":"https:\/\/eg-reeds.com\/pt-pt\/wp-json\/wp\/v2\/product_tag?post=20066"},{"taxonomy":"giftcard-category","embeddable":true,"href":"https:\/\/eg-reeds.com\/pt-pt\/wp-json\/wp\/v2\/giftcard-category?post=20066"}],"curies":[{"name":"wp","href":"https:\/\/api.w.org\/{rel}","templated":true}]}}