{"id":2167,"date":"2015-02-03T08:53:07","date_gmt":"2015-02-03T08:53:07","guid":{"rendered":"http:\/\/eg-reeds.com\/shop\/uncategorized\/palheta-sem-raspagem-para-oboe\/"},"modified":"2017-05-31T19:01:49","modified_gmt":"2017-05-31T19:01:49","slug":"palheta-oboe-sem-raspagem-eg-reeds","status":"publish","type":"product","link":"https:\/\/eg-reeds.com\/pt-pt\/shop\/palhetas-profissionais\/palhetas-oboe\/palheta-oboe-sem-raspagem-eg-reeds\/","title":{"rendered":"Palheta obo\u00e9 sem raspagem EG-REEDS"},"content":{"rendered":"<h4><strong>Palheta obo\u00e9 sem raspagem EG-REEDS.<\/strong><\/h4>\n","protected":false},"excerpt":{"rendered":"<p>Palheta obo\u00e9 sem raspagem EG-REEDS.<\/p>\n","protected":false},"featured_media":24900,"comment_status":"open","ping_status":"closed","template":"","meta":[],"product_brand":[],"product_cat":[424,431],"product_tag":[],"giftcard-category":[],"class_list":{"0":"post-2167","1":"product","2":"type-product","3":"status-publish","4":"has-post-thumbnail","6":"product_cat-palhetas-profissionais","7":"product_cat-palhetas-oboe","8":"pa_staple-chiarugi-45-2-pt-pt","9":"pa_staple-chiarugi-46-2-pt-pt-2","10":"pa_staple-chiarugi-47-2-pt-pt-2","12":"first","13":"instock","14":"taxable","15":"shipping-taxable","16":"purchasable","17":"product-type-variable","18":"has-default-attributes"},"yoast_head":"<!-- This site is optimized with the Yoast SEO Premium plugin v27.0 (Yoast SEO v27.3) - https:\/\/yoast.com\/product\/yoast-seo-premium-wordpress\/ -->\n<title>Palheta sem raspagem obo\u00e9 EG-reeds<\/title>\n<meta name=\"description\" content=\"palhetas obo\u00e9, Palheta obo\u00e9 sem raspagem EG-REEDS, Palheta sem raspagem para obo\u00e9, palheta, palhetas, palhetas sem raspagem, oboe, EG\" \/>\n<meta name=\"robots\" content=\"index, follow, max-snippet:-1, max-image-preview:large, max-video-preview:-1\" \/>\n<link rel=\"canonical\" href=\"https:\/\/eg-reeds.com\/pt-pt\/shop\/palhetas-profissionais\/palhetas-oboe\/palheta-oboe-sem-raspagem-eg-reeds\/\" \/>\n<meta property=\"og:locale\" content=\"pt_PT\" \/>\n<meta property=\"og:type\" content=\"article\" \/>\n<meta property=\"og:title\" content=\"Palheta obo\u00e9 sem raspagem EG-REEDS\" \/>\n<meta property=\"og:description\" content=\"palhetas obo\u00e9, Palheta obo\u00e9 sem raspagem EG-REEDS, Palheta sem raspagem para obo\u00e9, palheta, palhetas, palhetas sem raspagem, oboe, EG\" \/>\n<meta property=\"og:url\" content=\"https:\/\/eg-reeds.com\/pt-pt\/shop\/palhetas-profissionais\/palhetas-oboe\/palheta-oboe-sem-raspagem-eg-reeds\/\" \/>\n<meta property=\"og:site_name\" content=\"EG-REEDS\" \/>\n<meta property=\"article:publisher\" content=\"https:\/\/www.facebook.com\/EGREEDS\" \/>\n<meta property=\"article:modified_time\" content=\"2017-05-31T19:01:49+00:00\" \/>\n<meta property=\"og:image\" content=\"https:\/\/eg-reeds.com\/wp-content\/uploads\/2015\/02\/Professional-blank-oboe-reed-EG-REEDS.jpg\" \/>\n\t<meta property=\"og:image:width\" content=\"640\" \/>\n\t<meta property=\"og:image:height\" content=\"544\" \/>\n\t<meta property=\"og:image:type\" content=\"image\/jpeg\" \/>\n<meta name=\"twitter:card\" content=\"summary_large_image\" \/>\n<meta name=\"twitter:site\" content=\"@egreeds\" \/>\n<meta name=\"twitter:label1\" content=\"Disponibilidade\" \/>\n\t<meta name=\"twitter:data1\" content=\"Em stock\" \/>\n<script type=\"application\/ld+json\" class=\"yoast-schema-graph\">{\"@context\":\"https:\\\/\\\/schema.org\",\"@graph\":[{\"@type\":[\"WebPage\",\"ItemPage\"],\"@id\":\"https:\\\/\\\/eg-reeds.com\\\/pt-pt\\\/shop\\\/palhetas-profissionais\\\/palhetas-oboe\\\/palheta-oboe-sem-raspagem-eg-reeds\\\/\",\"url\":\"https:\\\/\\\/eg-reeds.com\\\/pt-pt\\\/shop\\\/palhetas-profissionais\\\/palhetas-oboe\\\/palheta-oboe-sem-raspagem-eg-reeds\\\/\",\"name\":\"Palheta sem raspagem obo\u00e9 EG-reeds\",\"isPartOf\":{\"@id\":\"https:\\\/\\\/eg-reeds.com\\\/pt-pt\\\/#website\"},\"primaryImageOfPage\":{\"@id\":\"https:\\\/\\\/eg-reeds.com\\\/pt-pt\\\/shop\\\/palhetas-profissionais\\\/palhetas-oboe\\\/palheta-oboe-sem-raspagem-eg-reeds\\\/#primaryimage\"},\"image\":{\"@id\":\"https:\\\/\\\/eg-reeds.com\\\/pt-pt\\\/shop\\\/palhetas-profissionais\\\/palhetas-oboe\\\/palheta-oboe-sem-raspagem-eg-reeds\\\/#primaryimage\"},\"thumbnailUrl\":\"https:\\\/\\\/eg-reeds.com\\\/wp-content\\\/uploads\\\/2015\\\/02\\\/Professional-blank-oboe-reed-EG-REEDS.jpg\",\"datePublished\":\"2015-02-03T08:53:07+00:00\",\"dateModified\":\"2017-05-31T19:01:49+00:00\",\"description\":\"palhetas obo\u00e9, Palheta obo\u00e9 sem raspagem EG-REEDS, Palheta sem raspagem para obo\u00e9, palheta, palhetas, palhetas sem raspagem, oboe, EG\",\"breadcrumb\":{\"@id\":\"https:\\\/\\\/eg-reeds.com\\\/pt-pt\\\/shop\\\/palhetas-profissionais\\\/palhetas-oboe\\\/palheta-oboe-sem-raspagem-eg-reeds\\\/#breadcrumb\"},\"inLanguage\":\"pt-PT\",\"potentialAction\":[{\"@type\":\"ReadAction\",\"target\":[\"https:\\\/\\\/eg-reeds.com\\\/pt-pt\\\/shop\\\/palhetas-profissionais\\\/palhetas-oboe\\\/palheta-oboe-sem-raspagem-eg-reeds\\\/\"]}]},{\"@type\":\"ImageObject\",\"inLanguage\":\"pt-PT\",\"@id\":\"https:\\\/\\\/eg-reeds.com\\\/pt-pt\\\/shop\\\/palhetas-profissionais\\\/palhetas-oboe\\\/palheta-oboe-sem-raspagem-eg-reeds\\\/#primaryimage\",\"url\":\"https:\\\/\\\/eg-reeds.com\\\/wp-content\\\/uploads\\\/2015\\\/02\\\/Professional-blank-oboe-reed-EG-REEDS.jpg\",\"contentUrl\":\"https:\\\/\\\/eg-reeds.com\\\/wp-content\\\/uploads\\\/2015\\\/02\\\/Professional-blank-oboe-reed-EG-REEDS.jpg\",\"width\":640,\"height\":544,\"caption\":\"Palheta obo\u00e9 sem raspagem\"},{\"@type\":\"BreadcrumbList\",\"@id\":\"https:\\\/\\\/eg-reeds.com\\\/pt-pt\\\/shop\\\/palhetas-profissionais\\\/palhetas-oboe\\\/palheta-oboe-sem-raspagem-eg-reeds\\\/#breadcrumb\",\"itemListElement\":[{\"@type\":\"ListItem\",\"position\":1,\"name\":\"Startseite\",\"item\":\"https:\\\/\\\/eg-reeds.com\\\/pt-pt\\\/\"},{\"@type\":\"ListItem\",\"position\":2,\"name\":\"Loja\",\"item\":\"https:\\\/\\\/eg-reeds.com\\\/pt-pt\\\/\"},{\"@type\":\"ListItem\",\"position\":3,\"name\":\"Palheta obo\u00e9 sem raspagem EG-REEDS\"}]},{\"@type\":\"WebSite\",\"@id\":\"https:\\\/\\\/eg-reeds.com\\\/pt-pt\\\/#website\",\"url\":\"https:\\\/\\\/eg-reeds.com\\\/pt-pt\\\/\",\"name\":\"www.eg-reeds.com\",\"description\":\"Palhetas obo\u00e9\",\"publisher\":{\"@id\":\"https:\\\/\\\/eg-reeds.com\\\/pt-pt\\\/#organization\"},\"alternateName\":\"eg-reeds.com\",\"potentialAction\":[{\"@type\":\"SearchAction\",\"target\":{\"@type\":\"EntryPoint\",\"urlTemplate\":\"https:\\\/\\\/eg-reeds.com\\\/pt-pt\\\/?s={search_term_string}\"},\"query-input\":{\"@type\":\"PropertyValueSpecification\",\"valueRequired\":true,\"valueName\":\"search_term_string\"}}],\"inLanguage\":\"pt-PT\"},{\"@type\":\"Organization\",\"@id\":\"https:\\\/\\\/eg-reeds.com\\\/pt-pt\\\/#organization\",\"name\":\"www.eg-reeds.com\",\"url\":\"https:\\\/\\\/eg-reeds.com\\\/pt-pt\\\/\",\"logo\":{\"@type\":\"ImageObject\",\"inLanguage\":\"pt-PT\",\"@id\":\"https:\\\/\\\/eg-reeds.com\\\/pt-pt\\\/#\\\/schema\\\/logo\\\/image\\\/\",\"url\":\"https:\\\/\\\/eg-reeds.com\\\/wp-content\\\/uploads\\\/2024\\\/06\\\/Logo-scaled-e1718793906611.jpg\",\"contentUrl\":\"https:\\\/\\\/eg-reeds.com\\\/wp-content\\\/uploads\\\/2024\\\/06\\\/Logo-scaled-e1718793906611.jpg\",\"width\":1200,\"height\":493,\"caption\":\"www.eg-reeds.com\"},\"image\":{\"@id\":\"https:\\\/\\\/eg-reeds.com\\\/pt-pt\\\/#\\\/schema\\\/logo\\\/image\\\/\"},\"sameAs\":[\"https:\\\/\\\/www.facebook.com\\\/EGREEDS\",\"https:\\\/\\\/x.com\\\/egreeds\",\"https:\\\/\\\/www.instagram.com\\\/egreeds\\\/\",\"https:\\\/\\\/www.youtube.com\\\/c\\\/EGREEDS\",\"https:\\\/\\\/www.threads.net\\\/@egreeds\",\"https:\\\/\\\/www.tiktok.com\\\/@egreeds\"]}]}<\/script>\n<meta property=\"og:availability\" content=\"instock\" \/>\n<meta property=\"product:availability\" content=\"instock\" \/>\n<meta property=\"product:retailer_item_id\" content=\"CPOB-Blank\" \/>\n<meta property=\"product:condition\" content=\"new\" \/>\n<!-- \/ Yoast SEO Premium plugin. -->","yoast_head_json":{"title":"Palheta sem raspagem obo\u00e9 EG-reeds","description":"palhetas obo\u00e9, Palheta obo\u00e9 sem raspagem EG-REEDS, Palheta sem raspagem para obo\u00e9, palheta, palhetas, palhetas sem raspagem, oboe, EG","robots":{"index":"index","follow":"follow","max-snippet":"max-snippet:-1","max-image-preview":"max-image-preview:large","max-video-preview":"max-video-preview:-1"},"canonical":"https:\/\/eg-reeds.com\/pt-pt\/shop\/palhetas-profissionais\/palhetas-oboe\/palheta-oboe-sem-raspagem-eg-reeds\/","og_locale":"pt_PT","og_type":"article","og_title":"Palheta obo\u00e9 sem raspagem EG-REEDS","og_description":"palhetas obo\u00e9, Palheta obo\u00e9 sem raspagem EG-REEDS, Palheta sem raspagem para obo\u00e9, palheta, palhetas, palhetas sem raspagem, oboe, EG","og_url":"https:\/\/eg-reeds.com\/pt-pt\/shop\/palhetas-profissionais\/palhetas-oboe\/palheta-oboe-sem-raspagem-eg-reeds\/","og_site_name":"EG-REEDS","article_publisher":"https:\/\/www.facebook.com\/EGREEDS","article_modified_time":"2017-05-31T19:01:49+00:00","og_image":[{"width":640,"height":544,"url":"https:\/\/eg-reeds.com\/wp-content\/uploads\/2015\/02\/Professional-blank-oboe-reed-EG-REEDS.jpg","type":"image\/jpeg"}],"twitter_card":"summary_large_image","twitter_site":"@egreeds","twitter_misc":{"Disponibilidade":"Em stock"},"schema":{"@context":"https:\/\/schema.org","@graph":[{"@type":["WebPage","ItemPage"],"@id":"https:\/\/eg-reeds.com\/pt-pt\/shop\/palhetas-profissionais\/palhetas-oboe\/palheta-oboe-sem-raspagem-eg-reeds\/","url":"https:\/\/eg-reeds.com\/pt-pt\/shop\/palhetas-profissionais\/palhetas-oboe\/palheta-oboe-sem-raspagem-eg-reeds\/","name":"Palheta sem raspagem obo\u00e9 EG-reeds","isPartOf":{"@id":"https:\/\/eg-reeds.com\/pt-pt\/#website"},"primaryImageOfPage":{"@id":"https:\/\/eg-reeds.com\/pt-pt\/shop\/palhetas-profissionais\/palhetas-oboe\/palheta-oboe-sem-raspagem-eg-reeds\/#primaryimage"},"image":{"@id":"https:\/\/eg-reeds.com\/pt-pt\/shop\/palhetas-profissionais\/palhetas-oboe\/palheta-oboe-sem-raspagem-eg-reeds\/#primaryimage"},"thumbnailUrl":"https:\/\/eg-reeds.com\/wp-content\/uploads\/2015\/02\/Professional-blank-oboe-reed-EG-REEDS.jpg","datePublished":"2015-02-03T08:53:07+00:00","dateModified":"2017-05-31T19:01:49+00:00","description":"palhetas obo\u00e9, Palheta obo\u00e9 sem raspagem EG-REEDS, Palheta sem raspagem para obo\u00e9, palheta, palhetas, palhetas sem raspagem, oboe, EG","breadcrumb":{"@id":"https:\/\/eg-reeds.com\/pt-pt\/shop\/palhetas-profissionais\/palhetas-oboe\/palheta-oboe-sem-raspagem-eg-reeds\/#breadcrumb"},"inLanguage":"pt-PT","potentialAction":[{"@type":"ReadAction","target":["https:\/\/eg-reeds.com\/pt-pt\/shop\/palhetas-profissionais\/palhetas-oboe\/palheta-oboe-sem-raspagem-eg-reeds\/"]}]},{"@type":"ImageObject","inLanguage":"pt-PT","@id":"https:\/\/eg-reeds.com\/pt-pt\/shop\/palhetas-profissionais\/palhetas-oboe\/palheta-oboe-sem-raspagem-eg-reeds\/#primaryimage","url":"https:\/\/eg-reeds.com\/wp-content\/uploads\/2015\/02\/Professional-blank-oboe-reed-EG-REEDS.jpg","contentUrl":"https:\/\/eg-reeds.com\/wp-content\/uploads\/2015\/02\/Professional-blank-oboe-reed-EG-REEDS.jpg","width":640,"height":544,"caption":"Palheta obo\u00e9 sem raspagem"},{"@type":"BreadcrumbList","@id":"https:\/\/eg-reeds.com\/pt-pt\/shop\/palhetas-profissionais\/palhetas-oboe\/palheta-oboe-sem-raspagem-eg-reeds\/#breadcrumb","itemListElement":[{"@type":"ListItem","position":1,"name":"Startseite","item":"https:\/\/eg-reeds.com\/pt-pt\/"},{"@type":"ListItem","position":2,"name":"Loja","item":"https:\/\/eg-reeds.com\/pt-pt\/"},{"@type":"ListItem","position":3,"name":"Palheta obo\u00e9 sem raspagem EG-REEDS"}]},{"@type":"WebSite","@id":"https:\/\/eg-reeds.com\/pt-pt\/#website","url":"https:\/\/eg-reeds.com\/pt-pt\/","name":"www.eg-reeds.com","description":"Palhetas obo\u00e9","publisher":{"@id":"https:\/\/eg-reeds.com\/pt-pt\/#organization"},"alternateName":"eg-reeds.com","potentialAction":[{"@type":"SearchAction","target":{"@type":"EntryPoint","urlTemplate":"https:\/\/eg-reeds.com\/pt-pt\/?s={search_term_string}"},"query-input":{"@type":"PropertyValueSpecification","valueRequired":true,"valueName":"search_term_string"}}],"inLanguage":"pt-PT"},{"@type":"Organization","@id":"https:\/\/eg-reeds.com\/pt-pt\/#organization","name":"www.eg-reeds.com","url":"https:\/\/eg-reeds.com\/pt-pt\/","logo":{"@type":"ImageObject","inLanguage":"pt-PT","@id":"https:\/\/eg-reeds.com\/pt-pt\/#\/schema\/logo\/image\/","url":"https:\/\/eg-reeds.com\/wp-content\/uploads\/2024\/06\/Logo-scaled-e1718793906611.jpg","contentUrl":"https:\/\/eg-reeds.com\/wp-content\/uploads\/2024\/06\/Logo-scaled-e1718793906611.jpg","width":1200,"height":493,"caption":"www.eg-reeds.com"},"image":{"@id":"https:\/\/eg-reeds.com\/pt-pt\/#\/schema\/logo\/image\/"},"sameAs":["https:\/\/www.facebook.com\/EGREEDS","https:\/\/x.com\/egreeds","https:\/\/www.instagram.com\/egreeds\/","https:\/\/www.youtube.com\/c\/EGREEDS","https:\/\/www.threads.net\/@egreeds","https:\/\/www.tiktok.com\/@egreeds"]}]},"og_availability":"instock","product_availability":"instock","product_retailer_item_id":"CPOB-Blank","product_condition":"new"},"_links":{"self":[{"href":"https:\/\/eg-reeds.com\/pt-pt\/wp-json\/wp\/v2\/product\/2167","targetHints":{"allow":["GET"]}}],"collection":[{"href":"https:\/\/eg-reeds.com\/pt-pt\/wp-json\/wp\/v2\/product"}],"about":[{"href":"https:\/\/eg-reeds.com\/pt-pt\/wp-json\/wp\/v2\/types\/product"}],"replies":[{"embeddable":true,"href":"https:\/\/eg-reeds.com\/pt-pt\/wp-json\/wp\/v2\/comments?post=2167"}],"wp:featuredmedia":[{"embeddable":true,"href":"https:\/\/eg-reeds.com\/pt-pt\/wp-json\/wp\/v2\/media\/24900"}],"wp:attachment":[{"href":"https:\/\/eg-reeds.com\/pt-pt\/wp-json\/wp\/v2\/media?parent=2167"}],"wp:term":[{"taxonomy":"product_brand","embeddable":true,"href":"https:\/\/eg-reeds.com\/pt-pt\/wp-json\/wp\/v2\/product_brand?post=2167"},{"taxonomy":"product_cat","embeddable":true,"href":"https:\/\/eg-reeds.com\/pt-pt\/wp-json\/wp\/v2\/product_cat?post=2167"},{"taxonomy":"product_tag","embeddable":true,"href":"https:\/\/eg-reeds.com\/pt-pt\/wp-json\/wp\/v2\/product_tag?post=2167"},{"taxonomy":"giftcard-category","embeddable":true,"href":"https:\/\/eg-reeds.com\/pt-pt\/wp-json\/wp\/v2\/giftcard-category?post=2167"}],"curies":[{"name":"wp","href":"https:\/\/api.w.org\/{rel}","templated":true}]}}