{"id":2228,"date":"2015-02-03T09:01:09","date_gmt":"2015-02-03T08:01:09","guid":{"rendered":"http:\/\/eg-reeds.com\/shop\/uncategorized\/canas-goivadas-talhadas-e-dobradas-de-oboe-seleccao-estudante\/"},"modified":"2020-09-19T19:51:09","modified_gmt":"2020-09-19T17:51:09","slug":"canas-oboe-estudante-formadas-eg-reeds","status":"publish","type":"product","link":"https:\/\/eg-reeds.com\/pt-pt\/shop\/palhetas-e-cana-para-estudantes\/canas-oboe-estudante-formadas-eg-reeds\/","title":{"rendered":"Canas obo\u00e9 estudante formadas EG-REEDS"},"content":{"rendered":"<h4><strong>Canas obo\u00e9 estudante formadas EG-REEDS (10 unidades).<\/strong><\/h4>\n<p>Canas para obo\u00e9 formadas ideal para estudantes* com um pre\u00e7o realmente barato, apenas <strong>0,90\u20ac<\/strong> por cana. Cana realmente a baixo custo para praticar como fazer palhetas\u00a0sem gastar muito dinheiro.<\/p>\n<p>* Este produto pode conter diferentes formas, goivas, di\u00e2metros, muitas manchas ou peda\u00e7os enrugados de cana. N\u00e3o \u00e9 adequado para uso profissional. Se voc\u00ea quiser canas para tocar, experimente nossas <a href=\"https:\/\/eg-reeds.com\/pt-pt\/shop\/cana-processada\/cana-oboe\/canas-oboe-formadas-eg-reeds\/\" target=\"_blank\" rel=\"noopener noreferrer\">canas obo\u00e9 formadas<\/a> e selecione dureza macia.<\/p>\n<p>&nbsp;<\/p>\n<p>&nbsp;<\/p>\n","protected":false},"excerpt":{"rendered":"<p>10 unidades.<\/p>\n<p>Veja a descri\u00e7\u00e3o abaixo.<\/p>\n","protected":false},"featured_media":4544,"comment_status":"closed","ping_status":"closed","template":"","meta":[],"product_brand":[],"product_cat":[428],"product_tag":[],"giftcard-category":[],"class_list":{"0":"post-2228","1":"product","2":"type-product","3":"status-publish","4":"has-post-thumbnail","6":"product_cat-palhetas-e-cana-para-estudantes","8":"first","9":"instock","10":"featured","11":"taxable","12":"shipping-taxable","13":"purchasable","14":"product-type-simple"},"yoast_head":"<!-- This site is optimized with the Yoast SEO Premium plugin v27.0 (Yoast SEO v27.4) - https:\/\/yoast.com\/product\/yoast-seo-premium-wordpress\/ -->\n<title>Canas obo\u00e9 estudante formadas EG-REEDS - EG-REEDS<\/title>\n<meta name=\"description\" content=\"canas obo\u00e9, canas formadas, canas estudante, canas obo\u00e9 estudante, canas formadas obo\u00e9, Canas obo\u00e9 estudante formadas EG-REEDS canas, obo\u00e9, obo\u00e9 estudante, palhetas obo\u00e9, EG, EGreeds, EG-reeds\" \/>\n<meta name=\"robots\" content=\"index, follow, max-snippet:-1, max-image-preview:large, max-video-preview:-1\" \/>\n<link rel=\"canonical\" href=\"https:\/\/eg-reeds.com\/pt-pt\/shop\/palhetas-e-cana-para-estudantes\/canas-oboe-estudante-formadas-eg-reeds\/\" \/>\n<meta property=\"og:locale\" content=\"pt_PT\" \/>\n<meta property=\"og:type\" content=\"article\" \/>\n<meta property=\"og:title\" content=\"Canas obo\u00e9 estudante formadas EG-REEDS\" \/>\n<meta property=\"og:description\" content=\"canas obo\u00e9, canas formadas, canas estudante, canas obo\u00e9 estudante, canas formadas obo\u00e9, Canas obo\u00e9 estudante formadas EG-REEDS canas, obo\u00e9, obo\u00e9 estudante, palhetas obo\u00e9, EG, EGreeds, EG-reeds\" \/>\n<meta property=\"og:url\" content=\"https:\/\/eg-reeds.com\/pt-pt\/shop\/palhetas-e-cana-para-estudantes\/canas-oboe-estudante-formadas-eg-reeds\/\" \/>\n<meta property=\"og:site_name\" content=\"EG-REEDS\" \/>\n<meta property=\"article:publisher\" content=\"https:\/\/www.facebook.com\/EGREEDS\" \/>\n<meta property=\"article:modified_time\" content=\"2020-09-19T17:51:09+00:00\" \/>\n<meta property=\"og:image\" content=\"https:\/\/eg-reeds.com\/wp-content\/uploads\/2015\/02\/Student-Selection-Gouged-and-Shaped-Oboe-Cane-10-units.jpg\" \/>\n\t<meta property=\"og:image:width\" content=\"1280\" \/>\n\t<meta property=\"og:image:height\" content=\"854\" \/>\n\t<meta property=\"og:image:type\" content=\"image\/jpeg\" \/>\n<meta name=\"twitter:card\" content=\"summary_large_image\" \/>\n<meta name=\"twitter:site\" content=\"@egreeds\" \/>\n<meta name=\"twitter:label1\" content=\"pre\u00e7o\" \/>\n\t<meta name=\"twitter:data1\" content=\"10,90&euro;\" \/>\n\t<meta name=\"twitter:label2\" content=\"Disponibilidade\" \/>\n\t<meta name=\"twitter:data2\" content=\"Em stock\" \/>\n<script type=\"application\/ld+json\" class=\"yoast-schema-graph\">{\"@context\":\"https:\\\/\\\/schema.org\",\"@graph\":[{\"@type\":[\"WebPage\",\"ItemPage\"],\"@id\":\"https:\\\/\\\/eg-reeds.com\\\/pt-pt\\\/shop\\\/palhetas-e-cana-para-estudantes\\\/canas-oboe-estudante-formadas-eg-reeds\\\/\",\"url\":\"https:\\\/\\\/eg-reeds.com\\\/pt-pt\\\/shop\\\/palhetas-e-cana-para-estudantes\\\/canas-oboe-estudante-formadas-eg-reeds\\\/\",\"name\":\"Canas obo\u00e9 estudante formadas EG-REEDS - EG-REEDS\",\"isPartOf\":{\"@id\":\"https:\\\/\\\/eg-reeds.com\\\/pt-pt\\\/#website\"},\"primaryImageOfPage\":{\"@id\":\"https:\\\/\\\/eg-reeds.com\\\/pt-pt\\\/shop\\\/palhetas-e-cana-para-estudantes\\\/canas-oboe-estudante-formadas-eg-reeds\\\/#primaryimage\"},\"image\":{\"@id\":\"https:\\\/\\\/eg-reeds.com\\\/pt-pt\\\/shop\\\/palhetas-e-cana-para-estudantes\\\/canas-oboe-estudante-formadas-eg-reeds\\\/#primaryimage\"},\"thumbnailUrl\":\"https:\\\/\\\/eg-reeds.com\\\/wp-content\\\/uploads\\\/2015\\\/02\\\/Student-Selection-Gouged-and-Shaped-Oboe-Cane-10-units.jpg\",\"datePublished\":\"2015-02-03T08:01:09+00:00\",\"dateModified\":\"2020-09-19T17:51:09+00:00\",\"description\":\"canas obo\u00e9, canas formadas, canas estudante, canas obo\u00e9 estudante, canas formadas obo\u00e9, Canas obo\u00e9 estudante formadas EG-REEDS canas, obo\u00e9, obo\u00e9 estudante, palhetas obo\u00e9, EG, EGreeds, EG-reeds\",\"breadcrumb\":{\"@id\":\"https:\\\/\\\/eg-reeds.com\\\/pt-pt\\\/shop\\\/palhetas-e-cana-para-estudantes\\\/canas-oboe-estudante-formadas-eg-reeds\\\/#breadcrumb\"},\"inLanguage\":\"pt-PT\",\"potentialAction\":[{\"@type\":\"ReadAction\",\"target\":[\"https:\\\/\\\/eg-reeds.com\\\/pt-pt\\\/shop\\\/palhetas-e-cana-para-estudantes\\\/canas-oboe-estudante-formadas-eg-reeds\\\/\"]}]},{\"@type\":\"ImageObject\",\"inLanguage\":\"pt-PT\",\"@id\":\"https:\\\/\\\/eg-reeds.com\\\/pt-pt\\\/shop\\\/palhetas-e-cana-para-estudantes\\\/canas-oboe-estudante-formadas-eg-reeds\\\/#primaryimage\",\"url\":\"https:\\\/\\\/eg-reeds.com\\\/wp-content\\\/uploads\\\/2015\\\/02\\\/Student-Selection-Gouged-and-Shaped-Oboe-Cane-10-units.jpg\",\"contentUrl\":\"https:\\\/\\\/eg-reeds.com\\\/wp-content\\\/uploads\\\/2015\\\/02\\\/Student-Selection-Gouged-and-Shaped-Oboe-Cane-10-units.jpg\",\"width\":1280,\"height\":854,\"caption\":\"Canas obo\u00e9 estudante\"},{\"@type\":\"BreadcrumbList\",\"@id\":\"https:\\\/\\\/eg-reeds.com\\\/pt-pt\\\/shop\\\/palhetas-e-cana-para-estudantes\\\/canas-oboe-estudante-formadas-eg-reeds\\\/#breadcrumb\",\"itemListElement\":[{\"@type\":\"ListItem\",\"position\":1,\"name\":\"Startseite\",\"item\":\"https:\\\/\\\/eg-reeds.com\\\/pt-pt\\\/\"},{\"@type\":\"ListItem\",\"position\":2,\"name\":\"Loja\",\"item\":\"https:\\\/\\\/eg-reeds.com\\\/pt-pt\\\/\"},{\"@type\":\"ListItem\",\"position\":3,\"name\":\"Canas obo\u00e9 estudante formadas EG-REEDS\"}]},{\"@type\":\"WebSite\",\"@id\":\"https:\\\/\\\/eg-reeds.com\\\/pt-pt\\\/#website\",\"url\":\"https:\\\/\\\/eg-reeds.com\\\/pt-pt\\\/\",\"name\":\"www.eg-reeds.com\",\"description\":\"Palhetas obo\u00e9\",\"publisher\":{\"@id\":\"https:\\\/\\\/eg-reeds.com\\\/pt-pt\\\/#organization\"},\"alternateName\":\"eg-reeds.com\",\"potentialAction\":[{\"@type\":\"SearchAction\",\"target\":{\"@type\":\"EntryPoint\",\"urlTemplate\":\"https:\\\/\\\/eg-reeds.com\\\/pt-pt\\\/?s={search_term_string}\"},\"query-input\":{\"@type\":\"PropertyValueSpecification\",\"valueRequired\":true,\"valueName\":\"search_term_string\"}}],\"inLanguage\":\"pt-PT\"},{\"@type\":\"Organization\",\"@id\":\"https:\\\/\\\/eg-reeds.com\\\/pt-pt\\\/#organization\",\"name\":\"www.eg-reeds.com\",\"url\":\"https:\\\/\\\/eg-reeds.com\\\/pt-pt\\\/\",\"logo\":{\"@type\":\"ImageObject\",\"inLanguage\":\"pt-PT\",\"@id\":\"https:\\\/\\\/eg-reeds.com\\\/pt-pt\\\/#\\\/schema\\\/logo\\\/image\\\/\",\"url\":\"https:\\\/\\\/eg-reeds.com\\\/wp-content\\\/uploads\\\/2024\\\/06\\\/Logo-scaled-e1718793906611.jpg\",\"contentUrl\":\"https:\\\/\\\/eg-reeds.com\\\/wp-content\\\/uploads\\\/2024\\\/06\\\/Logo-scaled-e1718793906611.jpg\",\"width\":1200,\"height\":493,\"caption\":\"www.eg-reeds.com\"},\"image\":{\"@id\":\"https:\\\/\\\/eg-reeds.com\\\/pt-pt\\\/#\\\/schema\\\/logo\\\/image\\\/\"},\"sameAs\":[\"https:\\\/\\\/www.facebook.com\\\/EGREEDS\",\"https:\\\/\\\/x.com\\\/egreeds\",\"https:\\\/\\\/www.instagram.com\\\/egreeds\\\/\",\"https:\\\/\\\/www.youtube.com\\\/c\\\/EGREEDS\",\"https:\\\/\\\/www.threads.net\\\/@egreeds\",\"https:\\\/\\\/www.tiktok.com\\\/@egreeds\"]}]}<\/script>\n<meta property=\"product:price:amount\" content=\"10.90\" \/>\n<meta property=\"product:price:currency\" content=\"EUR\" \/>\n<meta property=\"og:availability\" content=\"instock\" \/>\n<meta property=\"product:availability\" content=\"instock\" \/>\n<meta property=\"product:retailer_item_id\" content=\"CEP\" \/>\n<meta property=\"product:condition\" content=\"new\" \/>\n<!-- \/ Yoast SEO Premium plugin. -->","yoast_head_json":{"title":"Canas obo\u00e9 estudante formadas EG-REEDS - EG-REEDS","description":"canas obo\u00e9, canas formadas, canas estudante, canas obo\u00e9 estudante, canas formadas obo\u00e9, Canas obo\u00e9 estudante formadas EG-REEDS canas, obo\u00e9, obo\u00e9 estudante, palhetas obo\u00e9, EG, EGreeds, EG-reeds","robots":{"index":"index","follow":"follow","max-snippet":"max-snippet:-1","max-image-preview":"max-image-preview:large","max-video-preview":"max-video-preview:-1"},"canonical":"https:\/\/eg-reeds.com\/pt-pt\/shop\/palhetas-e-cana-para-estudantes\/canas-oboe-estudante-formadas-eg-reeds\/","og_locale":"pt_PT","og_type":"article","og_title":"Canas obo\u00e9 estudante formadas EG-REEDS","og_description":"canas obo\u00e9, canas formadas, canas estudante, canas obo\u00e9 estudante, canas formadas obo\u00e9, Canas obo\u00e9 estudante formadas EG-REEDS canas, obo\u00e9, obo\u00e9 estudante, palhetas obo\u00e9, EG, EGreeds, EG-reeds","og_url":"https:\/\/eg-reeds.com\/pt-pt\/shop\/palhetas-e-cana-para-estudantes\/canas-oboe-estudante-formadas-eg-reeds\/","og_site_name":"EG-REEDS","article_publisher":"https:\/\/www.facebook.com\/EGREEDS","article_modified_time":"2020-09-19T17:51:09+00:00","og_image":[{"width":1280,"height":854,"url":"https:\/\/eg-reeds.com\/wp-content\/uploads\/2015\/02\/Student-Selection-Gouged-and-Shaped-Oboe-Cane-10-units.jpg","type":"image\/jpeg"}],"twitter_card":"summary_large_image","twitter_site":"@egreeds","twitter_misc":{"pre\u00e7o":"10,90&euro;","Disponibilidade":"Em stock"},"schema":{"@context":"https:\/\/schema.org","@graph":[{"@type":["WebPage","ItemPage"],"@id":"https:\/\/eg-reeds.com\/pt-pt\/shop\/palhetas-e-cana-para-estudantes\/canas-oboe-estudante-formadas-eg-reeds\/","url":"https:\/\/eg-reeds.com\/pt-pt\/shop\/palhetas-e-cana-para-estudantes\/canas-oboe-estudante-formadas-eg-reeds\/","name":"Canas obo\u00e9 estudante formadas EG-REEDS - EG-REEDS","isPartOf":{"@id":"https:\/\/eg-reeds.com\/pt-pt\/#website"},"primaryImageOfPage":{"@id":"https:\/\/eg-reeds.com\/pt-pt\/shop\/palhetas-e-cana-para-estudantes\/canas-oboe-estudante-formadas-eg-reeds\/#primaryimage"},"image":{"@id":"https:\/\/eg-reeds.com\/pt-pt\/shop\/palhetas-e-cana-para-estudantes\/canas-oboe-estudante-formadas-eg-reeds\/#primaryimage"},"thumbnailUrl":"https:\/\/eg-reeds.com\/wp-content\/uploads\/2015\/02\/Student-Selection-Gouged-and-Shaped-Oboe-Cane-10-units.jpg","datePublished":"2015-02-03T08:01:09+00:00","dateModified":"2020-09-19T17:51:09+00:00","description":"canas obo\u00e9, canas formadas, canas estudante, canas obo\u00e9 estudante, canas formadas obo\u00e9, Canas obo\u00e9 estudante formadas EG-REEDS canas, obo\u00e9, obo\u00e9 estudante, palhetas obo\u00e9, EG, EGreeds, EG-reeds","breadcrumb":{"@id":"https:\/\/eg-reeds.com\/pt-pt\/shop\/palhetas-e-cana-para-estudantes\/canas-oboe-estudante-formadas-eg-reeds\/#breadcrumb"},"inLanguage":"pt-PT","potentialAction":[{"@type":"ReadAction","target":["https:\/\/eg-reeds.com\/pt-pt\/shop\/palhetas-e-cana-para-estudantes\/canas-oboe-estudante-formadas-eg-reeds\/"]}]},{"@type":"ImageObject","inLanguage":"pt-PT","@id":"https:\/\/eg-reeds.com\/pt-pt\/shop\/palhetas-e-cana-para-estudantes\/canas-oboe-estudante-formadas-eg-reeds\/#primaryimage","url":"https:\/\/eg-reeds.com\/wp-content\/uploads\/2015\/02\/Student-Selection-Gouged-and-Shaped-Oboe-Cane-10-units.jpg","contentUrl":"https:\/\/eg-reeds.com\/wp-content\/uploads\/2015\/02\/Student-Selection-Gouged-and-Shaped-Oboe-Cane-10-units.jpg","width":1280,"height":854,"caption":"Canas obo\u00e9 estudante"},{"@type":"BreadcrumbList","@id":"https:\/\/eg-reeds.com\/pt-pt\/shop\/palhetas-e-cana-para-estudantes\/canas-oboe-estudante-formadas-eg-reeds\/#breadcrumb","itemListElement":[{"@type":"ListItem","position":1,"name":"Startseite","item":"https:\/\/eg-reeds.com\/pt-pt\/"},{"@type":"ListItem","position":2,"name":"Loja","item":"https:\/\/eg-reeds.com\/pt-pt\/"},{"@type":"ListItem","position":3,"name":"Canas obo\u00e9 estudante formadas EG-REEDS"}]},{"@type":"WebSite","@id":"https:\/\/eg-reeds.com\/pt-pt\/#website","url":"https:\/\/eg-reeds.com\/pt-pt\/","name":"www.eg-reeds.com","description":"Palhetas obo\u00e9","publisher":{"@id":"https:\/\/eg-reeds.com\/pt-pt\/#organization"},"alternateName":"eg-reeds.com","potentialAction":[{"@type":"SearchAction","target":{"@type":"EntryPoint","urlTemplate":"https:\/\/eg-reeds.com\/pt-pt\/?s={search_term_string}"},"query-input":{"@type":"PropertyValueSpecification","valueRequired":true,"valueName":"search_term_string"}}],"inLanguage":"pt-PT"},{"@type":"Organization","@id":"https:\/\/eg-reeds.com\/pt-pt\/#organization","name":"www.eg-reeds.com","url":"https:\/\/eg-reeds.com\/pt-pt\/","logo":{"@type":"ImageObject","inLanguage":"pt-PT","@id":"https:\/\/eg-reeds.com\/pt-pt\/#\/schema\/logo\/image\/","url":"https:\/\/eg-reeds.com\/wp-content\/uploads\/2024\/06\/Logo-scaled-e1718793906611.jpg","contentUrl":"https:\/\/eg-reeds.com\/wp-content\/uploads\/2024\/06\/Logo-scaled-e1718793906611.jpg","width":1200,"height":493,"caption":"www.eg-reeds.com"},"image":{"@id":"https:\/\/eg-reeds.com\/pt-pt\/#\/schema\/logo\/image\/"},"sameAs":["https:\/\/www.facebook.com\/EGREEDS","https:\/\/x.com\/egreeds","https:\/\/www.instagram.com\/egreeds\/","https:\/\/www.youtube.com\/c\/EGREEDS","https:\/\/www.threads.net\/@egreeds","https:\/\/www.tiktok.com\/@egreeds"]}]},"product_price_amount":"10.90","product_price_currency":"EUR","og_availability":"instock","product_availability":"instock","product_retailer_item_id":"CEP","product_condition":"new"},"_links":{"self":[{"href":"https:\/\/eg-reeds.com\/pt-pt\/wp-json\/wp\/v2\/product\/2228","targetHints":{"allow":["GET"]}}],"collection":[{"href":"https:\/\/eg-reeds.com\/pt-pt\/wp-json\/wp\/v2\/product"}],"about":[{"href":"https:\/\/eg-reeds.com\/pt-pt\/wp-json\/wp\/v2\/types\/product"}],"replies":[{"embeddable":true,"href":"https:\/\/eg-reeds.com\/pt-pt\/wp-json\/wp\/v2\/comments?post=2228"}],"wp:featuredmedia":[{"embeddable":true,"href":"https:\/\/eg-reeds.com\/pt-pt\/wp-json\/wp\/v2\/media\/4544"}],"wp:attachment":[{"href":"https:\/\/eg-reeds.com\/pt-pt\/wp-json\/wp\/v2\/media?parent=2228"}],"wp:term":[{"taxonomy":"product_brand","embeddable":true,"href":"https:\/\/eg-reeds.com\/pt-pt\/wp-json\/wp\/v2\/product_brand?post=2228"},{"taxonomy":"product_cat","embeddable":true,"href":"https:\/\/eg-reeds.com\/pt-pt\/wp-json\/wp\/v2\/product_cat?post=2228"},{"taxonomy":"product_tag","embeddable":true,"href":"https:\/\/eg-reeds.com\/pt-pt\/wp-json\/wp\/v2\/product_tag?post=2228"},{"taxonomy":"giftcard-category","embeddable":true,"href":"https:\/\/eg-reeds.com\/pt-pt\/wp-json\/wp\/v2\/giftcard-category?post=2228"}],"curies":[{"name":"wp","href":"https:\/\/api.w.org\/{rel}","templated":true}]}}