{"id":2257,"date":"2015-02-03T10:05:48","date_gmt":"2015-02-03T09:05:48","guid":{"rendered":"http:\/\/eg-reeds.com\/shop\/uncategorized\/maquina-k-ge-para-medir-a-flexibilidade-da-cana-goivada\/"},"modified":"2018-05-23T18:47:52","modified_gmt":"2018-05-23T17:47:52","slug":"maquina-flexibilidade-k-ge","status":"publish","type":"product","link":"https:\/\/eg-reeds.com\/pt-pt\/shop\/maquinas-de-fazer-palhetas\/k-ge-12\/maquina-flexibilidade-k-ge\/","title":{"rendered":"M\u00e1quina flexibilidade K.GE"},"content":{"rendered":"<h4><strong>M\u00e1quina flexibilidade K.GE<\/strong><\/h4>\n<p>M\u00e1quina para medir a flexibilidade da cana goivada K.GE.<\/p>\n<iframe loading=\"lazy\" src=\"https:\/\/www.youtube.com\/embed\/M9vPPCHhgRI\" width=\"340\" height=\"240\" frameborder=\"0\" allowfullscreen=\"allowfullscreen\"><\/iframe>\n","protected":false},"excerpt":{"rendered":"<p>M\u00e1quina flexibilidade K.GE M\u00e1quina para medir a flexibilidade da cana goivada K.GE.<\/p>\n","protected":false},"featured_media":22920,"comment_status":"open","ping_status":"closed","template":"","meta":[],"product_brand":[],"product_cat":[427,1353],"product_tag":[],"giftcard-category":[],"class_list":{"0":"post-2257","1":"product","2":"type-product","3":"status-publish","4":"has-post-thumbnail","6":"product_cat-maquinas-de-fazer-palhetas","7":"product_cat-k-ge-12","8":"product_shipping_class-rmm-pt-pt","10":"first","11":"outofstock","12":"taxable","13":"shipping-taxable","14":"purchasable","15":"product-type-simple"},"yoast_head":"<!-- This site is optimized with the Yoast SEO Premium plugin v27.0 (Yoast SEO v27.3) - https:\/\/yoast.com\/product\/yoast-seo-premium-wordpress\/ -->\n<title>M\u00e1quina flexibilidade K.GE - EG-REEDS<\/title>\n<meta name=\"description\" content=\"m\u00e1quina flexibilidade K.GE , K.GE, flexibilidade KGE, KGE, M\u00e1quina flexibilidade KGE, m\u00e1quina medir flexibilidade, cana goivada, cana goivada obo\u00e9, canas goivadas, canas goivadas obo\u00e9, obo\u00e9, canas\" \/>\n<meta name=\"robots\" content=\"index, follow, max-snippet:-1, max-image-preview:large, max-video-preview:-1\" \/>\n<link rel=\"canonical\" href=\"https:\/\/eg-reeds.com\/pt-pt\/shop\/maquinas-de-fazer-palhetas\/k-ge-12\/maquina-flexibilidade-k-ge\/\" \/>\n<meta property=\"og:locale\" content=\"pt_PT\" \/>\n<meta property=\"og:type\" content=\"article\" \/>\n<meta property=\"og:title\" content=\"M\u00e1quina flexibilidade K.GE\" \/>\n<meta property=\"og:description\" content=\"m\u00e1quina flexibilidade K.GE , K.GE, flexibilidade KGE, KGE, M\u00e1quina flexibilidade KGE, m\u00e1quina medir flexibilidade, cana goivada, cana goivada obo\u00e9, canas goivadas, canas goivadas obo\u00e9, obo\u00e9, canas\" \/>\n<meta property=\"og:url\" content=\"https:\/\/eg-reeds.com\/pt-pt\/shop\/maquinas-de-fazer-palhetas\/k-ge-12\/maquina-flexibilidade-k-ge\/\" \/>\n<meta property=\"og:site_name\" content=\"EG-REEDS\" \/>\n<meta property=\"article:publisher\" content=\"https:\/\/www.facebook.com\/EGREEDS\" \/>\n<meta property=\"article:modified_time\" content=\"2018-05-23T17:47:52+00:00\" \/>\n<meta property=\"og:image\" content=\"https:\/\/eg-reeds.com\/wp-content\/uploads\/2017\/01\/Flexibility-test-machine-KGE-EG-REEDS.jpg\" \/>\n\t<meta property=\"og:image:width\" content=\"640\" \/>\n\t<meta property=\"og:image:height\" content=\"544\" \/>\n\t<meta property=\"og:image:type\" content=\"image\/jpeg\" \/>\n<meta name=\"twitter:card\" content=\"summary_large_image\" \/>\n<meta name=\"twitter:site\" content=\"@egreeds\" \/>\n<meta name=\"twitter:label1\" content=\"pre\u00e7o\" \/>\n\t<meta name=\"twitter:data1\" content=\"1.050,00&euro;\" \/>\n\t<meta name=\"twitter:label2\" content=\"Disponibilidade\" \/>\n\t<meta name=\"twitter:data2\" content=\"Esgotado\" \/>\n<script type=\"application\/ld+json\" class=\"yoast-schema-graph\">{\"@context\":\"https:\\\/\\\/schema.org\",\"@graph\":[{\"@type\":[\"WebPage\",\"ItemPage\"],\"@id\":\"https:\\\/\\\/eg-reeds.com\\\/pt-pt\\\/shop\\\/maquinas-de-fazer-palhetas\\\/k-ge-12\\\/maquina-flexibilidade-k-ge\\\/\",\"url\":\"https:\\\/\\\/eg-reeds.com\\\/pt-pt\\\/shop\\\/maquinas-de-fazer-palhetas\\\/k-ge-12\\\/maquina-flexibilidade-k-ge\\\/\",\"name\":\"M\u00e1quina flexibilidade K.GE - EG-REEDS\",\"isPartOf\":{\"@id\":\"https:\\\/\\\/eg-reeds.com\\\/pt-pt\\\/#website\"},\"primaryImageOfPage\":{\"@id\":\"https:\\\/\\\/eg-reeds.com\\\/pt-pt\\\/shop\\\/maquinas-de-fazer-palhetas\\\/k-ge-12\\\/maquina-flexibilidade-k-ge\\\/#primaryimage\"},\"image\":{\"@id\":\"https:\\\/\\\/eg-reeds.com\\\/pt-pt\\\/shop\\\/maquinas-de-fazer-palhetas\\\/k-ge-12\\\/maquina-flexibilidade-k-ge\\\/#primaryimage\"},\"thumbnailUrl\":\"https:\\\/\\\/eg-reeds.com\\\/wp-content\\\/uploads\\\/2017\\\/01\\\/Flexibility-test-machine-KGE-EG-REEDS.jpg\",\"datePublished\":\"2015-02-03T09:05:48+00:00\",\"dateModified\":\"2018-05-23T17:47:52+00:00\",\"description\":\"m\u00e1quina flexibilidade K.GE , K.GE, flexibilidade KGE, KGE, M\u00e1quina flexibilidade KGE, m\u00e1quina medir flexibilidade, cana goivada, cana goivada obo\u00e9, canas goivadas, canas goivadas obo\u00e9, obo\u00e9, canas\",\"breadcrumb\":{\"@id\":\"https:\\\/\\\/eg-reeds.com\\\/pt-pt\\\/shop\\\/maquinas-de-fazer-palhetas\\\/k-ge-12\\\/maquina-flexibilidade-k-ge\\\/#breadcrumb\"},\"inLanguage\":\"pt-PT\",\"potentialAction\":[{\"@type\":\"ReadAction\",\"target\":[\"https:\\\/\\\/eg-reeds.com\\\/pt-pt\\\/shop\\\/maquinas-de-fazer-palhetas\\\/k-ge-12\\\/maquina-flexibilidade-k-ge\\\/\"]}]},{\"@type\":\"ImageObject\",\"inLanguage\":\"pt-PT\",\"@id\":\"https:\\\/\\\/eg-reeds.com\\\/pt-pt\\\/shop\\\/maquinas-de-fazer-palhetas\\\/k-ge-12\\\/maquina-flexibilidade-k-ge\\\/#primaryimage\",\"url\":\"https:\\\/\\\/eg-reeds.com\\\/wp-content\\\/uploads\\\/2017\\\/01\\\/Flexibility-test-machine-KGE-EG-REEDS.jpg\",\"contentUrl\":\"https:\\\/\\\/eg-reeds.com\\\/wp-content\\\/uploads\\\/2017\\\/01\\\/Flexibility-test-machine-KGE-EG-REEDS.jpg\",\"width\":640,\"height\":544},{\"@type\":\"BreadcrumbList\",\"@id\":\"https:\\\/\\\/eg-reeds.com\\\/pt-pt\\\/shop\\\/maquinas-de-fazer-palhetas\\\/k-ge-12\\\/maquina-flexibilidade-k-ge\\\/#breadcrumb\",\"itemListElement\":[{\"@type\":\"ListItem\",\"position\":1,\"name\":\"Startseite\",\"item\":\"https:\\\/\\\/eg-reeds.com\\\/pt-pt\\\/\"},{\"@type\":\"ListItem\",\"position\":2,\"name\":\"Loja\",\"item\":\"https:\\\/\\\/eg-reeds.com\\\/pt-pt\\\/\"},{\"@type\":\"ListItem\",\"position\":3,\"name\":\"M\u00e1quina flexibilidade K.GE\"}]},{\"@type\":\"WebSite\",\"@id\":\"https:\\\/\\\/eg-reeds.com\\\/pt-pt\\\/#website\",\"url\":\"https:\\\/\\\/eg-reeds.com\\\/pt-pt\\\/\",\"name\":\"www.eg-reeds.com\",\"description\":\"Palhetas obo\u00e9\",\"publisher\":{\"@id\":\"https:\\\/\\\/eg-reeds.com\\\/pt-pt\\\/#organization\"},\"alternateName\":\"eg-reeds.com\",\"potentialAction\":[{\"@type\":\"SearchAction\",\"target\":{\"@type\":\"EntryPoint\",\"urlTemplate\":\"https:\\\/\\\/eg-reeds.com\\\/pt-pt\\\/?s={search_term_string}\"},\"query-input\":{\"@type\":\"PropertyValueSpecification\",\"valueRequired\":true,\"valueName\":\"search_term_string\"}}],\"inLanguage\":\"pt-PT\"},{\"@type\":\"Organization\",\"@id\":\"https:\\\/\\\/eg-reeds.com\\\/pt-pt\\\/#organization\",\"name\":\"www.eg-reeds.com\",\"url\":\"https:\\\/\\\/eg-reeds.com\\\/pt-pt\\\/\",\"logo\":{\"@type\":\"ImageObject\",\"inLanguage\":\"pt-PT\",\"@id\":\"https:\\\/\\\/eg-reeds.com\\\/pt-pt\\\/#\\\/schema\\\/logo\\\/image\\\/\",\"url\":\"https:\\\/\\\/eg-reeds.com\\\/wp-content\\\/uploads\\\/2024\\\/06\\\/Logo-scaled-e1718793906611.jpg\",\"contentUrl\":\"https:\\\/\\\/eg-reeds.com\\\/wp-content\\\/uploads\\\/2024\\\/06\\\/Logo-scaled-e1718793906611.jpg\",\"width\":1200,\"height\":493,\"caption\":\"www.eg-reeds.com\"},\"image\":{\"@id\":\"https:\\\/\\\/eg-reeds.com\\\/pt-pt\\\/#\\\/schema\\\/logo\\\/image\\\/\"},\"sameAs\":[\"https:\\\/\\\/www.facebook.com\\\/EGREEDS\",\"https:\\\/\\\/x.com\\\/egreeds\",\"https:\\\/\\\/www.instagram.com\\\/egreeds\\\/\",\"https:\\\/\\\/www.youtube.com\\\/c\\\/EGREEDS\",\"https:\\\/\\\/www.threads.net\\\/@egreeds\",\"https:\\\/\\\/www.tiktok.com\\\/@egreeds\"]}]}<\/script>\n<meta property=\"product:price:amount\" content=\"1050.00\" \/>\n<meta property=\"product:price:currency\" content=\"EUR\" \/>\n<meta property=\"og:availability\" content=\"out of stock\" \/>\n<meta property=\"product:availability\" content=\"out of stock\" \/>\n<meta property=\"product:retailer_item_id\" content=\"MKGEF\" \/>\n<meta property=\"product:condition\" content=\"new\" \/>\n<!-- \/ Yoast SEO Premium plugin. -->","yoast_head_json":{"title":"M\u00e1quina flexibilidade K.GE - EG-REEDS","description":"m\u00e1quina flexibilidade K.GE , K.GE, flexibilidade KGE, KGE, M\u00e1quina flexibilidade KGE, m\u00e1quina medir flexibilidade, cana goivada, cana goivada obo\u00e9, canas goivadas, canas goivadas obo\u00e9, obo\u00e9, canas","robots":{"index":"index","follow":"follow","max-snippet":"max-snippet:-1","max-image-preview":"max-image-preview:large","max-video-preview":"max-video-preview:-1"},"canonical":"https:\/\/eg-reeds.com\/pt-pt\/shop\/maquinas-de-fazer-palhetas\/k-ge-12\/maquina-flexibilidade-k-ge\/","og_locale":"pt_PT","og_type":"article","og_title":"M\u00e1quina flexibilidade K.GE","og_description":"m\u00e1quina flexibilidade K.GE , K.GE, flexibilidade KGE, KGE, M\u00e1quina flexibilidade KGE, m\u00e1quina medir flexibilidade, cana goivada, cana goivada obo\u00e9, canas goivadas, canas goivadas obo\u00e9, obo\u00e9, canas","og_url":"https:\/\/eg-reeds.com\/pt-pt\/shop\/maquinas-de-fazer-palhetas\/k-ge-12\/maquina-flexibilidade-k-ge\/","og_site_name":"EG-REEDS","article_publisher":"https:\/\/www.facebook.com\/EGREEDS","article_modified_time":"2018-05-23T17:47:52+00:00","og_image":[{"width":640,"height":544,"url":"https:\/\/eg-reeds.com\/wp-content\/uploads\/2017\/01\/Flexibility-test-machine-KGE-EG-REEDS.jpg","type":"image\/jpeg"}],"twitter_card":"summary_large_image","twitter_site":"@egreeds","twitter_misc":{"pre\u00e7o":"1.050,00&euro;","Disponibilidade":"Esgotado"},"schema":{"@context":"https:\/\/schema.org","@graph":[{"@type":["WebPage","ItemPage"],"@id":"https:\/\/eg-reeds.com\/pt-pt\/shop\/maquinas-de-fazer-palhetas\/k-ge-12\/maquina-flexibilidade-k-ge\/","url":"https:\/\/eg-reeds.com\/pt-pt\/shop\/maquinas-de-fazer-palhetas\/k-ge-12\/maquina-flexibilidade-k-ge\/","name":"M\u00e1quina flexibilidade K.GE - EG-REEDS","isPartOf":{"@id":"https:\/\/eg-reeds.com\/pt-pt\/#website"},"primaryImageOfPage":{"@id":"https:\/\/eg-reeds.com\/pt-pt\/shop\/maquinas-de-fazer-palhetas\/k-ge-12\/maquina-flexibilidade-k-ge\/#primaryimage"},"image":{"@id":"https:\/\/eg-reeds.com\/pt-pt\/shop\/maquinas-de-fazer-palhetas\/k-ge-12\/maquina-flexibilidade-k-ge\/#primaryimage"},"thumbnailUrl":"https:\/\/eg-reeds.com\/wp-content\/uploads\/2017\/01\/Flexibility-test-machine-KGE-EG-REEDS.jpg","datePublished":"2015-02-03T09:05:48+00:00","dateModified":"2018-05-23T17:47:52+00:00","description":"m\u00e1quina flexibilidade K.GE , K.GE, flexibilidade KGE, KGE, M\u00e1quina flexibilidade KGE, m\u00e1quina medir flexibilidade, cana goivada, cana goivada obo\u00e9, canas goivadas, canas goivadas obo\u00e9, obo\u00e9, canas","breadcrumb":{"@id":"https:\/\/eg-reeds.com\/pt-pt\/shop\/maquinas-de-fazer-palhetas\/k-ge-12\/maquina-flexibilidade-k-ge\/#breadcrumb"},"inLanguage":"pt-PT","potentialAction":[{"@type":"ReadAction","target":["https:\/\/eg-reeds.com\/pt-pt\/shop\/maquinas-de-fazer-palhetas\/k-ge-12\/maquina-flexibilidade-k-ge\/"]}]},{"@type":"ImageObject","inLanguage":"pt-PT","@id":"https:\/\/eg-reeds.com\/pt-pt\/shop\/maquinas-de-fazer-palhetas\/k-ge-12\/maquina-flexibilidade-k-ge\/#primaryimage","url":"https:\/\/eg-reeds.com\/wp-content\/uploads\/2017\/01\/Flexibility-test-machine-KGE-EG-REEDS.jpg","contentUrl":"https:\/\/eg-reeds.com\/wp-content\/uploads\/2017\/01\/Flexibility-test-machine-KGE-EG-REEDS.jpg","width":640,"height":544},{"@type":"BreadcrumbList","@id":"https:\/\/eg-reeds.com\/pt-pt\/shop\/maquinas-de-fazer-palhetas\/k-ge-12\/maquina-flexibilidade-k-ge\/#breadcrumb","itemListElement":[{"@type":"ListItem","position":1,"name":"Startseite","item":"https:\/\/eg-reeds.com\/pt-pt\/"},{"@type":"ListItem","position":2,"name":"Loja","item":"https:\/\/eg-reeds.com\/pt-pt\/"},{"@type":"ListItem","position":3,"name":"M\u00e1quina flexibilidade K.GE"}]},{"@type":"WebSite","@id":"https:\/\/eg-reeds.com\/pt-pt\/#website","url":"https:\/\/eg-reeds.com\/pt-pt\/","name":"www.eg-reeds.com","description":"Palhetas obo\u00e9","publisher":{"@id":"https:\/\/eg-reeds.com\/pt-pt\/#organization"},"alternateName":"eg-reeds.com","potentialAction":[{"@type":"SearchAction","target":{"@type":"EntryPoint","urlTemplate":"https:\/\/eg-reeds.com\/pt-pt\/?s={search_term_string}"},"query-input":{"@type":"PropertyValueSpecification","valueRequired":true,"valueName":"search_term_string"}}],"inLanguage":"pt-PT"},{"@type":"Organization","@id":"https:\/\/eg-reeds.com\/pt-pt\/#organization","name":"www.eg-reeds.com","url":"https:\/\/eg-reeds.com\/pt-pt\/","logo":{"@type":"ImageObject","inLanguage":"pt-PT","@id":"https:\/\/eg-reeds.com\/pt-pt\/#\/schema\/logo\/image\/","url":"https:\/\/eg-reeds.com\/wp-content\/uploads\/2024\/06\/Logo-scaled-e1718793906611.jpg","contentUrl":"https:\/\/eg-reeds.com\/wp-content\/uploads\/2024\/06\/Logo-scaled-e1718793906611.jpg","width":1200,"height":493,"caption":"www.eg-reeds.com"},"image":{"@id":"https:\/\/eg-reeds.com\/pt-pt\/#\/schema\/logo\/image\/"},"sameAs":["https:\/\/www.facebook.com\/EGREEDS","https:\/\/x.com\/egreeds","https:\/\/www.instagram.com\/egreeds\/","https:\/\/www.youtube.com\/c\/EGREEDS","https:\/\/www.threads.net\/@egreeds","https:\/\/www.tiktok.com\/@egreeds"]}]},"product_price_amount":"1050.00","product_price_currency":"EUR","og_availability":"out of stock","product_availability":"out of stock","product_retailer_item_id":"MKGEF","product_condition":"new"},"_links":{"self":[{"href":"https:\/\/eg-reeds.com\/pt-pt\/wp-json\/wp\/v2\/product\/2257","targetHints":{"allow":["GET"]}}],"collection":[{"href":"https:\/\/eg-reeds.com\/pt-pt\/wp-json\/wp\/v2\/product"}],"about":[{"href":"https:\/\/eg-reeds.com\/pt-pt\/wp-json\/wp\/v2\/types\/product"}],"replies":[{"embeddable":true,"href":"https:\/\/eg-reeds.com\/pt-pt\/wp-json\/wp\/v2\/comments?post=2257"}],"wp:featuredmedia":[{"embeddable":true,"href":"https:\/\/eg-reeds.com\/pt-pt\/wp-json\/wp\/v2\/media\/22920"}],"wp:attachment":[{"href":"https:\/\/eg-reeds.com\/pt-pt\/wp-json\/wp\/v2\/media?parent=2257"}],"wp:term":[{"taxonomy":"product_brand","embeddable":true,"href":"https:\/\/eg-reeds.com\/pt-pt\/wp-json\/wp\/v2\/product_brand?post=2257"},{"taxonomy":"product_cat","embeddable":true,"href":"https:\/\/eg-reeds.com\/pt-pt\/wp-json\/wp\/v2\/product_cat?post=2257"},{"taxonomy":"product_tag","embeddable":true,"href":"https:\/\/eg-reeds.com\/pt-pt\/wp-json\/wp\/v2\/product_tag?post=2257"},{"taxonomy":"giftcard-category","embeddable":true,"href":"https:\/\/eg-reeds.com\/pt-pt\/wp-json\/wp\/v2\/giftcard-category?post=2257"}],"curies":[{"name":"wp","href":"https:\/\/api.w.org\/{rel}","templated":true}]}}