{"id":2260,"date":"2015-02-03T09:06:39","date_gmt":"2015-02-03T09:06:39","guid":{"rendered":"http:\/\/eg-reeds.com\/shop\/uncategorized\/maquina-k-ge-de-raspar-canas-de-oboe-y-corne-ingles\/"},"modified":"2024-10-31T09:54:18","modified_gmt":"2024-10-31T08:54:18","slug":"maquina-de-raspar-palhetas-de-oboe-y-corne-ingles-k-ge","status":"publish","type":"product","link":"https:\/\/eg-reeds.com\/pt-pt\/shop\/maquinas-de-fazer-palhetas\/k-ge-12\/maquina-de-raspar-palhetas-de-oboe-y-corne-ingles-k-ge\/","title":{"rendered":"M\u00e1quina de raspar palhetas de obo\u00e9 y corne ingl\u00eas K.GE"},"content":{"rendered":"<h1>M\u00e1quina de raspar palhetas de obo\u00e9 y corne ingl\u00eas K.GE<\/h1>\n<p>M\u00e1quina de raspar palhetas de obo\u00e9 y corne ingl\u00eas K.GE<\/p>\n<p>Envio em <strong>aproximadamente 30 dias<\/strong>, dependendo do fabricante.<\/p>\n<p>A m\u00e1quina de raspagem K.GE \u00e9 a ferramenta ideal para obo\u00edstas e m\u00fasicos de corne ingl\u00eas que buscam precis\u00e3o e consist\u00eancia na prepara\u00e7\u00e3o de suas palhetas. Com um design robusto, esta m\u00e1quina permite ajustes precisos na raspagem das palhetas, garantindo um desempenho ideal.<\/p>\n<p>A m\u00e1quina oferece diversas configura\u00e7\u00f5es e varia\u00e7\u00f5es personaliz\u00e1veis, unindo a liberdade de uma l\u00e2mina com a precis\u00e3o de uma m\u00e1quina. Abaixo, voc\u00ea encontrar\u00e1 v\u00eddeos que demonstram o funcionamento da m\u00e1quina, al\u00e9m de respostas \u00e0s perguntas mais frequentes.<\/p>\n<p>&nbsp;<\/p>\n<h2>Servi\u00e7o T\u00e9cnico Autorizado K.GE<\/h2>\n<p>Na EG-REEDS, tamb\u00e9m oferecemos servi\u00e7o t\u00e9cnico autorizado, com pessoal treinado pessoalmente pela K.GE para <a href=\"http:\/\/www.shop.kge-doublereeds.com\/Suppliers-of-KGE-REEDS-in-Spain-dealer-sp.htm\" target=\"_blank\" rel=\"noopener\"><strong>Espanha<\/strong><\/a> e <a href=\"http:\/\/www.shop.kge-doublereeds.com\/Suppliers-of-KGE-REEDS-in-Portugal-dealer-pt.htm\" target=\"_blank\" rel=\"noopener\"><strong>Portugal<\/strong><\/a>.<\/p>\n<div><strong>Servi\u00e7o dispon\u00edvel apenas para m\u00e1quinas compradas em <a href=\"http:\/\/eg-reeds.com\" target=\"_blank\" rel=\"noopener\">www.eg-reeds.com<\/a><\/strong><\/div>\n<div><\/div>\n<blockquote class=\"wp-embedded-content\" data-secret=\"Q61EMGF23y\"><p><a href=\"https:\/\/eg-reeds.com\/pt-pt\/k-ge-servico-tecnico-oficial\/\">K.GE Servi\u00e7o t\u00e9cnico oficial<\/a><\/p><\/blockquote>\n<p><iframe loading=\"lazy\" class=\"wp-embedded-content\" sandbox=\"allow-scripts\" security=\"restricted\" style=\"position: absolute; visibility: hidden;\" title=\"&#8220;K.GE Servi\u00e7o t\u00e9cnico oficial&#8221; &#8212; EG-REEDS\" src=\"https:\/\/eg-reeds.com\/pt-pt\/k-ge-servico-tecnico-oficial\/embed\/#?secret=IXPzkZfbyO#?secret=Q61EMGF23y\" data-secret=\"Q61EMGF23y\" width=\"600\" height=\"338\" frameborder=\"0\" marginwidth=\"0\" marginheight=\"0\" scrolling=\"no\"><\/iframe><\/p>\n<p>&nbsp;<\/p>\n<h2>M\u00e1quina de raspagem KGE<\/h2>\n<p><span style=\"font-weight: 400;\">&#8220;Ao contr\u00e1rio de outras m\u00e1quinas de raspagem projetadas e vendidas por outros fabricantes, esta m\u00e1quina permite finalizar completamente a palheta, deixando-a pronta para uso. N\u00e3o \u00e9 necess\u00e1rio retocar a palheta com uma l\u00e2mina, pois a m\u00e1quina oferece uma ampla variedade de ajustes para completar a palheta totalmente. Acreditamos que esta m\u00e1quina de raspagem seja um dispositivo revolucion\u00e1rio que tornar\u00e1 o processo de fazer palhetas mais r\u00e1pido e, o mais importante, um processo mais previs\u00edvel e confi\u00e1vel. Gra\u00e7as ao molde desenvolvido por computador, \u00e9 poss\u00edvel fazer rapidamente palhetas perfeitamente equilibradas.&#8221; *<\/span><\/p>\n<p><span style=\"font-weight: 400;\">* Informa\u00e7\u00e3o fornecida pela K.GE.<\/span><\/p>\n<p><a href=\"http:\/\/eg-reeds.com\/wp-content\/uploads\/2015\/02\/kge-reeds.jpg\"><img loading=\"lazy\" decoding=\"async\" class=\"wp-image-1361\" src=\"http:\/\/eg-reeds.com\/wp-content\/uploads\/2015\/02\/kge-reeds-300x202.jpg\" alt=\"M\u00e1quina de raspagem K.GE, modelo de palheta alem\u00e3o e franc\u00eas\" width=\"304\" height=\"205\" \/><\/a><\/p>\n<p>Modelos de palhetas alem\u00e3o e franc\u00eas. https:\/\/www.youtube.com\/watch?v=4kvuZDobYRY&amp;list=PLModsvpiqYEcJhtXwGlpzuVQywqFawbvj&amp;index=2<\/p>\n<h3 class=\"accordion_title\">Perguntas Frequentes<\/h3><div class=\"accordion\">\n\t<div id=\"accordion-1258589232\" class=\"accordion-item\">\n\t\t<a id=\"accordion-1258589232-label\" class=\"accordion-title plain\" href=\"#accordion-item-\u00c9-poss\u00edvel-fazer-palhetas-de-corne-ingl\u00eas?\" aria-expanded=\"false\" aria-controls=\"accordion-1258589232-content\">\n\t\t\t<button class=\"toggle\" aria-label=\"Toggle\"><i class=\"icon-angle-down\" aria-hidden=\"true\"><\/i><\/button>\n\t\t\t<span>\u00c9 poss\u00edvel fazer palhetas de corne ingl\u00eas?<\/span>\n\t\t<\/a>\n\t\t<div id=\"accordion-1258589232-content\" class=\"accordion-inner\" aria-labelledby=\"accordion-1258589232-label\">\n\t\t\t\n<p><span style=\"font-weight: 400;\">Sim. Basta seguir alguns passos simples e, em quest\u00e3o de segundos, a sua m\u00e1quina estar\u00e1 pronta para fazer palhetas de corne ingl\u00eas. Voc\u00ea pode ver todos os tutoriais em v\u00eddeo na aba \u201cV\u00eddeos\u201d.<\/span><br \/>\n\t\t<\/div>\n\t<\/div>\n\t\n\t<div id=\"accordion-2071281791\" class=\"accordion-item\">\n\t\t<a id=\"accordion-2071281791-label\" class=\"accordion-title plain\" href=\"#accordion-item-posso-modificar-o-comprimento-da-raspagem-sem-alterar-a-ponta?\" aria-expanded=\"false\" aria-controls=\"accordion-2071281791-content\">\n\t\t\t<button class=\"toggle\" aria-label=\"Toggle\"><i class=\"icon-angle-down\" aria-hidden=\"true\"><\/i><\/button>\n\t\t\t<span>Posso modificar o comprimento da raspagem sem alterar a ponta?<\/span>\n\t\t<\/a>\n\t\t<div id=\"accordion-2071281791-content\" class=\"accordion-inner\" aria-labelledby=\"accordion-2071281791-label\">\n\t\t\t\n<p><span style=\"font-weight: 400;\">\u00c9 poss\u00edvel modificar o comprimento da raspagem mantendo a mesma ponta da palheta.<\/span><br \/>\n\t\t<\/div>\n\t<\/div>\n\t\n\t<div id=\"accordion-2656644915\" class=\"accordion-item\">\n\t\t<a id=\"accordion-2656644915-label\" class=\"accordion-title plain\" href=\"#accordion-item-posso-modificar-a-ponta-sem-alterar-o-comprimento-da-raspagem?\" aria-expanded=\"false\" aria-controls=\"accordion-2656644915-content\">\n\t\t\t<button class=\"toggle\" aria-label=\"Toggle\"><i class=\"icon-angle-down\" aria-hidden=\"true\"><\/i><\/button>\n\t\t\t<span>Posso modificar a ponta sem alterar o comprimento da raspagem?<\/span>\n\t\t<\/a>\n\t\t<div id=\"accordion-2656644915-content\" class=\"accordion-inner\" aria-labelledby=\"accordion-2656644915-label\">\n\t\t\t\n<p><span style=\"font-weight: 400;\">Sim, voc\u00ea pode ajustar a ponta sem modificar o comprimento da raspagem.<\/span><br \/>\n\t\t<\/div>\n\t<\/div>\n\t\n\t<div id=\"accordion-3789489994\" class=\"accordion-item\">\n\t\t<a id=\"accordion-3789489994-label\" class=\"accordion-title plain\" href=\"#accordion-item-posso-ajustar-a-quantidade-de-madeira-retirada-da-parte-de-tr\u00e1s-da-raspagem?\" aria-expanded=\"false\" aria-controls=\"accordion-3789489994-content\">\n\t\t\t<button class=\"toggle\" aria-label=\"Toggle\"><i class=\"icon-angle-down\" aria-hidden=\"true\"><\/i><\/button>\n\t\t\t<span>Posso ajustar a quantidade de madeira retirada da parte de tr\u00e1s da raspagem?<\/span>\n\t\t<\/a>\n\t\t<div id=\"accordion-3789489994-content\" class=\"accordion-inner\" aria-labelledby=\"accordion-3789489994-label\">\n\t\t\t\n<p><span style=\"font-weight: 400;\">Sim, gra\u00e7as \u00e0 mola situada atr\u00e1s da l\u00e2mina, \u00e9 poss\u00edvel ajustar a quantidade de madeira que deseja retirar da parte de tr\u00e1s.<\/span><br \/>\n\t\t<\/div>\n\t<\/div>\n\t\n\t<div id=\"accordion-1200467252\" class=\"accordion-item\">\n\t\t<a id=\"accordion-1200467252-label\" class=\"accordion-title plain\" href=\"#accordion-item-quais-s\u00e3o-as-diferen\u00e7as-entre-o-modelo-alem\u00e3o-e-o-modelo-franc\u00eas?\" aria-expanded=\"false\" aria-controls=\"accordion-1200467252-content\">\n\t\t\t<button class=\"toggle\" aria-label=\"Toggle\"><i class=\"icon-angle-down\" aria-hidden=\"true\"><\/i><\/button>\n\t\t\t<span>Quais s\u00e3o as diferen\u00e7as entre o modelo alem\u00e3o e o modelo franc\u00eas?<\/span>\n\t\t<\/a>\n\t\t<div id=\"accordion-1200467252-content\" class=\"accordion-inner\" aria-labelledby=\"accordion-1200467252-label\">\n\t\t\t\n<p><span style=\"font-weight: 400;\">O molde da palheta alem\u00e3 cria uma ponta menos progressiva, enquanto o molde franc\u00eas gera uma ponta mais progressiva e mais conectada ao corpo da palheta. Ambos os modelos permitem uma emiss\u00e3o f\u00e1cil e est\u00e1vel.<\/span><br \/>\n\t\t<\/div>\n\t<\/div>\n\t\n<\/div>\n<iframe loading=\"lazy\" src=\"https:\/\/www.youtube.com\/embed\/G95Vxt_4MmY\" width=\"290\" height=\"218\" frameborder=\"0\" allowfullscreen=\"allowfullscreen\"><\/iframe>\u00a0 \u00a0 \u00a0 \u00a0\u00a0<iframe loading=\"lazy\" src=\"https:\/\/www.youtube.com\/embed\/xeWpFBNxnZg\" width=\"290\" height=\"218\" frameborder=\"0\" allowfullscreen=\"allowfullscreen\"><\/iframe>\u00a0 \u00a0 \u00a0 \u00a0 \u00a0<iframe loading=\"lazy\" src=\"https:\/\/www.youtube.com\/embed\/217vzGpG7q0\" width=\"290\" height=\"218\" frameborder=\"0\" allowfullscreen=\"allowfullscreen\"><\/iframe>\u00a0 \u00a0 \u00a0 \u00a0 \u00a0<iframe loading=\"lazy\" src=\"https:\/\/www.youtube.com\/embed\/QitrHwV9mLU\" width=\"290\" height=\"218\" frameborder=\"0\" allowfullscreen=\"allowfullscreen\"><\/iframe>\u00a0 \u00a0 \u00a0 \u00a0 <iframe loading=\"lazy\" src=\"https:\/\/www.youtube.com\/embed\/XrOkbPVXnaE\" width=\"290\" height=\"218\" frameborder=\"0\" allowfullscreen=\"allowfullscreen\"><\/iframe>\u00a0 \u00a0 \u00a0 \u00a0 \u00a0<iframe loading=\"lazy\" src=\"https:\/\/www.youtube.com\/embed\/XrOkbPVXnaE\" width=\"290\" height=\"218\" frameborder=\"0\" allowfullscreen=\"allowfullscreen\"><\/iframe>\u00a0 \u00a0 \u00a0 \u00a0 \u00a0<iframe loading=\"lazy\" src=\"https:\/\/www.youtube.com\/embed\/4kvuZDobYRY\" width=\"290\" height=\"218\" frameborder=\"0\" allowfullscreen=\"allowfullscreen\"><\/iframe>\u00a0 \u00a0 \u00a0 \u00a0\u00a0<iframe loading=\"lazy\" src=\"https:\/\/www.youtube.com\/embed\/K8OUcKb6psA\" width=\"290\" height=\"218\" frameborder=\"0\" allowfullscreen=\"allowfullscreen\"><\/iframe>\n","protected":false},"excerpt":{"rendered":"<p>O pre\u00e7o da m\u00e1quina inclui um ajuste inicial por \u00c9ric Gonz\u00e1lez. Por favor leia a informa\u00e7\u00e3o abaixo.<\/p>\n","protected":false},"featured_media":24548,"comment_status":"open","ping_status":"closed","template":"","meta":[],"product_brand":[],"product_cat":[427,1353],"product_tag":[],"giftcard-category":[],"class_list":{"0":"post-2260","1":"product","2":"type-product","3":"status-publish","4":"has-post-thumbnail","6":"product_cat-maquinas-de-fazer-palhetas","7":"product_cat-k-ge-12","8":"product_shipping_class-rmm-pt-pt","10":"first","11":"outofstock","12":"taxable","13":"shipping-taxable","14":"purchasable","15":"product-type-variable"},"yoast_head":"<!-- This site is optimized with the Yoast SEO Premium plugin v27.0 (Yoast SEO v27.4) - https:\/\/yoast.com\/product\/yoast-seo-premium-wordpress\/ -->\n<title>M\u00e1quina de raspar palhetas de obo\u00e9 y corne ingl\u00eas K.GE<\/title>\n<meta name=\"description\" content=\"M\u00e1quina de raspar palhetas de obo\u00e9 y corne ingl\u00eas K.GE. Modelo alem\u00e3o ou franc\u00eas para escolher. A liberdade de uma faca com a precis\u00e3o de uma m\u00e1quina.\" \/>\n<meta name=\"robots\" content=\"index, follow, max-snippet:-1, max-image-preview:large, max-video-preview:-1\" \/>\n<link rel=\"canonical\" href=\"https:\/\/eg-reeds.com\/pt-pt\/shop\/maquinas-de-fazer-palhetas\/k-ge-12\/maquina-de-raspar-palhetas-de-oboe-y-corne-ingles-k-ge\/\" \/>\n<meta property=\"og:locale\" content=\"pt_PT\" \/>\n<meta property=\"og:type\" content=\"article\" \/>\n<meta property=\"og:title\" content=\"M\u00e1quina de raspar palhetas de obo\u00e9 y corne ingl\u00eas K.GE\" \/>\n<meta property=\"og:description\" content=\"M\u00e1quina de raspar palhetas de obo\u00e9 y corne ingl\u00eas K.GE. Modelo alem\u00e3o ou franc\u00eas para escolher. A liberdade de uma faca com a precis\u00e3o de uma m\u00e1quina.\" \/>\n<meta property=\"og:url\" content=\"https:\/\/eg-reeds.com\/pt-pt\/shop\/maquinas-de-fazer-palhetas\/k-ge-12\/maquina-de-raspar-palhetas-de-oboe-y-corne-ingles-k-ge\/\" \/>\n<meta property=\"og:site_name\" content=\"EG-REEDS\" \/>\n<meta property=\"article:publisher\" content=\"https:\/\/www.facebook.com\/EGREEDS\" \/>\n<meta property=\"article:modified_time\" content=\"2024-10-31T08:54:18+00:00\" \/>\n<meta property=\"og:image\" content=\"https:\/\/eg-reeds.com\/wp-content\/uploads\/2017\/01\/Oboe-Reeds-Making-Profiling-EG-REEDS-1.jpg\" \/>\n\t<meta property=\"og:image:width\" content=\"640\" \/>\n\t<meta property=\"og:image:height\" content=\"544\" \/>\n\t<meta property=\"og:image:type\" content=\"image\/jpeg\" \/>\n<meta name=\"twitter:card\" content=\"summary_large_image\" \/>\n<meta name=\"twitter:site\" content=\"@egreeds\" \/>\n<meta name=\"twitter:label1\" content=\"Disponibilidade\" \/>\n\t<meta name=\"twitter:data1\" content=\"Esgotado\" \/>\n<script type=\"application\/ld+json\" class=\"yoast-schema-graph\">{\"@context\":\"https:\\\/\\\/schema.org\",\"@graph\":[{\"@type\":[\"WebPage\",\"ItemPage\"],\"@id\":\"https:\\\/\\\/eg-reeds.com\\\/pt-pt\\\/shop\\\/maquinas-de-fazer-palhetas\\\/k-ge-12\\\/maquina-de-raspar-palhetas-de-oboe-y-corne-ingles-k-ge\\\/\",\"url\":\"https:\\\/\\\/eg-reeds.com\\\/pt-pt\\\/shop\\\/maquinas-de-fazer-palhetas\\\/k-ge-12\\\/maquina-de-raspar-palhetas-de-oboe-y-corne-ingles-k-ge\\\/\",\"name\":\"M\u00e1quina de raspar palhetas de obo\u00e9 y corne ingl\u00eas K.GE\",\"isPartOf\":{\"@id\":\"https:\\\/\\\/eg-reeds.com\\\/pt-pt\\\/#website\"},\"primaryImageOfPage\":{\"@id\":\"https:\\\/\\\/eg-reeds.com\\\/pt-pt\\\/shop\\\/maquinas-de-fazer-palhetas\\\/k-ge-12\\\/maquina-de-raspar-palhetas-de-oboe-y-corne-ingles-k-ge\\\/#primaryimage\"},\"image\":{\"@id\":\"https:\\\/\\\/eg-reeds.com\\\/pt-pt\\\/shop\\\/maquinas-de-fazer-palhetas\\\/k-ge-12\\\/maquina-de-raspar-palhetas-de-oboe-y-corne-ingles-k-ge\\\/#primaryimage\"},\"thumbnailUrl\":\"https:\\\/\\\/eg-reeds.com\\\/wp-content\\\/uploads\\\/2017\\\/01\\\/Oboe-Reeds-Making-Profiling-EG-REEDS-1.jpg\",\"datePublished\":\"2015-02-03T09:06:39+00:00\",\"dateModified\":\"2024-10-31T08:54:18+00:00\",\"description\":\"M\u00e1quina de raspar palhetas de obo\u00e9 y corne ingl\u00eas K.GE. Modelo alem\u00e3o ou franc\u00eas para escolher. A liberdade de uma faca com a precis\u00e3o de uma m\u00e1quina.\",\"breadcrumb\":{\"@id\":\"https:\\\/\\\/eg-reeds.com\\\/pt-pt\\\/shop\\\/maquinas-de-fazer-palhetas\\\/k-ge-12\\\/maquina-de-raspar-palhetas-de-oboe-y-corne-ingles-k-ge\\\/#breadcrumb\"},\"inLanguage\":\"pt-PT\",\"potentialAction\":[{\"@type\":\"ReadAction\",\"target\":[\"https:\\\/\\\/eg-reeds.com\\\/pt-pt\\\/shop\\\/maquinas-de-fazer-palhetas\\\/k-ge-12\\\/maquina-de-raspar-palhetas-de-oboe-y-corne-ingles-k-ge\\\/\"]}]},{\"@type\":\"ImageObject\",\"inLanguage\":\"pt-PT\",\"@id\":\"https:\\\/\\\/eg-reeds.com\\\/pt-pt\\\/shop\\\/maquinas-de-fazer-palhetas\\\/k-ge-12\\\/maquina-de-raspar-palhetas-de-oboe-y-corne-ingles-k-ge\\\/#primaryimage\",\"url\":\"https:\\\/\\\/eg-reeds.com\\\/wp-content\\\/uploads\\\/2017\\\/01\\\/Oboe-Reeds-Making-Profiling-EG-REEDS-1.jpg\",\"contentUrl\":\"https:\\\/\\\/eg-reeds.com\\\/wp-content\\\/uploads\\\/2017\\\/01\\\/Oboe-Reeds-Making-Profiling-EG-REEDS-1.jpg\",\"width\":640,\"height\":544,\"caption\":\"Profiling Machine K.GE\"},{\"@type\":\"BreadcrumbList\",\"@id\":\"https:\\\/\\\/eg-reeds.com\\\/pt-pt\\\/shop\\\/maquinas-de-fazer-palhetas\\\/k-ge-12\\\/maquina-de-raspar-palhetas-de-oboe-y-corne-ingles-k-ge\\\/#breadcrumb\",\"itemListElement\":[{\"@type\":\"ListItem\",\"position\":1,\"name\":\"Startseite\",\"item\":\"https:\\\/\\\/eg-reeds.com\\\/pt-pt\\\/\"},{\"@type\":\"ListItem\",\"position\":2,\"name\":\"Loja\",\"item\":\"https:\\\/\\\/eg-reeds.com\\\/pt-pt\\\/\"},{\"@type\":\"ListItem\",\"position\":3,\"name\":\"M\u00e1quina de raspar palhetas de obo\u00e9 y corne ingl\u00eas K.GE\"}]},{\"@type\":\"WebSite\",\"@id\":\"https:\\\/\\\/eg-reeds.com\\\/pt-pt\\\/#website\",\"url\":\"https:\\\/\\\/eg-reeds.com\\\/pt-pt\\\/\",\"name\":\"www.eg-reeds.com\",\"description\":\"Palhetas obo\u00e9\",\"publisher\":{\"@id\":\"https:\\\/\\\/eg-reeds.com\\\/pt-pt\\\/#organization\"},\"alternateName\":\"eg-reeds.com\",\"potentialAction\":[{\"@type\":\"SearchAction\",\"target\":{\"@type\":\"EntryPoint\",\"urlTemplate\":\"https:\\\/\\\/eg-reeds.com\\\/pt-pt\\\/?s={search_term_string}\"},\"query-input\":{\"@type\":\"PropertyValueSpecification\",\"valueRequired\":true,\"valueName\":\"search_term_string\"}}],\"inLanguage\":\"pt-PT\"},{\"@type\":\"Organization\",\"@id\":\"https:\\\/\\\/eg-reeds.com\\\/pt-pt\\\/#organization\",\"name\":\"www.eg-reeds.com\",\"url\":\"https:\\\/\\\/eg-reeds.com\\\/pt-pt\\\/\",\"logo\":{\"@type\":\"ImageObject\",\"inLanguage\":\"pt-PT\",\"@id\":\"https:\\\/\\\/eg-reeds.com\\\/pt-pt\\\/#\\\/schema\\\/logo\\\/image\\\/\",\"url\":\"https:\\\/\\\/eg-reeds.com\\\/wp-content\\\/uploads\\\/2024\\\/06\\\/Logo-scaled-e1718793906611.jpg\",\"contentUrl\":\"https:\\\/\\\/eg-reeds.com\\\/wp-content\\\/uploads\\\/2024\\\/06\\\/Logo-scaled-e1718793906611.jpg\",\"width\":1200,\"height\":493,\"caption\":\"www.eg-reeds.com\"},\"image\":{\"@id\":\"https:\\\/\\\/eg-reeds.com\\\/pt-pt\\\/#\\\/schema\\\/logo\\\/image\\\/\"},\"sameAs\":[\"https:\\\/\\\/www.facebook.com\\\/EGREEDS\",\"https:\\\/\\\/x.com\\\/egreeds\",\"https:\\\/\\\/www.instagram.com\\\/egreeds\\\/\",\"https:\\\/\\\/www.youtube.com\\\/c\\\/EGREEDS\",\"https:\\\/\\\/www.threads.net\\\/@egreeds\",\"https:\\\/\\\/www.tiktok.com\\\/@egreeds\"]}]}<\/script>\n<meta property=\"og:availability\" content=\"out of stock\" \/>\n<meta property=\"product:availability\" content=\"out of stock\" \/>\n<meta property=\"product:retailer_item_id\" content=\"MKGE\" \/>\n<meta property=\"product:condition\" content=\"new\" \/>\n<!-- \/ Yoast SEO Premium plugin. -->","yoast_head_json":{"title":"M\u00e1quina de raspar palhetas de obo\u00e9 y corne ingl\u00eas K.GE","description":"M\u00e1quina de raspar palhetas de obo\u00e9 y corne ingl\u00eas K.GE. Modelo alem\u00e3o ou franc\u00eas para escolher. A liberdade de uma faca com a precis\u00e3o de uma m\u00e1quina.","robots":{"index":"index","follow":"follow","max-snippet":"max-snippet:-1","max-image-preview":"max-image-preview:large","max-video-preview":"max-video-preview:-1"},"canonical":"https:\/\/eg-reeds.com\/pt-pt\/shop\/maquinas-de-fazer-palhetas\/k-ge-12\/maquina-de-raspar-palhetas-de-oboe-y-corne-ingles-k-ge\/","og_locale":"pt_PT","og_type":"article","og_title":"M\u00e1quina de raspar palhetas de obo\u00e9 y corne ingl\u00eas K.GE","og_description":"M\u00e1quina de raspar palhetas de obo\u00e9 y corne ingl\u00eas K.GE. Modelo alem\u00e3o ou franc\u00eas para escolher. A liberdade de uma faca com a precis\u00e3o de uma m\u00e1quina.","og_url":"https:\/\/eg-reeds.com\/pt-pt\/shop\/maquinas-de-fazer-palhetas\/k-ge-12\/maquina-de-raspar-palhetas-de-oboe-y-corne-ingles-k-ge\/","og_site_name":"EG-REEDS","article_publisher":"https:\/\/www.facebook.com\/EGREEDS","article_modified_time":"2024-10-31T08:54:18+00:00","og_image":[{"width":640,"height":544,"url":"https:\/\/eg-reeds.com\/wp-content\/uploads\/2017\/01\/Oboe-Reeds-Making-Profiling-EG-REEDS-1.jpg","type":"image\/jpeg"}],"twitter_card":"summary_large_image","twitter_site":"@egreeds","twitter_misc":{"Disponibilidade":"Esgotado"},"schema":{"@context":"https:\/\/schema.org","@graph":[{"@type":["WebPage","ItemPage"],"@id":"https:\/\/eg-reeds.com\/pt-pt\/shop\/maquinas-de-fazer-palhetas\/k-ge-12\/maquina-de-raspar-palhetas-de-oboe-y-corne-ingles-k-ge\/","url":"https:\/\/eg-reeds.com\/pt-pt\/shop\/maquinas-de-fazer-palhetas\/k-ge-12\/maquina-de-raspar-palhetas-de-oboe-y-corne-ingles-k-ge\/","name":"M\u00e1quina de raspar palhetas de obo\u00e9 y corne ingl\u00eas K.GE","isPartOf":{"@id":"https:\/\/eg-reeds.com\/pt-pt\/#website"},"primaryImageOfPage":{"@id":"https:\/\/eg-reeds.com\/pt-pt\/shop\/maquinas-de-fazer-palhetas\/k-ge-12\/maquina-de-raspar-palhetas-de-oboe-y-corne-ingles-k-ge\/#primaryimage"},"image":{"@id":"https:\/\/eg-reeds.com\/pt-pt\/shop\/maquinas-de-fazer-palhetas\/k-ge-12\/maquina-de-raspar-palhetas-de-oboe-y-corne-ingles-k-ge\/#primaryimage"},"thumbnailUrl":"https:\/\/eg-reeds.com\/wp-content\/uploads\/2017\/01\/Oboe-Reeds-Making-Profiling-EG-REEDS-1.jpg","datePublished":"2015-02-03T09:06:39+00:00","dateModified":"2024-10-31T08:54:18+00:00","description":"M\u00e1quina de raspar palhetas de obo\u00e9 y corne ingl\u00eas K.GE. Modelo alem\u00e3o ou franc\u00eas para escolher. A liberdade de uma faca com a precis\u00e3o de uma m\u00e1quina.","breadcrumb":{"@id":"https:\/\/eg-reeds.com\/pt-pt\/shop\/maquinas-de-fazer-palhetas\/k-ge-12\/maquina-de-raspar-palhetas-de-oboe-y-corne-ingles-k-ge\/#breadcrumb"},"inLanguage":"pt-PT","potentialAction":[{"@type":"ReadAction","target":["https:\/\/eg-reeds.com\/pt-pt\/shop\/maquinas-de-fazer-palhetas\/k-ge-12\/maquina-de-raspar-palhetas-de-oboe-y-corne-ingles-k-ge\/"]}]},{"@type":"ImageObject","inLanguage":"pt-PT","@id":"https:\/\/eg-reeds.com\/pt-pt\/shop\/maquinas-de-fazer-palhetas\/k-ge-12\/maquina-de-raspar-palhetas-de-oboe-y-corne-ingles-k-ge\/#primaryimage","url":"https:\/\/eg-reeds.com\/wp-content\/uploads\/2017\/01\/Oboe-Reeds-Making-Profiling-EG-REEDS-1.jpg","contentUrl":"https:\/\/eg-reeds.com\/wp-content\/uploads\/2017\/01\/Oboe-Reeds-Making-Profiling-EG-REEDS-1.jpg","width":640,"height":544,"caption":"Profiling Machine K.GE"},{"@type":"BreadcrumbList","@id":"https:\/\/eg-reeds.com\/pt-pt\/shop\/maquinas-de-fazer-palhetas\/k-ge-12\/maquina-de-raspar-palhetas-de-oboe-y-corne-ingles-k-ge\/#breadcrumb","itemListElement":[{"@type":"ListItem","position":1,"name":"Startseite","item":"https:\/\/eg-reeds.com\/pt-pt\/"},{"@type":"ListItem","position":2,"name":"Loja","item":"https:\/\/eg-reeds.com\/pt-pt\/"},{"@type":"ListItem","position":3,"name":"M\u00e1quina de raspar palhetas de obo\u00e9 y corne ingl\u00eas K.GE"}]},{"@type":"WebSite","@id":"https:\/\/eg-reeds.com\/pt-pt\/#website","url":"https:\/\/eg-reeds.com\/pt-pt\/","name":"www.eg-reeds.com","description":"Palhetas obo\u00e9","publisher":{"@id":"https:\/\/eg-reeds.com\/pt-pt\/#organization"},"alternateName":"eg-reeds.com","potentialAction":[{"@type":"SearchAction","target":{"@type":"EntryPoint","urlTemplate":"https:\/\/eg-reeds.com\/pt-pt\/?s={search_term_string}"},"query-input":{"@type":"PropertyValueSpecification","valueRequired":true,"valueName":"search_term_string"}}],"inLanguage":"pt-PT"},{"@type":"Organization","@id":"https:\/\/eg-reeds.com\/pt-pt\/#organization","name":"www.eg-reeds.com","url":"https:\/\/eg-reeds.com\/pt-pt\/","logo":{"@type":"ImageObject","inLanguage":"pt-PT","@id":"https:\/\/eg-reeds.com\/pt-pt\/#\/schema\/logo\/image\/","url":"https:\/\/eg-reeds.com\/wp-content\/uploads\/2024\/06\/Logo-scaled-e1718793906611.jpg","contentUrl":"https:\/\/eg-reeds.com\/wp-content\/uploads\/2024\/06\/Logo-scaled-e1718793906611.jpg","width":1200,"height":493,"caption":"www.eg-reeds.com"},"image":{"@id":"https:\/\/eg-reeds.com\/pt-pt\/#\/schema\/logo\/image\/"},"sameAs":["https:\/\/www.facebook.com\/EGREEDS","https:\/\/x.com\/egreeds","https:\/\/www.instagram.com\/egreeds\/","https:\/\/www.youtube.com\/c\/EGREEDS","https:\/\/www.threads.net\/@egreeds","https:\/\/www.tiktok.com\/@egreeds"]}]},"og_availability":"out of stock","product_availability":"out of stock","product_retailer_item_id":"MKGE","product_condition":"new"},"_links":{"self":[{"href":"https:\/\/eg-reeds.com\/pt-pt\/wp-json\/wp\/v2\/product\/2260","targetHints":{"allow":["GET"]}}],"collection":[{"href":"https:\/\/eg-reeds.com\/pt-pt\/wp-json\/wp\/v2\/product"}],"about":[{"href":"https:\/\/eg-reeds.com\/pt-pt\/wp-json\/wp\/v2\/types\/product"}],"replies":[{"embeddable":true,"href":"https:\/\/eg-reeds.com\/pt-pt\/wp-json\/wp\/v2\/comments?post=2260"}],"wp:featuredmedia":[{"embeddable":true,"href":"https:\/\/eg-reeds.com\/pt-pt\/wp-json\/wp\/v2\/media\/24548"}],"wp:attachment":[{"href":"https:\/\/eg-reeds.com\/pt-pt\/wp-json\/wp\/v2\/media?parent=2260"}],"wp:term":[{"taxonomy":"product_brand","embeddable":true,"href":"https:\/\/eg-reeds.com\/pt-pt\/wp-json\/wp\/v2\/product_brand?post=2260"},{"taxonomy":"product_cat","embeddable":true,"href":"https:\/\/eg-reeds.com\/pt-pt\/wp-json\/wp\/v2\/product_cat?post=2260"},{"taxonomy":"product_tag","embeddable":true,"href":"https:\/\/eg-reeds.com\/pt-pt\/wp-json\/wp\/v2\/product_tag?post=2260"},{"taxonomy":"giftcard-category","embeddable":true,"href":"https:\/\/eg-reeds.com\/pt-pt\/wp-json\/wp\/v2\/giftcard-category?post=2260"}],"curies":[{"name":"wp","href":"https:\/\/api.w.org\/{rel}","templated":true}]}}