{"id":2272,"date":"2015-02-03T09:09:27","date_gmt":"2015-02-03T08:09:27","guid":{"rendered":"http:\/\/eg-reeds.com\/shop\/uncategorized\/plastico-a-prova-de-fugas-para-palhetas\/"},"modified":"2017-01-17T14:05:31","modified_gmt":"2017-01-17T14:05:31","slug":"plastico-a-prova-de-fugas-para-palhetas","status":"publish","type":"product","link":"https:\/\/eg-reeds.com\/pt-pt\/shop\/acessorios\/acessorios-de-vedacao\/plastico-a-prova-de-fugas-para-palhetas\/","title":{"rendered":"Pl\u00e1stico \u00e0 prova de fugas para palhetas"},"content":{"rendered":"<h4><strong>Pl\u00e1stico \u00e0 prova de fugas para palhetas<\/strong>.<\/h4>\n<p>O pl\u00e1stico \u00e0 prova de fugas para palhetas \u00e9 usado para evitar vazamento de ar nas palhetas. Ao contr\u00e1rio de outros, este material adere perfeitamente. Resiste tamb\u00e9m \u00e0 humidade. Voc\u00ea pode mergulh\u00e1-lo em \u00e1gua sem perder as suas propriedades, mantendo sua fun\u00e7\u00e3o ao longo do tempo. EG-REEDS recomenda a remo\u00e7\u00e3o de qualquer material pl\u00e1stico quando voc\u00ea n\u00e3o estiver usando as suas palhetas para n\u00e3o favorecer a cria\u00e7\u00e3o de umidade e bact\u00e9rias.<\/p>\n","protected":false},"excerpt":{"rendered":"<p>Pl\u00e1stico \u00e0 prova de fugas para palhetas. O pl\u00e1stico \u00e0 prova de fugas para palhetas \u00e9 usado para evitar vazamento de ar nas palhetas. Ao contr\u00e1rio de outros, este material adere perfeitamente. Resiste tamb\u00e9m \u00e0 humidade. Voc\u00ea pode mergulh\u00e1-lo em \u00e1gua sem perder as suas propriedades, mantendo sua fun\u00e7\u00e3o ao longo do tempo. EG-REEDS recomenda [&#8230;]\n","protected":false},"featured_media":23409,"comment_status":"open","ping_status":"closed","template":"","meta":[],"product_brand":[],"product_cat":[1422,1820],"product_tag":[],"giftcard-category":[],"class_list":{"0":"post-2272","1":"product","2":"type-product","3":"status-publish","4":"has-post-thumbnail","6":"product_cat-acessorios","7":"product_cat-acessorios-de-vedacao","9":"first","10":"instock","11":"featured","12":"taxable","13":"shipping-taxable","14":"purchasable","15":"product-type-simple"},"yoast_head":"<!-- This site is optimized with the Yoast SEO Premium plugin v27.0 (Yoast SEO v27.3) - https:\/\/yoast.com\/product\/yoast-seo-premium-wordpress\/ -->\n<title>Pl\u00e1stico \u00e0 prova de fugas para palhetas - EG-REEDS<\/title>\n<meta name=\"robots\" content=\"index, follow, max-snippet:-1, max-image-preview:large, max-video-preview:-1\" \/>\n<link rel=\"canonical\" href=\"https:\/\/eg-reeds.com\/pt-pt\/shop\/acessorios\/acessorios-de-vedacao\/plastico-a-prova-de-fugas-para-palhetas\/\" \/>\n<meta property=\"og:locale\" content=\"pt_PT\" \/>\n<meta property=\"og:type\" content=\"article\" \/>\n<meta property=\"og:title\" content=\"Pl\u00e1stico \u00e0 prova de fugas para palhetas\" \/>\n<meta property=\"og:description\" content=\"Pl\u00e1stico \u00e0 prova de fugas para palhetas. O pl\u00e1stico \u00e0 prova de fugas para palhetas \u00e9 usado para evitar vazamento de ar nas palhetas. Ao contr\u00e1rio de outros, este material adere perfeitamente. Resiste tamb\u00e9m \u00e0 humidade. Voc\u00ea pode mergulh\u00e1-lo em \u00e1gua sem perder as suas propriedades, mantendo sua fun\u00e7\u00e3o ao longo do tempo. EG-REEDS recomenda [...]\" \/>\n<meta property=\"og:url\" content=\"https:\/\/eg-reeds.com\/pt-pt\/shop\/acessorios\/acessorios-de-vedacao\/plastico-a-prova-de-fugas-para-palhetas\/\" \/>\n<meta property=\"og:site_name\" content=\"EG-REEDS\" \/>\n<meta property=\"article:publisher\" content=\"https:\/\/www.facebook.com\/EGREEDS\" \/>\n<meta property=\"article:modified_time\" content=\"2017-01-17T14:05:31+00:00\" \/>\n<meta property=\"og:image\" content=\"https:\/\/eg-reeds.com\/wp-content\/uploads\/2017\/01\/Reed-skin.jpg\" \/>\n\t<meta property=\"og:image:width\" content=\"640\" \/>\n\t<meta property=\"og:image:height\" content=\"544\" \/>\n\t<meta property=\"og:image:type\" content=\"image\/jpeg\" \/>\n<meta name=\"twitter:card\" content=\"summary_large_image\" \/>\n<meta name=\"twitter:site\" content=\"@egreeds\" \/>\n<meta name=\"twitter:label1\" content=\"pre\u00e7o\" \/>\n\t<meta name=\"twitter:data1\" content=\"13,90&euro;\" \/>\n\t<meta name=\"twitter:label2\" content=\"Disponibilidade\" \/>\n\t<meta name=\"twitter:data2\" content=\"Em stock\" \/>\n<script type=\"application\/ld+json\" class=\"yoast-schema-graph\">{\"@context\":\"https:\\\/\\\/schema.org\",\"@graph\":[{\"@type\":[\"WebPage\",\"ItemPage\"],\"@id\":\"https:\\\/\\\/eg-reeds.com\\\/pt-pt\\\/shop\\\/acessorios\\\/acessorios-de-vedacao\\\/plastico-a-prova-de-fugas-para-palhetas\\\/\",\"url\":\"https:\\\/\\\/eg-reeds.com\\\/pt-pt\\\/shop\\\/acessorios\\\/acessorios-de-vedacao\\\/plastico-a-prova-de-fugas-para-palhetas\\\/\",\"name\":\"Pl\u00e1stico \u00e0 prova de fugas para palhetas - EG-REEDS\",\"isPartOf\":{\"@id\":\"https:\\\/\\\/eg-reeds.com\\\/pt-pt\\\/#website\"},\"primaryImageOfPage\":{\"@id\":\"https:\\\/\\\/eg-reeds.com\\\/pt-pt\\\/shop\\\/acessorios\\\/acessorios-de-vedacao\\\/plastico-a-prova-de-fugas-para-palhetas\\\/#primaryimage\"},\"image\":{\"@id\":\"https:\\\/\\\/eg-reeds.com\\\/pt-pt\\\/shop\\\/acessorios\\\/acessorios-de-vedacao\\\/plastico-a-prova-de-fugas-para-palhetas\\\/#primaryimage\"},\"thumbnailUrl\":\"https:\\\/\\\/eg-reeds.com\\\/wp-content\\\/uploads\\\/2017\\\/01\\\/Reed-skin.jpg\",\"datePublished\":\"2015-02-03T08:09:27+00:00\",\"dateModified\":\"2017-01-17T14:05:31+00:00\",\"breadcrumb\":{\"@id\":\"https:\\\/\\\/eg-reeds.com\\\/pt-pt\\\/shop\\\/acessorios\\\/acessorios-de-vedacao\\\/plastico-a-prova-de-fugas-para-palhetas\\\/#breadcrumb\"},\"inLanguage\":\"pt-PT\",\"potentialAction\":[{\"@type\":\"ReadAction\",\"target\":[\"https:\\\/\\\/eg-reeds.com\\\/pt-pt\\\/shop\\\/acessorios\\\/acessorios-de-vedacao\\\/plastico-a-prova-de-fugas-para-palhetas\\\/\"]}]},{\"@type\":\"ImageObject\",\"inLanguage\":\"pt-PT\",\"@id\":\"https:\\\/\\\/eg-reeds.com\\\/pt-pt\\\/shop\\\/acessorios\\\/acessorios-de-vedacao\\\/plastico-a-prova-de-fugas-para-palhetas\\\/#primaryimage\",\"url\":\"https:\\\/\\\/eg-reeds.com\\\/wp-content\\\/uploads\\\/2017\\\/01\\\/Reed-skin.jpg\",\"contentUrl\":\"https:\\\/\\\/eg-reeds.com\\\/wp-content\\\/uploads\\\/2017\\\/01\\\/Reed-skin.jpg\",\"width\":640,\"height\":544,\"caption\":\"Pl\u00e1stico palhetas\"},{\"@type\":\"BreadcrumbList\",\"@id\":\"https:\\\/\\\/eg-reeds.com\\\/pt-pt\\\/shop\\\/acessorios\\\/acessorios-de-vedacao\\\/plastico-a-prova-de-fugas-para-palhetas\\\/#breadcrumb\",\"itemListElement\":[{\"@type\":\"ListItem\",\"position\":1,\"name\":\"Startseite\",\"item\":\"https:\\\/\\\/eg-reeds.com\\\/pt-pt\\\/\"},{\"@type\":\"ListItem\",\"position\":2,\"name\":\"Loja\",\"item\":\"https:\\\/\\\/eg-reeds.com\\\/pt-pt\\\/\"},{\"@type\":\"ListItem\",\"position\":3,\"name\":\"Pl\u00e1stico \u00e0 prova de fugas para palhetas\"}]},{\"@type\":\"WebSite\",\"@id\":\"https:\\\/\\\/eg-reeds.com\\\/pt-pt\\\/#website\",\"url\":\"https:\\\/\\\/eg-reeds.com\\\/pt-pt\\\/\",\"name\":\"www.eg-reeds.com\",\"description\":\"Palhetas obo\u00e9\",\"publisher\":{\"@id\":\"https:\\\/\\\/eg-reeds.com\\\/pt-pt\\\/#organization\"},\"alternateName\":\"eg-reeds.com\",\"potentialAction\":[{\"@type\":\"SearchAction\",\"target\":{\"@type\":\"EntryPoint\",\"urlTemplate\":\"https:\\\/\\\/eg-reeds.com\\\/pt-pt\\\/?s={search_term_string}\"},\"query-input\":{\"@type\":\"PropertyValueSpecification\",\"valueRequired\":true,\"valueName\":\"search_term_string\"}}],\"inLanguage\":\"pt-PT\"},{\"@type\":\"Organization\",\"@id\":\"https:\\\/\\\/eg-reeds.com\\\/pt-pt\\\/#organization\",\"name\":\"www.eg-reeds.com\",\"url\":\"https:\\\/\\\/eg-reeds.com\\\/pt-pt\\\/\",\"logo\":{\"@type\":\"ImageObject\",\"inLanguage\":\"pt-PT\",\"@id\":\"https:\\\/\\\/eg-reeds.com\\\/pt-pt\\\/#\\\/schema\\\/logo\\\/image\\\/\",\"url\":\"https:\\\/\\\/eg-reeds.com\\\/wp-content\\\/uploads\\\/2024\\\/06\\\/Logo-scaled-e1718793906611.jpg\",\"contentUrl\":\"https:\\\/\\\/eg-reeds.com\\\/wp-content\\\/uploads\\\/2024\\\/06\\\/Logo-scaled-e1718793906611.jpg\",\"width\":1200,\"height\":493,\"caption\":\"www.eg-reeds.com\"},\"image\":{\"@id\":\"https:\\\/\\\/eg-reeds.com\\\/pt-pt\\\/#\\\/schema\\\/logo\\\/image\\\/\"},\"sameAs\":[\"https:\\\/\\\/www.facebook.com\\\/EGREEDS\",\"https:\\\/\\\/x.com\\\/egreeds\",\"https:\\\/\\\/www.instagram.com\\\/egreeds\\\/\",\"https:\\\/\\\/www.youtube.com\\\/c\\\/EGREEDS\",\"https:\\\/\\\/www.threads.net\\\/@egreeds\",\"https:\\\/\\\/www.tiktok.com\\\/@egreeds\"]}]}<\/script>\n<meta property=\"product:price:amount\" content=\"13.90\" \/>\n<meta property=\"product:price:currency\" content=\"EUR\" \/>\n<meta property=\"og:availability\" content=\"instock\" \/>\n<meta property=\"product:availability\" content=\"instock\" \/>\n<meta property=\"product:retailer_item_id\" content=\"ACASRS\" \/>\n<meta property=\"product:condition\" content=\"new\" \/>\n<!-- \/ Yoast SEO Premium plugin. -->","yoast_head_json":{"title":"Pl\u00e1stico \u00e0 prova de fugas para palhetas - EG-REEDS","robots":{"index":"index","follow":"follow","max-snippet":"max-snippet:-1","max-image-preview":"max-image-preview:large","max-video-preview":"max-video-preview:-1"},"canonical":"https:\/\/eg-reeds.com\/pt-pt\/shop\/acessorios\/acessorios-de-vedacao\/plastico-a-prova-de-fugas-para-palhetas\/","og_locale":"pt_PT","og_type":"article","og_title":"Pl\u00e1stico \u00e0 prova de fugas para palhetas","og_description":"Pl\u00e1stico \u00e0 prova de fugas para palhetas. O pl\u00e1stico \u00e0 prova de fugas para palhetas \u00e9 usado para evitar vazamento de ar nas palhetas. Ao contr\u00e1rio de outros, este material adere perfeitamente. Resiste tamb\u00e9m \u00e0 humidade. Voc\u00ea pode mergulh\u00e1-lo em \u00e1gua sem perder as suas propriedades, mantendo sua fun\u00e7\u00e3o ao longo do tempo. EG-REEDS recomenda [...]","og_url":"https:\/\/eg-reeds.com\/pt-pt\/shop\/acessorios\/acessorios-de-vedacao\/plastico-a-prova-de-fugas-para-palhetas\/","og_site_name":"EG-REEDS","article_publisher":"https:\/\/www.facebook.com\/EGREEDS","article_modified_time":"2017-01-17T14:05:31+00:00","og_image":[{"width":640,"height":544,"url":"https:\/\/eg-reeds.com\/wp-content\/uploads\/2017\/01\/Reed-skin.jpg","type":"image\/jpeg"}],"twitter_card":"summary_large_image","twitter_site":"@egreeds","twitter_misc":{"pre\u00e7o":"13,90&euro;","Disponibilidade":"Em stock"},"schema":{"@context":"https:\/\/schema.org","@graph":[{"@type":["WebPage","ItemPage"],"@id":"https:\/\/eg-reeds.com\/pt-pt\/shop\/acessorios\/acessorios-de-vedacao\/plastico-a-prova-de-fugas-para-palhetas\/","url":"https:\/\/eg-reeds.com\/pt-pt\/shop\/acessorios\/acessorios-de-vedacao\/plastico-a-prova-de-fugas-para-palhetas\/","name":"Pl\u00e1stico \u00e0 prova de fugas para palhetas - EG-REEDS","isPartOf":{"@id":"https:\/\/eg-reeds.com\/pt-pt\/#website"},"primaryImageOfPage":{"@id":"https:\/\/eg-reeds.com\/pt-pt\/shop\/acessorios\/acessorios-de-vedacao\/plastico-a-prova-de-fugas-para-palhetas\/#primaryimage"},"image":{"@id":"https:\/\/eg-reeds.com\/pt-pt\/shop\/acessorios\/acessorios-de-vedacao\/plastico-a-prova-de-fugas-para-palhetas\/#primaryimage"},"thumbnailUrl":"https:\/\/eg-reeds.com\/wp-content\/uploads\/2017\/01\/Reed-skin.jpg","datePublished":"2015-02-03T08:09:27+00:00","dateModified":"2017-01-17T14:05:31+00:00","breadcrumb":{"@id":"https:\/\/eg-reeds.com\/pt-pt\/shop\/acessorios\/acessorios-de-vedacao\/plastico-a-prova-de-fugas-para-palhetas\/#breadcrumb"},"inLanguage":"pt-PT","potentialAction":[{"@type":"ReadAction","target":["https:\/\/eg-reeds.com\/pt-pt\/shop\/acessorios\/acessorios-de-vedacao\/plastico-a-prova-de-fugas-para-palhetas\/"]}]},{"@type":"ImageObject","inLanguage":"pt-PT","@id":"https:\/\/eg-reeds.com\/pt-pt\/shop\/acessorios\/acessorios-de-vedacao\/plastico-a-prova-de-fugas-para-palhetas\/#primaryimage","url":"https:\/\/eg-reeds.com\/wp-content\/uploads\/2017\/01\/Reed-skin.jpg","contentUrl":"https:\/\/eg-reeds.com\/wp-content\/uploads\/2017\/01\/Reed-skin.jpg","width":640,"height":544,"caption":"Pl\u00e1stico palhetas"},{"@type":"BreadcrumbList","@id":"https:\/\/eg-reeds.com\/pt-pt\/shop\/acessorios\/acessorios-de-vedacao\/plastico-a-prova-de-fugas-para-palhetas\/#breadcrumb","itemListElement":[{"@type":"ListItem","position":1,"name":"Startseite","item":"https:\/\/eg-reeds.com\/pt-pt\/"},{"@type":"ListItem","position":2,"name":"Loja","item":"https:\/\/eg-reeds.com\/pt-pt\/"},{"@type":"ListItem","position":3,"name":"Pl\u00e1stico \u00e0 prova de fugas para palhetas"}]},{"@type":"WebSite","@id":"https:\/\/eg-reeds.com\/pt-pt\/#website","url":"https:\/\/eg-reeds.com\/pt-pt\/","name":"www.eg-reeds.com","description":"Palhetas obo\u00e9","publisher":{"@id":"https:\/\/eg-reeds.com\/pt-pt\/#organization"},"alternateName":"eg-reeds.com","potentialAction":[{"@type":"SearchAction","target":{"@type":"EntryPoint","urlTemplate":"https:\/\/eg-reeds.com\/pt-pt\/?s={search_term_string}"},"query-input":{"@type":"PropertyValueSpecification","valueRequired":true,"valueName":"search_term_string"}}],"inLanguage":"pt-PT"},{"@type":"Organization","@id":"https:\/\/eg-reeds.com\/pt-pt\/#organization","name":"www.eg-reeds.com","url":"https:\/\/eg-reeds.com\/pt-pt\/","logo":{"@type":"ImageObject","inLanguage":"pt-PT","@id":"https:\/\/eg-reeds.com\/pt-pt\/#\/schema\/logo\/image\/","url":"https:\/\/eg-reeds.com\/wp-content\/uploads\/2024\/06\/Logo-scaled-e1718793906611.jpg","contentUrl":"https:\/\/eg-reeds.com\/wp-content\/uploads\/2024\/06\/Logo-scaled-e1718793906611.jpg","width":1200,"height":493,"caption":"www.eg-reeds.com"},"image":{"@id":"https:\/\/eg-reeds.com\/pt-pt\/#\/schema\/logo\/image\/"},"sameAs":["https:\/\/www.facebook.com\/EGREEDS","https:\/\/x.com\/egreeds","https:\/\/www.instagram.com\/egreeds\/","https:\/\/www.youtube.com\/c\/EGREEDS","https:\/\/www.threads.net\/@egreeds","https:\/\/www.tiktok.com\/@egreeds"]}]},"product_price_amount":"13.90","product_price_currency":"EUR","og_availability":"instock","product_availability":"instock","product_retailer_item_id":"ACASRS","product_condition":"new"},"_links":{"self":[{"href":"https:\/\/eg-reeds.com\/pt-pt\/wp-json\/wp\/v2\/product\/2272","targetHints":{"allow":["GET"]}}],"collection":[{"href":"https:\/\/eg-reeds.com\/pt-pt\/wp-json\/wp\/v2\/product"}],"about":[{"href":"https:\/\/eg-reeds.com\/pt-pt\/wp-json\/wp\/v2\/types\/product"}],"replies":[{"embeddable":true,"href":"https:\/\/eg-reeds.com\/pt-pt\/wp-json\/wp\/v2\/comments?post=2272"}],"wp:featuredmedia":[{"embeddable":true,"href":"https:\/\/eg-reeds.com\/pt-pt\/wp-json\/wp\/v2\/media\/23409"}],"wp:attachment":[{"href":"https:\/\/eg-reeds.com\/pt-pt\/wp-json\/wp\/v2\/media?parent=2272"}],"wp:term":[{"taxonomy":"product_brand","embeddable":true,"href":"https:\/\/eg-reeds.com\/pt-pt\/wp-json\/wp\/v2\/product_brand?post=2272"},{"taxonomy":"product_cat","embeddable":true,"href":"https:\/\/eg-reeds.com\/pt-pt\/wp-json\/wp\/v2\/product_cat?post=2272"},{"taxonomy":"product_tag","embeddable":true,"href":"https:\/\/eg-reeds.com\/pt-pt\/wp-json\/wp\/v2\/product_tag?post=2272"},{"taxonomy":"giftcard-category","embeddable":true,"href":"https:\/\/eg-reeds.com\/pt-pt\/wp-json\/wp\/v2\/giftcard-category?post=2272"}],"curies":[{"name":"wp","href":"https:\/\/api.w.org\/{rel}","templated":true}]}}