{"id":2276,"date":"2015-02-24T12:20:42","date_gmt":"2015-02-24T11:20:42","guid":{"rendered":"http:\/\/eg-reeds.com\/shop\/uncategorized\/palheta-de-oboe-para-estudante-iniciante\/"},"modified":"2025-09-23T10:18:02","modified_gmt":"2025-09-23T08:18:02","slug":"palheta-oboe-estudante-iniciante-eg-reeds","status":"publish","type":"product","link":"https:\/\/eg-reeds.com\/pt-pt\/shop\/palhetas-e-cana-para-estudantes\/palheta-oboe-estudante-iniciante-eg-reeds\/","title":{"rendered":"Palheta obo\u00e9 estudante iniciante EG-REEDS"},"content":{"rendered":"<h1><b>Palheta obo\u00e9 estudante iniciante EG-REEDS.<\/b><\/h1>\n<p>Palheta obo\u00e9 estudante iniciante EG-REEDS. Comprar palhetas de obo\u00e9 econ\u00f3micas e de elevada qualidade para estudantes nunca foi t\u00e3o simples. Fabricadas com o mesmo material das nossas palhetas profissionais, as palhetas para estudantes iniciantes foram especialmente concebidas para quem d\u00e1 os primeiros passos no mundo do obo\u00e9.<\/p>\n<p>Selecionamos cuidadosamente a densidade de cada palheta para a adaptar \u00e0s necessidades espec\u00edficas dos estudantes iniciantes, garantindo uma emiss\u00e3o sonora f\u00e1cil e natural. Isto facilita a aprendizagem do obo\u00e9 para os alunos que est\u00e3o a come\u00e7ar a explorar este instrumento fascinante. Al\u00e9m disso, as nossas palhetas de inicia\u00e7\u00e3o est\u00e3o dispon\u00edveis ao melhor pre\u00e7o, oferecendo uma solu\u00e7\u00e3o acess\u00edvel para estudantes e encarregados de educa\u00e7\u00e3o.<\/p>\n<p>Recomendamos as nossas palhetas de obo\u00e9 para estudantes nos primeiros 3 anos de pr\u00e1tica. No entanto, \u00e9 sempre importante seguir os conselhos personalizados do professor de m\u00fasica, que poder\u00e1 indicar a op\u00e7\u00e3o mais adequada \u00e0s necessidades individuais de cada aluno.<\/p>\n<p>Com a EG-REEDS, podes confiar que est\u00e1s a adquirir palhetas de obo\u00e9 a um pre\u00e7o acess\u00edvel, mas com qualidade excecional. Especialmente concebidas para ajudar os estudantes a atingir o seu m\u00e1ximo potencial musical desde o in\u00edcio. Garante j\u00e1 a tua palheta de obo\u00e9 de inicia\u00e7\u00e3o e come\u00e7a a tua jornada musical com a EG-REEDS!<\/p>\n<p data-sourcepos=\"7:1-7:20\"><strong>Caracter\u00edsticas:<\/strong><\/p>\n<ul data-sourcepos=\"15:1-18:0\">\n<li data-sourcepos=\"9:1-9:112\"><strong>Densidade da palheta cuidadosamente selecionada<\/strong> para facilitar a emiss\u00e3o e a produ\u00e7\u00e3o de sons claros.<\/li>\n<li data-sourcepos=\"10:1-10:66\"><strong>Design especialmente adaptado<\/strong> que permite um melhor controlo e articula\u00e7\u00e3o.<\/li>\n<li data-sourcepos=\"15:1-15:58\"><strong>Facilita a aprendizagem<\/strong> do obo\u00e9 desde o in\u00edcio.<\/li>\n<li data-sourcepos=\"16:1-16:79\"><strong>Permite aos estudantes<\/strong> focarem-se na t\u00e9cnica.<\/li>\n<li data-sourcepos=\"17:1-18:0\"><strong>Excelente rela\u00e7\u00e3o qualidade-pre\u00e7o.<\/strong><\/li>\n<\/ul>\n<p><iframe loading=\"lazy\" title=\"Ca\u00f1a oboe iniciaci\u00f3n \/ Beginner oboe reed EG-REEDS\" width=\"563\" height=\"1000\" src=\"https:\/\/www.youtube.com\/embed\/jQrKLGNkaQg?feature=oembed\" frameborder=\"0\" allow=\"accelerometer; autoplay; clipboard-write; encrypted-media; gyroscope; picture-in-picture; web-share\" referrerpolicy=\"strict-origin-when-cross-origin\" allowfullscreen><\/iframe><\/p>\n","protected":false},"excerpt":{"rendered":"<p>1 unidade.<\/p>\n","protected":false},"featured_media":35942,"comment_status":"open","ping_status":"closed","template":"","meta":[],"product_brand":[],"product_cat":[428],"product_tag":[],"giftcard-category":[],"class_list":{"0":"post-2276","1":"product","2":"type-product","3":"status-publish","4":"has-post-thumbnail","6":"product_cat-palhetas-e-cana-para-estudantes","8":"first","9":"instock","10":"featured","11":"taxable","12":"shipping-taxable","13":"purchasable","14":"product-type-simple"},"yoast_head":"<!-- This site is optimized with the Yoast SEO Premium plugin v27.0 (Yoast SEO v27.3) - https:\/\/yoast.com\/product\/yoast-seo-premium-wordpress\/ -->\n<title>Palheta obo\u00e9 estudante (iniciante) EG-reeds<\/title>\n<meta name=\"description\" content=\"Palheta obo\u00e9 estudante iniciante EG-REEDS. Comprar palhetas de obo\u00e9 econ\u00f3micas e de elevada qualidade para estudantes nunca foi t\u00e3o simples.\" \/>\n<meta name=\"robots\" content=\"index, follow, max-snippet:-1, max-image-preview:large, max-video-preview:-1\" \/>\n<link rel=\"canonical\" href=\"https:\/\/eg-reeds.com\/pt-pt\/shop\/palhetas-e-cana-para-estudantes\/palheta-oboe-estudante-iniciante-eg-reeds\/\" \/>\n<meta property=\"og:locale\" content=\"pt_PT\" \/>\n<meta property=\"og:type\" content=\"article\" \/>\n<meta property=\"og:title\" content=\"Palheta obo\u00e9 estudante iniciante EG-REEDS\" \/>\n<meta property=\"og:description\" content=\"Palheta obo\u00e9 estudante iniciante EG-REEDS. Comprar palhetas de obo\u00e9 econ\u00f3micas e de elevada qualidade para estudantes nunca foi t\u00e3o simples.\" \/>\n<meta property=\"og:url\" content=\"https:\/\/eg-reeds.com\/pt-pt\/shop\/palhetas-e-cana-para-estudantes\/palheta-oboe-estudante-iniciante-eg-reeds\/\" \/>\n<meta property=\"og:site_name\" content=\"EG-REEDS\" \/>\n<meta property=\"article:publisher\" content=\"https:\/\/www.facebook.com\/EGREEDS\" \/>\n<meta property=\"article:modified_time\" content=\"2025-09-23T08:18:02+00:00\" \/>\n<meta property=\"og:image\" content=\"https:\/\/eg-reeds.com\/wp-content\/uploads\/2015\/02\/Beginner-oboe-reed-.jpg\" \/>\n\t<meta property=\"og:image:width\" content=\"640\" \/>\n\t<meta property=\"og:image:height\" content=\"544\" \/>\n\t<meta property=\"og:image:type\" content=\"image\/jpeg\" \/>\n<meta name=\"twitter:card\" content=\"summary_large_image\" \/>\n<meta name=\"twitter:image\" content=\"http:\/\/eg-reeds.com\/wp-content\/uploads\/2015\/02\/Beginner-oboe-reed-.jpg\" \/>\n<meta name=\"twitter:site\" content=\"@egreeds\" \/>\n<meta name=\"twitter:label1\" content=\"pre\u00e7o\" \/>\n\t<meta name=\"twitter:data1\" content=\"11,50&euro;\" \/>\n\t<meta name=\"twitter:label2\" content=\"Disponibilidade\" \/>\n\t<meta name=\"twitter:data2\" content=\"Em stock\" \/>\n<script type=\"application\/ld+json\" class=\"yoast-schema-graph\">{\"@context\":\"https:\\\/\\\/schema.org\",\"@graph\":[{\"@type\":[\"WebPage\",\"ItemPage\"],\"@id\":\"https:\\\/\\\/eg-reeds.com\\\/pt-pt\\\/shop\\\/palhetas-e-cana-para-estudantes\\\/palheta-oboe-estudante-iniciante-eg-reeds\\\/\",\"url\":\"https:\\\/\\\/eg-reeds.com\\\/pt-pt\\\/shop\\\/palhetas-e-cana-para-estudantes\\\/palheta-oboe-estudante-iniciante-eg-reeds\\\/\",\"name\":\"Palheta obo\u00e9 estudante (iniciante) EG-reeds\",\"isPartOf\":{\"@id\":\"https:\\\/\\\/eg-reeds.com\\\/pt-pt\\\/#website\"},\"primaryImageOfPage\":{\"@id\":\"https:\\\/\\\/eg-reeds.com\\\/pt-pt\\\/shop\\\/palhetas-e-cana-para-estudantes\\\/palheta-oboe-estudante-iniciante-eg-reeds\\\/#primaryimage\"},\"image\":{\"@id\":\"https:\\\/\\\/eg-reeds.com\\\/pt-pt\\\/shop\\\/palhetas-e-cana-para-estudantes\\\/palheta-oboe-estudante-iniciante-eg-reeds\\\/#primaryimage\"},\"thumbnailUrl\":\"https:\\\/\\\/eg-reeds.com\\\/wp-content\\\/uploads\\\/2015\\\/02\\\/Beginner-oboe-reed-eg-reeds.jpg\",\"datePublished\":\"2015-02-24T11:20:42+00:00\",\"dateModified\":\"2025-09-23T08:18:02+00:00\",\"description\":\"Palheta obo\u00e9 estudante iniciante EG-REEDS. Comprar palhetas de obo\u00e9 econ\u00f3micas e de elevada qualidade para estudantes nunca foi t\u00e3o simples.\",\"breadcrumb\":{\"@id\":\"https:\\\/\\\/eg-reeds.com\\\/pt-pt\\\/shop\\\/palhetas-e-cana-para-estudantes\\\/palheta-oboe-estudante-iniciante-eg-reeds\\\/#breadcrumb\"},\"inLanguage\":\"pt-PT\",\"potentialAction\":[{\"@type\":\"ReadAction\",\"target\":[\"https:\\\/\\\/eg-reeds.com\\\/pt-pt\\\/shop\\\/palhetas-e-cana-para-estudantes\\\/palheta-oboe-estudante-iniciante-eg-reeds\\\/\"]}]},{\"@type\":\"ImageObject\",\"inLanguage\":\"pt-PT\",\"@id\":\"https:\\\/\\\/eg-reeds.com\\\/pt-pt\\\/shop\\\/palhetas-e-cana-para-estudantes\\\/palheta-oboe-estudante-iniciante-eg-reeds\\\/#primaryimage\",\"url\":\"https:\\\/\\\/eg-reeds.com\\\/wp-content\\\/uploads\\\/2015\\\/02\\\/Beginner-oboe-reed-eg-reeds.jpg\",\"contentUrl\":\"https:\\\/\\\/eg-reeds.com\\\/wp-content\\\/uploads\\\/2015\\\/02\\\/Beginner-oboe-reed-eg-reeds.jpg\",\"width\":1280,\"height\":1088,\"caption\":\"Palheta obo\u00e9 estudante iniciante EG-REEDS\"},{\"@type\":\"BreadcrumbList\",\"@id\":\"https:\\\/\\\/eg-reeds.com\\\/pt-pt\\\/shop\\\/palhetas-e-cana-para-estudantes\\\/palheta-oboe-estudante-iniciante-eg-reeds\\\/#breadcrumb\",\"itemListElement\":[{\"@type\":\"ListItem\",\"position\":1,\"name\":\"Startseite\",\"item\":\"https:\\\/\\\/eg-reeds.com\\\/pt-pt\\\/\"},{\"@type\":\"ListItem\",\"position\":2,\"name\":\"Loja\",\"item\":\"https:\\\/\\\/eg-reeds.com\\\/pt-pt\\\/\"},{\"@type\":\"ListItem\",\"position\":3,\"name\":\"Palheta obo\u00e9 estudante iniciante EG-REEDS\"}]},{\"@type\":\"WebSite\",\"@id\":\"https:\\\/\\\/eg-reeds.com\\\/pt-pt\\\/#website\",\"url\":\"https:\\\/\\\/eg-reeds.com\\\/pt-pt\\\/\",\"name\":\"www.eg-reeds.com\",\"description\":\"Palhetas obo\u00e9\",\"publisher\":{\"@id\":\"https:\\\/\\\/eg-reeds.com\\\/pt-pt\\\/#organization\"},\"alternateName\":\"eg-reeds.com\",\"potentialAction\":[{\"@type\":\"SearchAction\",\"target\":{\"@type\":\"EntryPoint\",\"urlTemplate\":\"https:\\\/\\\/eg-reeds.com\\\/pt-pt\\\/?s={search_term_string}\"},\"query-input\":{\"@type\":\"PropertyValueSpecification\",\"valueRequired\":true,\"valueName\":\"search_term_string\"}}],\"inLanguage\":\"pt-PT\"},{\"@type\":\"Organization\",\"@id\":\"https:\\\/\\\/eg-reeds.com\\\/pt-pt\\\/#organization\",\"name\":\"www.eg-reeds.com\",\"url\":\"https:\\\/\\\/eg-reeds.com\\\/pt-pt\\\/\",\"logo\":{\"@type\":\"ImageObject\",\"inLanguage\":\"pt-PT\",\"@id\":\"https:\\\/\\\/eg-reeds.com\\\/pt-pt\\\/#\\\/schema\\\/logo\\\/image\\\/\",\"url\":\"https:\\\/\\\/eg-reeds.com\\\/wp-content\\\/uploads\\\/2024\\\/06\\\/Logo-scaled-e1718793906611.jpg\",\"contentUrl\":\"https:\\\/\\\/eg-reeds.com\\\/wp-content\\\/uploads\\\/2024\\\/06\\\/Logo-scaled-e1718793906611.jpg\",\"width\":1200,\"height\":493,\"caption\":\"www.eg-reeds.com\"},\"image\":{\"@id\":\"https:\\\/\\\/eg-reeds.com\\\/pt-pt\\\/#\\\/schema\\\/logo\\\/image\\\/\"},\"sameAs\":[\"https:\\\/\\\/www.facebook.com\\\/EGREEDS\",\"https:\\\/\\\/x.com\\\/egreeds\",\"https:\\\/\\\/www.instagram.com\\\/egreeds\\\/\",\"https:\\\/\\\/www.youtube.com\\\/c\\\/EGREEDS\",\"https:\\\/\\\/www.threads.net\\\/@egreeds\",\"https:\\\/\\\/www.tiktok.com\\\/@egreeds\"]}]}<\/script>\n<meta property=\"product:price:amount\" content=\"11.50\" \/>\n<meta property=\"product:price:currency\" content=\"EUR\" \/>\n<meta property=\"og:availability\" content=\"instock\" \/>\n<meta property=\"product:availability\" content=\"instock\" \/>\n<meta property=\"product:retailer_item_id\" content=\"CEB\" \/>\n<meta property=\"product:condition\" content=\"new\" \/>\n<!-- \/ Yoast SEO Premium plugin. -->","yoast_head_json":{"title":"Palheta obo\u00e9 estudante (iniciante) EG-reeds","description":"Palheta obo\u00e9 estudante iniciante EG-REEDS. Comprar palhetas de obo\u00e9 econ\u00f3micas e de elevada qualidade para estudantes nunca foi t\u00e3o simples.","robots":{"index":"index","follow":"follow","max-snippet":"max-snippet:-1","max-image-preview":"max-image-preview:large","max-video-preview":"max-video-preview:-1"},"canonical":"https:\/\/eg-reeds.com\/pt-pt\/shop\/palhetas-e-cana-para-estudantes\/palheta-oboe-estudante-iniciante-eg-reeds\/","og_locale":"pt_PT","og_type":"article","og_title":"Palheta obo\u00e9 estudante iniciante EG-REEDS","og_description":"Palheta obo\u00e9 estudante iniciante EG-REEDS. Comprar palhetas de obo\u00e9 econ\u00f3micas e de elevada qualidade para estudantes nunca foi t\u00e3o simples.","og_url":"https:\/\/eg-reeds.com\/pt-pt\/shop\/palhetas-e-cana-para-estudantes\/palheta-oboe-estudante-iniciante-eg-reeds\/","og_site_name":"EG-REEDS","article_publisher":"https:\/\/www.facebook.com\/EGREEDS","article_modified_time":"2025-09-23T08:18:02+00:00","og_image":[{"width":640,"height":544,"url":"https:\/\/eg-reeds.com\/wp-content\/uploads\/2015\/02\/Beginner-oboe-reed-.jpg","type":"image\/jpeg"}],"twitter_card":"summary_large_image","twitter_image":"http:\/\/eg-reeds.com\/wp-content\/uploads\/2015\/02\/Beginner-oboe-reed-.jpg","twitter_site":"@egreeds","twitter_misc":{"pre\u00e7o":"11,50&euro;","Disponibilidade":"Em stock"},"schema":{"@context":"https:\/\/schema.org","@graph":[{"@type":["WebPage","ItemPage"],"@id":"https:\/\/eg-reeds.com\/pt-pt\/shop\/palhetas-e-cana-para-estudantes\/palheta-oboe-estudante-iniciante-eg-reeds\/","url":"https:\/\/eg-reeds.com\/pt-pt\/shop\/palhetas-e-cana-para-estudantes\/palheta-oboe-estudante-iniciante-eg-reeds\/","name":"Palheta obo\u00e9 estudante (iniciante) EG-reeds","isPartOf":{"@id":"https:\/\/eg-reeds.com\/pt-pt\/#website"},"primaryImageOfPage":{"@id":"https:\/\/eg-reeds.com\/pt-pt\/shop\/palhetas-e-cana-para-estudantes\/palheta-oboe-estudante-iniciante-eg-reeds\/#primaryimage"},"image":{"@id":"https:\/\/eg-reeds.com\/pt-pt\/shop\/palhetas-e-cana-para-estudantes\/palheta-oboe-estudante-iniciante-eg-reeds\/#primaryimage"},"thumbnailUrl":"https:\/\/eg-reeds.com\/wp-content\/uploads\/2015\/02\/Beginner-oboe-reed-eg-reeds.jpg","datePublished":"2015-02-24T11:20:42+00:00","dateModified":"2025-09-23T08:18:02+00:00","description":"Palheta obo\u00e9 estudante iniciante EG-REEDS. Comprar palhetas de obo\u00e9 econ\u00f3micas e de elevada qualidade para estudantes nunca foi t\u00e3o simples.","breadcrumb":{"@id":"https:\/\/eg-reeds.com\/pt-pt\/shop\/palhetas-e-cana-para-estudantes\/palheta-oboe-estudante-iniciante-eg-reeds\/#breadcrumb"},"inLanguage":"pt-PT","potentialAction":[{"@type":"ReadAction","target":["https:\/\/eg-reeds.com\/pt-pt\/shop\/palhetas-e-cana-para-estudantes\/palheta-oboe-estudante-iniciante-eg-reeds\/"]}]},{"@type":"ImageObject","inLanguage":"pt-PT","@id":"https:\/\/eg-reeds.com\/pt-pt\/shop\/palhetas-e-cana-para-estudantes\/palheta-oboe-estudante-iniciante-eg-reeds\/#primaryimage","url":"https:\/\/eg-reeds.com\/wp-content\/uploads\/2015\/02\/Beginner-oboe-reed-eg-reeds.jpg","contentUrl":"https:\/\/eg-reeds.com\/wp-content\/uploads\/2015\/02\/Beginner-oboe-reed-eg-reeds.jpg","width":1280,"height":1088,"caption":"Palheta obo\u00e9 estudante iniciante EG-REEDS"},{"@type":"BreadcrumbList","@id":"https:\/\/eg-reeds.com\/pt-pt\/shop\/palhetas-e-cana-para-estudantes\/palheta-oboe-estudante-iniciante-eg-reeds\/#breadcrumb","itemListElement":[{"@type":"ListItem","position":1,"name":"Startseite","item":"https:\/\/eg-reeds.com\/pt-pt\/"},{"@type":"ListItem","position":2,"name":"Loja","item":"https:\/\/eg-reeds.com\/pt-pt\/"},{"@type":"ListItem","position":3,"name":"Palheta obo\u00e9 estudante iniciante EG-REEDS"}]},{"@type":"WebSite","@id":"https:\/\/eg-reeds.com\/pt-pt\/#website","url":"https:\/\/eg-reeds.com\/pt-pt\/","name":"www.eg-reeds.com","description":"Palhetas obo\u00e9","publisher":{"@id":"https:\/\/eg-reeds.com\/pt-pt\/#organization"},"alternateName":"eg-reeds.com","potentialAction":[{"@type":"SearchAction","target":{"@type":"EntryPoint","urlTemplate":"https:\/\/eg-reeds.com\/pt-pt\/?s={search_term_string}"},"query-input":{"@type":"PropertyValueSpecification","valueRequired":true,"valueName":"search_term_string"}}],"inLanguage":"pt-PT"},{"@type":"Organization","@id":"https:\/\/eg-reeds.com\/pt-pt\/#organization","name":"www.eg-reeds.com","url":"https:\/\/eg-reeds.com\/pt-pt\/","logo":{"@type":"ImageObject","inLanguage":"pt-PT","@id":"https:\/\/eg-reeds.com\/pt-pt\/#\/schema\/logo\/image\/","url":"https:\/\/eg-reeds.com\/wp-content\/uploads\/2024\/06\/Logo-scaled-e1718793906611.jpg","contentUrl":"https:\/\/eg-reeds.com\/wp-content\/uploads\/2024\/06\/Logo-scaled-e1718793906611.jpg","width":1200,"height":493,"caption":"www.eg-reeds.com"},"image":{"@id":"https:\/\/eg-reeds.com\/pt-pt\/#\/schema\/logo\/image\/"},"sameAs":["https:\/\/www.facebook.com\/EGREEDS","https:\/\/x.com\/egreeds","https:\/\/www.instagram.com\/egreeds\/","https:\/\/www.youtube.com\/c\/EGREEDS","https:\/\/www.threads.net\/@egreeds","https:\/\/www.tiktok.com\/@egreeds"]}]},"product_price_amount":"11.50","product_price_currency":"EUR","og_availability":"instock","product_availability":"instock","product_retailer_item_id":"CEB","product_condition":"new"},"_links":{"self":[{"href":"https:\/\/eg-reeds.com\/pt-pt\/wp-json\/wp\/v2\/product\/2276","targetHints":{"allow":["GET"]}}],"collection":[{"href":"https:\/\/eg-reeds.com\/pt-pt\/wp-json\/wp\/v2\/product"}],"about":[{"href":"https:\/\/eg-reeds.com\/pt-pt\/wp-json\/wp\/v2\/types\/product"}],"replies":[{"embeddable":true,"href":"https:\/\/eg-reeds.com\/pt-pt\/wp-json\/wp\/v2\/comments?post=2276"}],"wp:featuredmedia":[{"embeddable":true,"href":"https:\/\/eg-reeds.com\/pt-pt\/wp-json\/wp\/v2\/media\/35942"}],"wp:attachment":[{"href":"https:\/\/eg-reeds.com\/pt-pt\/wp-json\/wp\/v2\/media?parent=2276"}],"wp:term":[{"taxonomy":"product_brand","embeddable":true,"href":"https:\/\/eg-reeds.com\/pt-pt\/wp-json\/wp\/v2\/product_brand?post=2276"},{"taxonomy":"product_cat","embeddable":true,"href":"https:\/\/eg-reeds.com\/pt-pt\/wp-json\/wp\/v2\/product_cat?post=2276"},{"taxonomy":"product_tag","embeddable":true,"href":"https:\/\/eg-reeds.com\/pt-pt\/wp-json\/wp\/v2\/product_tag?post=2276"},{"taxonomy":"giftcard-category","embeddable":true,"href":"https:\/\/eg-reeds.com\/pt-pt\/wp-json\/wp\/v2\/giftcard-category?post=2276"}],"curies":[{"name":"wp","href":"https:\/\/api.w.org\/{rel}","templated":true}]}}