{"id":2280,"date":"2015-02-24T16:27:25","date_gmt":"2015-02-24T15:27:25","guid":{"rendered":"http:\/\/eg-reeds.com\/shop\/uncategorized\/canas-goivadas-talhadas-e-dobradas-de-oboe-10-unidades\/"},"modified":"2025-10-16T13:18:04","modified_gmt":"2025-10-16T11:18:04","slug":"canas-oboe-formadas-eg-reeds","status":"publish","type":"product","link":"https:\/\/eg-reeds.com\/pt-pt\/shop\/cana-processada\/cana-oboe\/canas-oboe-formadas-eg-reeds\/","title":{"rendered":"Canas obo\u00e9 formadas EG-REEDS"},"content":{"rendered":"<h1><b>Canas obo\u00e9 formadas EG REEDS (10 unidades)<\/b><\/h1>\n<p>Procura canas formadas para obo\u00e9 de alta qualidade? Descubra a excel\u00eancia das canas EG-REEDS, onde o artesanato especializado e a experi\u00eancia profissional no obo\u00e9 se unem para lhe oferecer o melhor.<\/p>\n<p>Cada cana \u00e9 cuidadosamente desbastada, formada e dobrada com tecnologia de ponta, garantindo m\u00e1xima precis\u00e3o em cada detalhe.<\/p>\n<p>O nosso compromisso com a qualidade est\u00e1 presente em todas as etapas do processo. Desde a sele\u00e7\u00e3o criteriosa da mat\u00e9ria-prima, passando pelo desbaste e teste individual de dureza com m\u00e1quinas avan\u00e7adas, at\u00e9 \u00e0 forma\u00e7\u00e3o e dobra manual, asseguramos que apenas as canas que cumprem os nossos exigentes padr\u00f5es chegam \u00e0s suas m\u00e3os. Este controlo rigoroso permite-nos oferecer desempenho excecional e durabilidade superior.<\/p>\n<p>Depois de aplicada a forma escolhida, cada cana \u00e9 dobrada manualmente com m\u00e1xima precis\u00e3o. Este processo artesanal garante que cada pe\u00e7a respeita os nossos elevados padr\u00f5es de qualidade e se adapta perfeitamente \u00e0s necessidades de cada m\u00fasico.<\/p>\n<p>As nossas canas para obo\u00e9 s\u00e3o sempre produzidas segundo os par\u00e2metros de qualidade mais exigentes da EG-REEDS, oferecendo-lhe um produto premium em cada encomenda. Pode confiar que est\u00e1 a receber a melhor cana formada dispon\u00edvel, pensada para ajudar a desenvolver todo o seu potencial musical.<\/p>\n<p>Junte-se aos obo\u00edstas de todo o mundo que confiam nas canas obo\u00e9 formadas da EG-REEDS. Encomende j\u00e1 a sua e sinta a diferen\u00e7a na qualidade.<\/p>\n<h2>Modelos de forma:<\/h2>\n<ul>\n<li>RC11<\/li>\n<li>RC12<\/li>\n<li>RC13<\/li>\n<li>RC15<\/li>\n<li>901<\/li>\n<li>M2<\/li>\n<li>Albrecht Mayer<\/li>\n<li>Maurice Bourgue<\/li>\n<li>Ram\u00f3n Ortega<\/li>\n<li>Thomas Inderm\u00fchle<\/li>\n<li>USA<\/li>\n<li>LORY<\/li>\n<li>H49<\/li>\n<li>Glotin<\/li>\n<li>Rigoutat 2<\/li>\n<li>Willy 12<\/li>\n<\/ul>\n<h2>Estilos de forma:<\/h2>\n<ul>\n<li>Europeu<\/li>\n<li>Americano<\/li>\n<\/ul>\n<h2>Di\u00e2metro:<\/h2>\n<ul>\n<li>9,5 a 10<\/li>\n<li>10 a 10,5<\/li>\n<li>10,5 a 11<\/li>\n<\/ul>\n<h2>Espessura:<\/h2>\n<p>De 0,54 a 0,55 at\u00e9 0,60 a 0,61.<\/p>\n<h2>Dureza:<\/h2>\n<ul>\n<li>Macia<\/li>\n<li>M\u00e9dia<\/li>\n<li>Dura<\/li>\n<\/ul>\n","protected":false},"excerpt":{"rendered":"<p>10 unidades.<\/p>\n","protected":false},"featured_media":24867,"comment_status":"open","ping_status":"closed","template":"","meta":[],"product_brand":[],"product_cat":[426,359],"product_tag":[],"giftcard-category":[],"class_list":{"0":"post-2280","1":"product","2":"type-product","3":"status-publish","4":"has-post-thumbnail","6":"product_cat-cana-oboe","7":"product_cat-cana-processada","8":"pa_cane-diameter-10-mm-105-mm-pt-pt","9":"pa_cane-diameter-105-mm-11-mm-pt-pt","10":"pa_cane-diameter-95-mm-10-mm-pt-pt","11":"pa_shaper-901-pt-pt","12":"pa_shaper-albrecht-mayer-pt-pt","13":"pa_shaper-glotin-pt-pt","14":"pa_shaper-h49-pt-pt","15":"pa_shaper-lory-pt-pt","16":"pa_shaper-m2-pt-pt","17":"pa_shaper-maurice-bourgue-pt-pt-3","18":"pa_shaper-ramon-ortega-pt-pt-2","19":"pa_shaper-rc11-pt-pt","20":"pa_shaper-rc12-pt-pt-2","21":"pa_shaper-rc13-pt-pt-2","22":"pa_shaper-rc15-pt-pt","23":"pa_shaper-rigoutat-2-pt-pt","24":"pa_shaper-thomas-indermuehle-pt-pt","25":"pa_shaper-usa-pt-pt","26":"pa_shaper-willy-12-pt-pt","27":"pa_thickness-054-mm-055-mm-pt-pt","28":"pa_thickness-055-mm-056-mm-pt-pt-2","29":"pa_thickness-056-mm-057-mm-pt-pt-2","30":"pa_thickness-057-mm-058-mm-pt-pt","31":"pa_thickness-058-mm-059-mm-pt-pt-2","32":"pa_thickness-059-mm-060-mm-pt-pt","33":"pa_thickness-060-mm-061-mm-pt-pt-2","35":"first","36":"instock","37":"featured","38":"taxable","39":"shipping-taxable","40":"purchasable","41":"product-type-variable","42":"has-default-attributes"},"yoast_head":"<!-- This site is optimized with the Yoast SEO Premium plugin v27.0 (Yoast SEO v27.4) - https:\/\/yoast.com\/product\/yoast-seo-premium-wordpress\/ -->\n<title>Canas obo\u00e9 formadas EG-REEDS - EG-REEDS<\/title>\n<meta name=\"description\" content=\"Compre canas obo\u00e9 formadas EG REEDS de qualidade profissional. A melhor cana de obo\u00e9 para profissionais. Encomende agora e sinta a diferen\u00e7a!\" \/>\n<meta name=\"robots\" content=\"index, follow, max-snippet:-1, max-image-preview:large, max-video-preview:-1\" \/>\n<link rel=\"canonical\" href=\"https:\/\/eg-reeds.com\/pt-pt\/shop\/cana-processada\/cana-oboe\/canas-oboe-formadas-eg-reeds\/\" \/>\n<meta property=\"og:locale\" content=\"pt_PT\" \/>\n<meta property=\"og:type\" content=\"article\" \/>\n<meta property=\"og:title\" content=\"Canas obo\u00e9 formadas EG-REEDS\" \/>\n<meta property=\"og:description\" content=\"Compre canas obo\u00e9 formadas EG REEDS de qualidade profissional. A melhor cana de obo\u00e9 para profissionais. Encomende agora e sinta a diferen\u00e7a!\" \/>\n<meta property=\"og:url\" content=\"https:\/\/eg-reeds.com\/pt-pt\/shop\/cana-processada\/cana-oboe\/canas-oboe-formadas-eg-reeds\/\" \/>\n<meta property=\"og:site_name\" content=\"EG-REEDS\" \/>\n<meta property=\"article:publisher\" content=\"https:\/\/www.facebook.com\/EGREEDS\" \/>\n<meta property=\"article:modified_time\" content=\"2025-10-16T11:18:04+00:00\" \/>\n<meta property=\"og:image\" content=\"https:\/\/eg-reeds.com\/wp-content\/uploads\/2015\/02\/Processed-shaped-oboe-cane-EG-REEDS.jpg\" \/>\n\t<meta property=\"og:image:width\" content=\"640\" \/>\n\t<meta property=\"og:image:height\" content=\"544\" \/>\n\t<meta property=\"og:image:type\" content=\"image\/jpeg\" \/>\n<meta name=\"twitter:card\" content=\"summary_large_image\" \/>\n<meta name=\"twitter:site\" content=\"@egreeds\" \/>\n<meta name=\"twitter:label1\" content=\"Disponibilidade\" \/>\n\t<meta name=\"twitter:data1\" content=\"Em stock\" \/>\n<script type=\"application\/ld+json\" class=\"yoast-schema-graph\">{\"@context\":\"https:\\\/\\\/schema.org\",\"@graph\":[{\"@type\":[\"WebPage\",\"ItemPage\"],\"@id\":\"https:\\\/\\\/eg-reeds.com\\\/pt-pt\\\/shop\\\/cana-processada\\\/cana-oboe\\\/canas-oboe-formadas-eg-reeds\\\/\",\"url\":\"https:\\\/\\\/eg-reeds.com\\\/pt-pt\\\/shop\\\/cana-processada\\\/cana-oboe\\\/canas-oboe-formadas-eg-reeds\\\/\",\"name\":\"Canas obo\u00e9 formadas EG-REEDS - EG-REEDS\",\"isPartOf\":{\"@id\":\"https:\\\/\\\/eg-reeds.com\\\/pt-pt\\\/#website\"},\"primaryImageOfPage\":{\"@id\":\"https:\\\/\\\/eg-reeds.com\\\/pt-pt\\\/shop\\\/cana-processada\\\/cana-oboe\\\/canas-oboe-formadas-eg-reeds\\\/#primaryimage\"},\"image\":{\"@id\":\"https:\\\/\\\/eg-reeds.com\\\/pt-pt\\\/shop\\\/cana-processada\\\/cana-oboe\\\/canas-oboe-formadas-eg-reeds\\\/#primaryimage\"},\"thumbnailUrl\":\"https:\\\/\\\/eg-reeds.com\\\/wp-content\\\/uploads\\\/2015\\\/02\\\/Processed-shaped-oboe-cane-EG-REEDS.jpg\",\"datePublished\":\"2015-02-24T15:27:25+00:00\",\"dateModified\":\"2025-10-16T11:18:04+00:00\",\"description\":\"Compre canas obo\u00e9 formadas EG REEDS de qualidade profissional. A melhor cana de obo\u00e9 para profissionais. Encomende agora e sinta a diferen\u00e7a!\",\"breadcrumb\":{\"@id\":\"https:\\\/\\\/eg-reeds.com\\\/pt-pt\\\/shop\\\/cana-processada\\\/cana-oboe\\\/canas-oboe-formadas-eg-reeds\\\/#breadcrumb\"},\"inLanguage\":\"pt-PT\",\"potentialAction\":[{\"@type\":\"ReadAction\",\"target\":[\"https:\\\/\\\/eg-reeds.com\\\/pt-pt\\\/shop\\\/cana-processada\\\/cana-oboe\\\/canas-oboe-formadas-eg-reeds\\\/\"]}]},{\"@type\":\"ImageObject\",\"inLanguage\":\"pt-PT\",\"@id\":\"https:\\\/\\\/eg-reeds.com\\\/pt-pt\\\/shop\\\/cana-processada\\\/cana-oboe\\\/canas-oboe-formadas-eg-reeds\\\/#primaryimage\",\"url\":\"https:\\\/\\\/eg-reeds.com\\\/wp-content\\\/uploads\\\/2015\\\/02\\\/Processed-shaped-oboe-cane-EG-REEDS.jpg\",\"contentUrl\":\"https:\\\/\\\/eg-reeds.com\\\/wp-content\\\/uploads\\\/2015\\\/02\\\/Processed-shaped-oboe-cane-EG-REEDS.jpg\",\"width\":640,\"height\":544,\"caption\":\"Canas obo\u00e9 formadas\"},{\"@type\":\"BreadcrumbList\",\"@id\":\"https:\\\/\\\/eg-reeds.com\\\/pt-pt\\\/shop\\\/cana-processada\\\/cana-oboe\\\/canas-oboe-formadas-eg-reeds\\\/#breadcrumb\",\"itemListElement\":[{\"@type\":\"ListItem\",\"position\":1,\"name\":\"Startseite\",\"item\":\"https:\\\/\\\/eg-reeds.com\\\/pt-pt\\\/\"},{\"@type\":\"ListItem\",\"position\":2,\"name\":\"Loja\",\"item\":\"https:\\\/\\\/eg-reeds.com\\\/pt-pt\\\/\"},{\"@type\":\"ListItem\",\"position\":3,\"name\":\"Canas obo\u00e9 formadas EG-REEDS\"}]},{\"@type\":\"WebSite\",\"@id\":\"https:\\\/\\\/eg-reeds.com\\\/pt-pt\\\/#website\",\"url\":\"https:\\\/\\\/eg-reeds.com\\\/pt-pt\\\/\",\"name\":\"www.eg-reeds.com\",\"description\":\"Palhetas obo\u00e9\",\"publisher\":{\"@id\":\"https:\\\/\\\/eg-reeds.com\\\/pt-pt\\\/#organization\"},\"alternateName\":\"eg-reeds.com\",\"potentialAction\":[{\"@type\":\"SearchAction\",\"target\":{\"@type\":\"EntryPoint\",\"urlTemplate\":\"https:\\\/\\\/eg-reeds.com\\\/pt-pt\\\/?s={search_term_string}\"},\"query-input\":{\"@type\":\"PropertyValueSpecification\",\"valueRequired\":true,\"valueName\":\"search_term_string\"}}],\"inLanguage\":\"pt-PT\"},{\"@type\":\"Organization\",\"@id\":\"https:\\\/\\\/eg-reeds.com\\\/pt-pt\\\/#organization\",\"name\":\"www.eg-reeds.com\",\"url\":\"https:\\\/\\\/eg-reeds.com\\\/pt-pt\\\/\",\"logo\":{\"@type\":\"ImageObject\",\"inLanguage\":\"pt-PT\",\"@id\":\"https:\\\/\\\/eg-reeds.com\\\/pt-pt\\\/#\\\/schema\\\/logo\\\/image\\\/\",\"url\":\"https:\\\/\\\/eg-reeds.com\\\/wp-content\\\/uploads\\\/2024\\\/06\\\/Logo-scaled-e1718793906611.jpg\",\"contentUrl\":\"https:\\\/\\\/eg-reeds.com\\\/wp-content\\\/uploads\\\/2024\\\/06\\\/Logo-scaled-e1718793906611.jpg\",\"width\":1200,\"height\":493,\"caption\":\"www.eg-reeds.com\"},\"image\":{\"@id\":\"https:\\\/\\\/eg-reeds.com\\\/pt-pt\\\/#\\\/schema\\\/logo\\\/image\\\/\"},\"sameAs\":[\"https:\\\/\\\/www.facebook.com\\\/EGREEDS\",\"https:\\\/\\\/x.com\\\/egreeds\",\"https:\\\/\\\/www.instagram.com\\\/egreeds\\\/\",\"https:\\\/\\\/www.youtube.com\\\/c\\\/EGREEDS\",\"https:\\\/\\\/www.threads.net\\\/@egreeds\",\"https:\\\/\\\/www.tiktok.com\\\/@egreeds\"]}]}<\/script>\n<meta property=\"og:availability\" content=\"instock\" \/>\n<meta property=\"product:availability\" content=\"instock\" \/>\n<meta property=\"product:retailer_item_id\" content=\"PAOB-F\" \/>\n<meta property=\"product:condition\" content=\"new\" \/>\n<!-- \/ Yoast SEO Premium plugin. -->","yoast_head_json":{"title":"Canas obo\u00e9 formadas EG-REEDS - EG-REEDS","description":"Compre canas obo\u00e9 formadas EG REEDS de qualidade profissional. A melhor cana de obo\u00e9 para profissionais. Encomende agora e sinta a diferen\u00e7a!","robots":{"index":"index","follow":"follow","max-snippet":"max-snippet:-1","max-image-preview":"max-image-preview:large","max-video-preview":"max-video-preview:-1"},"canonical":"https:\/\/eg-reeds.com\/pt-pt\/shop\/cana-processada\/cana-oboe\/canas-oboe-formadas-eg-reeds\/","og_locale":"pt_PT","og_type":"article","og_title":"Canas obo\u00e9 formadas EG-REEDS","og_description":"Compre canas obo\u00e9 formadas EG REEDS de qualidade profissional. A melhor cana de obo\u00e9 para profissionais. Encomende agora e sinta a diferen\u00e7a!","og_url":"https:\/\/eg-reeds.com\/pt-pt\/shop\/cana-processada\/cana-oboe\/canas-oboe-formadas-eg-reeds\/","og_site_name":"EG-REEDS","article_publisher":"https:\/\/www.facebook.com\/EGREEDS","article_modified_time":"2025-10-16T11:18:04+00:00","og_image":[{"width":640,"height":544,"url":"https:\/\/eg-reeds.com\/wp-content\/uploads\/2015\/02\/Processed-shaped-oboe-cane-EG-REEDS.jpg","type":"image\/jpeg"}],"twitter_card":"summary_large_image","twitter_site":"@egreeds","twitter_misc":{"Disponibilidade":"Em stock"},"schema":{"@context":"https:\/\/schema.org","@graph":[{"@type":["WebPage","ItemPage"],"@id":"https:\/\/eg-reeds.com\/pt-pt\/shop\/cana-processada\/cana-oboe\/canas-oboe-formadas-eg-reeds\/","url":"https:\/\/eg-reeds.com\/pt-pt\/shop\/cana-processada\/cana-oboe\/canas-oboe-formadas-eg-reeds\/","name":"Canas obo\u00e9 formadas EG-REEDS - EG-REEDS","isPartOf":{"@id":"https:\/\/eg-reeds.com\/pt-pt\/#website"},"primaryImageOfPage":{"@id":"https:\/\/eg-reeds.com\/pt-pt\/shop\/cana-processada\/cana-oboe\/canas-oboe-formadas-eg-reeds\/#primaryimage"},"image":{"@id":"https:\/\/eg-reeds.com\/pt-pt\/shop\/cana-processada\/cana-oboe\/canas-oboe-formadas-eg-reeds\/#primaryimage"},"thumbnailUrl":"https:\/\/eg-reeds.com\/wp-content\/uploads\/2015\/02\/Processed-shaped-oboe-cane-EG-REEDS.jpg","datePublished":"2015-02-24T15:27:25+00:00","dateModified":"2025-10-16T11:18:04+00:00","description":"Compre canas obo\u00e9 formadas EG REEDS de qualidade profissional. A melhor cana de obo\u00e9 para profissionais. Encomende agora e sinta a diferen\u00e7a!","breadcrumb":{"@id":"https:\/\/eg-reeds.com\/pt-pt\/shop\/cana-processada\/cana-oboe\/canas-oboe-formadas-eg-reeds\/#breadcrumb"},"inLanguage":"pt-PT","potentialAction":[{"@type":"ReadAction","target":["https:\/\/eg-reeds.com\/pt-pt\/shop\/cana-processada\/cana-oboe\/canas-oboe-formadas-eg-reeds\/"]}]},{"@type":"ImageObject","inLanguage":"pt-PT","@id":"https:\/\/eg-reeds.com\/pt-pt\/shop\/cana-processada\/cana-oboe\/canas-oboe-formadas-eg-reeds\/#primaryimage","url":"https:\/\/eg-reeds.com\/wp-content\/uploads\/2015\/02\/Processed-shaped-oboe-cane-EG-REEDS.jpg","contentUrl":"https:\/\/eg-reeds.com\/wp-content\/uploads\/2015\/02\/Processed-shaped-oboe-cane-EG-REEDS.jpg","width":640,"height":544,"caption":"Canas obo\u00e9 formadas"},{"@type":"BreadcrumbList","@id":"https:\/\/eg-reeds.com\/pt-pt\/shop\/cana-processada\/cana-oboe\/canas-oboe-formadas-eg-reeds\/#breadcrumb","itemListElement":[{"@type":"ListItem","position":1,"name":"Startseite","item":"https:\/\/eg-reeds.com\/pt-pt\/"},{"@type":"ListItem","position":2,"name":"Loja","item":"https:\/\/eg-reeds.com\/pt-pt\/"},{"@type":"ListItem","position":3,"name":"Canas obo\u00e9 formadas EG-REEDS"}]},{"@type":"WebSite","@id":"https:\/\/eg-reeds.com\/pt-pt\/#website","url":"https:\/\/eg-reeds.com\/pt-pt\/","name":"www.eg-reeds.com","description":"Palhetas obo\u00e9","publisher":{"@id":"https:\/\/eg-reeds.com\/pt-pt\/#organization"},"alternateName":"eg-reeds.com","potentialAction":[{"@type":"SearchAction","target":{"@type":"EntryPoint","urlTemplate":"https:\/\/eg-reeds.com\/pt-pt\/?s={search_term_string}"},"query-input":{"@type":"PropertyValueSpecification","valueRequired":true,"valueName":"search_term_string"}}],"inLanguage":"pt-PT"},{"@type":"Organization","@id":"https:\/\/eg-reeds.com\/pt-pt\/#organization","name":"www.eg-reeds.com","url":"https:\/\/eg-reeds.com\/pt-pt\/","logo":{"@type":"ImageObject","inLanguage":"pt-PT","@id":"https:\/\/eg-reeds.com\/pt-pt\/#\/schema\/logo\/image\/","url":"https:\/\/eg-reeds.com\/wp-content\/uploads\/2024\/06\/Logo-scaled-e1718793906611.jpg","contentUrl":"https:\/\/eg-reeds.com\/wp-content\/uploads\/2024\/06\/Logo-scaled-e1718793906611.jpg","width":1200,"height":493,"caption":"www.eg-reeds.com"},"image":{"@id":"https:\/\/eg-reeds.com\/pt-pt\/#\/schema\/logo\/image\/"},"sameAs":["https:\/\/www.facebook.com\/EGREEDS","https:\/\/x.com\/egreeds","https:\/\/www.instagram.com\/egreeds\/","https:\/\/www.youtube.com\/c\/EGREEDS","https:\/\/www.threads.net\/@egreeds","https:\/\/www.tiktok.com\/@egreeds"]}]},"og_availability":"instock","product_availability":"instock","product_retailer_item_id":"PAOB-F","product_condition":"new"},"_links":{"self":[{"href":"https:\/\/eg-reeds.com\/pt-pt\/wp-json\/wp\/v2\/product\/2280","targetHints":{"allow":["GET"]}}],"collection":[{"href":"https:\/\/eg-reeds.com\/pt-pt\/wp-json\/wp\/v2\/product"}],"about":[{"href":"https:\/\/eg-reeds.com\/pt-pt\/wp-json\/wp\/v2\/types\/product"}],"replies":[{"embeddable":true,"href":"https:\/\/eg-reeds.com\/pt-pt\/wp-json\/wp\/v2\/comments?post=2280"}],"wp:featuredmedia":[{"embeddable":true,"href":"https:\/\/eg-reeds.com\/pt-pt\/wp-json\/wp\/v2\/media\/24867"}],"wp:attachment":[{"href":"https:\/\/eg-reeds.com\/pt-pt\/wp-json\/wp\/v2\/media?parent=2280"}],"wp:term":[{"taxonomy":"product_brand","embeddable":true,"href":"https:\/\/eg-reeds.com\/pt-pt\/wp-json\/wp\/v2\/product_brand?post=2280"},{"taxonomy":"product_cat","embeddable":true,"href":"https:\/\/eg-reeds.com\/pt-pt\/wp-json\/wp\/v2\/product_cat?post=2280"},{"taxonomy":"product_tag","embeddable":true,"href":"https:\/\/eg-reeds.com\/pt-pt\/wp-json\/wp\/v2\/product_tag?post=2280"},{"taxonomy":"giftcard-category","embeddable":true,"href":"https:\/\/eg-reeds.com\/pt-pt\/wp-json\/wp\/v2\/giftcard-category?post=2280"}],"curies":[{"name":"wp","href":"https:\/\/api.w.org\/{rel}","templated":true}]}}