{"id":25575,"date":"2017-02-27T17:48:20","date_gmt":"2017-02-27T16:48:20","guid":{"rendered":"http:\/\/eg-reeds.com\/pt-pt\/shop\/canas-e-palhetas-para-estudantes\/canas-oboe-estudante-goivadas-eg-reeds\/"},"modified":"2020-07-06T20:05:33","modified_gmt":"2020-07-06T18:05:33","slug":"canas-oboe-estudante-goivadas-eg-reeds","status":"publish","type":"product","link":"https:\/\/eg-reeds.com\/pt-pt\/shop\/palhetas-e-cana-para-estudantes\/canas-oboe-estudante-goivadas-eg-reeds\/","title":{"rendered":"Canas obo\u00e9 estudante goivadas EG-REEDS"},"content":{"rendered":"<h4><strong>Canas obo\u00e9 estudante goivadas\u00a0EG-REEDS (10 unidades).<\/strong><\/h4>\n<p>Canas para obo\u00e9 goivadas\u00a0ideal para estudantes* com um pre\u00e7o realmente barato, apenas 0,80 \u20ac por cana. Cana realmente a baixo custo para praticar como fazer palhetas\u00a0sem gastar muito dinheiro.<\/p>\n<p>* Este produto pode conter diferentes goivas, di\u00e2metros, muitas manchas\u00a0ou peda\u00e7os enrugados de cana. N\u00e3o \u00e9 adequado para uso profissional.<\/p>\n<p>&nbsp;<\/p>\n<p>&nbsp;<\/p>\n","protected":false},"excerpt":{"rendered":"<p>10 unidades.<\/p>\n<p>Veja a descri\u00e7\u00e3o abaixo.<\/p>\n","protected":false},"featured_media":27836,"comment_status":"closed","ping_status":"closed","template":"","meta":[],"product_brand":[],"product_cat":[428],"product_tag":[],"giftcard-category":[],"class_list":{"0":"post-25575","1":"product","2":"type-product","3":"status-publish","4":"has-post-thumbnail","6":"product_cat-palhetas-e-cana-para-estudantes","8":"first","9":"instock","10":"taxable","11":"shipping-taxable","12":"purchasable","13":"product-type-simple"},"yoast_head":"<!-- This site is optimized with the Yoast SEO Premium plugin v27.0 (Yoast SEO v27.4) - https:\/\/yoast.com\/product\/yoast-seo-premium-wordpress\/ -->\n<title>Canas obo\u00e9 estudante goivadas EG-REEDS<\/title>\n<meta name=\"description\" content=\"canas obo\u00e9, canas goivadas, canas estudante, canas obo\u00e9 estudante, canas goivadas obo\u00e9, Canas obo\u00e9 estudante goivadas EG-REEDS canas, obo\u00e9\" \/>\n<meta name=\"robots\" content=\"index, follow, max-snippet:-1, max-image-preview:large, max-video-preview:-1\" \/>\n<link rel=\"canonical\" href=\"https:\/\/eg-reeds.com\/pt-pt\/shop\/palhetas-e-cana-para-estudantes\/canas-oboe-estudante-goivadas-eg-reeds\/\" \/>\n<meta property=\"og:locale\" content=\"pt_PT\" \/>\n<meta property=\"og:type\" content=\"article\" \/>\n<meta property=\"og:title\" content=\"Canas obo\u00e9 estudante goivadas EG-REEDS\" \/>\n<meta property=\"og:description\" content=\"canas obo\u00e9, canas goivadas, canas estudante, canas obo\u00e9 estudante, canas goivadas obo\u00e9, Canas obo\u00e9 estudante goivadas EG-REEDS canas, obo\u00e9\" \/>\n<meta property=\"og:url\" content=\"https:\/\/eg-reeds.com\/pt-pt\/shop\/palhetas-e-cana-para-estudantes\/canas-oboe-estudante-goivadas-eg-reeds\/\" \/>\n<meta property=\"og:site_name\" content=\"EG-REEDS\" \/>\n<meta property=\"article:publisher\" content=\"https:\/\/www.facebook.com\/EGREEDS\" \/>\n<meta property=\"article:modified_time\" content=\"2020-07-06T18:05:33+00:00\" \/>\n<meta property=\"og:image\" content=\"https:\/\/eg-reeds.com\/wp-content\/uploads\/2017\/02\/Gouged-oboe-cane-students.jpg\" \/>\n\t<meta property=\"og:image:width\" content=\"640\" \/>\n\t<meta property=\"og:image:height\" content=\"544\" \/>\n\t<meta property=\"og:image:type\" content=\"image\/jpeg\" \/>\n<meta name=\"twitter:card\" content=\"summary_large_image\" \/>\n<meta name=\"twitter:site\" content=\"@egreeds\" \/>\n<meta name=\"twitter:label1\" content=\"pre\u00e7o\" \/>\n\t<meta name=\"twitter:data1\" content=\"9,90&euro;\" \/>\n\t<meta name=\"twitter:label2\" content=\"Disponibilidade\" \/>\n\t<meta name=\"twitter:data2\" content=\"Em stock\" \/>\n<script type=\"application\/ld+json\" class=\"yoast-schema-graph\">{\"@context\":\"https:\\\/\\\/schema.org\",\"@graph\":[{\"@type\":[\"WebPage\",\"ItemPage\"],\"@id\":\"https:\\\/\\\/eg-reeds.com\\\/pt-pt\\\/shop\\\/palhetas-e-cana-para-estudantes\\\/canas-oboe-estudante-goivadas-eg-reeds\\\/\",\"url\":\"https:\\\/\\\/eg-reeds.com\\\/pt-pt\\\/shop\\\/palhetas-e-cana-para-estudantes\\\/canas-oboe-estudante-goivadas-eg-reeds\\\/\",\"name\":\"Canas obo\u00e9 estudante goivadas EG-REEDS\",\"isPartOf\":{\"@id\":\"https:\\\/\\\/eg-reeds.com\\\/pt-pt\\\/#website\"},\"primaryImageOfPage\":{\"@id\":\"https:\\\/\\\/eg-reeds.com\\\/pt-pt\\\/shop\\\/palhetas-e-cana-para-estudantes\\\/canas-oboe-estudante-goivadas-eg-reeds\\\/#primaryimage\"},\"image\":{\"@id\":\"https:\\\/\\\/eg-reeds.com\\\/pt-pt\\\/shop\\\/palhetas-e-cana-para-estudantes\\\/canas-oboe-estudante-goivadas-eg-reeds\\\/#primaryimage\"},\"thumbnailUrl\":\"https:\\\/\\\/eg-reeds.com\\\/wp-content\\\/uploads\\\/2017\\\/02\\\/Gouged-oboe-cane-students.jpg\",\"datePublished\":\"2017-02-27T16:48:20+00:00\",\"dateModified\":\"2020-07-06T18:05:33+00:00\",\"description\":\"canas obo\u00e9, canas goivadas, canas estudante, canas obo\u00e9 estudante, canas goivadas obo\u00e9, Canas obo\u00e9 estudante goivadas EG-REEDS canas, obo\u00e9\",\"breadcrumb\":{\"@id\":\"https:\\\/\\\/eg-reeds.com\\\/pt-pt\\\/shop\\\/palhetas-e-cana-para-estudantes\\\/canas-oboe-estudante-goivadas-eg-reeds\\\/#breadcrumb\"},\"inLanguage\":\"pt-PT\",\"potentialAction\":[{\"@type\":\"ReadAction\",\"target\":[\"https:\\\/\\\/eg-reeds.com\\\/pt-pt\\\/shop\\\/palhetas-e-cana-para-estudantes\\\/canas-oboe-estudante-goivadas-eg-reeds\\\/\"]}]},{\"@type\":\"ImageObject\",\"inLanguage\":\"pt-PT\",\"@id\":\"https:\\\/\\\/eg-reeds.com\\\/pt-pt\\\/shop\\\/palhetas-e-cana-para-estudantes\\\/canas-oboe-estudante-goivadas-eg-reeds\\\/#primaryimage\",\"url\":\"https:\\\/\\\/eg-reeds.com\\\/wp-content\\\/uploads\\\/2017\\\/02\\\/Gouged-oboe-cane-students.jpg\",\"contentUrl\":\"https:\\\/\\\/eg-reeds.com\\\/wp-content\\\/uploads\\\/2017\\\/02\\\/Gouged-oboe-cane-students.jpg\",\"width\":640,\"height\":544,\"caption\":\"Canas obo\u00e9 estudante goivadas EG-REEDS\"},{\"@type\":\"BreadcrumbList\",\"@id\":\"https:\\\/\\\/eg-reeds.com\\\/pt-pt\\\/shop\\\/palhetas-e-cana-para-estudantes\\\/canas-oboe-estudante-goivadas-eg-reeds\\\/#breadcrumb\",\"itemListElement\":[{\"@type\":\"ListItem\",\"position\":1,\"name\":\"Startseite\",\"item\":\"https:\\\/\\\/eg-reeds.com\\\/pt-pt\\\/\"},{\"@type\":\"ListItem\",\"position\":2,\"name\":\"Loja\",\"item\":\"https:\\\/\\\/eg-reeds.com\\\/pt-pt\\\/\"},{\"@type\":\"ListItem\",\"position\":3,\"name\":\"Canas obo\u00e9 estudante goivadas EG-REEDS\"}]},{\"@type\":\"WebSite\",\"@id\":\"https:\\\/\\\/eg-reeds.com\\\/pt-pt\\\/#website\",\"url\":\"https:\\\/\\\/eg-reeds.com\\\/pt-pt\\\/\",\"name\":\"www.eg-reeds.com\",\"description\":\"Palhetas obo\u00e9\",\"publisher\":{\"@id\":\"https:\\\/\\\/eg-reeds.com\\\/pt-pt\\\/#organization\"},\"alternateName\":\"eg-reeds.com\",\"potentialAction\":[{\"@type\":\"SearchAction\",\"target\":{\"@type\":\"EntryPoint\",\"urlTemplate\":\"https:\\\/\\\/eg-reeds.com\\\/pt-pt\\\/?s={search_term_string}\"},\"query-input\":{\"@type\":\"PropertyValueSpecification\",\"valueRequired\":true,\"valueName\":\"search_term_string\"}}],\"inLanguage\":\"pt-PT\"},{\"@type\":\"Organization\",\"@id\":\"https:\\\/\\\/eg-reeds.com\\\/pt-pt\\\/#organization\",\"name\":\"www.eg-reeds.com\",\"url\":\"https:\\\/\\\/eg-reeds.com\\\/pt-pt\\\/\",\"logo\":{\"@type\":\"ImageObject\",\"inLanguage\":\"pt-PT\",\"@id\":\"https:\\\/\\\/eg-reeds.com\\\/pt-pt\\\/#\\\/schema\\\/logo\\\/image\\\/\",\"url\":\"https:\\\/\\\/eg-reeds.com\\\/wp-content\\\/uploads\\\/2024\\\/06\\\/Logo-scaled-e1718793906611.jpg\",\"contentUrl\":\"https:\\\/\\\/eg-reeds.com\\\/wp-content\\\/uploads\\\/2024\\\/06\\\/Logo-scaled-e1718793906611.jpg\",\"width\":1200,\"height\":493,\"caption\":\"www.eg-reeds.com\"},\"image\":{\"@id\":\"https:\\\/\\\/eg-reeds.com\\\/pt-pt\\\/#\\\/schema\\\/logo\\\/image\\\/\"},\"sameAs\":[\"https:\\\/\\\/www.facebook.com\\\/EGREEDS\",\"https:\\\/\\\/x.com\\\/egreeds\",\"https:\\\/\\\/www.instagram.com\\\/egreeds\\\/\",\"https:\\\/\\\/www.youtube.com\\\/c\\\/EGREEDS\",\"https:\\\/\\\/www.threads.net\\\/@egreeds\",\"https:\\\/\\\/www.tiktok.com\\\/@egreeds\"]}]}<\/script>\n<meta property=\"product:price:amount\" content=\"9.90\" \/>\n<meta property=\"product:price:currency\" content=\"EUR\" \/>\n<meta property=\"og:availability\" content=\"instock\" \/>\n<meta property=\"product:availability\" content=\"instock\" \/>\n<meta property=\"product:retailer_item_id\" content=\"CEPG\" \/>\n<meta property=\"product:condition\" content=\"new\" \/>\n<!-- \/ Yoast SEO Premium plugin. -->","yoast_head_json":{"title":"Canas obo\u00e9 estudante goivadas EG-REEDS","description":"canas obo\u00e9, canas goivadas, canas estudante, canas obo\u00e9 estudante, canas goivadas obo\u00e9, Canas obo\u00e9 estudante goivadas EG-REEDS canas, obo\u00e9","robots":{"index":"index","follow":"follow","max-snippet":"max-snippet:-1","max-image-preview":"max-image-preview:large","max-video-preview":"max-video-preview:-1"},"canonical":"https:\/\/eg-reeds.com\/pt-pt\/shop\/palhetas-e-cana-para-estudantes\/canas-oboe-estudante-goivadas-eg-reeds\/","og_locale":"pt_PT","og_type":"article","og_title":"Canas obo\u00e9 estudante goivadas EG-REEDS","og_description":"canas obo\u00e9, canas goivadas, canas estudante, canas obo\u00e9 estudante, canas goivadas obo\u00e9, Canas obo\u00e9 estudante goivadas EG-REEDS canas, obo\u00e9","og_url":"https:\/\/eg-reeds.com\/pt-pt\/shop\/palhetas-e-cana-para-estudantes\/canas-oboe-estudante-goivadas-eg-reeds\/","og_site_name":"EG-REEDS","article_publisher":"https:\/\/www.facebook.com\/EGREEDS","article_modified_time":"2020-07-06T18:05:33+00:00","og_image":[{"width":640,"height":544,"url":"https:\/\/eg-reeds.com\/wp-content\/uploads\/2017\/02\/Gouged-oboe-cane-students.jpg","type":"image\/jpeg"}],"twitter_card":"summary_large_image","twitter_site":"@egreeds","twitter_misc":{"pre\u00e7o":"9,90&euro;","Disponibilidade":"Em stock"},"schema":{"@context":"https:\/\/schema.org","@graph":[{"@type":["WebPage","ItemPage"],"@id":"https:\/\/eg-reeds.com\/pt-pt\/shop\/palhetas-e-cana-para-estudantes\/canas-oboe-estudante-goivadas-eg-reeds\/","url":"https:\/\/eg-reeds.com\/pt-pt\/shop\/palhetas-e-cana-para-estudantes\/canas-oboe-estudante-goivadas-eg-reeds\/","name":"Canas obo\u00e9 estudante goivadas EG-REEDS","isPartOf":{"@id":"https:\/\/eg-reeds.com\/pt-pt\/#website"},"primaryImageOfPage":{"@id":"https:\/\/eg-reeds.com\/pt-pt\/shop\/palhetas-e-cana-para-estudantes\/canas-oboe-estudante-goivadas-eg-reeds\/#primaryimage"},"image":{"@id":"https:\/\/eg-reeds.com\/pt-pt\/shop\/palhetas-e-cana-para-estudantes\/canas-oboe-estudante-goivadas-eg-reeds\/#primaryimage"},"thumbnailUrl":"https:\/\/eg-reeds.com\/wp-content\/uploads\/2017\/02\/Gouged-oboe-cane-students.jpg","datePublished":"2017-02-27T16:48:20+00:00","dateModified":"2020-07-06T18:05:33+00:00","description":"canas obo\u00e9, canas goivadas, canas estudante, canas obo\u00e9 estudante, canas goivadas obo\u00e9, Canas obo\u00e9 estudante goivadas EG-REEDS canas, obo\u00e9","breadcrumb":{"@id":"https:\/\/eg-reeds.com\/pt-pt\/shop\/palhetas-e-cana-para-estudantes\/canas-oboe-estudante-goivadas-eg-reeds\/#breadcrumb"},"inLanguage":"pt-PT","potentialAction":[{"@type":"ReadAction","target":["https:\/\/eg-reeds.com\/pt-pt\/shop\/palhetas-e-cana-para-estudantes\/canas-oboe-estudante-goivadas-eg-reeds\/"]}]},{"@type":"ImageObject","inLanguage":"pt-PT","@id":"https:\/\/eg-reeds.com\/pt-pt\/shop\/palhetas-e-cana-para-estudantes\/canas-oboe-estudante-goivadas-eg-reeds\/#primaryimage","url":"https:\/\/eg-reeds.com\/wp-content\/uploads\/2017\/02\/Gouged-oboe-cane-students.jpg","contentUrl":"https:\/\/eg-reeds.com\/wp-content\/uploads\/2017\/02\/Gouged-oboe-cane-students.jpg","width":640,"height":544,"caption":"Canas obo\u00e9 estudante goivadas EG-REEDS"},{"@type":"BreadcrumbList","@id":"https:\/\/eg-reeds.com\/pt-pt\/shop\/palhetas-e-cana-para-estudantes\/canas-oboe-estudante-goivadas-eg-reeds\/#breadcrumb","itemListElement":[{"@type":"ListItem","position":1,"name":"Startseite","item":"https:\/\/eg-reeds.com\/pt-pt\/"},{"@type":"ListItem","position":2,"name":"Loja","item":"https:\/\/eg-reeds.com\/pt-pt\/"},{"@type":"ListItem","position":3,"name":"Canas obo\u00e9 estudante goivadas EG-REEDS"}]},{"@type":"WebSite","@id":"https:\/\/eg-reeds.com\/pt-pt\/#website","url":"https:\/\/eg-reeds.com\/pt-pt\/","name":"www.eg-reeds.com","description":"Palhetas obo\u00e9","publisher":{"@id":"https:\/\/eg-reeds.com\/pt-pt\/#organization"},"alternateName":"eg-reeds.com","potentialAction":[{"@type":"SearchAction","target":{"@type":"EntryPoint","urlTemplate":"https:\/\/eg-reeds.com\/pt-pt\/?s={search_term_string}"},"query-input":{"@type":"PropertyValueSpecification","valueRequired":true,"valueName":"search_term_string"}}],"inLanguage":"pt-PT"},{"@type":"Organization","@id":"https:\/\/eg-reeds.com\/pt-pt\/#organization","name":"www.eg-reeds.com","url":"https:\/\/eg-reeds.com\/pt-pt\/","logo":{"@type":"ImageObject","inLanguage":"pt-PT","@id":"https:\/\/eg-reeds.com\/pt-pt\/#\/schema\/logo\/image\/","url":"https:\/\/eg-reeds.com\/wp-content\/uploads\/2024\/06\/Logo-scaled-e1718793906611.jpg","contentUrl":"https:\/\/eg-reeds.com\/wp-content\/uploads\/2024\/06\/Logo-scaled-e1718793906611.jpg","width":1200,"height":493,"caption":"www.eg-reeds.com"},"image":{"@id":"https:\/\/eg-reeds.com\/pt-pt\/#\/schema\/logo\/image\/"},"sameAs":["https:\/\/www.facebook.com\/EGREEDS","https:\/\/x.com\/egreeds","https:\/\/www.instagram.com\/egreeds\/","https:\/\/www.youtube.com\/c\/EGREEDS","https:\/\/www.threads.net\/@egreeds","https:\/\/www.tiktok.com\/@egreeds"]}]},"product_price_amount":"9.90","product_price_currency":"EUR","og_availability":"instock","product_availability":"instock","product_retailer_item_id":"CEPG","product_condition":"new"},"_links":{"self":[{"href":"https:\/\/eg-reeds.com\/pt-pt\/wp-json\/wp\/v2\/product\/25575","targetHints":{"allow":["GET"]}}],"collection":[{"href":"https:\/\/eg-reeds.com\/pt-pt\/wp-json\/wp\/v2\/product"}],"about":[{"href":"https:\/\/eg-reeds.com\/pt-pt\/wp-json\/wp\/v2\/types\/product"}],"replies":[{"embeddable":true,"href":"https:\/\/eg-reeds.com\/pt-pt\/wp-json\/wp\/v2\/comments?post=25575"}],"wp:featuredmedia":[{"embeddable":true,"href":"https:\/\/eg-reeds.com\/pt-pt\/wp-json\/wp\/v2\/media\/27836"}],"wp:attachment":[{"href":"https:\/\/eg-reeds.com\/pt-pt\/wp-json\/wp\/v2\/media?parent=25575"}],"wp:term":[{"taxonomy":"product_brand","embeddable":true,"href":"https:\/\/eg-reeds.com\/pt-pt\/wp-json\/wp\/v2\/product_brand?post=25575"},{"taxonomy":"product_cat","embeddable":true,"href":"https:\/\/eg-reeds.com\/pt-pt\/wp-json\/wp\/v2\/product_cat?post=25575"},{"taxonomy":"product_tag","embeddable":true,"href":"https:\/\/eg-reeds.com\/pt-pt\/wp-json\/wp\/v2\/product_tag?post=25575"},{"taxonomy":"giftcard-category","embeddable":true,"href":"https:\/\/eg-reeds.com\/pt-pt\/wp-json\/wp\/v2\/giftcard-category?post=25575"}],"curies":[{"name":"wp","href":"https:\/\/api.w.org\/{rel}","templated":true}]}}