{"id":26107,"date":"2017-04-27T10:19:15","date_gmt":"2017-04-27T10:19:15","guid":{"rendered":"http:\/\/eg-reeds.com\/pt-pt\/shop\/maquina-de-fazer-palhetas\/reeds-n-stuff-pt-pt\/maquina-de-raspar-reeds-n-stuff\/"},"modified":"2025-02-26T08:51:30","modified_gmt":"2025-02-26T07:51:30","slug":"maquina-de-raspar-reeds-n-stuff","status":"publish","type":"product","link":"https:\/\/eg-reeds.com\/pt-pt\/shop\/maquinas-de-fazer-palhetas\/reeds-n-stuff-pt-pt\/maquina-de-raspar-reeds-n-stuff\/","title":{"rendered":"M\u00e1quina de raspar Reeds &#8216;n stuff"},"content":{"rendered":"<h1><strong>M\u00e1quina de raspar Reeds &#8216;n stuff.<\/strong><\/h1>\n<h4>M\u00e1quina de raspar Reeds &#8216;n stuff. Maquina para raspar as palhetas de obo\u00e9 Reeds&#8217;n Stuff. Varias forma de raspagem possiveis.<\/h4>\n<p><a href=\"http:\/\/eg-reeds.com\/template-list-reeds-n-stuff\/\" target=\"_blank\" rel=\"noopener noreferrer\">Lista de moldes \/ modelos<\/a><\/p>\n<p>Tamb\u00e9m dispon\u00edvel para corne ingl\u00eas, obo\u00e9 d&#8217;amore, obo\u00e9 vienense, obo\u00e9 barroco e obo\u00e9 baixo. Por favor, entre em contato conosco.<\/p>\n<h3><strong>M\u00e1quina de raspagem Reeds &#8216;n Stuff.<\/strong><\/h3>\n<p>M\u00e1quina de raspagem Reeds &#8216;n Stuff para palhetas de obo\u00e9. Tr\u00eas elementos garantem um som e uma resson\u00e2ncia incompar\u00e1veis: avasta variedade de moldes e os ajustes de comprimento do raspado. Eles proporcionam flexibilidade e, mais do que isso, palhetas perfeitas.<\/p>\n<h3><strong>Precis\u00e3o e Ajuste.<\/strong><\/h3>\n<p>A l\u00e2mina \u00e9 extra endurecida e moldada em uma forma arredondada com uma pedra de amolar diamantada. Isso permite a reprodu\u00e7\u00e3o at\u00e9 dos perfis de palheta mais detalhados. Ao trocar a l\u00e2mina, o indicador de ajuste facilita incrivelmente a defini\u00e7\u00e3o da posi\u00e7\u00e3o perfeita da l\u00e2mina.<\/p>\n<h3><strong><img loading=\"lazy\" decoding=\"async\" class=\"wp-image-29645 size-medium aligncenter\" src=\"https:\/\/eg-reeds.com\/wp-content\/uploads\/2017\/04\/detail_f10-13200-0010_01.jpg\" alt=\"Bolsa de transporte m\u00e1quina de raspar obo\u00e9\" width=\"300\" height=\"240\" srcset=\"https:\/\/eg-reeds.com\/wp-content\/uploads\/2017\/04\/detail_f10-13200-0010_01.jpg 1500w, https:\/\/eg-reeds.com\/wp-content\/uploads\/2017\/04\/detail_f10-13200-0010_01-600x480.jpg 600w\" sizes=\"auto, (max-width: 300px) 100vw, 300px\" \/>Bolsa de transporte inclu\u00edda.<\/strong><\/h3>\n<p>O estojo de transporte Reeds &#8216;n Stuff possui um design simples e f\u00e1cil de usar. O interior de espuma garante um transporte seguro e um encaixe perfeito. As ferramentas para usar a m\u00e1quina podem ser armazenadas no compartimento com z\u00edper na parte superior do estojo. A al\u00e7a proporciona portabilidade onde quer que voc\u00ea precise.<\/p>\n<h3><strong>Uso simples.<\/strong><\/h3>\n<p>Projetada para resultados precisos e facilidade de uso.<\/p>\n<p><iframe loading=\"lazy\" title=\"Reeds\u00b4n stuff profiling machine demo by Udo Heng\" width=\"1020\" height=\"574\" src=\"https:\/\/www.youtube.com\/embed\/26PPs7VpWDI?feature=oembed\" frameborder=\"0\" allow=\"accelerometer; autoplay; clipboard-write; encrypted-media; gyroscope; picture-in-picture; web-share\" referrerpolicy=\"strict-origin-when-cross-origin\" allowfullscreen><\/iframe><\/p>\n","protected":false},"excerpt":{"rendered":"<p><a href=\"http:\/\/eg-reeds.com\/template-list-reeds-n-stuff\/\" target=\"_blank\" rel=\"noopener noreferrer\">Lista de moldes \/ modelos<\/a><\/p>\n","protected":false},"featured_media":26348,"comment_status":"open","ping_status":"closed","template":"","meta":[],"product_brand":[],"product_cat":[2925],"product_tag":[],"giftcard-category":[],"class_list":{"0":"post-26107","1":"product","2":"type-product","3":"status-publish","4":"has-post-thumbnail","6":"product_cat-reeds-n-stuff-pt-pt","7":"product_shipping_class-rmm-pt-pt","9":"first","10":"instock","11":"sold-individually","12":"taxable","13":"shipping-taxable","14":"purchasable","15":"product-type-variable"},"yoast_head":"<!-- This site is optimized with the Yoast SEO Premium plugin v27.0 (Yoast SEO v27.4) - https:\/\/yoast.com\/product\/yoast-seo-premium-wordpress\/ -->\n<title>M\u00e1quina de raspar Reeds &#039;n stuff - EG-REEDS<\/title>\n<meta name=\"description\" content=\"M\u00e1quina de raspar Reeds &#039;n stuff. M\u00e1quina de raspagem. Maquina para raspar as palhetas de obo\u00e9 Reeds&#039;n Stuff. Varias forma de raspagem possiveis.\" \/>\n<meta name=\"robots\" content=\"index, follow, max-snippet:-1, max-image-preview:large, max-video-preview:-1\" \/>\n<link rel=\"canonical\" href=\"https:\/\/eg-reeds.com\/pt-pt\/shop\/maquinas-de-fazer-palhetas\/reeds-n-stuff-pt-pt\/maquina-de-raspar-reeds-n-stuff\/\" \/>\n<meta property=\"og:locale\" content=\"pt_PT\" \/>\n<meta property=\"og:type\" content=\"article\" \/>\n<meta property=\"og:title\" content=\"M\u00e1quina de raspar Reeds &#039;n stuff\" \/>\n<meta property=\"og:description\" content=\"M\u00e1quina de raspar Reeds &#039;n stuff. M\u00e1quina de raspagem. Maquina para raspar as palhetas de obo\u00e9 Reeds&#039;n Stuff. Varias forma de raspagem possiveis.\" \/>\n<meta property=\"og:url\" content=\"https:\/\/eg-reeds.com\/pt-pt\/shop\/maquinas-de-fazer-palhetas\/reeds-n-stuff-pt-pt\/maquina-de-raspar-reeds-n-stuff\/\" \/>\n<meta property=\"og:site_name\" content=\"EG-REEDS\" \/>\n<meta property=\"article:publisher\" content=\"https:\/\/www.facebook.com\/EGREEDS\" \/>\n<meta property=\"article:modified_time\" content=\"2025-02-26T07:51:30+00:00\" \/>\n<meta property=\"og:image\" content=\"https:\/\/eg-reeds.com\/wp-content\/uploads\/2017\/04\/Reeds-n-Stuff-profiling-machine-1.jpg\" \/>\n\t<meta property=\"og:image:width\" content=\"640\" \/>\n\t<meta property=\"og:image:height\" content=\"544\" \/>\n\t<meta property=\"og:image:type\" content=\"image\/jpeg\" \/>\n<meta name=\"twitter:card\" content=\"summary_large_image\" \/>\n<meta name=\"twitter:site\" content=\"@egreeds\" \/>\n<meta name=\"twitter:label1\" content=\"Disponibilidade\" \/>\n\t<meta name=\"twitter:data1\" content=\"Em stock\" \/>\n<script type=\"application\/ld+json\" class=\"yoast-schema-graph\">{\"@context\":\"https:\\\/\\\/schema.org\",\"@graph\":[{\"@type\":[\"WebPage\",\"ItemPage\"],\"@id\":\"https:\\\/\\\/eg-reeds.com\\\/pt-pt\\\/shop\\\/maquinas-de-fazer-palhetas\\\/reeds-n-stuff-pt-pt\\\/maquina-de-raspar-reeds-n-stuff\\\/\",\"url\":\"https:\\\/\\\/eg-reeds.com\\\/pt-pt\\\/shop\\\/maquinas-de-fazer-palhetas\\\/reeds-n-stuff-pt-pt\\\/maquina-de-raspar-reeds-n-stuff\\\/\",\"name\":\"M\u00e1quina de raspar Reeds 'n stuff - EG-REEDS\",\"isPartOf\":{\"@id\":\"https:\\\/\\\/eg-reeds.com\\\/pt-pt\\\/#website\"},\"primaryImageOfPage\":{\"@id\":\"https:\\\/\\\/eg-reeds.com\\\/pt-pt\\\/shop\\\/maquinas-de-fazer-palhetas\\\/reeds-n-stuff-pt-pt\\\/maquina-de-raspar-reeds-n-stuff\\\/#primaryimage\"},\"image\":{\"@id\":\"https:\\\/\\\/eg-reeds.com\\\/pt-pt\\\/shop\\\/maquinas-de-fazer-palhetas\\\/reeds-n-stuff-pt-pt\\\/maquina-de-raspar-reeds-n-stuff\\\/#primaryimage\"},\"thumbnailUrl\":\"https:\\\/\\\/eg-reeds.com\\\/wp-content\\\/uploads\\\/2017\\\/04\\\/Reeds-n-Stuff-profiling-machine-1.jpg\",\"datePublished\":\"2017-04-27T10:19:15+00:00\",\"dateModified\":\"2025-02-26T07:51:30+00:00\",\"description\":\"M\u00e1quina de raspar Reeds 'n stuff. M\u00e1quina de raspagem. Maquina para raspar as palhetas de obo\u00e9 Reeds'n Stuff. Varias forma de raspagem possiveis.\",\"breadcrumb\":{\"@id\":\"https:\\\/\\\/eg-reeds.com\\\/pt-pt\\\/shop\\\/maquinas-de-fazer-palhetas\\\/reeds-n-stuff-pt-pt\\\/maquina-de-raspar-reeds-n-stuff\\\/#breadcrumb\"},\"inLanguage\":\"pt-PT\",\"potentialAction\":[{\"@type\":\"ReadAction\",\"target\":[\"https:\\\/\\\/eg-reeds.com\\\/pt-pt\\\/shop\\\/maquinas-de-fazer-palhetas\\\/reeds-n-stuff-pt-pt\\\/maquina-de-raspar-reeds-n-stuff\\\/\"]}]},{\"@type\":\"ImageObject\",\"inLanguage\":\"pt-PT\",\"@id\":\"https:\\\/\\\/eg-reeds.com\\\/pt-pt\\\/shop\\\/maquinas-de-fazer-palhetas\\\/reeds-n-stuff-pt-pt\\\/maquina-de-raspar-reeds-n-stuff\\\/#primaryimage\",\"url\":\"https:\\\/\\\/eg-reeds.com\\\/wp-content\\\/uploads\\\/2017\\\/04\\\/Reeds-n-Stuff-profiling-machine-1.jpg\",\"contentUrl\":\"https:\\\/\\\/eg-reeds.com\\\/wp-content\\\/uploads\\\/2017\\\/04\\\/Reeds-n-Stuff-profiling-machine-1.jpg\",\"width\":640,\"height\":544,\"caption\":\"M\u00e1quina de raspar Reeds 'n stuff\"},{\"@type\":\"BreadcrumbList\",\"@id\":\"https:\\\/\\\/eg-reeds.com\\\/pt-pt\\\/shop\\\/maquinas-de-fazer-palhetas\\\/reeds-n-stuff-pt-pt\\\/maquina-de-raspar-reeds-n-stuff\\\/#breadcrumb\",\"itemListElement\":[{\"@type\":\"ListItem\",\"position\":1,\"name\":\"Startseite\",\"item\":\"https:\\\/\\\/eg-reeds.com\\\/pt-pt\\\/\"},{\"@type\":\"ListItem\",\"position\":2,\"name\":\"Loja\",\"item\":\"https:\\\/\\\/eg-reeds.com\\\/pt-pt\\\/\"},{\"@type\":\"ListItem\",\"position\":3,\"name\":\"M\u00e1quina de raspar Reeds &#8216;n stuff\"}]},{\"@type\":\"WebSite\",\"@id\":\"https:\\\/\\\/eg-reeds.com\\\/pt-pt\\\/#website\",\"url\":\"https:\\\/\\\/eg-reeds.com\\\/pt-pt\\\/\",\"name\":\"www.eg-reeds.com\",\"description\":\"Palhetas obo\u00e9\",\"publisher\":{\"@id\":\"https:\\\/\\\/eg-reeds.com\\\/pt-pt\\\/#organization\"},\"alternateName\":\"eg-reeds.com\",\"potentialAction\":[{\"@type\":\"SearchAction\",\"target\":{\"@type\":\"EntryPoint\",\"urlTemplate\":\"https:\\\/\\\/eg-reeds.com\\\/pt-pt\\\/?s={search_term_string}\"},\"query-input\":{\"@type\":\"PropertyValueSpecification\",\"valueRequired\":true,\"valueName\":\"search_term_string\"}}],\"inLanguage\":\"pt-PT\"},{\"@type\":\"Organization\",\"@id\":\"https:\\\/\\\/eg-reeds.com\\\/pt-pt\\\/#organization\",\"name\":\"www.eg-reeds.com\",\"url\":\"https:\\\/\\\/eg-reeds.com\\\/pt-pt\\\/\",\"logo\":{\"@type\":\"ImageObject\",\"inLanguage\":\"pt-PT\",\"@id\":\"https:\\\/\\\/eg-reeds.com\\\/pt-pt\\\/#\\\/schema\\\/logo\\\/image\\\/\",\"url\":\"https:\\\/\\\/eg-reeds.com\\\/wp-content\\\/uploads\\\/2024\\\/06\\\/Logo-scaled-e1718793906611.jpg\",\"contentUrl\":\"https:\\\/\\\/eg-reeds.com\\\/wp-content\\\/uploads\\\/2024\\\/06\\\/Logo-scaled-e1718793906611.jpg\",\"width\":1200,\"height\":493,\"caption\":\"www.eg-reeds.com\"},\"image\":{\"@id\":\"https:\\\/\\\/eg-reeds.com\\\/pt-pt\\\/#\\\/schema\\\/logo\\\/image\\\/\"},\"sameAs\":[\"https:\\\/\\\/www.facebook.com\\\/EGREEDS\",\"https:\\\/\\\/x.com\\\/egreeds\",\"https:\\\/\\\/www.instagram.com\\\/egreeds\\\/\",\"https:\\\/\\\/www.youtube.com\\\/c\\\/EGREEDS\",\"https:\\\/\\\/www.threads.net\\\/@egreeds\",\"https:\\\/\\\/www.tiktok.com\\\/@egreeds\"]}]}<\/script>\n<meta property=\"og:availability\" content=\"instock\" \/>\n<meta property=\"product:availability\" content=\"instock\" \/>\n<meta property=\"product:retailer_item_id\" content=\"MRSR - F10-13200\" \/>\n<meta property=\"product:condition\" content=\"new\" \/>\n<!-- \/ Yoast SEO Premium plugin. -->","yoast_head_json":{"title":"M\u00e1quina de raspar Reeds 'n stuff - EG-REEDS","description":"M\u00e1quina de raspar Reeds 'n stuff. M\u00e1quina de raspagem. Maquina para raspar as palhetas de obo\u00e9 Reeds'n Stuff. Varias forma de raspagem possiveis.","robots":{"index":"index","follow":"follow","max-snippet":"max-snippet:-1","max-image-preview":"max-image-preview:large","max-video-preview":"max-video-preview:-1"},"canonical":"https:\/\/eg-reeds.com\/pt-pt\/shop\/maquinas-de-fazer-palhetas\/reeds-n-stuff-pt-pt\/maquina-de-raspar-reeds-n-stuff\/","og_locale":"pt_PT","og_type":"article","og_title":"M\u00e1quina de raspar Reeds 'n stuff","og_description":"M\u00e1quina de raspar Reeds 'n stuff. M\u00e1quina de raspagem. Maquina para raspar as palhetas de obo\u00e9 Reeds'n Stuff. Varias forma de raspagem possiveis.","og_url":"https:\/\/eg-reeds.com\/pt-pt\/shop\/maquinas-de-fazer-palhetas\/reeds-n-stuff-pt-pt\/maquina-de-raspar-reeds-n-stuff\/","og_site_name":"EG-REEDS","article_publisher":"https:\/\/www.facebook.com\/EGREEDS","article_modified_time":"2025-02-26T07:51:30+00:00","og_image":[{"width":640,"height":544,"url":"https:\/\/eg-reeds.com\/wp-content\/uploads\/2017\/04\/Reeds-n-Stuff-profiling-machine-1.jpg","type":"image\/jpeg"}],"twitter_card":"summary_large_image","twitter_site":"@egreeds","twitter_misc":{"Disponibilidade":"Em stock"},"schema":{"@context":"https:\/\/schema.org","@graph":[{"@type":["WebPage","ItemPage"],"@id":"https:\/\/eg-reeds.com\/pt-pt\/shop\/maquinas-de-fazer-palhetas\/reeds-n-stuff-pt-pt\/maquina-de-raspar-reeds-n-stuff\/","url":"https:\/\/eg-reeds.com\/pt-pt\/shop\/maquinas-de-fazer-palhetas\/reeds-n-stuff-pt-pt\/maquina-de-raspar-reeds-n-stuff\/","name":"M\u00e1quina de raspar Reeds 'n stuff - EG-REEDS","isPartOf":{"@id":"https:\/\/eg-reeds.com\/pt-pt\/#website"},"primaryImageOfPage":{"@id":"https:\/\/eg-reeds.com\/pt-pt\/shop\/maquinas-de-fazer-palhetas\/reeds-n-stuff-pt-pt\/maquina-de-raspar-reeds-n-stuff\/#primaryimage"},"image":{"@id":"https:\/\/eg-reeds.com\/pt-pt\/shop\/maquinas-de-fazer-palhetas\/reeds-n-stuff-pt-pt\/maquina-de-raspar-reeds-n-stuff\/#primaryimage"},"thumbnailUrl":"https:\/\/eg-reeds.com\/wp-content\/uploads\/2017\/04\/Reeds-n-Stuff-profiling-machine-1.jpg","datePublished":"2017-04-27T10:19:15+00:00","dateModified":"2025-02-26T07:51:30+00:00","description":"M\u00e1quina de raspar Reeds 'n stuff. M\u00e1quina de raspagem. Maquina para raspar as palhetas de obo\u00e9 Reeds'n Stuff. Varias forma de raspagem possiveis.","breadcrumb":{"@id":"https:\/\/eg-reeds.com\/pt-pt\/shop\/maquinas-de-fazer-palhetas\/reeds-n-stuff-pt-pt\/maquina-de-raspar-reeds-n-stuff\/#breadcrumb"},"inLanguage":"pt-PT","potentialAction":[{"@type":"ReadAction","target":["https:\/\/eg-reeds.com\/pt-pt\/shop\/maquinas-de-fazer-palhetas\/reeds-n-stuff-pt-pt\/maquina-de-raspar-reeds-n-stuff\/"]}]},{"@type":"ImageObject","inLanguage":"pt-PT","@id":"https:\/\/eg-reeds.com\/pt-pt\/shop\/maquinas-de-fazer-palhetas\/reeds-n-stuff-pt-pt\/maquina-de-raspar-reeds-n-stuff\/#primaryimage","url":"https:\/\/eg-reeds.com\/wp-content\/uploads\/2017\/04\/Reeds-n-Stuff-profiling-machine-1.jpg","contentUrl":"https:\/\/eg-reeds.com\/wp-content\/uploads\/2017\/04\/Reeds-n-Stuff-profiling-machine-1.jpg","width":640,"height":544,"caption":"M\u00e1quina de raspar Reeds 'n stuff"},{"@type":"BreadcrumbList","@id":"https:\/\/eg-reeds.com\/pt-pt\/shop\/maquinas-de-fazer-palhetas\/reeds-n-stuff-pt-pt\/maquina-de-raspar-reeds-n-stuff\/#breadcrumb","itemListElement":[{"@type":"ListItem","position":1,"name":"Startseite","item":"https:\/\/eg-reeds.com\/pt-pt\/"},{"@type":"ListItem","position":2,"name":"Loja","item":"https:\/\/eg-reeds.com\/pt-pt\/"},{"@type":"ListItem","position":3,"name":"M\u00e1quina de raspar Reeds &#8216;n stuff"}]},{"@type":"WebSite","@id":"https:\/\/eg-reeds.com\/pt-pt\/#website","url":"https:\/\/eg-reeds.com\/pt-pt\/","name":"www.eg-reeds.com","description":"Palhetas obo\u00e9","publisher":{"@id":"https:\/\/eg-reeds.com\/pt-pt\/#organization"},"alternateName":"eg-reeds.com","potentialAction":[{"@type":"SearchAction","target":{"@type":"EntryPoint","urlTemplate":"https:\/\/eg-reeds.com\/pt-pt\/?s={search_term_string}"},"query-input":{"@type":"PropertyValueSpecification","valueRequired":true,"valueName":"search_term_string"}}],"inLanguage":"pt-PT"},{"@type":"Organization","@id":"https:\/\/eg-reeds.com\/pt-pt\/#organization","name":"www.eg-reeds.com","url":"https:\/\/eg-reeds.com\/pt-pt\/","logo":{"@type":"ImageObject","inLanguage":"pt-PT","@id":"https:\/\/eg-reeds.com\/pt-pt\/#\/schema\/logo\/image\/","url":"https:\/\/eg-reeds.com\/wp-content\/uploads\/2024\/06\/Logo-scaled-e1718793906611.jpg","contentUrl":"https:\/\/eg-reeds.com\/wp-content\/uploads\/2024\/06\/Logo-scaled-e1718793906611.jpg","width":1200,"height":493,"caption":"www.eg-reeds.com"},"image":{"@id":"https:\/\/eg-reeds.com\/pt-pt\/#\/schema\/logo\/image\/"},"sameAs":["https:\/\/www.facebook.com\/EGREEDS","https:\/\/x.com\/egreeds","https:\/\/www.instagram.com\/egreeds\/","https:\/\/www.youtube.com\/c\/EGREEDS","https:\/\/www.threads.net\/@egreeds","https:\/\/www.tiktok.com\/@egreeds"]}]},"og_availability":"instock","product_availability":"instock","product_retailer_item_id":"MRSR - F10-13200","product_condition":"new"},"_links":{"self":[{"href":"https:\/\/eg-reeds.com\/pt-pt\/wp-json\/wp\/v2\/product\/26107","targetHints":{"allow":["GET"]}}],"collection":[{"href":"https:\/\/eg-reeds.com\/pt-pt\/wp-json\/wp\/v2\/product"}],"about":[{"href":"https:\/\/eg-reeds.com\/pt-pt\/wp-json\/wp\/v2\/types\/product"}],"replies":[{"embeddable":true,"href":"https:\/\/eg-reeds.com\/pt-pt\/wp-json\/wp\/v2\/comments?post=26107"}],"wp:featuredmedia":[{"embeddable":true,"href":"https:\/\/eg-reeds.com\/pt-pt\/wp-json\/wp\/v2\/media\/26348"}],"wp:attachment":[{"href":"https:\/\/eg-reeds.com\/pt-pt\/wp-json\/wp\/v2\/media?parent=26107"}],"wp:term":[{"taxonomy":"product_brand","embeddable":true,"href":"https:\/\/eg-reeds.com\/pt-pt\/wp-json\/wp\/v2\/product_brand?post=26107"},{"taxonomy":"product_cat","embeddable":true,"href":"https:\/\/eg-reeds.com\/pt-pt\/wp-json\/wp\/v2\/product_cat?post=26107"},{"taxonomy":"product_tag","embeddable":true,"href":"https:\/\/eg-reeds.com\/pt-pt\/wp-json\/wp\/v2\/product_tag?post=26107"},{"taxonomy":"giftcard-category","embeddable":true,"href":"https:\/\/eg-reeds.com\/pt-pt\/wp-json\/wp\/v2\/giftcard-category?post=26107"}],"curies":[{"name":"wp","href":"https:\/\/api.w.org\/{rel}","templated":true}]}}